{"id":12200,"date":"2015-02-26T14:57:21","date_gmt":"2015-02-26T14:57:21","guid":{"rendered":"http:\/\/www.ing.una.py\/?page_id=12200"},"modified":"2024-08-16T12:51:08","modified_gmt":"2024-08-16T16:51:08","slug":"laboratorios","status":"publish","type":"page","link":"https:\/\/www.ing.una.py\/FIUNA3\/?page_id=12200","title":{"rendered":"Laboratorios"},"content":{"rendered":"\t\t<div data-elementor-type=\"wp-page\" data-elementor-id=\"12200\" class=\"elementor elementor-12200\" data-elementor-post-type=\"page\">\n\t\t\t\t\t\t<section class=\"elementor-section elementor-top-section elementor-element elementor-element-a0d45c5 elementor-section-boxed elementor-section-height-default elementor-section-height-default\" data-id=\"a0d45c5\" data-element_type=\"section\" data-e-type=\"section\">\n\t\t\t\t\t\t<div class=\"elementor-container elementor-column-gap-default\">\n\t\t\t\t\t<div class=\"elementor-column elementor-col-66 elementor-top-column elementor-element elementor-element-c1350dc\" data-id=\"c1350dc\" data-element_type=\"column\" data-e-type=\"column\">\n\t\t\t<div class=\"elementor-widget-wrap elementor-element-populated\">\n\t\t\t\t\t\t<div class=\"elementor-element elementor-element-c078cfe elementor-widget thim-ekits-heading elementor-widget-thim-heading\" data-id=\"c078cfe\" data-element_type=\"widget\" data-e-type=\"widget\" data-widget_type=\"thim-heading.default\">\n\t\t\t\t<div class=\"elementor-widget-container\">\n\t\t\t\t\t<div class=\"sc_heading\"><h3 class=\"title\">Laboratorios del CETUNA <\/h3><span class=\"line\"><\/span><\/div>\t\t\t\t<\/div>\n\t\t\t\t<\/div>\n\t\t\t\t<div class=\"elementor-element elementor-element-4570cbe4 elementor-widget elementor-widget-text-editor\" data-id=\"4570cbe4\" data-element_type=\"widget\" data-e-type=\"widget\" data-widget_type=\"text-editor.default\">\n\t\t\t\t\t\t\t\t\t<h4>Soldadura Convencional<\/h4><ul><li>Soldadura al arco Manual<\/li><li>Soldadura oxiacetil\u00e9nica<\/li><li>Corte oxiacetil\u00e9nica<\/li><\/ul><h4>Soldaduras Especiales<\/h4><ul><li>Soldadura MIG \/MAG<\/li><li>Soldadura TIG<\/li><li>Corte por Plasma<\/li><li>Soldadura por Ultrasonido\u00a0(Laboratorio de pl\u00e1stico)<\/li><\/ul><h4>Metalmec\u00e1nica<\/h4><ul><li>Procesos de mecanizado en el torno<\/li><li>Proceso de fresado<\/li><li>Proceso de rectificado plano Tangencial<\/li><li>Proceso de limado<\/li><li>Proceso de taladrado<\/li><\/ul><h4>CNC<\/h4><ul><li>Proceso de fabricaci\u00f3n de piezas en el centro de mecanizado<\/li><li>Proceso de fabricaci\u00f3n de piezas en el torno num\u00e9rico.<\/li><\/ul>\t\t\t\t\t\t\t\t<\/div>\n\t\t\t\t\t<\/div>\n\t\t<\/div>\n\t\t\t\t<div class=\"elementor-column elementor-col-33 elementor-top-column elementor-element elementor-element-855bff4\" data-id=\"855bff4\" data-element_type=\"column\" data-e-type=\"column\">\n\t\t\t<div class=\"elementor-widget-wrap elementor-element-populated\">\n\t\t\t\t\t\t<div class=\"elementor-element elementor-element-d8b98da elementor-widget elementor-widget-heading\" data-id=\"d8b98da\" data-element_type=\"widget\" data-e-type=\"widget\" data-widget_type=\"heading.default\">\n\t\t\t\t\t<h3 class=\"elementor-heading-title elementor-size-default\">CETUNA<\/h3>\t\t\t\t<\/div>\n\t\t\t\t<div class=\"elementor-element elementor-element-ca7257e elementor-nav-menu__align-start elementor-nav-menu--dropdown-mobile elementor-nav-menu__text-align-aside elementor-nav-menu--toggle elementor-nav-menu--burger elementor-widget elementor-widget-nav-menu\" data-id=\"ca7257e\" data-element_type=\"widget\" data-e-type=\"widget\" data-settings=\"{&quot;layout&quot;:&quot;vertical&quot;,&quot;_animation&quot;:&quot;none&quot;,&quot;submenu_icon&quot;:{&quot;value&quot;:&quot;&lt;svg class=\\&quot;fa-svg-chevron-down e-font-icon-svg e-fas-chevron-down\\&quot; viewBox=\\&quot;0 0 448 512\\&quot; xmlns=\\&quot;http:\\\/\\\/www.w3.org\\\/2000\\\/svg\\&quot;&gt;&lt;path d=\\&quot;M207.029 381.476L12.686 187.132c-9.373-9.373-9.373-24.569 0-33.941l22.667-22.667c9.357-9.357 24.522-9.375 33.901-.04L224 284.505l154.745-154.021c9.379-9.335 24.544-9.317 33.901.04l22.667 22.667c9.373 9.373 9.373 24.569 0 33.941L240.971 381.476c-9.373 9.372-24.569 9.372-33.942 0z\\&quot;&gt;&lt;\\\/path&gt;&lt;\\\/svg&gt;&quot;,&quot;library&quot;:&quot;fa-solid&quot;},&quot;toggle&quot;:&quot;burger&quot;}\" data-widget_type=\"nav-menu.default\">\n\t\t\t\t\t\t\t\t<nav aria-label=\"Men\u00fa\" class=\"elementor-nav-menu--main elementor-nav-menu__container elementor-nav-menu--layout-vertical e--pointer-background e--animation-fade\">\n\t\t\t\t<ul id=\"menu-1-ca7257e\" class=\"elementor-nav-menu sm-vertical\"><li class=\"menu-item menu-item-type-post_type menu-item-object-page menu-item-38228 tc-menu-item tc-menu-depth-0 tc-menu-align-left tc-menu-layout-default\"><a href=\"https:\/\/www.ing.una.py\/FIUNA3\/?page_id=1813\" class=\"elementor-item\" class=\"tc-menu-inner\">Misi\u00f3n, Visi\u00f3n y Objetivos<\/a><\/li>\n<li class=\"menu-item menu-item-type-post_type menu-item-object-page menu-item-38274 tc-menu-item tc-menu-depth-0 tc-menu-align-left tc-menu-layout-default\"><a href=\"https:\/\/www.ing.una.py\/FIUNA3\/?page_id=5966\" class=\"elementor-item\" class=\"tc-menu-inner\">Curso Preparatorio de Admisi\u00f3n (CPA)<\/a><\/li>\n<li class=\"menu-item menu-item-type-post_type menu-item-object-page menu-item-38329 tc-menu-item tc-menu-depth-0 tc-menu-align-left tc-menu-layout-default\"><a href=\"https:\/\/www.ing.una.py\/FIUNA3\/?page_id=11865\" class=\"elementor-item\" class=\"tc-menu-inner\">Reglamentos CETUNA<\/a><\/li>\n<li class=\"menu-item menu-item-type-post_type menu-item-object-page menu-item-38276 tc-menu-item tc-menu-depth-0 tc-menu-align-left tc-menu-layout-default\"><a href=\"https:\/\/www.ing.una.py\/FIUNA3\/?page_id=5984\" class=\"elementor-item\" class=\"tc-menu-inner\">Especialidad Mec\u00e1nica<\/a><\/li>\n<li class=\"menu-item menu-item-type-post_type menu-item-object-page menu-item-38327 tc-menu-item tc-menu-depth-0 tc-menu-align-left tc-menu-layout-default\"><a href=\"https:\/\/www.ing.una.py\/FIUNA3\/?page_id=11277\" class=\"elementor-item\" class=\"tc-menu-inner\">Ejes tem\u00e1ticos de las materias (MEC)<\/a><\/li>\n<li class=\"menu-item menu-item-type-post_type menu-item-object-page menu-item-38275 tc-menu-item tc-menu-depth-0 tc-menu-align-left tc-menu-layout-default\"><a title=\"Ejes tem\u00e1ticos de la materia\" href=\"https:\/\/www.ing.una.py\/FIUNA3\/?page_id=5978\" class=\"elementor-item\" class=\"tc-menu-inner\">Carga Horaria (Mec)<\/a><\/li>\n<li class=\"menu-item menu-item-type-custom menu-item-object-custom menu-item-82908 tc-menu-item tc-menu-depth-0 tc-menu-align-left tc-menu-layout-default\"><a target=\"_blank\" href=\"https:\/\/www.ing.una.py\/Resoluciones2025\/ConsejoDirectivo\/1603\/1603_2025_016_Calendario_Acad_CETUNA_1C_2026.pdf\" class=\"elementor-item\" class=\"tc-menu-inner\">Calendario Acad. 1C 2026<\/a><\/li>\n<li class=\"menu-item menu-item-type-custom menu-item-object-custom menu-item-84545 tc-menu-item tc-menu-depth-0 tc-menu-align-left tc-menu-layout-default\"><a target=\"_blank\" href=\"https:\/\/www.ing.una.py\/Resoluciones2026\/ConsejoDirectivo\/1612\/1612_2026_009_Horario_Exams_Parciales_CETUNA_C1_2026.pdf\" class=\"elementor-item\" class=\"tc-menu-inner\">Horario de ex\u00e1menes parc. 1C 2026<\/a><\/li>\n<li class=\"menu-item menu-item-type-post_type menu-item-object-page menu-item-38344 tc-menu-item tc-menu-depth-0 tc-menu-align-left tc-menu-layout-default\"><a href=\"https:\/\/www.ing.una.py\/FIUNA3\/?page_id=12200\" class=\"elementor-item\" class=\"tc-menu-inner\">Laboratorios<\/a><\/li>\n<li class=\"menu-item menu-item-type-taxonomy menu-item-object-category menu-item-67258 tc-menu-item tc-menu-depth-0 tc-menu-align-left tc-menu-layout-default\"><a href=\"https:\/\/www.ing.una.py\/FIUNA3\/?cat=839\" class=\"elementor-item\" class=\"tc-menu-inner\">Proyectos integradores presentados<\/a><\/li>\n<li class=\"menu-item menu-item-type-taxonomy menu-item-object-category menu-item-38425 tc-menu-item tc-menu-depth-0 tc-menu-align-left tc-menu-layout-default\"><a href=\"https:\/\/www.ing.una.py\/FIUNA3\/?cat=319\" class=\"elementor-item\" class=\"tc-menu-inner\">Noticias relacionadas<\/a><\/li>\n<\/ul>\t\t\t<\/nav>\n\t\t\t\t\t<div class=\"elementor-menu-toggle\" role=\"button\" tabindex=\"0\" aria-label=\"Alternar men\u00fa\" aria-expanded=\"false\">\n\t\t\t<svg aria-hidden=\"true\" role=\"presentation\" class=\"elementor-menu-toggle__icon--open e-font-icon-svg e-eicon-menu-bar\" viewBox=\"0 0 1000 1000\" xmlns=\"http:\/\/www.w3.org\/2000\/svg\"><path d=\"M104 333H896C929 333 958 304 958 271S929 208 896 208H104C71 208 42 237 42 271S71 333 104 333ZM104 583H896C929 583 958 554 958 521S929 458 896 458H104C71 458 42 487 42 521S71 583 104 583ZM104 833H896C929 833 958 804 958 771S929 708 896 708H104C71 708 42 737 42 771S71 833 104 833Z\"><\/path><\/svg><svg aria-hidden=\"true\" role=\"presentation\" class=\"elementor-menu-toggle__icon--close e-font-icon-svg e-eicon-close\" viewBox=\"0 0 1000 1000\" xmlns=\"http:\/\/www.w3.org\/2000\/svg\"><path d=\"M742 167L500 408 258 167C246 154 233 150 217 150 196 150 179 158 167 167 154 179 150 196 150 212 150 229 154 242 171 254L408 500 167 742C138 771 138 800 167 829 196 858 225 858 254 829L496 587 738 829C750 842 767 846 783 846 800 846 817 842 829 829 842 817 846 804 846 783 846 767 842 750 829 737L588 500 833 258C863 229 863 200 833 171 804 137 775 137 742 167Z\"><\/path><\/svg>\t\t<\/div>\n\t\t\t\t\t<nav class=\"elementor-nav-menu--dropdown elementor-nav-menu__container\" aria-hidden=\"true\">\n\t\t\t\t<ul id=\"menu-2-ca7257e\" class=\"elementor-nav-menu sm-vertical\"><li class=\"menu-item menu-item-type-post_type menu-item-object-page menu-item-38228 tc-menu-item tc-menu-depth-0 tc-menu-align-left tc-menu-layout-default\"><a href=\"https:\/\/www.ing.una.py\/FIUNA3\/?page_id=1813\" class=\"elementor-item\" tabindex=\"-1\" class=\"tc-menu-inner\">Misi\u00f3n, Visi\u00f3n y Objetivos<\/a><\/li>\n<li class=\"menu-item menu-item-type-post_type menu-item-object-page menu-item-38274 tc-menu-item tc-menu-depth-0 tc-menu-align-left tc-menu-layout-default\"><a href=\"https:\/\/www.ing.una.py\/FIUNA3\/?page_id=5966\" class=\"elementor-item\" tabindex=\"-1\" class=\"tc-menu-inner\">Curso Preparatorio de Admisi\u00f3n (CPA)<\/a><\/li>\n<li class=\"menu-item menu-item-type-post_type menu-item-object-page menu-item-38329 tc-menu-item tc-menu-depth-0 tc-menu-align-left tc-menu-layout-default\"><a href=\"https:\/\/www.ing.una.py\/FIUNA3\/?page_id=11865\" class=\"elementor-item\" tabindex=\"-1\" class=\"tc-menu-inner\">Reglamentos CETUNA<\/a><\/li>\n<li class=\"menu-item menu-item-type-post_type menu-item-object-page menu-item-38276 tc-menu-item tc-menu-depth-0 tc-menu-align-left tc-menu-layout-default\"><a href=\"https:\/\/www.ing.una.py\/FIUNA3\/?page_id=5984\" class=\"elementor-item\" tabindex=\"-1\" class=\"tc-menu-inner\">Especialidad Mec\u00e1nica<\/a><\/li>\n<li class=\"menu-item menu-item-type-post_type menu-item-object-page menu-item-38327 tc-menu-item tc-menu-depth-0 tc-menu-align-left tc-menu-layout-default\"><a href=\"https:\/\/www.ing.una.py\/FIUNA3\/?page_id=11277\" class=\"elementor-item\" tabindex=\"-1\" class=\"tc-menu-inner\">Ejes tem\u00e1ticos de las materias (MEC)<\/a><\/li>\n<li class=\"menu-item menu-item-type-post_type menu-item-object-page menu-item-38275 tc-menu-item tc-menu-depth-0 tc-menu-align-left tc-menu-layout-default\"><a title=\"Ejes tem\u00e1ticos de la materia\" href=\"https:\/\/www.ing.una.py\/FIUNA3\/?page_id=5978\" class=\"elementor-item\" tabindex=\"-1\" class=\"tc-menu-inner\">Carga Horaria (Mec)<\/a><\/li>\n<li class=\"menu-item menu-item-type-custom menu-item-object-custom menu-item-82908 tc-menu-item tc-menu-depth-0 tc-menu-align-left tc-menu-layout-default\"><a target=\"_blank\" href=\"https:\/\/www.ing.una.py\/Resoluciones2025\/ConsejoDirectivo\/1603\/1603_2025_016_Calendario_Acad_CETUNA_1C_2026.pdf\" class=\"elementor-item\" tabindex=\"-1\" class=\"tc-menu-inner\">Calendario Acad. 1C 2026<\/a><\/li>\n<li class=\"menu-item menu-item-type-custom menu-item-object-custom menu-item-84545 tc-menu-item tc-menu-depth-0 tc-menu-align-left tc-menu-layout-default\"><a target=\"_blank\" href=\"https:\/\/www.ing.una.py\/Resoluciones2026\/ConsejoDirectivo\/1612\/1612_2026_009_Horario_Exams_Parciales_CETUNA_C1_2026.pdf\" class=\"elementor-item\" tabindex=\"-1\" class=\"tc-menu-inner\">Horario de ex\u00e1menes parc. 1C 2026<\/a><\/li>\n<li class=\"menu-item menu-item-type-post_type menu-item-object-page menu-item-38344 tc-menu-item tc-menu-depth-0 tc-menu-align-left tc-menu-layout-default\"><a href=\"https:\/\/www.ing.una.py\/FIUNA3\/?page_id=12200\" class=\"elementor-item\" tabindex=\"-1\" class=\"tc-menu-inner\">Laboratorios<\/a><\/li>\n<li class=\"menu-item menu-item-type-taxonomy menu-item-object-category menu-item-67258 tc-menu-item tc-menu-depth-0 tc-menu-align-left tc-menu-layout-default\"><a href=\"https:\/\/www.ing.una.py\/FIUNA3\/?cat=839\" class=\"elementor-item\" tabindex=\"-1\" class=\"tc-menu-inner\">Proyectos integradores presentados<\/a><\/li>\n<li class=\"menu-item menu-item-type-taxonomy menu-item-object-category menu-item-38425 tc-menu-item tc-menu-depth-0 tc-menu-align-left tc-menu-layout-default\"><a href=\"https:\/\/www.ing.una.py\/FIUNA3\/?cat=319\" class=\"elementor-item\" tabindex=\"-1\" class=\"tc-menu-inner\">Noticias relacionadas<\/a><\/li>\n<\/ul>\t\t\t<\/nav>\n\t\t\t\t\t\t<\/div>\n\t\t\t\t\t<\/div>\n\t\t<\/div>\n\t\t\t\t\t<\/div>\n\t\t<\/section>\n\t\t<div class=\"elementor-element elementor-element-ebb3bd6 e-flex e-con-boxed e-con e-parent\" data-id=\"ebb3bd6\" data-element_type=\"container\" data-e-type=\"container\">\n\t\t\t\t\t<div class=\"e-con-inner\">\n\t\t\t\t<div class=\"elementor-element elementor-element-6a7381c elementor-widget-divider--view-line elementor-widget elementor-widget-divider\" data-id=\"6a7381c\" data-element_type=\"widget\" data-e-type=\"widget\" data-widget_type=\"divider.default\">\n\t\t\t\t\t\t\t<div class=\"elementor-divider\">\n\t\t\t<span class=\"elementor-divider-separator\">\n\t\t\t\t\t\t<\/span>\n\t\t<\/div>\n\t\t\t\t\t\t<\/div>\n\t\t\t\t\t<\/div>\n\t\t\t\t<\/div>\n\t\t\t\t<section class=\"elementor-section elementor-top-section elementor-element elementor-element-348d11b elementor-section-boxed elementor-section-height-default elementor-section-height-default\" data-id=\"348d11b\" data-element_type=\"section\" data-e-type=\"section\">\n\t\t\t\t\t\t<div class=\"elementor-container elementor-column-gap-default\">\n\t\t\t\t\t<div class=\"elementor-column elementor-col-100 elementor-top-column elementor-element elementor-element-bec8251\" data-id=\"bec8251\" data-element_type=\"column\" data-e-type=\"column\">\n\t\t\t<div class=\"elementor-widget-wrap elementor-element-populated\">\n\t\t\t\t\t\t<div class=\"elementor-element elementor-element-1056bb3 elementor-tabs-view-horizontal elementor-widget elementor-widget-tabs\" data-id=\"1056bb3\" data-element_type=\"widget\" data-e-type=\"widget\" data-widget_type=\"tabs.default\">\n\t\t\t\t\t\t\t<div class=\"elementor-tabs\">\n\t\t\t<div class=\"elementor-tabs-wrapper\" role=\"tablist\" >\n\t\t\t\t\t\t\t\t\t<div id=\"elementor-tab-title-1711\" class=\"elementor-tab-title elementor-tab-desktop-title\" aria-selected=\"true\" data-tab=\"1\" role=\"tab\" tabindex=\"0\" aria-controls=\"elementor-tab-content-1711\" aria-expanded=\"false\">Laboratoristas<\/div>\n\t\t\t\t\t\t\t<\/div>\n\t\t\t<div class=\"elementor-tabs-content-wrapper\" role=\"tablist\" aria-orientation=\"vertical\">\n\t\t\t\t\t\t\t\t\t<div class=\"elementor-tab-title elementor-tab-mobile-title\" aria-selected=\"true\" data-tab=\"1\" role=\"tab\" tabindex=\"0\" aria-controls=\"elementor-tab-content-1711\" aria-expanded=\"false\">Laboratoristas<\/div>\n\t\t\t\t\t<div id=\"elementor-tab-content-1711\" class=\"elementor-tab-content elementor-clearfix\" data-tab=\"1\" role=\"tabpanel\" aria-labelledby=\"elementor-tab-title-1711\" tabindex=\"0\" hidden=\"false\"><ul><li><strong>Ing. H\u00e9ctor Cardozo<\/strong><\/li><li><strong>Ing. Mart\u00edn Rogalski<\/strong><\/li><li><strong>Ing. Marcos Ortega<\/strong><\/li><li><strong>Tec. Jonathan Muzzachi<\/strong><\/li><li><strong>Tec. Oscar L\u00f3pez<\/strong><\/li><li><strong>Tec. Luis Rodas<\/strong><\/li><li><strong>Tec. Julio L\u00f3pez<\/strong><\/li><li><strong>Tec. Marcos Salinas<\/strong><\/li><li><strong>Tec. Sergio Romero<\/strong><\/li><li><strong>Tec. Hern\u00e1n Lugo<\/strong><\/li><\/ul><\/div>\n\t\t\t\t\t\t\t<\/div>\n\t\t<\/div>\n\t\t\t\t\t\t<\/div>\n\t\t\t\t\t<\/div>\n\t\t<\/div>\n\t\t\t\t\t<\/div>\n\t\t<\/section>\n\t\t\t\t<\/div>\n\t\t","protected":false},"excerpt":{"rendered":"<p>Laboratorios del CETUNA Soldadura Convencional Soldadura al arco Manual Soldadura oxiacetil\u00e9nica Corte oxiacetil\u00e9nica Soldaduras Especiales Soldadura MIG \/MAG Soldadura TIG Corte por Plasma Soldadura por Ultrasonido\u00a0(Laboratorio de pl\u00e1stico) Metalmec\u00e1nica Procesos de mecanizado en el torno Proceso de fresado Proceso de rectificado plano Tangencial Proceso de limado Proceso de taladrado CNC Proceso de fabricaci\u00f3n de piezas en el centro de mecanizado Proceso de fabricaci\u00f3n de piezas en el torno num\u00e9rico. CETUNA Laboratoristas Laboratoristas Ing. H\u00e9ctor Cardozo Ing. Mart\u00edn Rogalski Ing. Marcos Ortega Tec. Jonathan Muzzachi Tec. Oscar L\u00f3pez Tec. Luis Rodas Tec. Julio L\u00f3pez Tec. Marcos Salinas Tec. Sergio Romero Tec. &hellip; <\/p>\n","protected":false},"author":1,"featured_media":0,"parent":1813,"menu_order":0,"comment_status":"closed","ping_status":"open","template":"","meta":{"_bbp_topic_count":0,"_bbp_reply_count":0,"_bbp_total_topic_count":0,"_bbp_total_reply_count":0,"_bbp_voice_count":0,"_bbp_anonymous_reply_count":0,"_bbp_topic_count_hidden":0,"_bbp_reply_count_hidden":0,"_bbp_forum_subforum_count":0,"advanced_seo_description":"","jetpack_seo_html_title":"","jetpack_seo_noindex":false,"jetpack_post_was_ever_published":false,"footnotes":""},"class_list":["post-12200","page","type-page","status-publish","hentry"],"jetpack_shortlink":"https:\/\/wp.me\/Pc8Odv-3aM","jetpack_likes_enabled":true,"jetpack_sharing_enabled":true,"jetpack-related-posts":[],"_links":{"self":[{"href":"https:\/\/www.ing.una.py\/FIUNA3\/index.php?rest_route=\/wp\/v2\/pages\/12200","targetHints":{"allow":["GET"]}}],"collection":[{"href":"https:\/\/www.ing.una.py\/FIUNA3\/index.php?rest_route=\/wp\/v2\/pages"}],"about":[{"href":"https:\/\/www.ing.una.py\/FIUNA3\/index.php?rest_route=\/wp\/v2\/types\/page"}],"author":[{"embeddable":true,"href":"https:\/\/www.ing.una.py\/FIUNA3\/index.php?rest_route=\/wp\/v2\/users\/1"}],"replies":[{"embeddable":true,"href":"https:\/\/www.ing.una.py\/FIUNA3\/index.php?rest_route=%2Fwp%2Fv2%2Fcomments&post=12200"}],"version-history":[{"count":11,"href":"https:\/\/www.ing.una.py\/FIUNA3\/index.php?rest_route=\/wp\/v2\/pages\/12200\/revisions"}],"predecessor-version":[{"id":67227,"href":"https:\/\/www.ing.una.py\/FIUNA3\/index.php?rest_route=\/wp\/v2\/pages\/12200\/revisions\/67227"}],"up":[{"embeddable":true,"href":"https:\/\/www.ing.una.py\/FIUNA3\/index.php?rest_route=\/wp\/v2\/pages\/1813"}],"wp:attachment":[{"href":"https:\/\/www.ing.una.py\/FIUNA3\/index.php?rest_route=%2Fwp%2Fv2%2Fmedia&parent=12200"}],"curies":[{"name":"wp","href":"https:\/\/api.w.org\/{rel}","templated":true}]}}