{"id":16796,"date":"2016-01-19T12:58:16","date_gmt":"2016-01-19T12:58:16","guid":{"rendered":"http:\/\/www.ing.una.py\/?page_id=16796"},"modified":"2026-01-21T12:52:18","modified_gmt":"2026-01-21T15:52:18","slug":"acreditaciones-de-las-carreras-de-la-fiuna","status":"publish","type":"page","link":"https:\/\/www.ing.una.py\/FIUNA3\/?page_id=16796","title":{"rendered":"Acreditaciones de las Carreras de la FIUNA"},"content":{"rendered":"\t\t<div data-elementor-type=\"wp-page\" data-elementor-id=\"16796\" class=\"elementor elementor-16796\" data-elementor-post-type=\"page\">\n\t\t\t\t\t\t<section class=\"elementor-section elementor-top-section elementor-element elementor-element-3e792b3 elementor-section-boxed elementor-section-height-default elementor-section-height-default\" data-id=\"3e792b3\" data-element_type=\"section\" data-e-type=\"section\">\n\t\t\t\t\t\t<div class=\"elementor-container elementor-column-gap-default\">\n\t\t\t\t\t<div class=\"elementor-column elementor-col-66 elementor-top-column elementor-element elementor-element-c9152ec\" data-id=\"c9152ec\" data-element_type=\"column\" data-e-type=\"column\">\n\t\t\t<div class=\"elementor-widget-wrap elementor-element-populated\">\n\t\t\t\t\t\t<div class=\"elementor-element elementor-element-3170b5d8 elementor-widget elementor-widget-text-editor\" data-id=\"3170b5d8\" data-element_type=\"widget\" data-e-type=\"widget\" data-widget_type=\"text-editor.default\">\n\t\t\t\t\t\t\t\t\t<h3>Antecedentes<\/h3><p>Las carreras de la\u00a0<strong>UNA<\/strong>\u00a0han participado de los procesos de Evaluaci\u00f3n con fines de acreditaci\u00f3n a nivel nacional y regional desde el a\u00f1o 2004.\u00a0En este sentido, la\u00a0<strong>Facultad de Ingenier\u00eda de la Universidad Nacional de Asunci\u00f3n (FIUNA),\u00a0<\/strong>ha participado voluntariamente del proceso de acreditaci\u00f3n del Mercosur, en el marco del Mecanismo Experimental de Acreditaci\u00f3n (MEXA) desde el a\u00f1o 2005 con tres carreras: Ingenier\u00eda Civil, Electromec\u00e1nica y Electr\u00f3nica, que, tras finalizar el mismo, fueron acreditadas en el a\u00f1o 2006.<\/p><p>En el a\u00f1o 2010, ante el desaf\u00edo del proceso para la<strong>\u00a0Acreditaci\u00f3n Regional de Carreras Universitarias del Sur, ARCU-SUR<\/strong>, la FIUNA presenta a las carreras que en ese momento reun\u00edan el requisito de contar con por lo menos cinco promociones de egresados: \u00abCivil, Electromec\u00e1nica, Electr\u00f3nica e Industrial\u00bb, las que fueron acreditadas \u00edntegramente.<\/p><p>El proceso de acreditaci\u00f3n se formaliza en el Paraguay, con la\u00a0<strong>Agencia Nacional de Evaluaci\u00f3n y Acreditaci\u00f3n de la Educaci\u00f3n Superior (ANEAES)<\/strong>, que acredita hacia finales del a\u00f1o 2011, a las cuatro carreras cuyas cohortes completaba 5 promociones de egresados, concretando as\u00ed un importante logro para la Universidad Nacional de Asunci\u00f3n. Con ello, la FIUNA recib\u00eda los certificados de acreditaci\u00f3n en el\u00a0<strong>Modelo ARCU-SUR y en el Modelo Nacional\u00a0<\/strong>para sus cuatro carreras.<\/p><p>En el primer semestre del a\u00f1o 2016, la FIUNA recibi\u00f3 nuevamente a los pares evaluadores que realizaron visitas a las sedes para validar el trabajo realizado por los Comit\u00e9s de Evaluaci\u00f3n y\u00a0tras haber concretado los primeros egresados, las Carreras de<strong>\u00a0Ingenier\u00eda Mec\u00e1nica y Geogr\u00e1fica-Ambiental,<\/strong>\u00a0se sumaron a las carreras<strong>\u00a0Acreditadas en el Certificado de\u00a0Acreditaci\u00f3n\u00a0\u2013 Modelo Nacional (ANEAES).<\/strong><\/p><p>En el a\u00f1o 2017 la carrera de\u00a0<strong>Ingenier\u00eda Mecatr\u00f3nica acredit\u00f3 en el Modelo Nacional.\u00a0<\/strong>En lo que refiere a la\u00a0<strong>Reacreditaci\u00f3n de las Carreras<\/strong>\u00a0de Ingenier\u00eda Civil, Industrial, Electr\u00f3nica y Electromec\u00e1nica, dando consecuci\u00f3n al proceso de mejora continua, se realiz\u00f3 en el mes de noviembre de 2017 la visita de los Pares Evaluadores, confirm\u00e1ndose en el mes de febrero del 2018 la\u00a0<strong>Reacreditaci\u00f3n de Ingenier\u00eda Electr\u00f3nica en el Modelo Nacional ANEAES<\/strong>.<\/p><p>En el a\u00f1o 2018, durante el primer semestre, la FIUNA recibi\u00f3 la visita de Evaluaci\u00f3n con fines de Acreditaci\u00f3n en el marco del\u00a0<b>Sistema Regional de Acreditaci\u00f3n de carreras Universitarias del MERCOSUR \u2013 ARCU-SUR<\/b>, para las carreras de\u00a0<strong>Ingenier\u00eda Mec\u00e1nica e Ingenier\u00eda Mecatr\u00f3nica<\/strong>\u00a0y en el segundo semestre a las carreras de Ingenier\u00eda\u00a0<strong>Civil, Ingenier\u00eda\u00a0 Electr\u00f3nica e Ingenier\u00eda Electromec\u00e1nica<\/strong>. Todas las carreras citadas acreditaron en dicho Sistema.<\/p><p>En el mes de mayo del 2019, la FIUNA recibi\u00f3 la Visita de los Pares Evaluadores en el Marco del proceso de Evaluaci\u00f3n Externa de Verificaci\u00f3n de la Implementaci\u00f3n del Plan de Mejoras de la<strong>\u00a0Carrera de Ingenier\u00eda Industrial,\u00a0<\/strong>la cual \u00a0fue acreditada en el\u00a0<strong>Modelo Nacional de la Agencia Nacional de Evaluaci\u00f3n y Acreditaci\u00f3n de la Educaci\u00f3n Superior (ANEAES).\u00a0<\/strong>Con esta certificaci\u00f3n acad\u00e9mica, la FIUNA cuenta ahora con el 100% de sus carreras acreditadas en el Modelo Nacional.<\/p><p>En el mismo a\u00f1o la carrera de\u00a0<strong>Ingenier\u00eda Mecatr\u00f3nica<\/strong>\u00a0recibi\u00f3 la visita de Monitoreo por parte de la ANEAES, con el objetivo de analizar el grado de avance del Plan de Mejoras de la mencionada carrera.\u00a0Cerrando el 2019, las carreras de\u00a0<strong>Ingenieria Industrial e Ingenieria Geogr\u00e1fica y Ambiental,<\/strong>\u00a0participaron del proceso de evaluaci\u00f3n en el\u00a0<strong>Sistema Regional de Acreditaci\u00f3n de Carreras Universitarias del Mercosur \u2013 ARCU-SUR, logrando la acreditaci\u00f3n para ambas carreras.\u00a0\u00a0<\/strong><\/p><p><span style=\"font-family: Roboto, Arial; text-align: justify;\">\u00a0<\/span><span style=\"font-family: Roboto, Arial; text-align: justify;\"><b>Con estas dos \u00faltimas acreditaciones la FIUNA culmina una ardua labor que le permite contar con las Certificaciones de Calidad tanto en el Modelo Nacional de Acreditaci\u00f3n de la ANEAES as\u00ed como tambi\u00e9n en el Sistema ARCU-SUR para el 100% de las 7 Carreras de Grado que ofrece.<\/b><\/span><\/p><p>Los desaf\u00edos siguen, por ello la FIUNA comprometida con el proceso de\u00a0mejora cont\u00ednua como un mecanismo permanente y sello de calidad, de modo a asegurar el crecimiento y desarrollo de las carreras de nuestra casa de estudios invita a la comunidad educativa a seguir apoyando activamente.<\/p>\t\t\t\t\t\t\t\t<\/div>\n\t\t\t\t\t<\/div>\n\t\t<\/div>\n\t\t\t\t<div class=\"elementor-column elementor-col-33 elementor-top-column elementor-element elementor-element-6def665\" data-id=\"6def665\" data-element_type=\"column\" data-e-type=\"column\">\n\t\t\t<div class=\"elementor-widget-wrap elementor-element-populated\">\n\t\t\t\t\t\t<div class=\"elementor-element elementor-element-6445852 elementor-widget elementor-widget-heading\" data-id=\"6445852\" data-element_type=\"widget\" data-e-type=\"widget\" data-widget_type=\"heading.default\">\n\t\t\t\t\t<h3 class=\"elementor-heading-title elementor-size-default\">Carreras<\/h3>\t\t\t\t<\/div>\n\t\t\t\t<div class=\"elementor-element elementor-element-d3c3f6d elementor-nav-menu__align-start elementor-nav-menu--dropdown-mobile elementor-nav-menu__text-align-aside elementor-nav-menu--toggle elementor-nav-menu--burger elementor-widget elementor-widget-nav-menu\" data-id=\"d3c3f6d\" data-element_type=\"widget\" data-e-type=\"widget\" data-settings=\"{&quot;layout&quot;:&quot;vertical&quot;,&quot;_animation&quot;:&quot;none&quot;,&quot;submenu_icon&quot;:{&quot;value&quot;:&quot;&lt;svg class=\\&quot;fa-svg-chevron-down e-font-icon-svg e-fas-chevron-down\\&quot; viewBox=\\&quot;0 0 448 512\\&quot; xmlns=\\&quot;http:\\\/\\\/www.w3.org\\\/2000\\\/svg\\&quot;&gt;&lt;path d=\\&quot;M207.029 381.476L12.686 187.132c-9.373-9.373-9.373-24.569 0-33.941l22.667-22.667c9.357-9.357 24.522-9.375 33.901-.04L224 284.505l154.745-154.021c9.379-9.335 24.544-9.317 33.901.04l22.667 22.667c9.373 9.373 9.373 24.569 0 33.941L240.971 381.476c-9.373 9.372-24.569 9.372-33.942 0z\\&quot;&gt;&lt;\\\/path&gt;&lt;\\\/svg&gt;&quot;,&quot;library&quot;:&quot;fa-solid&quot;},&quot;toggle&quot;:&quot;burger&quot;}\" data-widget_type=\"nav-menu.default\">\n\t\t\t\t\t\t\t\t<nav aria-label=\"Men\u00fa\" class=\"elementor-nav-menu--main elementor-nav-menu__container elementor-nav-menu--layout-vertical e--pointer-background e--animation-fade\">\n\t\t\t\t<ul id=\"menu-1-d3c3f6d\" class=\"elementor-nav-menu sm-vertical\"><li class=\"menu-item menu-item-type-post_type menu-item-object-page menu-item-41382 tc-menu-item tc-menu-depth-0 tc-menu-align-left tc-menu-layout-default\"><a href=\"https:\/\/www.ing.una.py\/FIUNA3\/?page_id=40678\" class=\"elementor-item\" class=\"tc-menu-inner\">Volver a Acad\u00e9mico<\/a><\/li>\n<li class=\"menu-item menu-item-type-post_type menu-item-object-page menu-item-38209 tc-menu-item tc-menu-depth-0 tc-menu-align-left tc-menu-layout-default\"><a href=\"https:\/\/www.ing.una.py\/FIUNA3\/?page_id=629\" class=\"elementor-item\" class=\"tc-menu-inner\">Carreras<\/a><\/li>\n<li class=\"menu-item menu-item-type-post_type menu-item-object-page menu-item-38422 tc-menu-item tc-menu-depth-0 tc-menu-align-left tc-menu-layout-default\"><a href=\"https:\/\/www.ing.una.py\/FIUNA3\/?page_id=16796\" class=\"elementor-item\" class=\"tc-menu-inner\">Acreditaciones de las Carreras<\/a><\/li>\n<li class=\"menu-item menu-item-type-post_type menu-item-object-page menu-item-38201 tc-menu-item tc-menu-depth-0 tc-menu-align-left tc-menu-layout-default\"><a href=\"https:\/\/www.ing.una.py\/FIUNA3\/?page_id=1046\" class=\"elementor-item\" class=\"tc-menu-inner\">Ingenier\u00eda Civil<\/a><\/li>\n<li class=\"menu-item menu-item-type-post_type menu-item-object-page menu-item-38211 tc-menu-item tc-menu-depth-0 tc-menu-align-left tc-menu-layout-default\"><a href=\"https:\/\/www.ing.una.py\/FIUNA3\/?page_id=1083\" class=\"elementor-item\" class=\"tc-menu-inner\">Ingenier\u00eda Industrial<\/a><\/li>\n<li class=\"menu-item menu-item-type-post_type menu-item-object-page menu-item-38213 tc-menu-item tc-menu-depth-0 tc-menu-align-left tc-menu-layout-default\"><a href=\"https:\/\/www.ing.una.py\/FIUNA3\/?page_id=1434\" class=\"elementor-item\" class=\"tc-menu-inner\">Ingenier\u00eda Electromec\u00e1nica<\/a><\/li>\n<li class=\"menu-item menu-item-type-post_type menu-item-object-page menu-item-38215 tc-menu-item tc-menu-depth-0 tc-menu-align-left tc-menu-layout-default\"><a href=\"https:\/\/www.ing.una.py\/FIUNA3\/?page_id=1473\" class=\"elementor-item\" class=\"tc-menu-inner\">Ingenier\u00eda Electr\u00f3nica<\/a><\/li>\n<li class=\"menu-item menu-item-type-post_type menu-item-object-page menu-item-38218 tc-menu-item tc-menu-depth-0 tc-menu-align-left tc-menu-layout-default\"><a href=\"https:\/\/www.ing.una.py\/FIUNA3\/?page_id=1493\" class=\"elementor-item\" class=\"tc-menu-inner\">Ingenier\u00eda Geogr\u00e1fica y Ambiental<\/a><\/li>\n<li class=\"menu-item menu-item-type-post_type menu-item-object-page menu-item-38221 tc-menu-item tc-menu-depth-0 tc-menu-align-left tc-menu-layout-default\"><a href=\"https:\/\/www.ing.una.py\/FIUNA3\/?page_id=1512\" class=\"elementor-item\" class=\"tc-menu-inner\">Ingenier\u00eda Mec\u00e1nica<\/a><\/li>\n<li class=\"menu-item menu-item-type-post_type menu-item-object-page menu-item-38224 tc-menu-item tc-menu-depth-0 tc-menu-align-left tc-menu-layout-default\"><a href=\"https:\/\/www.ing.una.py\/FIUNA3\/?page_id=1533\" class=\"elementor-item\" class=\"tc-menu-inner\">Ingenier\u00eda Mecatr\u00f3nica<\/a><\/li>\n<\/ul>\t\t\t<\/nav>\n\t\t\t\t\t<div class=\"elementor-menu-toggle\" role=\"button\" tabindex=\"0\" aria-label=\"Alternar men\u00fa\" aria-expanded=\"false\">\n\t\t\t<svg aria-hidden=\"true\" role=\"presentation\" class=\"elementor-menu-toggle__icon--open e-font-icon-svg e-eicon-menu-bar\" viewBox=\"0 0 1000 1000\" xmlns=\"http:\/\/www.w3.org\/2000\/svg\"><path d=\"M104 333H896C929 333 958 304 958 271S929 208 896 208H104C71 208 42 237 42 271S71 333 104 333ZM104 583H896C929 583 958 554 958 521S929 458 896 458H104C71 458 42 487 42 521S71 583 104 583ZM104 833H896C929 833 958 804 958 771S929 708 896 708H104C71 708 42 737 42 771S71 833 104 833Z\"><\/path><\/svg><svg aria-hidden=\"true\" role=\"presentation\" class=\"elementor-menu-toggle__icon--close e-font-icon-svg e-eicon-close\" viewBox=\"0 0 1000 1000\" xmlns=\"http:\/\/www.w3.org\/2000\/svg\"><path d=\"M742 167L500 408 258 167C246 154 233 150 217 150 196 150 179 158 167 167 154 179 150 196 150 212 150 229 154 242 171 254L408 500 167 742C138 771 138 800 167 829 196 858 225 858 254 829L496 587 738 829C750 842 767 846 783 846 800 846 817 842 829 829 842 817 846 804 846 783 846 767 842 750 829 737L588 500 833 258C863 229 863 200 833 171 804 137 775 137 742 167Z\"><\/path><\/svg>\t\t<\/div>\n\t\t\t\t\t<nav class=\"elementor-nav-menu--dropdown elementor-nav-menu__container\" aria-hidden=\"true\">\n\t\t\t\t<ul id=\"menu-2-d3c3f6d\" class=\"elementor-nav-menu sm-vertical\"><li class=\"menu-item menu-item-type-post_type menu-item-object-page menu-item-41382 tc-menu-item tc-menu-depth-0 tc-menu-align-left tc-menu-layout-default\"><a href=\"https:\/\/www.ing.una.py\/FIUNA3\/?page_id=40678\" class=\"elementor-item\" tabindex=\"-1\" class=\"tc-menu-inner\">Volver a Acad\u00e9mico<\/a><\/li>\n<li class=\"menu-item menu-item-type-post_type menu-item-object-page menu-item-38209 tc-menu-item tc-menu-depth-0 tc-menu-align-left tc-menu-layout-default\"><a href=\"https:\/\/www.ing.una.py\/FIUNA3\/?page_id=629\" class=\"elementor-item\" tabindex=\"-1\" class=\"tc-menu-inner\">Carreras<\/a><\/li>\n<li class=\"menu-item menu-item-type-post_type menu-item-object-page menu-item-38422 tc-menu-item tc-menu-depth-0 tc-menu-align-left tc-menu-layout-default\"><a href=\"https:\/\/www.ing.una.py\/FIUNA3\/?page_id=16796\" class=\"elementor-item\" tabindex=\"-1\" class=\"tc-menu-inner\">Acreditaciones de las Carreras<\/a><\/li>\n<li class=\"menu-item menu-item-type-post_type menu-item-object-page menu-item-38201 tc-menu-item tc-menu-depth-0 tc-menu-align-left tc-menu-layout-default\"><a href=\"https:\/\/www.ing.una.py\/FIUNA3\/?page_id=1046\" class=\"elementor-item\" tabindex=\"-1\" class=\"tc-menu-inner\">Ingenier\u00eda Civil<\/a><\/li>\n<li class=\"menu-item menu-item-type-post_type menu-item-object-page menu-item-38211 tc-menu-item tc-menu-depth-0 tc-menu-align-left tc-menu-layout-default\"><a href=\"https:\/\/www.ing.una.py\/FIUNA3\/?page_id=1083\" class=\"elementor-item\" tabindex=\"-1\" class=\"tc-menu-inner\">Ingenier\u00eda Industrial<\/a><\/li>\n<li class=\"menu-item menu-item-type-post_type menu-item-object-page menu-item-38213 tc-menu-item tc-menu-depth-0 tc-menu-align-left tc-menu-layout-default\"><a href=\"https:\/\/www.ing.una.py\/FIUNA3\/?page_id=1434\" class=\"elementor-item\" tabindex=\"-1\" class=\"tc-menu-inner\">Ingenier\u00eda Electromec\u00e1nica<\/a><\/li>\n<li class=\"menu-item menu-item-type-post_type menu-item-object-page menu-item-38215 tc-menu-item tc-menu-depth-0 tc-menu-align-left tc-menu-layout-default\"><a href=\"https:\/\/www.ing.una.py\/FIUNA3\/?page_id=1473\" class=\"elementor-item\" tabindex=\"-1\" class=\"tc-menu-inner\">Ingenier\u00eda Electr\u00f3nica<\/a><\/li>\n<li class=\"menu-item menu-item-type-post_type menu-item-object-page menu-item-38218 tc-menu-item tc-menu-depth-0 tc-menu-align-left tc-menu-layout-default\"><a href=\"https:\/\/www.ing.una.py\/FIUNA3\/?page_id=1493\" class=\"elementor-item\" tabindex=\"-1\" class=\"tc-menu-inner\">Ingenier\u00eda Geogr\u00e1fica y Ambiental<\/a><\/li>\n<li class=\"menu-item menu-item-type-post_type menu-item-object-page menu-item-38221 tc-menu-item tc-menu-depth-0 tc-menu-align-left tc-menu-layout-default\"><a href=\"https:\/\/www.ing.una.py\/FIUNA3\/?page_id=1512\" class=\"elementor-item\" tabindex=\"-1\" class=\"tc-menu-inner\">Ingenier\u00eda Mec\u00e1nica<\/a><\/li>\n<li class=\"menu-item menu-item-type-post_type menu-item-object-page menu-item-38224 tc-menu-item tc-menu-depth-0 tc-menu-align-left tc-menu-layout-default\"><a href=\"https:\/\/www.ing.una.py\/FIUNA3\/?page_id=1533\" class=\"elementor-item\" tabindex=\"-1\" class=\"tc-menu-inner\">Ingenier\u00eda Mecatr\u00f3nica<\/a><\/li>\n<\/ul>\t\t\t<\/nav>\n\t\t\t\t\t\t<\/div>\n\t\t\t\t<div class=\"elementor-element elementor-element-fe624d2 elementor-view-stacked elementor-position-inline-start elementor-shape-circle elementor-mobile-position-block-start elementor-widget elementor-widget-icon-box\" data-id=\"fe624d2\" data-element_type=\"widget\" data-e-type=\"widget\" data-widget_type=\"icon-box.default\">\n\t\t\t\t\t\t\t<div class=\"elementor-icon-box-wrapper\">\n\n\t\t\t\t\t\t<div class=\"elementor-icon-box-icon\">\n\t\t\t\t<a href=\"https:\/\/www.aneaes.gov.py\/inicio\/\" target=\"_blank\" class=\"elementor-icon\" tabindex=\"-1\" aria-label=\"ANEAES.gov.py\">\n\t\t\t\t<svg aria-hidden=\"true\" class=\"e-font-icon-svg e-fas-university\" viewBox=\"0 0 512 512\" xmlns=\"http:\/\/www.w3.org\/2000\/svg\"><path d=\"M496 128v16a8 8 0 0 1-8 8h-24v12c0 6.627-5.373 12-12 12H60c-6.627 0-12-5.373-12-12v-12H24a8 8 0 0 1-8-8v-16a8 8 0 0 1 4.941-7.392l232-88a7.996 7.996 0 0 1 6.118 0l232 88A8 8 0 0 1 496 128zm-24 304H40c-13.255 0-24 10.745-24 24v16a8 8 0 0 0 8 8h464a8 8 0 0 0 8-8v-16c0-13.255-10.745-24-24-24zM96 192v192H60c-6.627 0-12 5.373-12 12v20h416v-20c0-6.627-5.373-12-12-12h-36V192h-64v192h-64V192h-64v192h-64V192H96z\"><\/path><\/svg>\t\t\t\t<\/a>\n\t\t\t<\/div>\n\t\t\t\n\t\t\t\t\t\t<div class=\"elementor-icon-box-content\">\n\n\t\t\t\t\t\t\t\t\t<h5 class=\"elementor-icon-box-title\">\n\t\t\t\t\t\t<a href=\"https:\/\/www.aneaes.gov.py\/inicio\/\" target=\"_blank\" >\n\t\t\t\t\t\t\tANEAES.gov.py\t\t\t\t\t\t<\/a>\n\t\t\t\t\t<\/h5>\n\t\t\t\t\n\t\t\t\t\n\t\t\t<\/div>\n\t\t\t\n\t\t<\/div>\n\t\t\t\t\t\t<\/div>\n\t\t\t\t<div class=\"elementor-element elementor-element-9361dc0 elementor-widget elementor-widget-image\" data-id=\"9361dc0\" data-element_type=\"widget\" data-e-type=\"widget\" data-widget_type=\"image.default\">\n\t\t\t\t\t\t\t\t\t\t\t\t<figure class=\"wp-caption\">\n\t\t\t\t\t\t\t\t\t\t\t<a href=\"https:\/\/www.ing.una.py\/FIUNA3\/?cat=82\">\n\t\t\t\t\t\t\t<img loading=\"lazy\" decoding=\"async\" data-attachment-id=\"56031\" data-permalink=\"https:\/\/www.ing.una.py\/FIUNA3\/?attachment_id=56031\" data-orig-file=\"https:\/\/www.ing.una.py\/FIUNA3\/wp-content\/uploads\/2024\/03\/Carreras-acreditadas-desde-2020.png\" data-orig-size=\"840,440\" data-comments-opened=\"1\" data-image-meta=\"{&quot;aperture&quot;:&quot;0&quot;,&quot;credit&quot;:&quot;&quot;,&quot;camera&quot;:&quot;&quot;,&quot;caption&quot;:&quot;&quot;,&quot;created_timestamp&quot;:&quot;0&quot;,&quot;copyright&quot;:&quot;&quot;,&quot;focal_length&quot;:&quot;0&quot;,&quot;iso&quot;:&quot;0&quot;,&quot;shutter_speed&quot;:&quot;0&quot;,&quot;title&quot;:&quot;&quot;,&quot;orientation&quot;:&quot;0&quot;}\" data-image-title=\"Carreras acreditadas desde 2020\" data-image-description=\"\" data-image-caption=\"\" data-large-file=\"https:\/\/www.ing.una.py\/FIUNA3\/wp-content\/uploads\/2024\/03\/Carreras-acreditadas-desde-2020.png\" width=\"840\" height=\"440\" src=\"https:\/\/www.ing.una.py\/FIUNA3\/wp-content\/uploads\/2024\/03\/Carreras-acreditadas-desde-2020.png\" class=\"attachment-full size-full wp-image-56031\" alt=\"\" srcset=\"https:\/\/www.ing.una.py\/FIUNA3\/wp-content\/uploads\/2024\/03\/Carreras-acreditadas-desde-2020.png 840w, https:\/\/www.ing.una.py\/FIUNA3\/wp-content\/uploads\/2024\/03\/Carreras-acreditadas-desde-2020-300x157.png 300w, https:\/\/www.ing.una.py\/FIUNA3\/wp-content\/uploads\/2024\/03\/Carreras-acreditadas-desde-2020-768x402.png 768w\" sizes=\"auto, (max-width: 840px) 100vw, 840px\" data-attachment-id=\"56031\" data-permalink=\"https:\/\/www.ing.una.py\/FIUNA3\/?attachment_id=56031\" data-orig-file=\"https:\/\/www.ing.una.py\/FIUNA3\/wp-content\/uploads\/2024\/03\/Carreras-acreditadas-desde-2020.png\" data-orig-size=\"840,440\" data-comments-opened=\"1\" data-image-meta=\"{&quot;aperture&quot;:&quot;0&quot;,&quot;credit&quot;:&quot;&quot;,&quot;camera&quot;:&quot;&quot;,&quot;caption&quot;:&quot;&quot;,&quot;created_timestamp&quot;:&quot;0&quot;,&quot;copyright&quot;:&quot;&quot;,&quot;focal_length&quot;:&quot;0&quot;,&quot;iso&quot;:&quot;0&quot;,&quot;shutter_speed&quot;:&quot;0&quot;,&quot;title&quot;:&quot;&quot;,&quot;orientation&quot;:&quot;0&quot;}\" data-image-title=\"Carreras acreditadas desde 2020\" data-image-description=\"\" data-image-caption=\"\" data-large-file=\"https:\/\/www.ing.una.py\/FIUNA3\/wp-content\/uploads\/2024\/03\/Carreras-acreditadas-desde-2020.png\" \/>\t\t\t\t\t\t\t\t<\/a>\n\t\t\t\t\t\t\t\t\t\t\t<figcaption class=\"widget-image-caption wp-caption-text\">Ver noticias de Acreditaci\u00f3n<\/figcaption>\n\t\t\t\t\t\t\t\t\t\t<\/figure>\n\t\t\t\t\t\t\t\t\t<\/div>\n\t\t\t\t\t<\/div>\n\t\t<\/div>\n\t\t\t\t\t<\/div>\n\t\t<\/section>\n\t\t\t\t<section class=\"elementor-section elementor-top-section elementor-element elementor-element-ca24fa7 elementor-section-boxed elementor-section-height-default elementor-section-height-default\" data-id=\"ca24fa7\" data-element_type=\"section\" data-e-type=\"section\">\n\t\t\t\t\t\t<div class=\"elementor-container elementor-column-gap-default\">\n\t\t\t\t\t<div class=\"elementor-column elementor-col-50 elementor-top-column elementor-element elementor-element-cd24549\" data-id=\"cd24549\" data-element_type=\"column\" data-e-type=\"column\">\n\t\t\t<div class=\"elementor-widget-wrap elementor-element-populated\">\n\t\t\t\t\t\t<div class=\"elementor-element elementor-element-a781392 elementor-widget elementor-widget-heading\" data-id=\"a781392\" data-element_type=\"widget\" data-e-type=\"widget\" data-widget_type=\"heading.default\">\n\t\t\t\t\t<h2 class=\"elementor-heading-title elementor-size-default\">Responsable<\/h2>\t\t\t\t<\/div>\n\t\t\t\t<div class=\"elementor-element elementor-element-ab15bc1 elementor-widget elementor-widget-text-editor\" data-id=\"ab15bc1\" data-element_type=\"widget\" data-e-type=\"widget\" data-widget_type=\"text-editor.default\">\n\t\t\t\t\t\t\t\t\t<h3><b>Dra. Ing. Margarita Pereira<\/b><\/h3><p><strong>Coordinaci\u00f3n de Gesti\u00f3n de Calidad<\/strong><\/p><p><a href=\"mailto:mpereira@ing.una.py\" target=\"_blank\" rel=\"noopener\">mpereira@ing.una.py<\/a><\/p>\t\t\t\t\t\t\t\t<\/div>\n\t\t\t\t\t<\/div>\n\t\t<\/div>\n\t\t\t\t<div class=\"elementor-column elementor-col-50 elementor-top-column elementor-element elementor-element-ea4fcfa\" data-id=\"ea4fcfa\" data-element_type=\"column\" data-e-type=\"column\">\n\t\t\t<div class=\"elementor-widget-wrap elementor-element-populated\">\n\t\t\t\t\t\t<div class=\"elementor-element elementor-element-c32d5ad elementor-widget elementor-widget-heading\" data-id=\"c32d5ad\" data-element_type=\"widget\" data-e-type=\"widget\" data-widget_type=\"heading.default\">\n\t\t\t\t\t<h2 class=\"elementor-heading-title elementor-size-default\">Ubicaci\u00f3n<\/h2>\t\t\t\t<\/div>\n\t\t\t\t<div class=\"elementor-element elementor-element-d84fc54 elementor-widget elementor-widget-text-editor\" data-id=\"d84fc54\" data-element_type=\"widget\" data-e-type=\"widget\" data-widget_type=\"text-editor.default\">\n\t\t\t\t\t\t\t\t\t<p>3er piso Edificio \u00bb Prof. Ing. Enzo Debernardi\u00bb <br \/>Facultad de Ingenier\u00eda | Universidad Nacional de Asunci\u00f3n (FIUNA).<\/p>\t\t\t\t\t\t\t\t<\/div>\n\t\t\t\t<div class=\"elementor-element elementor-element-230b837 elementor-widget elementor-widget-thim-google-map\" data-id=\"230b837\" data-element_type=\"widget\" data-e-type=\"widget\" data-widget_type=\"thim-google-map.default\">\n\t\t\t\t<div class=\"elementor-widget-container\">\n\t\t\t\t\t<div class=\"thim-map-iframe\" style =\"height: 300px\"><iframe frameborder=\"0\" scrolling=\"no\" marginheight=\"0\" marginwidth=\"0\" src=\"https:\/\/maps.google.com\/maps?q=Facultad%20de%20Ingenier%C3%ADa%20UNA&amp;t=m&amp;z=12&amp;output=embed&amp;iwloc=near\" title=\"Facultad de Ingenier\u00eda UNA\" aria-label=\"Facultad de Ingenier\u00eda UNA\"><\/iframe><\/div>\t\t\t\t<\/div>\n\t\t\t\t<\/div>\n\t\t\t\t\t<\/div>\n\t\t<\/div>\n\t\t\t\t\t<\/div>\n\t\t<\/section>\n\t\t\t\t<\/div>\n\t\t","protected":false},"excerpt":{"rendered":"<p>Antecedentes Las carreras de la\u00a0UNA\u00a0han participado de los procesos de Evaluaci\u00f3n con fines de acreditaci\u00f3n a nivel nacional y regional desde el a\u00f1o 2004.\u00a0En este sentido, la\u00a0Facultad de Ingenier\u00eda de la Universidad Nacional de Asunci\u00f3n (FIUNA),\u00a0ha participado voluntariamente del proceso de acreditaci\u00f3n del Mercosur, en el marco del Mecanismo Experimental de Acreditaci\u00f3n (MEXA) desde el a\u00f1o 2005 con tres carreras: Ingenier\u00eda Civil, Electromec\u00e1nica y Electr\u00f3nica, que, tras finalizar el mismo, fueron acreditadas en el a\u00f1o 2006. En el a\u00f1o 2010, ante el desaf\u00edo del proceso para la\u00a0Acreditaci\u00f3n Regional de Carreras Universitarias del Sur, ARCU-SUR, la FIUNA presenta a las carreras &hellip; <\/p>\n","protected":false},"author":1,"featured_media":0,"parent":629,"menu_order":0,"comment_status":"closed","ping_status":"open","template":"","meta":{"_bbp_topic_count":0,"_bbp_reply_count":0,"_bbp_total_topic_count":0,"_bbp_total_reply_count":0,"_bbp_voice_count":0,"_bbp_anonymous_reply_count":0,"_bbp_topic_count_hidden":0,"_bbp_reply_count_hidden":0,"_bbp_forum_subforum_count":0,"advanced_seo_description":"","jetpack_seo_html_title":"","jetpack_seo_noindex":false,"jetpack_post_was_ever_published":false,"footnotes":""},"class_list":["post-16796","page","type-page","status-publish","hentry"],"jetpack_shortlink":"https:\/\/wp.me\/Pc8Odv-4mU","jetpack_likes_enabled":true,"jetpack_sharing_enabled":true,"jetpack-related-posts":[],"_links":{"self":[{"href":"https:\/\/www.ing.una.py\/FIUNA3\/index.php?rest_route=\/wp\/v2\/pages\/16796","targetHints":{"allow":["GET"]}}],"collection":[{"href":"https:\/\/www.ing.una.py\/FIUNA3\/index.php?rest_route=\/wp\/v2\/pages"}],"about":[{"href":"https:\/\/www.ing.una.py\/FIUNA3\/index.php?rest_route=\/wp\/v2\/types\/page"}],"author":[{"embeddable":true,"href":"https:\/\/www.ing.una.py\/FIUNA3\/index.php?rest_route=\/wp\/v2\/users\/1"}],"replies":[{"embeddable":true,"href":"https:\/\/www.ing.una.py\/FIUNA3\/index.php?rest_route=%2Fwp%2Fv2%2Fcomments&post=16796"}],"version-history":[{"count":39,"href":"https:\/\/www.ing.una.py\/FIUNA3\/index.php?rest_route=\/wp\/v2\/pages\/16796\/revisions"}],"predecessor-version":[{"id":83625,"href":"https:\/\/www.ing.una.py\/FIUNA3\/index.php?rest_route=\/wp\/v2\/pages\/16796\/revisions\/83625"}],"up":[{"embeddable":true,"href":"https:\/\/www.ing.una.py\/FIUNA3\/index.php?rest_route=\/wp\/v2\/pages\/629"}],"wp:attachment":[{"href":"https:\/\/www.ing.una.py\/FIUNA3\/index.php?rest_route=%2Fwp%2Fv2%2Fmedia&parent=16796"}],"curies":[{"name":"wp","href":"https:\/\/api.w.org\/{rel}","templated":true}]}}