{"id":1813,"date":"2012-06-28T15:54:48","date_gmt":"2012-06-28T15:54:48","guid":{"rendered":"http:\/\/www.ing.una.py\/fiuna_wp\/?page_id=1813"},"modified":"2024-08-16T11:19:45","modified_gmt":"2024-08-16T15:19:45","slug":"cetuna","status":"publish","type":"page","link":"https:\/\/www.ing.una.py\/FIUNA3\/?page_id=1813","title":{"rendered":"CETUNA"},"content":{"rendered":"\t\t<div data-elementor-type=\"wp-page\" data-elementor-id=\"1813\" class=\"elementor elementor-1813\" data-elementor-post-type=\"page\">\n\t\t\t\t\t\t<section class=\"elementor-section elementor-top-section elementor-element elementor-element-9e15b11 elementor-section-boxed elementor-section-height-default elementor-section-height-default\" data-id=\"9e15b11\" data-element_type=\"section\" data-e-type=\"section\">\n\t\t\t\t\t\t<div class=\"elementor-container elementor-column-gap-default\">\n\t\t\t\t\t<div class=\"elementor-column elementor-col-66 elementor-top-column elementor-element elementor-element-5ef9f5d\" data-id=\"5ef9f5d\" data-element_type=\"column\" data-e-type=\"column\">\n\t\t\t<div class=\"elementor-widget-wrap elementor-element-populated\">\n\t\t\t\t\t\t<div class=\"elementor-element elementor-element-ffbb66b elementor-widget elementor-widget-image\" data-id=\"ffbb66b\" data-element_type=\"widget\" data-e-type=\"widget\" data-widget_type=\"image.default\">\n\t\t\t\t\t\t\t\t\t\t\t\t\t\t\t<img loading=\"lazy\" decoding=\"async\" data-attachment-id=\"6362\" data-permalink=\"https:\/\/www.ing.una.py\/FIUNA3\/?attachment_id=6362\" data-orig-file=\"https:\/\/www.ing.una.py\/FIUNA3\/wp-content\/uploads\/2012\/06\/logo-web.jpg\" data-orig-size=\"508,202\" data-comments-opened=\"1\" data-image-meta=\"{&quot;aperture&quot;:&quot;0&quot;,&quot;credit&quot;:&quot;&quot;,&quot;camera&quot;:&quot;&quot;,&quot;caption&quot;:&quot;&quot;,&quot;created_timestamp&quot;:&quot;0&quot;,&quot;copyright&quot;:&quot;&quot;,&quot;focal_length&quot;:&quot;0&quot;,&quot;iso&quot;:&quot;0&quot;,&quot;shutter_speed&quot;:&quot;0&quot;,&quot;title&quot;:&quot;&quot;,&quot;orientation&quot;:&quot;0&quot;}\" data-image-title=\"logo-web-CETUNA\" data-image-description=\"\" data-image-caption=\"\" data-large-file=\"https:\/\/www.ing.una.py\/FIUNA3\/wp-content\/uploads\/2012\/06\/logo-web-1024x1024.jpg\" width=\"508\" height=\"202\" src=\"https:\/\/www.ing.una.py\/FIUNA3\/wp-content\/uploads\/2012\/06\/logo-web.jpg\" class=\"attachment-full size-full wp-image-6362\" alt=\"\" srcset=\"https:\/\/www.ing.una.py\/FIUNA3\/wp-content\/uploads\/2012\/06\/logo-web.jpg 508w, https:\/\/www.ing.una.py\/FIUNA3\/wp-content\/uploads\/2012\/06\/logo-web-300x119.jpg 300w\" sizes=\"auto, (max-width: 508px) 100vw, 508px\" data-attachment-id=\"6362\" data-permalink=\"https:\/\/www.ing.una.py\/FIUNA3\/?attachment_id=6362\" data-orig-file=\"https:\/\/www.ing.una.py\/FIUNA3\/wp-content\/uploads\/2012\/06\/logo-web.jpg\" data-orig-size=\"508,202\" data-comments-opened=\"1\" data-image-meta=\"{&quot;aperture&quot;:&quot;0&quot;,&quot;credit&quot;:&quot;&quot;,&quot;camera&quot;:&quot;&quot;,&quot;caption&quot;:&quot;&quot;,&quot;created_timestamp&quot;:&quot;0&quot;,&quot;copyright&quot;:&quot;&quot;,&quot;focal_length&quot;:&quot;0&quot;,&quot;iso&quot;:&quot;0&quot;,&quot;shutter_speed&quot;:&quot;0&quot;,&quot;title&quot;:&quot;&quot;,&quot;orientation&quot;:&quot;0&quot;}\" data-image-title=\"logo-web-CETUNA\" data-image-description=\"\" data-image-caption=\"\" data-large-file=\"https:\/\/www.ing.una.py\/FIUNA3\/wp-content\/uploads\/2012\/06\/logo-web-1024x1024.jpg\" \/>\t\t\t\t\t\t\t\t\t\t\t\t\t\t\t<\/div>\n\t\t\t\t<div class=\"elementor-element elementor-element-1701c83 elementor-widget thim-ekits-heading elementor-widget-thim-heading\" data-id=\"1701c83\" data-element_type=\"widget\" data-e-type=\"widget\" data-widget_type=\"thim-heading.default\">\n\t\t\t\t<div class=\"elementor-widget-container\">\n\t\t\t\t\t<div class=\"sc_heading\"><h3 class=\"title\">T\u00e9cnicos Especialistas en Mec\u00e1nica <\/h3><div class=\"sub-heading\"><p>CETUNA<\/p>\n<\/div><span class=\"line\"><\/span><\/div>\t\t\t\t<\/div>\n\t\t\t\t<\/div>\n\t\t\t\t<div class=\"elementor-element elementor-element-2af940bc elementor-widget elementor-widget-text-editor\" data-id=\"2af940bc\" data-element_type=\"widget\" data-e-type=\"widget\" data-widget_type=\"text-editor.default\">\n\t\t\t\t\t\t\t\t\t<h4>Misi\u00f3n<\/h4><p>Contribuir con la promoci\u00f3n de la educaci\u00f3n t\u00e9cnica especializada en el pa\u00eds, integrando los fundamentos de la de la formaci\u00f3n general acad\u00e9mica, aportada por la Educaci\u00f3n Media, y una formaci\u00f3n con alto contenido pr\u00e1ctico, logrando con esto un significativo impacto en la competitividad, productividad y desarrollo del pa\u00eds<\/p><h4>Visi\u00f3n<\/h4><p>El Centro de Estudios Tecnol\u00f3gicos de la Universidad Nacional de Asunci\u00f3n ser\u00e1 una instituci\u00f3n consolidada como centro de formaci\u00f3n profesional, l\u00edder en la preparaci\u00f3n de t\u00e9cnicos especializados, adapt\u00e1ndose permanentemente a la evoluci\u00f3n de las tecnolog\u00edas y a las necesidades del sector productivo.<\/p><h4>Objetivo General<\/h4><p>El objetivo principal del CETUNA es formar t\u00e9cnicos especialistas altamente calificados que, una vez insertados en el \u00e1mbito laboral, sean capaces de resolver con suficiencia y eficiencia situaciones que competen a su \u00e1rea.<\/p><h4>Justificaci\u00f3n\u00a0<\/h4><p>Los cambios socio-econ\u00f3micos actuales de la regi\u00f3n y espec\u00edficamente de nuestro pa\u00eds, exigen una mayor disponibilidad de profesionales t\u00e9cnicos calificados, y la formaci\u00f3n de \u00e9stos debe ser dirigida a estudiantes que en poco tiempo han de adquirir los conocimientos y habilidades necesarios para su incorporaci\u00f3n al mundo laboral<\/p>\t\t\t\t\t\t\t\t<\/div>\n\t\t\t\t\t<\/div>\n\t\t<\/div>\n\t\t\t\t<div class=\"elementor-column elementor-col-33 elementor-top-column elementor-element elementor-element-286f7ba\" data-id=\"286f7ba\" data-element_type=\"column\" data-e-type=\"column\">\n\t\t\t<div class=\"elementor-widget-wrap elementor-element-populated\">\n\t\t\t\t\t\t<div class=\"elementor-element elementor-element-f840d65 elementor-widget elementor-widget-heading\" data-id=\"f840d65\" data-element_type=\"widget\" data-e-type=\"widget\" data-widget_type=\"heading.default\">\n\t\t\t\t\t<h3 class=\"elementor-heading-title elementor-size-default\">CETUNA<\/h3>\t\t\t\t<\/div>\n\t\t\t\t<div class=\"elementor-element elementor-element-c3f8244 elementor-nav-menu__align-start elementor-nav-menu--dropdown-mobile elementor-nav-menu__text-align-aside elementor-nav-menu--toggle elementor-nav-menu--burger elementor-widget elementor-widget-nav-menu\" data-id=\"c3f8244\" data-element_type=\"widget\" data-e-type=\"widget\" data-settings=\"{&quot;layout&quot;:&quot;vertical&quot;,&quot;_animation&quot;:&quot;none&quot;,&quot;submenu_icon&quot;:{&quot;value&quot;:&quot;&lt;svg class=\\&quot;fa-svg-chevron-down e-font-icon-svg e-fas-chevron-down\\&quot; viewBox=\\&quot;0 0 448 512\\&quot; xmlns=\\&quot;http:\\\/\\\/www.w3.org\\\/2000\\\/svg\\&quot;&gt;&lt;path d=\\&quot;M207.029 381.476L12.686 187.132c-9.373-9.373-9.373-24.569 0-33.941l22.667-22.667c9.357-9.357 24.522-9.375 33.901-.04L224 284.505l154.745-154.021c9.379-9.335 24.544-9.317 33.901.04l22.667 22.667c9.373 9.373 9.373 24.569 0 33.941L240.971 381.476c-9.373 9.372-24.569 9.372-33.942 0z\\&quot;&gt;&lt;\\\/path&gt;&lt;\\\/svg&gt;&quot;,&quot;library&quot;:&quot;fa-solid&quot;},&quot;toggle&quot;:&quot;burger&quot;}\" data-widget_type=\"nav-menu.default\">\n\t\t\t\t\t\t\t\t<nav aria-label=\"Men\u00fa\" class=\"elementor-nav-menu--main elementor-nav-menu__container elementor-nav-menu--layout-vertical e--pointer-background e--animation-fade\">\n\t\t\t\t<ul id=\"menu-1-c3f8244\" class=\"elementor-nav-menu sm-vertical\"><li class=\"menu-item menu-item-type-post_type menu-item-object-page menu-item-38228 tc-menu-item tc-menu-depth-0 tc-menu-align-left tc-menu-layout-default\"><a href=\"https:\/\/www.ing.una.py\/FIUNA3\/?page_id=1813\" class=\"elementor-item\" class=\"tc-menu-inner\">Misi\u00f3n, Visi\u00f3n y Objetivos<\/a><\/li>\n<li class=\"menu-item menu-item-type-post_type menu-item-object-page menu-item-38274 tc-menu-item tc-menu-depth-0 tc-menu-align-left tc-menu-layout-default\"><a href=\"https:\/\/www.ing.una.py\/FIUNA3\/?page_id=5966\" class=\"elementor-item\" class=\"tc-menu-inner\">Curso Preparatorio de Admisi\u00f3n (CPA)<\/a><\/li>\n<li class=\"menu-item menu-item-type-post_type menu-item-object-page menu-item-38329 tc-menu-item tc-menu-depth-0 tc-menu-align-left tc-menu-layout-default\"><a href=\"https:\/\/www.ing.una.py\/FIUNA3\/?page_id=11865\" class=\"elementor-item\" class=\"tc-menu-inner\">Reglamentos CETUNA<\/a><\/li>\n<li class=\"menu-item menu-item-type-post_type menu-item-object-page menu-item-38276 tc-menu-item tc-menu-depth-0 tc-menu-align-left tc-menu-layout-default\"><a href=\"https:\/\/www.ing.una.py\/FIUNA3\/?page_id=5984\" class=\"elementor-item\" class=\"tc-menu-inner\">Especialidad Mec\u00e1nica<\/a><\/li>\n<li class=\"menu-item menu-item-type-post_type menu-item-object-page menu-item-38327 tc-menu-item tc-menu-depth-0 tc-menu-align-left tc-menu-layout-default\"><a href=\"https:\/\/www.ing.una.py\/FIUNA3\/?page_id=11277\" class=\"elementor-item\" class=\"tc-menu-inner\">Ejes tem\u00e1ticos de las materias (MEC)<\/a><\/li>\n<li class=\"menu-item menu-item-type-post_type menu-item-object-page menu-item-38275 tc-menu-item tc-menu-depth-0 tc-menu-align-left tc-menu-layout-default\"><a title=\"Ejes tem\u00e1ticos de la materia\" href=\"https:\/\/www.ing.una.py\/FIUNA3\/?page_id=5978\" class=\"elementor-item\" class=\"tc-menu-inner\">Carga Horaria (Mec)<\/a><\/li>\n<li class=\"menu-item menu-item-type-custom menu-item-object-custom menu-item-82908 tc-menu-item tc-menu-depth-0 tc-menu-align-left tc-menu-layout-default\"><a target=\"_blank\" href=\"https:\/\/www.ing.una.py\/Resoluciones2025\/ConsejoDirectivo\/1603\/1603_2025_016_Calendario_Acad_CETUNA_1C_2026.pdf\" class=\"elementor-item\" class=\"tc-menu-inner\">Calendario Acad. 1C 2026<\/a><\/li>\n<li class=\"menu-item menu-item-type-custom menu-item-object-custom menu-item-84545 tc-menu-item tc-menu-depth-0 tc-menu-align-left tc-menu-layout-default\"><a target=\"_blank\" href=\"https:\/\/www.ing.una.py\/Resoluciones2026\/ConsejoDirectivo\/1612\/1612_2026_009_Horario_Exams_Parciales_CETUNA_C1_2026.pdf\" class=\"elementor-item\" class=\"tc-menu-inner\">Horario de ex\u00e1menes parc. 1C 2026<\/a><\/li>\n<li class=\"menu-item menu-item-type-post_type menu-item-object-page menu-item-38344 tc-menu-item tc-menu-depth-0 tc-menu-align-left tc-menu-layout-default\"><a href=\"https:\/\/www.ing.una.py\/FIUNA3\/?page_id=12200\" class=\"elementor-item\" class=\"tc-menu-inner\">Laboratorios<\/a><\/li>\n<li class=\"menu-item menu-item-type-taxonomy menu-item-object-category menu-item-67258 tc-menu-item tc-menu-depth-0 tc-menu-align-left tc-menu-layout-default\"><a href=\"https:\/\/www.ing.una.py\/FIUNA3\/?cat=839\" class=\"elementor-item\" class=\"tc-menu-inner\">Proyectos integradores presentados<\/a><\/li>\n<li class=\"menu-item menu-item-type-taxonomy menu-item-object-category menu-item-38425 tc-menu-item tc-menu-depth-0 tc-menu-align-left tc-menu-layout-default\"><a href=\"https:\/\/www.ing.una.py\/FIUNA3\/?cat=319\" class=\"elementor-item\" class=\"tc-menu-inner\">Noticias relacionadas<\/a><\/li>\n<\/ul>\t\t\t<\/nav>\n\t\t\t\t\t<div class=\"elementor-menu-toggle\" role=\"button\" tabindex=\"0\" aria-label=\"Alternar men\u00fa\" aria-expanded=\"false\">\n\t\t\t<svg aria-hidden=\"true\" role=\"presentation\" class=\"elementor-menu-toggle__icon--open e-font-icon-svg e-eicon-menu-bar\" viewBox=\"0 0 1000 1000\" xmlns=\"http:\/\/www.w3.org\/2000\/svg\"><path d=\"M104 333H896C929 333 958 304 958 271S929 208 896 208H104C71 208 42 237 42 271S71 333 104 333ZM104 583H896C929 583 958 554 958 521S929 458 896 458H104C71 458 42 487 42 521S71 583 104 583ZM104 833H896C929 833 958 804 958 771S929 708 896 708H104C71 708 42 737 42 771S71 833 104 833Z\"><\/path><\/svg><svg aria-hidden=\"true\" role=\"presentation\" class=\"elementor-menu-toggle__icon--close e-font-icon-svg e-eicon-close\" viewBox=\"0 0 1000 1000\" xmlns=\"http:\/\/www.w3.org\/2000\/svg\"><path d=\"M742 167L500 408 258 167C246 154 233 150 217 150 196 150 179 158 167 167 154 179 150 196 150 212 150 229 154 242 171 254L408 500 167 742C138 771 138 800 167 829 196 858 225 858 254 829L496 587 738 829C750 842 767 846 783 846 800 846 817 842 829 829 842 817 846 804 846 783 846 767 842 750 829 737L588 500 833 258C863 229 863 200 833 171 804 137 775 137 742 167Z\"><\/path><\/svg>\t\t<\/div>\n\t\t\t\t\t<nav class=\"elementor-nav-menu--dropdown elementor-nav-menu__container\" aria-hidden=\"true\">\n\t\t\t\t<ul id=\"menu-2-c3f8244\" class=\"elementor-nav-menu sm-vertical\"><li class=\"menu-item menu-item-type-post_type menu-item-object-page menu-item-38228 tc-menu-item tc-menu-depth-0 tc-menu-align-left tc-menu-layout-default\"><a href=\"https:\/\/www.ing.una.py\/FIUNA3\/?page_id=1813\" class=\"elementor-item\" tabindex=\"-1\" class=\"tc-menu-inner\">Misi\u00f3n, Visi\u00f3n y Objetivos<\/a><\/li>\n<li class=\"menu-item menu-item-type-post_type menu-item-object-page menu-item-38274 tc-menu-item tc-menu-depth-0 tc-menu-align-left tc-menu-layout-default\"><a href=\"https:\/\/www.ing.una.py\/FIUNA3\/?page_id=5966\" class=\"elementor-item\" tabindex=\"-1\" class=\"tc-menu-inner\">Curso Preparatorio de Admisi\u00f3n (CPA)<\/a><\/li>\n<li class=\"menu-item menu-item-type-post_type menu-item-object-page menu-item-38329 tc-menu-item tc-menu-depth-0 tc-menu-align-left tc-menu-layout-default\"><a href=\"https:\/\/www.ing.una.py\/FIUNA3\/?page_id=11865\" class=\"elementor-item\" tabindex=\"-1\" class=\"tc-menu-inner\">Reglamentos CETUNA<\/a><\/li>\n<li class=\"menu-item menu-item-type-post_type menu-item-object-page menu-item-38276 tc-menu-item tc-menu-depth-0 tc-menu-align-left tc-menu-layout-default\"><a href=\"https:\/\/www.ing.una.py\/FIUNA3\/?page_id=5984\" class=\"elementor-item\" tabindex=\"-1\" class=\"tc-menu-inner\">Especialidad Mec\u00e1nica<\/a><\/li>\n<li class=\"menu-item menu-item-type-post_type menu-item-object-page menu-item-38327 tc-menu-item tc-menu-depth-0 tc-menu-align-left tc-menu-layout-default\"><a href=\"https:\/\/www.ing.una.py\/FIUNA3\/?page_id=11277\" class=\"elementor-item\" tabindex=\"-1\" class=\"tc-menu-inner\">Ejes tem\u00e1ticos de las materias (MEC)<\/a><\/li>\n<li class=\"menu-item menu-item-type-post_type menu-item-object-page menu-item-38275 tc-menu-item tc-menu-depth-0 tc-menu-align-left tc-menu-layout-default\"><a title=\"Ejes tem\u00e1ticos de la materia\" href=\"https:\/\/www.ing.una.py\/FIUNA3\/?page_id=5978\" class=\"elementor-item\" tabindex=\"-1\" class=\"tc-menu-inner\">Carga Horaria (Mec)<\/a><\/li>\n<li class=\"menu-item menu-item-type-custom menu-item-object-custom menu-item-82908 tc-menu-item tc-menu-depth-0 tc-menu-align-left tc-menu-layout-default\"><a target=\"_blank\" href=\"https:\/\/www.ing.una.py\/Resoluciones2025\/ConsejoDirectivo\/1603\/1603_2025_016_Calendario_Acad_CETUNA_1C_2026.pdf\" class=\"elementor-item\" tabindex=\"-1\" class=\"tc-menu-inner\">Calendario Acad. 1C 2026<\/a><\/li>\n<li class=\"menu-item menu-item-type-custom menu-item-object-custom menu-item-84545 tc-menu-item tc-menu-depth-0 tc-menu-align-left tc-menu-layout-default\"><a target=\"_blank\" href=\"https:\/\/www.ing.una.py\/Resoluciones2026\/ConsejoDirectivo\/1612\/1612_2026_009_Horario_Exams_Parciales_CETUNA_C1_2026.pdf\" class=\"elementor-item\" tabindex=\"-1\" class=\"tc-menu-inner\">Horario de ex\u00e1menes parc. 1C 2026<\/a><\/li>\n<li class=\"menu-item menu-item-type-post_type menu-item-object-page menu-item-38344 tc-menu-item tc-menu-depth-0 tc-menu-align-left tc-menu-layout-default\"><a href=\"https:\/\/www.ing.una.py\/FIUNA3\/?page_id=12200\" class=\"elementor-item\" tabindex=\"-1\" class=\"tc-menu-inner\">Laboratorios<\/a><\/li>\n<li class=\"menu-item menu-item-type-taxonomy menu-item-object-category menu-item-67258 tc-menu-item tc-menu-depth-0 tc-menu-align-left tc-menu-layout-default\"><a href=\"https:\/\/www.ing.una.py\/FIUNA3\/?cat=839\" class=\"elementor-item\" tabindex=\"-1\" class=\"tc-menu-inner\">Proyectos integradores presentados<\/a><\/li>\n<li class=\"menu-item menu-item-type-taxonomy menu-item-object-category menu-item-38425 tc-menu-item tc-menu-depth-0 tc-menu-align-left tc-menu-layout-default\"><a href=\"https:\/\/www.ing.una.py\/FIUNA3\/?cat=319\" class=\"elementor-item\" tabindex=\"-1\" class=\"tc-menu-inner\">Noticias relacionadas<\/a><\/li>\n<\/ul>\t\t\t<\/nav>\n\t\t\t\t\t\t<\/div>\n\t\t\t\t\t<\/div>\n\t\t<\/div>\n\t\t\t\t\t<\/div>\n\t\t<\/section>\n\t\t\t\t<section class=\"elementor-section elementor-top-section elementor-element elementor-element-63e7adc elementor-section-boxed elementor-section-height-default elementor-section-height-default\" data-id=\"63e7adc\" data-element_type=\"section\" data-e-type=\"section\">\n\t\t\t\t\t\t<div class=\"elementor-container elementor-column-gap-default\">\n\t\t\t\t\t<div class=\"elementor-column elementor-col-100 elementor-top-column elementor-element elementor-element-9b8086e\" data-id=\"9b8086e\" data-element_type=\"column\" data-e-type=\"column\">\n\t\t\t<div class=\"elementor-widget-wrap elementor-element-populated\">\n\t\t\t\t\t\t<div class=\"elementor-element elementor-element-2a3483a elementor-widget-divider--view-line elementor-widget elementor-widget-divider\" data-id=\"2a3483a\" data-element_type=\"widget\" data-e-type=\"widget\" data-widget_type=\"divider.default\">\n\t\t\t\t\t\t\t<div class=\"elementor-divider\">\n\t\t\t<span class=\"elementor-divider-separator\">\n\t\t\t\t\t\t<\/span>\n\t\t<\/div>\n\t\t\t\t\t\t<\/div>\n\t\t\t\t<div class=\"elementor-element elementor-element-f0cbe48 elementor-widget thim-ekits-heading elementor-widget-thim-heading\" data-id=\"f0cbe48\" data-element_type=\"widget\" data-e-type=\"widget\" data-widget_type=\"thim-heading.default\">\n\t\t\t\t<div class=\"elementor-widget-container\">\n\t\t\t\t\t<div class=\"sc_heading\"><h3 class=\"title\">Directivos <\/h3><span class=\"line\"><\/span><\/div>\t\t\t\t<\/div>\n\t\t\t\t<\/div>\n\t\t\t\t<div class=\"elementor-element elementor-element-da0dc20 elementor-tabs-view-horizontal elementor-widget elementor-widget-tabs\" data-id=\"da0dc20\" data-element_type=\"widget\" data-e-type=\"widget\" data-widget_type=\"tabs.default\">\n\t\t\t\t\t\t\t<div class=\"elementor-tabs\">\n\t\t\t<div class=\"elementor-tabs-wrapper\" role=\"tablist\" >\n\t\t\t\t\t\t\t\t\t<div id=\"elementor-tab-title-2281\" class=\"elementor-tab-title elementor-tab-desktop-title\" aria-selected=\"true\" data-tab=\"1\" role=\"tab\" tabindex=\"0\" aria-controls=\"elementor-tab-content-2281\" aria-expanded=\"false\">Director de Departamento<\/div>\n\t\t\t\t\t\t\t\t\t<div id=\"elementor-tab-title-2282\" class=\"elementor-tab-title elementor-tab-desktop-title\" aria-selected=\"false\" data-tab=\"2\" role=\"tab\" tabindex=\"-1\" aria-controls=\"elementor-tab-content-2282\" aria-expanded=\"false\">Coordinador del CETUNA<\/div>\n\t\t\t\t\t\t\t\t\t<div id=\"elementor-tab-title-2283\" class=\"elementor-tab-title elementor-tab-desktop-title\" aria-selected=\"false\" data-tab=\"3\" role=\"tab\" tabindex=\"-1\" aria-controls=\"elementor-tab-content-2283\" aria-expanded=\"false\">Laboratoristas<\/div>\n\t\t\t\t\t\t\t<\/div>\n\t\t\t<div class=\"elementor-tabs-content-wrapper\" role=\"tablist\" aria-orientation=\"vertical\">\n\t\t\t\t\t\t\t\t\t<div class=\"elementor-tab-title elementor-tab-mobile-title\" aria-selected=\"true\" data-tab=\"1\" role=\"tab\" tabindex=\"0\" aria-controls=\"elementor-tab-content-2281\" aria-expanded=\"false\">Director de Departamento<\/div>\n\t\t\t\t\t<div id=\"elementor-tab-content-2281\" class=\"elementor-tab-content elementor-clearfix\" data-tab=\"1\" role=\"tabpanel\" aria-labelledby=\"elementor-tab-title-2281\" tabindex=\"0\" hidden=\"false\"><h3>Prof. Ing. Carlos Gustavo Mart\u00ednez Ort\u00edz<\/h3><p><a href=\"mailto:gmartinez@ing.una.py\" target=\"_blank\" rel=\"noopener\">gmartinez@ing.una.py<\/a><br \/><strong>Director del Departamento<\/strong><\/p><\/div>\n\t\t\t\t\t\t\t\t\t<div class=\"elementor-tab-title elementor-tab-mobile-title\" aria-selected=\"false\" data-tab=\"2\" role=\"tab\" tabindex=\"-1\" aria-controls=\"elementor-tab-content-2282\" aria-expanded=\"false\">Coordinador del CETUNA<\/div>\n\t\t\t\t\t<div id=\"elementor-tab-content-2282\" class=\"elementor-tab-content elementor-clearfix\" data-tab=\"2\" role=\"tabpanel\" aria-labelledby=\"elementor-tab-title-2282\" tabindex=\"0\" hidden=\"hidden\"><h3>Prof. Ing. Arqu\u00edmedes Rojas Maidana<\/h3><p><a href=\"mailto:arojas@fiuna.edu.py\" target=\"_blank\" rel=\"noopener\">arojas@fiuna.edu.py<\/a><\/p><\/div>\n\t\t\t\t\t\t\t\t\t<div class=\"elementor-tab-title elementor-tab-mobile-title\" aria-selected=\"false\" data-tab=\"3\" role=\"tab\" tabindex=\"-1\" aria-controls=\"elementor-tab-content-2283\" aria-expanded=\"false\">Laboratoristas<\/div>\n\t\t\t\t\t<div id=\"elementor-tab-content-2283\" class=\"elementor-tab-content elementor-clearfix\" data-tab=\"3\" role=\"tabpanel\" aria-labelledby=\"elementor-tab-title-2283\" tabindex=\"0\" hidden=\"hidden\"><ul><li><p><strong>Ing. H\u00e9ctor Cardozo<\/strong><\/p><\/li><li><p><strong>Ing. Mart\u00edn Rogalski<\/strong><\/p><\/li><li><p><strong>Ing. Marcos Ortega<\/strong><\/p><\/li><li><p><strong>Tec. Jonathan Muzzachi<\/strong><\/p><\/li><li><p><strong>Tec. Oscar L\u00f3pez<\/strong><\/p><\/li><li><p><strong>Tec. Luis Rodas<\/strong><\/p><\/li><li><p><strong>Tec. Julio L\u00f3pez<\/strong><\/p><\/li><li><p><strong>Tec. Marcos Salinas<\/strong><\/p><\/li><li><p><strong>Tec. Sergio Romero<\/strong><\/p><\/li><li><p><strong>Tec. Hern\u00e1n Lugo<\/strong><\/p><\/li><\/ul><\/div>\n\t\t\t\t\t\t\t<\/div>\n\t\t<\/div>\n\t\t\t\t\t\t<\/div>\n\t\t\t\t\t<\/div>\n\t\t<\/div>\n\t\t\t\t\t<\/div>\n\t\t<\/section>\n\t\t\t\t<section class=\"elementor-section elementor-top-section elementor-element elementor-element-7944a7d elementor-section-boxed elementor-section-height-default elementor-section-height-default\" data-id=\"7944a7d\" data-element_type=\"section\" data-e-type=\"section\">\n\t\t\t\t\t\t<div class=\"elementor-container elementor-column-gap-default\">\n\t\t\t\t\t<div class=\"elementor-column elementor-col-50 elementor-top-column elementor-element elementor-element-660776f\" data-id=\"660776f\" data-element_type=\"column\" data-e-type=\"column\">\n\t\t\t<div class=\"elementor-widget-wrap elementor-element-populated\">\n\t\t\t\t\t\t<div class=\"elementor-element elementor-element-f7f651d elementor-widget elementor-widget-heading\" data-id=\"f7f651d\" data-element_type=\"widget\" data-e-type=\"widget\" data-widget_type=\"heading.default\">\n\t\t\t\t\t<h2 class=\"elementor-heading-title elementor-size-default\">Contacto<\/h2>\t\t\t\t<\/div>\n\t\t\t\t<div class=\"elementor-element elementor-element-88dd843 elementor-widget elementor-widget-text-editor\" data-id=\"88dd843\" data-element_type=\"widget\" data-e-type=\"widget\" data-widget_type=\"text-editor.default\">\n\t\t\t\t\t\t\t\t\t<p>+595 021 32 804 82<br \/><a href=\"mailto:cetuna@ing.una.py\" target=\"_blank\" rel=\"noopener\">cetuna@ing.una.py<\/a><\/p>\t\t\t\t\t\t\t\t<\/div>\n\t\t\t\t\t<\/div>\n\t\t<\/div>\n\t\t\t\t<div class=\"elementor-column elementor-col-50 elementor-top-column elementor-element elementor-element-c6412b7\" data-id=\"c6412b7\" data-element_type=\"column\" data-e-type=\"column\">\n\t\t\t<div class=\"elementor-widget-wrap elementor-element-populated\">\n\t\t\t\t\t\t<div class=\"elementor-element elementor-element-7642c87 elementor-widget elementor-widget-heading\" data-id=\"7642c87\" data-element_type=\"widget\" data-e-type=\"widget\" data-widget_type=\"heading.default\">\n\t\t\t\t\t<h2 class=\"elementor-heading-title elementor-size-default\">Ubicaci\u00f3n<\/h2>\t\t\t\t<\/div>\n\t\t\t\t<div class=\"elementor-element elementor-element-89a8a14 elementor-widget elementor-widget-text-editor\" data-id=\"89a8a14\" data-element_type=\"widget\" data-e-type=\"widget\" data-widget_type=\"text-editor.default\">\n\t\t\t\t\t\t\t\t\t<p>Planta baja del edificio CETUNA, Campus de la UNA | San Lorenzo, Paraguay<\/p>\t\t\t\t\t\t\t\t<\/div>\n\t\t\t\t<div class=\"elementor-element elementor-element-e86d64b elementor-widget elementor-widget-google_maps\" data-id=\"e86d64b\" data-element_type=\"widget\" data-e-type=\"widget\" data-widget_type=\"google_maps.default\">\n\t\t\t\t\t\t\t<div class=\"elementor-custom-embed\">\n\t\t\t<iframe loading=\"lazy\"\n\t\t\t\t\tsrc=\"https:\/\/maps.google.com\/maps?q=CETUNA&#038;t=m&#038;z=10&#038;output=embed&#038;iwloc=near\"\n\t\t\t\t\ttitle=\"CETUNA\"\n\t\t\t\t\taria-label=\"CETUNA\"\n\t\t\t><\/iframe>\n\t\t<\/div>\n\t\t\t\t\t\t<\/div>\n\t\t\t\t\t<\/div>\n\t\t<\/div>\n\t\t\t\t\t<\/div>\n\t\t<\/section>\n\t\t\t\t<\/div>\n\t\t","protected":false},"excerpt":{"rendered":"<p>T\u00e9cnicos Especialistas en Mec\u00e1nica CETUNA Misi\u00f3n Contribuir con la promoci\u00f3n de la educaci\u00f3n t\u00e9cnica especializada en el pa\u00eds, integrando los fundamentos de la de la formaci\u00f3n general acad\u00e9mica, aportada por la Educaci\u00f3n Media, y una formaci\u00f3n con alto contenido pr\u00e1ctico, logrando con esto un significativo impacto en la competitividad, productividad y desarrollo del pa\u00eds Visi\u00f3n El Centro de Estudios Tecnol\u00f3gicos de la Universidad Nacional de Asunci\u00f3n ser\u00e1 una instituci\u00f3n consolidada como centro de formaci\u00f3n profesional, l\u00edder en la preparaci\u00f3n de t\u00e9cnicos especializados, adapt\u00e1ndose permanentemente a la evoluci\u00f3n de las tecnolog\u00edas y a las necesidades del sector productivo. Objetivo General El &hellip; <\/p>\n","protected":false},"author":1,"featured_media":0,"parent":0,"menu_order":0,"comment_status":"closed","ping_status":"open","template":"","meta":{"_bbp_topic_count":0,"_bbp_reply_count":0,"_bbp_total_topic_count":0,"_bbp_total_reply_count":0,"_bbp_voice_count":0,"_bbp_anonymous_reply_count":0,"_bbp_topic_count_hidden":0,"_bbp_reply_count_hidden":0,"_bbp_forum_subforum_count":0,"advanced_seo_description":"","jetpack_seo_html_title":"","jetpack_seo_noindex":false,"jetpack_post_was_ever_published":false,"footnotes":""},"class_list":["post-1813","page","type-page","status-publish","hentry"],"jetpack_shortlink":"https:\/\/wp.me\/Pc8Odv-tf","jetpack_likes_enabled":true,"jetpack_sharing_enabled":true,"jetpack-related-posts":[],"_links":{"self":[{"href":"https:\/\/www.ing.una.py\/FIUNA3\/index.php?rest_route=\/wp\/v2\/pages\/1813","targetHints":{"allow":["GET"]}}],"collection":[{"href":"https:\/\/www.ing.una.py\/FIUNA3\/index.php?rest_route=\/wp\/v2\/pages"}],"about":[{"href":"https:\/\/www.ing.una.py\/FIUNA3\/index.php?rest_route=\/wp\/v2\/types\/page"}],"author":[{"embeddable":true,"href":"https:\/\/www.ing.una.py\/FIUNA3\/index.php?rest_route=\/wp\/v2\/users\/1"}],"replies":[{"embeddable":true,"href":"https:\/\/www.ing.una.py\/FIUNA3\/index.php?rest_route=%2Fwp%2Fv2%2Fcomments&post=1813"}],"version-history":[{"count":20,"href":"https:\/\/www.ing.una.py\/FIUNA3\/index.php?rest_route=\/wp\/v2\/pages\/1813\/revisions"}],"predecessor-version":[{"id":67171,"href":"https:\/\/www.ing.una.py\/FIUNA3\/index.php?rest_route=\/wp\/v2\/pages\/1813\/revisions\/67171"}],"wp:attachment":[{"href":"https:\/\/www.ing.una.py\/FIUNA3\/index.php?rest_route=%2Fwp%2Fv2%2Fmedia&parent=1813"}],"curies":[{"name":"wp","href":"https:\/\/api.w.org\/{rel}","templated":true}]}}