{"id":20041,"date":"2016-08-16T13:59:36","date_gmt":"2016-08-16T17:59:36","guid":{"rendered":"http:\/\/www.ing.una.py\/?page_id=20041"},"modified":"2024-08-23T14:08:18","modified_gmt":"2024-08-23T18:08:18","slug":"perfil-del-bachiller-tecnico-en-electronica","status":"publish","type":"page","link":"https:\/\/www.ing.una.py\/FIUNA3\/?page_id=20041","title":{"rendered":"Perfil del Bachiller T\u00e9cnico en Electr\u00f3nica"},"content":{"rendered":"\t\t<div data-elementor-type=\"wp-page\" data-elementor-id=\"20041\" class=\"elementor elementor-20041\" data-elementor-post-type=\"page\">\n\t\t\t\t\t\t<section class=\"elementor-section elementor-top-section elementor-element elementor-element-aef5b00 elementor-section-boxed elementor-section-height-default elementor-section-height-default\" data-id=\"aef5b00\" data-element_type=\"section\" data-e-type=\"section\">\n\t\t\t\t\t\t<div class=\"elementor-container elementor-column-gap-default\">\n\t\t\t\t\t<div class=\"elementor-column elementor-col-66 elementor-top-column elementor-element elementor-element-49b32b7\" data-id=\"49b32b7\" data-element_type=\"column\" data-e-type=\"column\">\n\t\t\t<div class=\"elementor-widget-wrap elementor-element-populated\">\n\t\t\t\t\t\t<div class=\"elementor-element elementor-element-55c4910 elementor-widget thim-ekits-heading elementor-widget-thim-heading\" data-id=\"55c4910\" data-element_type=\"widget\" data-e-type=\"widget\" data-widget_type=\"thim-heading.default\">\n\t\t\t\t<div class=\"elementor-widget-container\">\n\t\t\t\t\t<div class=\"sc_heading\"><h3 class=\"title\">Perfil del Bachiller T\u00e9cnico Industrial en Electr\u00f3nica <\/h3><div class=\"sub-heading\"><p>Del Instituto Paraguayo de Telecomunicaciones <\/p>\n<\/div><span class=\"line\"><\/span><\/div>\t\t\t\t<\/div>\n\t\t\t\t<\/div>\n\t\t\t\t<div class=\"elementor-element elementor-element-578aa9a1 elementor-widget elementor-widget-text-editor\" data-id=\"578aa9a1\" data-element_type=\"widget\" data-e-type=\"widget\" data-widget_type=\"text-editor.default\">\n\t\t\t\t\t\t\t\t\t<p>Al t\u00e9rmino de los tres a\u00f1os de formaci\u00f3n del <b>Bachiller T\u00e9cnico Industrial en Electr\u00f3nica,<\/b> el egresado es un profesional de mando medio con acabados conocimientos te\u00f3ricos y pr\u00e1cticos que lo habilita para insertarse en el campo laboral, convirti\u00e9ndolo en un personal t\u00e9cnico eficaz y eficiente, con las suficientes capacidades y cualidades para desarrollar las diversas actividades que hacen al mundo del trabajo.<\/p><h4>En el marco de la investigaci\u00f3n<\/h4><ul><li>Brindar apoyo en la b\u00fasqueda de soluciones a los diversos problemas de diagn\u00f3stico y reparaci\u00f3n de equipamiento electr\u00f3nico b\u00e1sico.<\/li><li>Verificar el equipamiento tecnol\u00f3gico nuevo y apoyado en los manuales t\u00e9cnicos correspondientes.<\/li><li>Desarrollar proyectos electr\u00f3nicos con el apoyo del profesional ingeniero, estableciendo los componentes necesarios para la elaboraci\u00f3n de circuitos y presupuestando los costos respectivos.<\/li><\/ul><h4>En el \u00e1mbito de la producci\u00f3n<\/h4><ul><li>Planificar distintos procesos productivos de car\u00e1cter tecnol\u00f3gico, partiendo de simples prototipos en el \u00e1mbito de hardware hasta la fabricaci\u00f3n de productos inform\u00e1ticos.<\/li><li>Participar en todos los estadios durante la manufacturaci\u00f3n de productos tecnol\u00f3gicos.<\/li><li>Aplicarlos conocimientos adquiridos en materia de seguridad industrial.<\/li><li>Interpretar los resultados de observaciones resultantes de mediciones con los distintos instrumentos de diagn\u00f3stico electr\u00f3nico, lo cual lo faculta para la toma de decisiones acertadas.<\/li><li>Brindar asistencia t\u00e9cnica en la adquisici\u00f3n de equipos electr\u00f3nicos e inform\u00e1ticos y capacitar al usuario final acerca de la manera en que deben ser utilizados los mismos.<\/li><li>Capacitar al personal de servicio de menor rango en otros \u00e1mbitos del conocimiento.<\/li><li>Emplear los equipos e instrumentos de medici\u00f3n electr\u00f3nica,\u00a0 las herramientas para el montaje y reparaci\u00f3n de circuitos.<\/li><li>Aplicar el idioma (coloquial y t\u00e9cnico) de manera apropiada en la elaboraci\u00f3n de informes t\u00e9cnicos.<\/li><\/ul><h4>En el aspecto transversal<\/h4><ul><li>Poner en pr\u00e1ctica los valores humanos, como la responsabilidad, la honestidad, el respeto, y la valoraci\u00f3n del ser humano como miembro de una comunidad propulsora de la formaci\u00f3n de individuos con elevada moral.<\/li><li>Contribuir con el progreso del pa\u00eds.<\/li><\/ul>\t\t\t\t\t\t\t\t<\/div>\n\t\t\t\t\t<\/div>\n\t\t<\/div>\n\t\t\t\t<div class=\"elementor-column elementor-col-33 elementor-top-column elementor-element elementor-element-5db7f9f\" data-id=\"5db7f9f\" data-element_type=\"column\" data-e-type=\"column\">\n\t\t\t<div class=\"elementor-widget-wrap elementor-element-populated\">\n\t\t\t\t\t\t<div class=\"elementor-element elementor-element-e249f31 elementor-widget elementor-widget-heading\" data-id=\"e249f31\" data-element_type=\"widget\" data-e-type=\"widget\" data-widget_type=\"heading.default\">\n\t\t\t\t\t<h3 class=\"elementor-heading-title elementor-size-default\">IPT<\/h3>\t\t\t\t<\/div>\n\t\t\t\t<div class=\"elementor-element elementor-element-be19cc6 elementor-nav-menu__align-start elementor-nav-menu--dropdown-mobile elementor-nav-menu__text-align-aside elementor-nav-menu--toggle elementor-nav-menu--burger elementor-widget elementor-widget-nav-menu\" data-id=\"be19cc6\" data-element_type=\"widget\" data-e-type=\"widget\" data-settings=\"{&quot;layout&quot;:&quot;vertical&quot;,&quot;_animation&quot;:&quot;none&quot;,&quot;submenu_icon&quot;:{&quot;value&quot;:&quot;&lt;svg class=\\&quot;fa-svg-chevron-down e-font-icon-svg e-fas-chevron-down\\&quot; viewBox=\\&quot;0 0 448 512\\&quot; xmlns=\\&quot;http:\\\/\\\/www.w3.org\\\/2000\\\/svg\\&quot;&gt;&lt;path d=\\&quot;M207.029 381.476L12.686 187.132c-9.373-9.373-9.373-24.569 0-33.941l22.667-22.667c9.357-9.357 24.522-9.375 33.901-.04L224 284.505l154.745-154.021c9.379-9.335 24.544-9.317 33.901.04l22.667 22.667c9.373 9.373 9.373 24.569 0 33.941L240.971 381.476c-9.373 9.372-24.569 9.372-33.942 0z\\&quot;&gt;&lt;\\\/path&gt;&lt;\\\/svg&gt;&quot;,&quot;library&quot;:&quot;fa-solid&quot;},&quot;toggle&quot;:&quot;burger&quot;}\" data-widget_type=\"nav-menu.default\">\n\t\t\t\t\t\t\t\t<nav aria-label=\"Men\u00fa\" class=\"elementor-nav-menu--main elementor-nav-menu__container elementor-nav-menu--layout-vertical e--pointer-background e--animation-fade\">\n\t\t\t\t<ul id=\"menu-1-be19cc6\" class=\"elementor-nav-menu sm-vertical\"><li class=\"menu-item menu-item-type-post_type menu-item-object-page menu-item-38291 tc-menu-item tc-menu-depth-0 tc-menu-align-left tc-menu-layout-default\"><a href=\"https:\/\/www.ing.una.py\/FIUNA3\/?page_id=4785\" class=\"elementor-item\" class=\"tc-menu-inner\">Admisi\u00f3n al IPT<\/a><\/li>\n<li class=\"menu-item menu-item-type-post_type menu-item-object-page menu-item-38292 tc-menu-item tc-menu-depth-0 tc-menu-align-left tc-menu-layout-default\"><a href=\"https:\/\/www.ing.una.py\/FIUNA3\/?page_id=785\" class=\"elementor-item\" class=\"tc-menu-inner\">Bachillerato T\u00e9cnico Industrial<\/a><\/li>\n<li class=\"menu-item menu-item-type-custom menu-item-object-custom menu-item-40985 tc-menu-item tc-menu-depth-0 tc-menu-align-left tc-menu-layout-default\"><a target=\"_blank\" href=\"http:\/\/www.ing.una.py\/pdf2016\/ipt-electronica.pdf\" class=\"elementor-item\" class=\"tc-menu-inner\">Dise\u00f1o Curricular | Electr\u00f3nica<\/a><\/li>\n<li class=\"menu-item menu-item-type-custom menu-item-object-custom menu-item-40986 tc-menu-item tc-menu-depth-0 tc-menu-align-left tc-menu-layout-default\"><a target=\"_blank\" href=\"http:\/\/www.ing.una.py\/pdf2016\/ipt-construcciones-civiles.pdf\" class=\"elementor-item\" class=\"tc-menu-inner\">Dise\u00f1o Curricular | Construcciones Civiles<\/a><\/li>\n<li class=\"menu-item menu-item-type-custom menu-item-object-custom menu-item-40987 tc-menu-item tc-menu-depth-0 tc-menu-align-left tc-menu-layout-default\"><a target=\"_blank\" href=\"http:\/\/www.ing.una.py\/pdf2016\/ipt-mecanica.pdf\" class=\"elementor-item\" class=\"tc-menu-inner\">Dise\u00f1o Curricular | Mec\u00e1nica Gral.<\/a><\/li>\n<li class=\"menu-item menu-item-type-post_type menu-item-object-page menu-item-38293 tc-menu-item tc-menu-depth-0 tc-menu-align-left tc-menu-layout-default\"><a href=\"https:\/\/www.ing.una.py\/FIUNA3\/?page_id=4789\" class=\"elementor-item\" class=\"tc-menu-inner\">Perfil global del Egresado<\/a><\/li>\n<li class=\"menu-item menu-item-type-post_type menu-item-object-page menu-item-38456 tc-menu-item tc-menu-depth-0 tc-menu-align-left tc-menu-layout-default\"><a href=\"https:\/\/www.ing.una.py\/FIUNA3\/?page_id=20041\" class=\"elementor-item\" class=\"tc-menu-inner\">Perfil del Bachiller T\u00e9c. en Electr\u00f3nica<\/a><\/li>\n<li class=\"menu-item menu-item-type-post_type menu-item-object-page menu-item-38457 tc-menu-item tc-menu-depth-0 tc-menu-align-left tc-menu-layout-default\"><a href=\"https:\/\/www.ing.una.py\/FIUNA3\/?page_id=20048\" class=\"elementor-item\" class=\"tc-menu-inner\">Perfil del Bachiller T\u00e9c. en Construcciones Civiles<\/a><\/li>\n<li class=\"menu-item menu-item-type-post_type menu-item-object-page menu-item-38458 tc-menu-item tc-menu-depth-0 tc-menu-align-left tc-menu-layout-default\"><a href=\"https:\/\/www.ing.una.py\/FIUNA3\/?page_id=20055\" class=\"elementor-item\" class=\"tc-menu-inner\">Perfil del Bachiller T\u00e9c. en Mec\u00e1nica General<\/a><\/li>\n<li class=\"menu-item menu-item-type-post_type menu-item-object-page menu-item-38454 tc-menu-item tc-menu-depth-0 tc-menu-align-left tc-menu-layout-default\"><a href=\"https:\/\/www.ing.una.py\/FIUNA3\/?page_id=20023\" class=\"elementor-item\" class=\"tc-menu-inner\">Acuerdos y compromisos \u00e9ticos<\/a><\/li>\n<li class=\"menu-item menu-item-type-post_type menu-item-object-page menu-item-38297 tc-menu-item tc-menu-depth-0 tc-menu-align-left tc-menu-layout-default\"><a href=\"https:\/\/www.ing.una.py\/FIUNA3\/?page_id=38144\" class=\"elementor-item\" class=\"tc-menu-inner\">Principios y fundamentos<\/a><\/li>\n<li class=\"menu-item menu-item-type-custom menu-item-object-custom menu-item-38616 tc-menu-item tc-menu-depth-0 tc-menu-align-left tc-menu-layout-default\"><a target=\"_blank\" href=\"http:\/\/www.ing.una.py\/resoluciones2018\/Res81-2018Normas-de-Convivencia2018.pdf\" class=\"elementor-item\" class=\"tc-menu-inner\">Reglamento de convivencia<\/a><\/li>\n<li class=\"menu-item menu-item-type-post_type menu-item-object-page menu-item-38298 tc-menu-item tc-menu-depth-0 tc-menu-align-left tc-menu-layout-default\"><a href=\"https:\/\/www.ing.una.py\/FIUNA3\/?page_id=38145\" class=\"elementor-item\" class=\"tc-menu-inner\">Objetivos Generales y Espec\u00edficos<\/a><\/li>\n<li class=\"menu-item menu-item-type-taxonomy menu-item-object-category menu-item-38511 tc-menu-item tc-menu-depth-0 tc-menu-align-left tc-menu-layout-default\"><a href=\"https:\/\/www.ing.una.py\/FIUNA3\/?cat=98\" class=\"elementor-item\" class=\"tc-menu-inner\">Noticias del IPT<\/a><\/li>\n<\/ul>\t\t\t<\/nav>\n\t\t\t\t\t<div class=\"elementor-menu-toggle\" role=\"button\" tabindex=\"0\" aria-label=\"Alternar men\u00fa\" aria-expanded=\"false\">\n\t\t\t<svg aria-hidden=\"true\" role=\"presentation\" class=\"elementor-menu-toggle__icon--open e-font-icon-svg e-eicon-menu-bar\" viewBox=\"0 0 1000 1000\" xmlns=\"http:\/\/www.w3.org\/2000\/svg\"><path d=\"M104 333H896C929 333 958 304 958 271S929 208 896 208H104C71 208 42 237 42 271S71 333 104 333ZM104 583H896C929 583 958 554 958 521S929 458 896 458H104C71 458 42 487 42 521S71 583 104 583ZM104 833H896C929 833 958 804 958 771S929 708 896 708H104C71 708 42 737 42 771S71 833 104 833Z\"><\/path><\/svg><svg aria-hidden=\"true\" role=\"presentation\" class=\"elementor-menu-toggle__icon--close e-font-icon-svg e-eicon-close\" viewBox=\"0 0 1000 1000\" xmlns=\"http:\/\/www.w3.org\/2000\/svg\"><path d=\"M742 167L500 408 258 167C246 154 233 150 217 150 196 150 179 158 167 167 154 179 150 196 150 212 150 229 154 242 171 254L408 500 167 742C138 771 138 800 167 829 196 858 225 858 254 829L496 587 738 829C750 842 767 846 783 846 800 846 817 842 829 829 842 817 846 804 846 783 846 767 842 750 829 737L588 500 833 258C863 229 863 200 833 171 804 137 775 137 742 167Z\"><\/path><\/svg>\t\t<\/div>\n\t\t\t\t\t<nav class=\"elementor-nav-menu--dropdown elementor-nav-menu__container\" aria-hidden=\"true\">\n\t\t\t\t<ul id=\"menu-2-be19cc6\" class=\"elementor-nav-menu sm-vertical\"><li class=\"menu-item menu-item-type-post_type menu-item-object-page menu-item-38291 tc-menu-item tc-menu-depth-0 tc-menu-align-left tc-menu-layout-default\"><a href=\"https:\/\/www.ing.una.py\/FIUNA3\/?page_id=4785\" class=\"elementor-item\" tabindex=\"-1\" class=\"tc-menu-inner\">Admisi\u00f3n al IPT<\/a><\/li>\n<li class=\"menu-item menu-item-type-post_type menu-item-object-page menu-item-38292 tc-menu-item tc-menu-depth-0 tc-menu-align-left tc-menu-layout-default\"><a href=\"https:\/\/www.ing.una.py\/FIUNA3\/?page_id=785\" class=\"elementor-item\" tabindex=\"-1\" class=\"tc-menu-inner\">Bachillerato T\u00e9cnico Industrial<\/a><\/li>\n<li class=\"menu-item menu-item-type-custom menu-item-object-custom menu-item-40985 tc-menu-item tc-menu-depth-0 tc-menu-align-left tc-menu-layout-default\"><a target=\"_blank\" href=\"http:\/\/www.ing.una.py\/pdf2016\/ipt-electronica.pdf\" class=\"elementor-item\" tabindex=\"-1\" class=\"tc-menu-inner\">Dise\u00f1o Curricular | Electr\u00f3nica<\/a><\/li>\n<li class=\"menu-item menu-item-type-custom menu-item-object-custom menu-item-40986 tc-menu-item tc-menu-depth-0 tc-menu-align-left tc-menu-layout-default\"><a target=\"_blank\" href=\"http:\/\/www.ing.una.py\/pdf2016\/ipt-construcciones-civiles.pdf\" class=\"elementor-item\" tabindex=\"-1\" class=\"tc-menu-inner\">Dise\u00f1o Curricular | Construcciones Civiles<\/a><\/li>\n<li class=\"menu-item menu-item-type-custom menu-item-object-custom menu-item-40987 tc-menu-item tc-menu-depth-0 tc-menu-align-left tc-menu-layout-default\"><a target=\"_blank\" href=\"http:\/\/www.ing.una.py\/pdf2016\/ipt-mecanica.pdf\" class=\"elementor-item\" tabindex=\"-1\" class=\"tc-menu-inner\">Dise\u00f1o Curricular | Mec\u00e1nica Gral.<\/a><\/li>\n<li class=\"menu-item menu-item-type-post_type menu-item-object-page menu-item-38293 tc-menu-item tc-menu-depth-0 tc-menu-align-left tc-menu-layout-default\"><a href=\"https:\/\/www.ing.una.py\/FIUNA3\/?page_id=4789\" class=\"elementor-item\" tabindex=\"-1\" class=\"tc-menu-inner\">Perfil global del Egresado<\/a><\/li>\n<li class=\"menu-item menu-item-type-post_type menu-item-object-page menu-item-38456 tc-menu-item tc-menu-depth-0 tc-menu-align-left tc-menu-layout-default\"><a href=\"https:\/\/www.ing.una.py\/FIUNA3\/?page_id=20041\" class=\"elementor-item\" tabindex=\"-1\" class=\"tc-menu-inner\">Perfil del Bachiller T\u00e9c. en Electr\u00f3nica<\/a><\/li>\n<li class=\"menu-item menu-item-type-post_type menu-item-object-page menu-item-38457 tc-menu-item tc-menu-depth-0 tc-menu-align-left tc-menu-layout-default\"><a href=\"https:\/\/www.ing.una.py\/FIUNA3\/?page_id=20048\" class=\"elementor-item\" tabindex=\"-1\" class=\"tc-menu-inner\">Perfil del Bachiller T\u00e9c. en Construcciones Civiles<\/a><\/li>\n<li class=\"menu-item menu-item-type-post_type menu-item-object-page menu-item-38458 tc-menu-item tc-menu-depth-0 tc-menu-align-left tc-menu-layout-default\"><a href=\"https:\/\/www.ing.una.py\/FIUNA3\/?page_id=20055\" class=\"elementor-item\" tabindex=\"-1\" class=\"tc-menu-inner\">Perfil del Bachiller T\u00e9c. en Mec\u00e1nica General<\/a><\/li>\n<li class=\"menu-item menu-item-type-post_type menu-item-object-page menu-item-38454 tc-menu-item tc-menu-depth-0 tc-menu-align-left tc-menu-layout-default\"><a href=\"https:\/\/www.ing.una.py\/FIUNA3\/?page_id=20023\" class=\"elementor-item\" tabindex=\"-1\" class=\"tc-menu-inner\">Acuerdos y compromisos \u00e9ticos<\/a><\/li>\n<li class=\"menu-item menu-item-type-post_type menu-item-object-page menu-item-38297 tc-menu-item tc-menu-depth-0 tc-menu-align-left tc-menu-layout-default\"><a href=\"https:\/\/www.ing.una.py\/FIUNA3\/?page_id=38144\" class=\"elementor-item\" tabindex=\"-1\" class=\"tc-menu-inner\">Principios y fundamentos<\/a><\/li>\n<li class=\"menu-item menu-item-type-custom menu-item-object-custom menu-item-38616 tc-menu-item tc-menu-depth-0 tc-menu-align-left tc-menu-layout-default\"><a target=\"_blank\" href=\"http:\/\/www.ing.una.py\/resoluciones2018\/Res81-2018Normas-de-Convivencia2018.pdf\" class=\"elementor-item\" tabindex=\"-1\" class=\"tc-menu-inner\">Reglamento de convivencia<\/a><\/li>\n<li class=\"menu-item menu-item-type-post_type menu-item-object-page menu-item-38298 tc-menu-item tc-menu-depth-0 tc-menu-align-left tc-menu-layout-default\"><a href=\"https:\/\/www.ing.una.py\/FIUNA3\/?page_id=38145\" class=\"elementor-item\" tabindex=\"-1\" class=\"tc-menu-inner\">Objetivos Generales y Espec\u00edficos<\/a><\/li>\n<li class=\"menu-item menu-item-type-taxonomy menu-item-object-category menu-item-38511 tc-menu-item tc-menu-depth-0 tc-menu-align-left tc-menu-layout-default\"><a href=\"https:\/\/www.ing.una.py\/FIUNA3\/?cat=98\" class=\"elementor-item\" tabindex=\"-1\" class=\"tc-menu-inner\">Noticias del IPT<\/a><\/li>\n<\/ul>\t\t\t<\/nav>\n\t\t\t\t\t\t<\/div>\n\t\t\t\t\t<\/div>\n\t\t<\/div>\n\t\t\t\t\t<\/div>\n\t\t<\/section>\n\t\t\t\t<\/div>\n\t\t","protected":false},"excerpt":{"rendered":"<p>Perfil del Bachiller T\u00e9cnico Industrial en Electr\u00f3nica Del Instituto Paraguayo de Telecomunicaciones Al t\u00e9rmino de los tres a\u00f1os de formaci\u00f3n del Bachiller T\u00e9cnico Industrial en Electr\u00f3nica, el egresado es un profesional de mando medio con acabados conocimientos te\u00f3ricos y pr\u00e1cticos que lo habilita para insertarse en el campo laboral, convirti\u00e9ndolo en un personal t\u00e9cnico eficaz y eficiente, con las suficientes capacidades y cualidades para desarrollar las diversas actividades que hacen al mundo del trabajo. En el marco de la investigaci\u00f3n Brindar apoyo en la b\u00fasqueda de soluciones a los diversos problemas de diagn\u00f3stico y reparaci\u00f3n de equipamiento electr\u00f3nico b\u00e1sico. Verificar &hellip; <\/p>\n","protected":false},"author":1,"featured_media":0,"parent":785,"menu_order":0,"comment_status":"closed","ping_status":"closed","template":"","meta":{"_bbp_topic_count":0,"_bbp_reply_count":0,"_bbp_total_topic_count":0,"_bbp_total_reply_count":0,"_bbp_voice_count":0,"_bbp_anonymous_reply_count":0,"_bbp_topic_count_hidden":0,"_bbp_reply_count_hidden":0,"_bbp_forum_subforum_count":0,"advanced_seo_description":"","jetpack_seo_html_title":"","jetpack_seo_noindex":false,"jetpack_post_was_ever_published":false,"footnotes":""},"class_list":["post-20041","page","type-page","status-publish","hentry"],"jetpack_shortlink":"https:\/\/wp.me\/Pc8Odv-5df","jetpack_likes_enabled":true,"jetpack_sharing_enabled":true,"jetpack-related-posts":[],"_links":{"self":[{"href":"https:\/\/www.ing.una.py\/FIUNA3\/index.php?rest_route=\/wp\/v2\/pages\/20041","targetHints":{"allow":["GET"]}}],"collection":[{"href":"https:\/\/www.ing.una.py\/FIUNA3\/index.php?rest_route=\/wp\/v2\/pages"}],"about":[{"href":"https:\/\/www.ing.una.py\/FIUNA3\/index.php?rest_route=\/wp\/v2\/types\/page"}],"author":[{"embeddable":true,"href":"https:\/\/www.ing.una.py\/FIUNA3\/index.php?rest_route=\/wp\/v2\/users\/1"}],"replies":[{"embeddable":true,"href":"https:\/\/www.ing.una.py\/FIUNA3\/index.php?rest_route=%2Fwp%2Fv2%2Fcomments&post=20041"}],"version-history":[{"count":9,"href":"https:\/\/www.ing.una.py\/FIUNA3\/index.php?rest_route=\/wp\/v2\/pages\/20041\/revisions"}],"predecessor-version":[{"id":67305,"href":"https:\/\/www.ing.una.py\/FIUNA3\/index.php?rest_route=\/wp\/v2\/pages\/20041\/revisions\/67305"}],"up":[{"embeddable":true,"href":"https:\/\/www.ing.una.py\/FIUNA3\/index.php?rest_route=\/wp\/v2\/pages\/785"}],"wp:attachment":[{"href":"https:\/\/www.ing.una.py\/FIUNA3\/index.php?rest_route=%2Fwp%2Fv2%2Fmedia&parent=20041"}],"curies":[{"name":"wp","href":"https:\/\/api.w.org\/{rel}","templated":true}]}}