{"id":20055,"date":"2016-08-16T14:09:43","date_gmt":"2016-08-16T18:09:43","guid":{"rendered":"http:\/\/www.ing.una.py\/?page_id=20055"},"modified":"2024-08-23T14:15:55","modified_gmt":"2024-08-23T18:15:55","slug":"perfil-del-bachiller-tecnico-en-mecanica-general","status":"publish","type":"page","link":"https:\/\/www.ing.una.py\/FIUNA3\/?page_id=20055","title":{"rendered":"Perfil del Bachiller T\u00e9cnico en Mec\u00e1nica General"},"content":{"rendered":"\t\t<div data-elementor-type=\"wp-page\" data-elementor-id=\"20055\" class=\"elementor elementor-20055\" data-elementor-post-type=\"page\">\n\t\t\t\t\t\t<section class=\"elementor-section elementor-top-section elementor-element elementor-element-0d66a61 elementor-section-boxed elementor-section-height-default elementor-section-height-default\" data-id=\"0d66a61\" data-element_type=\"section\" data-e-type=\"section\">\n\t\t\t\t\t\t<div class=\"elementor-container elementor-column-gap-default\">\n\t\t\t\t\t<div class=\"elementor-column elementor-col-66 elementor-top-column elementor-element elementor-element-fd1080f\" data-id=\"fd1080f\" data-element_type=\"column\" data-e-type=\"column\">\n\t\t\t<div class=\"elementor-widget-wrap elementor-element-populated\">\n\t\t\t\t\t\t<div class=\"elementor-element elementor-element-e05edf6 elementor-widget thim-ekits-heading elementor-widget-thim-heading\" data-id=\"e05edf6\" data-element_type=\"widget\" data-e-type=\"widget\" data-widget_type=\"thim-heading.default\">\n\t\t\t\t<div class=\"elementor-widget-container\">\n\t\t\t\t\t<div class=\"sc_heading\"><h3 class=\"title\">Perfil del Bachiller T\u00e9cnico en Mec\u00e1nica General <\/h3><div class=\"sub-heading\"><p>Del Instituto Paraguayo de Telecomunicaciones <\/p>\n<\/div><span class=\"line\"><\/span><\/div>\t\t\t\t<\/div>\n\t\t\t\t<\/div>\n\t\t\t\t<div class=\"elementor-element elementor-element-1543b7f2 elementor-widget elementor-widget-text-editor\" data-id=\"1543b7f2\" data-element_type=\"widget\" data-e-type=\"widget\" data-widget_type=\"text-editor.default\">\n\t\t\t\t\t\t\t\t\t<p><![CDATA[El Bachiller T\u00e9cnico en Mec\u00e1nica General es un profesional de mando medio, quien\u00a0 podr\u00e1 desempe\u00f1arse en empresas de peque\u00f1a y mediana escala (PYMES) y tambi\u00e9n en empresas de gran porte, supliendo as\u00ed una marcada necesidad en empresas instaladas y pr\u00f3ximas a instalarse en el pa\u00eds. De igual forma podr\u00e1 aplicar las capacidades adquiridas como profesional independiente en el sector privado.<\/p>\n<p><h3]]><strong>El Bachiller T\u00e9cnico Industrial en Mec\u00e1nica General<\/strong>, en el \u00e1mbito de las competencias es capaz de:<\/p><ul><li>Interpretar los principios cient\u00edficos en las actividades de investigaci\u00f3n tecnol\u00f3gica relacionada con los adelantos, innovaciones, adaptaciones y optimizaci\u00f3n en el campo de la Mec\u00e1nica.<\/li><li>Interpretar principios de administraci\u00f3n industrial, en el dise\u00f1o, organizaci\u00f3n, funcionamiento y en ejecuciones de las tareas en un taller de producci\u00f3n y servicios mec\u00e1nicos.<\/li><li>Interpretar principios de legislaci\u00f3n laboral en las gestiones para las instalaciones, montajes, normas y servicios mec\u00e1nicos.<\/li><li>Elaborar proyectos mec\u00e1nicos, dise\u00f1ando y calculando.<\/li><li>Seleccionar los equipos, m\u00e1quinas, herramientas, instrumentos y utillajes que se debe emplear para realizar un proyecto.<\/li><li>Elaborar presupuesto de los proyectos, trabajos y fabricaci\u00f3n de piezas mec\u00e1nica en un taller de producci\u00f3n industrial.<\/li><li>Recomendar las especificaciones t\u00e9cnicas, caracter\u00edsticas el\u00e9ctricas y mec\u00e1nicas de los equipamientos, materiales a ser empleado en la fabricaci\u00f3n de piezas y equipos mec\u00e1nicos.<\/li><li>Determinar procesos y procedimientos de fabricaci\u00f3n mec\u00e1nica, indicando los equipos, m\u00e1quinas, instrumentos, herramientas, utillajes, materiales, tiempos y personales necesarios.<\/li><li>Emplear principios tecnol\u00f3gicos en la selecci\u00f3n de los equipamientos de un taller de mec\u00e1nica general<\/li><li>Aplicar conocimientos tecnol\u00f3gicos en la identificaci\u00f3n y resoluci\u00f3n de problemas en las distintas etapas de los procesos de fabricaci\u00f3n mec\u00e1nicas industrial.<\/li><li>Organizar el espacio f\u00edsico, los equipos, las m\u00e1quinas, herramientas, los materiales, y el personal operativo a ser empleado en los trabajos de producci\u00f3n industrial.<\/li><li>Emplear las m\u00e1quinas, los equipos, herramientas, instrumentos y los procedimientos en los procesos de fabricaci\u00f3n, reparaci\u00f3n y mantenimientos mec\u00e1nicos.<\/li><li>Utilizar procedimientos de control de calidad en el taller y laboratorio para verificar el avance del trabajo manejando equipos, registrando datos, graficando resultados y evaluando la fabricaci\u00f3n y producci\u00f3n mec\u00e1nica.<\/li><li>Aplicar los principios de higiene y normas de seguridad industrial requerida en el taller de producci\u00f3n industrial.<\/li><li>Ejecutar el control de calidad en las distintas etapas del proceso de producci\u00f3n industrial.<\/li><li>Supervisar el cumplimiento de las especificaciones t\u00e9cnicas y de las normas preestablecidas para los procesos de producci\u00f3n mec\u00e1nica industrial.<\/li><li>Diagnosticar el buen funcionamiento de las m\u00e1quinas y equipos mec\u00e1nicos empleado en el taller mec\u00e1nico de producci\u00f3n industrial.<\/li><li>Orientar al personal operativo a su cargo para ejecutar las tareas de producci\u00f3n y servicios en el taller mec\u00e1nico.<\/li><li>Prestar asistencia t\u00e9cnica, promoviendo y recomendando las especificaciones, presupuesto en el sector de compra y venta conexas con la producci\u00f3n y servicios industriales.<\/li><\/ul><h4>En el aspecto transversal<\/h4><ul><li>Desarrollar el pensamiento cr\u00edtico y productivo desarrollar.<\/li><li>Demostrar una educaci\u00f3n ambiental y un desarrollo sostenible.<\/li><li>Orientar la educaci\u00f3n democr\u00e1tica.<\/li><li>Establecer una educaci\u00f3n familiar y el desarrollo personal.<\/li><li>Contribuir con el progreso del pa\u00eds.<\/li><\/ul>\t\t\t\t\t\t\t\t<\/div>\n\t\t\t\t\t<\/div>\n\t\t<\/div>\n\t\t\t\t<div class=\"elementor-column elementor-col-33 elementor-top-column elementor-element elementor-element-885c4d8\" data-id=\"885c4d8\" data-element_type=\"column\" data-e-type=\"column\">\n\t\t\t<div class=\"elementor-widget-wrap elementor-element-populated\">\n\t\t\t\t\t\t<div class=\"elementor-element elementor-element-034eed1 elementor-widget elementor-widget-heading\" data-id=\"034eed1\" data-element_type=\"widget\" data-e-type=\"widget\" data-widget_type=\"heading.default\">\n\t\t\t\t\t<h3 class=\"elementor-heading-title elementor-size-default\">IPT<\/h3>\t\t\t\t<\/div>\n\t\t\t\t<div class=\"elementor-element elementor-element-196318f elementor-nav-menu__align-start elementor-nav-menu--dropdown-mobile elementor-nav-menu__text-align-aside elementor-nav-menu--toggle elementor-nav-menu--burger elementor-widget elementor-widget-nav-menu\" data-id=\"196318f\" data-element_type=\"widget\" data-e-type=\"widget\" data-settings=\"{&quot;layout&quot;:&quot;vertical&quot;,&quot;_animation&quot;:&quot;none&quot;,&quot;submenu_icon&quot;:{&quot;value&quot;:&quot;&lt;svg class=\\&quot;fa-svg-chevron-down e-font-icon-svg e-fas-chevron-down\\&quot; viewBox=\\&quot;0 0 448 512\\&quot; xmlns=\\&quot;http:\\\/\\\/www.w3.org\\\/2000\\\/svg\\&quot;&gt;&lt;path d=\\&quot;M207.029 381.476L12.686 187.132c-9.373-9.373-9.373-24.569 0-33.941l22.667-22.667c9.357-9.357 24.522-9.375 33.901-.04L224 284.505l154.745-154.021c9.379-9.335 24.544-9.317 33.901.04l22.667 22.667c9.373 9.373 9.373 24.569 0 33.941L240.971 381.476c-9.373 9.372-24.569 9.372-33.942 0z\\&quot;&gt;&lt;\\\/path&gt;&lt;\\\/svg&gt;&quot;,&quot;library&quot;:&quot;fa-solid&quot;},&quot;toggle&quot;:&quot;burger&quot;}\" data-widget_type=\"nav-menu.default\">\n\t\t\t\t\t\t\t\t<nav aria-label=\"Men\u00fa\" class=\"elementor-nav-menu--main elementor-nav-menu__container elementor-nav-menu--layout-vertical e--pointer-background e--animation-fade\">\n\t\t\t\t<ul id=\"menu-1-196318f\" class=\"elementor-nav-menu sm-vertical\"><li class=\"menu-item menu-item-type-post_type menu-item-object-page menu-item-38291 tc-menu-item tc-menu-depth-0 tc-menu-align-left tc-menu-layout-default\"><a href=\"https:\/\/www.ing.una.py\/FIUNA3\/?page_id=4785\" class=\"elementor-item\" class=\"tc-menu-inner\">Admisi\u00f3n al IPT<\/a><\/li>\n<li class=\"menu-item menu-item-type-post_type menu-item-object-page menu-item-38292 tc-menu-item tc-menu-depth-0 tc-menu-align-left tc-menu-layout-default\"><a href=\"https:\/\/www.ing.una.py\/FIUNA3\/?page_id=785\" class=\"elementor-item\" class=\"tc-menu-inner\">Bachillerato T\u00e9cnico Industrial<\/a><\/li>\n<li class=\"menu-item menu-item-type-custom menu-item-object-custom menu-item-40985 tc-menu-item tc-menu-depth-0 tc-menu-align-left tc-menu-layout-default\"><a target=\"_blank\" href=\"http:\/\/www.ing.una.py\/pdf2016\/ipt-electronica.pdf\" class=\"elementor-item\" class=\"tc-menu-inner\">Dise\u00f1o Curricular | Electr\u00f3nica<\/a><\/li>\n<li class=\"menu-item menu-item-type-custom menu-item-object-custom menu-item-40986 tc-menu-item tc-menu-depth-0 tc-menu-align-left tc-menu-layout-default\"><a target=\"_blank\" href=\"http:\/\/www.ing.una.py\/pdf2016\/ipt-construcciones-civiles.pdf\" class=\"elementor-item\" class=\"tc-menu-inner\">Dise\u00f1o Curricular | Construcciones Civiles<\/a><\/li>\n<li class=\"menu-item menu-item-type-custom menu-item-object-custom menu-item-40987 tc-menu-item tc-menu-depth-0 tc-menu-align-left tc-menu-layout-default\"><a target=\"_blank\" href=\"http:\/\/www.ing.una.py\/pdf2016\/ipt-mecanica.pdf\" class=\"elementor-item\" class=\"tc-menu-inner\">Dise\u00f1o Curricular | Mec\u00e1nica Gral.<\/a><\/li>\n<li class=\"menu-item menu-item-type-post_type menu-item-object-page menu-item-38293 tc-menu-item tc-menu-depth-0 tc-menu-align-left tc-menu-layout-default\"><a href=\"https:\/\/www.ing.una.py\/FIUNA3\/?page_id=4789\" class=\"elementor-item\" class=\"tc-menu-inner\">Perfil global del Egresado<\/a><\/li>\n<li class=\"menu-item menu-item-type-post_type menu-item-object-page menu-item-38456 tc-menu-item tc-menu-depth-0 tc-menu-align-left tc-menu-layout-default\"><a href=\"https:\/\/www.ing.una.py\/FIUNA3\/?page_id=20041\" class=\"elementor-item\" class=\"tc-menu-inner\">Perfil del Bachiller T\u00e9c. en Electr\u00f3nica<\/a><\/li>\n<li class=\"menu-item menu-item-type-post_type menu-item-object-page menu-item-38457 tc-menu-item tc-menu-depth-0 tc-menu-align-left tc-menu-layout-default\"><a href=\"https:\/\/www.ing.una.py\/FIUNA3\/?page_id=20048\" class=\"elementor-item\" class=\"tc-menu-inner\">Perfil del Bachiller T\u00e9c. en Construcciones Civiles<\/a><\/li>\n<li class=\"menu-item menu-item-type-post_type menu-item-object-page menu-item-38458 tc-menu-item tc-menu-depth-0 tc-menu-align-left tc-menu-layout-default\"><a href=\"https:\/\/www.ing.una.py\/FIUNA3\/?page_id=20055\" class=\"elementor-item\" class=\"tc-menu-inner\">Perfil del Bachiller T\u00e9c. en Mec\u00e1nica General<\/a><\/li>\n<li class=\"menu-item menu-item-type-post_type menu-item-object-page menu-item-38454 tc-menu-item tc-menu-depth-0 tc-menu-align-left tc-menu-layout-default\"><a href=\"https:\/\/www.ing.una.py\/FIUNA3\/?page_id=20023\" class=\"elementor-item\" class=\"tc-menu-inner\">Acuerdos y compromisos \u00e9ticos<\/a><\/li>\n<li class=\"menu-item menu-item-type-post_type menu-item-object-page menu-item-38297 tc-menu-item tc-menu-depth-0 tc-menu-align-left tc-menu-layout-default\"><a href=\"https:\/\/www.ing.una.py\/FIUNA3\/?page_id=38144\" class=\"elementor-item\" class=\"tc-menu-inner\">Principios y fundamentos<\/a><\/li>\n<li class=\"menu-item menu-item-type-custom menu-item-object-custom menu-item-38616 tc-menu-item tc-menu-depth-0 tc-menu-align-left tc-menu-layout-default\"><a target=\"_blank\" href=\"http:\/\/www.ing.una.py\/resoluciones2018\/Res81-2018Normas-de-Convivencia2018.pdf\" class=\"elementor-item\" class=\"tc-menu-inner\">Reglamento de convivencia<\/a><\/li>\n<li class=\"menu-item menu-item-type-post_type menu-item-object-page menu-item-38298 tc-menu-item tc-menu-depth-0 tc-menu-align-left tc-menu-layout-default\"><a href=\"https:\/\/www.ing.una.py\/FIUNA3\/?page_id=38145\" class=\"elementor-item\" class=\"tc-menu-inner\">Objetivos Generales y Espec\u00edficos<\/a><\/li>\n<li class=\"menu-item menu-item-type-taxonomy menu-item-object-category menu-item-38511 tc-menu-item tc-menu-depth-0 tc-menu-align-left tc-menu-layout-default\"><a href=\"https:\/\/www.ing.una.py\/FIUNA3\/?cat=98\" class=\"elementor-item\" class=\"tc-menu-inner\">Noticias del IPT<\/a><\/li>\n<\/ul>\t\t\t<\/nav>\n\t\t\t\t\t<div class=\"elementor-menu-toggle\" role=\"button\" tabindex=\"0\" aria-label=\"Alternar men\u00fa\" aria-expanded=\"false\">\n\t\t\t<svg aria-hidden=\"true\" role=\"presentation\" class=\"elementor-menu-toggle__icon--open e-font-icon-svg e-eicon-menu-bar\" viewBox=\"0 0 1000 1000\" xmlns=\"http:\/\/www.w3.org\/2000\/svg\"><path d=\"M104 333H896C929 333 958 304 958 271S929 208 896 208H104C71 208 42 237 42 271S71 333 104 333ZM104 583H896C929 583 958 554 958 521S929 458 896 458H104C71 458 42 487 42 521S71 583 104 583ZM104 833H896C929 833 958 804 958 771S929 708 896 708H104C71 708 42 737 42 771S71 833 104 833Z\"><\/path><\/svg><svg aria-hidden=\"true\" role=\"presentation\" class=\"elementor-menu-toggle__icon--close e-font-icon-svg e-eicon-close\" viewBox=\"0 0 1000 1000\" xmlns=\"http:\/\/www.w3.org\/2000\/svg\"><path d=\"M742 167L500 408 258 167C246 154 233 150 217 150 196 150 179 158 167 167 154 179 150 196 150 212 150 229 154 242 171 254L408 500 167 742C138 771 138 800 167 829 196 858 225 858 254 829L496 587 738 829C750 842 767 846 783 846 800 846 817 842 829 829 842 817 846 804 846 783 846 767 842 750 829 737L588 500 833 258C863 229 863 200 833 171 804 137 775 137 742 167Z\"><\/path><\/svg>\t\t<\/div>\n\t\t\t\t\t<nav class=\"elementor-nav-menu--dropdown elementor-nav-menu__container\" aria-hidden=\"true\">\n\t\t\t\t<ul id=\"menu-2-196318f\" class=\"elementor-nav-menu sm-vertical\"><li class=\"menu-item menu-item-type-post_type menu-item-object-page menu-item-38291 tc-menu-item tc-menu-depth-0 tc-menu-align-left tc-menu-layout-default\"><a href=\"https:\/\/www.ing.una.py\/FIUNA3\/?page_id=4785\" class=\"elementor-item\" tabindex=\"-1\" class=\"tc-menu-inner\">Admisi\u00f3n al IPT<\/a><\/li>\n<li class=\"menu-item menu-item-type-post_type menu-item-object-page menu-item-38292 tc-menu-item tc-menu-depth-0 tc-menu-align-left tc-menu-layout-default\"><a href=\"https:\/\/www.ing.una.py\/FIUNA3\/?page_id=785\" class=\"elementor-item\" tabindex=\"-1\" class=\"tc-menu-inner\">Bachillerato T\u00e9cnico Industrial<\/a><\/li>\n<li class=\"menu-item menu-item-type-custom menu-item-object-custom menu-item-40985 tc-menu-item tc-menu-depth-0 tc-menu-align-left tc-menu-layout-default\"><a target=\"_blank\" href=\"http:\/\/www.ing.una.py\/pdf2016\/ipt-electronica.pdf\" class=\"elementor-item\" tabindex=\"-1\" class=\"tc-menu-inner\">Dise\u00f1o Curricular | Electr\u00f3nica<\/a><\/li>\n<li class=\"menu-item menu-item-type-custom menu-item-object-custom menu-item-40986 tc-menu-item tc-menu-depth-0 tc-menu-align-left tc-menu-layout-default\"><a target=\"_blank\" href=\"http:\/\/www.ing.una.py\/pdf2016\/ipt-construcciones-civiles.pdf\" class=\"elementor-item\" tabindex=\"-1\" class=\"tc-menu-inner\">Dise\u00f1o Curricular | Construcciones Civiles<\/a><\/li>\n<li class=\"menu-item menu-item-type-custom menu-item-object-custom menu-item-40987 tc-menu-item tc-menu-depth-0 tc-menu-align-left tc-menu-layout-default\"><a target=\"_blank\" href=\"http:\/\/www.ing.una.py\/pdf2016\/ipt-mecanica.pdf\" class=\"elementor-item\" tabindex=\"-1\" class=\"tc-menu-inner\">Dise\u00f1o Curricular | Mec\u00e1nica Gral.<\/a><\/li>\n<li class=\"menu-item menu-item-type-post_type menu-item-object-page menu-item-38293 tc-menu-item tc-menu-depth-0 tc-menu-align-left tc-menu-layout-default\"><a href=\"https:\/\/www.ing.una.py\/FIUNA3\/?page_id=4789\" class=\"elementor-item\" tabindex=\"-1\" class=\"tc-menu-inner\">Perfil global del Egresado<\/a><\/li>\n<li class=\"menu-item menu-item-type-post_type menu-item-object-page menu-item-38456 tc-menu-item tc-menu-depth-0 tc-menu-align-left tc-menu-layout-default\"><a href=\"https:\/\/www.ing.una.py\/FIUNA3\/?page_id=20041\" class=\"elementor-item\" tabindex=\"-1\" class=\"tc-menu-inner\">Perfil del Bachiller T\u00e9c. en Electr\u00f3nica<\/a><\/li>\n<li class=\"menu-item menu-item-type-post_type menu-item-object-page menu-item-38457 tc-menu-item tc-menu-depth-0 tc-menu-align-left tc-menu-layout-default\"><a href=\"https:\/\/www.ing.una.py\/FIUNA3\/?page_id=20048\" class=\"elementor-item\" tabindex=\"-1\" class=\"tc-menu-inner\">Perfil del Bachiller T\u00e9c. en Construcciones Civiles<\/a><\/li>\n<li class=\"menu-item menu-item-type-post_type menu-item-object-page menu-item-38458 tc-menu-item tc-menu-depth-0 tc-menu-align-left tc-menu-layout-default\"><a href=\"https:\/\/www.ing.una.py\/FIUNA3\/?page_id=20055\" class=\"elementor-item\" tabindex=\"-1\" class=\"tc-menu-inner\">Perfil del Bachiller T\u00e9c. en Mec\u00e1nica General<\/a><\/li>\n<li class=\"menu-item menu-item-type-post_type menu-item-object-page menu-item-38454 tc-menu-item tc-menu-depth-0 tc-menu-align-left tc-menu-layout-default\"><a href=\"https:\/\/www.ing.una.py\/FIUNA3\/?page_id=20023\" class=\"elementor-item\" tabindex=\"-1\" class=\"tc-menu-inner\">Acuerdos y compromisos \u00e9ticos<\/a><\/li>\n<li class=\"menu-item menu-item-type-post_type menu-item-object-page menu-item-38297 tc-menu-item tc-menu-depth-0 tc-menu-align-left tc-menu-layout-default\"><a href=\"https:\/\/www.ing.una.py\/FIUNA3\/?page_id=38144\" class=\"elementor-item\" tabindex=\"-1\" class=\"tc-menu-inner\">Principios y fundamentos<\/a><\/li>\n<li class=\"menu-item menu-item-type-custom menu-item-object-custom menu-item-38616 tc-menu-item tc-menu-depth-0 tc-menu-align-left tc-menu-layout-default\"><a target=\"_blank\" href=\"http:\/\/www.ing.una.py\/resoluciones2018\/Res81-2018Normas-de-Convivencia2018.pdf\" class=\"elementor-item\" tabindex=\"-1\" class=\"tc-menu-inner\">Reglamento de convivencia<\/a><\/li>\n<li class=\"menu-item menu-item-type-post_type menu-item-object-page menu-item-38298 tc-menu-item tc-menu-depth-0 tc-menu-align-left tc-menu-layout-default\"><a href=\"https:\/\/www.ing.una.py\/FIUNA3\/?page_id=38145\" class=\"elementor-item\" tabindex=\"-1\" class=\"tc-menu-inner\">Objetivos Generales y Espec\u00edficos<\/a><\/li>\n<li class=\"menu-item menu-item-type-taxonomy menu-item-object-category menu-item-38511 tc-menu-item tc-menu-depth-0 tc-menu-align-left tc-menu-layout-default\"><a href=\"https:\/\/www.ing.una.py\/FIUNA3\/?cat=98\" class=\"elementor-item\" tabindex=\"-1\" class=\"tc-menu-inner\">Noticias del IPT<\/a><\/li>\n<\/ul>\t\t\t<\/nav>\n\t\t\t\t\t\t<\/div>\n\t\t\t\t\t<\/div>\n\t\t<\/div>\n\t\t\t\t\t<\/div>\n\t\t<\/section>\n\t\t\t\t<\/div>\n\t\t","protected":false},"excerpt":{"rendered":"<p>Perfil del Bachiller T\u00e9cnico en Mec\u00e1nica General Del Instituto Paraguayo de Telecomunicaciones<\/p>\n","protected":false},"author":1,"featured_media":0,"parent":785,"menu_order":0,"comment_status":"closed","ping_status":"closed","template":"","meta":{"_bbp_topic_count":0,"_bbp_reply_count":0,"_bbp_total_topic_count":0,"_bbp_total_reply_count":0,"_bbp_voice_count":0,"_bbp_anonymous_reply_count":0,"_bbp_topic_count_hidden":0,"_bbp_reply_count_hidden":0,"_bbp_forum_subforum_count":0,"advanced_seo_description":"","jetpack_seo_html_title":"","jetpack_seo_noindex":false,"jetpack_post_was_ever_published":false,"footnotes":""},"class_list":["post-20055","page","type-page","status-publish","hentry"],"jetpack_shortlink":"https:\/\/wp.me\/Pc8Odv-5dt","jetpack_likes_enabled":true,"jetpack_sharing_enabled":true,"jetpack-related-posts":[],"_links":{"self":[{"href":"https:\/\/www.ing.una.py\/FIUNA3\/index.php?rest_route=\/wp\/v2\/pages\/20055","targetHints":{"allow":["GET"]}}],"collection":[{"href":"https:\/\/www.ing.una.py\/FIUNA3\/index.php?rest_route=\/wp\/v2\/pages"}],"about":[{"href":"https:\/\/www.ing.una.py\/FIUNA3\/index.php?rest_route=\/wp\/v2\/types\/page"}],"author":[{"embeddable":true,"href":"https:\/\/www.ing.una.py\/FIUNA3\/index.php?rest_route=\/wp\/v2\/users\/1"}],"replies":[{"embeddable":true,"href":"https:\/\/www.ing.una.py\/FIUNA3\/index.php?rest_route=%2Fwp%2Fv2%2Fcomments&post=20055"}],"version-history":[{"count":3,"href":"https:\/\/www.ing.una.py\/FIUNA3\/index.php?rest_route=\/wp\/v2\/pages\/20055\/revisions"}],"predecessor-version":[{"id":67314,"href":"https:\/\/www.ing.una.py\/FIUNA3\/index.php?rest_route=\/wp\/v2\/pages\/20055\/revisions\/67314"}],"up":[{"embeddable":true,"href":"https:\/\/www.ing.una.py\/FIUNA3\/index.php?rest_route=\/wp\/v2\/pages\/785"}],"wp:attachment":[{"href":"https:\/\/www.ing.una.py\/FIUNA3\/index.php?rest_route=%2Fwp%2Fv2%2Fmedia&parent=20055"}],"curies":[{"name":"wp","href":"https:\/\/api.w.org\/{rel}","templated":true}]}}