{"id":2156,"date":"2012-07-31T15:04:12","date_gmt":"2012-07-31T15:04:12","guid":{"rendered":"http:\/\/www.ing.una.py\/fiuna_wp\/?page_id=2156"},"modified":"2024-04-23T15:22:53","modified_gmt":"2024-04-23T19:22:53","slug":"jefes-de-catedra-cursos-basicos","status":"publish","type":"page","link":"https:\/\/www.ing.una.py\/FIUNA3\/?page_id=2156","title":{"rendered":"Jefes de c\u00e1tedras | Ciencias B\u00e1sicas"},"content":{"rendered":"\t\t<div data-elementor-type=\"wp-page\" data-elementor-id=\"2156\" class=\"elementor elementor-2156\" data-elementor-post-type=\"page\">\n\t\t\t\t\t\t<section class=\"elementor-section elementor-top-section elementor-element elementor-element-ee90f05 elementor-section-boxed elementor-section-height-default elementor-section-height-default\" data-id=\"ee90f05\" data-element_type=\"section\" data-e-type=\"section\">\n\t\t\t\t\t\t<div class=\"elementor-container elementor-column-gap-default\">\n\t\t\t\t\t<div class=\"elementor-column elementor-col-66 elementor-top-column elementor-element elementor-element-399e01b\" data-id=\"399e01b\" data-element_type=\"column\" data-e-type=\"column\">\n\t\t\t<div class=\"elementor-widget-wrap elementor-element-populated\">\n\t\t\t\t\t\t<div class=\"elementor-element elementor-element-1bb5371 elementor-widget thim-ekits-heading elementor-widget-thim-heading\" data-id=\"1bb5371\" data-element_type=\"widget\" data-e-type=\"widget\" data-widget_type=\"thim-heading.default\">\n\t\t\t\t<div class=\"elementor-widget-container\">\n\t\t\t\t\t<div class=\"sc_heading\"><h3 class=\"title\">Ciencias B\u00e1sicas <\/h3><span class=\"line\"><\/span><\/div>\t\t\t\t<\/div>\n\t\t\t\t<\/div>\n\t\t\t\t<div class=\"elementor-element elementor-element-7030b3a elementor-tabs-view-horizontal elementor-widget elementor-widget-tabs\" data-id=\"7030b3a\" data-element_type=\"widget\" data-e-type=\"widget\" data-widget_type=\"tabs.default\">\n\t\t\t\t\t\t\t<div class=\"elementor-tabs\">\n\t\t\t<div class=\"elementor-tabs-wrapper\" role=\"tablist\" >\n\t\t\t\t\t\t\t\t\t<div id=\"elementor-tab-title-1171\" class=\"elementor-tab-title elementor-tab-desktop-title\" aria-selected=\"true\" data-tab=\"1\" role=\"tab\" tabindex=\"0\" aria-controls=\"elementor-tab-content-1171\" aria-expanded=\"false\">Ciclo b\u00e1sico<\/div>\n\t\t\t\t\t\t\t<\/div>\n\t\t\t<div class=\"elementor-tabs-content-wrapper\" role=\"tablist\" aria-orientation=\"vertical\">\n\t\t\t\t\t\t\t\t\t<div class=\"elementor-tab-title elementor-tab-mobile-title\" aria-selected=\"true\" data-tab=\"1\" role=\"tab\" tabindex=\"0\" aria-controls=\"elementor-tab-content-1171\" aria-expanded=\"false\">Ciclo b\u00e1sico<\/div>\n\t\t\t\t\t<div id=\"elementor-tab-content-1171\" class=\"elementor-tab-content elementor-clearfix\" data-tab=\"1\" role=\"tabpanel\" aria-labelledby=\"elementor-tab-title-1171\" tabindex=\"0\" hidden=\"false\"><p><strong>13001<\/strong><br \/><strong> F\u00edsica 1<\/strong><br \/>MSc. Ing. Zarate Rojas Rub\u00e9n Dar\u00edo<\/p><p><strong>13002<\/strong><br \/><strong> C\u00e1lculo 1<\/strong><br \/>MSc. Ing. Zarate Rojas Rub\u00e9n Dar\u00edo<\/p><p><strong>13003<\/strong><br \/><strong> Geometr\u00eda Anal\u00edtica<\/strong><br \/>Ing. Silvero Mart\u00ednez Oscar Orlando<\/p><p><strong>13004<\/strong><br \/><strong> Algebra Lineal 1<\/strong> <br \/>Ing. Quim. Mst. Barreto Salcedo N\u00e9stor Salvador<\/p><p><strong>13005<\/strong><br \/><strong> Dibujo T\u00e9cnico<\/strong> <br \/>Ing. Brun De Lesme Ana Mar\u00eda Haydee<\/p><p><strong>13006<\/strong><br \/><strong>Geometr\u00eda Descriptiva<\/strong><br \/>Ing. Ram\u00edrez Parquet Roque Alfredo<\/p><p><strong>13008<\/strong><br \/><strong> C\u00e1lculo 2<\/strong><br \/>Ing. Segovia Bacigalupo Carlos Rene<\/p><p><strong>13009<\/strong><br \/><strong> Algebra Lineal 2<\/strong><br \/>Ing. Rojas Sanabria H\u00e9ctor Amilcar<\/p><p><strong>13010<\/strong><br \/><strong> Qu\u00edmica General<\/strong><br \/>Dr. Facetti Fern\u00e1ndez Juan Francisco<\/p><p><strong>13010 <\/strong><br \/><strong>Qu\u00edmica General<\/strong> <br \/>Dr. Barua Chamorro Javier<\/p><p><strong>13014 <\/strong><br \/><strong>Probabilidad y Estad\u00edstica<\/strong> <br \/>Ing. Rumich De Felip Antonia<\/p><p><strong>13015<\/strong><br \/><strong> Est\u00e1tica<\/strong><br \/>Ing. Bellassai Zayas Juan Pablo<\/p><p><strong>13101<\/strong><br \/><strong> Materiales De Obras Civiles 1<\/strong> <br \/>Ing. Acosta Cazal Augusto C\u00e9sar<\/p><p><strong>13301 ( ELE-MEC) (IND)<\/strong><br \/><strong>13201 Ciencia Y Tecnolog\u00eda De Los Materiales<\/strong> <br \/>Ing. Ortiz Francisco<\/p><p><strong>13017<\/strong><br \/><strong> C\u00e1lculo 4<\/strong> <br \/>Ing. Zarate Rojas Rub\u00e9n Dar\u00edo<\/p><p><strong>13016 <\/strong><br \/><strong>F\u00edsica 4 (Civ-Ind)<\/strong> <br \/>Ing. Volpe Borgognon Miguel \u00c1ngel<\/p><p><strong>13103 <\/strong><br \/><strong>Estructuras 1<\/strong> <br \/>Ing. Olmedo Bareiro Roberto<\/p><p><strong>13405 <\/strong><br \/><strong>Teor\u00eda De Circuitos 1(Eca)<\/strong><br \/>Ing. Resquin Avalos Oscar Dar\u00edo<\/p><p><strong>13704 <\/strong><br \/><strong>Teor\u00eda De Circuitos (Mct)<\/strong> <br \/>Ing. Ver\u00f3n Alderete Gustavo Rom\u00e1n<\/p><\/div>\n\t\t\t\t\t\t\t<\/div>\n\t\t<\/div>\n\t\t\t\t\t\t<\/div>\n\t\t\t\t\t<\/div>\n\t\t<\/div>\n\t\t\t\t<div class=\"elementor-column elementor-col-33 elementor-top-column elementor-element elementor-element-fc8231a\" data-id=\"fc8231a\" data-element_type=\"column\" data-e-type=\"column\">\n\t\t\t<div class=\"elementor-widget-wrap elementor-element-populated\">\n\t\t\t\t\t\t<div class=\"elementor-element elementor-element-b421283 elementor-widget elementor-widget-heading\" data-id=\"b421283\" data-element_type=\"widget\" data-e-type=\"widget\" data-widget_type=\"heading.default\">\n\t\t\t\t\t<h3 class=\"elementor-heading-title elementor-size-default\">Jefes de C\u00e1tedras<\/h3>\t\t\t\t<\/div>\n\t\t\t\t<div class=\"elementor-element elementor-element-05b2551 elementor-nav-menu__align-start elementor-nav-menu--dropdown-mobile elementor-nav-menu__text-align-aside elementor-nav-menu--toggle elementor-nav-menu--burger elementor-widget elementor-widget-nav-menu\" data-id=\"05b2551\" data-element_type=\"widget\" data-e-type=\"widget\" data-settings=\"{&quot;layout&quot;:&quot;vertical&quot;,&quot;_animation&quot;:&quot;none&quot;,&quot;submenu_icon&quot;:{&quot;value&quot;:&quot;&lt;svg class=\\&quot;fa-svg-chevron-down e-font-icon-svg e-fas-chevron-down\\&quot; viewBox=\\&quot;0 0 448 512\\&quot; xmlns=\\&quot;http:\\\/\\\/www.w3.org\\\/2000\\\/svg\\&quot;&gt;&lt;path d=\\&quot;M207.029 381.476L12.686 187.132c-9.373-9.373-9.373-24.569 0-33.941l22.667-22.667c9.357-9.357 24.522-9.375 33.901-.04L224 284.505l154.745-154.021c9.379-9.335 24.544-9.317 33.901.04l22.667 22.667c9.373 9.373 9.373 24.569 0 33.941L240.971 381.476c-9.373 9.372-24.569 9.372-33.942 0z\\&quot;&gt;&lt;\\\/path&gt;&lt;\\\/svg&gt;&quot;,&quot;library&quot;:&quot;fa-solid&quot;},&quot;toggle&quot;:&quot;burger&quot;}\" data-widget_type=\"nav-menu.default\">\n\t\t\t\t\t\t\t\t<nav aria-label=\"Men\u00fa\" class=\"elementor-nav-menu--main elementor-nav-menu__container elementor-nav-menu--layout-vertical e--pointer-background e--animation-fade\">\n\t\t\t\t<ul id=\"menu-1-05b2551\" class=\"elementor-nav-menu sm-vertical\"><li class=\"menu-item menu-item-type-post_type menu-item-object-page menu-item-42036 tc-menu-item tc-menu-depth-0 tc-menu-align-left tc-menu-layout-default\"><a href=\"https:\/\/www.ing.una.py\/FIUNA3\/?page_id=40678\" class=\"elementor-item\" class=\"tc-menu-inner\">Volver a Acad\u00e9mico<\/a><\/li>\n<li class=\"menu-item menu-item-type-post_type menu-item-object-page menu-item-38240 tc-menu-item tc-menu-depth-0 tc-menu-align-left tc-menu-layout-default\"><a href=\"https:\/\/www.ing.una.py\/FIUNA3\/?page_id=2156\" class=\"elementor-item\" class=\"tc-menu-inner\">Ciencias B\u00e1sicas<\/a><\/li>\n<li class=\"menu-item menu-item-type-post_type menu-item-object-page menu-item-38241 tc-menu-item tc-menu-depth-0 tc-menu-align-left tc-menu-layout-default\"><a href=\"https:\/\/www.ing.una.py\/FIUNA3\/?page_id=2175\" class=\"elementor-item\" class=\"tc-menu-inner\">Ingenier\u00eda Civil<\/a><\/li>\n<li class=\"menu-item menu-item-type-post_type menu-item-object-page menu-item-38239 tc-menu-item tc-menu-depth-0 tc-menu-align-left tc-menu-layout-default\"><a href=\"https:\/\/www.ing.una.py\/FIUNA3\/?page_id=2180\" class=\"elementor-item\" class=\"tc-menu-inner\">Ingenier\u00eda Industrial<\/a><\/li>\n<li class=\"menu-item menu-item-type-post_type menu-item-object-page menu-item-38238 tc-menu-item tc-menu-depth-0 tc-menu-align-left tc-menu-layout-default\"><a href=\"https:\/\/www.ing.una.py\/FIUNA3\/?page_id=2187\" class=\"elementor-item\" class=\"tc-menu-inner\">Ingenier\u00eda Electromec\u00e1nica<\/a><\/li>\n<li class=\"menu-item menu-item-type-post_type menu-item-object-page menu-item-38244 tc-menu-item tc-menu-depth-0 tc-menu-align-left tc-menu-layout-default\"><a href=\"https:\/\/www.ing.una.py\/FIUNA3\/?page_id=2209\" class=\"elementor-item\" class=\"tc-menu-inner\">Ingenier\u00eda Electr\u00f3nica<\/a><\/li>\n<li class=\"menu-item menu-item-type-post_type menu-item-object-page menu-item-38245 tc-menu-item tc-menu-depth-0 tc-menu-align-left tc-menu-layout-default\"><a href=\"https:\/\/www.ing.una.py\/FIUNA3\/?page_id=2215\" class=\"elementor-item\" class=\"tc-menu-inner\">Ingenier\u00eda Geogr\u00e1fica y Ambiental<\/a><\/li>\n<li class=\"menu-item menu-item-type-post_type menu-item-object-page menu-item-38246 tc-menu-item tc-menu-depth-0 tc-menu-align-left tc-menu-layout-default\"><a href=\"https:\/\/www.ing.una.py\/FIUNA3\/?page_id=2227\" class=\"elementor-item\" class=\"tc-menu-inner\">Ingenier\u00eda Mec\u00e1nica<\/a><\/li>\n<li class=\"menu-item menu-item-type-post_type menu-item-object-page menu-item-38247 tc-menu-item tc-menu-depth-0 tc-menu-align-left tc-menu-layout-default\"><a href=\"https:\/\/www.ing.una.py\/FIUNA3\/?page_id=2238\" class=\"elementor-item\" class=\"tc-menu-inner\">Ingenier\u00eda Mecatr\u00f3nica<\/a><\/li>\n<\/ul>\t\t\t<\/nav>\n\t\t\t\t\t<div class=\"elementor-menu-toggle\" role=\"button\" tabindex=\"0\" aria-label=\"Alternar men\u00fa\" aria-expanded=\"false\">\n\t\t\t<svg aria-hidden=\"true\" role=\"presentation\" class=\"elementor-menu-toggle__icon--open e-font-icon-svg e-eicon-menu-bar\" viewBox=\"0 0 1000 1000\" xmlns=\"http:\/\/www.w3.org\/2000\/svg\"><path d=\"M104 333H896C929 333 958 304 958 271S929 208 896 208H104C71 208 42 237 42 271S71 333 104 333ZM104 583H896C929 583 958 554 958 521S929 458 896 458H104C71 458 42 487 42 521S71 583 104 583ZM104 833H896C929 833 958 804 958 771S929 708 896 708H104C71 708 42 737 42 771S71 833 104 833Z\"><\/path><\/svg><svg aria-hidden=\"true\" role=\"presentation\" class=\"elementor-menu-toggle__icon--close e-font-icon-svg e-eicon-close\" viewBox=\"0 0 1000 1000\" xmlns=\"http:\/\/www.w3.org\/2000\/svg\"><path d=\"M742 167L500 408 258 167C246 154 233 150 217 150 196 150 179 158 167 167 154 179 150 196 150 212 150 229 154 242 171 254L408 500 167 742C138 771 138 800 167 829 196 858 225 858 254 829L496 587 738 829C750 842 767 846 783 846 800 846 817 842 829 829 842 817 846 804 846 783 846 767 842 750 829 737L588 500 833 258C863 229 863 200 833 171 804 137 775 137 742 167Z\"><\/path><\/svg>\t\t<\/div>\n\t\t\t\t\t<nav class=\"elementor-nav-menu--dropdown elementor-nav-menu__container\" aria-hidden=\"true\">\n\t\t\t\t<ul id=\"menu-2-05b2551\" class=\"elementor-nav-menu sm-vertical\"><li class=\"menu-item menu-item-type-post_type menu-item-object-page menu-item-42036 tc-menu-item tc-menu-depth-0 tc-menu-align-left tc-menu-layout-default\"><a href=\"https:\/\/www.ing.una.py\/FIUNA3\/?page_id=40678\" class=\"elementor-item\" tabindex=\"-1\" class=\"tc-menu-inner\">Volver a Acad\u00e9mico<\/a><\/li>\n<li class=\"menu-item menu-item-type-post_type menu-item-object-page menu-item-38240 tc-menu-item tc-menu-depth-0 tc-menu-align-left tc-menu-layout-default\"><a href=\"https:\/\/www.ing.una.py\/FIUNA3\/?page_id=2156\" class=\"elementor-item\" tabindex=\"-1\" class=\"tc-menu-inner\">Ciencias B\u00e1sicas<\/a><\/li>\n<li class=\"menu-item menu-item-type-post_type menu-item-object-page menu-item-38241 tc-menu-item tc-menu-depth-0 tc-menu-align-left tc-menu-layout-default\"><a href=\"https:\/\/www.ing.una.py\/FIUNA3\/?page_id=2175\" class=\"elementor-item\" tabindex=\"-1\" class=\"tc-menu-inner\">Ingenier\u00eda Civil<\/a><\/li>\n<li class=\"menu-item menu-item-type-post_type menu-item-object-page menu-item-38239 tc-menu-item tc-menu-depth-0 tc-menu-align-left tc-menu-layout-default\"><a href=\"https:\/\/www.ing.una.py\/FIUNA3\/?page_id=2180\" class=\"elementor-item\" tabindex=\"-1\" class=\"tc-menu-inner\">Ingenier\u00eda Industrial<\/a><\/li>\n<li class=\"menu-item menu-item-type-post_type menu-item-object-page menu-item-38238 tc-menu-item tc-menu-depth-0 tc-menu-align-left tc-menu-layout-default\"><a href=\"https:\/\/www.ing.una.py\/FIUNA3\/?page_id=2187\" class=\"elementor-item\" tabindex=\"-1\" class=\"tc-menu-inner\">Ingenier\u00eda Electromec\u00e1nica<\/a><\/li>\n<li class=\"menu-item menu-item-type-post_type menu-item-object-page menu-item-38244 tc-menu-item tc-menu-depth-0 tc-menu-align-left tc-menu-layout-default\"><a href=\"https:\/\/www.ing.una.py\/FIUNA3\/?page_id=2209\" class=\"elementor-item\" tabindex=\"-1\" class=\"tc-menu-inner\">Ingenier\u00eda Electr\u00f3nica<\/a><\/li>\n<li class=\"menu-item menu-item-type-post_type menu-item-object-page menu-item-38245 tc-menu-item tc-menu-depth-0 tc-menu-align-left tc-menu-layout-default\"><a href=\"https:\/\/www.ing.una.py\/FIUNA3\/?page_id=2215\" class=\"elementor-item\" tabindex=\"-1\" class=\"tc-menu-inner\">Ingenier\u00eda Geogr\u00e1fica y Ambiental<\/a><\/li>\n<li class=\"menu-item menu-item-type-post_type menu-item-object-page menu-item-38246 tc-menu-item tc-menu-depth-0 tc-menu-align-left tc-menu-layout-default\"><a href=\"https:\/\/www.ing.una.py\/FIUNA3\/?page_id=2227\" class=\"elementor-item\" tabindex=\"-1\" class=\"tc-menu-inner\">Ingenier\u00eda Mec\u00e1nica<\/a><\/li>\n<li class=\"menu-item menu-item-type-post_type menu-item-object-page menu-item-38247 tc-menu-item tc-menu-depth-0 tc-menu-align-left tc-menu-layout-default\"><a href=\"https:\/\/www.ing.una.py\/FIUNA3\/?page_id=2238\" class=\"elementor-item\" tabindex=\"-1\" class=\"tc-menu-inner\">Ingenier\u00eda Mecatr\u00f3nica<\/a><\/li>\n<\/ul>\t\t\t<\/nav>\n\t\t\t\t\t\t<\/div>\n\t\t\t\t\t<\/div>\n\t\t<\/div>\n\t\t\t\t\t<\/div>\n\t\t<\/section>\n\t\t\t\t<\/div>\n\t\t","protected":false},"excerpt":{"rendered":"<p>Ciencias B\u00e1sicas Ciclo b\u00e1sico Ciclo b\u00e1sico 13001 F\u00edsica 1 MSc. Ing. Zarate Rojas Rub\u00e9n Dar\u00edo 13002 C\u00e1lculo 1 MSc. Ing. Zarate Rojas Rub\u00e9n Dar\u00edo 13003 Geometr\u00eda Anal\u00edtica Ing. Silvero Mart\u00ednez Oscar Orlando 13004 Algebra Lineal 1 Ing. Quim. Mst. Barreto Salcedo N\u00e9stor Salvador 13005 Dibujo T\u00e9cnico Ing. Brun De Lesme Ana Mar\u00eda Haydee 13006 Geometr\u00eda Descriptiva Ing. Ram\u00edrez Parquet Roque Alfredo 13008 C\u00e1lculo 2 Ing. Segovia Bacigalupo Carlos Rene 13009 Algebra Lineal 2 Ing. Rojas Sanabria H\u00e9ctor Amilcar 13010 Qu\u00edmica General Dr. Facetti Fern\u00e1ndez Juan Francisco 13010 Qu\u00edmica General Dr. Barua Chamorro Javier 13014 Probabilidad y Estad\u00edstica Ing. Rumich De &hellip; <\/p>\n","protected":false},"author":1,"featured_media":0,"parent":629,"menu_order":0,"comment_status":"closed","ping_status":"open","template":"","meta":{"_bbp_topic_count":0,"_bbp_reply_count":0,"_bbp_total_topic_count":0,"_bbp_total_reply_count":0,"_bbp_voice_count":0,"_bbp_anonymous_reply_count":0,"_bbp_topic_count_hidden":0,"_bbp_reply_count_hidden":0,"_bbp_forum_subforum_count":0,"advanced_seo_description":"","jetpack_seo_html_title":"","jetpack_seo_noindex":false,"footnotes":""},"class_list":["post-2156","page","type-page","status-publish","hentry"],"jetpack_shortlink":"https:\/\/wp.me\/Pc8Odv-yM","jetpack_likes_enabled":true,"jetpack_sharing_enabled":true,"jetpack-related-posts":[],"_links":{"self":[{"href":"https:\/\/www.ing.una.py\/FIUNA3\/index.php?rest_route=\/wp\/v2\/pages\/2156","targetHints":{"allow":["GET"]}}],"collection":[{"href":"https:\/\/www.ing.una.py\/FIUNA3\/index.php?rest_route=\/wp\/v2\/pages"}],"about":[{"href":"https:\/\/www.ing.una.py\/FIUNA3\/index.php?rest_route=\/wp\/v2\/types\/page"}],"author":[{"embeddable":true,"href":"https:\/\/www.ing.una.py\/FIUNA3\/index.php?rest_route=\/wp\/v2\/users\/1"}],"replies":[{"embeddable":true,"href":"https:\/\/www.ing.una.py\/FIUNA3\/index.php?rest_route=%2Fwp%2Fv2%2Fcomments&post=2156"}],"version-history":[{"count":20,"href":"https:\/\/www.ing.una.py\/FIUNA3\/index.php?rest_route=\/wp\/v2\/pages\/2156\/revisions"}],"predecessor-version":[{"id":63621,"href":"https:\/\/www.ing.una.py\/FIUNA3\/index.php?rest_route=\/wp\/v2\/pages\/2156\/revisions\/63621"}],"up":[{"embeddable":true,"href":"https:\/\/www.ing.una.py\/FIUNA3\/index.php?rest_route=\/wp\/v2\/pages\/629"}],"wp:attachment":[{"href":"https:\/\/www.ing.una.py\/FIUNA3\/index.php?rest_route=%2Fwp%2Fv2%2Fmedia&parent=2156"}],"curies":[{"name":"wp","href":"https:\/\/api.w.org\/{rel}","templated":true}]}}