{"id":2187,"date":"2012-07-31T17:49:21","date_gmt":"2012-07-31T17:49:21","guid":{"rendered":"http:\/\/www.ing.una.py\/fiuna_wp\/?page_id=2187"},"modified":"2024-04-24T15:39:52","modified_gmt":"2024-04-24T19:39:52","slug":"jefes-de-catedras-ingenieria-electromecanica","status":"publish","type":"page","link":"https:\/\/www.ing.una.py\/FIUNA3\/?page_id=2187","title":{"rendered":"Jefes de c\u00e1tedras | Ingenier\u00eda Electromec\u00e1nica"},"content":{"rendered":"\t\t<div data-elementor-type=\"wp-page\" data-elementor-id=\"2187\" class=\"elementor elementor-2187\" data-elementor-post-type=\"page\">\n\t\t\t\t\t\t<section class=\"elementor-section elementor-top-section elementor-element elementor-element-5fdc68f elementor-section-boxed elementor-section-height-default elementor-section-height-default\" data-id=\"5fdc68f\" data-element_type=\"section\" data-e-type=\"section\">\n\t\t\t\t\t\t<div class=\"elementor-container elementor-column-gap-default\">\n\t\t\t\t\t<div class=\"elementor-column elementor-col-66 elementor-top-column elementor-element elementor-element-29a60d5\" data-id=\"29a60d5\" data-element_type=\"column\" data-e-type=\"column\">\n\t\t\t<div class=\"elementor-widget-wrap elementor-element-populated\">\n\t\t\t\t\t\t<div class=\"elementor-element elementor-element-4b9ee08 elementor-widget thim-ekits-heading elementor-widget-thim-heading\" data-id=\"4b9ee08\" data-element_type=\"widget\" data-e-type=\"widget\" data-widget_type=\"thim-heading.default\">\n\t\t\t\t<div class=\"elementor-widget-container\">\n\t\t\t\t\t<div class=\"sc_heading\"><h3 class=\"title\">Ingenier\u00eda Electromec\u00e1ncia <\/h3><span class=\"line\"><\/span><\/div>\t\t\t\t<\/div>\n\t\t\t\t<\/div>\n\t\t\t\t<div class=\"elementor-element elementor-element-8eb0f7c elementor-tabs-view-horizontal elementor-widget elementor-widget-tabs\" data-id=\"8eb0f7c\" data-element_type=\"widget\" data-e-type=\"widget\" data-widget_type=\"tabs.default\">\n\t\t\t\t\t\t\t<div class=\"elementor-tabs\">\n\t\t\t<div class=\"elementor-tabs-wrapper\" role=\"tablist\" >\n\t\t\t\t\t\t\t\t\t<div id=\"elementor-tab-title-1491\" class=\"elementor-tab-title elementor-tab-desktop-title\" aria-selected=\"true\" data-tab=\"1\" role=\"tab\" tabindex=\"0\" aria-controls=\"elementor-tab-content-1491\" aria-expanded=\"false\">5\u00ba Semestre<\/div>\n\t\t\t\t\t\t\t\t\t<div id=\"elementor-tab-title-1492\" class=\"elementor-tab-title elementor-tab-desktop-title\" aria-selected=\"false\" data-tab=\"2\" role=\"tab\" tabindex=\"-1\" aria-controls=\"elementor-tab-content-1492\" aria-expanded=\"false\">6\u00ba Semestre<\/div>\n\t\t\t\t\t\t\t\t\t<div id=\"elementor-tab-title-1493\" class=\"elementor-tab-title elementor-tab-desktop-title\" aria-selected=\"false\" data-tab=\"3\" role=\"tab\" tabindex=\"-1\" aria-controls=\"elementor-tab-content-1493\" aria-expanded=\"false\">7\u00ba Semestre<\/div>\n\t\t\t\t\t\t\t\t\t<div id=\"elementor-tab-title-1494\" class=\"elementor-tab-title elementor-tab-desktop-title\" aria-selected=\"false\" data-tab=\"4\" role=\"tab\" tabindex=\"-1\" aria-controls=\"elementor-tab-content-1494\" aria-expanded=\"false\">8\u00ba Semestre<\/div>\n\t\t\t\t\t\t\t\t\t<div id=\"elementor-tab-title-1495\" class=\"elementor-tab-title elementor-tab-desktop-title\" aria-selected=\"false\" data-tab=\"5\" role=\"tab\" tabindex=\"-1\" aria-controls=\"elementor-tab-content-1495\" aria-expanded=\"false\">9\u00ba Semestre<\/div>\n\t\t\t\t\t\t\t\t\t<div id=\"elementor-tab-title-1496\" class=\"elementor-tab-title elementor-tab-desktop-title\" aria-selected=\"false\" data-tab=\"6\" role=\"tab\" tabindex=\"-1\" aria-controls=\"elementor-tab-content-1496\" aria-expanded=\"false\">10\u00ba Semestre<\/div>\n\t\t\t\t\t\t\t<\/div>\n\t\t\t<div class=\"elementor-tabs-content-wrapper\" role=\"tablist\" aria-orientation=\"vertical\">\n\t\t\t\t\t\t\t\t\t<div class=\"elementor-tab-title elementor-tab-mobile-title\" aria-selected=\"true\" data-tab=\"1\" role=\"tab\" tabindex=\"0\" aria-controls=\"elementor-tab-content-1491\" aria-expanded=\"false\">5\u00ba Semestre<\/div>\n\t\t\t\t\t<div id=\"elementor-tab-content-1491\" class=\"elementor-tab-content elementor-clearfix\" data-tab=\"1\" role=\"tabpanel\" aria-labelledby=\"elementor-tab-title-1491\" tabindex=\"0\" hidden=\"false\"><p><strong>13303<\/strong><br \/><strong>Mec\u00e1nica de Fluidos<\/strong><br \/>MSc. Ing. Aldo Scappini, Titular<br \/>\u00a0<br \/><strong>13304<\/strong><br \/><strong>Materiales de Ingenier\u00eda<\/strong><br \/>Dr. Benigno Villa, Titular<br \/>\u00a0<br \/><strong>13305<\/strong><br \/><strong>Termodin\u00e1mica<\/strong><br \/>Ing. Genaro Rojas, Titular<br \/>\u00a0<br \/><strong>13306<\/strong><br \/><strong>Circuitos El\u00e9ctricos<\/strong><br \/>MSc. Ing. Victor Paravicini, Titular<br \/>\u00a0<br \/><strong>13307<\/strong><br \/><strong>Resistencia de Materiales<\/strong><br \/>Ing. Martin Balmaceda, Encargado<\/p><\/div>\n\t\t\t\t\t\t\t\t\t<div class=\"elementor-tab-title elementor-tab-mobile-title\" aria-selected=\"false\" data-tab=\"2\" role=\"tab\" tabindex=\"-1\" aria-controls=\"elementor-tab-content-1492\" aria-expanded=\"false\">6\u00ba Semestre<\/div>\n\t\t\t\t\t<div id=\"elementor-tab-content-1492\" class=\"elementor-tab-content elementor-clearfix\" data-tab=\"2\" role=\"tabpanel\" aria-labelledby=\"elementor-tab-title-1492\" tabindex=\"0\" hidden=\"hidden\"><p><strong>13308<\/strong><br \/><strong>Din\u00e1mica de M\u00e1quinas y Vibraciones<\/strong><br \/>MSc. Ing. F\u00e9lix Huerta, Titular<br \/>\u00a0<br \/><strong>13309<\/strong><br \/><strong>Electr\u00f3nica B\u00e1sica Industrial<\/strong><br \/>Ing. Luis Poisson, Adjunto<br \/>\u00a0<br \/><strong>13310<\/strong><br \/><strong>Tecnolog\u00eda Mec\u00e1nica 1<\/strong><br \/>Ing. Carlos Oses, Titular<br \/>\u00a0<br \/><strong>13311<\/strong><br \/><strong>Transferencia de Calor<\/strong><br \/>Ing. Valent\u00edn Bobadilla, Titular<br \/>\u00a0<br \/><strong>13312<\/strong><br \/><strong>Medici\u00f3n e Instrumentaci\u00f3n<\/strong><br \/>Ing. Vicente Sosa, Titular<br \/>\u00a0<br \/><strong>13313<\/strong><br \/><strong>Sistema de Control Autom\u00e1tico 1<\/strong><br \/>MSc. Ing. Sergio Toledo, Asistente<br \/>\u00a0<br \/><strong>13803<\/strong><br \/><strong>Organizaci\u00f3n de Empresas<\/strong><br \/>MSc. Ing. Cirilo Hern\u00e1ez, Adjunto<\/p><\/div>\n\t\t\t\t\t\t\t\t\t<div class=\"elementor-tab-title elementor-tab-mobile-title\" aria-selected=\"false\" data-tab=\"3\" role=\"tab\" tabindex=\"-1\" aria-controls=\"elementor-tab-content-1493\" aria-expanded=\"false\">7\u00ba Semestre<\/div>\n\t\t\t\t\t<div id=\"elementor-tab-content-1493\" class=\"elementor-tab-content elementor-clearfix\" data-tab=\"3\" role=\"tabpanel\" aria-labelledby=\"elementor-tab-title-1493\" tabindex=\"0\" hidden=\"hidden\"><p><strong>13314<\/strong><br \/><strong>Tecnolog\u00eda Mec\u00e1nica 2<\/strong><br \/>MSc. Ing. Juan Carlos Silvero, Titular<br \/>\u00a0<br \/><strong>13315<\/strong><br \/><strong>M\u00e1quinas T\u00e9rmicas 1<\/strong><br \/>MSc. Ing. Primo Cano, Titular<br \/>\u00a0<br \/><strong>13316<\/strong><br \/><strong>Elementos de M\u00e1quinas<\/strong><br \/>MSc. Ing. Marcos C\u00e1ceres,\u00a0 Adjunto<br \/>\u00a0<br \/><strong>13317<\/strong><br \/><strong>Maquinas Electricas 1<\/strong><br \/>Ing. Oscar Varela, Adjunto<br \/>\u00a0<br \/><strong>13318<\/strong><br \/><strong>Maquinas Hidr\u00e1ulicas<\/strong><br \/>Ing. Ronni Sosa, Asistente<\/p><\/div>\n\t\t\t\t\t\t\t\t\t<div class=\"elementor-tab-title elementor-tab-mobile-title\" aria-selected=\"false\" data-tab=\"4\" role=\"tab\" tabindex=\"-1\" aria-controls=\"elementor-tab-content-1494\" aria-expanded=\"false\">8\u00ba Semestre<\/div>\n\t\t\t\t\t<div id=\"elementor-tab-content-1494\" class=\"elementor-tab-content elementor-clearfix\" data-tab=\"4\" role=\"tabpanel\" aria-labelledby=\"elementor-tab-title-1494\" tabindex=\"0\" hidden=\"hidden\"><p><strong>13319<\/strong><br \/><strong>Instalaciones Industriales<\/strong><br \/>Ing. Gustavo Rom\u00e1n, Titular<br \/>\u00a0<br \/><strong>13320<\/strong><br \/><strong>Distribuci\u00f3n de Energ\u00eda El\u00e9ctrica<\/strong><br \/>Ing. Mario C\u00e1ceres, Titular<br \/>\u00a0<br \/><strong>13321<\/strong><br \/><strong>M\u00e1quinas T\u00e9rmicas 2<\/strong><br \/>MSc. Ing. Juan Leopoldo Balsevich, Adjunto<br \/>\u00a0<br \/><strong>13322<\/strong><br \/><strong>Instalaciones El\u00e9ctricas<\/strong><br \/>Ing. Humberto Berni, Adjunto<br \/>\u00a0<br \/><strong>13323<\/strong><br \/><strong>M\u00e1quinas El\u00e9ctricas 2<\/strong><br \/>Ing. Luis Sosa, Adjunto<\/p><\/div>\n\t\t\t\t\t\t\t\t\t<div class=\"elementor-tab-title elementor-tab-mobile-title\" aria-selected=\"false\" data-tab=\"5\" role=\"tab\" tabindex=\"-1\" aria-controls=\"elementor-tab-content-1495\" aria-expanded=\"false\">9\u00ba Semestre<\/div>\n\t\t\t\t\t<div id=\"elementor-tab-content-1495\" class=\"elementor-tab-content elementor-clearfix\" data-tab=\"5\" role=\"tabpanel\" aria-labelledby=\"elementor-tab-title-1495\" tabindex=\"0\" hidden=\"hidden\"><p><strong>13324<\/strong><br \/><strong>Centrales El\u00e9ctricas<\/strong><br \/>MSc. Ing. Alecsandro Riline, Titular<br \/>\u00a0<br \/><strong>13325<\/strong><br \/><strong>Transmisi\u00f3n de Energ\u00eda El\u00e9ctrica<\/strong><br \/>MSc. Ing. Francisco Escudero, Adjunto<br \/>\u00a0<br \/><strong>13326<\/strong><br \/><strong>Subestaciones El\u00e9ctricas<\/strong><br \/>MSc. Ing. Alecsandro Riline, Titular<br \/>\u00a0<br \/><strong>13327<\/strong><br \/><strong>Econom\u00eda. y Evaluaci\u00f3n de Proyecto<\/strong><br \/>Ing. Luis G\u00f3mez Volpe, Titular<br \/>\u00a0<br \/><strong>13328<\/strong><br \/><strong>Aire Acondicionado y Refrigeraci\u00f3n<\/strong><br \/>Ing. Carlos Gustavo Mart\u00ednez, Asistente<br \/>\u00a0<br \/><strong>13802<\/strong><br \/><strong>Legislaci\u00f3n<\/strong><br \/>Ing. Sebasti\u00e1n Mart\u00ednez, Titular<\/p><\/div>\n\t\t\t\t\t\t\t\t\t<div class=\"elementor-tab-title elementor-tab-mobile-title\" aria-selected=\"false\" data-tab=\"6\" role=\"tab\" tabindex=\"-1\" aria-controls=\"elementor-tab-content-1496\" aria-expanded=\"false\">10\u00ba Semestre<\/div>\n\t\t\t\t\t<div id=\"elementor-tab-content-1496\" class=\"elementor-tab-content elementor-clearfix\" data-tab=\"6\" role=\"tabpanel\" aria-labelledby=\"elementor-tab-title-1496\" tabindex=\"0\" hidden=\"hidden\"><p><strong>13805<\/strong><br \/><strong>Gesti\u00f3n de la Calidad y el Medio Ambiente<\/strong><br \/>Ing. Carlos Meyer, Asistente<br \/>\u00a0<br \/><strong>13806<\/strong><br \/><strong>Seguridad en el Trabajo<\/strong><br \/>Ing. Manuel Barrios, Asistente<\/p><\/div>\n\t\t\t\t\t\t\t<\/div>\n\t\t<\/div>\n\t\t\t\t\t\t<\/div>\n\t\t\t\t\t<\/div>\n\t\t<\/div>\n\t\t\t\t<div class=\"elementor-column elementor-col-33 elementor-top-column elementor-element elementor-element-ffbdc22\" data-id=\"ffbdc22\" data-element_type=\"column\" data-e-type=\"column\">\n\t\t\t<div class=\"elementor-widget-wrap elementor-element-populated\">\n\t\t\t\t\t\t<div class=\"elementor-element elementor-element-8c88c28 elementor-widget elementor-widget-heading\" data-id=\"8c88c28\" data-element_type=\"widget\" data-e-type=\"widget\" data-widget_type=\"heading.default\">\n\t\t\t\t\t<h3 class=\"elementor-heading-title elementor-size-default\">Jefes de C\u00e1tedras<\/h3>\t\t\t\t<\/div>\n\t\t\t\t<div class=\"elementor-element elementor-element-9b84271 elementor-nav-menu__align-start elementor-nav-menu--dropdown-mobile elementor-nav-menu__text-align-aside elementor-nav-menu--toggle elementor-nav-menu--burger elementor-widget elementor-widget-nav-menu\" data-id=\"9b84271\" data-element_type=\"widget\" data-e-type=\"widget\" data-settings=\"{&quot;layout&quot;:&quot;vertical&quot;,&quot;_animation&quot;:&quot;none&quot;,&quot;submenu_icon&quot;:{&quot;value&quot;:&quot;&lt;svg class=\\&quot;fa-svg-chevron-down e-font-icon-svg e-fas-chevron-down\\&quot; viewBox=\\&quot;0 0 448 512\\&quot; xmlns=\\&quot;http:\\\/\\\/www.w3.org\\\/2000\\\/svg\\&quot;&gt;&lt;path d=\\&quot;M207.029 381.476L12.686 187.132c-9.373-9.373-9.373-24.569 0-33.941l22.667-22.667c9.357-9.357 24.522-9.375 33.901-.04L224 284.505l154.745-154.021c9.379-9.335 24.544-9.317 33.901.04l22.667 22.667c9.373 9.373 9.373 24.569 0 33.941L240.971 381.476c-9.373 9.372-24.569 9.372-33.942 0z\\&quot;&gt;&lt;\\\/path&gt;&lt;\\\/svg&gt;&quot;,&quot;library&quot;:&quot;fa-solid&quot;},&quot;toggle&quot;:&quot;burger&quot;}\" data-widget_type=\"nav-menu.default\">\n\t\t\t\t\t\t\t\t<nav aria-label=\"Men\u00fa\" class=\"elementor-nav-menu--main elementor-nav-menu__container elementor-nav-menu--layout-vertical e--pointer-background e--animation-fade\">\n\t\t\t\t<ul id=\"menu-1-9b84271\" class=\"elementor-nav-menu sm-vertical\"><li class=\"menu-item menu-item-type-post_type menu-item-object-page menu-item-42036 tc-menu-item tc-menu-depth-0 tc-menu-align-left tc-menu-layout-default\"><a href=\"https:\/\/www.ing.una.py\/FIUNA3\/?page_id=40678\" class=\"elementor-item\" class=\"tc-menu-inner\">Volver a Acad\u00e9mico<\/a><\/li>\n<li class=\"menu-item menu-item-type-post_type menu-item-object-page menu-item-38240 tc-menu-item tc-menu-depth-0 tc-menu-align-left tc-menu-layout-default\"><a href=\"https:\/\/www.ing.una.py\/FIUNA3\/?page_id=2156\" class=\"elementor-item\" class=\"tc-menu-inner\">Ciencias B\u00e1sicas<\/a><\/li>\n<li class=\"menu-item menu-item-type-post_type menu-item-object-page menu-item-38241 tc-menu-item tc-menu-depth-0 tc-menu-align-left tc-menu-layout-default\"><a href=\"https:\/\/www.ing.una.py\/FIUNA3\/?page_id=2175\" class=\"elementor-item\" class=\"tc-menu-inner\">Ingenier\u00eda Civil<\/a><\/li>\n<li class=\"menu-item menu-item-type-post_type menu-item-object-page menu-item-38239 tc-menu-item tc-menu-depth-0 tc-menu-align-left tc-menu-layout-default\"><a href=\"https:\/\/www.ing.una.py\/FIUNA3\/?page_id=2180\" class=\"elementor-item\" class=\"tc-menu-inner\">Ingenier\u00eda Industrial<\/a><\/li>\n<li class=\"menu-item menu-item-type-post_type menu-item-object-page menu-item-38238 tc-menu-item tc-menu-depth-0 tc-menu-align-left tc-menu-layout-default\"><a href=\"https:\/\/www.ing.una.py\/FIUNA3\/?page_id=2187\" class=\"elementor-item\" class=\"tc-menu-inner\">Ingenier\u00eda Electromec\u00e1nica<\/a><\/li>\n<li class=\"menu-item menu-item-type-post_type menu-item-object-page menu-item-38244 tc-menu-item tc-menu-depth-0 tc-menu-align-left tc-menu-layout-default\"><a href=\"https:\/\/www.ing.una.py\/FIUNA3\/?page_id=2209\" class=\"elementor-item\" class=\"tc-menu-inner\">Ingenier\u00eda Electr\u00f3nica<\/a><\/li>\n<li class=\"menu-item menu-item-type-post_type menu-item-object-page menu-item-38245 tc-menu-item tc-menu-depth-0 tc-menu-align-left tc-menu-layout-default\"><a href=\"https:\/\/www.ing.una.py\/FIUNA3\/?page_id=2215\" class=\"elementor-item\" class=\"tc-menu-inner\">Ingenier\u00eda Geogr\u00e1fica y Ambiental<\/a><\/li>\n<li class=\"menu-item menu-item-type-post_type menu-item-object-page menu-item-38246 tc-menu-item tc-menu-depth-0 tc-menu-align-left tc-menu-layout-default\"><a href=\"https:\/\/www.ing.una.py\/FIUNA3\/?page_id=2227\" class=\"elementor-item\" class=\"tc-menu-inner\">Ingenier\u00eda Mec\u00e1nica<\/a><\/li>\n<li class=\"menu-item menu-item-type-post_type menu-item-object-page menu-item-38247 tc-menu-item tc-menu-depth-0 tc-menu-align-left tc-menu-layout-default\"><a href=\"https:\/\/www.ing.una.py\/FIUNA3\/?page_id=2238\" class=\"elementor-item\" class=\"tc-menu-inner\">Ingenier\u00eda Mecatr\u00f3nica<\/a><\/li>\n<\/ul>\t\t\t<\/nav>\n\t\t\t\t\t<div class=\"elementor-menu-toggle\" role=\"button\" tabindex=\"0\" aria-label=\"Alternar men\u00fa\" aria-expanded=\"false\">\n\t\t\t<svg aria-hidden=\"true\" role=\"presentation\" class=\"elementor-menu-toggle__icon--open e-font-icon-svg e-eicon-menu-bar\" viewBox=\"0 0 1000 1000\" xmlns=\"http:\/\/www.w3.org\/2000\/svg\"><path d=\"M104 333H896C929 333 958 304 958 271S929 208 896 208H104C71 208 42 237 42 271S71 333 104 333ZM104 583H896C929 583 958 554 958 521S929 458 896 458H104C71 458 42 487 42 521S71 583 104 583ZM104 833H896C929 833 958 804 958 771S929 708 896 708H104C71 708 42 737 42 771S71 833 104 833Z\"><\/path><\/svg><svg aria-hidden=\"true\" role=\"presentation\" class=\"elementor-menu-toggle__icon--close e-font-icon-svg e-eicon-close\" viewBox=\"0 0 1000 1000\" xmlns=\"http:\/\/www.w3.org\/2000\/svg\"><path d=\"M742 167L500 408 258 167C246 154 233 150 217 150 196 150 179 158 167 167 154 179 150 196 150 212 150 229 154 242 171 254L408 500 167 742C138 771 138 800 167 829 196 858 225 858 254 829L496 587 738 829C750 842 767 846 783 846 800 846 817 842 829 829 842 817 846 804 846 783 846 767 842 750 829 737L588 500 833 258C863 229 863 200 833 171 804 137 775 137 742 167Z\"><\/path><\/svg>\t\t<\/div>\n\t\t\t\t\t<nav class=\"elementor-nav-menu--dropdown elementor-nav-menu__container\" aria-hidden=\"true\">\n\t\t\t\t<ul id=\"menu-2-9b84271\" class=\"elementor-nav-menu sm-vertical\"><li class=\"menu-item menu-item-type-post_type menu-item-object-page menu-item-42036 tc-menu-item tc-menu-depth-0 tc-menu-align-left tc-menu-layout-default\"><a href=\"https:\/\/www.ing.una.py\/FIUNA3\/?page_id=40678\" class=\"elementor-item\" tabindex=\"-1\" class=\"tc-menu-inner\">Volver a Acad\u00e9mico<\/a><\/li>\n<li class=\"menu-item menu-item-type-post_type menu-item-object-page menu-item-38240 tc-menu-item tc-menu-depth-0 tc-menu-align-left tc-menu-layout-default\"><a href=\"https:\/\/www.ing.una.py\/FIUNA3\/?page_id=2156\" class=\"elementor-item\" tabindex=\"-1\" class=\"tc-menu-inner\">Ciencias B\u00e1sicas<\/a><\/li>\n<li class=\"menu-item menu-item-type-post_type menu-item-object-page menu-item-38241 tc-menu-item tc-menu-depth-0 tc-menu-align-left tc-menu-layout-default\"><a href=\"https:\/\/www.ing.una.py\/FIUNA3\/?page_id=2175\" class=\"elementor-item\" tabindex=\"-1\" class=\"tc-menu-inner\">Ingenier\u00eda Civil<\/a><\/li>\n<li class=\"menu-item menu-item-type-post_type menu-item-object-page menu-item-38239 tc-menu-item tc-menu-depth-0 tc-menu-align-left tc-menu-layout-default\"><a href=\"https:\/\/www.ing.una.py\/FIUNA3\/?page_id=2180\" class=\"elementor-item\" tabindex=\"-1\" class=\"tc-menu-inner\">Ingenier\u00eda Industrial<\/a><\/li>\n<li class=\"menu-item menu-item-type-post_type menu-item-object-page menu-item-38238 tc-menu-item tc-menu-depth-0 tc-menu-align-left tc-menu-layout-default\"><a href=\"https:\/\/www.ing.una.py\/FIUNA3\/?page_id=2187\" class=\"elementor-item\" tabindex=\"-1\" class=\"tc-menu-inner\">Ingenier\u00eda Electromec\u00e1nica<\/a><\/li>\n<li class=\"menu-item menu-item-type-post_type menu-item-object-page menu-item-38244 tc-menu-item tc-menu-depth-0 tc-menu-align-left tc-menu-layout-default\"><a href=\"https:\/\/www.ing.una.py\/FIUNA3\/?page_id=2209\" class=\"elementor-item\" tabindex=\"-1\" class=\"tc-menu-inner\">Ingenier\u00eda Electr\u00f3nica<\/a><\/li>\n<li class=\"menu-item menu-item-type-post_type menu-item-object-page menu-item-38245 tc-menu-item tc-menu-depth-0 tc-menu-align-left tc-menu-layout-default\"><a href=\"https:\/\/www.ing.una.py\/FIUNA3\/?page_id=2215\" class=\"elementor-item\" tabindex=\"-1\" class=\"tc-menu-inner\">Ingenier\u00eda Geogr\u00e1fica y Ambiental<\/a><\/li>\n<li class=\"menu-item menu-item-type-post_type menu-item-object-page menu-item-38246 tc-menu-item tc-menu-depth-0 tc-menu-align-left tc-menu-layout-default\"><a href=\"https:\/\/www.ing.una.py\/FIUNA3\/?page_id=2227\" class=\"elementor-item\" tabindex=\"-1\" class=\"tc-menu-inner\">Ingenier\u00eda Mec\u00e1nica<\/a><\/li>\n<li class=\"menu-item menu-item-type-post_type menu-item-object-page menu-item-38247 tc-menu-item tc-menu-depth-0 tc-menu-align-left tc-menu-layout-default\"><a href=\"https:\/\/www.ing.una.py\/FIUNA3\/?page_id=2238\" class=\"elementor-item\" tabindex=\"-1\" class=\"tc-menu-inner\">Ingenier\u00eda Mecatr\u00f3nica<\/a><\/li>\n<\/ul>\t\t\t<\/nav>\n\t\t\t\t\t\t<\/div>\n\t\t\t\t\t<\/div>\n\t\t<\/div>\n\t\t\t\t\t<\/div>\n\t\t<\/section>\n\t\t\t\t<\/div>\n\t\t","protected":false},"excerpt":{"rendered":"<p>Ingenier\u00eda Electromec\u00e1ncia 5\u00ba Semestre 6\u00ba Semestre 7\u00ba Semestre 8\u00ba Semestre 9\u00ba Semestre 10\u00ba Semestre 5\u00ba Semestre 13303 Mec\u00e1nica de Fluidos MSc. Ing. Aldo Scappini, Titular 13304 Materiales de Ingenier\u00eda Dr. Benigno Villa, Titular 13305 Termodin\u00e1mica Ing. Genaro Rojas, Titular 13306 Circuitos El\u00e9ctricos MSc. Ing. Victor Paravicini, Titular 13307 Resistencia de Materiales Ing. Martin Balmaceda, Encargado 6\u00ba Semestre 13308 Din\u00e1mica de M\u00e1quinas y Vibraciones MSc. Ing. F\u00e9lix Huerta, Titular 13309 Electr\u00f3nica B\u00e1sica Industrial Ing. Luis Poisson, Adjunto 13310 Tecnolog\u00eda Mec\u00e1nica 1 Ing. Carlos Oses, Titular 13311 Transferencia de Calor Ing. Valent\u00edn Bobadilla, Titular 13312 Medici\u00f3n e Instrumentaci\u00f3n Ing. Vicente Sosa, Titular &hellip; <\/p>\n","protected":false},"author":1,"featured_media":0,"parent":1434,"menu_order":0,"comment_status":"closed","ping_status":"open","template":"","meta":{"_bbp_topic_count":0,"_bbp_reply_count":0,"_bbp_total_topic_count":0,"_bbp_total_reply_count":0,"_bbp_voice_count":0,"_bbp_anonymous_reply_count":0,"_bbp_topic_count_hidden":0,"_bbp_reply_count_hidden":0,"_bbp_forum_subforum_count":0,"advanced_seo_description":"","jetpack_seo_html_title":"","jetpack_seo_noindex":false,"footnotes":""},"class_list":["post-2187","page","type-page","status-publish","hentry"],"jetpack_shortlink":"https:\/\/wp.me\/Pc8Odv-zh","jetpack_likes_enabled":true,"jetpack_sharing_enabled":true,"jetpack-related-posts":[],"_links":{"self":[{"href":"https:\/\/www.ing.una.py\/FIUNA3\/index.php?rest_route=\/wp\/v2\/pages\/2187","targetHints":{"allow":["GET"]}}],"collection":[{"href":"https:\/\/www.ing.una.py\/FIUNA3\/index.php?rest_route=\/wp\/v2\/pages"}],"about":[{"href":"https:\/\/www.ing.una.py\/FIUNA3\/index.php?rest_route=\/wp\/v2\/types\/page"}],"author":[{"embeddable":true,"href":"https:\/\/www.ing.una.py\/FIUNA3\/index.php?rest_route=\/wp\/v2\/users\/1"}],"replies":[{"embeddable":true,"href":"https:\/\/www.ing.una.py\/FIUNA3\/index.php?rest_route=%2Fwp%2Fv2%2Fcomments&post=2187"}],"version-history":[{"count":19,"href":"https:\/\/www.ing.una.py\/FIUNA3\/index.php?rest_route=\/wp\/v2\/pages\/2187\/revisions"}],"predecessor-version":[{"id":63769,"href":"https:\/\/www.ing.una.py\/FIUNA3\/index.php?rest_route=\/wp\/v2\/pages\/2187\/revisions\/63769"}],"up":[{"embeddable":true,"href":"https:\/\/www.ing.una.py\/FIUNA3\/index.php?rest_route=\/wp\/v2\/pages\/1434"}],"wp:attachment":[{"href":"https:\/\/www.ing.una.py\/FIUNA3\/index.php?rest_route=%2Fwp%2Fv2%2Fmedia&parent=2187"}],"curies":[{"name":"wp","href":"https:\/\/api.w.org\/{rel}","templated":true}]}}