{"id":2227,"date":"2012-08-06T16:45:54","date_gmt":"2012-08-06T16:45:54","guid":{"rendered":"http:\/\/www.ing.una.py\/fiuna_wp\/?page_id=2227"},"modified":"2024-04-25T14:53:31","modified_gmt":"2024-04-25T18:53:31","slug":"ingenieria-mecanica-2","status":"publish","type":"page","link":"https:\/\/www.ing.una.py\/FIUNA3\/?page_id=2227","title":{"rendered":"Jefes de c\u00e1tedras | Ingenier\u00eda Mec\u00e1nica"},"content":{"rendered":"\t\t<div data-elementor-type=\"wp-page\" data-elementor-id=\"2227\" class=\"elementor elementor-2227\" data-elementor-post-type=\"page\">\n\t\t\t\t\t\t<section class=\"elementor-section elementor-top-section elementor-element elementor-element-c4ce151 elementor-section-boxed elementor-section-height-default elementor-section-height-default\" data-id=\"c4ce151\" data-element_type=\"section\" data-e-type=\"section\">\n\t\t\t\t\t\t<div class=\"elementor-container elementor-column-gap-default\">\n\t\t\t\t\t<div class=\"elementor-column elementor-col-66 elementor-top-column elementor-element elementor-element-0bb1a32\" data-id=\"0bb1a32\" data-element_type=\"column\" data-e-type=\"column\">\n\t\t\t<div class=\"elementor-widget-wrap elementor-element-populated\">\n\t\t\t\t\t\t<div class=\"elementor-element elementor-element-8230929 elementor-widget thim-ekits-heading elementor-widget-thim-heading\" data-id=\"8230929\" data-element_type=\"widget\" data-e-type=\"widget\" data-widget_type=\"thim-heading.default\">\n\t\t\t\t<div class=\"elementor-widget-container\">\n\t\t\t\t\t<div class=\"sc_heading\"><h3 class=\"title\">Ingenier\u00eda Mec\u00e1nica <\/h3><span class=\"line\"><\/span><\/div>\t\t\t\t<\/div>\n\t\t\t\t<\/div>\n\t\t\t\t<div class=\"elementor-element elementor-element-12cd733 elementor-tabs-view-horizontal elementor-widget elementor-widget-tabs\" data-id=\"12cd733\" data-element_type=\"widget\" data-e-type=\"widget\" data-widget_type=\"tabs.default\">\n\t\t\t\t\t\t\t<div class=\"elementor-tabs\">\n\t\t\t<div class=\"elementor-tabs-wrapper\" role=\"tablist\" >\n\t\t\t\t\t\t\t\t\t<div id=\"elementor-tab-title-1971\" class=\"elementor-tab-title elementor-tab-desktop-title\" aria-selected=\"true\" data-tab=\"1\" role=\"tab\" tabindex=\"0\" aria-controls=\"elementor-tab-content-1971\" aria-expanded=\"false\">5\u00ba Semestre<\/div>\n\t\t\t\t\t\t\t\t\t<div id=\"elementor-tab-title-1972\" class=\"elementor-tab-title elementor-tab-desktop-title\" aria-selected=\"false\" data-tab=\"2\" role=\"tab\" tabindex=\"-1\" aria-controls=\"elementor-tab-content-1972\" aria-expanded=\"false\">6\u00ba Semestre<\/div>\n\t\t\t\t\t\t\t\t\t<div id=\"elementor-tab-title-1973\" class=\"elementor-tab-title elementor-tab-desktop-title\" aria-selected=\"false\" data-tab=\"3\" role=\"tab\" tabindex=\"-1\" aria-controls=\"elementor-tab-content-1973\" aria-expanded=\"false\">7\u00ba Semestre<\/div>\n\t\t\t\t\t\t\t\t\t<div id=\"elementor-tab-title-1974\" class=\"elementor-tab-title elementor-tab-desktop-title\" aria-selected=\"false\" data-tab=\"4\" role=\"tab\" tabindex=\"-1\" aria-controls=\"elementor-tab-content-1974\" aria-expanded=\"false\">8\u00ba Semestre<\/div>\n\t\t\t\t\t\t\t\t\t<div id=\"elementor-tab-title-1975\" class=\"elementor-tab-title elementor-tab-desktop-title\" aria-selected=\"false\" data-tab=\"5\" role=\"tab\" tabindex=\"-1\" aria-controls=\"elementor-tab-content-1975\" aria-expanded=\"false\">9\u00ba Semestre<\/div>\n\t\t\t\t\t\t\t\t\t<div id=\"elementor-tab-title-1976\" class=\"elementor-tab-title elementor-tab-desktop-title\" aria-selected=\"false\" data-tab=\"6\" role=\"tab\" tabindex=\"-1\" aria-controls=\"elementor-tab-content-1976\" aria-expanded=\"false\">10\u00ba Semestre<\/div>\n\t\t\t\t\t\t\t<\/div>\n\t\t\t<div class=\"elementor-tabs-content-wrapper\" role=\"tablist\" aria-orientation=\"vertical\">\n\t\t\t\t\t\t\t\t\t<div class=\"elementor-tab-title elementor-tab-mobile-title\" aria-selected=\"true\" data-tab=\"1\" role=\"tab\" tabindex=\"0\" aria-controls=\"elementor-tab-content-1971\" aria-expanded=\"false\">5\u00ba Semestre<\/div>\n\t\t\t\t\t<div id=\"elementor-tab-content-1971\" class=\"elementor-tab-content elementor-clearfix\" data-tab=\"1\" role=\"tabpanel\" aria-labelledby=\"elementor-tab-title-1971\" tabindex=\"0\" hidden=\"false\"><p><strong>13603<\/strong><br \/><strong>Mec\u00e1nica de Fluidos<\/strong><br \/>Dr. Ing. Jorge Kurita, Encargado<br \/>\u00a0<br \/><strong>13604<\/strong><br \/><strong>Materiales 1<\/strong><br \/>Ing. Gustavo Rom\u00e1n, Adjunto<br \/>\u00a0<br \/><strong>13605<\/strong><br \/><strong>Termodin\u00e1mica<\/strong><br \/>Ing. Carlos G. Mart\u00ednez, Adjunto<br \/>\u00a0<br \/><strong>13606<\/strong><br \/><strong>Mecanismos<\/strong><br \/>Ing. Orlando Ben\u00edtez, Adjunto<br \/>\u00a0<br \/><strong>13607<\/strong><br \/><strong>Electrotecnia<\/strong><br \/>Ing. Juan Encina, Adjunto<br \/>\u00a0<br \/><strong>13608<\/strong><br \/><strong>Mec\u00e1nica de S\u00f3lidos<\/strong><br \/>MSc. Ing. Mar\u00eda B. Mart\u00ednez, Encargado<\/p><\/div>\n\t\t\t\t\t\t\t\t\t<div class=\"elementor-tab-title elementor-tab-mobile-title\" aria-selected=\"false\" data-tab=\"2\" role=\"tab\" tabindex=\"-1\" aria-controls=\"elementor-tab-content-1972\" aria-expanded=\"false\">6\u00ba Semestre<\/div>\n\t\t\t\t\t<div id=\"elementor-tab-content-1972\" class=\"elementor-tab-content elementor-clearfix\" data-tab=\"2\" role=\"tabpanel\" aria-labelledby=\"elementor-tab-title-1972\" tabindex=\"0\" hidden=\"hidden\"><p><strong>13609<\/strong><br \/><strong>Elementos de M\u00e1quinas<\/strong><br \/>MSc. Ing. Marco C\u00e1ceres, Adjunto<br \/>\u00a0<br \/><strong>13610<\/strong><br \/><strong>Electr\u00f3nica B\u00e1sica Industrial<\/strong><br \/>Ing. Jos\u00e9 A. Ben\u00edtez, Asistente<br \/>\u00a0<br \/><strong>13611<\/strong><br \/><strong>Procesos de Fabricaci\u00f3n 1<\/strong><br \/>MSc. Ing. Juan Carlos Silvero, Adjunto<br \/>\u00a0<br \/><strong>13612<\/strong><br \/><strong>Transferencia de Calor<\/strong><br \/>Ing. Manuel Bogar\u00edn, Adjunto<br \/>\u00a0<br \/><strong>13613<\/strong><br \/><strong>Metrolog\u00eda<\/strong><br \/>Ing. Carlos Vera, Asistente<br \/>\u00a0<br \/><strong>13614<\/strong><br \/><strong>Materiales 2<\/strong><br \/>Dr. Benigno Villa, Adjunto<br \/>\u00a0<br \/><strong>13615<\/strong><br \/><strong>Laboratorio Mec\u00e1nico 1<\/strong><br \/>Ing. Arqu\u00edmedes Rojas, Asistente\u00a0<br \/>Ing. Marcos Hermosa, Asistente<\/p><\/div>\n\t\t\t\t\t\t\t\t\t<div class=\"elementor-tab-title elementor-tab-mobile-title\" aria-selected=\"false\" data-tab=\"3\" role=\"tab\" tabindex=\"-1\" aria-controls=\"elementor-tab-content-1973\" aria-expanded=\"false\">7\u00ba Semestre<\/div>\n\t\t\t\t\t<div id=\"elementor-tab-content-1973\" class=\"elementor-tab-content elementor-clearfix\" data-tab=\"3\" role=\"tabpanel\" aria-labelledby=\"elementor-tab-title-1973\" tabindex=\"0\" hidden=\"hidden\"><p><strong>13616<\/strong><br \/><strong>Procesos de Fabricaci\u00f3n 2<\/strong><br \/>Ing. Carlos Oses, Asistente<br \/>\u00a0<br \/><strong>13617<\/strong><br \/><strong>Termotecnia 1<\/strong><br \/>MSc. Ing. Primo Cano, Asistente<br \/>\u00a0<br \/><strong>13618<\/strong><br \/><strong>Vibraciones Mec\u00e1nicas<\/strong><br \/>Ing. An\u00edbal Ben\u00edtez Penayo, Asistente<br \/>\u00a0<br \/><strong>13619<\/strong><br \/><strong>Automatizaci\u00f3n y Control<\/strong><br \/>MSc. Ing. Sergio Toledo, Encargado<br \/>\u00a0<br \/><strong>13620<\/strong><br \/><strong>Dibujo Mec\u00e1nico<\/strong><br \/>Ing. Sadahiro Igaue, Encargado<br \/>\u00a0<br \/><strong>13621<\/strong><br \/><strong>Laboratorio Mec\u00e1nico 2<\/strong><br \/>MSc. Ing. Gustavo D\u00e1valos Maidana, Adjunto<\/p><\/div>\n\t\t\t\t\t\t\t\t\t<div class=\"elementor-tab-title elementor-tab-mobile-title\" aria-selected=\"false\" data-tab=\"4\" role=\"tab\" tabindex=\"-1\" aria-controls=\"elementor-tab-content-1974\" aria-expanded=\"false\">8\u00ba Semestre<\/div>\n\t\t\t\t\t<div id=\"elementor-tab-content-1974\" class=\"elementor-tab-content elementor-clearfix\" data-tab=\"4\" role=\"tabpanel\" aria-labelledby=\"elementor-tab-title-1974\" tabindex=\"0\" hidden=\"hidden\"><p><strong>13622<\/strong><br \/><strong>Instalaciones Industriales<\/strong><br \/>Ing. Francisco Arrom, Asistente<br \/>\u00a0<br \/><strong>13623<\/strong><br \/><strong>Termotecnia 2<\/strong><br \/>Ing. Alejandro Mari\u00f1o, Adjunto<br \/><strong>\u00a0<\/strong><br \/><strong>13624<\/strong><br \/><strong>M\u00e1quinas de Flujo<\/strong><br \/>Ing. Carlos Vera, Encargado<br \/>\u00a0<br \/><strong>13625<\/strong><br \/><strong>Investigaci\u00f3n Operativa<\/strong><br \/>Ing. Blas Riquelme, Asistente<br \/>\u00a0<br \/><strong>13626<\/strong><br \/><strong>Tecnolog\u00eda de Energ\u00edas Alternativas<\/strong><br \/>MSc. Ing. Miguel Frutos, Adjunto<\/p><\/div>\n\t\t\t\t\t\t\t\t\t<div class=\"elementor-tab-title elementor-tab-mobile-title\" aria-selected=\"false\" data-tab=\"5\" role=\"tab\" tabindex=\"-1\" aria-controls=\"elementor-tab-content-1975\" aria-expanded=\"false\">9\u00ba Semestre<\/div>\n\t\t\t\t\t<div id=\"elementor-tab-content-1975\" class=\"elementor-tab-content elementor-clearfix\" data-tab=\"5\" role=\"tabpanel\" aria-labelledby=\"elementor-tab-title-1975\" tabindex=\"0\" hidden=\"hidden\"><p><strong>13627<\/strong><br \/><strong>Automotores<\/strong><br \/>MSc. Ing. Juan Balsevich, Adjunto<br \/>\u00a0<br \/><strong>13628<\/strong><br \/><strong>Pl\u00e1sticos 1<\/strong><br \/>MSc. Ing. Marcial Almada, Adjunto<br \/>\u00a0<br \/><strong>13629<\/strong><br \/><strong>Mantenimiento Mec\u00e1nico<\/strong><br \/>Ing. Zoilo S\u00e1nchez, Asistente<br \/>\u00a0<br \/><strong>13630<\/strong><br \/><strong>Sistemas Hidr\u00e1ulicos y Neum\u00e1ticos<\/strong><br \/>Ing. Ismael Da Silva, Adjunto<br \/>\u00a0<br \/><strong>13631<\/strong><br \/><strong>Laboratorio Mec\u00e1nico 3<\/strong><br \/>MSc. Ing. Hassim Yambay, Adjunto<\/p><\/div>\n\t\t\t\t\t\t\t\t\t<div class=\"elementor-tab-title elementor-tab-mobile-title\" aria-selected=\"false\" data-tab=\"6\" role=\"tab\" tabindex=\"-1\" aria-controls=\"elementor-tab-content-1976\" aria-expanded=\"false\">10\u00ba Semestre<\/div>\n\t\t\t\t\t<div id=\"elementor-tab-content-1976\" class=\"elementor-tab-content elementor-clearfix\" data-tab=\"6\" role=\"tabpanel\" aria-labelledby=\"elementor-tab-title-1976\" tabindex=\"0\" hidden=\"hidden\"><p><strong>13633<\/strong><br \/><strong>Acondicionadores de Aire Y Refrigeraci\u00f3n<\/strong><br \/>Ing. Carlos G. Mart\u00ednez, Asistente<br \/>\u00a0<br \/><strong>13632<\/strong><br \/><strong>Proyecto Integrado<\/strong><br \/>Ing. Gustavo Rom\u00e1n, Adjunto<\/p><\/div>\n\t\t\t\t\t\t\t<\/div>\n\t\t<\/div>\n\t\t\t\t\t\t<\/div>\n\t\t\t\t\t<\/div>\n\t\t<\/div>\n\t\t\t\t<div class=\"elementor-column elementor-col-33 elementor-top-column elementor-element elementor-element-3d4f375\" data-id=\"3d4f375\" data-element_type=\"column\" data-e-type=\"column\">\n\t\t\t<div class=\"elementor-widget-wrap elementor-element-populated\">\n\t\t\t\t\t\t<div class=\"elementor-element elementor-element-89a8c54 elementor-widget elementor-widget-heading\" data-id=\"89a8c54\" data-element_type=\"widget\" data-e-type=\"widget\" data-widget_type=\"heading.default\">\n\t\t\t\t\t<h3 class=\"elementor-heading-title elementor-size-default\">Jefes de C\u00e1tedras<\/h3>\t\t\t\t<\/div>\n\t\t\t\t<div class=\"elementor-element elementor-element-23cea92 elementor-nav-menu__align-start elementor-nav-menu--dropdown-mobile elementor-nav-menu__text-align-aside elementor-nav-menu--toggle elementor-nav-menu--burger elementor-widget elementor-widget-nav-menu\" data-id=\"23cea92\" data-element_type=\"widget\" data-e-type=\"widget\" data-settings=\"{&quot;layout&quot;:&quot;vertical&quot;,&quot;_animation&quot;:&quot;none&quot;,&quot;submenu_icon&quot;:{&quot;value&quot;:&quot;&lt;svg class=\\&quot;fa-svg-chevron-down e-font-icon-svg e-fas-chevron-down\\&quot; viewBox=\\&quot;0 0 448 512\\&quot; xmlns=\\&quot;http:\\\/\\\/www.w3.org\\\/2000\\\/svg\\&quot;&gt;&lt;path d=\\&quot;M207.029 381.476L12.686 187.132c-9.373-9.373-9.373-24.569 0-33.941l22.667-22.667c9.357-9.357 24.522-9.375 33.901-.04L224 284.505l154.745-154.021c9.379-9.335 24.544-9.317 33.901.04l22.667 22.667c9.373 9.373 9.373 24.569 0 33.941L240.971 381.476c-9.373 9.372-24.569 9.372-33.942 0z\\&quot;&gt;&lt;\\\/path&gt;&lt;\\\/svg&gt;&quot;,&quot;library&quot;:&quot;fa-solid&quot;},&quot;toggle&quot;:&quot;burger&quot;}\" data-widget_type=\"nav-menu.default\">\n\t\t\t\t\t\t\t\t<nav aria-label=\"Men\u00fa\" class=\"elementor-nav-menu--main elementor-nav-menu__container elementor-nav-menu--layout-vertical e--pointer-background e--animation-fade\">\n\t\t\t\t<ul id=\"menu-1-23cea92\" class=\"elementor-nav-menu sm-vertical\"><li class=\"menu-item menu-item-type-post_type menu-item-object-page menu-item-42036 tc-menu-item tc-menu-depth-0 tc-menu-align-left tc-menu-layout-default\"><a href=\"https:\/\/www.ing.una.py\/FIUNA3\/?page_id=40678\" class=\"elementor-item\" class=\"tc-menu-inner\">Volver a Acad\u00e9mico<\/a><\/li>\n<li class=\"menu-item menu-item-type-post_type menu-item-object-page menu-item-38240 tc-menu-item tc-menu-depth-0 tc-menu-align-left tc-menu-layout-default\"><a href=\"https:\/\/www.ing.una.py\/FIUNA3\/?page_id=2156\" class=\"elementor-item\" class=\"tc-menu-inner\">Ciencias B\u00e1sicas<\/a><\/li>\n<li class=\"menu-item menu-item-type-post_type menu-item-object-page menu-item-38241 tc-menu-item tc-menu-depth-0 tc-menu-align-left tc-menu-layout-default\"><a href=\"https:\/\/www.ing.una.py\/FIUNA3\/?page_id=2175\" class=\"elementor-item\" class=\"tc-menu-inner\">Ingenier\u00eda Civil<\/a><\/li>\n<li class=\"menu-item menu-item-type-post_type menu-item-object-page menu-item-38239 tc-menu-item tc-menu-depth-0 tc-menu-align-left tc-menu-layout-default\"><a href=\"https:\/\/www.ing.una.py\/FIUNA3\/?page_id=2180\" class=\"elementor-item\" class=\"tc-menu-inner\">Ingenier\u00eda Industrial<\/a><\/li>\n<li class=\"menu-item menu-item-type-post_type menu-item-object-page menu-item-38238 tc-menu-item tc-menu-depth-0 tc-menu-align-left tc-menu-layout-default\"><a href=\"https:\/\/www.ing.una.py\/FIUNA3\/?page_id=2187\" class=\"elementor-item\" class=\"tc-menu-inner\">Ingenier\u00eda Electromec\u00e1nica<\/a><\/li>\n<li class=\"menu-item menu-item-type-post_type menu-item-object-page menu-item-38244 tc-menu-item tc-menu-depth-0 tc-menu-align-left tc-menu-layout-default\"><a href=\"https:\/\/www.ing.una.py\/FIUNA3\/?page_id=2209\" class=\"elementor-item\" class=\"tc-menu-inner\">Ingenier\u00eda Electr\u00f3nica<\/a><\/li>\n<li class=\"menu-item menu-item-type-post_type menu-item-object-page menu-item-38245 tc-menu-item tc-menu-depth-0 tc-menu-align-left tc-menu-layout-default\"><a href=\"https:\/\/www.ing.una.py\/FIUNA3\/?page_id=2215\" class=\"elementor-item\" class=\"tc-menu-inner\">Ingenier\u00eda Geogr\u00e1fica y Ambiental<\/a><\/li>\n<li class=\"menu-item menu-item-type-post_type menu-item-object-page menu-item-38246 tc-menu-item tc-menu-depth-0 tc-menu-align-left tc-menu-layout-default\"><a href=\"https:\/\/www.ing.una.py\/FIUNA3\/?page_id=2227\" class=\"elementor-item\" class=\"tc-menu-inner\">Ingenier\u00eda Mec\u00e1nica<\/a><\/li>\n<li class=\"menu-item menu-item-type-post_type menu-item-object-page menu-item-38247 tc-menu-item tc-menu-depth-0 tc-menu-align-left tc-menu-layout-default\"><a href=\"https:\/\/www.ing.una.py\/FIUNA3\/?page_id=2238\" class=\"elementor-item\" class=\"tc-menu-inner\">Ingenier\u00eda Mecatr\u00f3nica<\/a><\/li>\n<\/ul>\t\t\t<\/nav>\n\t\t\t\t\t<div class=\"elementor-menu-toggle\" role=\"button\" tabindex=\"0\" aria-label=\"Alternar men\u00fa\" aria-expanded=\"false\">\n\t\t\t<svg aria-hidden=\"true\" role=\"presentation\" class=\"elementor-menu-toggle__icon--open e-font-icon-svg e-eicon-menu-bar\" viewBox=\"0 0 1000 1000\" xmlns=\"http:\/\/www.w3.org\/2000\/svg\"><path d=\"M104 333H896C929 333 958 304 958 271S929 208 896 208H104C71 208 42 237 42 271S71 333 104 333ZM104 583H896C929 583 958 554 958 521S929 458 896 458H104C71 458 42 487 42 521S71 583 104 583ZM104 833H896C929 833 958 804 958 771S929 708 896 708H104C71 708 42 737 42 771S71 833 104 833Z\"><\/path><\/svg><svg aria-hidden=\"true\" role=\"presentation\" class=\"elementor-menu-toggle__icon--close e-font-icon-svg e-eicon-close\" viewBox=\"0 0 1000 1000\" xmlns=\"http:\/\/www.w3.org\/2000\/svg\"><path d=\"M742 167L500 408 258 167C246 154 233 150 217 150 196 150 179 158 167 167 154 179 150 196 150 212 150 229 154 242 171 254L408 500 167 742C138 771 138 800 167 829 196 858 225 858 254 829L496 587 738 829C750 842 767 846 783 846 800 846 817 842 829 829 842 817 846 804 846 783 846 767 842 750 829 737L588 500 833 258C863 229 863 200 833 171 804 137 775 137 742 167Z\"><\/path><\/svg>\t\t<\/div>\n\t\t\t\t\t<nav class=\"elementor-nav-menu--dropdown elementor-nav-menu__container\" aria-hidden=\"true\">\n\t\t\t\t<ul id=\"menu-2-23cea92\" class=\"elementor-nav-menu sm-vertical\"><li class=\"menu-item menu-item-type-post_type menu-item-object-page menu-item-42036 tc-menu-item tc-menu-depth-0 tc-menu-align-left tc-menu-layout-default\"><a href=\"https:\/\/www.ing.una.py\/FIUNA3\/?page_id=40678\" class=\"elementor-item\" tabindex=\"-1\" class=\"tc-menu-inner\">Volver a Acad\u00e9mico<\/a><\/li>\n<li class=\"menu-item menu-item-type-post_type menu-item-object-page menu-item-38240 tc-menu-item tc-menu-depth-0 tc-menu-align-left tc-menu-layout-default\"><a href=\"https:\/\/www.ing.una.py\/FIUNA3\/?page_id=2156\" class=\"elementor-item\" tabindex=\"-1\" class=\"tc-menu-inner\">Ciencias B\u00e1sicas<\/a><\/li>\n<li class=\"menu-item menu-item-type-post_type menu-item-object-page menu-item-38241 tc-menu-item tc-menu-depth-0 tc-menu-align-left tc-menu-layout-default\"><a href=\"https:\/\/www.ing.una.py\/FIUNA3\/?page_id=2175\" class=\"elementor-item\" tabindex=\"-1\" class=\"tc-menu-inner\">Ingenier\u00eda Civil<\/a><\/li>\n<li class=\"menu-item menu-item-type-post_type menu-item-object-page menu-item-38239 tc-menu-item tc-menu-depth-0 tc-menu-align-left tc-menu-layout-default\"><a href=\"https:\/\/www.ing.una.py\/FIUNA3\/?page_id=2180\" class=\"elementor-item\" tabindex=\"-1\" class=\"tc-menu-inner\">Ingenier\u00eda Industrial<\/a><\/li>\n<li class=\"menu-item menu-item-type-post_type menu-item-object-page menu-item-38238 tc-menu-item tc-menu-depth-0 tc-menu-align-left tc-menu-layout-default\"><a href=\"https:\/\/www.ing.una.py\/FIUNA3\/?page_id=2187\" class=\"elementor-item\" tabindex=\"-1\" class=\"tc-menu-inner\">Ingenier\u00eda Electromec\u00e1nica<\/a><\/li>\n<li class=\"menu-item menu-item-type-post_type menu-item-object-page menu-item-38244 tc-menu-item tc-menu-depth-0 tc-menu-align-left tc-menu-layout-default\"><a href=\"https:\/\/www.ing.una.py\/FIUNA3\/?page_id=2209\" class=\"elementor-item\" tabindex=\"-1\" class=\"tc-menu-inner\">Ingenier\u00eda Electr\u00f3nica<\/a><\/li>\n<li class=\"menu-item menu-item-type-post_type menu-item-object-page menu-item-38245 tc-menu-item tc-menu-depth-0 tc-menu-align-left tc-menu-layout-default\"><a href=\"https:\/\/www.ing.una.py\/FIUNA3\/?page_id=2215\" class=\"elementor-item\" tabindex=\"-1\" class=\"tc-menu-inner\">Ingenier\u00eda Geogr\u00e1fica y Ambiental<\/a><\/li>\n<li class=\"menu-item menu-item-type-post_type menu-item-object-page menu-item-38246 tc-menu-item tc-menu-depth-0 tc-menu-align-left tc-menu-layout-default\"><a href=\"https:\/\/www.ing.una.py\/FIUNA3\/?page_id=2227\" class=\"elementor-item\" tabindex=\"-1\" class=\"tc-menu-inner\">Ingenier\u00eda Mec\u00e1nica<\/a><\/li>\n<li class=\"menu-item menu-item-type-post_type menu-item-object-page menu-item-38247 tc-menu-item tc-menu-depth-0 tc-menu-align-left tc-menu-layout-default\"><a href=\"https:\/\/www.ing.una.py\/FIUNA3\/?page_id=2238\" class=\"elementor-item\" tabindex=\"-1\" class=\"tc-menu-inner\">Ingenier\u00eda Mecatr\u00f3nica<\/a><\/li>\n<\/ul>\t\t\t<\/nav>\n\t\t\t\t\t\t<\/div>\n\t\t\t\t\t<\/div>\n\t\t<\/div>\n\t\t\t\t\t<\/div>\n\t\t<\/section>\n\t\t\t\t<\/div>\n\t\t","protected":false},"excerpt":{"rendered":"<p>Ingenier\u00eda Mec\u00e1nica 5\u00ba Semestre 6\u00ba Semestre 7\u00ba Semestre 8\u00ba Semestre 9\u00ba Semestre 10\u00ba Semestre 5\u00ba Semestre 13603 Mec\u00e1nica de Fluidos Dr. Ing. Jorge Kurita, Encargado 13604 Materiales 1 Ing. Gustavo Rom\u00e1n, Adjunto 13605 Termodin\u00e1mica Ing. Carlos G. Mart\u00ednez, Adjunto 13606 Mecanismos Ing. Orlando Ben\u00edtez, Adjunto 13607 Electrotecnia Ing. Juan Encina, Adjunto 13608 Mec\u00e1nica de S\u00f3lidos MSc. Ing. Mar\u00eda B. Mart\u00ednez, Encargado 6\u00ba Semestre 13609 Elementos de M\u00e1quinas MSc. Ing. Marco C\u00e1ceres, Adjunto 13610 Electr\u00f3nica B\u00e1sica Industrial Ing. Jos\u00e9 A. Ben\u00edtez, Asistente 13611 Procesos de Fabricaci\u00f3n 1 MSc. Ing. Juan Carlos Silvero, Adjunto 13612 Transferencia de Calor Ing. Manuel Bogar\u00edn, Adjunto &hellip; <\/p>\n","protected":false},"author":1,"featured_media":0,"parent":629,"menu_order":0,"comment_status":"closed","ping_status":"open","template":"","meta":{"_bbp_topic_count":0,"_bbp_reply_count":0,"_bbp_total_topic_count":0,"_bbp_total_reply_count":0,"_bbp_voice_count":0,"_bbp_anonymous_reply_count":0,"_bbp_topic_count_hidden":0,"_bbp_reply_count_hidden":0,"_bbp_forum_subforum_count":0,"advanced_seo_description":"","jetpack_seo_html_title":"","jetpack_seo_noindex":false,"footnotes":""},"class_list":["post-2227","page","type-page","status-publish","hentry"],"jetpack_shortlink":"https:\/\/wp.me\/Pc8Odv-zV","jetpack_likes_enabled":true,"jetpack_sharing_enabled":true,"jetpack-related-posts":[],"_links":{"self":[{"href":"https:\/\/www.ing.una.py\/FIUNA3\/index.php?rest_route=\/wp\/v2\/pages\/2227","targetHints":{"allow":["GET"]}}],"collection":[{"href":"https:\/\/www.ing.una.py\/FIUNA3\/index.php?rest_route=\/wp\/v2\/pages"}],"about":[{"href":"https:\/\/www.ing.una.py\/FIUNA3\/index.php?rest_route=\/wp\/v2\/types\/page"}],"author":[{"embeddable":true,"href":"https:\/\/www.ing.una.py\/FIUNA3\/index.php?rest_route=\/wp\/v2\/users\/1"}],"replies":[{"embeddable":true,"href":"https:\/\/www.ing.una.py\/FIUNA3\/index.php?rest_route=%2Fwp%2Fv2%2Fcomments&post=2227"}],"version-history":[{"count":18,"href":"https:\/\/www.ing.una.py\/FIUNA3\/index.php?rest_route=\/wp\/v2\/pages\/2227\/revisions"}],"predecessor-version":[{"id":63877,"href":"https:\/\/www.ing.una.py\/FIUNA3\/index.php?rest_route=\/wp\/v2\/pages\/2227\/revisions\/63877"}],"up":[{"embeddable":true,"href":"https:\/\/www.ing.una.py\/FIUNA3\/index.php?rest_route=\/wp\/v2\/pages\/629"}],"wp:attachment":[{"href":"https:\/\/www.ing.una.py\/FIUNA3\/index.php?rest_route=%2Fwp%2Fv2%2Fmedia&parent=2227"}],"curies":[{"name":"wp","href":"https:\/\/api.w.org\/{rel}","templated":true}]}}