{"id":24702,"date":"2017-07-14T14:08:42","date_gmt":"2017-07-14T18:08:42","guid":{"rendered":"http:\/\/www.ing.una.py\/?page_id=24702"},"modified":"2025-02-04T10:56:47","modified_gmt":"2025-02-04T13:56:47","slug":"resoluciones-del-rectorado","status":"publish","type":"page","link":"https:\/\/www.ing.una.py\/FIUNA3\/?page_id=24702","title":{"rendered":"Resoluciones del Rectorado"},"content":{"rendered":"\t\t<div data-elementor-type=\"wp-page\" data-elementor-id=\"24702\" class=\"elementor elementor-24702\" data-elementor-post-type=\"page\">\n\t\t\t\t\t\t<section class=\"elementor-section elementor-top-section elementor-element elementor-element-7202800 elementor-section-boxed elementor-section-height-default elementor-section-height-default\" data-id=\"7202800\" data-element_type=\"section\" data-e-type=\"section\">\n\t\t\t\t\t\t<div class=\"elementor-container elementor-column-gap-default\">\n\t\t\t\t\t<div class=\"elementor-column elementor-col-66 elementor-top-column elementor-element elementor-element-71457aa\" data-id=\"71457aa\" data-element_type=\"column\" data-e-type=\"column\">\n\t\t\t<div class=\"elementor-widget-wrap elementor-element-populated\">\n\t\t\t\t\t\t<div class=\"elementor-element elementor-element-86c69f0 elementor-widget thim-ekits-heading elementor-widget-thim-heading\" data-id=\"86c69f0\" data-element_type=\"widget\" data-e-type=\"widget\" data-widget_type=\"thim-heading.default\">\n\t\t\t\t<div class=\"elementor-widget-container\">\n\t\t\t\t\t<div class=\"sc_heading\"><h3 class=\"title\">Resoluciones del Rectorado <\/h3><div class=\"sub-heading\"><p>Que competen a la FIUNA<\/p>\n<\/div><span class=\"line\"><\/span><\/div>\t\t\t\t<\/div>\n\t\t\t\t<\/div>\n\t\t\t\t<div class=\"elementor-element elementor-element-6b7dd32 elementor-cta--layout-image-above elementor-cta--skin-classic elementor-animated-content elementor-bg-transform elementor-bg-transform-zoom-in elementor-widget elementor-widget-call-to-action\" data-id=\"6b7dd32\" data-element_type=\"widget\" data-e-type=\"widget\" data-widget_type=\"call-to-action.default\">\n\t\t\t\t\t\t\t<div class=\"elementor-cta\">\n\t\t\t\t\t\t\t<div class=\"elementor-cta__content\">\n\t\t\t\t\n\t\t\t\t\n\t\t\t\t\t\t\t\t\t<div class=\"elementor-cta__description elementor-cta__content-item elementor-content-item\">\n\t\t\t\t\t\tEn cumplimiento a la Ley 5282\/2014 de Libre Acceso a la Informaci\u00f3n p\u00fablica,\u00a0se informa que las dem\u00e1s Resoluciones se encuentran disponibles \t\t\t\t\t<\/div>\n\t\t\t\t\n\t\t\t\t\t\t\t\t\t<div class=\"elementor-cta__button-wrapper elementor-cta__content-item elementor-content-item \">\n\t\t\t\t\t<a class=\"elementor-cta__button elementor-button elementor-size-xs\" href=\"https:\/\/drive.google.com\/drive\/folders\/0ByMkhtgqKX_oSnhLWUtUbXFzdGM\" target=\"_blank\">\n\t\t\t\t\t\tAQU\u00cd\t\t\t\t\t<\/a>\n\t\t\t\t\t<\/div>\n\t\t\t\t\t\t\t<\/div>\n\t\t\t\t\t\t<\/div>\n\t\t\t\t\t\t<\/div>\n\t\t\t\t<div class=\"elementor-element elementor-element-1060fde2 elementor-widget elementor-widget-text-editor\" data-id=\"1060fde2\" data-element_type=\"widget\" data-e-type=\"widget\" data-widget_type=\"text-editor.default\">\n\t\t\t\t\t\t\t\t\t<p><a href=\"https:\/\/www.ing.una.py\/Resoluciones2024\/CSU\/0299-00-2024_Modificacion_Proyecto_Academico_IngCIV.pdf\" target=\"_blank\" rel=\"noopener\"><strong>Resoluci\u00f3n N\u00b0 0299-00-2024<\/strong><\/a>\u00a0Por la cual se\u00a0<strong>modifica el Proyecto Acad\u00e9mico de la carrera de Ingenier\u00eda Civil de la FIUNA<\/strong><\/p><p><a href=\"https:\/\/www.ing.una.py\/Resoluciones2024\/CSU\/142-00-24_Reglamento_Academico_FIUNA_homologado_CSU.pdf\" target=\"_blank\" rel=\"noopener\"><strong>Resoluci\u00f3n N\u00b0 0142-00-2024<\/strong><\/a>\u00a0Por la cual se\u00a0<strong>Homologa el Reglamento Acad\u00e9mico de la FIUNA<\/strong><\/p><p><strong><a href=\"https:\/\/www.ing.una.py\/Resoluciones2024\/CSU\/0141-00-2024_Reglamento_de_Admision_FIUNA.pdf\" target=\"_blank\" rel=\"noopener\">Resoluci\u00f3n N\u00b0 0141-00-2024<\/a> <\/strong>Por la cual se<strong> modifica el Reglamento de Admisi\u00f3n a la FIUNA<\/strong><\/p><p><strong><a href=\"https:\/\/drive.google.com\/drive\/folders\/1VYgT99UhsqSM2c3SE39bfkaWlALdKsw6?usp=sharing\" target=\"_blank\" rel=\"noopener\">Resoluciones del Consejo Superior Universitario 2023<\/a><\/strong><\/p><p><a href=\"https:\/\/www.ing.una.py\/wp-content\/uploads\/2023\/04\/Resolucion-0154-00-2023Homologacion_Reglamento_Admision.pdf\" target=\"_blank\" rel=\"noopener\"><strong>Resoluci\u00f3n N\u00ba 0154-00-2023<\/strong><\/a><strong>\u00a0<\/strong>Por la cual se\u00a0<strong>homologa el Reglamento de Admisi\u00f3n a la FIUNA<\/strong><\/p><p><strong><a href=\"https:\/\/www.ing.una.py\/resoluciones2017\/Estatuto_UNA_05_12_2017.pdf\" target=\"_blank\" rel=\"noopener noreferrer\">Estatuto vigente de la UNA<\/a><\/strong><\/p><p><a href=\"https:\/\/www.ing.una.py\/resoluciones2019\/CSU\/Resolucion_UNA505_2019.pdf\"><strong>Resoluci\u00f3n del Rectorado N\u00ba 505\/2019<\/strong><\/a>\u00a0Por la cual <strong>se establecen requisitos y procedimientos para inscripci\u00f3n de T\u00edtulos de Grado y de Postgrado Nacional o Extranjero<\/strong>, en la Universidad Nacional de Asunci\u00f3n, para el ejercicio de actividades acad\u00e9micas en la UNA.<\/p><p><a href=\"https:\/\/www.ing.una.py\/resoluciones2018\/Res-Rec2107-2018.pdf\" target=\"_blank\" rel=\"noopener noreferrer\"><strong>Resoluci\u00f3n del Rectorado N\u00ba 1337\/2018<\/strong><\/a><strong>\u00a0<\/strong>Por La cual\u00a0<strong>se proclama al Prof. Dr. Rub\u00e9n Alcides L\u00f3pez Santacruz<\/strong>, como\u00a0<strong>Decano de la Facultad de Ingenier\u00eda de la Universidad Nacional de Asunci\u00f3n.<\/strong><\/p><p><strong><a href=\"https:\/\/www.ing.una.py\/wp-content\/uploads\/2017\/05\/res-rec1189-2017.pdf\">Resoluci\u00f3n del Rectorado N\u00b0 1189\/2017<\/a><\/strong>\u00a0Por la cual\u00a0se deja sin efecto el Articulo 1\u00b0 de la Resoluci\u00f3n n\u00famero\u00a01.832\/2016, de fecha 4 de agosto del 2016, del Rectorado de la UNA y\u00a0<em><strong>se proclama al Prof. Ing. Pedro Agust\u00edn Ferreira Estigarribia, como Decano de la Facultad de Ingenier\u00eda de la Universidad Nacional de Asunci\u00f3n\u201d.<\/strong><\/em><\/p><p><strong><a href=\"https:\/\/www.ing.una.py\/resoluciones2017\/res-rec1498-2017.pdf\" target=\"_blank\" rel=\"noopener noreferrer\">Resoluci\u00f3n del Rectorado N\u00ba 1498\/2017<\/a><\/strong>\u00a0Por la cual se proclama al<strong>\u00a0Prof. Ing. Rub\u00e9n Alcides L\u00f3pez Santacruz<\/strong>\u00a0como\u00a0<b>Vicedecano de la Facultad de Ingenier\u00eda de la Universidad Nacional de Asunci\u00f3n (FIUNA)<\/b>.<\/p><p><a href=\"https:\/\/www.ing.una.py\/resoluciones2017\/resRec1861_2016.pdf\" target=\"_blank\" rel=\"noopener noreferrer\"><strong>Resoluci\u00f3n del Rectorado N\u00ba 1861\/2016<\/strong><\/a>\u00a0Por la cual se designa como\u00a0<strong>Coordinador de la Especialidad Mec\u00e1nica<\/strong>\u00a0del Centro de Estudios Tecnol\u00f3gicos de la Universidad Nacional de Asunci\u00f3n (CETUNA) al<strong> Ing. Arqu\u00edmedes Rojas Maidana.<\/strong><\/p><p><strong><a href=\"https:\/\/www.ing.una.py\/pdf2016\/res2016\/rectorado\/res-rectorado1832-2016.pdf\" target=\"_blank\" rel=\"noopener noreferrer\">Resoluci\u00f3n del Rectorado N\u00ba 1832\/2016<\/a>\u00a0<\/strong>Por la cual se proclama al<strong>\u00a0Ing. Prof. Ever Romildo Cabrera Herebia,<\/strong>\u00a0como\u00a0<strong>Decano y al Prof. Ing. Luis Alberto Cardozo Villanueva como Vicedecano de la FIUNA.<\/strong><\/p><p><strong><a href=\"https:\/\/www.ing.una.py\/pdf2016\/res2016\/rectorado\/res-rectorado1468-2016.pdf\">Resoluci\u00f3n del Rectorado N\u00ba 1468\/2016<\/a>\u00a0<\/strong>Por la cual se establecen los\u00a0<strong>lineamientos de concursos para el nombramiento<\/strong>, ascenso y\/o contrataci\u00f3n de funcionarios en la UNA.<\/p><p><a href=\"https:\/\/www.ing.una.py\/pdf2016\/res2016\/res0302-2015rectorado.pdf\"><strong>Resoluci\u00f3n del Rectorado N\u00ba 0302\/2015<\/strong><\/a><strong>\u00a0Requisitos y procedimientos internos<\/strong> para el nombramiento y ascenso de funcionarios en la UNA.<\/p><p><a href=\"https:\/\/www.ing.una.py\/pdf\/anteproyecto-de-ley-edu-superior.pdf\"><strong>Resoluci\u00f3n del Rectorado N\u00ba 245-00-2009<\/strong><\/a><strong>\u00a0<\/strong>Por la cual se aprueba el\u00a0<strong>Anteproyecto de Ley de Educaci\u00f3n Superior.<\/strong><\/p>\t\t\t\t\t\t\t\t<\/div>\n\t\t\t\t\t<\/div>\n\t\t<\/div>\n\t\t\t\t<div class=\"elementor-column elementor-col-33 elementor-top-column elementor-element elementor-element-551ff30\" data-id=\"551ff30\" data-element_type=\"column\" data-e-type=\"column\">\n\t\t\t<div class=\"elementor-widget-wrap elementor-element-populated\">\n\t\t\t\t\t\t<div class=\"elementor-element elementor-element-7827a45 elementor-widget elementor-widget-heading\" data-id=\"7827a45\" data-element_type=\"widget\" data-e-type=\"widget\" data-widget_type=\"heading.default\">\n\t\t\t\t\t<h3 class=\"elementor-heading-title elementor-size-default\">Institucional<\/h3>\t\t\t\t<\/div>\n\t\t\t\t<div class=\"elementor-element elementor-element-12699a7 elementor-nav-menu__align-start elementor-nav-menu--dropdown-mobile elementor-nav-menu__text-align-aside elementor-nav-menu--toggle elementor-nav-menu--burger elementor-widget elementor-widget-nav-menu\" data-id=\"12699a7\" data-element_type=\"widget\" data-e-type=\"widget\" data-settings=\"{&quot;layout&quot;:&quot;vertical&quot;,&quot;_animation&quot;:&quot;none&quot;,&quot;submenu_icon&quot;:{&quot;value&quot;:&quot;&lt;svg class=\\&quot;fa-svg-chevron-down e-font-icon-svg e-fas-chevron-down\\&quot; viewBox=\\&quot;0 0 448 512\\&quot; xmlns=\\&quot;http:\\\/\\\/www.w3.org\\\/2000\\\/svg\\&quot;&gt;&lt;path d=\\&quot;M207.029 381.476L12.686 187.132c-9.373-9.373-9.373-24.569 0-33.941l22.667-22.667c9.357-9.357 24.522-9.375 33.901-.04L224 284.505l154.745-154.021c9.379-9.335 24.544-9.317 33.901.04l22.667 22.667c9.373 9.373 9.373 24.569 0 33.941L240.971 381.476c-9.373 9.372-24.569 9.372-33.942 0z\\&quot;&gt;&lt;\\\/path&gt;&lt;\\\/svg&gt;&quot;,&quot;library&quot;:&quot;fa-solid&quot;},&quot;toggle&quot;:&quot;burger&quot;}\" data-widget_type=\"nav-menu.default\">\n\t\t\t\t\t\t\t\t<nav aria-label=\"Men\u00fa\" class=\"elementor-nav-menu--main elementor-nav-menu__container elementor-nav-menu--layout-vertical e--pointer-background e--animation-fade\">\n\t\t\t\t<ul id=\"menu-1-12699a7\" class=\"elementor-nav-menu sm-vertical\"><li class=\"menu-item menu-item-type-post_type menu-item-object-page menu-item-42082 tc-menu-item tc-menu-depth-0 tc-menu-align-left tc-menu-layout-default\"><a href=\"https:\/\/www.ing.una.py\/FIUNA3\/?page_id=429\" class=\"elementor-item\" class=\"tc-menu-inner\">Volver a Institucional<\/a><\/li>\n<li class=\"menu-item menu-item-type-post_type menu-item-object-page menu-item-38505 tc-menu-item tc-menu-depth-0 tc-menu-align-left tc-menu-layout-default\"><a href=\"https:\/\/www.ing.una.py\/FIUNA3\/?page_id=24702\" class=\"elementor-item\" class=\"tc-menu-inner\">Resoluciones del Rectorado<\/a><\/li>\n<li class=\"menu-item menu-item-type-post_type menu-item-object-page menu-item-61382 tc-menu-item tc-menu-depth-0 tc-menu-align-left tc-menu-layout-default\"><a href=\"https:\/\/www.ing.una.py\/FIUNA3\/?page_id=61380\" class=\"elementor-item\" class=\"tc-menu-inner\">Resoluciones del Consejo Directivo<\/a><\/li>\n<li class=\"menu-item menu-item-type-post_type menu-item-object-page menu-item-61405 tc-menu-item tc-menu-depth-0 tc-menu-align-left tc-menu-layout-default\"><a href=\"https:\/\/www.ing.una.py\/FIUNA3\/?page_id=61400\" class=\"elementor-item\" class=\"tc-menu-inner\">Resoluciones del Decano<\/a><\/li>\n<li class=\"menu-item menu-item-type-post_type menu-item-object-page menu-item-has-children menu-item-85315 tc-menu-item tc-menu-depth-0 tc-menu-align-left tc-menu-layout-default\"><a href=\"https:\/\/www.ing.una.py\/FIUNA3\/?page_id=85308\" class=\"elementor-item\" class=\"tc-menu-inner\">Donaciones recibidas 2026<\/a>\n<ul class=\"sub-menu\">\n\t<li class=\"menu-item menu-item-type-post_type menu-item-object-page menu-item-75587 tc-menu-item tc-menu-depth-1 tc-menu-align-left\"><a href=\"https:\/\/www.ing.una.py\/FIUNA3\/?page_id=75572\" class=\"elementor-sub-item\" class=\"tc-menu-inner tc-megamenu-title\">2025<\/a><\/li>\n\t<li class=\"menu-item menu-item-type-post_type menu-item-object-page menu-item-61464 tc-menu-item tc-menu-depth-1 tc-menu-align-left\"><a href=\"https:\/\/www.ing.una.py\/FIUNA3\/?page_id=61462\" class=\"elementor-sub-item\" class=\"tc-menu-inner tc-megamenu-title\">2024<\/a><\/li>\n\t<li class=\"menu-item menu-item-type-post_type menu-item-object-page menu-item-61458 tc-menu-item tc-menu-depth-1 tc-menu-align-left\"><a href=\"https:\/\/www.ing.una.py\/FIUNA3\/?page_id=61443\" class=\"elementor-sub-item\" class=\"tc-menu-inner tc-megamenu-title\">2023<\/a><\/li>\n\t<li class=\"menu-item menu-item-type-post_type menu-item-object-page menu-item-61442 tc-menu-item tc-menu-depth-1 tc-menu-align-left\"><a href=\"https:\/\/www.ing.una.py\/FIUNA3\/?page_id=61437\" class=\"elementor-sub-item\" class=\"tc-menu-inner tc-megamenu-title\">2022<\/a><\/li>\n\t<li class=\"menu-item menu-item-type-post_type menu-item-object-page menu-item-47885 tc-menu-item tc-menu-depth-1 tc-menu-align-left\"><a href=\"https:\/\/www.ing.una.py\/FIUNA3\/?page_id=47877\" class=\"elementor-sub-item\" class=\"tc-menu-inner tc-megamenu-title\">2021<\/a><\/li>\n\t<li class=\"menu-item menu-item-type-post_type menu-item-object-page menu-item-42132 tc-menu-item tc-menu-depth-1 tc-menu-align-left\"><a href=\"https:\/\/www.ing.una.py\/FIUNA3\/?page_id=41497\" class=\"elementor-sub-item\" class=\"tc-menu-inner tc-megamenu-title\">2020<\/a><\/li>\n\t<li class=\"menu-item menu-item-type-post_type menu-item-object-page menu-item-38670 tc-menu-item tc-menu-depth-1 tc-menu-align-left\"><a href=\"https:\/\/www.ing.una.py\/FIUNA3\/?page_id=37720\" class=\"elementor-sub-item\" class=\"tc-menu-inner tc-megamenu-title\">2019<\/a><\/li>\n\t<li class=\"menu-item menu-item-type-post_type menu-item-object-page menu-item-38669 tc-menu-item tc-menu-depth-1 tc-menu-align-left\"><a href=\"https:\/\/www.ing.una.py\/FIUNA3\/?page_id=34302\" class=\"elementor-sub-item\" class=\"tc-menu-inner tc-megamenu-title\">2018<\/a><\/li>\n<\/ul><!-- End wrapper ul sub -->\n<\/li>\n<li class=\"menu-item menu-item-type-post_type menu-item-object-page menu-item-38485 tc-menu-item tc-menu-depth-0 tc-menu-align-left tc-menu-layout-default\"><a href=\"https:\/\/www.ing.una.py\/FIUNA3\/?page_id=22765\" class=\"elementor-item\" class=\"tc-menu-inner\">Reglamentos<\/a><\/li>\n<li class=\"menu-item menu-item-type-post_type menu-item-object-page menu-item-38648 tc-menu-item tc-menu-depth-0 tc-menu-align-left tc-menu-layout-default\"><a href=\"https:\/\/www.ing.una.py\/FIUNA3\/?page_id=36678\" class=\"elementor-item\" class=\"tc-menu-inner\">Resultados Concursos Docentes<\/a><\/li>\n<li class=\"menu-item menu-item-type-post_type menu-item-object-page menu-item-38484 tc-menu-item tc-menu-depth-0 tc-menu-align-left tc-menu-layout-default\"><a href=\"https:\/\/www.ing.una.py\/FIUNA3\/?page_id=22692\" class=\"elementor-item\" class=\"tc-menu-inner\">Designaciones | Hist\u00f3rico<\/a><\/li>\n<li class=\"menu-item menu-item-type-post_type menu-item-object-page menu-item-38623 tc-menu-item tc-menu-depth-0 tc-menu-align-left tc-menu-layout-default\"><a href=\"https:\/\/www.ing.una.py\/FIUNA3\/?page_id=34290\" class=\"elementor-item\" class=\"tc-menu-inner\">Sumarios Administrativos<\/a><\/li>\n<li class=\"menu-item menu-item-type-post_type menu-item-object-page menu-item-38502 tc-menu-item tc-menu-depth-0 tc-menu-align-left tc-menu-layout-default\"><a href=\"https:\/\/www.ing.una.py\/FIUNA3\/?page_id=24291\" class=\"elementor-item\" class=\"tc-menu-inner\">Sumarios Administrativos \u2013 Conclu\u00eddos<\/a><\/li>\n<\/ul>\t\t\t<\/nav>\n\t\t\t\t\t<div class=\"elementor-menu-toggle\" role=\"button\" tabindex=\"0\" aria-label=\"Alternar men\u00fa\" aria-expanded=\"false\">\n\t\t\t<svg aria-hidden=\"true\" role=\"presentation\" class=\"elementor-menu-toggle__icon--open e-font-icon-svg e-eicon-menu-bar\" viewBox=\"0 0 1000 1000\" xmlns=\"http:\/\/www.w3.org\/2000\/svg\"><path d=\"M104 333H896C929 333 958 304 958 271S929 208 896 208H104C71 208 42 237 42 271S71 333 104 333ZM104 583H896C929 583 958 554 958 521S929 458 896 458H104C71 458 42 487 42 521S71 583 104 583ZM104 833H896C929 833 958 804 958 771S929 708 896 708H104C71 708 42 737 42 771S71 833 104 833Z\"><\/path><\/svg><svg aria-hidden=\"true\" role=\"presentation\" class=\"elementor-menu-toggle__icon--close e-font-icon-svg e-eicon-close\" viewBox=\"0 0 1000 1000\" xmlns=\"http:\/\/www.w3.org\/2000\/svg\"><path d=\"M742 167L500 408 258 167C246 154 233 150 217 150 196 150 179 158 167 167 154 179 150 196 150 212 150 229 154 242 171 254L408 500 167 742C138 771 138 800 167 829 196 858 225 858 254 829L496 587 738 829C750 842 767 846 783 846 800 846 817 842 829 829 842 817 846 804 846 783 846 767 842 750 829 737L588 500 833 258C863 229 863 200 833 171 804 137 775 137 742 167Z\"><\/path><\/svg>\t\t<\/div>\n\t\t\t\t\t<nav class=\"elementor-nav-menu--dropdown elementor-nav-menu__container\" aria-hidden=\"true\">\n\t\t\t\t<ul id=\"menu-2-12699a7\" class=\"elementor-nav-menu sm-vertical\"><li class=\"menu-item menu-item-type-post_type menu-item-object-page menu-item-42082 tc-menu-item tc-menu-depth-0 tc-menu-align-left tc-menu-layout-default\"><a href=\"https:\/\/www.ing.una.py\/FIUNA3\/?page_id=429\" class=\"elementor-item\" tabindex=\"-1\" class=\"tc-menu-inner\">Volver a Institucional<\/a><\/li>\n<li class=\"menu-item menu-item-type-post_type menu-item-object-page menu-item-38505 tc-menu-item tc-menu-depth-0 tc-menu-align-left tc-menu-layout-default\"><a href=\"https:\/\/www.ing.una.py\/FIUNA3\/?page_id=24702\" class=\"elementor-item\" tabindex=\"-1\" class=\"tc-menu-inner\">Resoluciones del Rectorado<\/a><\/li>\n<li class=\"menu-item menu-item-type-post_type menu-item-object-page menu-item-61382 tc-menu-item tc-menu-depth-0 tc-menu-align-left tc-menu-layout-default\"><a href=\"https:\/\/www.ing.una.py\/FIUNA3\/?page_id=61380\" class=\"elementor-item\" tabindex=\"-1\" class=\"tc-menu-inner\">Resoluciones del Consejo Directivo<\/a><\/li>\n<li class=\"menu-item menu-item-type-post_type menu-item-object-page menu-item-61405 tc-menu-item tc-menu-depth-0 tc-menu-align-left tc-menu-layout-default\"><a href=\"https:\/\/www.ing.una.py\/FIUNA3\/?page_id=61400\" class=\"elementor-item\" tabindex=\"-1\" class=\"tc-menu-inner\">Resoluciones del Decano<\/a><\/li>\n<li class=\"menu-item menu-item-type-post_type menu-item-object-page menu-item-has-children menu-item-85315 tc-menu-item tc-menu-depth-0 tc-menu-align-left tc-menu-layout-default\"><a href=\"https:\/\/www.ing.una.py\/FIUNA3\/?page_id=85308\" class=\"elementor-item\" tabindex=\"-1\" class=\"tc-menu-inner\">Donaciones recibidas 2026<\/a>\n<ul class=\"sub-menu\">\n\t<li class=\"menu-item menu-item-type-post_type menu-item-object-page menu-item-75587 tc-menu-item tc-menu-depth-1 tc-menu-align-left\"><a href=\"https:\/\/www.ing.una.py\/FIUNA3\/?page_id=75572\" class=\"elementor-sub-item\" tabindex=\"-1\" class=\"tc-menu-inner tc-megamenu-title\">2025<\/a><\/li>\n\t<li class=\"menu-item menu-item-type-post_type menu-item-object-page menu-item-61464 tc-menu-item tc-menu-depth-1 tc-menu-align-left\"><a href=\"https:\/\/www.ing.una.py\/FIUNA3\/?page_id=61462\" class=\"elementor-sub-item\" tabindex=\"-1\" class=\"tc-menu-inner tc-megamenu-title\">2024<\/a><\/li>\n\t<li class=\"menu-item menu-item-type-post_type menu-item-object-page menu-item-61458 tc-menu-item tc-menu-depth-1 tc-menu-align-left\"><a href=\"https:\/\/www.ing.una.py\/FIUNA3\/?page_id=61443\" class=\"elementor-sub-item\" tabindex=\"-1\" class=\"tc-menu-inner tc-megamenu-title\">2023<\/a><\/li>\n\t<li class=\"menu-item menu-item-type-post_type menu-item-object-page menu-item-61442 tc-menu-item tc-menu-depth-1 tc-menu-align-left\"><a href=\"https:\/\/www.ing.una.py\/FIUNA3\/?page_id=61437\" class=\"elementor-sub-item\" tabindex=\"-1\" class=\"tc-menu-inner tc-megamenu-title\">2022<\/a><\/li>\n\t<li class=\"menu-item menu-item-type-post_type menu-item-object-page menu-item-47885 tc-menu-item tc-menu-depth-1 tc-menu-align-left\"><a href=\"https:\/\/www.ing.una.py\/FIUNA3\/?page_id=47877\" class=\"elementor-sub-item\" tabindex=\"-1\" class=\"tc-menu-inner tc-megamenu-title\">2021<\/a><\/li>\n\t<li class=\"menu-item menu-item-type-post_type menu-item-object-page menu-item-42132 tc-menu-item tc-menu-depth-1 tc-menu-align-left\"><a href=\"https:\/\/www.ing.una.py\/FIUNA3\/?page_id=41497\" class=\"elementor-sub-item\" tabindex=\"-1\" class=\"tc-menu-inner tc-megamenu-title\">2020<\/a><\/li>\n\t<li class=\"menu-item menu-item-type-post_type menu-item-object-page menu-item-38670 tc-menu-item tc-menu-depth-1 tc-menu-align-left\"><a href=\"https:\/\/www.ing.una.py\/FIUNA3\/?page_id=37720\" class=\"elementor-sub-item\" tabindex=\"-1\" class=\"tc-menu-inner tc-megamenu-title\">2019<\/a><\/li>\n\t<li class=\"menu-item menu-item-type-post_type menu-item-object-page menu-item-38669 tc-menu-item tc-menu-depth-1 tc-menu-align-left\"><a href=\"https:\/\/www.ing.una.py\/FIUNA3\/?page_id=34302\" class=\"elementor-sub-item\" tabindex=\"-1\" class=\"tc-menu-inner tc-megamenu-title\">2018<\/a><\/li>\n<\/ul><!-- End wrapper ul sub -->\n<\/li>\n<li class=\"menu-item menu-item-type-post_type menu-item-object-page menu-item-38485 tc-menu-item tc-menu-depth-0 tc-menu-align-left tc-menu-layout-default\"><a href=\"https:\/\/www.ing.una.py\/FIUNA3\/?page_id=22765\" class=\"elementor-item\" tabindex=\"-1\" class=\"tc-menu-inner\">Reglamentos<\/a><\/li>\n<li class=\"menu-item menu-item-type-post_type menu-item-object-page menu-item-38648 tc-menu-item tc-menu-depth-0 tc-menu-align-left tc-menu-layout-default\"><a href=\"https:\/\/www.ing.una.py\/FIUNA3\/?page_id=36678\" class=\"elementor-item\" tabindex=\"-1\" class=\"tc-menu-inner\">Resultados Concursos Docentes<\/a><\/li>\n<li class=\"menu-item menu-item-type-post_type menu-item-object-page menu-item-38484 tc-menu-item tc-menu-depth-0 tc-menu-align-left tc-menu-layout-default\"><a href=\"https:\/\/www.ing.una.py\/FIUNA3\/?page_id=22692\" class=\"elementor-item\" tabindex=\"-1\" class=\"tc-menu-inner\">Designaciones | Hist\u00f3rico<\/a><\/li>\n<li class=\"menu-item menu-item-type-post_type menu-item-object-page menu-item-38623 tc-menu-item tc-menu-depth-0 tc-menu-align-left tc-menu-layout-default\"><a href=\"https:\/\/www.ing.una.py\/FIUNA3\/?page_id=34290\" class=\"elementor-item\" tabindex=\"-1\" class=\"tc-menu-inner\">Sumarios Administrativos<\/a><\/li>\n<li class=\"menu-item menu-item-type-post_type menu-item-object-page menu-item-38502 tc-menu-item tc-menu-depth-0 tc-menu-align-left tc-menu-layout-default\"><a href=\"https:\/\/www.ing.una.py\/FIUNA3\/?page_id=24291\" class=\"elementor-item\" tabindex=\"-1\" class=\"tc-menu-inner\">Sumarios Administrativos \u2013 Conclu\u00eddos<\/a><\/li>\n<\/ul>\t\t\t<\/nav>\n\t\t\t\t\t\t<\/div>\n\t\t\t\t\t<\/div>\n\t\t<\/div>\n\t\t\t\t\t<\/div>\n\t\t<\/section>\n\t\t\t\t<\/div>\n\t\t","protected":false},"excerpt":{"rendered":"<p>Resoluciones del Rectorado Que competen a la FIUNA En cumplimiento a la Ley 5282\/2014 de Libre Acceso a la Informaci\u00f3n p\u00fablica,\u00a0se informa que las dem\u00e1s Resoluciones se encuentran disponibles AQU\u00cd Resoluci\u00f3n N\u00b0 0299-00-2024\u00a0Por la cual se\u00a0modifica el Proyecto Acad\u00e9mico de la carrera de Ingenier\u00eda Civil de la FIUNA Resoluci\u00f3n N\u00b0 0142-00-2024\u00a0Por la cual se\u00a0Homologa el Reglamento Acad\u00e9mico de la FIUNA Resoluci\u00f3n N\u00b0 0141-00-2024 Por la cual se modifica el Reglamento de Admisi\u00f3n a la FIUNA Resoluciones del Consejo Superior Universitario 2023 Resoluci\u00f3n N\u00ba 0154-00-2023\u00a0Por la cual se\u00a0homologa el Reglamento de Admisi\u00f3n a la FIUNA Estatuto vigente de la UNA Resoluci\u00f3n &hellip; <\/p>\n","protected":false},"author":1,"featured_media":0,"parent":429,"menu_order":0,"comment_status":"closed","ping_status":"open","template":"","meta":{"_bbp_topic_count":0,"_bbp_reply_count":0,"_bbp_total_topic_count":0,"_bbp_total_reply_count":0,"_bbp_voice_count":0,"_bbp_anonymous_reply_count":0,"_bbp_topic_count_hidden":0,"_bbp_reply_count_hidden":0,"_bbp_forum_subforum_count":0,"advanced_seo_description":"","jetpack_seo_html_title":"","jetpack_seo_noindex":false,"jetpack_post_was_ever_published":false,"footnotes":""},"class_list":["post-24702","page","type-page","status-publish","hentry"],"jetpack_shortlink":"https:\/\/wp.me\/Pc8Odv-6qq","jetpack_likes_enabled":true,"jetpack_sharing_enabled":true,"jetpack-related-posts":[],"_links":{"self":[{"href":"https:\/\/www.ing.una.py\/FIUNA3\/index.php?rest_route=\/wp\/v2\/pages\/24702","targetHints":{"allow":["GET"]}}],"collection":[{"href":"https:\/\/www.ing.una.py\/FIUNA3\/index.php?rest_route=\/wp\/v2\/pages"}],"about":[{"href":"https:\/\/www.ing.una.py\/FIUNA3\/index.php?rest_route=\/wp\/v2\/types\/page"}],"author":[{"embeddable":true,"href":"https:\/\/www.ing.una.py\/FIUNA3\/index.php?rest_route=\/wp\/v2\/users\/1"}],"replies":[{"embeddable":true,"href":"https:\/\/www.ing.una.py\/FIUNA3\/index.php?rest_route=%2Fwp%2Fv2%2Fcomments&post=24702"}],"version-history":[{"count":44,"href":"https:\/\/www.ing.una.py\/FIUNA3\/index.php?rest_route=\/wp\/v2\/pages\/24702\/revisions"}],"predecessor-version":[{"id":75615,"href":"https:\/\/www.ing.una.py\/FIUNA3\/index.php?rest_route=\/wp\/v2\/pages\/24702\/revisions\/75615"}],"up":[{"embeddable":true,"href":"https:\/\/www.ing.una.py\/FIUNA3\/index.php?rest_route=\/wp\/v2\/pages\/429"}],"wp:attachment":[{"href":"https:\/\/www.ing.una.py\/FIUNA3\/index.php?rest_route=%2Fwp%2Fv2%2Fmedia&parent=24702"}],"curies":[{"name":"wp","href":"https:\/\/api.w.org\/{rel}","templated":true}]}}