{"id":31429,"date":"2018-06-21T13:54:53","date_gmt":"2018-06-21T17:54:53","guid":{"rendered":"http:\/\/www.ing.una.py\/?page_id=31429"},"modified":"2025-05-20T09:16:24","modified_gmt":"2025-05-20T12:16:24","slug":"bienestar-estudiantil","status":"publish","type":"page","link":"https:\/\/www.ing.una.py\/FIUNA3\/?page_id=31429","title":{"rendered":"Bienestar estudiantil"},"content":{"rendered":"\t\t<div data-elementor-type=\"wp-page\" data-elementor-id=\"31429\" class=\"elementor elementor-31429\" data-elementor-post-type=\"page\">\n\t\t\t\t\t\t<section class=\"elementor-section elementor-top-section elementor-element elementor-element-9ff3298 elementor-section-boxed elementor-section-height-default elementor-section-height-default\" data-id=\"9ff3298\" data-element_type=\"section\" data-e-type=\"section\">\n\t\t\t\t\t\t<div class=\"elementor-container elementor-column-gap-default\">\n\t\t\t\t\t<div class=\"elementor-column elementor-col-66 elementor-top-column elementor-element elementor-element-8a4b272\" data-id=\"8a4b272\" data-element_type=\"column\" data-e-type=\"column\">\n\t\t\t<div class=\"elementor-widget-wrap elementor-element-populated\">\n\t\t\t\t\t\t<div class=\"elementor-element elementor-element-8a5307e elementor-widget thim-ekits-heading elementor-widget-thim-heading\" data-id=\"8a5307e\" data-element_type=\"widget\" data-e-type=\"widget\" data-widget_type=\"thim-heading.default\">\n\t\t\t\t<div class=\"elementor-widget-container\">\n\t\t\t\t\t<div class=\"sc_heading\"><h2 class=\"title\">Bienestar Estudiantil <\/h2><span class=\"line\"><\/span><\/div>\t\t\t\t<\/div>\n\t\t\t\t<\/div>\n\t\t\t\t<div class=\"elementor-element elementor-element-685f7f3 elementor-widget elementor-widget-text-editor\" data-id=\"685f7f3\" data-element_type=\"widget\" data-e-type=\"widget\" data-widget_type=\"text-editor.default\">\n\t\t\t\t\t\t\t\t\t<p><strong>El Departamento de Bienestar Estudiantil<\/strong>\u00a0dependiente de la<strong>\u00a0Direcci\u00f3n Acad\u00e9mica<\/strong>, est\u00e1 orientado a asistir a la comunidad educativa y en especial a los estudiantes de la Facultad de Ingenier\u00eda, ejecutando planes, programas y proyectos, que contribuyan a orientar a los estudiantes en el transcurso de su vida universitaria para afrontar con eficacia y eficiencia su proceso de formaci\u00f3n.<\/p><p>Prestar asistencia y apoyo a los estudiantes en sus organizaciones gremiales (centro de estudiantes, delegados estudiantiles, etc.) para el desarrollo de sus actividades y trabajar en coordinaci\u00f3n para el logro de sus objetivos educativos.<\/p><p>Gestionar, dictaminar y evaluar las solicitudes de becas y ayudas econ\u00f3micas extra institucional para estudiantes que necesiten, en el proceso de su formaci\u00f3n acad\u00e9mica.<\/p><p>A trav\u00e9s de estos servicios se busca brindar a la comunidad educativa un espacio para fomentar el desarrollo de la integridad humana y la intervenci\u00f3n y orientaci\u00f3n en las dificultades que pudiera impedir el cumplimiento los del desarrollo integral del estudiante.<\/p><p><strong>En este contexto se ejecuta el:\u00a0<\/strong><\/p>\t\t\t\t\t\t\t\t<\/div>\n\t\t\t\t<div class=\"elementor-element elementor-element-ca2259d elementor-headline--style-highlight elementor-widget elementor-widget-animated-headline\" data-id=\"ca2259d\" data-element_type=\"widget\" data-e-type=\"widget\" data-settings=\"{&quot;highlighted_text&quot;:&quot; - PAE&quot;,&quot;headline_style&quot;:&quot;highlight&quot;,&quot;marker&quot;:&quot;circle&quot;,&quot;loop&quot;:&quot;yes&quot;,&quot;highlight_animation_duration&quot;:1200,&quot;highlight_iteration_delay&quot;:8000}\" data-widget_type=\"animated-headline.default\">\n\t\t\t\t\t\t\t\t<a href=\"http:\/\/www.ing.una.py\/FIUNA3\/?page_id=54371\">\n\n\t\t\t\t\t<h4 class=\"elementor-headline\">\n\t\t\t\t\t<span class=\"elementor-headline-plain-text elementor-headline-text-wrapper\">Programa de Atenci\u00f3n al Estudiante <\/span>\n\t\t\t\t<span class=\"elementor-headline-dynamic-wrapper elementor-headline-text-wrapper\">\n\t\t\t\t\t<span class=\"elementor-headline-dynamic-text elementor-headline-text-active\"> - PAE<\/span>\n\t\t\t\t<\/span>\n\t\t\t\t\t<span class=\"elementor-headline-plain-text elementor-headline-text-wrapper\"> <\/span>\n\t\t\t\t\t<\/h4>\n\t\t<\/a>\t\t\t\t<\/div>\n\t\t\t\t\t<\/div>\n\t\t<\/div>\n\t\t\t\t<div class=\"elementor-column elementor-col-33 elementor-top-column elementor-element elementor-element-8660a17\" data-id=\"8660a17\" data-element_type=\"column\" data-e-type=\"column\">\n\t\t\t<div class=\"elementor-widget-wrap elementor-element-populated\">\n\t\t\t\t\t\t<div class=\"elementor-element elementor-element-a707394 elementor-widget elementor-widget-heading\" data-id=\"a707394\" data-element_type=\"widget\" data-e-type=\"widget\" data-widget_type=\"heading.default\">\n\t\t\t\t\t<h3 class=\"elementor-heading-title elementor-size-default\">DIRECCI\u00d3N ACAD\u00c9MICA<\/h3>\t\t\t\t<\/div>\n\t\t\t\t<div class=\"elementor-element elementor-element-8c38293 elementor-nav-menu__align-start elementor-nav-menu--dropdown-mobile elementor-nav-menu__text-align-aside elementor-nav-menu--toggle elementor-nav-menu--burger elementor-widget elementor-widget-nav-menu\" data-id=\"8c38293\" data-element_type=\"widget\" data-e-type=\"widget\" data-settings=\"{&quot;layout&quot;:&quot;vertical&quot;,&quot;_animation&quot;:&quot;none&quot;,&quot;submenu_icon&quot;:{&quot;value&quot;:&quot;&lt;svg class=\\&quot;fa-svg-chevron-down e-font-icon-svg e-fas-chevron-down\\&quot; viewBox=\\&quot;0 0 448 512\\&quot; xmlns=\\&quot;http:\\\/\\\/www.w3.org\\\/2000\\\/svg\\&quot;&gt;&lt;path d=\\&quot;M207.029 381.476L12.686 187.132c-9.373-9.373-9.373-24.569 0-33.941l22.667-22.667c9.357-9.357 24.522-9.375 33.901-.04L224 284.505l154.745-154.021c9.379-9.335 24.544-9.317 33.901.04l22.667 22.667c9.373 9.373 9.373 24.569 0 33.941L240.971 381.476c-9.373 9.372-24.569 9.372-33.942 0z\\&quot;&gt;&lt;\\\/path&gt;&lt;\\\/svg&gt;&quot;,&quot;library&quot;:&quot;fa-solid&quot;},&quot;toggle&quot;:&quot;burger&quot;}\" data-widget_type=\"nav-menu.default\">\n\t\t\t\t\t\t\t\t<nav aria-label=\"Men\u00fa\" class=\"elementor-nav-menu--main elementor-nav-menu__container elementor-nav-menu--layout-vertical e--pointer-background e--animation-fade\">\n\t\t\t\t<ul id=\"menu-1-8c38293\" class=\"elementor-nav-menu sm-vertical\"><li class=\"menu-item menu-item-type-post_type menu-item-object-page menu-item-41385 tc-menu-item tc-menu-depth-0 tc-menu-align-left tc-menu-layout-default\"><a href=\"https:\/\/www.ing.una.py\/FIUNA3\/?page_id=40678\" class=\"elementor-item\" class=\"tc-menu-inner\">Volver a Acad\u00e9mico<\/a><\/li>\n<li class=\"menu-item menu-item-type-post_type menu-item-object-page menu-item-38599 tc-menu-item tc-menu-depth-0 tc-menu-align-left tc-menu-layout-default\"><a href=\"https:\/\/www.ing.una.py\/FIUNA3\/?page_id=31429\" class=\"elementor-item\" class=\"tc-menu-inner\">Bienestar estudiantil<\/a><\/li>\n<li class=\"menu-item menu-item-type-post_type menu-item-object-page menu-item-54392 tc-menu-item tc-menu-depth-0 tc-menu-align-left tc-menu-layout-default\"><a href=\"https:\/\/www.ing.una.py\/FIUNA3\/?page_id=54371\" class=\"elementor-item\" class=\"tc-menu-inner\">Programa de Atenci\u00f3n al Estudiante \u2013 PAE<\/a><\/li>\n<li class=\"menu-item menu-item-type-post_type menu-item-object-page menu-item-54408 tc-menu-item tc-menu-depth-0 tc-menu-align-left tc-menu-layout-default\"><a href=\"https:\/\/www.ing.una.py\/FIUNA3\/?page_id=54396\" class=\"elementor-item\" class=\"tc-menu-inner\">Orientaci\u00f3n Psicol\u00f3gica<\/a><\/li>\n<li class=\"menu-item menu-item-type-post_type menu-item-object-page menu-item-63470 tc-menu-item tc-menu-depth-0 tc-menu-align-left tc-menu-layout-default\"><a href=\"https:\/\/www.ing.una.py\/FIUNA3\/?page_id=63468\" class=\"elementor-item\" class=\"tc-menu-inner\">Orientaci\u00f3n Psicopedag\u00f3gica<\/a><\/li>\n<li class=\"menu-item menu-item-type-post_type menu-item-object-page menu-item-63482 tc-menu-item tc-menu-depth-0 tc-menu-align-left tc-menu-layout-default\"><a href=\"https:\/\/www.ing.una.py\/FIUNA3\/?page_id=63477\" class=\"elementor-item\" class=\"tc-menu-inner\">Trabajo Social<\/a><\/li>\n<li class=\"menu-item menu-item-type-post_type menu-item-object-page menu-item-63494 tc-menu-item tc-menu-depth-0 tc-menu-align-left tc-menu-layout-default\"><a href=\"https:\/\/www.ing.una.py\/FIUNA3\/?page_id=63483\" class=\"elementor-item\" class=\"tc-menu-inner\">Asesor Acad\u00e9mico<\/a><\/li>\n<li class=\"menu-item menu-item-type-post_type menu-item-object-page menu-item-38600 tc-menu-item tc-menu-depth-0 tc-menu-align-left tc-menu-layout-default\"><a href=\"https:\/\/www.ing.una.py\/FIUNA3\/?page_id=16511\" class=\"elementor-item\" class=\"tc-menu-inner\">Becas de la FIUNA<\/a><\/li>\n<li class=\"menu-item menu-item-type-post_type menu-item-object-page menu-item-54338 tc-menu-item tc-menu-depth-0 tc-menu-align-left tc-menu-layout-default\"><a href=\"https:\/\/www.ing.una.py\/FIUNA3\/?page_id=54320\" class=\"elementor-item\" class=\"tc-menu-inner\">Becas de la UNA<\/a><\/li>\n<li class=\"menu-item menu-item-type-post_type menu-item-object-page menu-item-54416 tc-menu-item tc-menu-depth-0 tc-menu-align-left tc-menu-layout-default\"><a href=\"https:\/\/www.ing.una.py\/FIUNA3\/?page_id=54409\" class=\"elementor-item\" class=\"tc-menu-inner\">Residencia Universitaria de la FIUNA<\/a><\/li>\n<li class=\"menu-item menu-item-type-post_type menu-item-object-page menu-item-63534 tc-menu-item tc-menu-depth-0 tc-menu-align-left tc-menu-layout-default\"><a href=\"https:\/\/www.ing.una.py\/FIUNA3\/?page_id=7185\" class=\"elementor-item\" class=\"tc-menu-inner\">Pasant\u00edas<\/a><\/li>\n<li class=\"menu-item menu-item-type-post_type menu-item-object-page menu-item-63535 tc-menu-item tc-menu-depth-0 tc-menu-align-left tc-menu-layout-default\"><a href=\"https:\/\/www.ing.una.py\/FIUNA3\/?page_id=35022\" class=\"elementor-item\" class=\"tc-menu-inner\">Formularios de pasant\u00eda<\/a><\/li>\n<li class=\"menu-item menu-item-type-custom menu-item-object-custom menu-item-63536 tc-menu-item tc-menu-depth-0 tc-menu-align-left tc-menu-layout-default\"><a target=\"_blank\" href=\"https:\/\/docs.google.com\/spreadsheets\/d\/e\/2PACX-1vToBiWlO7sh-fALPjjJw5WY8xBBMQMeM1o-F8E9NzYZwGc05Qq_yfj3yO9J3-te-Q\/pubhtml?gid=1413260958&#038;single=true\" class=\"elementor-item\" class=\"tc-menu-inner\">Acuerdos vigentes<\/a><\/li>\n<\/ul>\t\t\t<\/nav>\n\t\t\t\t\t<div class=\"elementor-menu-toggle\" role=\"button\" tabindex=\"0\" aria-label=\"Alternar men\u00fa\" aria-expanded=\"false\">\n\t\t\t<svg aria-hidden=\"true\" role=\"presentation\" class=\"elementor-menu-toggle__icon--open e-font-icon-svg e-eicon-menu-bar\" viewBox=\"0 0 1000 1000\" xmlns=\"http:\/\/www.w3.org\/2000\/svg\"><path d=\"M104 333H896C929 333 958 304 958 271S929 208 896 208H104C71 208 42 237 42 271S71 333 104 333ZM104 583H896C929 583 958 554 958 521S929 458 896 458H104C71 458 42 487 42 521S71 583 104 583ZM104 833H896C929 833 958 804 958 771S929 708 896 708H104C71 708 42 737 42 771S71 833 104 833Z\"><\/path><\/svg><svg aria-hidden=\"true\" role=\"presentation\" class=\"elementor-menu-toggle__icon--close e-font-icon-svg e-eicon-close\" viewBox=\"0 0 1000 1000\" xmlns=\"http:\/\/www.w3.org\/2000\/svg\"><path d=\"M742 167L500 408 258 167C246 154 233 150 217 150 196 150 179 158 167 167 154 179 150 196 150 212 150 229 154 242 171 254L408 500 167 742C138 771 138 800 167 829 196 858 225 858 254 829L496 587 738 829C750 842 767 846 783 846 800 846 817 842 829 829 842 817 846 804 846 783 846 767 842 750 829 737L588 500 833 258C863 229 863 200 833 171 804 137 775 137 742 167Z\"><\/path><\/svg>\t\t<\/div>\n\t\t\t\t\t<nav class=\"elementor-nav-menu--dropdown elementor-nav-menu__container\" aria-hidden=\"true\">\n\t\t\t\t<ul id=\"menu-2-8c38293\" class=\"elementor-nav-menu sm-vertical\"><li class=\"menu-item menu-item-type-post_type menu-item-object-page menu-item-41385 tc-menu-item tc-menu-depth-0 tc-menu-align-left tc-menu-layout-default\"><a href=\"https:\/\/www.ing.una.py\/FIUNA3\/?page_id=40678\" class=\"elementor-item\" tabindex=\"-1\" class=\"tc-menu-inner\">Volver a Acad\u00e9mico<\/a><\/li>\n<li class=\"menu-item menu-item-type-post_type menu-item-object-page menu-item-38599 tc-menu-item tc-menu-depth-0 tc-menu-align-left tc-menu-layout-default\"><a href=\"https:\/\/www.ing.una.py\/FIUNA3\/?page_id=31429\" class=\"elementor-item\" tabindex=\"-1\" class=\"tc-menu-inner\">Bienestar estudiantil<\/a><\/li>\n<li class=\"menu-item menu-item-type-post_type menu-item-object-page menu-item-54392 tc-menu-item tc-menu-depth-0 tc-menu-align-left tc-menu-layout-default\"><a href=\"https:\/\/www.ing.una.py\/FIUNA3\/?page_id=54371\" class=\"elementor-item\" tabindex=\"-1\" class=\"tc-menu-inner\">Programa de Atenci\u00f3n al Estudiante \u2013 PAE<\/a><\/li>\n<li class=\"menu-item menu-item-type-post_type menu-item-object-page menu-item-54408 tc-menu-item tc-menu-depth-0 tc-menu-align-left tc-menu-layout-default\"><a href=\"https:\/\/www.ing.una.py\/FIUNA3\/?page_id=54396\" class=\"elementor-item\" tabindex=\"-1\" class=\"tc-menu-inner\">Orientaci\u00f3n Psicol\u00f3gica<\/a><\/li>\n<li class=\"menu-item menu-item-type-post_type menu-item-object-page menu-item-63470 tc-menu-item tc-menu-depth-0 tc-menu-align-left tc-menu-layout-default\"><a href=\"https:\/\/www.ing.una.py\/FIUNA3\/?page_id=63468\" class=\"elementor-item\" tabindex=\"-1\" class=\"tc-menu-inner\">Orientaci\u00f3n Psicopedag\u00f3gica<\/a><\/li>\n<li class=\"menu-item menu-item-type-post_type menu-item-object-page menu-item-63482 tc-menu-item tc-menu-depth-0 tc-menu-align-left tc-menu-layout-default\"><a href=\"https:\/\/www.ing.una.py\/FIUNA3\/?page_id=63477\" class=\"elementor-item\" tabindex=\"-1\" class=\"tc-menu-inner\">Trabajo Social<\/a><\/li>\n<li class=\"menu-item menu-item-type-post_type menu-item-object-page menu-item-63494 tc-menu-item tc-menu-depth-0 tc-menu-align-left tc-menu-layout-default\"><a href=\"https:\/\/www.ing.una.py\/FIUNA3\/?page_id=63483\" class=\"elementor-item\" tabindex=\"-1\" class=\"tc-menu-inner\">Asesor Acad\u00e9mico<\/a><\/li>\n<li class=\"menu-item menu-item-type-post_type menu-item-object-page menu-item-38600 tc-menu-item tc-menu-depth-0 tc-menu-align-left tc-menu-layout-default\"><a href=\"https:\/\/www.ing.una.py\/FIUNA3\/?page_id=16511\" class=\"elementor-item\" tabindex=\"-1\" class=\"tc-menu-inner\">Becas de la FIUNA<\/a><\/li>\n<li class=\"menu-item menu-item-type-post_type menu-item-object-page menu-item-54338 tc-menu-item tc-menu-depth-0 tc-menu-align-left tc-menu-layout-default\"><a href=\"https:\/\/www.ing.una.py\/FIUNA3\/?page_id=54320\" class=\"elementor-item\" tabindex=\"-1\" class=\"tc-menu-inner\">Becas de la UNA<\/a><\/li>\n<li class=\"menu-item menu-item-type-post_type menu-item-object-page menu-item-54416 tc-menu-item tc-menu-depth-0 tc-menu-align-left tc-menu-layout-default\"><a href=\"https:\/\/www.ing.una.py\/FIUNA3\/?page_id=54409\" class=\"elementor-item\" tabindex=\"-1\" class=\"tc-menu-inner\">Residencia Universitaria de la FIUNA<\/a><\/li>\n<li class=\"menu-item menu-item-type-post_type menu-item-object-page menu-item-63534 tc-menu-item tc-menu-depth-0 tc-menu-align-left tc-menu-layout-default\"><a href=\"https:\/\/www.ing.una.py\/FIUNA3\/?page_id=7185\" class=\"elementor-item\" tabindex=\"-1\" class=\"tc-menu-inner\">Pasant\u00edas<\/a><\/li>\n<li class=\"menu-item menu-item-type-post_type menu-item-object-page menu-item-63535 tc-menu-item tc-menu-depth-0 tc-menu-align-left tc-menu-layout-default\"><a href=\"https:\/\/www.ing.una.py\/FIUNA3\/?page_id=35022\" class=\"elementor-item\" tabindex=\"-1\" class=\"tc-menu-inner\">Formularios de pasant\u00eda<\/a><\/li>\n<li class=\"menu-item menu-item-type-custom menu-item-object-custom menu-item-63536 tc-menu-item tc-menu-depth-0 tc-menu-align-left tc-menu-layout-default\"><a target=\"_blank\" href=\"https:\/\/docs.google.com\/spreadsheets\/d\/e\/2PACX-1vToBiWlO7sh-fALPjjJw5WY8xBBMQMeM1o-F8E9NzYZwGc05Qq_yfj3yO9J3-te-Q\/pubhtml?gid=1413260958&#038;single=true\" class=\"elementor-item\" tabindex=\"-1\" class=\"tc-menu-inner\">Acuerdos vigentes<\/a><\/li>\n<\/ul>\t\t\t<\/nav>\n\t\t\t\t\t\t<\/div>\n\t\t\t\t\t<\/div>\n\t\t<\/div>\n\t\t\t\t\t<\/div>\n\t\t<\/section>\n\t\t\t\t<section class=\"elementor-section elementor-top-section elementor-element elementor-element-754e09a elementor-section-boxed elementor-section-height-default elementor-section-height-default\" data-id=\"754e09a\" data-element_type=\"section\" data-e-type=\"section\">\n\t\t\t\t\t\t<div class=\"elementor-container elementor-column-gap-default\">\n\t\t\t\t\t<div class=\"elementor-column elementor-col-100 elementor-top-column elementor-element elementor-element-e55d616\" data-id=\"e55d616\" data-element_type=\"column\" data-e-type=\"column\">\n\t\t\t<div class=\"elementor-widget-wrap elementor-element-populated\">\n\t\t\t\t\t\t<div class=\"elementor-element elementor-element-d4923a8 elementor-widget-divider--view-line elementor-widget elementor-widget-divider\" data-id=\"d4923a8\" data-element_type=\"widget\" data-e-type=\"widget\" data-widget_type=\"divider.default\">\n\t\t\t\t\t\t\t<div class=\"elementor-divider\">\n\t\t\t<span class=\"elementor-divider-separator\">\n\t\t\t\t\t\t<\/span>\n\t\t<\/div>\n\t\t\t\t\t\t<\/div>\n\t\t\t\t\t<\/div>\n\t\t<\/div>\n\t\t\t\t\t<\/div>\n\t\t<\/section>\n\t\t\t\t<section class=\"elementor-section elementor-top-section elementor-element elementor-element-f8d64d1 elementor-section-boxed elementor-section-height-default elementor-section-height-default\" data-id=\"f8d64d1\" data-element_type=\"section\" data-e-type=\"section\">\n\t\t\t\t\t\t<div class=\"elementor-container elementor-column-gap-default\">\n\t\t\t\t\t<div class=\"elementor-column elementor-col-50 elementor-top-column elementor-element elementor-element-9e1839f\" data-id=\"9e1839f\" data-element_type=\"column\" data-e-type=\"column\">\n\t\t\t<div class=\"elementor-widget-wrap elementor-element-populated\">\n\t\t\t\t\t\t<div class=\"elementor-element elementor-element-2af48e9 elementor-widget elementor-widget-heading\" data-id=\"2af48e9\" data-element_type=\"widget\" data-e-type=\"widget\" data-widget_type=\"heading.default\">\n\t\t\t\t\t<h2 class=\"elementor-heading-title elementor-size-default\">Responsable<\/h2>\t\t\t\t<\/div>\n\t\t\t\t<div class=\"elementor-element elementor-element-987e225 elementor-widget elementor-widget-text-editor\" data-id=\"987e225\" data-element_type=\"widget\" data-e-type=\"widget\" data-widget_type=\"text-editor.default\">\n\t\t\t\t\t\t\t\t\t<h3>Mag. Ing. Gisela Olmedo<\/h3><p><strong>Jefa del Departamento de Bienestar Estudiantil<\/strong><br \/><a href=\"mailto:golmedo@ing.una.py\" target=\"_blank\" rel=\"noopener\">golmedo@ing.una.py<\/a><br \/>021 729 00 10 Int.: 1607<\/p><h4>Horario de atenci\u00f3n<\/h4><p>De lunes a viernes<br \/>De 08:00 a 18:00 hs<\/p>\t\t\t\t\t\t\t\t<\/div>\n\t\t\t\t\t<\/div>\n\t\t<\/div>\n\t\t\t\t<div class=\"elementor-column elementor-col-50 elementor-top-column elementor-element elementor-element-387c5f1\" data-id=\"387c5f1\" data-element_type=\"column\" data-e-type=\"column\">\n\t\t\t<div class=\"elementor-widget-wrap elementor-element-populated\">\n\t\t\t\t\t\t<div class=\"elementor-element elementor-element-71c9d3a elementor-widget elementor-widget-heading\" data-id=\"71c9d3a\" data-element_type=\"widget\" data-e-type=\"widget\" data-widget_type=\"heading.default\">\n\t\t\t\t\t<h2 class=\"elementor-heading-title elementor-size-default\">Ubicaci\u00f3n<\/h2>\t\t\t\t<\/div>\n\t\t\t\t<div class=\"elementor-element elementor-element-7bb95a6 elementor-widget elementor-widget-text-editor\" data-id=\"7bb95a6\" data-element_type=\"widget\" data-e-type=\"widget\" data-widget_type=\"text-editor.default\">\n\t\t\t\t\t\t\t\t\t<p>2\u00b0 piso del Edificio de la FIUNA | Campus de la UNA, San Lorenzo<\/p>\t\t\t\t\t\t\t\t<\/div>\n\t\t\t\t<div class=\"elementor-element elementor-element-822c131 elementor-widget elementor-widget-thim-google-map\" data-id=\"822c131\" data-element_type=\"widget\" data-e-type=\"widget\" data-widget_type=\"thim-google-map.default\">\n\t\t\t\t<div class=\"elementor-widget-container\">\n\t\t\t\t\t<div class=\"thim-map-iframe\" style =\"height: 300px\"><iframe frameborder=\"0\" scrolling=\"no\" marginheight=\"0\" marginwidth=\"0\" src=\"https:\/\/maps.google.com\/maps?q=FIUNA%2C%20san%20Lorenzo&amp;t=m&amp;z=12&amp;output=embed&amp;iwloc=near\" title=\"FIUNA, san Lorenzo\" aria-label=\"FIUNA, san Lorenzo\"><\/iframe><\/div>\t\t\t\t<\/div>\n\t\t\t\t<\/div>\n\t\t\t\t\t<\/div>\n\t\t<\/div>\n\t\t\t\t\t<\/div>\n\t\t<\/section>\n\t\t\t\t<\/div>\n\t\t","protected":false},"excerpt":{"rendered":"<p>Bienestar Estudiantil &lt;strong&gt;El Departamento de Bienestar Estudiantil&lt;\/strong&gt;\u00a0dependiente de la&lt;strong&gt;\u00a0Direcci\u00f3n Acad\u00e9mica&lt;\/strong&gt;, est\u00e1 orientado a asistir a la comunidad educativa y en especial a los estudiantes de la Facultad de Ingenier\u00eda, ejecutando planes, programas y proyectos, que contribuyan a orientar a los estudiantes en el transcurso de su vida universitaria para afrontar con eficacia y eficiencia su proceso de formaci\u00f3n. Prestar asistencia y apoyo a los estudiantes en sus organizaciones gremiales (centro de estudiantes, delegados estudiantiles, etc.) para el desarrollo de sus actividades y trabajar en coordinaci\u00f3n para el logro de sus objetivos educativos. Gestionar, dictaminar y evaluar las solicitudes de becas &hellip; <\/p>\n","protected":false},"author":1,"featured_media":0,"parent":40678,"menu_order":0,"comment_status":"closed","ping_status":"open","template":"","meta":{"_bbp_topic_count":0,"_bbp_reply_count":0,"_bbp_total_topic_count":0,"_bbp_total_reply_count":0,"_bbp_voice_count":0,"_bbp_anonymous_reply_count":0,"_bbp_topic_count_hidden":0,"_bbp_reply_count_hidden":0,"_bbp_forum_subforum_count":0,"advanced_seo_description":"","jetpack_seo_html_title":"","jetpack_seo_noindex":false,"jetpack_post_was_ever_published":false,"footnotes":""},"class_list":["post-31429","page","type-page","status-publish","hentry"],"jetpack_shortlink":"https:\/\/wp.me\/Pc8Odv-8aV","jetpack_likes_enabled":true,"jetpack_sharing_enabled":true,"jetpack-related-posts":[],"_links":{"self":[{"href":"https:\/\/www.ing.una.py\/FIUNA3\/index.php?rest_route=\/wp\/v2\/pages\/31429","targetHints":{"allow":["GET"]}}],"collection":[{"href":"https:\/\/www.ing.una.py\/FIUNA3\/index.php?rest_route=\/wp\/v2\/pages"}],"about":[{"href":"https:\/\/www.ing.una.py\/FIUNA3\/index.php?rest_route=\/wp\/v2\/types\/page"}],"author":[{"embeddable":true,"href":"https:\/\/www.ing.una.py\/FIUNA3\/index.php?rest_route=\/wp\/v2\/users\/1"}],"replies":[{"embeddable":true,"href":"https:\/\/www.ing.una.py\/FIUNA3\/index.php?rest_route=%2Fwp%2Fv2%2Fcomments&post=31429"}],"version-history":[{"count":24,"href":"https:\/\/www.ing.una.py\/FIUNA3\/index.php?rest_route=\/wp\/v2\/pages\/31429\/revisions"}],"predecessor-version":[{"id":78465,"href":"https:\/\/www.ing.una.py\/FIUNA3\/index.php?rest_route=\/wp\/v2\/pages\/31429\/revisions\/78465"}],"up":[{"embeddable":true,"href":"https:\/\/www.ing.una.py\/FIUNA3\/index.php?rest_route=\/wp\/v2\/pages\/40678"}],"wp:attachment":[{"href":"https:\/\/www.ing.una.py\/FIUNA3\/index.php?rest_route=%2Fwp%2Fv2%2Fmedia&parent=31429"}],"curies":[{"name":"wp","href":"https:\/\/api.w.org\/{rel}","templated":true}]}}