{"id":41497,"date":"2020-02-10T08:42:50","date_gmt":"2020-02-10T12:42:50","guid":{"rendered":"http:\/\/www.ing.una.py\/?page_id=41497"},"modified":"2024-10-16T14:30:42","modified_gmt":"2024-10-16T17:30:42","slug":"donaciones-a-la-fiuna-2020","status":"publish","type":"page","link":"https:\/\/www.ing.una.py\/FIUNA3\/?page_id=41497","title":{"rendered":"Donaciones a la FIUNA 2020"},"content":{"rendered":"\t\t<div data-elementor-type=\"wp-page\" data-elementor-id=\"41497\" class=\"elementor elementor-41497\" data-elementor-post-type=\"page\">\n\t\t\t\t\t\t<section class=\"elementor-section elementor-top-section elementor-element elementor-element-9e15f8f elementor-section-boxed elementor-section-height-default elementor-section-height-default\" data-id=\"9e15f8f\" data-element_type=\"section\" data-e-type=\"section\">\n\t\t\t\t\t\t<div class=\"elementor-container elementor-column-gap-default\">\n\t\t\t\t\t<div class=\"elementor-column elementor-col-66 elementor-top-column elementor-element elementor-element-49c53af\" data-id=\"49c53af\" data-element_type=\"column\" data-e-type=\"column\">\n\t\t\t<div class=\"elementor-widget-wrap elementor-element-populated\">\n\t\t\t\t\t\t<div class=\"elementor-element elementor-element-2a6b79f elementor-widget thim-ekits-heading elementor-widget-thim-heading\" data-id=\"2a6b79f\" data-element_type=\"widget\" data-e-type=\"widget\" data-widget_type=\"thim-heading.default\">\n\t\t\t\t<div class=\"elementor-widget-container\">\n\t\t\t\t\t<div class=\"sc_heading\"><h3 class=\"title\">Donaciones a la FIUNA <\/h3><div class=\"sub-heading\"><p>A\u00f1o 2020<\/p>\n<\/div><span class=\"line\"><\/span><\/div>\t\t\t\t<\/div>\n\t\t\t\t<\/div>\n\t\t\t\t<div class=\"elementor-element elementor-element-e027f10 elementor-cta--layout-image-above elementor-cta--skin-classic elementor-animated-content elementor-bg-transform elementor-bg-transform-zoom-in elementor-widget elementor-widget-call-to-action\" data-id=\"e027f10\" data-element_type=\"widget\" data-e-type=\"widget\" data-widget_type=\"call-to-action.default\">\n\t\t\t\t\t\t\t<div class=\"elementor-cta\">\n\t\t\t\t\t\t\t<div class=\"elementor-cta__content\">\n\t\t\t\t\n\t\t\t\t\n\t\t\t\t\t\t\t\t\t<div class=\"elementor-cta__description elementor-cta__content-item elementor-content-item\">\n\t\t\t\t\t\tEn cumplimiento a la Ley 5282 de Libre Acceso a la Informaci\u00f3n p\u00fablica,\u00a0se informa que las dem\u00e1s Resoluciones se encuentran disponibles \t\t\t\t\t<\/div>\n\t\t\t\t\n\t\t\t\t\t\t\t\t\t<div class=\"elementor-cta__button-wrapper elementor-cta__content-item elementor-content-item \">\n\t\t\t\t\t<a class=\"elementor-cta__button elementor-button elementor-size-xs\" href=\"https:\/\/drive.google.com\/drive\/folders\/0ByMkhtgqKX_oSnhLWUtUbXFzdGM\">\n\t\t\t\t\t\tAQU\u00cd\t\t\t\t\t<\/a>\n\t\t\t\t\t<\/div>\n\t\t\t\t\t\t\t<\/div>\n\t\t\t\t\t\t\t<div class=\"elementor-ribbon\">\n\t\t\t\t<div class=\"elementor-ribbon-inner\">2020<\/div>\n\t\t\t<\/div>\n\t\t\t\t<\/div>\n\t\t\t\t\t\t<\/div>\n\t\t\t\t<div class=\"elementor-element elementor-element-c06eb2d elementor-widget elementor-widget-text-editor\" data-id=\"c06eb2d\" data-element_type=\"widget\" data-e-type=\"widget\" data-widget_type=\"text-editor.default\">\n\t\t\t\t\t\t\t\t\t<ul><li><a href=\"http:\/\/www.ing.una.py\/Resoluciones2020\/ConsejoDirectivo\/1448\/1448_2020_003_donacion_prof_Villa.pdf\" target=\"_blank\" rel=\"noopener noreferrer\">Resoluci\u00f3n CD N\u00ba 1448\/2020\/003<\/a>\u00a0<strong>Ejemplares bibliogr\u00e1ficos<\/strong>\u00a0donados por el\u00a0<strong>Prof. Dr. Benigno Villa\u00a0<\/strong><\/li><li><a href=\"http:\/\/www.ing.una.py\/Resoluciones2020\/ConsejoDirectivo\/1446\/1446_2020_009_Donacion_EVargas.pdf\" target=\"_blank\" rel=\"noopener noreferrer\">Resoluci\u00f3n CD N\u00b0 1446\/2020\/009<\/a>\u00a0<strong>Ejemplares bibliogr\u00e1ficos<\/strong>\u00a0donados por el\u00a0<strong>Prof. Ing. Enrique Vargas.<\/strong><\/li><li><a href=\"http:\/\/www.ing.una.py\/Resoluciones2020\/ConsejoDirectivo\/1446\/1446_2020_008_%20Donacion_RRojas.pdf\" target=\"_blank\" rel=\"noopener noreferrer\">Resoluci\u00f3n CD N\u00b0 1446\/2020\/008<\/a>\u00a0<strong>Ejemplares bibliogr\u00e1ficos<\/strong>\u00a0donados por el\u00a0<strong>Prof. Dr. Roberto Rojas Holden.<\/strong><\/li><li><a href=\"http:\/\/www.ing.una.py\/Resoluciones2020\/ConsejoDirectivo\/1446\/1446_2020_007_Donacion_RGimenez.pdf\" target=\"_blank\" rel=\"noopener noreferrer\">Resoluci\u00f3n CD N\u00b0 1446\/2020\/007<\/a>\u00a0<strong>Ejemplares bibliogr\u00e1ficos<\/strong>\u00a0donados por el\u00a0<strong>Prof. Ing. Ricardo Gim\u00e9nez.<\/strong><\/li><li><a href=\"http:\/\/www.ing.una.py\/Resoluciones2020\/ConsejoDirectivo\/1446\/1446_2020_004_Donacion_MVillamayor.pdf\">Resoluci\u00f3n CD N\u00b0 1446\/2020\/004<\/a>\u00a0<strong>Ejemplares\u00a0bibliogr\u00e1ficos<\/strong>\u00a0donados por la\u00a0<strong>Prof. C.P. Matilde Villamayor.<\/strong><\/li><li><a href=\"http:\/\/www.ing.una.py\/wp-content\/uploads\/2020\/08\/1439_2020_004_donacion_cimplast.pdf\" target=\"_blank\" rel=\"noopener noreferrer\">Resoluci\u00f3n CD N\u00b0 1439\/2020\/004<\/a><strong>\u00a0Sistema de refrigeraci\u00f3n tipo Chiller<\/strong>, donado por la\u00a0<strong>Empresa Cimplast S.A.C.I.<\/strong><\/li><li><a href=\"http:\/\/www.ing.una.py\/Resoluciones2020\/ConsejoDirectivo\/1437\/1437_2020_011_donacion%20_equipos_informaticos.pdf\" target=\"_blank\" rel=\"noopener noreferrer\">Resoluci\u00f3n CD N\u00b0 1437\/2020\/011<\/a>\u00a0<strong>Equipos inform\u00e1ticos<\/strong>\u00a0donados por el\u00a0<strong>Sr. Javier Garc\u00eda Riart.<\/strong><\/li><li><a href=\"http:\/\/www.ing.una.py\/Resoluciones2020\/ConsejoDirectivo\/1437\/1437_2020_010_donacion_equipos_informaticos.pdf\" target=\"_blank\" rel=\"noopener noreferrer\">Resoluci\u00f3n CD N\u00b0 1437\/2020\/010<\/a>\u00a0<strong>Equipos inform\u00e1ticos<\/strong>\u00a0donados por el\u00a0<strong>Sr. Eduardo Caballero.<\/strong><\/li><li><a href=\"http:\/\/www.ing.una.py\/Resoluciones2020\/ConsejoDirectivo\/1437\/1437_2020_009_donacion%20_equipos_informaticos.pdf\" target=\"_blank\" rel=\"noopener noreferrer\">Resoluci\u00f3n CD N\u00b0 1437\/2020\/009<\/a>\u00a0<strong>Equipos inform\u00e1ticos<\/strong>\u00a0donados por la\u00a0<strong>Sra. Eliana Cabral.<\/strong><\/li><li><a href=\"http:\/\/www.ing.una.py\/Resoluciones2020\/ConsejoDirectivo\/1437\/1437_2020_008_donacion%20_equipos_informaticos.pdf\" target=\"_blank\" rel=\"noopener noreferrer\">Resoluci\u00f3n CD N\u00b0 1437\/2020\/008<\/a>\u00a0<strong>Equipos inform\u00e1ticos<\/strong>\u00a0donados por la\u00a0<strong>Sra. Bersabe Fleitas de Granada.<\/strong><\/li><li><a href=\"http:\/\/www.ing.una.py\/Resoluciones2020\/ConsejoDirectivo\/1437\/1437_2020_007_donacion%20_equipos_informaticos.pdf\" target=\"_blank\" rel=\"noopener noreferrer\">Resoluci\u00f3n CD N\u00b0 1437\/2020\/007<\/a>\u00a0<strong>Equipos inform\u00e1ticos<\/strong>\u00a0donados por el\u00a0<strong>Sr. Hugo A. Rojas Segovia.<\/strong><\/li><li><a href=\"http:\/\/www.ing.una.py\/Resoluciones2020\/ConsejoDirectivo\/1437\/1437_2020_006_donacion%20_equipos_informaticos.pdf\" target=\"_blank\" rel=\"noopener noreferrer\">Resoluci\u00f3n CD N\u00b0 1437\/2020\/006<\/a>\u00a0<strong>Equipos inform\u00e1ticos<\/strong>\u00a0donados por la\u00a0<strong>Firma Record Electric S.A.E.C.A.<\/strong><\/li><li><a href=\"http:\/\/www.ing.una.py\/Resoluciones2020\/ConsejoDirectivo\/1437\/1437_2020_005_donacion%20_equipos_informaticos.pdf\" target=\"_blank\" rel=\"noopener noreferrer\">Resoluci\u00f3n CD N\u00b0 1437\/2020\/005<\/a>\u00a0<strong>Equipos inform\u00e1ticos<\/strong>\u00a0donados por la\u00a0<strong>Ing. Rita Abdala.<\/strong><\/li><li><a href=\"http:\/\/www.ing.una.py\/Resoluciones2020\/ConsejoDirectivo\/1437\/1437_2020_004_donacion%20_equipos_informaticos.pdf\" target=\"_blank\" rel=\"noopener noreferrer\">Resoluci\u00f3n CD N\u00b0 1437\/2020\/004<\/a>\u00a0<strong>Equipos inform\u00e1ticos<\/strong>\u00a0donados por el\u00a0<strong>Prof. Ing. Sergio Gavil\u00e1n Mart\u00ednez. <\/strong><\/li><li><a href=\"http:\/\/www.ing.una.py\/Resoluciones2020\/Decano\/095_2020_donacion.pdf\" target=\"_blank\" rel=\"noopener noreferrer\">Resoluci\u00f3n D N\u00ba 095\/2020<\/a>\u00a0<strong>Dron, Veh\u00edculo Marino tipo USV con componentes<\/strong>\u00a0donados por la\u00a0<strong>Universidad de Sevilla \u2013 Espa\u00f1a.<\/strong><\/li><li><a href=\"http:\/\/www.ing.una.py\/Resoluciones2020\/ConsejoDirectivo\/1421\/1421_2020_015_donac.pdf\" target=\"_blank\" rel=\"noopener noreferrer\">Resoluci\u00f3n CD N\u00ba 1421\/2020\/015<\/a>\u00a0<strong>Equipos y herramientas<\/strong>\u00a0donados por el\u00a0<strong>Ing. Nardi A. Guerrero Durand.<\/strong><\/li><li><a href=\"http:\/\/www.ing.una.py\/Resoluciones2020\/ConsejoDirectivo\/1421\/1421_2020_014_donac_emerg_nacional.pdf\" target=\"_blank\" rel=\"noopener noreferrer\">Resoluci\u00f3n CD N\u00ba 1421\/2020\/014<\/a>\u00a0<strong>Materiales Bibliogr\u00e1ficos<\/strong>\u00a0donados por la\u00a0<strong>Secretar\u00eda de Emergencia Nacional.<\/strong><\/li><li><a href=\"http:\/\/www.ing.una.py\/Resoluciones2020\/ConsejoDirectivo\/1421\/1421_2020_013_donac.pdf\" target=\"_blank\" rel=\"noopener noreferrer\">Resoluci\u00f3n CD N\u00ba 1421\/2020\/013<\/a>\u00a0<strong>Materiales Bibliogr\u00e1ficos<\/strong>\u00a0donados por la\u00a0<strong>Sra. Marta C\u00e1rdenas.<\/strong><\/li><\/ul>\t\t\t\t\t\t\t\t<\/div>\n\t\t\t\t\t<\/div>\n\t\t<\/div>\n\t\t\t\t<div class=\"elementor-column elementor-col-33 elementor-top-column elementor-element elementor-element-2ee28a9\" data-id=\"2ee28a9\" data-element_type=\"column\" data-e-type=\"column\">\n\t\t\t<div class=\"elementor-widget-wrap elementor-element-populated\">\n\t\t\t\t\t\t<div class=\"elementor-element elementor-element-947b2c7 elementor-widget elementor-widget-heading\" data-id=\"947b2c7\" data-element_type=\"widget\" data-e-type=\"widget\" data-widget_type=\"heading.default\">\n\t\t\t\t\t<h3 class=\"elementor-heading-title elementor-size-default\">Institucional<\/h3>\t\t\t\t<\/div>\n\t\t\t\t<div class=\"elementor-element elementor-element-8cb4446 elementor-nav-menu__align-start elementor-nav-menu--dropdown-mobile elementor-nav-menu__text-align-aside elementor-nav-menu--toggle elementor-nav-menu--burger elementor-widget elementor-widget-nav-menu\" data-id=\"8cb4446\" data-element_type=\"widget\" data-e-type=\"widget\" data-settings=\"{&quot;layout&quot;:&quot;vertical&quot;,&quot;_animation&quot;:&quot;none&quot;,&quot;submenu_icon&quot;:{&quot;value&quot;:&quot;&lt;svg class=\\&quot;fa-svg-chevron-down e-font-icon-svg e-fas-chevron-down\\&quot; viewBox=\\&quot;0 0 448 512\\&quot; xmlns=\\&quot;http:\\\/\\\/www.w3.org\\\/2000\\\/svg\\&quot;&gt;&lt;path d=\\&quot;M207.029 381.476L12.686 187.132c-9.373-9.373-9.373-24.569 0-33.941l22.667-22.667c9.357-9.357 24.522-9.375 33.901-.04L224 284.505l154.745-154.021c9.379-9.335 24.544-9.317 33.901.04l22.667 22.667c9.373 9.373 9.373 24.569 0 33.941L240.971 381.476c-9.373 9.372-24.569 9.372-33.942 0z\\&quot;&gt;&lt;\\\/path&gt;&lt;\\\/svg&gt;&quot;,&quot;library&quot;:&quot;fa-solid&quot;},&quot;toggle&quot;:&quot;burger&quot;}\" data-widget_type=\"nav-menu.default\">\n\t\t\t\t\t\t\t\t<nav aria-label=\"Men\u00fa\" class=\"elementor-nav-menu--main elementor-nav-menu__container elementor-nav-menu--layout-vertical e--pointer-background e--animation-fade\">\n\t\t\t\t<ul id=\"menu-1-8cb4446\" class=\"elementor-nav-menu sm-vertical\"><li class=\"menu-item menu-item-type-post_type menu-item-object-page menu-item-42082 tc-menu-item tc-menu-depth-0 tc-menu-align-left tc-menu-layout-default\"><a href=\"https:\/\/www.ing.una.py\/FIUNA3\/?page_id=429\" class=\"elementor-item\" class=\"tc-menu-inner\">Volver a Institucional<\/a><\/li>\n<li class=\"menu-item menu-item-type-post_type menu-item-object-page menu-item-38505 tc-menu-item tc-menu-depth-0 tc-menu-align-left tc-menu-layout-default\"><a href=\"https:\/\/www.ing.una.py\/FIUNA3\/?page_id=24702\" class=\"elementor-item\" class=\"tc-menu-inner\">Resoluciones del Rectorado<\/a><\/li>\n<li class=\"menu-item menu-item-type-post_type menu-item-object-page menu-item-61382 tc-menu-item tc-menu-depth-0 tc-menu-align-left tc-menu-layout-default\"><a href=\"https:\/\/www.ing.una.py\/FIUNA3\/?page_id=61380\" class=\"elementor-item\" class=\"tc-menu-inner\">Resoluciones del Consejo Directivo<\/a><\/li>\n<li class=\"menu-item menu-item-type-post_type menu-item-object-page menu-item-61405 tc-menu-item tc-menu-depth-0 tc-menu-align-left tc-menu-layout-default\"><a href=\"https:\/\/www.ing.una.py\/FIUNA3\/?page_id=61400\" class=\"elementor-item\" class=\"tc-menu-inner\">Resoluciones del Decano<\/a><\/li>\n<li class=\"menu-item menu-item-type-post_type menu-item-object-page menu-item-has-children menu-item-85315 tc-menu-item tc-menu-depth-0 tc-menu-align-left tc-menu-layout-default\"><a href=\"https:\/\/www.ing.una.py\/FIUNA3\/?page_id=85308\" class=\"elementor-item\" class=\"tc-menu-inner\">Donaciones recibidas 2026<\/a>\n<ul class=\"sub-menu\">\n\t<li class=\"menu-item menu-item-type-post_type menu-item-object-page menu-item-75587 tc-menu-item tc-menu-depth-1 tc-menu-align-left\"><a href=\"https:\/\/www.ing.una.py\/FIUNA3\/?page_id=75572\" class=\"elementor-sub-item\" class=\"tc-menu-inner tc-megamenu-title\">2025<\/a><\/li>\n\t<li class=\"menu-item menu-item-type-post_type menu-item-object-page menu-item-61464 tc-menu-item tc-menu-depth-1 tc-menu-align-left\"><a href=\"https:\/\/www.ing.una.py\/FIUNA3\/?page_id=61462\" class=\"elementor-sub-item\" class=\"tc-menu-inner tc-megamenu-title\">2024<\/a><\/li>\n\t<li class=\"menu-item menu-item-type-post_type menu-item-object-page menu-item-61458 tc-menu-item tc-menu-depth-1 tc-menu-align-left\"><a href=\"https:\/\/www.ing.una.py\/FIUNA3\/?page_id=61443\" class=\"elementor-sub-item\" class=\"tc-menu-inner tc-megamenu-title\">2023<\/a><\/li>\n\t<li class=\"menu-item menu-item-type-post_type menu-item-object-page menu-item-61442 tc-menu-item tc-menu-depth-1 tc-menu-align-left\"><a href=\"https:\/\/www.ing.una.py\/FIUNA3\/?page_id=61437\" class=\"elementor-sub-item\" class=\"tc-menu-inner tc-megamenu-title\">2022<\/a><\/li>\n\t<li class=\"menu-item menu-item-type-post_type menu-item-object-page menu-item-47885 tc-menu-item tc-menu-depth-1 tc-menu-align-left\"><a href=\"https:\/\/www.ing.una.py\/FIUNA3\/?page_id=47877\" class=\"elementor-sub-item\" class=\"tc-menu-inner tc-megamenu-title\">2021<\/a><\/li>\n\t<li class=\"menu-item menu-item-type-post_type menu-item-object-page menu-item-42132 tc-menu-item tc-menu-depth-1 tc-menu-align-left\"><a href=\"https:\/\/www.ing.una.py\/FIUNA3\/?page_id=41497\" class=\"elementor-sub-item\" class=\"tc-menu-inner tc-megamenu-title\">2020<\/a><\/li>\n\t<li class=\"menu-item menu-item-type-post_type menu-item-object-page menu-item-38670 tc-menu-item tc-menu-depth-1 tc-menu-align-left\"><a href=\"https:\/\/www.ing.una.py\/FIUNA3\/?page_id=37720\" class=\"elementor-sub-item\" class=\"tc-menu-inner tc-megamenu-title\">2019<\/a><\/li>\n\t<li class=\"menu-item menu-item-type-post_type menu-item-object-page menu-item-38669 tc-menu-item tc-menu-depth-1 tc-menu-align-left\"><a href=\"https:\/\/www.ing.una.py\/FIUNA3\/?page_id=34302\" class=\"elementor-sub-item\" class=\"tc-menu-inner tc-megamenu-title\">2018<\/a><\/li>\n<\/ul><!-- End wrapper ul sub -->\n<\/li>\n<li class=\"menu-item menu-item-type-post_type menu-item-object-page menu-item-38485 tc-menu-item tc-menu-depth-0 tc-menu-align-left tc-menu-layout-default\"><a href=\"https:\/\/www.ing.una.py\/FIUNA3\/?page_id=22765\" class=\"elementor-item\" class=\"tc-menu-inner\">Reglamentos<\/a><\/li>\n<li class=\"menu-item menu-item-type-post_type menu-item-object-page menu-item-38648 tc-menu-item tc-menu-depth-0 tc-menu-align-left tc-menu-layout-default\"><a href=\"https:\/\/www.ing.una.py\/FIUNA3\/?page_id=36678\" class=\"elementor-item\" class=\"tc-menu-inner\">Resultados Concursos Docentes<\/a><\/li>\n<li class=\"menu-item menu-item-type-post_type menu-item-object-page menu-item-38484 tc-menu-item tc-menu-depth-0 tc-menu-align-left tc-menu-layout-default\"><a href=\"https:\/\/www.ing.una.py\/FIUNA3\/?page_id=22692\" class=\"elementor-item\" class=\"tc-menu-inner\">Designaciones | Hist\u00f3rico<\/a><\/li>\n<li class=\"menu-item menu-item-type-post_type menu-item-object-page menu-item-38623 tc-menu-item tc-menu-depth-0 tc-menu-align-left tc-menu-layout-default\"><a href=\"https:\/\/www.ing.una.py\/FIUNA3\/?page_id=34290\" class=\"elementor-item\" class=\"tc-menu-inner\">Sumarios Administrativos<\/a><\/li>\n<li class=\"menu-item menu-item-type-post_type menu-item-object-page menu-item-38502 tc-menu-item tc-menu-depth-0 tc-menu-align-left tc-menu-layout-default\"><a href=\"https:\/\/www.ing.una.py\/FIUNA3\/?page_id=24291\" class=\"elementor-item\" class=\"tc-menu-inner\">Sumarios Administrativos \u2013 Conclu\u00eddos<\/a><\/li>\n<\/ul>\t\t\t<\/nav>\n\t\t\t\t\t<div class=\"elementor-menu-toggle\" role=\"button\" tabindex=\"0\" aria-label=\"Alternar men\u00fa\" aria-expanded=\"false\">\n\t\t\t<svg aria-hidden=\"true\" role=\"presentation\" class=\"elementor-menu-toggle__icon--open e-font-icon-svg e-eicon-menu-bar\" viewBox=\"0 0 1000 1000\" xmlns=\"http:\/\/www.w3.org\/2000\/svg\"><path d=\"M104 333H896C929 333 958 304 958 271S929 208 896 208H104C71 208 42 237 42 271S71 333 104 333ZM104 583H896C929 583 958 554 958 521S929 458 896 458H104C71 458 42 487 42 521S71 583 104 583ZM104 833H896C929 833 958 804 958 771S929 708 896 708H104C71 708 42 737 42 771S71 833 104 833Z\"><\/path><\/svg><svg aria-hidden=\"true\" role=\"presentation\" class=\"elementor-menu-toggle__icon--close e-font-icon-svg e-eicon-close\" viewBox=\"0 0 1000 1000\" xmlns=\"http:\/\/www.w3.org\/2000\/svg\"><path d=\"M742 167L500 408 258 167C246 154 233 150 217 150 196 150 179 158 167 167 154 179 150 196 150 212 150 229 154 242 171 254L408 500 167 742C138 771 138 800 167 829 196 858 225 858 254 829L496 587 738 829C750 842 767 846 783 846 800 846 817 842 829 829 842 817 846 804 846 783 846 767 842 750 829 737L588 500 833 258C863 229 863 200 833 171 804 137 775 137 742 167Z\"><\/path><\/svg>\t\t<\/div>\n\t\t\t\t\t<nav class=\"elementor-nav-menu--dropdown elementor-nav-menu__container\" aria-hidden=\"true\">\n\t\t\t\t<ul id=\"menu-2-8cb4446\" class=\"elementor-nav-menu sm-vertical\"><li class=\"menu-item menu-item-type-post_type menu-item-object-page menu-item-42082 tc-menu-item tc-menu-depth-0 tc-menu-align-left tc-menu-layout-default\"><a href=\"https:\/\/www.ing.una.py\/FIUNA3\/?page_id=429\" class=\"elementor-item\" tabindex=\"-1\" class=\"tc-menu-inner\">Volver a Institucional<\/a><\/li>\n<li class=\"menu-item menu-item-type-post_type menu-item-object-page menu-item-38505 tc-menu-item tc-menu-depth-0 tc-menu-align-left tc-menu-layout-default\"><a href=\"https:\/\/www.ing.una.py\/FIUNA3\/?page_id=24702\" class=\"elementor-item\" tabindex=\"-1\" class=\"tc-menu-inner\">Resoluciones del Rectorado<\/a><\/li>\n<li class=\"menu-item menu-item-type-post_type menu-item-object-page menu-item-61382 tc-menu-item tc-menu-depth-0 tc-menu-align-left tc-menu-layout-default\"><a href=\"https:\/\/www.ing.una.py\/FIUNA3\/?page_id=61380\" class=\"elementor-item\" tabindex=\"-1\" class=\"tc-menu-inner\">Resoluciones del Consejo Directivo<\/a><\/li>\n<li class=\"menu-item menu-item-type-post_type menu-item-object-page menu-item-61405 tc-menu-item tc-menu-depth-0 tc-menu-align-left tc-menu-layout-default\"><a href=\"https:\/\/www.ing.una.py\/FIUNA3\/?page_id=61400\" class=\"elementor-item\" tabindex=\"-1\" class=\"tc-menu-inner\">Resoluciones del Decano<\/a><\/li>\n<li class=\"menu-item menu-item-type-post_type menu-item-object-page menu-item-has-children menu-item-85315 tc-menu-item tc-menu-depth-0 tc-menu-align-left tc-menu-layout-default\"><a href=\"https:\/\/www.ing.una.py\/FIUNA3\/?page_id=85308\" class=\"elementor-item\" tabindex=\"-1\" class=\"tc-menu-inner\">Donaciones recibidas 2026<\/a>\n<ul class=\"sub-menu\">\n\t<li class=\"menu-item menu-item-type-post_type menu-item-object-page menu-item-75587 tc-menu-item tc-menu-depth-1 tc-menu-align-left\"><a href=\"https:\/\/www.ing.una.py\/FIUNA3\/?page_id=75572\" class=\"elementor-sub-item\" tabindex=\"-1\" class=\"tc-menu-inner tc-megamenu-title\">2025<\/a><\/li>\n\t<li class=\"menu-item menu-item-type-post_type menu-item-object-page menu-item-61464 tc-menu-item tc-menu-depth-1 tc-menu-align-left\"><a href=\"https:\/\/www.ing.una.py\/FIUNA3\/?page_id=61462\" class=\"elementor-sub-item\" tabindex=\"-1\" class=\"tc-menu-inner tc-megamenu-title\">2024<\/a><\/li>\n\t<li class=\"menu-item menu-item-type-post_type menu-item-object-page menu-item-61458 tc-menu-item tc-menu-depth-1 tc-menu-align-left\"><a href=\"https:\/\/www.ing.una.py\/FIUNA3\/?page_id=61443\" class=\"elementor-sub-item\" tabindex=\"-1\" class=\"tc-menu-inner tc-megamenu-title\">2023<\/a><\/li>\n\t<li class=\"menu-item menu-item-type-post_type menu-item-object-page menu-item-61442 tc-menu-item tc-menu-depth-1 tc-menu-align-left\"><a href=\"https:\/\/www.ing.una.py\/FIUNA3\/?page_id=61437\" class=\"elementor-sub-item\" tabindex=\"-1\" class=\"tc-menu-inner tc-megamenu-title\">2022<\/a><\/li>\n\t<li class=\"menu-item menu-item-type-post_type menu-item-object-page menu-item-47885 tc-menu-item tc-menu-depth-1 tc-menu-align-left\"><a href=\"https:\/\/www.ing.una.py\/FIUNA3\/?page_id=47877\" class=\"elementor-sub-item\" tabindex=\"-1\" class=\"tc-menu-inner tc-megamenu-title\">2021<\/a><\/li>\n\t<li class=\"menu-item menu-item-type-post_type menu-item-object-page menu-item-42132 tc-menu-item tc-menu-depth-1 tc-menu-align-left\"><a href=\"https:\/\/www.ing.una.py\/FIUNA3\/?page_id=41497\" class=\"elementor-sub-item\" tabindex=\"-1\" class=\"tc-menu-inner tc-megamenu-title\">2020<\/a><\/li>\n\t<li class=\"menu-item menu-item-type-post_type menu-item-object-page menu-item-38670 tc-menu-item tc-menu-depth-1 tc-menu-align-left\"><a href=\"https:\/\/www.ing.una.py\/FIUNA3\/?page_id=37720\" class=\"elementor-sub-item\" tabindex=\"-1\" class=\"tc-menu-inner tc-megamenu-title\">2019<\/a><\/li>\n\t<li class=\"menu-item menu-item-type-post_type menu-item-object-page menu-item-38669 tc-menu-item tc-menu-depth-1 tc-menu-align-left\"><a href=\"https:\/\/www.ing.una.py\/FIUNA3\/?page_id=34302\" class=\"elementor-sub-item\" tabindex=\"-1\" class=\"tc-menu-inner tc-megamenu-title\">2018<\/a><\/li>\n<\/ul><!-- End wrapper ul sub -->\n<\/li>\n<li class=\"menu-item menu-item-type-post_type menu-item-object-page menu-item-38485 tc-menu-item tc-menu-depth-0 tc-menu-align-left tc-menu-layout-default\"><a href=\"https:\/\/www.ing.una.py\/FIUNA3\/?page_id=22765\" class=\"elementor-item\" tabindex=\"-1\" class=\"tc-menu-inner\">Reglamentos<\/a><\/li>\n<li class=\"menu-item menu-item-type-post_type menu-item-object-page menu-item-38648 tc-menu-item tc-menu-depth-0 tc-menu-align-left tc-menu-layout-default\"><a href=\"https:\/\/www.ing.una.py\/FIUNA3\/?page_id=36678\" class=\"elementor-item\" tabindex=\"-1\" class=\"tc-menu-inner\">Resultados Concursos Docentes<\/a><\/li>\n<li class=\"menu-item menu-item-type-post_type menu-item-object-page menu-item-38484 tc-menu-item tc-menu-depth-0 tc-menu-align-left tc-menu-layout-default\"><a href=\"https:\/\/www.ing.una.py\/FIUNA3\/?page_id=22692\" class=\"elementor-item\" tabindex=\"-1\" class=\"tc-menu-inner\">Designaciones | Hist\u00f3rico<\/a><\/li>\n<li class=\"menu-item menu-item-type-post_type menu-item-object-page menu-item-38623 tc-menu-item tc-menu-depth-0 tc-menu-align-left tc-menu-layout-default\"><a href=\"https:\/\/www.ing.una.py\/FIUNA3\/?page_id=34290\" class=\"elementor-item\" tabindex=\"-1\" class=\"tc-menu-inner\">Sumarios Administrativos<\/a><\/li>\n<li class=\"menu-item menu-item-type-post_type menu-item-object-page menu-item-38502 tc-menu-item tc-menu-depth-0 tc-menu-align-left tc-menu-layout-default\"><a href=\"https:\/\/www.ing.una.py\/FIUNA3\/?page_id=24291\" class=\"elementor-item\" tabindex=\"-1\" class=\"tc-menu-inner\">Sumarios Administrativos \u2013 Conclu\u00eddos<\/a><\/li>\n<\/ul>\t\t\t<\/nav>\n\t\t\t\t\t\t<\/div>\n\t\t\t\t\t<\/div>\n\t\t<\/div>\n\t\t\t\t\t<\/div>\n\t\t<\/section>\n\t\t\t\t<\/div>\n\t\t","protected":false},"excerpt":{"rendered":"<p>Donaciones a la FIUNA A\u00f1o 2020 En cumplimiento a la Ley 5282 de Libre Acceso a la Informaci\u00f3n p\u00fablica,\u00a0se informa que las dem\u00e1s Resoluciones se encuentran disponibles AQU\u00cd 2020 Resoluci\u00f3n CD N\u00ba 1448\/2020\/003\u00a0Ejemplares bibliogr\u00e1ficos\u00a0donados por el\u00a0Prof. Dr. Benigno Villa\u00a0 Resoluci\u00f3n CD N\u00b0 1446\/2020\/009\u00a0Ejemplares bibliogr\u00e1ficos\u00a0donados por el\u00a0Prof. Ing. Enrique Vargas. Resoluci\u00f3n CD N\u00b0 1446\/2020\/008\u00a0Ejemplares bibliogr\u00e1ficos\u00a0donados por el\u00a0Prof. Dr. Roberto Rojas Holden. Resoluci\u00f3n CD N\u00b0 1446\/2020\/007\u00a0Ejemplares bibliogr\u00e1ficos\u00a0donados por el\u00a0Prof. Ing. Ricardo Gim\u00e9nez. Resoluci\u00f3n CD N\u00b0 1446\/2020\/004\u00a0Ejemplares\u00a0bibliogr\u00e1ficos\u00a0donados por la\u00a0Prof. C.P. Matilde Villamayor. Resoluci\u00f3n CD N\u00b0 1439\/2020\/004\u00a0Sistema de refrigeraci\u00f3n tipo Chiller, donado por la\u00a0Empresa Cimplast S.A.C.I. Resoluci\u00f3n CD N\u00b0 1437\/2020\/011\u00a0Equipos inform\u00e1ticos\u00a0donados por el\u00a0Sr. Javier &hellip; <\/p>\n","protected":false},"author":1,"featured_media":0,"parent":429,"menu_order":0,"comment_status":"closed","ping_status":"closed","template":"","meta":{"_bbp_topic_count":0,"_bbp_reply_count":0,"_bbp_total_topic_count":0,"_bbp_total_reply_count":0,"_bbp_voice_count":0,"_bbp_anonymous_reply_count":0,"_bbp_topic_count_hidden":0,"_bbp_reply_count_hidden":0,"_bbp_forum_subforum_count":0,"advanced_seo_description":"","jetpack_seo_html_title":"","jetpack_seo_noindex":false,"jetpack_post_was_ever_published":false,"footnotes":""},"class_list":["post-41497","page","type-page","status-publish","hentry"],"jetpack_shortlink":"https:\/\/wp.me\/Pc8Odv-aNj","jetpack_likes_enabled":true,"jetpack_sharing_enabled":true,"jetpack-related-posts":[],"_links":{"self":[{"href":"https:\/\/www.ing.una.py\/FIUNA3\/index.php?rest_route=\/wp\/v2\/pages\/41497","targetHints":{"allow":["GET"]}}],"collection":[{"href":"https:\/\/www.ing.una.py\/FIUNA3\/index.php?rest_route=\/wp\/v2\/pages"}],"about":[{"href":"https:\/\/www.ing.una.py\/FIUNA3\/index.php?rest_route=\/wp\/v2\/types\/page"}],"author":[{"embeddable":true,"href":"https:\/\/www.ing.una.py\/FIUNA3\/index.php?rest_route=\/wp\/v2\/users\/1"}],"replies":[{"embeddable":true,"href":"https:\/\/www.ing.una.py\/FIUNA3\/index.php?rest_route=%2Fwp%2Fv2%2Fcomments&post=41497"}],"version-history":[{"count":11,"href":"https:\/\/www.ing.una.py\/FIUNA3\/index.php?rest_route=\/wp\/v2\/pages\/41497\/revisions"}],"predecessor-version":[{"id":72391,"href":"https:\/\/www.ing.una.py\/FIUNA3\/index.php?rest_route=\/wp\/v2\/pages\/41497\/revisions\/72391"}],"up":[{"embeddable":true,"href":"https:\/\/www.ing.una.py\/FIUNA3\/index.php?rest_route=\/wp\/v2\/pages\/429"}],"wp:attachment":[{"href":"https:\/\/www.ing.una.py\/FIUNA3\/index.php?rest_route=%2Fwp%2Fv2%2Fmedia&parent=41497"}],"curies":[{"name":"wp","href":"https:\/\/api.w.org\/{rel}","templated":true}]}}