{"id":429,"date":"2011-11-23T13:11:35","date_gmt":"2011-11-23T13:11:35","guid":{"rendered":"http:\/\/200.10.231.240\/fiuna_wp\/?page_id=429"},"modified":"2024-04-22T12:09:36","modified_gmt":"2024-04-22T16:09:36","slug":"mision-vision-y-valores","status":"publish","type":"page","link":"https:\/\/www.ing.una.py\/FIUNA3\/?page_id=429","title":{"rendered":"Misi\u00f3n, Visi\u00f3n y Valores"},"content":{"rendered":"\t\t<div data-elementor-type=\"wp-page\" data-elementor-id=\"429\" class=\"elementor elementor-429\" data-elementor-post-type=\"page\">\n\t\t\t\t\t\t<section class=\"elementor-section elementor-top-section elementor-element elementor-element-94eb919 elementor-section-boxed elementor-section-height-default elementor-section-height-default\" data-id=\"94eb919\" data-element_type=\"section\" data-e-type=\"section\">\n\t\t\t\t\t\t<div class=\"elementor-container elementor-column-gap-default\">\n\t\t\t\t\t<div class=\"elementor-column elementor-col-66 elementor-top-column elementor-element elementor-element-a22d64a\" data-id=\"a22d64a\" data-element_type=\"column\" data-e-type=\"column\">\n\t\t\t<div class=\"elementor-widget-wrap elementor-element-populated\">\n\t\t\t\t\t\t<div class=\"elementor-element elementor-element-b7ae95e elementor-widget thim-ekits-heading elementor-widget-thim-heading\" data-id=\"b7ae95e\" data-element_type=\"widget\" data-e-type=\"widget\" data-widget_type=\"thim-heading.default\">\n\t\t\t\t<div class=\"elementor-widget-container\">\n\t\t\t\t\t<div class=\"sc_heading\"><h2 class=\"title\">Misi\u00f3n, Visi\u00f3n y Valores de la FIUNA <\/h2><span class=\"line\"><\/span><\/div>\t\t\t\t<\/div>\n\t\t\t\t<\/div>\n\t\t\t\t<div class=\"elementor-element elementor-element-2ea7d334 elementor-widget elementor-widget-text-editor\" data-id=\"2ea7d334\" data-element_type=\"widget\" data-e-type=\"widget\" data-widget_type=\"text-editor.default\">\n\t\t\t\t\t\t\t\t\t<h3>Visi\u00f3n<\/h3><p>Ser una instituci\u00f3n educativa de excelencia, moderna, \u00e9tica e innovadora en la formaci\u00f3n de profesionales en las ciencias de la ingenier\u00eda con una s\u00f3lida oferta de formaci\u00f3n estructurada, transparente, de calidad, orientada a las necesidades de la sociedad, priorizando las investigaciones relevantes comprometidas con el medio ambiente y de impacto en el desarrollo nacional.<\/p><h3>Misi\u00f3n<\/h3><p>Formar profesionales en ciencias de la ingenier\u00eda, innovadores, \u00e9ticos capaces de contribuir al bienestar de la sociedad a trav\u00e9s de la aplicaci\u00f3n y difusi\u00f3n del conocimiento cient\u00edfico de calidad que son generados en nuestros programas de pre grado, grado, posgrado y proyectos de investigaci\u00f3n orientados a resolver las necesidades de la sociedad y contribuir en el desarrollo nacional.<\/p><h3>Valores<\/h3><ul><li>Compromiso<\/li><li>Integridad<\/li><li>\u00c9tica<\/li><li>Respeto<\/li><li>Solidaridad<\/li><li>Transparencia<\/li><li>Excelencia<\/li><li>Equidad<\/li><li>Inclusividad<\/li><\/ul>\t\t\t\t\t\t\t\t<\/div>\n\t\t\t\t\t<\/div>\n\t\t<\/div>\n\t\t\t\t<div class=\"elementor-column elementor-col-33 elementor-top-column elementor-element elementor-element-6341d92\" data-id=\"6341d92\" data-element_type=\"column\" data-e-type=\"column\">\n\t\t\t<div class=\"elementor-widget-wrap elementor-element-populated\">\n\t\t\t\t\t\t<div class=\"elementor-element elementor-element-197c517 elementor-widget elementor-widget-heading\" data-id=\"197c517\" data-element_type=\"widget\" data-e-type=\"widget\" data-widget_type=\"heading.default\">\n\t\t\t\t\t<h3 class=\"elementor-heading-title elementor-size-default\">Institucional<\/h3>\t\t\t\t<\/div>\n\t\t\t\t<div class=\"elementor-element elementor-element-33faa17 elementor-nav-menu__align-start elementor-nav-menu--dropdown-mobile elementor-nav-menu__text-align-aside elementor-nav-menu--toggle elementor-nav-menu--burger elementor-widget elementor-widget-nav-menu\" data-id=\"33faa17\" data-element_type=\"widget\" data-e-type=\"widget\" data-settings=\"{&quot;layout&quot;:&quot;vertical&quot;,&quot;_animation&quot;:&quot;none&quot;,&quot;submenu_icon&quot;:{&quot;value&quot;:&quot;&lt;svg class=\\&quot;fa-svg-chevron-down e-font-icon-svg e-fas-chevron-down\\&quot; viewBox=\\&quot;0 0 448 512\\&quot; xmlns=\\&quot;http:\\\/\\\/www.w3.org\\\/2000\\\/svg\\&quot;&gt;&lt;path d=\\&quot;M207.029 381.476L12.686 187.132c-9.373-9.373-9.373-24.569 0-33.941l22.667-22.667c9.357-9.357 24.522-9.375 33.901-.04L224 284.505l154.745-154.021c9.379-9.335 24.544-9.317 33.901.04l22.667 22.667c9.373 9.373 9.373 24.569 0 33.941L240.971 381.476c-9.373 9.372-24.569 9.372-33.942 0z\\&quot;&gt;&lt;\\\/path&gt;&lt;\\\/svg&gt;&quot;,&quot;library&quot;:&quot;fa-solid&quot;},&quot;toggle&quot;:&quot;burger&quot;}\" data-widget_type=\"nav-menu.default\">\n\t\t\t\t\t\t\t\t<nav aria-label=\"Men\u00fa\" class=\"elementor-nav-menu--main elementor-nav-menu__container elementor-nav-menu--layout-vertical e--pointer-background e--animation-fade\">\n\t\t\t\t<ul id=\"menu-1-33faa17\" class=\"elementor-nav-menu sm-vertical\"><li class=\"menu-item menu-item-type-post_type menu-item-object-page menu-item-41044 tc-menu-item tc-menu-depth-0 tc-menu-align-left tc-menu-layout-default\"><a href=\"https:\/\/www.ing.una.py\/FIUNA3\/?page_id=220\" class=\"elementor-item\" class=\"tc-menu-inner\">Nuestra Historia<\/a><\/li>\n<li class=\"menu-item menu-item-type-post_type menu-item-object-page menu-item-41052 tc-menu-item tc-menu-depth-0 tc-menu-align-left tc-menu-layout-default\"><a href=\"https:\/\/www.ing.una.py\/FIUNA3\/?page_id=429\" class=\"elementor-item\" class=\"tc-menu-inner\">Misi\u00f3n, Visi\u00f3n y Valores<\/a><\/li>\n<li class=\"menu-item menu-item-type-post_type menu-item-object-page menu-item-41045 tc-menu-item tc-menu-depth-0 tc-menu-align-left tc-menu-layout-default\"><a href=\"https:\/\/www.ing.una.py\/FIUNA3\/?page_id=420\" class=\"elementor-item\" class=\"tc-menu-inner\">Autoridades de la FIUNA<\/a><\/li>\n<li class=\"menu-item menu-item-type-post_type menu-item-object-page menu-item-41046 tc-menu-item tc-menu-depth-0 tc-menu-align-left tc-menu-layout-default\"><a href=\"https:\/\/www.ing.una.py\/FIUNA3\/?page_id=19722\" class=\"elementor-item\" class=\"tc-menu-inner\">Directivos<\/a><\/li>\n<li class=\"menu-item menu-item-type-post_type menu-item-object-page menu-item-41047 tc-menu-item tc-menu-depth-0 tc-menu-align-left tc-menu-layout-default\"><a href=\"https:\/\/www.ing.una.py\/FIUNA3\/?page_id=460\" class=\"elementor-item\" class=\"tc-menu-inner\">Organigrama de la FIUNA<\/a><\/li>\n<li class=\"menu-item menu-item-type-post_type menu-item-object-page menu-item-41048 tc-menu-item tc-menu-depth-0 tc-menu-align-left tc-menu-layout-default\"><a href=\"https:\/\/www.ing.una.py\/FIUNA3\/?page_id=471\" class=\"elementor-item\" class=\"tc-menu-inner\">Sedes<\/a><\/li>\n<li class=\"menu-item menu-item-type-post_type menu-item-object-page menu-item-has-children menu-item-83597 tc-menu-item tc-menu-depth-0 tc-menu-align-left tc-menu-layout-default\"><a href=\"https:\/\/www.ing.una.py\/FIUNA3\/?page_id=83591\" class=\"elementor-item\" class=\"tc-menu-inner\">Orden del d\u00eda | Sesiones del Consejo Directivo 2026<\/a>\n<ul class=\"sub-menu\">\n\t<li class=\"menu-item menu-item-type-post_type menu-item-object-page menu-item-75319 tc-menu-item tc-menu-depth-1 tc-menu-align-left\"><a href=\"https:\/\/www.ing.una.py\/FIUNA3\/?page_id=75309\" class=\"elementor-sub-item\" class=\"tc-menu-inner tc-megamenu-title\">2025<\/a><\/li>\n\t<li class=\"menu-item menu-item-type-post_type menu-item-object-page menu-item-61339 tc-menu-item tc-menu-depth-1 tc-menu-align-left\"><a href=\"https:\/\/www.ing.una.py\/FIUNA3\/?page_id=61333\" class=\"elementor-sub-item\" class=\"tc-menu-inner tc-megamenu-title\">2024<\/a><\/li>\n\t<li class=\"menu-item menu-item-type-post_type menu-item-object-page menu-item-61331 tc-menu-item tc-menu-depth-1 tc-menu-align-left\"><a href=\"https:\/\/www.ing.una.py\/FIUNA3\/?page_id=61327\" class=\"elementor-sub-item\" class=\"tc-menu-inner tc-megamenu-title\">2023<\/a><\/li>\n\t<li class=\"menu-item menu-item-type-post_type menu-item-object-page menu-item-55558 tc-menu-item tc-menu-depth-1 tc-menu-align-left\"><a href=\"https:\/\/www.ing.una.py\/FIUNA3\/?page_id=55551\" class=\"elementor-sub-item\" class=\"tc-menu-inner tc-megamenu-title\">2022<\/a><\/li>\n\t<li class=\"menu-item menu-item-type-post_type menu-item-object-page menu-item-47925 tc-menu-item tc-menu-depth-1 tc-menu-align-left\"><a href=\"https:\/\/www.ing.una.py\/FIUNA3\/?page_id=47905\" class=\"elementor-sub-item\" class=\"tc-menu-inner tc-megamenu-title\">2021<\/a><\/li>\n\t<li class=\"menu-item menu-item-type-post_type menu-item-object-page menu-item-41101 tc-menu-item tc-menu-depth-1 tc-menu-align-left\"><a href=\"https:\/\/www.ing.una.py\/FIUNA3\/?page_id=41095\" class=\"elementor-sub-item\" class=\"tc-menu-inner tc-megamenu-title\">2020<\/a><\/li>\n\t<li class=\"menu-item menu-item-type-post_type menu-item-object-page menu-item-41083 tc-menu-item tc-menu-depth-1 tc-menu-align-left\"><a href=\"https:\/\/www.ing.una.py\/FIUNA3\/?page_id=35080\" class=\"elementor-sub-item\" class=\"tc-menu-inner tc-megamenu-title\">2019<\/a><\/li>\n\t<li class=\"menu-item menu-item-type-post_type menu-item-object-page menu-item-41053 tc-menu-item tc-menu-depth-1 tc-menu-align-left\"><a href=\"https:\/\/www.ing.una.py\/FIUNA3\/?page_id=32999\" class=\"elementor-sub-item\" class=\"tc-menu-inner tc-megamenu-title\">2018<\/a><\/li>\n<\/ul><!-- End wrapper ul sub -->\n<\/li>\n<li class=\"menu-item menu-item-type-post_type menu-item-object-page menu-item-55731 tc-menu-item tc-menu-depth-0 tc-menu-align-left tc-menu-layout-default\"><a href=\"https:\/\/www.ing.una.py\/FIUNA3\/?page_id=55718\" class=\"elementor-item\" class=\"tc-menu-inner\">Actas del Consejo Superior Universitario<\/a><\/li>\n<li class=\"menu-item menu-item-type-custom menu-item-object-custom menu-item-41084 tc-menu-item tc-menu-depth-0 tc-menu-align-left tc-menu-layout-default\"><a target=\"_blank\" href=\"https:\/\/drive.google.com\/drive\/folders\/1immghlu5EZBNPzVgoLeb6Ir2QY7UpywU\" class=\"elementor-item\" class=\"tc-menu-inner\">Actas del Consejo Directivo<\/a><\/li>\n<li class=\"menu-item menu-item-type-post_type menu-item-object-page menu-item-61399 tc-menu-item tc-menu-depth-0 tc-menu-align-left tc-menu-layout-default\"><a href=\"https:\/\/www.ing.una.py\/FIUNA3\/?page_id=24702\" class=\"elementor-item\" class=\"tc-menu-inner\">Resoluciones<\/a><\/li>\n<li class=\"menu-item menu-item-type-post_type menu-item-object-page menu-item-41051 tc-menu-item tc-menu-depth-0 tc-menu-align-left tc-menu-layout-default\"><a href=\"https:\/\/www.ing.una.py\/FIUNA3\/?page_id=27155\" class=\"elementor-item\" class=\"tc-menu-inner\">Plan Estrat\u00e9gico Institucional (PEI)<\/a><\/li>\n<li class=\"menu-item menu-item-type-post_type menu-item-object-page menu-item-61501 tc-menu-item tc-menu-depth-0 tc-menu-align-left tc-menu-layout-default\"><a href=\"https:\/\/www.ing.una.py\/FIUNA3\/?page_id=61496\" class=\"elementor-item\" class=\"tc-menu-inner\">Tribunal Electoral Independiente<\/a><\/li>\n<li class=\"menu-item menu-item-type-post_type menu-item-object-page menu-item-61625 tc-menu-item tc-menu-depth-0 tc-menu-align-left tc-menu-layout-default\"><a href=\"https:\/\/www.ing.una.py\/FIUNA3\/?page_id=61602\" class=\"elementor-item\" class=\"tc-menu-inner\">Tribunal Electoral Independiente ad hoc<\/a><\/li>\n<li class=\"menu-item menu-item-type-post_type menu-item-object-page menu-item-41062 tc-menu-item tc-menu-depth-0 tc-menu-align-left tc-menu-layout-default\"><a href=\"https:\/\/www.ing.una.py\/FIUNA3\/?page_id=28965\" class=\"elementor-item\" class=\"tc-menu-inner\">Acceso a la Informaci\u00f3n P\u00fablica | FIUNA<\/a><\/li>\n<li class=\"menu-item menu-item-type-custom menu-item-object-custom menu-item-41064 tc-menu-item tc-menu-depth-0 tc-menu-align-left tc-menu-layout-default\"><a target=\"_blank\" href=\"https:\/\/sites.google.com\/ing.una.py\/transparencia\/52582014\" class=\"elementor-item\" class=\"tc-menu-inner\">Ley N\u00ba 5282\/2014<\/a><\/li>\n<li class=\"menu-item menu-item-type-post_type menu-item-object-page menu-item-62367 tc-menu-item tc-menu-depth-0 tc-menu-align-left tc-menu-layout-default\"><a href=\"https:\/\/www.ing.una.py\/FIUNA3\/?page_id=62357\" class=\"elementor-item\" class=\"tc-menu-inner\">Ley N\u00b0 5189\/2014<\/a><\/li>\n<li class=\"menu-item menu-item-type-post_type menu-item-object-page menu-item-41066 tc-menu-item tc-menu-depth-0 tc-menu-align-left tc-menu-layout-default\"><a href=\"https:\/\/www.ing.una.py\/FIUNA3\/?page_id=2694\" class=\"elementor-item\" class=\"tc-menu-inner\">MECIP<\/a><\/li>\n<li class=\"menu-item menu-item-type-post_type menu-item-object-page menu-item-49161 tc-menu-item tc-menu-depth-0 tc-menu-align-left tc-menu-layout-default\"><a href=\"https:\/\/www.ing.una.py\/FIUNA3\/?page_id=49141\" class=\"elementor-item\" class=\"tc-menu-inner\">Gesti\u00f3n del Talento Humano<\/a><\/li>\n<li class=\"menu-item menu-item-type-post_type menu-item-object-page menu-item-41069 tc-menu-item tc-menu-depth-0 tc-menu-align-left tc-menu-layout-default\"><a href=\"https:\/\/www.ing.una.py\/FIUNA3\/?page_id=6831\" class=\"elementor-item\" class=\"tc-menu-inner\">Formularios Institucionales<\/a><\/li>\n<li class=\"menu-item menu-item-type-post_type menu-item-object-page menu-item-71921 tc-menu-item tc-menu-depth-0 tc-menu-align-left tc-menu-layout-default\"><a href=\"https:\/\/www.ing.una.py\/FIUNA3\/?page_id=71887\" class=\"elementor-item\" class=\"tc-menu-inner\">UGPI<\/a><\/li>\n<li class=\"menu-item menu-item-type-post_type menu-item-object-page menu-item-41067 tc-menu-item tc-menu-depth-0 tc-menu-align-left tc-menu-layout-default\"><a href=\"https:\/\/www.ing.una.py\/FIUNA3\/?page_id=2355\" class=\"elementor-item\" class=\"tc-menu-inner\">UOC<\/a><\/li>\n<\/ul>\t\t\t<\/nav>\n\t\t\t\t\t<div class=\"elementor-menu-toggle\" role=\"button\" tabindex=\"0\" aria-label=\"Alternar men\u00fa\" aria-expanded=\"false\">\n\t\t\t<svg aria-hidden=\"true\" role=\"presentation\" class=\"elementor-menu-toggle__icon--open e-font-icon-svg e-eicon-menu-bar\" viewBox=\"0 0 1000 1000\" xmlns=\"http:\/\/www.w3.org\/2000\/svg\"><path d=\"M104 333H896C929 333 958 304 958 271S929 208 896 208H104C71 208 42 237 42 271S71 333 104 333ZM104 583H896C929 583 958 554 958 521S929 458 896 458H104C71 458 42 487 42 521S71 583 104 583ZM104 833H896C929 833 958 804 958 771S929 708 896 708H104C71 708 42 737 42 771S71 833 104 833Z\"><\/path><\/svg><svg aria-hidden=\"true\" role=\"presentation\" class=\"elementor-menu-toggle__icon--close e-font-icon-svg e-eicon-close\" viewBox=\"0 0 1000 1000\" xmlns=\"http:\/\/www.w3.org\/2000\/svg\"><path d=\"M742 167L500 408 258 167C246 154 233 150 217 150 196 150 179 158 167 167 154 179 150 196 150 212 150 229 154 242 171 254L408 500 167 742C138 771 138 800 167 829 196 858 225 858 254 829L496 587 738 829C750 842 767 846 783 846 800 846 817 842 829 829 842 817 846 804 846 783 846 767 842 750 829 737L588 500 833 258C863 229 863 200 833 171 804 137 775 137 742 167Z\"><\/path><\/svg>\t\t<\/div>\n\t\t\t\t\t<nav class=\"elementor-nav-menu--dropdown elementor-nav-menu__container\" aria-hidden=\"true\">\n\t\t\t\t<ul id=\"menu-2-33faa17\" class=\"elementor-nav-menu sm-vertical\"><li class=\"menu-item menu-item-type-post_type menu-item-object-page menu-item-41044 tc-menu-item tc-menu-depth-0 tc-menu-align-left tc-menu-layout-default\"><a href=\"https:\/\/www.ing.una.py\/FIUNA3\/?page_id=220\" class=\"elementor-item\" tabindex=\"-1\" class=\"tc-menu-inner\">Nuestra Historia<\/a><\/li>\n<li class=\"menu-item menu-item-type-post_type menu-item-object-page menu-item-41052 tc-menu-item tc-menu-depth-0 tc-menu-align-left tc-menu-layout-default\"><a href=\"https:\/\/www.ing.una.py\/FIUNA3\/?page_id=429\" class=\"elementor-item\" tabindex=\"-1\" class=\"tc-menu-inner\">Misi\u00f3n, Visi\u00f3n y Valores<\/a><\/li>\n<li class=\"menu-item menu-item-type-post_type menu-item-object-page menu-item-41045 tc-menu-item tc-menu-depth-0 tc-menu-align-left tc-menu-layout-default\"><a href=\"https:\/\/www.ing.una.py\/FIUNA3\/?page_id=420\" class=\"elementor-item\" tabindex=\"-1\" class=\"tc-menu-inner\">Autoridades de la FIUNA<\/a><\/li>\n<li class=\"menu-item menu-item-type-post_type menu-item-object-page menu-item-41046 tc-menu-item tc-menu-depth-0 tc-menu-align-left tc-menu-layout-default\"><a href=\"https:\/\/www.ing.una.py\/FIUNA3\/?page_id=19722\" class=\"elementor-item\" tabindex=\"-1\" class=\"tc-menu-inner\">Directivos<\/a><\/li>\n<li class=\"menu-item menu-item-type-post_type menu-item-object-page menu-item-41047 tc-menu-item tc-menu-depth-0 tc-menu-align-left tc-menu-layout-default\"><a href=\"https:\/\/www.ing.una.py\/FIUNA3\/?page_id=460\" class=\"elementor-item\" tabindex=\"-1\" class=\"tc-menu-inner\">Organigrama de la FIUNA<\/a><\/li>\n<li class=\"menu-item menu-item-type-post_type menu-item-object-page menu-item-41048 tc-menu-item tc-menu-depth-0 tc-menu-align-left tc-menu-layout-default\"><a href=\"https:\/\/www.ing.una.py\/FIUNA3\/?page_id=471\" class=\"elementor-item\" tabindex=\"-1\" class=\"tc-menu-inner\">Sedes<\/a><\/li>\n<li class=\"menu-item menu-item-type-post_type menu-item-object-page menu-item-has-children menu-item-83597 tc-menu-item tc-menu-depth-0 tc-menu-align-left tc-menu-layout-default\"><a href=\"https:\/\/www.ing.una.py\/FIUNA3\/?page_id=83591\" class=\"elementor-item\" tabindex=\"-1\" class=\"tc-menu-inner\">Orden del d\u00eda | Sesiones del Consejo Directivo 2026<\/a>\n<ul class=\"sub-menu\">\n\t<li class=\"menu-item menu-item-type-post_type menu-item-object-page menu-item-75319 tc-menu-item tc-menu-depth-1 tc-menu-align-left\"><a href=\"https:\/\/www.ing.una.py\/FIUNA3\/?page_id=75309\" class=\"elementor-sub-item\" tabindex=\"-1\" class=\"tc-menu-inner tc-megamenu-title\">2025<\/a><\/li>\n\t<li class=\"menu-item menu-item-type-post_type menu-item-object-page menu-item-61339 tc-menu-item tc-menu-depth-1 tc-menu-align-left\"><a href=\"https:\/\/www.ing.una.py\/FIUNA3\/?page_id=61333\" class=\"elementor-sub-item\" tabindex=\"-1\" class=\"tc-menu-inner tc-megamenu-title\">2024<\/a><\/li>\n\t<li class=\"menu-item menu-item-type-post_type menu-item-object-page menu-item-61331 tc-menu-item tc-menu-depth-1 tc-menu-align-left\"><a href=\"https:\/\/www.ing.una.py\/FIUNA3\/?page_id=61327\" class=\"elementor-sub-item\" tabindex=\"-1\" class=\"tc-menu-inner tc-megamenu-title\">2023<\/a><\/li>\n\t<li class=\"menu-item menu-item-type-post_type menu-item-object-page menu-item-55558 tc-menu-item tc-menu-depth-1 tc-menu-align-left\"><a href=\"https:\/\/www.ing.una.py\/FIUNA3\/?page_id=55551\" class=\"elementor-sub-item\" tabindex=\"-1\" class=\"tc-menu-inner tc-megamenu-title\">2022<\/a><\/li>\n\t<li class=\"menu-item menu-item-type-post_type menu-item-object-page menu-item-47925 tc-menu-item tc-menu-depth-1 tc-menu-align-left\"><a href=\"https:\/\/www.ing.una.py\/FIUNA3\/?page_id=47905\" class=\"elementor-sub-item\" tabindex=\"-1\" class=\"tc-menu-inner tc-megamenu-title\">2021<\/a><\/li>\n\t<li class=\"menu-item menu-item-type-post_type menu-item-object-page menu-item-41101 tc-menu-item tc-menu-depth-1 tc-menu-align-left\"><a href=\"https:\/\/www.ing.una.py\/FIUNA3\/?page_id=41095\" class=\"elementor-sub-item\" tabindex=\"-1\" class=\"tc-menu-inner tc-megamenu-title\">2020<\/a><\/li>\n\t<li class=\"menu-item menu-item-type-post_type menu-item-object-page menu-item-41083 tc-menu-item tc-menu-depth-1 tc-menu-align-left\"><a href=\"https:\/\/www.ing.una.py\/FIUNA3\/?page_id=35080\" class=\"elementor-sub-item\" tabindex=\"-1\" class=\"tc-menu-inner tc-megamenu-title\">2019<\/a><\/li>\n\t<li class=\"menu-item menu-item-type-post_type menu-item-object-page menu-item-41053 tc-menu-item tc-menu-depth-1 tc-menu-align-left\"><a href=\"https:\/\/www.ing.una.py\/FIUNA3\/?page_id=32999\" class=\"elementor-sub-item\" tabindex=\"-1\" class=\"tc-menu-inner tc-megamenu-title\">2018<\/a><\/li>\n<\/ul><!-- End wrapper ul sub -->\n<\/li>\n<li class=\"menu-item menu-item-type-post_type menu-item-object-page menu-item-55731 tc-menu-item tc-menu-depth-0 tc-menu-align-left tc-menu-layout-default\"><a href=\"https:\/\/www.ing.una.py\/FIUNA3\/?page_id=55718\" class=\"elementor-item\" tabindex=\"-1\" class=\"tc-menu-inner\">Actas del Consejo Superior Universitario<\/a><\/li>\n<li class=\"menu-item menu-item-type-custom menu-item-object-custom menu-item-41084 tc-menu-item tc-menu-depth-0 tc-menu-align-left tc-menu-layout-default\"><a target=\"_blank\" href=\"https:\/\/drive.google.com\/drive\/folders\/1immghlu5EZBNPzVgoLeb6Ir2QY7UpywU\" class=\"elementor-item\" tabindex=\"-1\" class=\"tc-menu-inner\">Actas del Consejo Directivo<\/a><\/li>\n<li class=\"menu-item menu-item-type-post_type menu-item-object-page menu-item-61399 tc-menu-item tc-menu-depth-0 tc-menu-align-left tc-menu-layout-default\"><a href=\"https:\/\/www.ing.una.py\/FIUNA3\/?page_id=24702\" class=\"elementor-item\" tabindex=\"-1\" class=\"tc-menu-inner\">Resoluciones<\/a><\/li>\n<li class=\"menu-item menu-item-type-post_type menu-item-object-page menu-item-41051 tc-menu-item tc-menu-depth-0 tc-menu-align-left tc-menu-layout-default\"><a href=\"https:\/\/www.ing.una.py\/FIUNA3\/?page_id=27155\" class=\"elementor-item\" tabindex=\"-1\" class=\"tc-menu-inner\">Plan Estrat\u00e9gico Institucional (PEI)<\/a><\/li>\n<li class=\"menu-item menu-item-type-post_type menu-item-object-page menu-item-61501 tc-menu-item tc-menu-depth-0 tc-menu-align-left tc-menu-layout-default\"><a href=\"https:\/\/www.ing.una.py\/FIUNA3\/?page_id=61496\" class=\"elementor-item\" tabindex=\"-1\" class=\"tc-menu-inner\">Tribunal Electoral Independiente<\/a><\/li>\n<li class=\"menu-item menu-item-type-post_type menu-item-object-page menu-item-61625 tc-menu-item tc-menu-depth-0 tc-menu-align-left tc-menu-layout-default\"><a href=\"https:\/\/www.ing.una.py\/FIUNA3\/?page_id=61602\" class=\"elementor-item\" tabindex=\"-1\" class=\"tc-menu-inner\">Tribunal Electoral Independiente ad hoc<\/a><\/li>\n<li class=\"menu-item menu-item-type-post_type menu-item-object-page menu-item-41062 tc-menu-item tc-menu-depth-0 tc-menu-align-left tc-menu-layout-default\"><a href=\"https:\/\/www.ing.una.py\/FIUNA3\/?page_id=28965\" class=\"elementor-item\" tabindex=\"-1\" class=\"tc-menu-inner\">Acceso a la Informaci\u00f3n P\u00fablica | FIUNA<\/a><\/li>\n<li class=\"menu-item menu-item-type-custom menu-item-object-custom menu-item-41064 tc-menu-item tc-menu-depth-0 tc-menu-align-left tc-menu-layout-default\"><a target=\"_blank\" href=\"https:\/\/sites.google.com\/ing.una.py\/transparencia\/52582014\" class=\"elementor-item\" tabindex=\"-1\" class=\"tc-menu-inner\">Ley N\u00ba 5282\/2014<\/a><\/li>\n<li class=\"menu-item menu-item-type-post_type menu-item-object-page menu-item-62367 tc-menu-item tc-menu-depth-0 tc-menu-align-left tc-menu-layout-default\"><a href=\"https:\/\/www.ing.una.py\/FIUNA3\/?page_id=62357\" class=\"elementor-item\" tabindex=\"-1\" class=\"tc-menu-inner\">Ley N\u00b0 5189\/2014<\/a><\/li>\n<li class=\"menu-item menu-item-type-post_type menu-item-object-page menu-item-41066 tc-menu-item tc-menu-depth-0 tc-menu-align-left tc-menu-layout-default\"><a href=\"https:\/\/www.ing.una.py\/FIUNA3\/?page_id=2694\" class=\"elementor-item\" tabindex=\"-1\" class=\"tc-menu-inner\">MECIP<\/a><\/li>\n<li class=\"menu-item menu-item-type-post_type menu-item-object-page menu-item-49161 tc-menu-item tc-menu-depth-0 tc-menu-align-left tc-menu-layout-default\"><a href=\"https:\/\/www.ing.una.py\/FIUNA3\/?page_id=49141\" class=\"elementor-item\" tabindex=\"-1\" class=\"tc-menu-inner\">Gesti\u00f3n del Talento Humano<\/a><\/li>\n<li class=\"menu-item menu-item-type-post_type menu-item-object-page menu-item-41069 tc-menu-item tc-menu-depth-0 tc-menu-align-left tc-menu-layout-default\"><a href=\"https:\/\/www.ing.una.py\/FIUNA3\/?page_id=6831\" class=\"elementor-item\" tabindex=\"-1\" class=\"tc-menu-inner\">Formularios Institucionales<\/a><\/li>\n<li class=\"menu-item menu-item-type-post_type menu-item-object-page menu-item-71921 tc-menu-item tc-menu-depth-0 tc-menu-align-left tc-menu-layout-default\"><a href=\"https:\/\/www.ing.una.py\/FIUNA3\/?page_id=71887\" class=\"elementor-item\" tabindex=\"-1\" class=\"tc-menu-inner\">UGPI<\/a><\/li>\n<li class=\"menu-item menu-item-type-post_type menu-item-object-page menu-item-41067 tc-menu-item tc-menu-depth-0 tc-menu-align-left tc-menu-layout-default\"><a href=\"https:\/\/www.ing.una.py\/FIUNA3\/?page_id=2355\" class=\"elementor-item\" tabindex=\"-1\" class=\"tc-menu-inner\">UOC<\/a><\/li>\n<\/ul>\t\t\t<\/nav>\n\t\t\t\t\t\t<\/div>\n\t\t\t\t\t<\/div>\n\t\t<\/div>\n\t\t\t\t\t<\/div>\n\t\t<\/section>\n\t\t\t\t<\/div>\n\t\t","protected":false},"excerpt":{"rendered":"<p>Misi\u00f3n, Visi\u00f3n y Valores de la FIUNA Visi\u00f3n Ser una instituci\u00f3n educativa de excelencia, moderna, \u00e9tica e innovadora en la formaci\u00f3n de profesionales en las ciencias de la ingenier\u00eda con una s\u00f3lida oferta de formaci\u00f3n estructurada, transparente, de calidad, orientada a las necesidades de la sociedad, priorizando las investigaciones relevantes comprometidas con el medio ambiente y de impacto en el desarrollo nacional. Misi\u00f3n Formar profesionales en ciencias de la ingenier\u00eda, innovadores, \u00e9ticos capaces de contribuir al bienestar de la sociedad a trav\u00e9s de la aplicaci\u00f3n y difusi\u00f3n del conocimiento cient\u00edfico de calidad que son generados en nuestros programas de pre &hellip; <\/p>\n","protected":false},"author":1,"featured_media":0,"parent":0,"menu_order":0,"comment_status":"closed","ping_status":"closed","template":"","meta":{"_bbp_topic_count":0,"_bbp_reply_count":0,"_bbp_total_topic_count":0,"_bbp_total_reply_count":0,"_bbp_voice_count":0,"_bbp_anonymous_reply_count":0,"_bbp_topic_count_hidden":0,"_bbp_reply_count_hidden":0,"_bbp_forum_subforum_count":0,"advanced_seo_description":"","jetpack_seo_html_title":"","jetpack_seo_noindex":false,"jetpack_post_was_ever_published":false,"footnotes":""},"class_list":["post-429","page","type-page","status-publish","hentry"],"jetpack_shortlink":"https:\/\/wp.me\/Pc8Odv-6V","jetpack_likes_enabled":true,"jetpack_sharing_enabled":true,"jetpack-related-posts":[],"_links":{"self":[{"href":"https:\/\/www.ing.una.py\/FIUNA3\/index.php?rest_route=\/wp\/v2\/pages\/429","targetHints":{"allow":["GET"]}}],"collection":[{"href":"https:\/\/www.ing.una.py\/FIUNA3\/index.php?rest_route=\/wp\/v2\/pages"}],"about":[{"href":"https:\/\/www.ing.una.py\/FIUNA3\/index.php?rest_route=\/wp\/v2\/types\/page"}],"author":[{"embeddable":true,"href":"https:\/\/www.ing.una.py\/FIUNA3\/index.php?rest_route=\/wp\/v2\/users\/1"}],"replies":[{"embeddable":true,"href":"https:\/\/www.ing.una.py\/FIUNA3\/index.php?rest_route=%2Fwp%2Fv2%2Fcomments&post=429"}],"version-history":[{"count":25,"href":"https:\/\/www.ing.una.py\/FIUNA3\/index.php?rest_route=\/wp\/v2\/pages\/429\/revisions"}],"predecessor-version":[{"id":63420,"href":"https:\/\/www.ing.una.py\/FIUNA3\/index.php?rest_route=\/wp\/v2\/pages\/429\/revisions\/63420"}],"wp:attachment":[{"href":"https:\/\/www.ing.una.py\/FIUNA3\/index.php?rest_route=%2Fwp%2Fv2%2Fmedia&parent=429"}],"curies":[{"name":"wp","href":"https:\/\/api.w.org\/{rel}","templated":true}]}}