{"id":4789,"date":"2013-04-29T16:56:41","date_gmt":"2013-04-29T20:56:41","guid":{"rendered":"http:\/\/www.ing.una.py\/?page_id=4789"},"modified":"2024-08-23T14:09:34","modified_gmt":"2024-08-23T18:09:34","slug":"perfil-del-egresado","status":"publish","type":"page","link":"https:\/\/www.ing.una.py\/FIUNA3\/?page_id=4789","title":{"rendered":"Perfil del egresado"},"content":{"rendered":"\t\t<div data-elementor-type=\"wp-page\" data-elementor-id=\"4789\" class=\"elementor elementor-4789\" data-elementor-post-type=\"page\">\n\t\t\t\t\t\t<section class=\"elementor-section elementor-top-section elementor-element elementor-element-4b011da elementor-section-boxed elementor-section-height-default elementor-section-height-default\" data-id=\"4b011da\" data-element_type=\"section\" data-e-type=\"section\">\n\t\t\t\t\t\t<div class=\"elementor-container elementor-column-gap-default\">\n\t\t\t\t\t<div class=\"elementor-column elementor-col-66 elementor-top-column elementor-element elementor-element-84c7324\" data-id=\"84c7324\" data-element_type=\"column\" data-e-type=\"column\">\n\t\t\t<div class=\"elementor-widget-wrap elementor-element-populated\">\n\t\t\t\t\t\t<div class=\"elementor-element elementor-element-7f94429 elementor-widget thim-ekits-heading elementor-widget-thim-heading\" data-id=\"7f94429\" data-element_type=\"widget\" data-e-type=\"widget\" data-widget_type=\"thim-heading.default\">\n\t\t\t\t<div class=\"elementor-widget-container\">\n\t\t\t\t\t<div class=\"sc_heading\"><h3 class=\"title\">Perfil Global del Bachillerato T\u00e9cnico Industrial <\/h3><div class=\"sub-heading\"><p>Del Instituto Paraguayo de Telecomunicaciones <\/p>\n<\/div><span class=\"line\"><\/span><\/div>\t\t\t\t<\/div>\n\t\t\t\t<\/div>\n\t\t\t\t<div class=\"elementor-element elementor-element-5106ad11 elementor-widget elementor-widget-text-editor\" data-id=\"5106ad11\" data-element_type=\"widget\" data-e-type=\"widget\" data-widget_type=\"text-editor.default\">\n\t\t\t\t\t\t\t\t\t<p>Al finalizar el curso del<strong> Bachillerato T\u00e9cnico Industrial<\/strong>, se concibe un <strong>profesional t\u00e9cnico de nivel medio<\/strong> con las cualidades y capacidades de un profesional eficiente y eficaz, poseedor de conocimientos cient\u00edficos, human\u00edsticos, tecnol\u00f3gicos y pr\u00e1cticos esenciales de su profesi\u00f3n que lo capaciten para desarrollar actividades espec\u00edficas, adem\u00e1s posee habilidades y destrezas especificas tales como:<\/p><ul><li>Aplicar el pensamiento cr\u00edtico y el m\u00e9todo cient\u00edfico para el estudio y resoluci\u00f3n de problemas en el campo tecnol\u00f3gico.<\/li><li>Utilizar los conocimientos cient\u00edficos y tecnol\u00f3gicos en las distintas fases de sus actividades profesionales y en sus relaciones laborales.<\/li><li>Utilizar con eficiencia aparatos y equipos, procedimientos y t\u00e9cnicas habituales en gabinetes de ensayos.<\/li><\/ul><h4>De Investigaci\u00f3n<\/h4><ul><li>Brindar apoyo a ingenieros y cuadros superiores en trabajos de investigaci\u00f3n tecnol\u00f3gicas, en la b\u00fasqueda de soluciones de problemas seg\u00fan su nivel.<\/li><li>Integrar equipos de investigaci\u00f3n y experimentaci\u00f3n de nuevos productos y desarrollo de procedimientos t\u00e9cnicos, bajo la supervisi\u00f3n de Ingenieros o cuadros superiores, bajo su total responsabilidad, en determinados contextos.<\/li><\/ul><h4>De Proyectos y Presupuestos<\/h4><ul><li>Desarrollar proyectos de su especialidad acorde a su nivel, ejecutando o interpretando c\u00e1lculos y dise\u00f1os t\u00e9cnicos, utilizando especificaciones t\u00e9cnicas o cient\u00edficas y\/o explicando partes o detalles del proyecto a los encargados de los grupos de ejecuci\u00f3n.<\/li><li>Calcular cantidades y costos de materiales, mano de obra, equipos e instalaciones y otros gastos necesarios para la ejecuci\u00f3n de los proyectos.<\/li><\/ul><h4>De Producci\u00f3n<\/h4><ul><li>Planificar individualmente o como integrante de un equipo las actividades de los procesos de producci\u00f3n, coordinando sus conocimientos en la identificaci\u00f3n y resoluci\u00f3n de problemas en las distintas etapas del proceso de producci\u00f3n de bienes y servicios.<\/li><li>Organizar los elementos f\u00edsicos de producci\u00f3n para la obtenci\u00f3n de mayores eficiencias.<\/li><li>Cuidar la seguridad y la de los dem\u00e1s durante la realizaci\u00f3n de las tareas profesionales y en cualquier situaci\u00f3n de vida.<\/li><\/ul><h4>De Control General y Calidad del Productos<\/h4><ul><li>Efectuar el control de calidad en las distintas etapas de la producci\u00f3n.<\/li><li>Supervisar el cumplimiento de las especificaciones t\u00e9cnicas y normas preestablecidas para el proceso de producci\u00f3n.<\/li><li>Interpretar informaciones de diversas mediciones, procedimientos y t\u00e9cnicas especiales como base de decisiones t\u00e9cnicas.<\/li><li>Realizar orientaci\u00f3n y coordinaci\u00f3n de los servicios de operaci\u00f3n y mantenimientos en las industrias de producci\u00f3n.<\/li><\/ul><h4>De Extensi\u00f3n Profesional<\/h4><ul><li>Realizar asistencia t\u00e9cnica de compra-venta y utilizaci\u00f3n de productos o equipos de producci\u00f3n.<\/li><li>Efectuar el entrenamiento del personal.<\/li><li>Poseedor de habilidades y destrezas en la ejecuci\u00f3n de los trabajos calificados, tales como:<ul><li>Aplicar el pensamiento cr\u00edtico y el m\u00e9todo cient\u00edfico para el estudio y resoluci\u00f3n de problemas en el campo tecnol\u00f3gico.<\/li><li>Utilizar los conocimientos cient\u00edficos y tecnol\u00f3gicos en las distintas fases de sus actividades profesionales y en sus relaciones laborales.<\/li><li>Utilizar con eficiencia aparatos, equipos, procedimientos y t\u00e9cnicas habituales en gabinetes de ensayos.<\/li><\/ul><\/li><li>Interpretar y ejecutar dise\u00f1os de proyectos y desarrollo de procesos de la fabricaci\u00f3n, mantenimiento y otros propios de su especialidad.<\/li><li>Emplear adecuadamente instrumentos y equipos de mediciones.<\/li><li>Manipular herramientas, m\u00e1quinas y equipos de producci\u00f3n de bienes y servicios.<\/li><li>Utilizar los medios de informaciones para la elaboraci\u00f3n de trabajos t\u00e9cnicos.<\/li><li>Comunicarse satisfactoriamente en su ambiente laboral ya sea en el registro, an\u00e1lisis, interpretaci\u00f3n y transmisi\u00f3n de hechos e ideas en forma oral, escrita o gr\u00e1fica.<\/li><li>Poseedor de una formaci\u00f3n moral, social y c\u00edvica que le permita:<ul><li>Actuar con \u00e9tica profesional.<\/li><li>Valorar su profesi\u00f3n en funci\u00f3n del aporte a su realizaci\u00f3n personal y al bienestar nacional.<\/li><li>Valorar la familia como instituci\u00f3n social b\u00e1sica y promover su bienestar.<\/li><li>Valorar la importancia de mantener el equilibrio ecol\u00f3gico, como una forma de preservar los recursos naturales en beneficio de la sociedad.<\/li><li>Reconocer los principales factores que inciden en la din\u00e1mica poblacional y sus implicaciones en la vida familiar, comunal y regional del pa\u00eds.<\/li><li>Valorar los aportes de la tecnolog\u00eda, integr\u00e1ndolos a su forma de vida.<\/li><li>Actuar con responsabilidad, honradez, esp\u00edritu creativo, iniciativa y cooperaci\u00f3n.<\/li><li>Ser buen productor, administrador y consumidor.<\/li><li>Hacer uso del tiempo libre mediante una sana recreaci\u00f3n.<\/li><li>Practicar h\u00e1bitos de higiene individual y colectiva.<\/li><li>Apreciar la belleza en sus diversas manifestaciones.<\/li><li>Asumir actitudes de compromiso con sus concepciones espirituales.<\/li><\/ul><\/li><li>Asumir pleno compromiso ante las Instituciones Democr\u00e1ticas del Estado Paraguayo y demostrar sentimientos de patriotismo a trav\u00e9s del conocimiento de la Historia, la Geograf\u00eda, la Valoraci\u00f3n de la Cultura, el respeto a los S\u00edmbolos Nacionales y a los forjadores de nuestra Nacionalidad.<\/li><\/ul>\t\t\t\t\t\t\t\t<\/div>\n\t\t\t\t\t<\/div>\n\t\t<\/div>\n\t\t\t\t<div class=\"elementor-column elementor-col-33 elementor-top-column elementor-element elementor-element-ee111e9\" data-id=\"ee111e9\" data-element_type=\"column\" data-e-type=\"column\">\n\t\t\t<div class=\"elementor-widget-wrap elementor-element-populated\">\n\t\t\t\t\t\t<div class=\"elementor-element elementor-element-19f6c3f elementor-widget elementor-widget-heading\" data-id=\"19f6c3f\" data-element_type=\"widget\" data-e-type=\"widget\" data-widget_type=\"heading.default\">\n\t\t\t\t\t<h3 class=\"elementor-heading-title elementor-size-default\">IPT<\/h3>\t\t\t\t<\/div>\n\t\t\t\t<div class=\"elementor-element elementor-element-e7ed665 elementor-nav-menu__align-start elementor-nav-menu--dropdown-mobile elementor-nav-menu__text-align-aside elementor-nav-menu--toggle elementor-nav-menu--burger elementor-widget elementor-widget-nav-menu\" data-id=\"e7ed665\" data-element_type=\"widget\" data-e-type=\"widget\" data-settings=\"{&quot;layout&quot;:&quot;vertical&quot;,&quot;_animation&quot;:&quot;none&quot;,&quot;submenu_icon&quot;:{&quot;value&quot;:&quot;&lt;svg class=\\&quot;fa-svg-chevron-down e-font-icon-svg e-fas-chevron-down\\&quot; viewBox=\\&quot;0 0 448 512\\&quot; xmlns=\\&quot;http:\\\/\\\/www.w3.org\\\/2000\\\/svg\\&quot;&gt;&lt;path d=\\&quot;M207.029 381.476L12.686 187.132c-9.373-9.373-9.373-24.569 0-33.941l22.667-22.667c9.357-9.357 24.522-9.375 33.901-.04L224 284.505l154.745-154.021c9.379-9.335 24.544-9.317 33.901.04l22.667 22.667c9.373 9.373 9.373 24.569 0 33.941L240.971 381.476c-9.373 9.372-24.569 9.372-33.942 0z\\&quot;&gt;&lt;\\\/path&gt;&lt;\\\/svg&gt;&quot;,&quot;library&quot;:&quot;fa-solid&quot;},&quot;toggle&quot;:&quot;burger&quot;}\" data-widget_type=\"nav-menu.default\">\n\t\t\t\t\t\t\t\t<nav aria-label=\"Men\u00fa\" class=\"elementor-nav-menu--main elementor-nav-menu__container elementor-nav-menu--layout-vertical e--pointer-background e--animation-fade\">\n\t\t\t\t<ul id=\"menu-1-e7ed665\" class=\"elementor-nav-menu sm-vertical\"><li class=\"menu-item menu-item-type-post_type menu-item-object-page menu-item-38291 tc-menu-item tc-menu-depth-0 tc-menu-align-left tc-menu-layout-default\"><a href=\"https:\/\/www.ing.una.py\/FIUNA3\/?page_id=4785\" class=\"elementor-item\" class=\"tc-menu-inner\">Admisi\u00f3n al IPT<\/a><\/li>\n<li class=\"menu-item menu-item-type-post_type menu-item-object-page menu-item-38292 tc-menu-item tc-menu-depth-0 tc-menu-align-left tc-menu-layout-default\"><a href=\"https:\/\/www.ing.una.py\/FIUNA3\/?page_id=785\" class=\"elementor-item\" class=\"tc-menu-inner\">Bachillerato T\u00e9cnico Industrial<\/a><\/li>\n<li class=\"menu-item menu-item-type-custom menu-item-object-custom menu-item-40985 tc-menu-item tc-menu-depth-0 tc-menu-align-left tc-menu-layout-default\"><a target=\"_blank\" href=\"http:\/\/www.ing.una.py\/pdf2016\/ipt-electronica.pdf\" class=\"elementor-item\" class=\"tc-menu-inner\">Dise\u00f1o Curricular | Electr\u00f3nica<\/a><\/li>\n<li class=\"menu-item menu-item-type-custom menu-item-object-custom menu-item-40986 tc-menu-item tc-menu-depth-0 tc-menu-align-left tc-menu-layout-default\"><a target=\"_blank\" href=\"http:\/\/www.ing.una.py\/pdf2016\/ipt-construcciones-civiles.pdf\" class=\"elementor-item\" class=\"tc-menu-inner\">Dise\u00f1o Curricular | Construcciones Civiles<\/a><\/li>\n<li class=\"menu-item menu-item-type-custom menu-item-object-custom menu-item-40987 tc-menu-item tc-menu-depth-0 tc-menu-align-left tc-menu-layout-default\"><a target=\"_blank\" href=\"http:\/\/www.ing.una.py\/pdf2016\/ipt-mecanica.pdf\" class=\"elementor-item\" class=\"tc-menu-inner\">Dise\u00f1o Curricular | Mec\u00e1nica Gral.<\/a><\/li>\n<li class=\"menu-item menu-item-type-post_type menu-item-object-page menu-item-38293 tc-menu-item tc-menu-depth-0 tc-menu-align-left tc-menu-layout-default\"><a href=\"https:\/\/www.ing.una.py\/FIUNA3\/?page_id=4789\" class=\"elementor-item\" class=\"tc-menu-inner\">Perfil global del Egresado<\/a><\/li>\n<li class=\"menu-item menu-item-type-post_type menu-item-object-page menu-item-38456 tc-menu-item tc-menu-depth-0 tc-menu-align-left tc-menu-layout-default\"><a href=\"https:\/\/www.ing.una.py\/FIUNA3\/?page_id=20041\" class=\"elementor-item\" class=\"tc-menu-inner\">Perfil del Bachiller T\u00e9c. en Electr\u00f3nica<\/a><\/li>\n<li class=\"menu-item menu-item-type-post_type menu-item-object-page menu-item-38457 tc-menu-item tc-menu-depth-0 tc-menu-align-left tc-menu-layout-default\"><a href=\"https:\/\/www.ing.una.py\/FIUNA3\/?page_id=20048\" class=\"elementor-item\" class=\"tc-menu-inner\">Perfil del Bachiller T\u00e9c. en Construcciones Civiles<\/a><\/li>\n<li class=\"menu-item menu-item-type-post_type menu-item-object-page menu-item-38458 tc-menu-item tc-menu-depth-0 tc-menu-align-left tc-menu-layout-default\"><a href=\"https:\/\/www.ing.una.py\/FIUNA3\/?page_id=20055\" class=\"elementor-item\" class=\"tc-menu-inner\">Perfil del Bachiller T\u00e9c. en Mec\u00e1nica General<\/a><\/li>\n<li class=\"menu-item menu-item-type-post_type menu-item-object-page menu-item-38454 tc-menu-item tc-menu-depth-0 tc-menu-align-left tc-menu-layout-default\"><a href=\"https:\/\/www.ing.una.py\/FIUNA3\/?page_id=20023\" class=\"elementor-item\" class=\"tc-menu-inner\">Acuerdos y compromisos \u00e9ticos<\/a><\/li>\n<li class=\"menu-item menu-item-type-post_type menu-item-object-page menu-item-38297 tc-menu-item tc-menu-depth-0 tc-menu-align-left tc-menu-layout-default\"><a href=\"https:\/\/www.ing.una.py\/FIUNA3\/?page_id=38144\" class=\"elementor-item\" class=\"tc-menu-inner\">Principios y fundamentos<\/a><\/li>\n<li class=\"menu-item menu-item-type-custom menu-item-object-custom menu-item-38616 tc-menu-item tc-menu-depth-0 tc-menu-align-left tc-menu-layout-default\"><a target=\"_blank\" href=\"http:\/\/www.ing.una.py\/resoluciones2018\/Res81-2018Normas-de-Convivencia2018.pdf\" class=\"elementor-item\" class=\"tc-menu-inner\">Reglamento de convivencia<\/a><\/li>\n<li class=\"menu-item menu-item-type-post_type menu-item-object-page menu-item-38298 tc-menu-item tc-menu-depth-0 tc-menu-align-left tc-menu-layout-default\"><a href=\"https:\/\/www.ing.una.py\/FIUNA3\/?page_id=38145\" class=\"elementor-item\" class=\"tc-menu-inner\">Objetivos Generales y Espec\u00edficos<\/a><\/li>\n<li class=\"menu-item menu-item-type-taxonomy menu-item-object-category menu-item-38511 tc-menu-item tc-menu-depth-0 tc-menu-align-left tc-menu-layout-default\"><a href=\"https:\/\/www.ing.una.py\/FIUNA3\/?cat=98\" class=\"elementor-item\" class=\"tc-menu-inner\">Noticias del IPT<\/a><\/li>\n<\/ul>\t\t\t<\/nav>\n\t\t\t\t\t<div class=\"elementor-menu-toggle\" role=\"button\" tabindex=\"0\" aria-label=\"Alternar men\u00fa\" aria-expanded=\"false\">\n\t\t\t<svg aria-hidden=\"true\" role=\"presentation\" class=\"elementor-menu-toggle__icon--open e-font-icon-svg e-eicon-menu-bar\" viewBox=\"0 0 1000 1000\" xmlns=\"http:\/\/www.w3.org\/2000\/svg\"><path d=\"M104 333H896C929 333 958 304 958 271S929 208 896 208H104C71 208 42 237 42 271S71 333 104 333ZM104 583H896C929 583 958 554 958 521S929 458 896 458H104C71 458 42 487 42 521S71 583 104 583ZM104 833H896C929 833 958 804 958 771S929 708 896 708H104C71 708 42 737 42 771S71 833 104 833Z\"><\/path><\/svg><svg aria-hidden=\"true\" role=\"presentation\" class=\"elementor-menu-toggle__icon--close e-font-icon-svg e-eicon-close\" viewBox=\"0 0 1000 1000\" xmlns=\"http:\/\/www.w3.org\/2000\/svg\"><path d=\"M742 167L500 408 258 167C246 154 233 150 217 150 196 150 179 158 167 167 154 179 150 196 150 212 150 229 154 242 171 254L408 500 167 742C138 771 138 800 167 829 196 858 225 858 254 829L496 587 738 829C750 842 767 846 783 846 800 846 817 842 829 829 842 817 846 804 846 783 846 767 842 750 829 737L588 500 833 258C863 229 863 200 833 171 804 137 775 137 742 167Z\"><\/path><\/svg>\t\t<\/div>\n\t\t\t\t\t<nav class=\"elementor-nav-menu--dropdown elementor-nav-menu__container\" aria-hidden=\"true\">\n\t\t\t\t<ul id=\"menu-2-e7ed665\" class=\"elementor-nav-menu sm-vertical\"><li class=\"menu-item menu-item-type-post_type menu-item-object-page menu-item-38291 tc-menu-item tc-menu-depth-0 tc-menu-align-left tc-menu-layout-default\"><a href=\"https:\/\/www.ing.una.py\/FIUNA3\/?page_id=4785\" class=\"elementor-item\" tabindex=\"-1\" class=\"tc-menu-inner\">Admisi\u00f3n al IPT<\/a><\/li>\n<li class=\"menu-item menu-item-type-post_type menu-item-object-page menu-item-38292 tc-menu-item tc-menu-depth-0 tc-menu-align-left tc-menu-layout-default\"><a href=\"https:\/\/www.ing.una.py\/FIUNA3\/?page_id=785\" class=\"elementor-item\" tabindex=\"-1\" class=\"tc-menu-inner\">Bachillerato T\u00e9cnico Industrial<\/a><\/li>\n<li class=\"menu-item menu-item-type-custom menu-item-object-custom menu-item-40985 tc-menu-item tc-menu-depth-0 tc-menu-align-left tc-menu-layout-default\"><a target=\"_blank\" href=\"http:\/\/www.ing.una.py\/pdf2016\/ipt-electronica.pdf\" class=\"elementor-item\" tabindex=\"-1\" class=\"tc-menu-inner\">Dise\u00f1o Curricular | Electr\u00f3nica<\/a><\/li>\n<li class=\"menu-item menu-item-type-custom menu-item-object-custom menu-item-40986 tc-menu-item tc-menu-depth-0 tc-menu-align-left tc-menu-layout-default\"><a target=\"_blank\" href=\"http:\/\/www.ing.una.py\/pdf2016\/ipt-construcciones-civiles.pdf\" class=\"elementor-item\" tabindex=\"-1\" class=\"tc-menu-inner\">Dise\u00f1o Curricular | Construcciones Civiles<\/a><\/li>\n<li class=\"menu-item menu-item-type-custom menu-item-object-custom menu-item-40987 tc-menu-item tc-menu-depth-0 tc-menu-align-left tc-menu-layout-default\"><a target=\"_blank\" href=\"http:\/\/www.ing.una.py\/pdf2016\/ipt-mecanica.pdf\" class=\"elementor-item\" tabindex=\"-1\" class=\"tc-menu-inner\">Dise\u00f1o Curricular | Mec\u00e1nica Gral.<\/a><\/li>\n<li class=\"menu-item menu-item-type-post_type menu-item-object-page menu-item-38293 tc-menu-item tc-menu-depth-0 tc-menu-align-left tc-menu-layout-default\"><a href=\"https:\/\/www.ing.una.py\/FIUNA3\/?page_id=4789\" class=\"elementor-item\" tabindex=\"-1\" class=\"tc-menu-inner\">Perfil global del Egresado<\/a><\/li>\n<li class=\"menu-item menu-item-type-post_type menu-item-object-page menu-item-38456 tc-menu-item tc-menu-depth-0 tc-menu-align-left tc-menu-layout-default\"><a href=\"https:\/\/www.ing.una.py\/FIUNA3\/?page_id=20041\" class=\"elementor-item\" tabindex=\"-1\" class=\"tc-menu-inner\">Perfil del Bachiller T\u00e9c. en Electr\u00f3nica<\/a><\/li>\n<li class=\"menu-item menu-item-type-post_type menu-item-object-page menu-item-38457 tc-menu-item tc-menu-depth-0 tc-menu-align-left tc-menu-layout-default\"><a href=\"https:\/\/www.ing.una.py\/FIUNA3\/?page_id=20048\" class=\"elementor-item\" tabindex=\"-1\" class=\"tc-menu-inner\">Perfil del Bachiller T\u00e9c. en Construcciones Civiles<\/a><\/li>\n<li class=\"menu-item menu-item-type-post_type menu-item-object-page menu-item-38458 tc-menu-item tc-menu-depth-0 tc-menu-align-left tc-menu-layout-default\"><a href=\"https:\/\/www.ing.una.py\/FIUNA3\/?page_id=20055\" class=\"elementor-item\" tabindex=\"-1\" class=\"tc-menu-inner\">Perfil del Bachiller T\u00e9c. en Mec\u00e1nica General<\/a><\/li>\n<li class=\"menu-item menu-item-type-post_type menu-item-object-page menu-item-38454 tc-menu-item tc-menu-depth-0 tc-menu-align-left tc-menu-layout-default\"><a href=\"https:\/\/www.ing.una.py\/FIUNA3\/?page_id=20023\" class=\"elementor-item\" tabindex=\"-1\" class=\"tc-menu-inner\">Acuerdos y compromisos \u00e9ticos<\/a><\/li>\n<li class=\"menu-item menu-item-type-post_type menu-item-object-page menu-item-38297 tc-menu-item tc-menu-depth-0 tc-menu-align-left tc-menu-layout-default\"><a href=\"https:\/\/www.ing.una.py\/FIUNA3\/?page_id=38144\" class=\"elementor-item\" tabindex=\"-1\" class=\"tc-menu-inner\">Principios y fundamentos<\/a><\/li>\n<li class=\"menu-item menu-item-type-custom menu-item-object-custom menu-item-38616 tc-menu-item tc-menu-depth-0 tc-menu-align-left tc-menu-layout-default\"><a target=\"_blank\" href=\"http:\/\/www.ing.una.py\/resoluciones2018\/Res81-2018Normas-de-Convivencia2018.pdf\" class=\"elementor-item\" tabindex=\"-1\" class=\"tc-menu-inner\">Reglamento de convivencia<\/a><\/li>\n<li class=\"menu-item menu-item-type-post_type menu-item-object-page menu-item-38298 tc-menu-item tc-menu-depth-0 tc-menu-align-left tc-menu-layout-default\"><a href=\"https:\/\/www.ing.una.py\/FIUNA3\/?page_id=38145\" class=\"elementor-item\" tabindex=\"-1\" class=\"tc-menu-inner\">Objetivos Generales y Espec\u00edficos<\/a><\/li>\n<li class=\"menu-item menu-item-type-taxonomy menu-item-object-category menu-item-38511 tc-menu-item tc-menu-depth-0 tc-menu-align-left tc-menu-layout-default\"><a href=\"https:\/\/www.ing.una.py\/FIUNA3\/?cat=98\" class=\"elementor-item\" tabindex=\"-1\" class=\"tc-menu-inner\">Noticias del IPT<\/a><\/li>\n<\/ul>\t\t\t<\/nav>\n\t\t\t\t\t\t<\/div>\n\t\t\t\t\t<\/div>\n\t\t<\/div>\n\t\t\t\t\t<\/div>\n\t\t<\/section>\n\t\t\t\t<\/div>\n\t\t","protected":false},"excerpt":{"rendered":"<p>Perfil Global del Bachillerato T\u00e9cnico Industrial Del Instituto Paraguayo de Telecomunicaciones Al finalizar el curso del Bachillerato T\u00e9cnico Industrial, se concibe un profesional t\u00e9cnico de nivel medio con las cualidades y capacidades de un profesional eficiente y eficaz, poseedor de conocimientos cient\u00edficos, human\u00edsticos, tecnol\u00f3gicos y pr\u00e1cticos esenciales de su profesi\u00f3n que lo capaciten para desarrollar actividades espec\u00edficas, adem\u00e1s posee habilidades y destrezas especificas tales como: Aplicar el pensamiento cr\u00edtico y el m\u00e9todo cient\u00edfico para el estudio y resoluci\u00f3n de problemas en el campo tecnol\u00f3gico. Utilizar los conocimientos cient\u00edficos y tecnol\u00f3gicos en las distintas fases de sus actividades profesionales y en &hellip; <\/p>\n","protected":false},"author":1,"featured_media":0,"parent":785,"menu_order":0,"comment_status":"closed","ping_status":"closed","template":"","meta":{"_bbp_topic_count":0,"_bbp_reply_count":0,"_bbp_total_topic_count":0,"_bbp_total_reply_count":0,"_bbp_voice_count":0,"_bbp_anonymous_reply_count":0,"_bbp_topic_count_hidden":0,"_bbp_reply_count_hidden":0,"_bbp_forum_subforum_count":0,"advanced_seo_description":"","jetpack_seo_html_title":"","jetpack_seo_noindex":false,"jetpack_post_was_ever_published":false,"footnotes":""},"class_list":["post-4789","page","type-page","status-publish","hentry"],"jetpack_shortlink":"https:\/\/wp.me\/Pc8Odv-1ff","jetpack_likes_enabled":true,"jetpack_sharing_enabled":true,"jetpack-related-posts":[],"_links":{"self":[{"href":"https:\/\/www.ing.una.py\/FIUNA3\/index.php?rest_route=\/wp\/v2\/pages\/4789","targetHints":{"allow":["GET"]}}],"collection":[{"href":"https:\/\/www.ing.una.py\/FIUNA3\/index.php?rest_route=\/wp\/v2\/pages"}],"about":[{"href":"https:\/\/www.ing.una.py\/FIUNA3\/index.php?rest_route=\/wp\/v2\/types\/page"}],"author":[{"embeddable":true,"href":"https:\/\/www.ing.una.py\/FIUNA3\/index.php?rest_route=\/wp\/v2\/users\/1"}],"replies":[{"embeddable":true,"href":"https:\/\/www.ing.una.py\/FIUNA3\/index.php?rest_route=%2Fwp%2Fv2%2Fcomments&post=4789"}],"version-history":[{"count":6,"href":"https:\/\/www.ing.una.py\/FIUNA3\/index.php?rest_route=\/wp\/v2\/pages\/4789\/revisions"}],"predecessor-version":[{"id":67308,"href":"https:\/\/www.ing.una.py\/FIUNA3\/index.php?rest_route=\/wp\/v2\/pages\/4789\/revisions\/67308"}],"up":[{"embeddable":true,"href":"https:\/\/www.ing.una.py\/FIUNA3\/index.php?rest_route=\/wp\/v2\/pages\/785"}],"wp:attachment":[{"href":"https:\/\/www.ing.una.py\/FIUNA3\/index.php?rest_route=%2Fwp%2Fv2%2Fmedia&parent=4789"}],"curies":[{"name":"wp","href":"https:\/\/api.w.org\/{rel}","templated":true}]}}