{"id":49188,"date":"2021-10-13T15:44:18","date_gmt":"2021-10-13T18:44:18","guid":{"rendered":"http:\/\/www.ing.una.py\/FIUNA3\/?page_id=49188"},"modified":"2024-06-06T11:18:55","modified_gmt":"2024-06-06T15:18:55","slug":"jubilacion-ordinaria","status":"publish","type":"page","link":"https:\/\/www.ing.una.py\/FIUNA3\/?page_id=49188","title":{"rendered":"Jubilaci\u00f3n Ordinaria"},"content":{"rendered":"\t\t<div data-elementor-type=\"wp-page\" data-elementor-id=\"49188\" class=\"elementor elementor-49188\" data-elementor-post-type=\"page\">\n\t\t\t\t\t\t<section class=\"elementor-section elementor-top-section elementor-element elementor-element-3e0c57e elementor-section-boxed elementor-section-height-default elementor-section-height-default\" data-id=\"3e0c57e\" data-element_type=\"section\" data-e-type=\"section\">\n\t\t\t\t\t\t<div class=\"elementor-container elementor-column-gap-default\">\n\t\t\t\t\t<div class=\"elementor-column elementor-col-66 elementor-top-column elementor-element elementor-element-52600fa\" data-id=\"52600fa\" data-element_type=\"column\" data-e-type=\"column\">\n\t\t\t<div class=\"elementor-widget-wrap elementor-element-populated\">\n\t\t\t\t\t\t<div class=\"elementor-element elementor-element-16e094f elementor-widget thim-ekits-heading elementor-widget-thim-heading\" data-id=\"16e094f\" data-element_type=\"widget\" data-e-type=\"widget\" data-widget_type=\"thim-heading.default\">\n\t\t\t\t<div class=\"elementor-widget-container\">\n\t\t\t\t\t<div class=\"sc_heading\"><h2 class=\"title\">Jubilaci\u00f3n Ordinaria <\/h2><div class=\"sub-heading\"><p>GTH<\/p>\n<\/div><span class=\"line\"><\/span><\/div>\t\t\t\t<\/div>\n\t\t\t\t<\/div>\n\t\t\t\t<div class=\"elementor-element elementor-element-c004410 elementor-widget elementor-widget-text-editor\" data-id=\"c004410\" data-element_type=\"widget\" data-e-type=\"widget\" data-widget_type=\"text-editor.default\">\n\t\t\t\t\t\t\t\t\t<h4>Objetivo<\/h4><p>El objetivo del presente Manual de Procedimientos es presentar, describir y establecer los procedimientos y condiciones requeridas de acuerdo a las Reglamentaciones vigentes para el inicio de la jubilaci\u00f3n ordinaria<\/p><h4>Procedimientos de inicio de Jubilaci\u00f3n Ordinaria<\/h4><ol><li>Solicitar Constancia de Legajo en la o las unidades acad\u00e9micas donde presta servicios y en el Rectorado.<ol><li><strong>Facultad de Ingenier\u00eda:<\/strong> Por Nota dirigida al Decano, a ser presentado en Mesa de Entrada de la Secretaria, ubicada en el Bloque A del Campus de San Lorenzo, de lunes a viernes de 08:00 hs. a 14:00 hs. (con costo arancelario) o por correo electr\u00f3nico a: <a href=\"mailto:mesadeentrada@ing.una.py\" target=\"_blank\" rel=\"noopener\">mesadeentrada@ing.una.py<\/a>.<\/li><li><strong>Rectorado:<\/strong>\u00a0Llenar el formulario prove\u00eddo por Mesa de Informes, adjuntar copia de C\u00e9dula de Identidad Civil vigente, legible, autenticada por Escriban\u00eda junto con el recibo de dinero expedido por Perceptor\u00eda.<\/li><li><strong>Completar los siguientes formularios:<\/strong>\u00a0Pueden ser descargados del sitio web del\u00a0<a href=\"https:\/\/www.hacienda.gov.py\/sseaf\/index.php?c=325\" target=\"_blank\" rel=\"noopener\">Ministerio de Hacienda<\/a>\u00a0 o bien solicitar impresos en la Direcci\u00f3n de Gesti\u00f3n de Talento Humano \u2013 Departamento de Bienestar Social.<\/li><\/ol><\/li><\/ol><h4><strong>Docentes<\/strong><\/h4><ol><li style=\"list-style-type: none;\"><ol><li>Planilla de Historia Laboral N\u00b0 36.<\/li><li>Declaraci\u00f3n Jurada de Correo Electr\u00f3nico.<\/li><li>Formulario de Solicitud y Registro del Interesado N\u00b0 17.<\/li><\/ol><\/li><\/ol><p>Si la interesada es docente, madre y tiene 25 a\u00f1os de servicio podr\u00e1 sumar a su antig\u00fcedad a\u00f1os de servicios hasta 3 hijos nacidos durante el ejercicio de la docencia adjuntando adem\u00e1s las siguientes documentaciones:<\/p><ol><li>Certificado de nacimiento del hijo (legalizado y autenticado en el Registro Civil)<\/li><li>Registro del libro de acta (legalizado y autenticado en el registro civil)<\/li><li>Fotocopia autenticada de la c\u00e9dula de identidad del hijo<\/li><li style=\"list-style-type: none;\">\u00a0<\/li><\/ol><h4>Funcionarios\/as<\/h4><ol><li>Planilla de Historia Laboral N\u00b0 34.<\/li><li>Declaraci\u00f3n Jurada de Correo Electr\u00f3nico.<\/li><li>Formulario de Solicitud y Registro del Interesado N\u00b0 17<\/li><li style=\"list-style-type: none;\">\u00a0<\/li><\/ol><p>Entregar los mismos mediante una Nota dirigida al Decano, solicitando el inicio de los tr\u00e1mites para su jubilaci\u00f3n especificando si solicita como Docente, como Administrativo o como Docente y Administrativo, seg\u00fan sea el caso y adjuntando adem\u00e1s los siguientes:<\/p><ul><li>Foja de Servicio (Rectorado).<\/li><li>Constancia de Legajo Personal de la Facultad Ingenier\u00eda, (y de otras facultades si es el caso).<\/li><li>Fotocopia de c\u00e9dula de identidad civil vigente autenticada por escriban\u00eda.<\/li><li>Foto carnet, 1 (uno)<\/li><li>Antecedente Judicial vigente<\/li><\/ul><p>La presentaci\u00f3n de los documentos se realizan en Mesa de entrada de la Facultad de Ingenier\u00eda, Bloque A, de lunes a viernes de 08:00 hs. a 14:00 hs., previa verificaci\u00f3n del Dpto. de Bienestar Social.<\/p><p><strong>Observaci\u00f3n:<\/strong> La presentaci\u00f3n de los documentos en el Rectorado se realizan del d\u00eda 1 al 10 de cada mes.<\/p><h4>Importante<\/h4><ul><li><strong>Ley 2345\/03:<\/strong> DE REFORMA Y SOSTENIBILIDAD DE LA CAJA FISCAL. SISTEMA DE JUBILACIONES Y PENSIONES DEL SECTOR P\u00daBLICO.<\/li><li><strong>LEY 4747:<\/strong> QUE AMPL\u00cdA EL ART\u00cdCULO 13 DE LA LEY N\u00b0 2.345\/03 \u201cDE REFORMA Y SOSTENIBILIDAD DE LA CAJA FISCAL. SISTEMA DE JUBILACIONES Y PENSIONES DEL SECTOR P\u00daBLICO\u201d MODIFICADO POR LEY N\u00b0 3.613\/09.<\/li><\/ul><p><strong><a href=\"http:\/\/www.ing.una.py\/wp-content\/uploads\/2021\/09\/procedimiento_jubilacion_ordinaria.pdf\" target=\"_blank\" rel=\"noopener\">Descarga procedimiento PDF<\/a><\/strong><\/p>\t\t\t\t\t\t\t\t<\/div>\n\t\t\t\t\t<\/div>\n\t\t<\/div>\n\t\t\t\t<div class=\"elementor-column elementor-col-33 elementor-top-column elementor-element elementor-element-17fb5b8\" data-id=\"17fb5b8\" data-element_type=\"column\" data-e-type=\"column\">\n\t\t\t<div class=\"elementor-widget-wrap elementor-element-populated\">\n\t\t\t\t\t\t<div class=\"elementor-element elementor-element-6d62db7 elementor-widget elementor-widget-heading\" data-id=\"6d62db7\" data-element_type=\"widget\" data-e-type=\"widget\" data-widget_type=\"heading.default\">\n\t\t\t\t\t<h3 class=\"elementor-heading-title elementor-size-default\">GTH<\/h3>\t\t\t\t<\/div>\n\t\t\t\t<div class=\"elementor-element elementor-element-91c901d elementor-nav-menu__align-start elementor-nav-menu--dropdown-mobile elementor-nav-menu__text-align-aside elementor-nav-menu--toggle elementor-nav-menu--burger elementor-widget elementor-widget-nav-menu\" data-id=\"91c901d\" data-element_type=\"widget\" data-e-type=\"widget\" data-settings=\"{&quot;layout&quot;:&quot;vertical&quot;,&quot;_animation&quot;:&quot;none&quot;,&quot;submenu_icon&quot;:{&quot;value&quot;:&quot;&lt;svg class=\\&quot;fa-svg-chevron-down e-font-icon-svg e-fas-chevron-down\\&quot; viewBox=\\&quot;0 0 448 512\\&quot; xmlns=\\&quot;http:\\\/\\\/www.w3.org\\\/2000\\\/svg\\&quot;&gt;&lt;path d=\\&quot;M207.029 381.476L12.686 187.132c-9.373-9.373-9.373-24.569 0-33.941l22.667-22.667c9.357-9.357 24.522-9.375 33.901-.04L224 284.505l154.745-154.021c9.379-9.335 24.544-9.317 33.901.04l22.667 22.667c9.373 9.373 9.373 24.569 0 33.941L240.971 381.476c-9.373 9.372-24.569 9.372-33.942 0z\\&quot;&gt;&lt;\\\/path&gt;&lt;\\\/svg&gt;&quot;,&quot;library&quot;:&quot;fa-solid&quot;},&quot;toggle&quot;:&quot;burger&quot;}\" data-widget_type=\"nav-menu.default\">\n\t\t\t\t\t\t\t\t<nav aria-label=\"Men\u00fa\" class=\"elementor-nav-menu--main elementor-nav-menu__container elementor-nav-menu--layout-vertical e--pointer-background e--animation-fade\">\n\t\t\t\t<ul id=\"menu-1-91c901d\" class=\"elementor-nav-menu sm-vertical\"><li class=\"menu-item menu-item-type-post_type menu-item-object-page menu-item-49157 tc-menu-item tc-menu-depth-0 tc-menu-align-left tc-menu-layout-default\"><a href=\"https:\/\/www.ing.una.py\/FIUNA3\/?page_id=429\" class=\"elementor-item\" class=\"tc-menu-inner\">Volver a Institucional<\/a><\/li>\n<li class=\"menu-item menu-item-type-post_type menu-item-object-page menu-item-49148 tc-menu-item tc-menu-depth-0 tc-menu-align-left tc-menu-layout-default\"><a href=\"https:\/\/www.ing.una.py\/FIUNA3\/?page_id=49141\" class=\"elementor-item\" class=\"tc-menu-inner\">Direcci\u00f3n de Gesti\u00f3n del Talento Humano<\/a><\/li>\n<li class=\"menu-item menu-item-type-post_type menu-item-object-page menu-item-has-children menu-item-49184 tc-menu-item tc-menu-depth-0 tc-menu-align-left tc-menu-layout-default\"><a href=\"https:\/\/www.ing.una.py\/FIUNA3\/?page_id=49177\" class=\"elementor-item\" class=\"tc-menu-inner\">Dpto. De Bienestar Social<\/a>\n<ul class=\"sub-menu\">\n\t<li class=\"menu-item menu-item-type-post_type menu-item-object-page menu-item-49194 tc-menu-item tc-menu-depth-1 tc-menu-align-left\"><a href=\"https:\/\/www.ing.una.py\/FIUNA3\/?page_id=49188\" class=\"elementor-sub-item\" class=\"tc-menu-inner tc-megamenu-title\">Jubilaci\u00f3n Ordinaria<\/a><\/li>\n\t<li class=\"menu-item menu-item-type-post_type menu-item-object-page menu-item-62561 tc-menu-item tc-menu-depth-1 tc-menu-align-left\"><a href=\"https:\/\/www.ing.una.py\/FIUNA3\/?page_id=62552\" class=\"elementor-sub-item\" class=\"tc-menu-inner tc-megamenu-title\">Orientaci\u00f3n y Prevenci\u00f3n Psicol\u00f3gica<\/a><\/li>\n<\/ul><!-- End wrapper ul sub -->\n<\/li>\n<li class=\"menu-item menu-item-type-post_type menu-item-object-page menu-item-49170 tc-menu-item tc-menu-depth-0 tc-menu-align-left tc-menu-layout-default\"><a href=\"https:\/\/www.ing.una.py\/FIUNA3\/?page_id=2677\" class=\"elementor-item\" class=\"tc-menu-inner\">Dpto. de Desarrollo, Capacitaci\u00f3n y Evaluaci\u00f3n Administrativa<\/a><\/li>\n<li class=\"menu-item menu-item-type-post_type menu-item-object-page menu-item-49259 tc-menu-item tc-menu-depth-0 tc-menu-align-left tc-menu-layout-default\"><a href=\"https:\/\/www.ing.una.py\/FIUNA3\/?page_id=49254\" class=\"elementor-item\" class=\"tc-menu-inner\">Dpto. de Control del Personal Administrativo y Docente<\/a><\/li>\n<li class=\"menu-item menu-item-type-post_type menu-item-object-page menu-item-has-children menu-item-49232 tc-menu-item tc-menu-depth-0 tc-menu-align-left tc-menu-layout-default\"><a href=\"https:\/\/www.ing.una.py\/FIUNA3\/?page_id=49219\" class=\"elementor-item\" class=\"tc-menu-inner\">Dpto. de Incorporaci\u00f3n de Personal<\/a>\n<ul class=\"sub-menu\">\n\t<li class=\"menu-item menu-item-type-post_type menu-item-object-page menu-item-83861 tc-menu-item tc-menu-depth-1 tc-menu-align-left\"><a href=\"https:\/\/www.ing.una.py\/FIUNA3\/?page_id=83854\" class=\"elementor-sub-item\" class=\"tc-menu-inner tc-megamenu-title\">Concursos 2026<\/a><\/li>\n\t<li class=\"menu-item menu-item-type-post_type menu-item-object-page menu-item-77195 tc-menu-item tc-menu-depth-1 tc-menu-align-left\"><a href=\"https:\/\/www.ing.una.py\/FIUNA3\/?page_id=77185\" class=\"elementor-sub-item\" class=\"tc-menu-inner tc-megamenu-title\">Concursos 2025<\/a><\/li>\n\t<li class=\"menu-item menu-item-type-post_type menu-item-object-page menu-item-63310 tc-menu-item tc-menu-depth-1 tc-menu-align-left\"><a href=\"https:\/\/www.ing.una.py\/FIUNA3\/?page_id=63286\" class=\"elementor-sub-item\" class=\"tc-menu-inner tc-megamenu-title\">Concursos 2024<\/a><\/li>\n\t<li class=\"menu-item menu-item-type-post_type menu-item-object-page menu-item-63285 tc-menu-item tc-menu-depth-1 tc-menu-align-left\"><a href=\"https:\/\/www.ing.una.py\/FIUNA3\/?page_id=63189\" class=\"elementor-sub-item\" class=\"tc-menu-inner tc-megamenu-title\">Concursos 2023<\/a><\/li>\n\t<li class=\"menu-item menu-item-type-post_type menu-item-object-page menu-item-63140 tc-menu-item tc-menu-depth-1 tc-menu-align-left\"><a href=\"https:\/\/www.ing.una.py\/FIUNA3\/?page_id=63021\" class=\"elementor-sub-item\" class=\"tc-menu-inner tc-megamenu-title\">Concursos 2022<\/a><\/li>\n\t<li class=\"menu-item menu-item-type-post_type menu-item-object-page menu-item-49198 tc-menu-item tc-menu-depth-1 tc-menu-align-left\"><a href=\"https:\/\/www.ing.una.py\/FIUNA3\/?page_id=48689\" class=\"elementor-sub-item\" class=\"tc-menu-inner tc-megamenu-title\">Concursos 2021<\/a><\/li>\n\t<li class=\"menu-item menu-item-type-post_type menu-item-object-page menu-item-49214 tc-menu-item tc-menu-depth-1 tc-menu-align-left\"><a href=\"https:\/\/www.ing.una.py\/FIUNA3\/?page_id=44304\" class=\"elementor-sub-item\" class=\"tc-menu-inner tc-megamenu-title\">Concursos 2020<\/a><\/li>\n\t<li class=\"menu-item menu-item-type-post_type menu-item-object-page menu-item-49215 tc-menu-item tc-menu-depth-1 tc-menu-align-left\"><a href=\"https:\/\/www.ing.una.py\/FIUNA3\/?page_id=35028\" class=\"elementor-sub-item\" class=\"tc-menu-inner tc-megamenu-title\">Concursos 2019<\/a><\/li>\n\t<li class=\"menu-item menu-item-type-post_type menu-item-object-page menu-item-49216 tc-menu-item tc-menu-depth-1 tc-menu-align-left\"><a href=\"https:\/\/www.ing.una.py\/FIUNA3\/?page_id=29163\" class=\"elementor-sub-item\" class=\"tc-menu-inner tc-megamenu-title\">Concursos 2018<\/a><\/li>\n\t<li class=\"menu-item menu-item-type-post_type menu-item-object-page menu-item-49217 tc-menu-item tc-menu-depth-1 tc-menu-align-left\"><a href=\"https:\/\/www.ing.una.py\/FIUNA3\/?page_id=23264\" class=\"elementor-sub-item\" class=\"tc-menu-inner tc-megamenu-title\">Concursos 2017<\/a><\/li>\n\t<li class=\"menu-item menu-item-type-post_type menu-item-object-page menu-item-49218 tc-menu-item tc-menu-depth-1 tc-menu-align-left\"><a href=\"https:\/\/www.ing.una.py\/FIUNA3\/?page_id=19756\" class=\"elementor-sub-item\" class=\"tc-menu-inner tc-megamenu-title\">Concursos 2016<\/a><\/li>\n<\/ul><!-- End wrapper ul sub -->\n<\/li>\n<li class=\"menu-item menu-item-type-post_type menu-item-object-page menu-item-49266 tc-menu-item tc-menu-depth-0 tc-menu-align-left tc-menu-layout-default\"><a href=\"https:\/\/www.ing.una.py\/FIUNA3\/?page_id=49260\" class=\"elementor-item\" class=\"tc-menu-inner\">Coordinaci\u00f3n Operativa SICCA<\/a><\/li>\n<\/ul>\t\t\t<\/nav>\n\t\t\t\t\t<div class=\"elementor-menu-toggle\" role=\"button\" tabindex=\"0\" aria-label=\"Alternar men\u00fa\" aria-expanded=\"false\">\n\t\t\t<svg aria-hidden=\"true\" role=\"presentation\" class=\"elementor-menu-toggle__icon--open e-font-icon-svg e-eicon-menu-bar\" viewBox=\"0 0 1000 1000\" xmlns=\"http:\/\/www.w3.org\/2000\/svg\"><path d=\"M104 333H896C929 333 958 304 958 271S929 208 896 208H104C71 208 42 237 42 271S71 333 104 333ZM104 583H896C929 583 958 554 958 521S929 458 896 458H104C71 458 42 487 42 521S71 583 104 583ZM104 833H896C929 833 958 804 958 771S929 708 896 708H104C71 708 42 737 42 771S71 833 104 833Z\"><\/path><\/svg><svg aria-hidden=\"true\" role=\"presentation\" class=\"elementor-menu-toggle__icon--close e-font-icon-svg e-eicon-close\" viewBox=\"0 0 1000 1000\" xmlns=\"http:\/\/www.w3.org\/2000\/svg\"><path d=\"M742 167L500 408 258 167C246 154 233 150 217 150 196 150 179 158 167 167 154 179 150 196 150 212 150 229 154 242 171 254L408 500 167 742C138 771 138 800 167 829 196 858 225 858 254 829L496 587 738 829C750 842 767 846 783 846 800 846 817 842 829 829 842 817 846 804 846 783 846 767 842 750 829 737L588 500 833 258C863 229 863 200 833 171 804 137 775 137 742 167Z\"><\/path><\/svg>\t\t<\/div>\n\t\t\t\t\t<nav class=\"elementor-nav-menu--dropdown elementor-nav-menu__container\" aria-hidden=\"true\">\n\t\t\t\t<ul id=\"menu-2-91c901d\" class=\"elementor-nav-menu sm-vertical\"><li class=\"menu-item menu-item-type-post_type menu-item-object-page menu-item-49157 tc-menu-item tc-menu-depth-0 tc-menu-align-left tc-menu-layout-default\"><a href=\"https:\/\/www.ing.una.py\/FIUNA3\/?page_id=429\" class=\"elementor-item\" tabindex=\"-1\" class=\"tc-menu-inner\">Volver a Institucional<\/a><\/li>\n<li class=\"menu-item menu-item-type-post_type menu-item-object-page menu-item-49148 tc-menu-item tc-menu-depth-0 tc-menu-align-left tc-menu-layout-default\"><a href=\"https:\/\/www.ing.una.py\/FIUNA3\/?page_id=49141\" class=\"elementor-item\" tabindex=\"-1\" class=\"tc-menu-inner\">Direcci\u00f3n de Gesti\u00f3n del Talento Humano<\/a><\/li>\n<li class=\"menu-item menu-item-type-post_type menu-item-object-page menu-item-has-children menu-item-49184 tc-menu-item tc-menu-depth-0 tc-menu-align-left tc-menu-layout-default\"><a href=\"https:\/\/www.ing.una.py\/FIUNA3\/?page_id=49177\" class=\"elementor-item\" tabindex=\"-1\" class=\"tc-menu-inner\">Dpto. De Bienestar Social<\/a>\n<ul class=\"sub-menu\">\n\t<li class=\"menu-item menu-item-type-post_type menu-item-object-page menu-item-49194 tc-menu-item tc-menu-depth-1 tc-menu-align-left\"><a href=\"https:\/\/www.ing.una.py\/FIUNA3\/?page_id=49188\" class=\"elementor-sub-item\" tabindex=\"-1\" class=\"tc-menu-inner tc-megamenu-title\">Jubilaci\u00f3n Ordinaria<\/a><\/li>\n\t<li class=\"menu-item menu-item-type-post_type menu-item-object-page menu-item-62561 tc-menu-item tc-menu-depth-1 tc-menu-align-left\"><a href=\"https:\/\/www.ing.una.py\/FIUNA3\/?page_id=62552\" class=\"elementor-sub-item\" tabindex=\"-1\" class=\"tc-menu-inner tc-megamenu-title\">Orientaci\u00f3n y Prevenci\u00f3n Psicol\u00f3gica<\/a><\/li>\n<\/ul><!-- End wrapper ul sub -->\n<\/li>\n<li class=\"menu-item menu-item-type-post_type menu-item-object-page menu-item-49170 tc-menu-item tc-menu-depth-0 tc-menu-align-left tc-menu-layout-default\"><a href=\"https:\/\/www.ing.una.py\/FIUNA3\/?page_id=2677\" class=\"elementor-item\" tabindex=\"-1\" class=\"tc-menu-inner\">Dpto. de Desarrollo, Capacitaci\u00f3n y Evaluaci\u00f3n Administrativa<\/a><\/li>\n<li class=\"menu-item menu-item-type-post_type menu-item-object-page menu-item-49259 tc-menu-item tc-menu-depth-0 tc-menu-align-left tc-menu-layout-default\"><a href=\"https:\/\/www.ing.una.py\/FIUNA3\/?page_id=49254\" class=\"elementor-item\" tabindex=\"-1\" class=\"tc-menu-inner\">Dpto. de Control del Personal Administrativo y Docente<\/a><\/li>\n<li class=\"menu-item menu-item-type-post_type menu-item-object-page menu-item-has-children menu-item-49232 tc-menu-item tc-menu-depth-0 tc-menu-align-left tc-menu-layout-default\"><a href=\"https:\/\/www.ing.una.py\/FIUNA3\/?page_id=49219\" class=\"elementor-item\" tabindex=\"-1\" class=\"tc-menu-inner\">Dpto. de Incorporaci\u00f3n de Personal<\/a>\n<ul class=\"sub-menu\">\n\t<li class=\"menu-item menu-item-type-post_type menu-item-object-page menu-item-83861 tc-menu-item tc-menu-depth-1 tc-menu-align-left\"><a href=\"https:\/\/www.ing.una.py\/FIUNA3\/?page_id=83854\" class=\"elementor-sub-item\" tabindex=\"-1\" class=\"tc-menu-inner tc-megamenu-title\">Concursos 2026<\/a><\/li>\n\t<li class=\"menu-item menu-item-type-post_type menu-item-object-page menu-item-77195 tc-menu-item tc-menu-depth-1 tc-menu-align-left\"><a href=\"https:\/\/www.ing.una.py\/FIUNA3\/?page_id=77185\" class=\"elementor-sub-item\" tabindex=\"-1\" class=\"tc-menu-inner tc-megamenu-title\">Concursos 2025<\/a><\/li>\n\t<li class=\"menu-item menu-item-type-post_type menu-item-object-page menu-item-63310 tc-menu-item tc-menu-depth-1 tc-menu-align-left\"><a href=\"https:\/\/www.ing.una.py\/FIUNA3\/?page_id=63286\" class=\"elementor-sub-item\" tabindex=\"-1\" class=\"tc-menu-inner tc-megamenu-title\">Concursos 2024<\/a><\/li>\n\t<li class=\"menu-item menu-item-type-post_type menu-item-object-page menu-item-63285 tc-menu-item tc-menu-depth-1 tc-menu-align-left\"><a href=\"https:\/\/www.ing.una.py\/FIUNA3\/?page_id=63189\" class=\"elementor-sub-item\" tabindex=\"-1\" class=\"tc-menu-inner tc-megamenu-title\">Concursos 2023<\/a><\/li>\n\t<li class=\"menu-item menu-item-type-post_type menu-item-object-page menu-item-63140 tc-menu-item tc-menu-depth-1 tc-menu-align-left\"><a href=\"https:\/\/www.ing.una.py\/FIUNA3\/?page_id=63021\" class=\"elementor-sub-item\" tabindex=\"-1\" class=\"tc-menu-inner tc-megamenu-title\">Concursos 2022<\/a><\/li>\n\t<li class=\"menu-item menu-item-type-post_type menu-item-object-page menu-item-49198 tc-menu-item tc-menu-depth-1 tc-menu-align-left\"><a href=\"https:\/\/www.ing.una.py\/FIUNA3\/?page_id=48689\" class=\"elementor-sub-item\" tabindex=\"-1\" class=\"tc-menu-inner tc-megamenu-title\">Concursos 2021<\/a><\/li>\n\t<li class=\"menu-item menu-item-type-post_type menu-item-object-page menu-item-49214 tc-menu-item tc-menu-depth-1 tc-menu-align-left\"><a href=\"https:\/\/www.ing.una.py\/FIUNA3\/?page_id=44304\" class=\"elementor-sub-item\" tabindex=\"-1\" class=\"tc-menu-inner tc-megamenu-title\">Concursos 2020<\/a><\/li>\n\t<li class=\"menu-item menu-item-type-post_type menu-item-object-page menu-item-49215 tc-menu-item tc-menu-depth-1 tc-menu-align-left\"><a href=\"https:\/\/www.ing.una.py\/FIUNA3\/?page_id=35028\" class=\"elementor-sub-item\" tabindex=\"-1\" class=\"tc-menu-inner tc-megamenu-title\">Concursos 2019<\/a><\/li>\n\t<li class=\"menu-item menu-item-type-post_type menu-item-object-page menu-item-49216 tc-menu-item tc-menu-depth-1 tc-menu-align-left\"><a href=\"https:\/\/www.ing.una.py\/FIUNA3\/?page_id=29163\" class=\"elementor-sub-item\" tabindex=\"-1\" class=\"tc-menu-inner tc-megamenu-title\">Concursos 2018<\/a><\/li>\n\t<li class=\"menu-item menu-item-type-post_type menu-item-object-page menu-item-49217 tc-menu-item tc-menu-depth-1 tc-menu-align-left\"><a href=\"https:\/\/www.ing.una.py\/FIUNA3\/?page_id=23264\" class=\"elementor-sub-item\" tabindex=\"-1\" class=\"tc-menu-inner tc-megamenu-title\">Concursos 2017<\/a><\/li>\n\t<li class=\"menu-item menu-item-type-post_type menu-item-object-page menu-item-49218 tc-menu-item tc-menu-depth-1 tc-menu-align-left\"><a href=\"https:\/\/www.ing.una.py\/FIUNA3\/?page_id=19756\" class=\"elementor-sub-item\" tabindex=\"-1\" class=\"tc-menu-inner tc-megamenu-title\">Concursos 2016<\/a><\/li>\n<\/ul><!-- End wrapper ul sub -->\n<\/li>\n<li class=\"menu-item menu-item-type-post_type menu-item-object-page menu-item-49266 tc-menu-item tc-menu-depth-0 tc-menu-align-left tc-menu-layout-default\"><a href=\"https:\/\/www.ing.una.py\/FIUNA3\/?page_id=49260\" class=\"elementor-item\" tabindex=\"-1\" class=\"tc-menu-inner\">Coordinaci\u00f3n Operativa SICCA<\/a><\/li>\n<\/ul>\t\t\t<\/nav>\n\t\t\t\t\t\t<\/div>\n\t\t\t\t\t<\/div>\n\t\t<\/div>\n\t\t\t\t\t<\/div>\n\t\t<\/section>\n\t\t\t\t<\/div>\n\t\t","protected":false},"excerpt":{"rendered":"<p>Jubilaci\u00f3n Ordinaria GTH Objetivo El objetivo del presente Manual de Procedimientos es presentar, describir y establecer los procedimientos y condiciones requeridas de acuerdo a las Reglamentaciones vigentes para el inicio de la jubilaci\u00f3n ordinaria Procedimientos de inicio de Jubilaci\u00f3n Ordinaria Solicitar Constancia de Legajo en la o las unidades acad\u00e9micas donde presta servicios y en el Rectorado. Facultad de Ingenier\u00eda: Por Nota dirigida al Decano, a ser presentado en Mesa de Entrada de la Secretaria, ubicada en el Bloque A del Campus de San Lorenzo, de lunes a viernes de 08:00 hs. a 14:00 hs. (con costo arancelario) o por &hellip; <\/p>\n","protected":false},"author":1,"featured_media":0,"parent":49177,"menu_order":0,"comment_status":"closed","ping_status":"open","template":"","meta":{"_bbp_topic_count":0,"_bbp_reply_count":0,"_bbp_total_topic_count":0,"_bbp_total_reply_count":0,"_bbp_voice_count":0,"_bbp_anonymous_reply_count":0,"_bbp_topic_count_hidden":0,"_bbp_reply_count_hidden":0,"_bbp_forum_subforum_count":0,"advanced_seo_description":"","jetpack_seo_html_title":"","jetpack_seo_noindex":false,"jetpack_post_was_ever_published":false,"footnotes":""},"class_list":["post-49188","page","type-page","status-publish","hentry"],"jetpack_shortlink":"https:\/\/wp.me\/Pc8Odv-cNm","jetpack_likes_enabled":true,"jetpack_sharing_enabled":true,"jetpack-related-posts":[],"_links":{"self":[{"href":"https:\/\/www.ing.una.py\/FIUNA3\/index.php?rest_route=\/wp\/v2\/pages\/49188","targetHints":{"allow":["GET"]}}],"collection":[{"href":"https:\/\/www.ing.una.py\/FIUNA3\/index.php?rest_route=\/wp\/v2\/pages"}],"about":[{"href":"https:\/\/www.ing.una.py\/FIUNA3\/index.php?rest_route=\/wp\/v2\/types\/page"}],"author":[{"embeddable":true,"href":"https:\/\/www.ing.una.py\/FIUNA3\/index.php?rest_route=\/wp\/v2\/users\/1"}],"replies":[{"embeddable":true,"href":"https:\/\/www.ing.una.py\/FIUNA3\/index.php?rest_route=%2Fwp%2Fv2%2Fcomments&post=49188"}],"version-history":[{"count":24,"href":"https:\/\/www.ing.una.py\/FIUNA3\/index.php?rest_route=\/wp\/v2\/pages\/49188\/revisions"}],"predecessor-version":[{"id":65586,"href":"https:\/\/www.ing.una.py\/FIUNA3\/index.php?rest_route=\/wp\/v2\/pages\/49188\/revisions\/65586"}],"up":[{"embeddable":true,"href":"https:\/\/www.ing.una.py\/FIUNA3\/index.php?rest_route=\/wp\/v2\/pages\/49177"}],"wp:attachment":[{"href":"https:\/\/www.ing.una.py\/FIUNA3\/index.php?rest_route=%2Fwp%2Fv2%2Fmedia&parent=49188"}],"curies":[{"name":"wp","href":"https:\/\/api.w.org\/{rel}","templated":true}]}}