{"id":5168,"date":"2013-05-29T16:53:11","date_gmt":"2013-05-29T16:53:11","guid":{"rendered":"http:\/\/www.ing.una.py\/?page_id=5168"},"modified":"2024-04-03T13:59:20","modified_gmt":"2024-04-03T17:59:20","slug":"votacion-para-slogan-del-buen-gobierno","status":"publish","type":"page","link":"https:\/\/www.ing.una.py\/FIUNA3\/?page_id=5168","title":{"rendered":"Votaci\u00f3n para Slogan del C\u00f3digo del Buen Gobierno"},"content":{"rendered":"\t\t<div data-elementor-type=\"wp-page\" data-elementor-id=\"5168\" class=\"elementor elementor-5168\" data-elementor-post-type=\"page\">\n\t\t\t\t\t\t<section class=\"elementor-section elementor-top-section elementor-element elementor-element-3433ff1 elementor-section-boxed elementor-section-height-default elementor-section-height-default\" data-id=\"3433ff1\" data-element_type=\"section\" data-e-type=\"section\">\n\t\t\t\t\t\t<div class=\"elementor-container elementor-column-gap-default\">\n\t\t\t\t\t<div class=\"elementor-column elementor-col-66 elementor-top-column elementor-element elementor-element-e63e9b7\" data-id=\"e63e9b7\" data-element_type=\"column\" data-e-type=\"column\">\n\t\t\t<div class=\"elementor-widget-wrap elementor-element-populated\">\n\t\t\t\t\t\t<div class=\"elementor-element elementor-element-3af7e1d elementor-widget thim-ekits-heading elementor-widget-thim-heading\" data-id=\"3af7e1d\" data-element_type=\"widget\" data-e-type=\"widget\" data-widget_type=\"thim-heading.default\">\n\t\t\t\t<div class=\"elementor-widget-container\">\n\t\t\t\t\t<div class=\"sc_heading\"><h2 class=\"title\">Votaci\u00f3n para Slogan <\/h2><div class=\"sub-heading\"><p>C\u00f3digo del Buen Gobierno<\/p>\n<\/div><span class=\"line\"><\/span><\/div>\t\t\t\t<\/div>\n\t\t\t\t<\/div>\n\t\t\t\t<div class=\"elementor-element elementor-element-ed0e5c8 elementor-widget elementor-widget-text-editor\" data-id=\"ed0e5c8\" data-element_type=\"widget\" data-e-type=\"widget\" data-widget_type=\"text-editor.default\">\n\t\t\t\t\t\t\t\t\t<table border=\"0\" width=\"100%\" cellspacing=\"2\" cellpadding=\"2\"><tbody><tr><td align=\"left\" bgcolor=\"#F2F2F2\" width=\"47%\"><h4>Objetivo de la encuesta<\/h4><\/td><td rowspan=\"8\" align=\"center\" valign=\"top\" width=\"50%\"><h4 style=\"text-align: center;\">El resultado ser\u00e1 presentado al Comit\u00e9 de \u00c9tica, para su formalizaci\u00f3n correspondiente<\/h4><\/td><\/tr><tr align=\"left\"><td>Determinar el slogan del C\u00f3digo del Buen Gobierno de la FIUNA<\/td><\/tr><tr align=\"left\"><td bgcolor=\"#F2F2F2\"><h4>Proceso de votaci\u00f3n<\/h4><\/td><\/tr><tr align=\"left\"><td><ul><li>Seleccionar la opci\u00f3n deseada<\/li><li>Aceptar con un click en el\u00a0bot\u00f3n\u00a0\u00abVote\u00bb<\/li><\/ul><\/td><\/tr><tr align=\"left\"><td bgcolor=\"#F2F2F2\"><h4>Fecha de inicio y cierre de votaci\u00f3n<\/h4><\/td><\/tr><tr align=\"left\"><td>Martes 11 de junio al martes 18 de junio del 2013<\/td><\/tr><tr align=\"left\"><td bgcolor=\"#F2F2F2\"><h4>Fecha de publicaci\u00f3n del resultado<\/h4><\/td><\/tr><tr align=\"left\"><td>Mi\u00e9rcoles\u00a019 de junio del 2013<\/td><\/tr><\/tbody><\/table>\t\t\t\t\t\t\t\t<\/div>\n\t\t\t\t<div class=\"elementor-element elementor-element-47c34fa elementor-widget elementor-widget-text-editor\" data-id=\"47c34fa\" data-element_type=\"widget\" data-e-type=\"widget\" data-widget_type=\"text-editor.default\">\n\t\t\t\t\t\t\t\t\t<h3>Resultado de la votaci\u00f3n del Slogan del C\u00f3digo del Buen Gobierno<\/h3><p><a href=\"https:\/\/i0.wp.com\/www.ing.una.py\/wp-content\/uploads\/2013\/05\/resultado-grafica.jpg\" target=\"_blank\" rel=\"noopener\" data-slb-active=\"1\" data-slb-asset=\"8431971\" data-slb-internal=\"0\" data-slb-group=\"5168\"><img loading=\"lazy\" decoding=\"async\" data-attachment-id=\"5452\" data-permalink=\"https:\/\/www.ing.una.py\/FIUNA3\/?attachment_id=5452\" data-orig-file=\"https:\/\/www.ing.una.py\/FIUNA3\/wp-content\/uploads\/2013\/05\/resultado-grafica.jpg\" data-orig-size=\"800,390\" data-comments-opened=\"1\" data-image-meta=\"{&quot;aperture&quot;:&quot;0&quot;,&quot;credit&quot;:&quot;&quot;,&quot;camera&quot;:&quot;&quot;,&quot;caption&quot;:&quot;&quot;,&quot;created_timestamp&quot;:&quot;0&quot;,&quot;copyright&quot;:&quot;&quot;,&quot;focal_length&quot;:&quot;0&quot;,&quot;iso&quot;:&quot;0&quot;,&quot;shutter_speed&quot;:&quot;0&quot;,&quot;title&quot;:&quot;&quot;,&quot;orientation&quot;:&quot;0&quot;}\" data-image-title=\"resultado-grafica\" data-image-description=\"&lt;p&gt;&lt;![CDATA[]]&gt;    \t&lt;\/p&gt;\n\" data-image-caption=\"\" data-large-file=\"https:\/\/www.ing.una.py\/FIUNA3\/wp-content\/uploads\/2013\/05\/resultado-grafica.jpg\" class=\"wp-image-5452 aligncenter jetpack-lazy-image jetpack-lazy-image--handled\" src=\"https:\/\/i0.wp.com\/www.ing.una.py\/wp-content\/uploads\/2013\/05\/resultado-grafica.jpg?resize=480%2C234\" sizes=\"auto, (max-width: 480px) 100vw, 480px\" srcset=\"https:\/\/i0.wp.com\/www.ing.una.py\/wp-content\/uploads\/2013\/05\/resultado-grafica.jpg?w=800 800w, https:\/\/i0.wp.com\/www.ing.una.py\/wp-content\/uploads\/2013\/05\/resultado-grafica.jpg?resize=300%2C146 300w, https:\/\/i0.wp.com\/www.ing.una.py\/wp-content\/uploads\/2013\/05\/resultado-grafica.jpg?resize=250%2C121 250w\" alt=\"Resultado de la votaci\u00f3n\" width=\"480\" height=\"234\" data-attachment-id=\"5452\" data-permalink=\"http:\/\/www.ing.una.py\/?attachment_id=5452\" data-orig-file=\"https:\/\/i0.wp.com\/www.ing.una.py\/wp-content\/uploads\/2013\/05\/resultado-grafica.jpg?fit=800%2C390\" data-orig-size=\"800,390\" data-comments-opened=\"1\" data-image-meta=\"{&quot;aperture&quot;:&quot;0&quot;,&quot;credit&quot;:&quot;&quot;,&quot;camera&quot;:&quot;&quot;,&quot;caption&quot;:&quot;&quot;,&quot;created_timestamp&quot;:&quot;0&quot;,&quot;copyright&quot;:&quot;&quot;,&quot;focal_length&quot;:&quot;0&quot;,&quot;iso&quot;:&quot;0&quot;,&quot;shutter_speed&quot;:&quot;0&quot;,&quot;title&quot;:&quot;&quot;}\" data-image-title=\"resultado-grafica\" data-image-description=\"\" data-medium-file=\"https:\/\/i0.wp.com\/www.ing.una.py\/wp-content\/uploads\/2013\/05\/resultado-grafica.jpg?fit=300%2C146\" data-large-file=\"https:\/\/i0.wp.com\/www.ing.una.py\/wp-content\/uploads\/2013\/05\/resultado-grafica.jpg?fit=800%2C390\" data-recalc-dims=\"1\" data-lazy-loaded=\"1\" \/><\/a><\/p><p><em><strong>Que es un Slogan?:<\/strong>\u00a0<\/em>se entiende como frase identificativa y como expresi\u00f3n repetitiva de una idea o de un prop\u00f3sito para resumirlo y representarlo en un dicho. Cuanto m\u00e1s corto sea, m\u00e1s f\u00e1cil resultar\u00e1 memorizarlo.<\/p><p>Debe contribuir al objetivo del mensaje y provocar una reacci\u00f3n favorable hacia aquello de lo que habla.<br \/>En realidad no busca otra respuesta que la aceptaci\u00f3n del producto y de la propuesta.<br \/>Un eslogan nunca debe suscitar la contra argumentaci\u00f3n, mucho menos irritar al p\u00fablico.<\/p><p><em><strong>El buen SLOGAN<\/strong><\/em><br \/>Es coherente con el producto<br \/>Tiene vigencia en el tiempo<br \/>Consigue la atenci\u00f3n inmediatamente<br \/>Utiliza un lenguaje com\u00fan<br \/>Es cre\u00edble<\/p>\t\t\t\t\t\t\t\t<\/div>\n\t\t\t\t\t<\/div>\n\t\t<\/div>\n\t\t\t\t<div class=\"elementor-column elementor-col-33 elementor-top-column elementor-element elementor-element-9c56dbb\" data-id=\"9c56dbb\" data-element_type=\"column\" data-e-type=\"column\">\n\t\t\t<div class=\"elementor-widget-wrap elementor-element-populated\">\n\t\t\t\t\t\t<div class=\"elementor-element elementor-element-ea50f0c elementor-widget elementor-widget-heading\" data-id=\"ea50f0c\" data-element_type=\"widget\" data-e-type=\"widget\" data-widget_type=\"heading.default\">\n\t\t\t\t\t<h3 class=\"elementor-heading-title elementor-size-default\">MECIP<\/h3>\t\t\t\t<\/div>\n\t\t\t\t<div class=\"elementor-element elementor-element-121966c elementor-nav-menu__align-start elementor-nav-menu--dropdown-mobile elementor-nav-menu__text-align-aside elementor-nav-menu--toggle elementor-nav-menu--burger elementor-widget elementor-widget-nav-menu\" data-id=\"121966c\" data-element_type=\"widget\" data-e-type=\"widget\" data-settings=\"{&quot;layout&quot;:&quot;vertical&quot;,&quot;_animation&quot;:&quot;none&quot;,&quot;submenu_icon&quot;:{&quot;value&quot;:&quot;&lt;svg class=\\&quot;fa-svg-chevron-down e-font-icon-svg e-fas-chevron-down\\&quot; viewBox=\\&quot;0 0 448 512\\&quot; xmlns=\\&quot;http:\\\/\\\/www.w3.org\\\/2000\\\/svg\\&quot;&gt;&lt;path d=\\&quot;M207.029 381.476L12.686 187.132c-9.373-9.373-9.373-24.569 0-33.941l22.667-22.667c9.357-9.357 24.522-9.375 33.901-.04L224 284.505l154.745-154.021c9.379-9.335 24.544-9.317 33.901.04l22.667 22.667c9.373 9.373 9.373 24.569 0 33.941L240.971 381.476c-9.373 9.372-24.569 9.372-33.942 0z\\&quot;&gt;&lt;\\\/path&gt;&lt;\\\/svg&gt;&quot;,&quot;library&quot;:&quot;fa-solid&quot;},&quot;toggle&quot;:&quot;burger&quot;}\" data-widget_type=\"nav-menu.default\">\n\t\t\t\t\t\t\t\t<nav aria-label=\"Men\u00fa\" class=\"elementor-nav-menu--main elementor-nav-menu__container elementor-nav-menu--layout-vertical e--pointer-background e--animation-fade\">\n\t\t\t\t<ul id=\"menu-1-121966c\" class=\"elementor-nav-menu sm-vertical\"><li class=\"menu-item menu-item-type-post_type menu-item-object-page menu-item-41379 tc-menu-item tc-menu-depth-0 tc-menu-align-left tc-menu-layout-default\"><a href=\"https:\/\/www.ing.una.py\/FIUNA3\/?page_id=429\" class=\"elementor-item\" class=\"tc-menu-inner\">Volver a Institucional<\/a><\/li>\n<li class=\"menu-item menu-item-type-post_type menu-item-object-page menu-item-38256 tc-menu-item tc-menu-depth-0 tc-menu-align-left tc-menu-layout-default\"><a href=\"https:\/\/www.ing.una.py\/FIUNA3\/?page_id=2694\" class=\"elementor-item\" class=\"tc-menu-inner\">Que es MECIP?<\/a><\/li>\n<li class=\"menu-item menu-item-type-post_type menu-item-object-page menu-item-38250 tc-menu-item tc-menu-depth-0 tc-menu-align-left tc-menu-layout-default\"><a href=\"https:\/\/www.ing.una.py\/FIUNA3\/?page_id=1970\" class=\"elementor-item\" class=\"tc-menu-inner\">Ambiente de Control<\/a><\/li>\n<li class=\"menu-item menu-item-type-post_type menu-item-object-page menu-item-38677 tc-menu-item tc-menu-depth-0 tc-menu-align-left tc-menu-layout-default\"><a href=\"https:\/\/www.ing.una.py\/FIUNA3\/?page_id=37920\" class=\"elementor-item\" class=\"tc-menu-inner\">Control de Planificaci\u00f3n<\/a><\/li>\n<li class=\"menu-item menu-item-type-post_type menu-item-object-page menu-item-62477 tc-menu-item tc-menu-depth-0 tc-menu-align-left tc-menu-layout-default\"><a href=\"https:\/\/www.ing.una.py\/FIUNA3\/?page_id=62450\" class=\"elementor-item\" class=\"tc-menu-inner\">Control de Implementaci\u00f3n<\/a><\/li>\n<li class=\"menu-item menu-item-type-post_type menu-item-object-page menu-item-38678 tc-menu-item tc-menu-depth-0 tc-menu-align-left tc-menu-layout-default\"><a href=\"https:\/\/www.ing.una.py\/FIUNA3\/?page_id=37925\" class=\"elementor-item\" class=\"tc-menu-inner\">Resoluciones CGR<\/a><\/li>\n<li class=\"menu-item menu-item-type-custom menu-item-object-custom menu-item-38675 tc-menu-item tc-menu-depth-0 tc-menu-align-left tc-menu-layout-default\"><a target=\"_blank\" href=\"http:\/\/www.ing.una.py\/mecip\/2019\/res-cgr-nro-377-16Normas_de_RequisitosMECIP.pdf\" class=\"elementor-item\" class=\"tc-menu-inner\">Normas de requisitos<\/a><\/li>\n<li class=\"menu-item menu-item-type-post_type menu-item-object-page menu-item-38443 tc-menu-item tc-menu-depth-0 tc-menu-align-left tc-menu-layout-default\"><a href=\"https:\/\/www.ing.una.py\/FIUNA3\/?page_id=18561\" class=\"elementor-item\" class=\"tc-menu-inner\">Estructura Organizacional Modelo Gesti\u00f3n de Procesos<\/a><\/li>\n<li class=\"menu-item menu-item-type-custom menu-item-object-custom menu-item-61931 tc-menu-item tc-menu-depth-0 tc-menu-align-left tc-menu-layout-default\"><a target=\"_blank\" href=\"https:\/\/www.ing.una.py\/Resoluciones2023\/Decano\/274_2023_Aprobaci%C3%B3n_de_macroprocesos.pdf\" class=\"elementor-item\" class=\"tc-menu-inner\">Mapa de Macroprocesos<\/a><\/li>\n<li class=\"menu-item menu-item-type-post_type menu-item-object-page menu-item-43083 tc-menu-item tc-menu-depth-0 tc-menu-align-left tc-menu-layout-default\"><a href=\"https:\/\/www.ing.una.py\/FIUNA3\/?page_id=28965\" class=\"elementor-item\" class=\"tc-menu-inner\">Oficina de Acceso a la Informaci\u00f3n P\u00fablica | FIUNA<\/a><\/li>\n<\/ul>\t\t\t<\/nav>\n\t\t\t\t\t<div class=\"elementor-menu-toggle\" role=\"button\" tabindex=\"0\" aria-label=\"Alternar men\u00fa\" aria-expanded=\"false\">\n\t\t\t<svg aria-hidden=\"true\" role=\"presentation\" class=\"elementor-menu-toggle__icon--open e-font-icon-svg e-eicon-menu-bar\" viewBox=\"0 0 1000 1000\" xmlns=\"http:\/\/www.w3.org\/2000\/svg\"><path d=\"M104 333H896C929 333 958 304 958 271S929 208 896 208H104C71 208 42 237 42 271S71 333 104 333ZM104 583H896C929 583 958 554 958 521S929 458 896 458H104C71 458 42 487 42 521S71 583 104 583ZM104 833H896C929 833 958 804 958 771S929 708 896 708H104C71 708 42 737 42 771S71 833 104 833Z\"><\/path><\/svg><svg aria-hidden=\"true\" role=\"presentation\" class=\"elementor-menu-toggle__icon--close e-font-icon-svg e-eicon-close\" viewBox=\"0 0 1000 1000\" xmlns=\"http:\/\/www.w3.org\/2000\/svg\"><path d=\"M742 167L500 408 258 167C246 154 233 150 217 150 196 150 179 158 167 167 154 179 150 196 150 212 150 229 154 242 171 254L408 500 167 742C138 771 138 800 167 829 196 858 225 858 254 829L496 587 738 829C750 842 767 846 783 846 800 846 817 842 829 829 842 817 846 804 846 783 846 767 842 750 829 737L588 500 833 258C863 229 863 200 833 171 804 137 775 137 742 167Z\"><\/path><\/svg>\t\t<\/div>\n\t\t\t\t\t<nav class=\"elementor-nav-menu--dropdown elementor-nav-menu__container\" aria-hidden=\"true\">\n\t\t\t\t<ul id=\"menu-2-121966c\" class=\"elementor-nav-menu sm-vertical\"><li class=\"menu-item menu-item-type-post_type menu-item-object-page menu-item-41379 tc-menu-item tc-menu-depth-0 tc-menu-align-left tc-menu-layout-default\"><a href=\"https:\/\/www.ing.una.py\/FIUNA3\/?page_id=429\" class=\"elementor-item\" tabindex=\"-1\" class=\"tc-menu-inner\">Volver a Institucional<\/a><\/li>\n<li class=\"menu-item menu-item-type-post_type menu-item-object-page menu-item-38256 tc-menu-item tc-menu-depth-0 tc-menu-align-left tc-menu-layout-default\"><a href=\"https:\/\/www.ing.una.py\/FIUNA3\/?page_id=2694\" class=\"elementor-item\" tabindex=\"-1\" class=\"tc-menu-inner\">Que es MECIP?<\/a><\/li>\n<li class=\"menu-item menu-item-type-post_type menu-item-object-page menu-item-38250 tc-menu-item tc-menu-depth-0 tc-menu-align-left tc-menu-layout-default\"><a href=\"https:\/\/www.ing.una.py\/FIUNA3\/?page_id=1970\" class=\"elementor-item\" tabindex=\"-1\" class=\"tc-menu-inner\">Ambiente de Control<\/a><\/li>\n<li class=\"menu-item menu-item-type-post_type menu-item-object-page menu-item-38677 tc-menu-item tc-menu-depth-0 tc-menu-align-left tc-menu-layout-default\"><a href=\"https:\/\/www.ing.una.py\/FIUNA3\/?page_id=37920\" class=\"elementor-item\" tabindex=\"-1\" class=\"tc-menu-inner\">Control de Planificaci\u00f3n<\/a><\/li>\n<li class=\"menu-item menu-item-type-post_type menu-item-object-page menu-item-62477 tc-menu-item tc-menu-depth-0 tc-menu-align-left tc-menu-layout-default\"><a href=\"https:\/\/www.ing.una.py\/FIUNA3\/?page_id=62450\" class=\"elementor-item\" tabindex=\"-1\" class=\"tc-menu-inner\">Control de Implementaci\u00f3n<\/a><\/li>\n<li class=\"menu-item menu-item-type-post_type menu-item-object-page menu-item-38678 tc-menu-item tc-menu-depth-0 tc-menu-align-left tc-menu-layout-default\"><a href=\"https:\/\/www.ing.una.py\/FIUNA3\/?page_id=37925\" class=\"elementor-item\" tabindex=\"-1\" class=\"tc-menu-inner\">Resoluciones CGR<\/a><\/li>\n<li class=\"menu-item menu-item-type-custom menu-item-object-custom menu-item-38675 tc-menu-item tc-menu-depth-0 tc-menu-align-left tc-menu-layout-default\"><a target=\"_blank\" href=\"http:\/\/www.ing.una.py\/mecip\/2019\/res-cgr-nro-377-16Normas_de_RequisitosMECIP.pdf\" class=\"elementor-item\" tabindex=\"-1\" class=\"tc-menu-inner\">Normas de requisitos<\/a><\/li>\n<li class=\"menu-item menu-item-type-post_type menu-item-object-page menu-item-38443 tc-menu-item tc-menu-depth-0 tc-menu-align-left tc-menu-layout-default\"><a href=\"https:\/\/www.ing.una.py\/FIUNA3\/?page_id=18561\" class=\"elementor-item\" tabindex=\"-1\" class=\"tc-menu-inner\">Estructura Organizacional Modelo Gesti\u00f3n de Procesos<\/a><\/li>\n<li class=\"menu-item menu-item-type-custom menu-item-object-custom menu-item-61931 tc-menu-item tc-menu-depth-0 tc-menu-align-left tc-menu-layout-default\"><a target=\"_blank\" href=\"https:\/\/www.ing.una.py\/Resoluciones2023\/Decano\/274_2023_Aprobaci%C3%B3n_de_macroprocesos.pdf\" class=\"elementor-item\" tabindex=\"-1\" class=\"tc-menu-inner\">Mapa de Macroprocesos<\/a><\/li>\n<li class=\"menu-item menu-item-type-post_type menu-item-object-page menu-item-43083 tc-menu-item tc-menu-depth-0 tc-menu-align-left tc-menu-layout-default\"><a href=\"https:\/\/www.ing.una.py\/FIUNA3\/?page_id=28965\" class=\"elementor-item\" tabindex=\"-1\" class=\"tc-menu-inner\">Oficina de Acceso a la Informaci\u00f3n P\u00fablica | FIUNA<\/a><\/li>\n<\/ul>\t\t\t<\/nav>\n\t\t\t\t\t\t<\/div>\n\t\t\t\t\t<\/div>\n\t\t<\/div>\n\t\t\t\t\t<\/div>\n\t\t<\/section>\n\t\t\t\t<\/div>\n\t\t","protected":false},"excerpt":{"rendered":"<p>Votaci\u00f3n para Slogan C\u00f3digo del Buen Gobierno Objetivo de la encuesta El resultado ser\u00e1 presentado al Comit\u00e9 de \u00c9tica, para su formalizaci\u00f3n correspondiente Determinar el slogan del C\u00f3digo del Buen Gobierno de la FIUNA Proceso de votaci\u00f3n Seleccionar la opci\u00f3n deseada Aceptar con un click en el\u00a0bot\u00f3n\u00a0\u00abVote\u00bb Fecha de inicio y cierre de votaci\u00f3n Martes 11 de junio al martes 18 de junio del 2013 Fecha de publicaci\u00f3n del resultado Mi\u00e9rcoles\u00a019 de junio del 2013 Resultado de la votaci\u00f3n del Slogan del C\u00f3digo del Buen Gobierno Que es un Slogan?:\u00a0se entiende como frase identificativa y como expresi\u00f3n repetitiva de una &hellip; <\/p>\n","protected":false},"author":1,"featured_media":0,"parent":2694,"menu_order":0,"comment_status":"closed","ping_status":"open","template":"","meta":{"_bbp_topic_count":0,"_bbp_reply_count":0,"_bbp_total_topic_count":0,"_bbp_total_reply_count":0,"_bbp_voice_count":0,"_bbp_anonymous_reply_count":0,"_bbp_topic_count_hidden":0,"_bbp_reply_count_hidden":0,"_bbp_forum_subforum_count":0,"advanced_seo_description":"","jetpack_seo_html_title":"","jetpack_seo_noindex":false,"footnotes":""},"class_list":["post-5168","page","type-page","status-publish","hentry"],"jetpack_shortlink":"https:\/\/wp.me\/Pc8Odv-1lm","jetpack_likes_enabled":true,"jetpack_sharing_enabled":true,"jetpack-related-posts":[],"_links":{"self":[{"href":"https:\/\/www.ing.una.py\/FIUNA3\/index.php?rest_route=\/wp\/v2\/pages\/5168","targetHints":{"allow":["GET"]}}],"collection":[{"href":"https:\/\/www.ing.una.py\/FIUNA3\/index.php?rest_route=\/wp\/v2\/pages"}],"about":[{"href":"https:\/\/www.ing.una.py\/FIUNA3\/index.php?rest_route=\/wp\/v2\/types\/page"}],"author":[{"embeddable":true,"href":"https:\/\/www.ing.una.py\/FIUNA3\/index.php?rest_route=\/wp\/v2\/users\/1"}],"replies":[{"embeddable":true,"href":"https:\/\/www.ing.una.py\/FIUNA3\/index.php?rest_route=%2Fwp%2Fv2%2Fcomments&post=5168"}],"version-history":[{"count":7,"href":"https:\/\/www.ing.una.py\/FIUNA3\/index.php?rest_route=\/wp\/v2\/pages\/5168\/revisions"}],"predecessor-version":[{"id":62374,"href":"https:\/\/www.ing.una.py\/FIUNA3\/index.php?rest_route=\/wp\/v2\/pages\/5168\/revisions\/62374"}],"up":[{"embeddable":true,"href":"https:\/\/www.ing.una.py\/FIUNA3\/index.php?rest_route=\/wp\/v2\/pages\/2694"}],"wp:attachment":[{"href":"https:\/\/www.ing.una.py\/FIUNA3\/index.php?rest_route=%2Fwp%2Fv2%2Fmedia&parent=5168"}],"curies":[{"name":"wp","href":"https:\/\/api.w.org\/{rel}","templated":true}]}}