{"id":53203,"date":"2021-11-25T14:43:25","date_gmt":"2021-11-25T17:43:25","guid":{"rendered":"http:\/\/www.ing.una.py\/FIUNA3\/?page_id=53203"},"modified":"2025-09-10T10:24:50","modified_gmt":"2025-09-10T13:24:50","slug":"director-y-coordinadores-dpto-de-ingenieria-civil-geografica-y-ambiental","status":"publish","type":"page","link":"https:\/\/www.ing.una.py\/FIUNA3\/?page_id=53203","title":{"rendered":"Director y Coordinadores \u2013 Dpto. de Ingenier\u00eda Civil, Geogr\u00e1fica y Ambiental"},"content":{"rendered":"\t\t<div data-elementor-type=\"wp-page\" data-elementor-id=\"53203\" class=\"elementor elementor-53203\" data-elementor-post-type=\"page\">\n\t\t\t\t\t\t<section class=\"elementor-section elementor-top-section elementor-element elementor-element-f26f723 elementor-section-boxed elementor-section-height-default elementor-section-height-default\" data-id=\"f26f723\" data-element_type=\"section\" data-e-type=\"section\">\n\t\t\t\t\t\t<div class=\"elementor-container elementor-column-gap-default\">\n\t\t\t\t\t<div class=\"elementor-column elementor-col-66 elementor-top-column elementor-element elementor-element-d1088b5\" data-id=\"d1088b5\" data-element_type=\"column\" data-e-type=\"column\">\n\t\t\t<div class=\"elementor-widget-wrap elementor-element-populated\">\n\t\t\t\t\t\t<div class=\"elementor-element elementor-element-a7040f0 elementor-widget thim-ekits-heading elementor-widget-thim-heading\" data-id=\"a7040f0\" data-element_type=\"widget\" data-e-type=\"widget\" data-widget_type=\"thim-heading.default\">\n\t\t\t\t<div class=\"elementor-widget-container\">\n\t\t\t\t\t<div class=\"sc_heading\"><h3 class=\"title\">Director y Coordinadores <\/h3><div class=\"sub-heading\"><p>Departamento de Ingenier\u00eda Civil y Geogr\u00e1fica y Ambiental<\/p>\n<\/div><span class=\"line\"><\/span><\/div>\t\t\t\t<\/div>\n\t\t\t\t<\/div>\n\t\t\t\t<div class=\"elementor-element elementor-element-41ce300 eael-infobox-shape-circle elementor-widget__width-initial eael-infobox-hover-img-shape-square elementor-widget elementor-widget-eael-info-box\" data-id=\"41ce300\" data-element_type=\"widget\" data-e-type=\"widget\" data-widget_type=\"eael-info-box.default\">\n\t\t\t\t\t        <div class=\"eael-infobox icon-on-left\">\n\t            <div class=\"infobox-icon\">\n\n                            <img decoding=\"async\" src=\"https:\/\/www.ing.una.py\/FIUNA3\/wp-content\/uploads\/2015\/11\/Segovia-Lohse-150x150.jpg\" alt=\"\">\n            \n            \n            \n        <\/div>\n            <div class=\"infobox-content\">\n                    <div class=\"infobox-title-section\">\n                <h2 class=\"title\">Prof. MSc. Ing. Hermann Rigoberto Segovia\u00a0Lohse<\/h2>            <\/div>\n            <div><p><span><b>Director del Departamento de Ingenier\u00eda Civil, Geogr\u00e1fica y Ambiental<\/b><\/span><\/p><\/div>        <\/div>\n            <\/div>\n\n\t\t\t\t\t\t<\/div>\n\t\t\t\t<div class=\"elementor-element elementor-element-c654d10 elementor-widget elementor-widget-text-editor\" data-id=\"c654d10\" data-element_type=\"widget\" data-e-type=\"widget\" data-widget_type=\"text-editor.default\">\n\t\t\t\t\t\t\t\t\t<p><b><span data-contrast=\"none\">Funciones<\/span><\/b><br \/><span data-contrast=\"none\">Coordinar y orientar el desarrollo de los contenidos de los Planes de Estudio, de la investigaci\u00f3n y de la extensi\u00f3n del Departamento a su cargo. Desarrollar actividades para la capacitaci\u00f3n continua a fin de garantizar la calidad de los docentes e impulsar su motivaci\u00f3n.<\/span><\/p>\t\t\t\t\t\t\t\t<\/div>\n\t\t\t\t<div class=\"elementor-element elementor-element-e1a84a5 elementor-widget-divider--view-line elementor-widget elementor-widget-divider\" data-id=\"e1a84a5\" data-element_type=\"widget\" data-e-type=\"widget\" data-widget_type=\"divider.default\">\n\t\t\t\t\t\t\t<div class=\"elementor-divider\">\n\t\t\t<span class=\"elementor-divider-separator\">\n\t\t\t\t\t\t<\/span>\n\t\t<\/div>\n\t\t\t\t\t\t<\/div>\n\t\t\t\t<div class=\"elementor-element elementor-element-094eae2 eael-infobox-shape-circle elementor-widget__width-initial eael-infobox-hover-img-shape-square elementor-widget elementor-widget-eael-info-box\" data-id=\"094eae2\" data-element_type=\"widget\" data-e-type=\"widget\" data-widget_type=\"eael-info-box.default\">\n\t\t\t\t\t        <div class=\"eael-infobox icon-on-left\">\n\t            <div class=\"infobox-icon\">\n\n                            <img decoding=\"async\" src=\"https:\/\/www.ing.una.py\/FIUNA3\/wp-content\/uploads\/2021\/11\/Balbuena.png-150x150.jpg\" alt=\"\">\n            \n            \n            \n        <\/div>\n            <div class=\"infobox-content\">\n                    <div class=\"infobox-title-section\">\n                <h2 class=\"title\">Prof. MSc. Ing. Pablina Balbuena Gim\u00e9nez<\/h2>            <\/div>\n            <div><p><b><span>Coordinador de Grado de Ingenier\u00eda Civil<\/span><\/b><\/p><\/div>        <\/div>\n            <\/div>\n\n\t\t\t\t\t\t<\/div>\n\t\t\t\t<div class=\"elementor-element elementor-element-76b60ad elementor-widget elementor-widget-text-editor\" data-id=\"76b60ad\" data-element_type=\"widget\" data-e-type=\"widget\" data-widget_type=\"text-editor.default\">\n\t\t\t\t\t\t\t\t\t<p><b><span data-contrast=\"none\">Funciones<\/span><\/b><br \/><span data-contrast=\"none\">Gestionar la actualizaci\u00f3n continua de los planes, los programas de estudios y el desarrollo de las l\u00edneas de\u00a0investigaci\u00f3n\u00a0as\u00ed como el desarrollo de las actividades de autoevaluaci\u00f3n permanente. Coordinar todas las actividades acad\u00e9micas de la Carrera.<\/span><\/p>\t\t\t\t\t\t\t\t<\/div>\n\t\t\t\t<div class=\"elementor-element elementor-element-ccf4de1 elementor-widget-divider--view-line elementor-widget elementor-widget-divider\" data-id=\"ccf4de1\" data-element_type=\"widget\" data-e-type=\"widget\" data-widget_type=\"divider.default\">\n\t\t\t\t\t\t\t<div class=\"elementor-divider\">\n\t\t\t<span class=\"elementor-divider-separator\">\n\t\t\t\t\t\t<\/span>\n\t\t<\/div>\n\t\t\t\t\t\t<\/div>\n\t\t\t\t<div class=\"elementor-element elementor-element-a9e6c4e eael-infobox-shape-circle elementor-widget__width-initial eael-infobox-hover-img-shape-square elementor-widget elementor-widget-eael-info-box\" data-id=\"a9e6c4e\" data-element_type=\"widget\" data-e-type=\"widget\" data-widget_type=\"eael-info-box.default\">\n\t\t\t\t\t        <div class=\"eael-infobox icon-on-left\">\n\t            <div class=\"infobox-icon\">\n\n                            <img decoding=\"async\" src=\"https:\/\/www.ing.una.py\/FIUNA3\/wp-content\/uploads\/2021\/11\/Alfonso-150x150.jpg\" alt=\"\">\n            \n            \n            \n        <\/div>\n            <div class=\"infobox-content\">\n                    <div class=\"infobox-title-section\">\n                <h2 class=\"title\">Prof. Ing. Oscar Daniel Alfonso Correa<\/h2>            <\/div>\n            <div><p><b><span>Coordinador de Grado de Ingenier\u00eda Geogr\u00e1fica y Ambiental<\/span><\/b><span><br \/><\/span><\/p><p>\u00a0<\/p><\/div>        <\/div>\n            <\/div>\n\n\t\t\t\t\t\t<\/div>\n\t\t\t\t<div class=\"elementor-element elementor-element-59c38ae elementor-widget elementor-widget-text-editor\" data-id=\"59c38ae\" data-element_type=\"widget\" data-e-type=\"widget\" data-widget_type=\"text-editor.default\">\n\t\t\t\t\t\t\t\t\t<p><b><span data-contrast=\"none\">Funciones<\/span><\/b><br \/><span data-contrast=\"none\">Gestionar la actualizaci\u00f3n continua de los planes, los programas de estudios y el desarrollo de las l\u00edneas de\u00a0investigaci\u00f3n\u00a0as\u00ed como el desarrollo de las actividades de autoevaluaci\u00f3n permanente. Coordinar todas las actividades acad\u00e9micas de la Carrera.<\/span><\/p>\t\t\t\t\t\t\t\t<\/div>\n\t\t\t\t<div class=\"elementor-element elementor-element-375ac08 elementor-widget-divider--view-line elementor-widget elementor-widget-divider\" data-id=\"375ac08\" data-element_type=\"widget\" data-e-type=\"widget\" data-widget_type=\"divider.default\">\n\t\t\t\t\t\t\t<div class=\"elementor-divider\">\n\t\t\t<span class=\"elementor-divider-separator\">\n\t\t\t\t\t\t<\/span>\n\t\t<\/div>\n\t\t\t\t\t\t<\/div>\n\t\t\t\t<div class=\"elementor-element elementor-element-7f165e0 eael-infobox-shape-circle elementor-widget__width-initial eael-infobox-hover-img-shape-square elementor-widget elementor-widget-eael-info-box\" data-id=\"7f165e0\" data-element_type=\"widget\" data-e-type=\"widget\" data-widget_type=\"eael-info-box.default\">\n\t\t\t\t\t        <div class=\"eael-infobox icon-on-left\">\n\t            <div class=\"infobox-icon\">\n\n                            <img decoding=\"async\" src=\"https:\/\/www.ing.una.py\/FIUNA3\/wp-content\/uploads\/2024\/05\/wehrle.png-150x150.jpg\" alt=\"\">\n            \n            \n            \n        <\/div>\n            <div class=\"infobox-content\">\n                    <div class=\"infobox-title-section\">\n                <h2 class=\"title\">Prof. Dr. Ing. Andr\u00e9s Teodoro Wehrle Mart\u00ednez<\/h2>            <\/div>\n            <div><p><b><span>Coordinador de Postgrado e Investigaci\u00f3n<\/span><\/b><\/p><\/div>        <\/div>\n            <\/div>\n\n\t\t\t\t\t\t<\/div>\n\t\t\t\t<div class=\"elementor-element elementor-element-40f8a8a elementor-widget elementor-widget-text-editor\" data-id=\"40f8a8a\" data-element_type=\"widget\" data-e-type=\"widget\" data-widget_type=\"text-editor.default\">\n\t\t\t\t\t\t\t\t\t<p><b><span data-contrast=\"none\">Funciones<\/span><\/b><br \/><span data-contrast=\"none\">Coordinar los programas de Postgrado del Departamento\u00a0en el \u00e1rea civil, geogr\u00e1fica y ambiental, as\u00ed como apoyar a los trabajos de investigaciones relacionadas al Departamento. Coordinaci\u00f3n de l\u00edneas de investigaci\u00f3n y colaboraci\u00f3n conjunta con Graduaci\u00f3n en temas de Trabajo Final de Grado relacionados a Proyectos de Investigaci\u00f3n.<\/span><span data-ccp-props=\"{\">\u00a0<\/span><\/p>\t\t\t\t\t\t\t\t<\/div>\n\t\t\t\t<div class=\"elementor-element elementor-element-f51515d elementor-widget-divider--view-line elementor-widget elementor-widget-divider\" data-id=\"f51515d\" data-element_type=\"widget\" data-e-type=\"widget\" data-widget_type=\"divider.default\">\n\t\t\t\t\t\t\t<div class=\"elementor-divider\">\n\t\t\t<span class=\"elementor-divider-separator\">\n\t\t\t\t\t\t<\/span>\n\t\t<\/div>\n\t\t\t\t\t\t<\/div>\n\t\t\t\t<div class=\"elementor-element elementor-element-369b0e6 eael-infobox-shape-circle elementor-widget__width-initial eael-infobox-hover-img-shape-square elementor-widget elementor-widget-eael-info-box\" data-id=\"369b0e6\" data-element_type=\"widget\" data-e-type=\"widget\" data-widget_type=\"eael-info-box.default\">\n\t\t\t\t\t        <div class=\"eael-infobox icon-on-left\">\n\t            <div class=\"infobox-icon\">\n\n                            <img decoding=\"async\" src=\"https:\/\/www.ing.una.py\/FIUNA3\/wp-content\/uploads\/2025\/09\/1-Magda-Karina-Loup-Gonzalez-001-scaled-e1757510455212.jpg\" alt=\"\">\n            \n            \n            \n        <\/div>\n            <div class=\"infobox-content\">\n                    <div class=\"infobox-title-section\">\n                <h2 class=\"title\">Prof.\u00a0 Mg. Ing. Magda Karina Loup Gonz\u00e1lez<\/h2>            <\/div>\n            <div><p><b><span>Coordinadora de Extensi\u00f3n<\/span><\/b><\/p><\/div>        <\/div>\n            <\/div>\n\n\t\t\t\t\t\t<\/div>\n\t\t\t\t<div class=\"elementor-element elementor-element-ab4521b elementor-widget elementor-widget-text-editor\" data-id=\"ab4521b\" data-element_type=\"widget\" data-e-type=\"widget\" data-widget_type=\"text-editor.default\">\n\t\t\t\t\t\t\t\t\t<p><b><span data-contrast=\"none\">Funciones<\/span><\/b><br \/><span data-contrast=\"none\">Representar al Departamento de Ingenier\u00eda Civil, Geogr\u00e1fica y Ambiental\u00a0en el \u00e1mbito de la Extensi\u00f3n. Promocionar y difundir las actividades de extensi\u00f3n desarrolladas por las Carreras. Gestionar la realizaci\u00f3n de las actividades de extensi\u00f3n previstas para las carreras con base en las l\u00edneas definidas para las mismas.<\/span><\/p>\t\t\t\t\t\t\t\t<\/div>\n\t\t\t\t<div class=\"elementor-element elementor-element-840c27b elementor-widget-divider--view-line elementor-widget elementor-widget-divider\" data-id=\"840c27b\" data-element_type=\"widget\" data-e-type=\"widget\" data-widget_type=\"divider.default\">\n\t\t\t\t\t\t\t<div class=\"elementor-divider\">\n\t\t\t<span class=\"elementor-divider-separator\">\n\t\t\t\t\t\t<\/span>\n\t\t<\/div>\n\t\t\t\t\t\t<\/div>\n\t\t\t\t<div class=\"elementor-element elementor-element-9903a47 eael-infobox-shape-circle elementor-widget__width-initial eael-infobox-hover-img-shape-square elementor-widget elementor-widget-eael-info-box\" data-id=\"9903a47\" data-element_type=\"widget\" data-e-type=\"widget\" data-widget_type=\"eael-info-box.default\">\n\t\t\t\t\t        <div class=\"eael-infobox icon-on-left\">\n\t            <div class=\"infobox-icon\">\n\n                            <img decoding=\"async\" src=\"https:\/\/www.ing.una.py\/FIUNA3\/wp-content\/uploads\/2021\/11\/Lopez.png-150x150.jpg\" alt=\"\">\n            \n            \n            \n        <\/div>\n            <div class=\"infobox-content\">\n                    <div class=\"infobox-title-section\">\n                <h2 class=\"title\">Prof.\u00a0MSc.\u00a0Ing. Alfredo Ram\u00f3n L\u00f3pez Fern\u00e1ndez<\/h2>            <\/div>\n            <div><p><b><span>Coordinador de Laboratorios<\/span><\/b><\/p><\/div>        <\/div>\n            <\/div>\n\n\t\t\t\t\t\t<\/div>\n\t\t\t\t<div class=\"elementor-element elementor-element-aa5824b elementor-widget elementor-widget-text-editor\" data-id=\"aa5824b\" data-element_type=\"widget\" data-e-type=\"widget\" data-widget_type=\"text-editor.default\">\n\t\t\t\t\t\t\t\t\t<p><b><span data-contrast=\"none\">Funciones<\/span><\/b><br \/><span data-contrast=\"none\">Programar y supervisar las actividades de los distintos laboratorios del departamento. Establecer pol\u00edticas, procedimientos y normas de tal forma que las tareas sean cumplidas de acuerdo a par\u00e1metros de calidad y seguridad.<\/span>\u00a0<\/p>\t\t\t\t\t\t\t\t<\/div>\n\t\t\t\t\t<\/div>\n\t\t<\/div>\n\t\t\t\t<div class=\"elementor-column elementor-col-33 elementor-top-column elementor-element elementor-element-54cfdf9\" data-id=\"54cfdf9\" data-element_type=\"column\" data-e-type=\"column\">\n\t\t\t<div class=\"elementor-widget-wrap elementor-element-populated\">\n\t\t\t\t\t\t<div class=\"elementor-element elementor-element-dc78f1e elementor-widget elementor-widget-heading\" data-id=\"dc78f1e\" data-element_type=\"widget\" data-e-type=\"widget\" data-widget_type=\"heading.default\">\n\t\t\t\t\t<h3 class=\"elementor-heading-title elementor-size-default\">Departamentos<\/h3>\t\t\t\t<\/div>\n\t\t\t\t<div class=\"elementor-element elementor-element-e6eb175 elementor-nav-menu__align-start elementor-nav-menu--dropdown-mobile elementor-nav-menu__text-align-aside elementor-nav-menu--toggle elementor-nav-menu--burger elementor-widget elementor-widget-nav-menu\" data-id=\"e6eb175\" data-element_type=\"widget\" data-e-type=\"widget\" data-settings=\"{&quot;layout&quot;:&quot;vertical&quot;,&quot;_animation&quot;:&quot;none&quot;,&quot;submenu_icon&quot;:{&quot;value&quot;:&quot;&lt;svg class=\\&quot;fa-svg-chevron-down e-font-icon-svg e-fas-chevron-down\\&quot; viewBox=\\&quot;0 0 448 512\\&quot; xmlns=\\&quot;http:\\\/\\\/www.w3.org\\\/2000\\\/svg\\&quot;&gt;&lt;path d=\\&quot;M207.029 381.476L12.686 187.132c-9.373-9.373-9.373-24.569 0-33.941l22.667-22.667c9.357-9.357 24.522-9.375 33.901-.04L224 284.505l154.745-154.021c9.379-9.335 24.544-9.317 33.901.04l22.667 22.667c9.373 9.373 9.373 24.569 0 33.941L240.971 381.476c-9.373 9.372-24.569 9.372-33.942 0z\\&quot;&gt;&lt;\\\/path&gt;&lt;\\\/svg&gt;&quot;,&quot;library&quot;:&quot;fa-solid&quot;},&quot;toggle&quot;:&quot;burger&quot;}\" data-widget_type=\"nav-menu.default\">\n\t\t\t\t\t\t\t\t<nav aria-label=\"Men\u00fa\" class=\"elementor-nav-menu--main elementor-nav-menu__container elementor-nav-menu--layout-vertical e--pointer-background e--animation-fade\">\n\t\t\t\t<ul id=\"menu-1-e6eb175\" class=\"elementor-nav-menu sm-vertical\"><li class=\"menu-item menu-item-type-post_type menu-item-object-page menu-item-42043 tc-menu-item tc-menu-depth-0 tc-menu-align-left tc-menu-layout-default\"><a href=\"https:\/\/www.ing.una.py\/FIUNA3\/?page_id=40678\" class=\"elementor-item\" class=\"tc-menu-inner\">Volver a Acad\u00e9mico<\/a><\/li>\n<li class=\"menu-item menu-item-type-post_type menu-item-object-page menu-item-40703 tc-menu-item tc-menu-depth-0 tc-menu-align-left tc-menu-layout-default\"><a href=\"https:\/\/www.ing.una.py\/FIUNA3\/?page_id=9816\" class=\"elementor-item\" class=\"tc-menu-inner\">Departamentos de la FIUNA<\/a><\/li>\n<li class=\"menu-item menu-item-type-post_type menu-item-object-page menu-item-38333 tc-menu-item tc-menu-depth-0 tc-menu-align-left tc-menu-layout-default\"><a href=\"https:\/\/www.ing.una.py\/FIUNA3\/?page_id=3505\" class=\"elementor-item\" class=\"tc-menu-inner\">Dpto. de Ing. Civil y Geogr\u00e1fica y Ambiental<\/a><\/li>\n<li class=\"menu-item menu-item-type-post_type menu-item-object-page menu-item-38340 tc-menu-item tc-menu-depth-0 tc-menu-align-left tc-menu-layout-default\"><a href=\"https:\/\/www.ing.una.py\/FIUNA3\/?page_id=673\" class=\"elementor-item\" class=\"tc-menu-inner\">Dpto. de Ingenier\u00eda Industrial<\/a><\/li>\n<li class=\"menu-item menu-item-type-post_type menu-item-object-page menu-item-38413 tc-menu-item tc-menu-depth-0 tc-menu-align-left tc-menu-layout-default\"><a href=\"https:\/\/www.ing.una.py\/FIUNA3\/?page_id=16544\" class=\"elementor-item\" class=\"tc-menu-inner\">Dpto. de Ing. Mec\u00e1nica y Electromec\u00e1nica<\/a><\/li>\n<li class=\"menu-item menu-item-type-post_type menu-item-object-page menu-item-38414 tc-menu-item tc-menu-depth-0 tc-menu-align-left tc-menu-layout-default\"><a href=\"https:\/\/www.ing.una.py\/FIUNA3\/?page_id=16550\" class=\"elementor-item\" class=\"tc-menu-inner\">Dpto. de Ing. Electr\u00f3nica y Mecatr\u00f3nica<\/a><\/li>\n<li class=\"menu-item menu-item-type-post_type menu-item-object-page menu-item-38334 tc-menu-item tc-menu-depth-0 tc-menu-align-left tc-menu-layout-default\"><a href=\"https:\/\/www.ing.una.py\/FIUNA3\/?page_id=601\" class=\"elementor-item\" class=\"tc-menu-inner\">Dpto. de Ciencias B\u00e1sicas<\/a><\/li>\n<\/ul>\t\t\t<\/nav>\n\t\t\t\t\t<div class=\"elementor-menu-toggle\" role=\"button\" tabindex=\"0\" aria-label=\"Alternar men\u00fa\" aria-expanded=\"false\">\n\t\t\t<svg aria-hidden=\"true\" role=\"presentation\" class=\"elementor-menu-toggle__icon--open e-font-icon-svg e-eicon-menu-bar\" viewBox=\"0 0 1000 1000\" xmlns=\"http:\/\/www.w3.org\/2000\/svg\"><path d=\"M104 333H896C929 333 958 304 958 271S929 208 896 208H104C71 208 42 237 42 271S71 333 104 333ZM104 583H896C929 583 958 554 958 521S929 458 896 458H104C71 458 42 487 42 521S71 583 104 583ZM104 833H896C929 833 958 804 958 771S929 708 896 708H104C71 708 42 737 42 771S71 833 104 833Z\"><\/path><\/svg><svg aria-hidden=\"true\" role=\"presentation\" class=\"elementor-menu-toggle__icon--close e-font-icon-svg e-eicon-close\" viewBox=\"0 0 1000 1000\" xmlns=\"http:\/\/www.w3.org\/2000\/svg\"><path d=\"M742 167L500 408 258 167C246 154 233 150 217 150 196 150 179 158 167 167 154 179 150 196 150 212 150 229 154 242 171 254L408 500 167 742C138 771 138 800 167 829 196 858 225 858 254 829L496 587 738 829C750 842 767 846 783 846 800 846 817 842 829 829 842 817 846 804 846 783 846 767 842 750 829 737L588 500 833 258C863 229 863 200 833 171 804 137 775 137 742 167Z\"><\/path><\/svg>\t\t<\/div>\n\t\t\t\t\t<nav class=\"elementor-nav-menu--dropdown elementor-nav-menu__container\" aria-hidden=\"true\">\n\t\t\t\t<ul id=\"menu-2-e6eb175\" class=\"elementor-nav-menu sm-vertical\"><li class=\"menu-item menu-item-type-post_type menu-item-object-page menu-item-42043 tc-menu-item tc-menu-depth-0 tc-menu-align-left tc-menu-layout-default\"><a href=\"https:\/\/www.ing.una.py\/FIUNA3\/?page_id=40678\" class=\"elementor-item\" tabindex=\"-1\" class=\"tc-menu-inner\">Volver a Acad\u00e9mico<\/a><\/li>\n<li class=\"menu-item menu-item-type-post_type menu-item-object-page menu-item-40703 tc-menu-item tc-menu-depth-0 tc-menu-align-left tc-menu-layout-default\"><a href=\"https:\/\/www.ing.una.py\/FIUNA3\/?page_id=9816\" class=\"elementor-item\" tabindex=\"-1\" class=\"tc-menu-inner\">Departamentos de la FIUNA<\/a><\/li>\n<li class=\"menu-item menu-item-type-post_type menu-item-object-page menu-item-38333 tc-menu-item tc-menu-depth-0 tc-menu-align-left tc-menu-layout-default\"><a href=\"https:\/\/www.ing.una.py\/FIUNA3\/?page_id=3505\" class=\"elementor-item\" tabindex=\"-1\" class=\"tc-menu-inner\">Dpto. de Ing. Civil y Geogr\u00e1fica y Ambiental<\/a><\/li>\n<li class=\"menu-item menu-item-type-post_type menu-item-object-page menu-item-38340 tc-menu-item tc-menu-depth-0 tc-menu-align-left tc-menu-layout-default\"><a href=\"https:\/\/www.ing.una.py\/FIUNA3\/?page_id=673\" class=\"elementor-item\" tabindex=\"-1\" class=\"tc-menu-inner\">Dpto. de Ingenier\u00eda Industrial<\/a><\/li>\n<li class=\"menu-item menu-item-type-post_type menu-item-object-page menu-item-38413 tc-menu-item tc-menu-depth-0 tc-menu-align-left tc-menu-layout-default\"><a href=\"https:\/\/www.ing.una.py\/FIUNA3\/?page_id=16544\" class=\"elementor-item\" tabindex=\"-1\" class=\"tc-menu-inner\">Dpto. de Ing. Mec\u00e1nica y Electromec\u00e1nica<\/a><\/li>\n<li class=\"menu-item menu-item-type-post_type menu-item-object-page menu-item-38414 tc-menu-item tc-menu-depth-0 tc-menu-align-left tc-menu-layout-default\"><a href=\"https:\/\/www.ing.una.py\/FIUNA3\/?page_id=16550\" class=\"elementor-item\" tabindex=\"-1\" class=\"tc-menu-inner\">Dpto. de Ing. Electr\u00f3nica y Mecatr\u00f3nica<\/a><\/li>\n<li class=\"menu-item menu-item-type-post_type menu-item-object-page menu-item-38334 tc-menu-item tc-menu-depth-0 tc-menu-align-left tc-menu-layout-default\"><a href=\"https:\/\/www.ing.una.py\/FIUNA3\/?page_id=601\" class=\"elementor-item\" tabindex=\"-1\" class=\"tc-menu-inner\">Dpto. de Ciencias B\u00e1sicas<\/a><\/li>\n<\/ul>\t\t\t<\/nav>\n\t\t\t\t\t\t<\/div>\n\t\t\t\t\t<\/div>\n\t\t<\/div>\n\t\t\t\t\t<\/div>\n\t\t<\/section>\n\t\t\t\t<\/div>\n\t\t","protected":false},"excerpt":{"rendered":"<p>Director y Coordinadores Departamento de Ingenier\u00eda Civil y Geogr\u00e1fica y Ambiental Prof. MSc. Ing. Hermann Rigoberto Segovia\u00a0Lohse Director del Departamento de Ingenier\u00eda Civil, Geogr\u00e1fica y Ambiental FuncionesCoordinar y orientar el desarrollo de los contenidos de los Planes de Estudio, de la investigaci\u00f3n y de la extensi\u00f3n del Departamento a su cargo. Desarrollar actividades para la capacitaci\u00f3n continua a fin de garantizar la calidad de los docentes e impulsar su motivaci\u00f3n. Prof. MSc. Ing. Pablina Balbuena Gim\u00e9nez Coordinador de Grado de Ingenier\u00eda Civil FuncionesGestionar la actualizaci\u00f3n continua de los planes, los programas de estudios y el desarrollo de las l\u00edneas de\u00a0investigaci\u00f3n\u00a0as\u00ed &hellip; <\/p>\n","protected":false},"author":1,"featured_media":0,"parent":3505,"menu_order":0,"comment_status":"closed","ping_status":"open","template":"","meta":{"_bbp_topic_count":0,"_bbp_reply_count":0,"_bbp_total_topic_count":0,"_bbp_total_reply_count":0,"_bbp_voice_count":0,"_bbp_anonymous_reply_count":0,"_bbp_topic_count_hidden":0,"_bbp_reply_count_hidden":0,"_bbp_forum_subforum_count":0,"advanced_seo_description":"","jetpack_seo_html_title":"","jetpack_seo_noindex":false,"footnotes":""},"class_list":["post-53203","page","type-page","status-publish","hentry"],"jetpack_shortlink":"https:\/\/wp.me\/Pc8Odv-dQ7","jetpack_likes_enabled":true,"jetpack_sharing_enabled":true,"jetpack-related-posts":[],"_links":{"self":[{"href":"https:\/\/www.ing.una.py\/FIUNA3\/index.php?rest_route=\/wp\/v2\/pages\/53203","targetHints":{"allow":["GET"]}}],"collection":[{"href":"https:\/\/www.ing.una.py\/FIUNA3\/index.php?rest_route=\/wp\/v2\/pages"}],"about":[{"href":"https:\/\/www.ing.una.py\/FIUNA3\/index.php?rest_route=\/wp\/v2\/types\/page"}],"author":[{"embeddable":true,"href":"https:\/\/www.ing.una.py\/FIUNA3\/index.php?rest_route=\/wp\/v2\/users\/1"}],"replies":[{"embeddable":true,"href":"https:\/\/www.ing.una.py\/FIUNA3\/index.php?rest_route=%2Fwp%2Fv2%2Fcomments&post=53203"}],"version-history":[{"count":98,"href":"https:\/\/www.ing.una.py\/FIUNA3\/index.php?rest_route=\/wp\/v2\/pages\/53203\/revisions"}],"predecessor-version":[{"id":81103,"href":"https:\/\/www.ing.una.py\/FIUNA3\/index.php?rest_route=\/wp\/v2\/pages\/53203\/revisions\/81103"}],"up":[{"embeddable":true,"href":"https:\/\/www.ing.una.py\/FIUNA3\/index.php?rest_route=\/wp\/v2\/pages\/3505"}],"wp:attachment":[{"href":"https:\/\/www.ing.una.py\/FIUNA3\/index.php?rest_route=%2Fwp%2Fv2%2Fmedia&parent=53203"}],"curies":[{"name":"wp","href":"https:\/\/api.w.org\/{rel}","templated":true}]}}