{"id":54320,"date":"2022-01-20T14:32:31","date_gmt":"2022-01-20T17:32:31","guid":{"rendered":"http:\/\/www.ing.una.py\/FIUNA3\/?page_id=54320"},"modified":"2025-11-20T10:05:05","modified_gmt":"2025-11-20T13:05:05","slug":"beca-de-grado-del-rectorado-una","status":"publish","type":"page","link":"https:\/\/www.ing.una.py\/FIUNA3\/?page_id=54320","title":{"rendered":"Becas de la UNA"},"content":{"rendered":"\t\t<div data-elementor-type=\"wp-page\" data-elementor-id=\"54320\" class=\"elementor elementor-54320\" data-elementor-post-type=\"page\">\n\t\t\t\t\t\t<section class=\"elementor-section elementor-top-section elementor-element elementor-element-f712bda elementor-section-boxed elementor-section-height-default elementor-section-height-default\" data-id=\"f712bda\" data-element_type=\"section\" data-e-type=\"section\">\n\t\t\t\t\t\t<div class=\"elementor-container elementor-column-gap-default\">\n\t\t\t\t\t<div class=\"elementor-column elementor-col-66 elementor-top-column elementor-element elementor-element-0e7d165\" data-id=\"0e7d165\" data-element_type=\"column\" data-e-type=\"column\">\n\t\t\t<div class=\"elementor-widget-wrap elementor-element-populated\">\n\t\t\t\t\t\t<div class=\"elementor-element elementor-element-49e8236 elementor-widget thim-ekits-heading elementor-widget-thim-heading\" data-id=\"49e8236\" data-element_type=\"widget\" data-e-type=\"widget\" data-widget_type=\"thim-heading.default\">\n\t\t\t\t<div class=\"elementor-widget-container\">\n\t\t\t\t\t<div class=\"sc_heading\"><h2 class=\"title\">Becas de la  <span class=\"thim-color\">UNA<\/span><\/h2><span class=\"line\"><\/span><\/div>\t\t\t\t<\/div>\n\t\t\t\t<\/div>\n\t\t\t\t<div class=\"elementor-element elementor-element-eeac855 elementor-widget elementor-widget-text-editor\" data-id=\"eeac855\" data-element_type=\"widget\" data-e-type=\"widget\" data-widget_type=\"text-editor.default\">\n\t\t\t\t\t\t\t\t\t<h4>\u00bfC\u00f3mo y donde solicitar?<\/h4><p><strong>La Facultad de Ingenier\u00eda de la Universidad Nacional de Asunci\u00f3n (FIUNA)<\/strong>\u00a0informar\u00e1 a trav\u00e9s de sus canales oficiales las fechas (normalmente entre febrero y marzo) cu\u00e1ndo se habilitar\u00e1 el periodo de recepci\u00f3n de solicitudes para postularse a las \u201cBecas de Grado del Rectorado de la UNA\u201d del a\u00f1o lectivo correspondiente.<\/p><p>Los estudiantes interesados deber\u00e1n necesariamente completar el formulario:\u00a0\u201cPostulaci\u00f3n de estudiantes a Becas del Rectorado 202X\u201d,\u00a0que se encuentra en la\u00a0Plataforma de la Direcci\u00f3n Acad\u00e9mica\u00a0\u00abe-Aula\u00bb,\u00a0y deber\u00e1n adjuntar en formato PDF, verificando de que hayan sido cargados correctamente en su totalidad, los siguientes documentos exigidos por el RECTORADO.<\/p><h4>Documentos exigidos<\/h4><ol><li>Constancia de matr\u00edcula del periodo acad\u00e9mico correspondiente, al momento de la solicitud (Escaneada).<\/li><li>Foto de C\u00e9dula de Identidad legible y vigente (Escaneada anverso y reverso).<\/li><li>Constancia de acreditaci\u00f3n de insolvencia econ\u00f3mica (Declaraci\u00f3n jurada del postulante, escaneada) (Ver modelo en la plataforma).<\/li><li>Constancia de no haber contado en el periodo acad\u00e9mico de su postulaci\u00f3n con otra beca, firmada por el postulante (Escaneada)(Ver modelo en la plataforma).<\/li><li><a href=\"https:\/\/eaula.ing.una.py\/login\/index.php\" target=\"_blank\" rel=\"noopener\">Completar correctamente el formulario<\/a><\/li><\/ol><p><strong>Obs:<\/strong> Modelos de\u00a0<a href=\"https:\/\/eaula.ing.una.py\/login\/index.php\" target=\"_blank\" rel=\"noopener\">declaraciones juradas<\/a>\u00a0que corresponde a los punto 3 y 4. Se encuentran tambi\u00e9n en el e-Aula en la secci\u00f3n de Direcci\u00f3n Acad\u00e9mica, en el apartado de carga de documentos.<\/p><p><strong>Los\u00a0\u00a0documentos que gestionar\u00e1 la FIUNA son:<\/strong><\/p><ul><li>Fotocopia del Certificado de Estudios (ficha de estudiante del sistema acad\u00e9mico de cada facultad firmada por el Secretario\/a de la Facultad).<\/li><li>Constancia de registrar un promedio no inferior al 70% o pertenecer al 25% de los mejores promedios en el periodo acad\u00e9mico inmediato anterior, en cada caso. Adem\u00e1s, haber cursado y aprobado un m\u00ednimo de materias igual al 50% de las desarrolladas en el mismo periodo. Para el caso de los ingresantes en su primera matriculaci\u00f3n, haber obtenido como m\u00ednimo, en los ex\u00e1menes de admisi\u00f3n un puntaje m\u00ednimo equivalente al 80% del total posible. (expedida por la Instituci\u00f3n).<\/li><\/ul>\t\t\t\t\t\t\t\t<\/div>\n\t\t\t\t<div class=\"elementor-element elementor-element-393e5ee elementor-alert-warning elementor-widget elementor-widget-alert\" data-id=\"393e5ee\" data-element_type=\"widget\" data-e-type=\"widget\" data-widget_type=\"alert.default\">\n\t\t\t\t\t\t\t<div class=\"elementor-alert\" role=\"alert\">\n\n\t\t\t\t\t\t<span class=\"elementor-alert-title\">Observaci\u00f3n<\/span>\n\t\t\t\n\t\t\t\t\t\t<span class=\"elementor-alert-description\">Se realizar\u00e1n adem\u00e1s las visitas y\/o entrevistas virtuales a los postulantes, que ser\u00e1n programadas una vez conclu\u00eddo el periodo de solicitudes.<\/span>\n\t\t\t\n\t\t\t\n\t\t<\/div>\n\t\t\t\t\t\t<\/div>\n\t\t\t\t\t<\/div>\n\t\t<\/div>\n\t\t\t\t<div class=\"elementor-column elementor-col-33 elementor-top-column elementor-element elementor-element-b409e4c\" data-id=\"b409e4c\" data-element_type=\"column\" data-e-type=\"column\">\n\t\t\t<div class=\"elementor-widget-wrap elementor-element-populated\">\n\t\t\t\t\t\t<div class=\"elementor-element elementor-element-51133a2 elementor-widget elementor-widget-heading\" data-id=\"51133a2\" data-element_type=\"widget\" data-e-type=\"widget\" data-widget_type=\"heading.default\">\n\t\t\t\t\t<h3 class=\"elementor-heading-title elementor-size-default\">DIRECCI\u00d3N ACAD\u00c9MICA<\/h3>\t\t\t\t<\/div>\n\t\t\t\t<div class=\"elementor-element elementor-element-7ceccb3 elementor-nav-menu__align-start elementor-nav-menu--dropdown-mobile elementor-nav-menu__text-align-aside elementor-nav-menu--toggle elementor-nav-menu--burger elementor-widget elementor-widget-nav-menu\" data-id=\"7ceccb3\" data-element_type=\"widget\" data-e-type=\"widget\" data-settings=\"{&quot;layout&quot;:&quot;vertical&quot;,&quot;_animation&quot;:&quot;none&quot;,&quot;submenu_icon&quot;:{&quot;value&quot;:&quot;&lt;svg class=\\&quot;fa-svg-chevron-down e-font-icon-svg e-fas-chevron-down\\&quot; viewBox=\\&quot;0 0 448 512\\&quot; xmlns=\\&quot;http:\\\/\\\/www.w3.org\\\/2000\\\/svg\\&quot;&gt;&lt;path d=\\&quot;M207.029 381.476L12.686 187.132c-9.373-9.373-9.373-24.569 0-33.941l22.667-22.667c9.357-9.357 24.522-9.375 33.901-.04L224 284.505l154.745-154.021c9.379-9.335 24.544-9.317 33.901.04l22.667 22.667c9.373 9.373 9.373 24.569 0 33.941L240.971 381.476c-9.373 9.372-24.569 9.372-33.942 0z\\&quot;&gt;&lt;\\\/path&gt;&lt;\\\/svg&gt;&quot;,&quot;library&quot;:&quot;fa-solid&quot;},&quot;toggle&quot;:&quot;burger&quot;}\" data-widget_type=\"nav-menu.default\">\n\t\t\t\t\t\t\t\t<nav aria-label=\"Men\u00fa\" class=\"elementor-nav-menu--main elementor-nav-menu__container elementor-nav-menu--layout-vertical e--pointer-background e--animation-fade\">\n\t\t\t\t<ul id=\"menu-1-7ceccb3\" class=\"elementor-nav-menu sm-vertical\"><li class=\"menu-item menu-item-type-post_type menu-item-object-page menu-item-41385 tc-menu-item tc-menu-depth-0 tc-menu-align-left tc-menu-layout-default\"><a href=\"https:\/\/www.ing.una.py\/FIUNA3\/?page_id=40678\" class=\"elementor-item\" class=\"tc-menu-inner\">Volver a Acad\u00e9mico<\/a><\/li>\n<li class=\"menu-item menu-item-type-post_type menu-item-object-page menu-item-38599 tc-menu-item tc-menu-depth-0 tc-menu-align-left tc-menu-layout-default\"><a href=\"https:\/\/www.ing.una.py\/FIUNA3\/?page_id=31429\" class=\"elementor-item\" class=\"tc-menu-inner\">Bienestar estudiantil<\/a><\/li>\n<li class=\"menu-item menu-item-type-post_type menu-item-object-page menu-item-54392 tc-menu-item tc-menu-depth-0 tc-menu-align-left tc-menu-layout-default\"><a href=\"https:\/\/www.ing.una.py\/FIUNA3\/?page_id=54371\" class=\"elementor-item\" class=\"tc-menu-inner\">Programa de Atenci\u00f3n al Estudiante \u2013 PAE<\/a><\/li>\n<li class=\"menu-item menu-item-type-post_type menu-item-object-page menu-item-54408 tc-menu-item tc-menu-depth-0 tc-menu-align-left tc-menu-layout-default\"><a href=\"https:\/\/www.ing.una.py\/FIUNA3\/?page_id=54396\" class=\"elementor-item\" class=\"tc-menu-inner\">Orientaci\u00f3n Psicol\u00f3gica<\/a><\/li>\n<li class=\"menu-item menu-item-type-post_type menu-item-object-page menu-item-63470 tc-menu-item tc-menu-depth-0 tc-menu-align-left tc-menu-layout-default\"><a href=\"https:\/\/www.ing.una.py\/FIUNA3\/?page_id=63468\" class=\"elementor-item\" class=\"tc-menu-inner\">Orientaci\u00f3n Psicopedag\u00f3gica<\/a><\/li>\n<li class=\"menu-item menu-item-type-post_type menu-item-object-page menu-item-63482 tc-menu-item tc-menu-depth-0 tc-menu-align-left tc-menu-layout-default\"><a href=\"https:\/\/www.ing.una.py\/FIUNA3\/?page_id=63477\" class=\"elementor-item\" class=\"tc-menu-inner\">Trabajo Social<\/a><\/li>\n<li class=\"menu-item menu-item-type-post_type menu-item-object-page menu-item-63494 tc-menu-item tc-menu-depth-0 tc-menu-align-left tc-menu-layout-default\"><a href=\"https:\/\/www.ing.una.py\/FIUNA3\/?page_id=63483\" class=\"elementor-item\" class=\"tc-menu-inner\">Asesor Acad\u00e9mico<\/a><\/li>\n<li class=\"menu-item menu-item-type-post_type menu-item-object-page menu-item-38600 tc-menu-item tc-menu-depth-0 tc-menu-align-left tc-menu-layout-default\"><a href=\"https:\/\/www.ing.una.py\/FIUNA3\/?page_id=16511\" class=\"elementor-item\" class=\"tc-menu-inner\">Becas de la FIUNA<\/a><\/li>\n<li class=\"menu-item menu-item-type-post_type menu-item-object-page menu-item-54338 tc-menu-item tc-menu-depth-0 tc-menu-align-left tc-menu-layout-default\"><a href=\"https:\/\/www.ing.una.py\/FIUNA3\/?page_id=54320\" class=\"elementor-item\" class=\"tc-menu-inner\">Becas de la UNA<\/a><\/li>\n<li class=\"menu-item menu-item-type-post_type menu-item-object-page menu-item-54416 tc-menu-item tc-menu-depth-0 tc-menu-align-left tc-menu-layout-default\"><a href=\"https:\/\/www.ing.una.py\/FIUNA3\/?page_id=54409\" class=\"elementor-item\" class=\"tc-menu-inner\">Residencia Universitaria de la FIUNA<\/a><\/li>\n<li class=\"menu-item menu-item-type-post_type menu-item-object-page menu-item-63534 tc-menu-item tc-menu-depth-0 tc-menu-align-left tc-menu-layout-default\"><a href=\"https:\/\/www.ing.una.py\/FIUNA3\/?page_id=7185\" class=\"elementor-item\" class=\"tc-menu-inner\">Pasant\u00edas<\/a><\/li>\n<li class=\"menu-item menu-item-type-post_type menu-item-object-page menu-item-63535 tc-menu-item tc-menu-depth-0 tc-menu-align-left tc-menu-layout-default\"><a href=\"https:\/\/www.ing.una.py\/FIUNA3\/?page_id=35022\" class=\"elementor-item\" class=\"tc-menu-inner\">Formularios de pasant\u00eda<\/a><\/li>\n<li class=\"menu-item menu-item-type-custom menu-item-object-custom menu-item-63536 tc-menu-item tc-menu-depth-0 tc-menu-align-left tc-menu-layout-default\"><a target=\"_blank\" href=\"https:\/\/docs.google.com\/spreadsheets\/d\/e\/2PACX-1vToBiWlO7sh-fALPjjJw5WY8xBBMQMeM1o-F8E9NzYZwGc05Qq_yfj3yO9J3-te-Q\/pubhtml?gid=1413260958&#038;single=true\" class=\"elementor-item\" class=\"tc-menu-inner\">Acuerdos vigentes<\/a><\/li>\n<\/ul>\t\t\t<\/nav>\n\t\t\t\t\t<div class=\"elementor-menu-toggle\" role=\"button\" tabindex=\"0\" aria-label=\"Alternar men\u00fa\" aria-expanded=\"false\">\n\t\t\t<svg aria-hidden=\"true\" role=\"presentation\" class=\"elementor-menu-toggle__icon--open e-font-icon-svg e-eicon-menu-bar\" viewBox=\"0 0 1000 1000\" xmlns=\"http:\/\/www.w3.org\/2000\/svg\"><path d=\"M104 333H896C929 333 958 304 958 271S929 208 896 208H104C71 208 42 237 42 271S71 333 104 333ZM104 583H896C929 583 958 554 958 521S929 458 896 458H104C71 458 42 487 42 521S71 583 104 583ZM104 833H896C929 833 958 804 958 771S929 708 896 708H104C71 708 42 737 42 771S71 833 104 833Z\"><\/path><\/svg><svg aria-hidden=\"true\" role=\"presentation\" class=\"elementor-menu-toggle__icon--close e-font-icon-svg e-eicon-close\" viewBox=\"0 0 1000 1000\" xmlns=\"http:\/\/www.w3.org\/2000\/svg\"><path d=\"M742 167L500 408 258 167C246 154 233 150 217 150 196 150 179 158 167 167 154 179 150 196 150 212 150 229 154 242 171 254L408 500 167 742C138 771 138 800 167 829 196 858 225 858 254 829L496 587 738 829C750 842 767 846 783 846 800 846 817 842 829 829 842 817 846 804 846 783 846 767 842 750 829 737L588 500 833 258C863 229 863 200 833 171 804 137 775 137 742 167Z\"><\/path><\/svg>\t\t<\/div>\n\t\t\t\t\t<nav class=\"elementor-nav-menu--dropdown elementor-nav-menu__container\" aria-hidden=\"true\">\n\t\t\t\t<ul id=\"menu-2-7ceccb3\" class=\"elementor-nav-menu sm-vertical\"><li class=\"menu-item menu-item-type-post_type menu-item-object-page menu-item-41385 tc-menu-item tc-menu-depth-0 tc-menu-align-left tc-menu-layout-default\"><a href=\"https:\/\/www.ing.una.py\/FIUNA3\/?page_id=40678\" class=\"elementor-item\" tabindex=\"-1\" class=\"tc-menu-inner\">Volver a Acad\u00e9mico<\/a><\/li>\n<li class=\"menu-item menu-item-type-post_type menu-item-object-page menu-item-38599 tc-menu-item tc-menu-depth-0 tc-menu-align-left tc-menu-layout-default\"><a href=\"https:\/\/www.ing.una.py\/FIUNA3\/?page_id=31429\" class=\"elementor-item\" tabindex=\"-1\" class=\"tc-menu-inner\">Bienestar estudiantil<\/a><\/li>\n<li class=\"menu-item menu-item-type-post_type menu-item-object-page menu-item-54392 tc-menu-item tc-menu-depth-0 tc-menu-align-left tc-menu-layout-default\"><a href=\"https:\/\/www.ing.una.py\/FIUNA3\/?page_id=54371\" class=\"elementor-item\" tabindex=\"-1\" class=\"tc-menu-inner\">Programa de Atenci\u00f3n al Estudiante \u2013 PAE<\/a><\/li>\n<li class=\"menu-item menu-item-type-post_type menu-item-object-page menu-item-54408 tc-menu-item tc-menu-depth-0 tc-menu-align-left tc-menu-layout-default\"><a href=\"https:\/\/www.ing.una.py\/FIUNA3\/?page_id=54396\" class=\"elementor-item\" tabindex=\"-1\" class=\"tc-menu-inner\">Orientaci\u00f3n Psicol\u00f3gica<\/a><\/li>\n<li class=\"menu-item menu-item-type-post_type menu-item-object-page menu-item-63470 tc-menu-item tc-menu-depth-0 tc-menu-align-left tc-menu-layout-default\"><a href=\"https:\/\/www.ing.una.py\/FIUNA3\/?page_id=63468\" class=\"elementor-item\" tabindex=\"-1\" class=\"tc-menu-inner\">Orientaci\u00f3n Psicopedag\u00f3gica<\/a><\/li>\n<li class=\"menu-item menu-item-type-post_type menu-item-object-page menu-item-63482 tc-menu-item tc-menu-depth-0 tc-menu-align-left tc-menu-layout-default\"><a href=\"https:\/\/www.ing.una.py\/FIUNA3\/?page_id=63477\" class=\"elementor-item\" tabindex=\"-1\" class=\"tc-menu-inner\">Trabajo Social<\/a><\/li>\n<li class=\"menu-item menu-item-type-post_type menu-item-object-page menu-item-63494 tc-menu-item tc-menu-depth-0 tc-menu-align-left tc-menu-layout-default\"><a href=\"https:\/\/www.ing.una.py\/FIUNA3\/?page_id=63483\" class=\"elementor-item\" tabindex=\"-1\" class=\"tc-menu-inner\">Asesor Acad\u00e9mico<\/a><\/li>\n<li class=\"menu-item menu-item-type-post_type menu-item-object-page menu-item-38600 tc-menu-item tc-menu-depth-0 tc-menu-align-left tc-menu-layout-default\"><a href=\"https:\/\/www.ing.una.py\/FIUNA3\/?page_id=16511\" class=\"elementor-item\" tabindex=\"-1\" class=\"tc-menu-inner\">Becas de la FIUNA<\/a><\/li>\n<li class=\"menu-item menu-item-type-post_type menu-item-object-page menu-item-54338 tc-menu-item tc-menu-depth-0 tc-menu-align-left tc-menu-layout-default\"><a href=\"https:\/\/www.ing.una.py\/FIUNA3\/?page_id=54320\" class=\"elementor-item\" tabindex=\"-1\" class=\"tc-menu-inner\">Becas de la UNA<\/a><\/li>\n<li class=\"menu-item menu-item-type-post_type menu-item-object-page menu-item-54416 tc-menu-item tc-menu-depth-0 tc-menu-align-left tc-menu-layout-default\"><a href=\"https:\/\/www.ing.una.py\/FIUNA3\/?page_id=54409\" class=\"elementor-item\" tabindex=\"-1\" class=\"tc-menu-inner\">Residencia Universitaria de la FIUNA<\/a><\/li>\n<li class=\"menu-item menu-item-type-post_type menu-item-object-page menu-item-63534 tc-menu-item tc-menu-depth-0 tc-menu-align-left tc-menu-layout-default\"><a href=\"https:\/\/www.ing.una.py\/FIUNA3\/?page_id=7185\" class=\"elementor-item\" tabindex=\"-1\" class=\"tc-menu-inner\">Pasant\u00edas<\/a><\/li>\n<li class=\"menu-item menu-item-type-post_type menu-item-object-page menu-item-63535 tc-menu-item tc-menu-depth-0 tc-menu-align-left tc-menu-layout-default\"><a href=\"https:\/\/www.ing.una.py\/FIUNA3\/?page_id=35022\" class=\"elementor-item\" tabindex=\"-1\" class=\"tc-menu-inner\">Formularios de pasant\u00eda<\/a><\/li>\n<li class=\"menu-item menu-item-type-custom menu-item-object-custom menu-item-63536 tc-menu-item tc-menu-depth-0 tc-menu-align-left tc-menu-layout-default\"><a target=\"_blank\" href=\"https:\/\/docs.google.com\/spreadsheets\/d\/e\/2PACX-1vToBiWlO7sh-fALPjjJw5WY8xBBMQMeM1o-F8E9NzYZwGc05Qq_yfj3yO9J3-te-Q\/pubhtml?gid=1413260958&#038;single=true\" class=\"elementor-item\" tabindex=\"-1\" class=\"tc-menu-inner\">Acuerdos vigentes<\/a><\/li>\n<\/ul>\t\t\t<\/nav>\n\t\t\t\t\t\t<\/div>\n\t\t\t\t\t<\/div>\n\t\t<\/div>\n\t\t\t\t\t<\/div>\n\t\t<\/section>\n\t\t\t\t<section class=\"elementor-section elementor-top-section elementor-element elementor-element-b6429ea elementor-section-boxed elementor-section-height-default elementor-section-height-default\" data-id=\"b6429ea\" data-element_type=\"section\" data-e-type=\"section\">\n\t\t\t\t\t\t<div class=\"elementor-container elementor-column-gap-default\">\n\t\t\t\t\t<div class=\"elementor-column elementor-col-100 elementor-top-column elementor-element elementor-element-d7e926d\" data-id=\"d7e926d\" data-element_type=\"column\" data-e-type=\"column\">\n\t\t\t<div class=\"elementor-widget-wrap elementor-element-populated\">\n\t\t\t\t\t\t<div class=\"elementor-element elementor-element-ef887f1 elementor-widget-divider--separator-type-pattern elementor-widget-divider--view-line elementor-widget elementor-widget-divider\" data-id=\"ef887f1\" data-element_type=\"widget\" data-e-type=\"widget\" data-widget_type=\"divider.default\">\n\t\t\t\t\t\t\t<div class=\"elementor-divider\" style=\"--divider-pattern-url: url(&quot;data:image\/svg+xml,%3Csvg xmlns=&#039;http:\/\/www.w3.org\/2000\/svg&#039; preserveAspectRatio=&#039;none&#039; overflow=&#039;visible&#039; height=&#039;100%&#039; viewBox=&#039;0 0 20 16&#039; fill=&#039;none&#039; stroke=&#039;black&#039; stroke-width=&#039;1&#039; stroke-linecap=&#039;square&#039; stroke-miterlimit=&#039;10&#039;%3E%3Cg transform=&#039;translate(-12.000000, 0)&#039;%3E%3Cpath d=&#039;M28,0L10,18&#039;\/%3E%3Cpath d=&#039;M18,0L0,18&#039;\/%3E%3Cpath d=&#039;M48,0L30,18&#039;\/%3E%3Cpath d=&#039;M38,0L20,18&#039;\/%3E%3C\/g%3E%3C\/svg%3E&quot;);\">\n\t\t\t<span class=\"elementor-divider-separator\">\n\t\t\t\t\t\t<\/span>\n\t\t<\/div>\n\t\t\t\t\t\t<\/div>\n\t\t\t\t\t<\/div>\n\t\t<\/div>\n\t\t\t\t\t<\/div>\n\t\t<\/section>\n\t\t\t\t<section class=\"elementor-section elementor-top-section elementor-element elementor-element-2d6b5ab elementor-section-boxed elementor-section-height-default elementor-section-height-default\" data-id=\"2d6b5ab\" data-element_type=\"section\" data-e-type=\"section\">\n\t\t\t\t\t\t<div class=\"elementor-container elementor-column-gap-default\">\n\t\t\t\t\t<div class=\"elementor-column elementor-col-50 elementor-top-column elementor-element elementor-element-3230e68\" data-id=\"3230e68\" data-element_type=\"column\" data-e-type=\"column\">\n\t\t\t<div class=\"elementor-widget-wrap elementor-element-populated\">\n\t\t\t\t\t\t<div class=\"elementor-element elementor-element-c45f6bb elementor-widget elementor-widget-heading\" data-id=\"c45f6bb\" data-element_type=\"widget\" data-e-type=\"widget\" data-widget_type=\"heading.default\">\n\t\t\t\t\t<h2 class=\"elementor-heading-title elementor-size-default\">Responsable<\/h2>\t\t\t\t<\/div>\n\t\t\t\t<div class=\"elementor-element elementor-element-4998497 elementor-widget elementor-widget-text-editor\" data-id=\"4998497\" data-element_type=\"widget\" data-e-type=\"widget\" data-widget_type=\"text-editor.default\">\n\t\t\t\t\t\t\t\t\t<h4><strong>Mag. Leticia Moreno Montiel<\/strong><\/h4><p><strong>Jefa de secci\u00f3n de Becas<\/strong><br \/><a href=\"mailto:lmoreno@ing.una.py\" target=\"_blank\" rel=\"noopener\">lmoreno@ing.una.py<\/a><\/p><h4>Horario de atenci\u00f3n<\/h4><p>De lunes a viernes<br \/>De 8:00 a 14:00 hs<\/p>\t\t\t\t\t\t\t\t<\/div>\n\t\t\t\t\t<\/div>\n\t\t<\/div>\n\t\t\t\t<div class=\"elementor-column elementor-col-50 elementor-top-column elementor-element elementor-element-b6cd847\" data-id=\"b6cd847\" data-element_type=\"column\" data-e-type=\"column\">\n\t\t\t<div class=\"elementor-widget-wrap elementor-element-populated\">\n\t\t\t\t\t\t<div class=\"elementor-element elementor-element-a990fea elementor-widget elementor-widget-heading\" data-id=\"a990fea\" data-element_type=\"widget\" data-e-type=\"widget\" data-widget_type=\"heading.default\">\n\t\t\t\t\t<h2 class=\"elementor-heading-title elementor-size-default\">Ubicaci\u00f3n<\/h2>\t\t\t\t<\/div>\n\t\t\t\t<div class=\"elementor-element elementor-element-8482913 elementor-widget elementor-widget-text-editor\" data-id=\"8482913\" data-element_type=\"widget\" data-e-type=\"widget\" data-widget_type=\"text-editor.default\">\n\t\t\t\t\t\t\t\t\t<p>2\u00b0 piso del Edif. \u00abProf. Ing. Enzo Debernardi\u00bb de la FIUNA | Campus de la UNA, San Lorenzo<\/p>\t\t\t\t\t\t\t\t<\/div>\n\t\t\t\t<div class=\"elementor-element elementor-element-0ac6db6 elementor-widget elementor-widget-thim-google-map\" data-id=\"0ac6db6\" data-element_type=\"widget\" data-e-type=\"widget\" data-widget_type=\"thim-google-map.default\">\n\t\t\t\t<div class=\"elementor-widget-container\">\n\t\t\t\t\t<div class=\"thim-map-iframe\" style =\"height: 300px\"><iframe frameborder=\"0\" scrolling=\"no\" marginheight=\"0\" marginwidth=\"0\" src=\"https:\/\/maps.google.com\/maps?q=FIUNA%20San%20Lorenzo&amp;t=m&amp;z=12&amp;output=embed&amp;iwloc=near\" title=\"FIUNA San Lorenzo\" aria-label=\"FIUNA San Lorenzo\"><\/iframe><\/div>\t\t\t\t<\/div>\n\t\t\t\t<\/div>\n\t\t\t\t\t<\/div>\n\t\t<\/div>\n\t\t\t\t\t<\/div>\n\t\t<\/section>\n\t\t\t\t<\/div>\n\t\t","protected":false},"excerpt":{"rendered":"<p>Becas de la UNA &lt;h4&gt;\u00bfC\u00f3mo y donde solicitar?&lt;\/h4&gt;&lt;strong&gt;La Facultad de Ingenier\u00eda de la Universidad Nacional de Asunci\u00f3n (FIUNA)&lt;\/strong&gt;\u00a0informar\u00e1 a trav\u00e9s de sus canales oficiales las fechas (normalmente entre febrero y marzo) cu\u00e1ndo se habilitar\u00e1 el periodo de recepci\u00f3n de solicitudes para postularse a las \u201cBecas de Grado del Rectorado de la UNA\u201d del a\u00f1o lectivo correspondiente. Los estudiantes interesados deber\u00e1n necesariamente completar el formulario:\u00a0\u201cPostulaci\u00f3n de estudiantes a Becas del Rectorado 202X\u201d,\u00a0que se encuentra en la\u00a0Plataforma de la Direcci\u00f3n Acad\u00e9mica\u00a0\u00abe-Aula\u00bb,\u00a0y deber\u00e1n adjuntar en formato PDF, verificando de que hayan sido cargados correctamente en su totalidad, los siguientes documentos exigidos por el &hellip; <\/p>\n","protected":false},"author":1,"featured_media":0,"parent":40678,"menu_order":0,"comment_status":"closed","ping_status":"closed","template":"","meta":{"_bbp_topic_count":0,"_bbp_reply_count":0,"_bbp_total_topic_count":0,"_bbp_total_reply_count":0,"_bbp_voice_count":0,"_bbp_anonymous_reply_count":0,"_bbp_topic_count_hidden":0,"_bbp_reply_count_hidden":0,"_bbp_forum_subforum_count":0,"advanced_seo_description":"","jetpack_seo_html_title":"","jetpack_seo_noindex":false,"jetpack_post_was_ever_published":false,"footnotes":""},"class_list":["post-54320","page","type-page","status-publish","hentry"],"jetpack_shortlink":"https:\/\/wp.me\/Pc8Odv-e88","jetpack_likes_enabled":true,"jetpack_sharing_enabled":true,"jetpack-related-posts":[],"_links":{"self":[{"href":"https:\/\/www.ing.una.py\/FIUNA3\/index.php?rest_route=\/wp\/v2\/pages\/54320","targetHints":{"allow":["GET"]}}],"collection":[{"href":"https:\/\/www.ing.una.py\/FIUNA3\/index.php?rest_route=\/wp\/v2\/pages"}],"about":[{"href":"https:\/\/www.ing.una.py\/FIUNA3\/index.php?rest_route=\/wp\/v2\/types\/page"}],"author":[{"embeddable":true,"href":"https:\/\/www.ing.una.py\/FIUNA3\/index.php?rest_route=\/wp\/v2\/users\/1"}],"replies":[{"embeddable":true,"href":"https:\/\/www.ing.una.py\/FIUNA3\/index.php?rest_route=%2Fwp%2Fv2%2Fcomments&post=54320"}],"version-history":[{"count":21,"href":"https:\/\/www.ing.una.py\/FIUNA3\/index.php?rest_route=\/wp\/v2\/pages\/54320\/revisions"}],"predecessor-version":[{"id":82710,"href":"https:\/\/www.ing.una.py\/FIUNA3\/index.php?rest_route=\/wp\/v2\/pages\/54320\/revisions\/82710"}],"up":[{"embeddable":true,"href":"https:\/\/www.ing.una.py\/FIUNA3\/index.php?rest_route=\/wp\/v2\/pages\/40678"}],"wp:attachment":[{"href":"https:\/\/www.ing.una.py\/FIUNA3\/index.php?rest_route=%2Fwp%2Fv2%2Fmedia&parent=54320"}],"curies":[{"name":"wp","href":"https:\/\/api.w.org\/{rel}","templated":true}]}}