{"id":54409,"date":"2022-01-27T12:48:49","date_gmt":"2022-01-27T15:48:49","guid":{"rendered":"http:\/\/www.ing.una.py\/FIUNA3\/?page_id=54409"},"modified":"2025-05-20T09:10:10","modified_gmt":"2025-05-20T12:10:10","slug":"residencia-universitaria-de-la-fiuna","status":"publish","type":"page","link":"https:\/\/www.ing.una.py\/FIUNA3\/?page_id=54409","title":{"rendered":"Residencia Universitaria de la FIUNA"},"content":{"rendered":"\t\t<div data-elementor-type=\"wp-page\" data-elementor-id=\"54409\" class=\"elementor elementor-54409\" data-elementor-post-type=\"page\">\n\t\t\t\t\t\t<section class=\"elementor-section elementor-top-section elementor-element elementor-element-7e5133c elementor-section-boxed elementor-section-height-default elementor-section-height-default\" data-id=\"7e5133c\" data-element_type=\"section\" data-e-type=\"section\">\n\t\t\t\t\t\t<div class=\"elementor-container elementor-column-gap-default\">\n\t\t\t\t\t<div class=\"elementor-column elementor-col-66 elementor-top-column elementor-element elementor-element-d434637\" data-id=\"d434637\" data-element_type=\"column\" data-e-type=\"column\">\n\t\t\t<div class=\"elementor-widget-wrap elementor-element-populated\">\n\t\t\t\t\t\t<div class=\"elementor-element elementor-element-afdcba0 elementor-widget thim-ekits-heading elementor-widget-thim-heading\" data-id=\"afdcba0\" data-element_type=\"widget\" data-e-type=\"widget\" data-widget_type=\"thim-heading.default\">\n\t\t\t\t<div class=\"elementor-widget-container\">\n\t\t\t\t\t<div class=\"sc_heading\"><h2 class=\"title\">Residencia Universitaria  <span class=\"thim-color\">de la FIUNA<\/span><\/h2><span class=\"line\"><\/span><\/div>\t\t\t\t<\/div>\n\t\t\t\t<\/div>\n\t\t\t\t<div class=\"elementor-element elementor-element-6c34b42 elementor-widget elementor-widget-text-editor\" data-id=\"6c34b42\" data-element_type=\"widget\" data-e-type=\"widget\" data-widget_type=\"text-editor.default\">\n\t\t\t\t\t\t\t\t\t<p>Se denomina<strong> Residencia Universitaria de la Facultad de Ingenier\u00eda de la UNA (R.U.F.I)<\/strong><em> \u201cIng. Eduardo Kichi\u201d<\/em>, a las instalaciones destinadas para albergar a estudiantes vinculados a la FIUNA, conforme los requisitos establecidos. Se encuentra ubicado en el predio de la Sede Isla Bogado \u2013 Luque, Rep\u00fablica del Paraguay.<\/p><h4>Criterios de Admisi\u00f3n<\/h4><p>Se valorar\u00e1n las condiciones socioecon\u00f3micas, acad\u00e9micas y de lejan\u00eda respecto al domicilio familiar. Podr\u00e1n ser admitidos como residentes si hubiese disponibilidad, los que re\u00fanan los siguientes requisitos:<\/p><h4>Estudiantes Nacionales<\/h4><ol><li>Estar Inscripto\/a como alumno\/a de la Facultad de Ingenier\u00eda y\/o Bachillerato T\u00e9cnico de la FIUNA (Fotocopia de matr\u00edcula).<\/li><li>Ser ingresante. Tener Calificaci\u00f3n promedio m\u00ednimo del \u00faltimo periodo lectivo de 3 (tres), sin tener en cuenta los aplazos (A ser verificado en el sistema).<\/li><li>No ser egresado de una carrera universitaria.<\/li><li>Ser de escasos recursos econ\u00f3micos, debidamente comprobado mediante una verificaci\u00f3n socioecon\u00f3mica, cuya gesti\u00f3n estar\u00e1 a cargo del supervisor y cuya vigencia ser\u00e1 de dos ciclos acad\u00e9micos consecutivos a partir de su realizaci\u00f3n.<\/li><li>Presentar Certificado de vida y residencia.<\/li><li>Llenar el formulario de admisi\u00f3n y\/o re-admisi\u00f3n vigente.<\/li><li>Haber aprobaci\u00f3n la entrevista con el supervisor de la R.U.F.I. Esta entrevista tendr\u00e1 una vigencia de dos ciclos acad\u00e9micos consecutivos, contactos a partir de su realizaci\u00f3n.<\/li><li>Presentar Certificado de Vida y Residencia de los \u00faltimos 5 a\u00f1os.<\/li><\/ol><h4>Estudiantes de Intercambio<\/h4><ol><li>Ser estudiante de intercambio o de cualquier otra modalidad acad\u00e9mica resultante de los Convenios y Acuerdos de la FUNA con Universidades Nacionales o del Extranjero y que haya presentado los siguientes documentos:<\/li><li>Legajo de estudiante de Intercambio, refrendado por la Secretar\u00eda de la FIUNA, a efectos de registrar su residencia.<\/li><li>No padecer de ninguna enfermedad infecto-contagiosa, con certificado emitido por el pa\u00eds de origen, con una antig\u00fcedad m\u00e1xima de 30 d\u00edas.<\/li><li>Formulario de admisi\u00f3n y\/o readmisi\u00f3n vigente.<\/li><li>Resoluci\u00f3n como estudiante de Intercambio.<\/li><\/ol><h4>\u00bfC\u00f3mo solicitar el ingreso?<\/h4><p><strong>La Facultad de Ingenier\u00eda de la Universidad Nacional de Asunci\u00f3n (FIUNA)<\/strong> informar\u00e1 a trav\u00e9s de sus canales oficiales las fechas de habilitaci\u00f3n del periodo de presentaci\u00f3n de solicitudes para el acceso al albergue.<\/p><p>Los estudiantes interesados, deber\u00e1n necesariamente completar la encuesta que se habilitar\u00e1 en la Plataforma de la Direcci\u00f3n Acad\u00e9mica \u00abE-aula\u00bb, <strong><a href=\"https:\/\/eaula.ing.una.py\/\" target=\"_blank\" rel=\"noopener\">https:\/\/eaula.ing.una.py<\/a>,<\/strong> asimismo, adjuntar en formato PDF, verificando de que hayan sido cargados correctamente en su totalidad, los documentos exigidos para cada modalidad.<\/p><p><em>El presente art\u00edculo no se aplica a los estudiantes de Intercambio, quienes deber\u00e1n ce\u00f1irse a la Resoluci\u00f3n de admisi\u00f3n respectiva.<\/em><\/p>\t\t\t\t\t\t\t\t<\/div>\n\t\t\t\t\t<\/div>\n\t\t<\/div>\n\t\t\t\t<div class=\"elementor-column elementor-col-33 elementor-top-column elementor-element elementor-element-2128bd9\" data-id=\"2128bd9\" data-element_type=\"column\" data-e-type=\"column\">\n\t\t\t<div class=\"elementor-widget-wrap elementor-element-populated\">\n\t\t\t\t\t\t<div class=\"elementor-element elementor-element-a20e0ac elementor-widget elementor-widget-heading\" data-id=\"a20e0ac\" data-element_type=\"widget\" data-e-type=\"widget\" data-widget_type=\"heading.default\">\n\t\t\t\t\t<h3 class=\"elementor-heading-title elementor-size-default\">DIRECCI\u00d3N ACAD\u00c9MICA<\/h3>\t\t\t\t<\/div>\n\t\t\t\t<div class=\"elementor-element elementor-element-233f6f4 elementor-nav-menu__align-start elementor-nav-menu--dropdown-mobile elementor-nav-menu__text-align-aside elementor-nav-menu--toggle elementor-nav-menu--burger elementor-widget elementor-widget-nav-menu\" data-id=\"233f6f4\" data-element_type=\"widget\" data-e-type=\"widget\" data-settings=\"{&quot;layout&quot;:&quot;vertical&quot;,&quot;_animation&quot;:&quot;none&quot;,&quot;submenu_icon&quot;:{&quot;value&quot;:&quot;&lt;svg class=\\&quot;fa-svg-chevron-down e-font-icon-svg e-fas-chevron-down\\&quot; viewBox=\\&quot;0 0 448 512\\&quot; xmlns=\\&quot;http:\\\/\\\/www.w3.org\\\/2000\\\/svg\\&quot;&gt;&lt;path d=\\&quot;M207.029 381.476L12.686 187.132c-9.373-9.373-9.373-24.569 0-33.941l22.667-22.667c9.357-9.357 24.522-9.375 33.901-.04L224 284.505l154.745-154.021c9.379-9.335 24.544-9.317 33.901.04l22.667 22.667c9.373 9.373 9.373 24.569 0 33.941L240.971 381.476c-9.373 9.372-24.569 9.372-33.942 0z\\&quot;&gt;&lt;\\\/path&gt;&lt;\\\/svg&gt;&quot;,&quot;library&quot;:&quot;fa-solid&quot;},&quot;toggle&quot;:&quot;burger&quot;}\" data-widget_type=\"nav-menu.default\">\n\t\t\t\t\t\t\t\t<nav aria-label=\"Men\u00fa\" class=\"elementor-nav-menu--main elementor-nav-menu__container elementor-nav-menu--layout-vertical e--pointer-background e--animation-fade\">\n\t\t\t\t<ul id=\"menu-1-233f6f4\" class=\"elementor-nav-menu sm-vertical\"><li class=\"menu-item menu-item-type-post_type menu-item-object-page menu-item-41385 tc-menu-item tc-menu-depth-0 tc-menu-align-left tc-menu-layout-default\"><a href=\"https:\/\/www.ing.una.py\/FIUNA3\/?page_id=40678\" class=\"elementor-item\" class=\"tc-menu-inner\">Volver a Acad\u00e9mico<\/a><\/li>\n<li class=\"menu-item menu-item-type-post_type menu-item-object-page menu-item-38599 tc-menu-item tc-menu-depth-0 tc-menu-align-left tc-menu-layout-default\"><a href=\"https:\/\/www.ing.una.py\/FIUNA3\/?page_id=31429\" class=\"elementor-item\" class=\"tc-menu-inner\">Bienestar estudiantil<\/a><\/li>\n<li class=\"menu-item menu-item-type-post_type menu-item-object-page menu-item-54392 tc-menu-item tc-menu-depth-0 tc-menu-align-left tc-menu-layout-default\"><a href=\"https:\/\/www.ing.una.py\/FIUNA3\/?page_id=54371\" class=\"elementor-item\" class=\"tc-menu-inner\">Programa de Atenci\u00f3n al Estudiante \u2013 PAE<\/a><\/li>\n<li class=\"menu-item menu-item-type-post_type menu-item-object-page menu-item-54408 tc-menu-item tc-menu-depth-0 tc-menu-align-left tc-menu-layout-default\"><a href=\"https:\/\/www.ing.una.py\/FIUNA3\/?page_id=54396\" class=\"elementor-item\" class=\"tc-menu-inner\">Orientaci\u00f3n Psicol\u00f3gica<\/a><\/li>\n<li class=\"menu-item menu-item-type-post_type menu-item-object-page menu-item-63470 tc-menu-item tc-menu-depth-0 tc-menu-align-left tc-menu-layout-default\"><a href=\"https:\/\/www.ing.una.py\/FIUNA3\/?page_id=63468\" class=\"elementor-item\" class=\"tc-menu-inner\">Orientaci\u00f3n Psicopedag\u00f3gica<\/a><\/li>\n<li class=\"menu-item menu-item-type-post_type menu-item-object-page menu-item-63482 tc-menu-item tc-menu-depth-0 tc-menu-align-left tc-menu-layout-default\"><a href=\"https:\/\/www.ing.una.py\/FIUNA3\/?page_id=63477\" class=\"elementor-item\" class=\"tc-menu-inner\">Trabajo Social<\/a><\/li>\n<li class=\"menu-item menu-item-type-post_type menu-item-object-page menu-item-63494 tc-menu-item tc-menu-depth-0 tc-menu-align-left tc-menu-layout-default\"><a href=\"https:\/\/www.ing.una.py\/FIUNA3\/?page_id=63483\" class=\"elementor-item\" class=\"tc-menu-inner\">Asesor Acad\u00e9mico<\/a><\/li>\n<li class=\"menu-item menu-item-type-post_type menu-item-object-page menu-item-38600 tc-menu-item tc-menu-depth-0 tc-menu-align-left tc-menu-layout-default\"><a href=\"https:\/\/www.ing.una.py\/FIUNA3\/?page_id=16511\" class=\"elementor-item\" class=\"tc-menu-inner\">Becas de la FIUNA<\/a><\/li>\n<li class=\"menu-item menu-item-type-post_type menu-item-object-page menu-item-54338 tc-menu-item tc-menu-depth-0 tc-menu-align-left tc-menu-layout-default\"><a href=\"https:\/\/www.ing.una.py\/FIUNA3\/?page_id=54320\" class=\"elementor-item\" class=\"tc-menu-inner\">Becas de la UNA<\/a><\/li>\n<li class=\"menu-item menu-item-type-post_type menu-item-object-page menu-item-54416 tc-menu-item tc-menu-depth-0 tc-menu-align-left tc-menu-layout-default\"><a href=\"https:\/\/www.ing.una.py\/FIUNA3\/?page_id=54409\" class=\"elementor-item\" class=\"tc-menu-inner\">Residencia Universitaria de la FIUNA<\/a><\/li>\n<li class=\"menu-item menu-item-type-post_type menu-item-object-page menu-item-63534 tc-menu-item tc-menu-depth-0 tc-menu-align-left tc-menu-layout-default\"><a href=\"https:\/\/www.ing.una.py\/FIUNA3\/?page_id=7185\" class=\"elementor-item\" class=\"tc-menu-inner\">Pasant\u00edas<\/a><\/li>\n<li class=\"menu-item menu-item-type-post_type menu-item-object-page menu-item-63535 tc-menu-item tc-menu-depth-0 tc-menu-align-left tc-menu-layout-default\"><a href=\"https:\/\/www.ing.una.py\/FIUNA3\/?page_id=35022\" class=\"elementor-item\" class=\"tc-menu-inner\">Formularios de pasant\u00eda<\/a><\/li>\n<li class=\"menu-item menu-item-type-custom menu-item-object-custom menu-item-63536 tc-menu-item tc-menu-depth-0 tc-menu-align-left tc-menu-layout-default\"><a target=\"_blank\" href=\"https:\/\/docs.google.com\/spreadsheets\/d\/e\/2PACX-1vToBiWlO7sh-fALPjjJw5WY8xBBMQMeM1o-F8E9NzYZwGc05Qq_yfj3yO9J3-te-Q\/pubhtml?gid=1413260958&#038;single=true\" class=\"elementor-item\" class=\"tc-menu-inner\">Acuerdos vigentes<\/a><\/li>\n<\/ul>\t\t\t<\/nav>\n\t\t\t\t\t<div class=\"elementor-menu-toggle\" role=\"button\" tabindex=\"0\" aria-label=\"Alternar men\u00fa\" aria-expanded=\"false\">\n\t\t\t<svg aria-hidden=\"true\" role=\"presentation\" class=\"elementor-menu-toggle__icon--open e-font-icon-svg e-eicon-menu-bar\" viewBox=\"0 0 1000 1000\" xmlns=\"http:\/\/www.w3.org\/2000\/svg\"><path d=\"M104 333H896C929 333 958 304 958 271S929 208 896 208H104C71 208 42 237 42 271S71 333 104 333ZM104 583H896C929 583 958 554 958 521S929 458 896 458H104C71 458 42 487 42 521S71 583 104 583ZM104 833H896C929 833 958 804 958 771S929 708 896 708H104C71 708 42 737 42 771S71 833 104 833Z\"><\/path><\/svg><svg aria-hidden=\"true\" role=\"presentation\" class=\"elementor-menu-toggle__icon--close e-font-icon-svg e-eicon-close\" viewBox=\"0 0 1000 1000\" xmlns=\"http:\/\/www.w3.org\/2000\/svg\"><path d=\"M742 167L500 408 258 167C246 154 233 150 217 150 196 150 179 158 167 167 154 179 150 196 150 212 150 229 154 242 171 254L408 500 167 742C138 771 138 800 167 829 196 858 225 858 254 829L496 587 738 829C750 842 767 846 783 846 800 846 817 842 829 829 842 817 846 804 846 783 846 767 842 750 829 737L588 500 833 258C863 229 863 200 833 171 804 137 775 137 742 167Z\"><\/path><\/svg>\t\t<\/div>\n\t\t\t\t\t<nav class=\"elementor-nav-menu--dropdown elementor-nav-menu__container\" aria-hidden=\"true\">\n\t\t\t\t<ul id=\"menu-2-233f6f4\" class=\"elementor-nav-menu sm-vertical\"><li class=\"menu-item menu-item-type-post_type menu-item-object-page menu-item-41385 tc-menu-item tc-menu-depth-0 tc-menu-align-left tc-menu-layout-default\"><a href=\"https:\/\/www.ing.una.py\/FIUNA3\/?page_id=40678\" class=\"elementor-item\" tabindex=\"-1\" class=\"tc-menu-inner\">Volver a Acad\u00e9mico<\/a><\/li>\n<li class=\"menu-item menu-item-type-post_type menu-item-object-page menu-item-38599 tc-menu-item tc-menu-depth-0 tc-menu-align-left tc-menu-layout-default\"><a href=\"https:\/\/www.ing.una.py\/FIUNA3\/?page_id=31429\" class=\"elementor-item\" tabindex=\"-1\" class=\"tc-menu-inner\">Bienestar estudiantil<\/a><\/li>\n<li class=\"menu-item menu-item-type-post_type menu-item-object-page menu-item-54392 tc-menu-item tc-menu-depth-0 tc-menu-align-left tc-menu-layout-default\"><a href=\"https:\/\/www.ing.una.py\/FIUNA3\/?page_id=54371\" class=\"elementor-item\" tabindex=\"-1\" class=\"tc-menu-inner\">Programa de Atenci\u00f3n al Estudiante \u2013 PAE<\/a><\/li>\n<li class=\"menu-item menu-item-type-post_type menu-item-object-page menu-item-54408 tc-menu-item tc-menu-depth-0 tc-menu-align-left tc-menu-layout-default\"><a href=\"https:\/\/www.ing.una.py\/FIUNA3\/?page_id=54396\" class=\"elementor-item\" tabindex=\"-1\" class=\"tc-menu-inner\">Orientaci\u00f3n Psicol\u00f3gica<\/a><\/li>\n<li class=\"menu-item menu-item-type-post_type menu-item-object-page menu-item-63470 tc-menu-item tc-menu-depth-0 tc-menu-align-left tc-menu-layout-default\"><a href=\"https:\/\/www.ing.una.py\/FIUNA3\/?page_id=63468\" class=\"elementor-item\" tabindex=\"-1\" class=\"tc-menu-inner\">Orientaci\u00f3n Psicopedag\u00f3gica<\/a><\/li>\n<li class=\"menu-item menu-item-type-post_type menu-item-object-page menu-item-63482 tc-menu-item tc-menu-depth-0 tc-menu-align-left tc-menu-layout-default\"><a href=\"https:\/\/www.ing.una.py\/FIUNA3\/?page_id=63477\" class=\"elementor-item\" tabindex=\"-1\" class=\"tc-menu-inner\">Trabajo Social<\/a><\/li>\n<li class=\"menu-item menu-item-type-post_type menu-item-object-page menu-item-63494 tc-menu-item tc-menu-depth-0 tc-menu-align-left tc-menu-layout-default\"><a href=\"https:\/\/www.ing.una.py\/FIUNA3\/?page_id=63483\" class=\"elementor-item\" tabindex=\"-1\" class=\"tc-menu-inner\">Asesor Acad\u00e9mico<\/a><\/li>\n<li class=\"menu-item menu-item-type-post_type menu-item-object-page menu-item-38600 tc-menu-item tc-menu-depth-0 tc-menu-align-left tc-menu-layout-default\"><a href=\"https:\/\/www.ing.una.py\/FIUNA3\/?page_id=16511\" class=\"elementor-item\" tabindex=\"-1\" class=\"tc-menu-inner\">Becas de la FIUNA<\/a><\/li>\n<li class=\"menu-item menu-item-type-post_type menu-item-object-page menu-item-54338 tc-menu-item tc-menu-depth-0 tc-menu-align-left tc-menu-layout-default\"><a href=\"https:\/\/www.ing.una.py\/FIUNA3\/?page_id=54320\" class=\"elementor-item\" tabindex=\"-1\" class=\"tc-menu-inner\">Becas de la UNA<\/a><\/li>\n<li class=\"menu-item menu-item-type-post_type menu-item-object-page menu-item-54416 tc-menu-item tc-menu-depth-0 tc-menu-align-left tc-menu-layout-default\"><a href=\"https:\/\/www.ing.una.py\/FIUNA3\/?page_id=54409\" class=\"elementor-item\" tabindex=\"-1\" class=\"tc-menu-inner\">Residencia Universitaria de la FIUNA<\/a><\/li>\n<li class=\"menu-item menu-item-type-post_type menu-item-object-page menu-item-63534 tc-menu-item tc-menu-depth-0 tc-menu-align-left tc-menu-layout-default\"><a href=\"https:\/\/www.ing.una.py\/FIUNA3\/?page_id=7185\" class=\"elementor-item\" tabindex=\"-1\" class=\"tc-menu-inner\">Pasant\u00edas<\/a><\/li>\n<li class=\"menu-item menu-item-type-post_type menu-item-object-page menu-item-63535 tc-menu-item tc-menu-depth-0 tc-menu-align-left tc-menu-layout-default\"><a href=\"https:\/\/www.ing.una.py\/FIUNA3\/?page_id=35022\" class=\"elementor-item\" tabindex=\"-1\" class=\"tc-menu-inner\">Formularios de pasant\u00eda<\/a><\/li>\n<li class=\"menu-item menu-item-type-custom menu-item-object-custom menu-item-63536 tc-menu-item tc-menu-depth-0 tc-menu-align-left tc-menu-layout-default\"><a target=\"_blank\" href=\"https:\/\/docs.google.com\/spreadsheets\/d\/e\/2PACX-1vToBiWlO7sh-fALPjjJw5WY8xBBMQMeM1o-F8E9NzYZwGc05Qq_yfj3yO9J3-te-Q\/pubhtml?gid=1413260958&#038;single=true\" class=\"elementor-item\" tabindex=\"-1\" class=\"tc-menu-inner\">Acuerdos vigentes<\/a><\/li>\n<\/ul>\t\t\t<\/nav>\n\t\t\t\t\t\t<\/div>\n\t\t\t\t\t<\/div>\n\t\t<\/div>\n\t\t\t\t\t<\/div>\n\t\t<\/section>\n\t\t\t\t<section class=\"elementor-section elementor-top-section elementor-element elementor-element-ad2edb4 elementor-section-boxed elementor-section-height-default elementor-section-height-default\" data-id=\"ad2edb4\" data-element_type=\"section\" data-e-type=\"section\">\n\t\t\t\t\t\t<div class=\"elementor-container elementor-column-gap-default\">\n\t\t\t\t\t<div class=\"elementor-column elementor-col-100 elementor-top-column elementor-element elementor-element-9581b49\" data-id=\"9581b49\" data-element_type=\"column\" data-e-type=\"column\">\n\t\t\t<div class=\"elementor-widget-wrap elementor-element-populated\">\n\t\t\t\t\t\t<div class=\"elementor-element elementor-element-5e8a5ac elementor-widget-divider--view-line elementor-widget elementor-widget-divider\" data-id=\"5e8a5ac\" data-element_type=\"widget\" data-e-type=\"widget\" data-widget_type=\"divider.default\">\n\t\t\t\t\t\t\t<div class=\"elementor-divider\">\n\t\t\t<span class=\"elementor-divider-separator\">\n\t\t\t\t\t\t<\/span>\n\t\t<\/div>\n\t\t\t\t\t\t<\/div>\n\t\t\t\t\t<\/div>\n\t\t<\/div>\n\t\t\t\t\t<\/div>\n\t\t<\/section>\n\t\t\t\t<section class=\"elementor-section elementor-top-section elementor-element elementor-element-5545b7d elementor-section-boxed elementor-section-height-default elementor-section-height-default\" data-id=\"5545b7d\" data-element_type=\"section\" data-e-type=\"section\">\n\t\t\t\t\t\t<div class=\"elementor-container elementor-column-gap-default\">\n\t\t\t\t\t<div class=\"elementor-column elementor-col-50 elementor-top-column elementor-element elementor-element-dab0c0d\" data-id=\"dab0c0d\" data-element_type=\"column\" data-e-type=\"column\">\n\t\t\t<div class=\"elementor-widget-wrap elementor-element-populated\">\n\t\t\t\t\t\t<div class=\"elementor-element elementor-element-867d861 elementor-widget elementor-widget-heading\" data-id=\"867d861\" data-element_type=\"widget\" data-e-type=\"widget\" data-widget_type=\"heading.default\">\n\t\t\t\t\t<h2 class=\"elementor-heading-title elementor-size-default\">Responsable<\/h2>\t\t\t\t<\/div>\n\t\t\t\t<div class=\"elementor-element elementor-element-9d5c918 elementor-widget elementor-widget-text-editor\" data-id=\"9d5c918\" data-element_type=\"widget\" data-e-type=\"widget\" data-widget_type=\"text-editor.default\">\n\t\t\t\t\t\t\t\t\t<div class=\"marco\"><div><div><h3>Mag. Ing. Gisela Olmedo<\/h3><\/div><\/div><div><div><div><div><p><a href=\"mailto:golmedo@ing.una.py\" target=\"_blank\" rel=\"noopener\">golmedo@ing.una.py<\/a><br \/>021 729 00 10 Int.: 1607<\/p><\/div><\/div><\/div><\/div><div class=\"marco\"><h4>Horario de atenci\u00f3n<\/h4><p>De lunes a viernes<br \/>De 08:00 a 12:00 hs<\/p><\/div><\/div>\t\t\t\t\t\t\t\t<\/div>\n\t\t\t\t\t<\/div>\n\t\t<\/div>\n\t\t\t\t<div class=\"elementor-column elementor-col-50 elementor-top-column elementor-element elementor-element-00da0e3\" data-id=\"00da0e3\" data-element_type=\"column\" data-e-type=\"column\">\n\t\t\t<div class=\"elementor-widget-wrap elementor-element-populated\">\n\t\t\t\t\t\t<div class=\"elementor-element elementor-element-bacf204 elementor-widget elementor-widget-heading\" data-id=\"bacf204\" data-element_type=\"widget\" data-e-type=\"widget\" data-widget_type=\"heading.default\">\n\t\t\t\t\t<h2 class=\"elementor-heading-title elementor-size-default\">Ubicaci\u00f3n<\/h2>\t\t\t\t<\/div>\n\t\t\t\t<div class=\"elementor-element elementor-element-293d652 elementor-widget elementor-widget-text-editor\" data-id=\"293d652\" data-element_type=\"widget\" data-e-type=\"widget\" data-widget_type=\"text-editor.default\">\n\t\t\t\t\t\t\t\t\t<p>Isla Bogado, Luque.\u00a0<\/p>\t\t\t\t\t\t\t\t<\/div>\n\t\t\t\t<div class=\"elementor-element elementor-element-0846fa2 elementor-widget elementor-widget-thim-google-map\" data-id=\"0846fa2\" data-element_type=\"widget\" data-e-type=\"widget\" data-widget_type=\"thim-google-map.default\">\n\t\t\t\t<div class=\"elementor-widget-container\">\n\t\t\t\t\t<div class=\"thim-map-iframe\" style =\"height: 200px\"><iframe frameborder=\"0\" scrolling=\"no\" marginheight=\"0\" marginwidth=\"0\" src=\"https:\/\/maps.google.com\/maps?q=Residencia%20Estudiantil%2C%20FIUNA%2C%20Isla%20Bogado%20Luque&amp;t=m&amp;z=12&amp;output=embed&amp;iwloc=near\" title=\"Residencia Estudiantil, FIUNA, Isla Bogado Luque\" aria-label=\"Residencia Estudiantil, FIUNA, Isla Bogado Luque\"><\/iframe><\/div>\t\t\t\t<\/div>\n\t\t\t\t<\/div>\n\t\t\t\t\t<\/div>\n\t\t<\/div>\n\t\t\t\t\t<\/div>\n\t\t<\/section>\n\t\t\t\t<\/div>\n\t\t","protected":false},"excerpt":{"rendered":"<p>Residencia Universitaria de la FIUNA Se denomina&lt;strong&gt; Residencia Universitaria de la Facultad de Ingenier\u00eda de la UNA (R.U.F.I)&lt;\/strong&gt;&lt;em&gt; \u201cIng. Eduardo Kichi\u201d&lt;\/em&gt;, a las instalaciones destinadas para albergar a estudiantes vinculados a la FIUNA, conforme los requisitos establecidos. Se encuentra ubicado en el predio de la Sede Isla Bogado \u2013 Luque, Rep\u00fablica del Paraguay.&lt;\/p&gt;&lt;h4&gt;Criterios de Admisi\u00f3n&lt;\/h4&gt;&lt;p&gt;Se valorar\u00e1n las condiciones socioecon\u00f3micas, acad\u00e9micas y de lejan\u00eda respecto al domicilio familiar. Podr\u00e1n ser admitidos como residentes si hubiese disponibilidad, los que re\u00fanan los siguientes requisitos:&lt;\/p&gt;&lt;h4&gt;Estudiantes Nacionales&lt;\/h4&gt;&lt;ol&gt;&lt;li&gt;Estar Inscripto\/a como alumno\/a de la Facultad de Ingenier\u00eda y\/o Bachillerato T\u00e9cnico de la FIUNA (Fotocopia de matr\u00edcula).&lt;\/li&gt;&lt;li&gt;Ser ingresante. &hellip; <\/p>\n","protected":false},"author":1,"featured_media":0,"parent":31429,"menu_order":0,"comment_status":"closed","ping_status":"open","template":"","meta":{"_bbp_topic_count":0,"_bbp_reply_count":0,"_bbp_total_topic_count":0,"_bbp_total_reply_count":0,"_bbp_voice_count":0,"_bbp_anonymous_reply_count":0,"_bbp_topic_count_hidden":0,"_bbp_reply_count_hidden":0,"_bbp_forum_subforum_count":0,"advanced_seo_description":"","jetpack_seo_html_title":"","jetpack_seo_noindex":false,"jetpack_post_was_ever_published":false,"footnotes":""},"class_list":["post-54409","page","type-page","status-publish","hentry"],"jetpack_shortlink":"https:\/\/wp.me\/Pc8Odv-e9z","jetpack_likes_enabled":true,"jetpack_sharing_enabled":true,"jetpack-related-posts":[],"_links":{"self":[{"href":"https:\/\/www.ing.una.py\/FIUNA3\/index.php?rest_route=\/wp\/v2\/pages\/54409","targetHints":{"allow":["GET"]}}],"collection":[{"href":"https:\/\/www.ing.una.py\/FIUNA3\/index.php?rest_route=\/wp\/v2\/pages"}],"about":[{"href":"https:\/\/www.ing.una.py\/FIUNA3\/index.php?rest_route=\/wp\/v2\/types\/page"}],"author":[{"embeddable":true,"href":"https:\/\/www.ing.una.py\/FIUNA3\/index.php?rest_route=\/wp\/v2\/users\/1"}],"replies":[{"embeddable":true,"href":"https:\/\/www.ing.una.py\/FIUNA3\/index.php?rest_route=%2Fwp%2Fv2%2Fcomments&post=54409"}],"version-history":[{"count":19,"href":"https:\/\/www.ing.una.py\/FIUNA3\/index.php?rest_route=\/wp\/v2\/pages\/54409\/revisions"}],"predecessor-version":[{"id":78459,"href":"https:\/\/www.ing.una.py\/FIUNA3\/index.php?rest_route=\/wp\/v2\/pages\/54409\/revisions\/78459"}],"up":[{"embeddable":true,"href":"https:\/\/www.ing.una.py\/FIUNA3\/index.php?rest_route=\/wp\/v2\/pages\/31429"}],"wp:attachment":[{"href":"https:\/\/www.ing.una.py\/FIUNA3\/index.php?rest_route=%2Fwp%2Fv2%2Fmedia&parent=54409"}],"curies":[{"name":"wp","href":"https:\/\/api.w.org\/{rel}","templated":true}]}}