{"id":575,"date":"2012-01-24T15:45:36","date_gmt":"2012-01-24T15:45:36","guid":{"rendered":"http:\/\/200.10.231.240\/fiuna_wp\/?page_id=575"},"modified":"2025-11-19T09:09:43","modified_gmt":"2025-11-19T12:09:43","slug":"trabajo-final-de-grado","status":"publish","type":"page","link":"https:\/\/www.ing.una.py\/FIUNA3\/?page_id=575","title":{"rendered":"Trabajo Final de Grado"},"content":{"rendered":"\t\t<div data-elementor-type=\"wp-page\" data-elementor-id=\"575\" class=\"elementor elementor-575\" data-elementor-post-type=\"page\">\n\t\t\t\t\t\t<section class=\"elementor-section elementor-top-section elementor-element elementor-element-8156cd4 elementor-section-boxed elementor-section-height-default elementor-section-height-default\" data-id=\"8156cd4\" data-element_type=\"section\" data-e-type=\"section\">\n\t\t\t\t\t\t<div class=\"elementor-container elementor-column-gap-default\">\n\t\t\t\t\t<div class=\"elementor-column elementor-col-66 elementor-top-column elementor-element elementor-element-7499770\" data-id=\"7499770\" data-element_type=\"column\" data-e-type=\"column\">\n\t\t\t<div class=\"elementor-widget-wrap elementor-element-populated\">\n\t\t\t\t\t\t<div class=\"elementor-element elementor-element-3614bf4 elementor-widget thim-ekits-heading elementor-widget-thim-heading\" data-id=\"3614bf4\" data-element_type=\"widget\" data-e-type=\"widget\" data-widget_type=\"thim-heading.default\">\n\t\t\t\t<div class=\"elementor-widget-container\">\n\t\t\t\t\t<div class=\"sc_heading\"><h3 class=\"title\">Trabajo Final de Grado <\/h3><span class=\"line\"><\/span><\/div>\t\t\t\t<\/div>\n\t\t\t\t<\/div>\n\t\t\t\t<div class=\"elementor-element elementor-element-78699dd5 elementor-drop-cap-yes elementor-drop-cap-view-default elementor-widget elementor-widget-text-editor\" data-id=\"78699dd5\" data-element_type=\"widget\" data-e-type=\"widget\" data-settings=\"{&quot;drop_cap&quot;:&quot;yes&quot;}\" data-widget_type=\"text-editor.default\">\n\t\t\t\t\t\t\t\t\t<p><strong>El Trabajo Final de Grado (TFG), <\/strong>es el requisito de egreso dentro del Plan Curricular de las carrera que debe cumplir en presentar y aprobar el estudiante de la <strong>Facultad de Ingenier\u00eda<\/strong>, para acceder al t\u00edtulo de <b>Ingeniero Civil, Ingeniero Industrial, Ingeniero Electromec\u00e1nico, Ingeniero\u00a0Electr\u00f3nico, Ingeniero Mec\u00e1nico, Ingeniero Mecatr\u00f3nico e Ingeniero Ge\u00f3grafo\u00a0y Ambiental,<\/b> conforme a la carrera cursada por el mismo.<\/p><p>Tiene como objetivo integrar la aplicaci\u00f3n de los conocimientos adquiridos, como tambi\u00e9n promover la obtenci\u00f3n de nuevos\u00a0 conocimientos mediante la autogesti\u00f3n educativa.<\/p>\t\t\t\t\t\t\t\t<\/div>\n\t\t\t\t<div class=\"elementor-element elementor-element-363a6ab elementor-tabs-view-horizontal elementor-widget elementor-widget-tabs\" data-id=\"363a6ab\" data-element_type=\"widget\" data-e-type=\"widget\" data-widget_type=\"tabs.default\">\n\t\t\t\t\t\t\t<div class=\"elementor-tabs\">\n\t\t\t<div class=\"elementor-tabs-wrapper\" role=\"tablist\" >\n\t\t\t\t\t\t\t\t\t<div id=\"elementor-tab-title-5681\" class=\"elementor-tab-title elementor-tab-desktop-title\" aria-selected=\"true\" data-tab=\"1\" role=\"tab\" tabindex=\"0\" aria-controls=\"elementor-tab-content-5681\" aria-expanded=\"false\">Reglamento TFG<\/div>\n\t\t\t\t\t\t\t\t\t<div id=\"elementor-tab-title-5682\" class=\"elementor-tab-title elementor-tab-desktop-title\" aria-selected=\"false\" data-tab=\"2\" role=\"tab\" tabindex=\"-1\" aria-controls=\"elementor-tab-content-5682\" aria-expanded=\"false\">Periodo de Presentaci\u00f3n y Defensa<\/div>\n\t\t\t\t\t\t\t\t\t<div id=\"elementor-tab-title-5683\" class=\"elementor-tab-title elementor-tab-desktop-title\" aria-selected=\"false\" data-tab=\"3\" role=\"tab\" tabindex=\"-1\" aria-controls=\"elementor-tab-content-5683\" aria-expanded=\"false\">Solicitud de Tema<\/div>\n\t\t\t\t\t\t\t<\/div>\n\t\t\t<div class=\"elementor-tabs-content-wrapper\" role=\"tablist\" aria-orientation=\"vertical\">\n\t\t\t\t\t\t\t\t\t<div class=\"elementor-tab-title elementor-tab-mobile-title\" aria-selected=\"true\" data-tab=\"1\" role=\"tab\" tabindex=\"0\" aria-controls=\"elementor-tab-content-5681\" aria-expanded=\"false\">Reglamento TFG<\/div>\n\t\t\t\t\t<div id=\"elementor-tab-content-5681\" class=\"elementor-tab-content elementor-clearfix\" data-tab=\"1\" role=\"tabpanel\" aria-labelledby=\"elementor-tab-title-5681\" tabindex=\"0\" hidden=\"false\"><ul><li><a href=\"https:\/\/www.ing.una.py\/Resoluciones2025\/ConsejoDirectivo\/1596\/1596_2025_011_Actualizacion_Reglamento_TFG.pdf\" target=\"_blank\" rel=\"noopener\">Resoluci\u00f3n CD N\u00b0 1596\/2025\/011<\/a><\/li><\/ul><\/div>\n\t\t\t\t\t\t\t\t\t<div class=\"elementor-tab-title elementor-tab-mobile-title\" aria-selected=\"false\" data-tab=\"2\" role=\"tab\" tabindex=\"-1\" aria-controls=\"elementor-tab-content-5682\" aria-expanded=\"false\">Periodo de Presentaci\u00f3n y Defensa<\/div>\n\t\t\t\t\t<div id=\"elementor-tab-content-5682\" class=\"elementor-tab-content elementor-clearfix\" data-tab=\"2\" role=\"tabpanel\" aria-labelledby=\"elementor-tab-title-5682\" tabindex=\"0\" hidden=\"hidden\"><p><strong><a href=\"http:\/\/www.ing.una.py\/wp-content\/uploads\/2019\/11\/1417_2019_024_presen_TFG.pdf\" target=\"_blank\" rel=\"noopener\">Resoluci\u00f3n CD N\u00b0 1417\/2019\/024<\/a> <\/strong>Periodo de presentaci\u00f3n y defensa de Trabajo Final de Grado para los estudiantes que deseen participar del Acto de Graduaci\u00f3n de la FIUNA.<\/p><\/div>\n\t\t\t\t\t\t\t\t\t<div class=\"elementor-tab-title elementor-tab-mobile-title\" aria-selected=\"false\" data-tab=\"3\" role=\"tab\" tabindex=\"-1\" aria-controls=\"elementor-tab-content-5683\" aria-expanded=\"false\">Solicitud de Tema<\/div>\n\t\t\t\t\t<div id=\"elementor-tab-content-5683\" class=\"elementor-tab-content elementor-clearfix\" data-tab=\"3\" role=\"tabpanel\" aria-labelledby=\"elementor-tab-title-5683\" tabindex=\"0\" hidden=\"hidden\"><p><strong><a href=\"http:\/\/www.ing.una.py\/Resoluciones2020\/ConsejoDirectivo\/1422\/1422_2020_015_autor_concluir_carrera_.pdf\" target=\"_blank\" rel=\"noopener\">Resoluci\u00f3n CD N\u00b0 1422\/2020\/015<\/a><\/strong> Por la cual se autoriza a los a estudiantes que se encuentren en condiciones de concluir la carrera durante el Segundo Ciclo del Periodo Acad\u00e9mico 2020, y que adeuden no m\u00e1s de tres asignaturas de semestres inferiores al 9\u00ba semestre, a solicitar tema de Trabajo Final de Grado en la FIUNA.<\/p><\/div>\n\t\t\t\t\t\t\t<\/div>\n\t\t<\/div>\n\t\t\t\t\t\t<\/div>\n\t\t\t\t\t<\/div>\n\t\t<\/div>\n\t\t\t\t<div class=\"elementor-column elementor-col-33 elementor-top-column elementor-element elementor-element-72bcd43\" data-id=\"72bcd43\" data-element_type=\"column\" data-e-type=\"column\">\n\t\t\t<div class=\"elementor-widget-wrap elementor-element-populated\">\n\t\t\t\t\t\t<div class=\"elementor-element elementor-element-0efe656 elementor-widget elementor-widget-heading\" data-id=\"0efe656\" data-element_type=\"widget\" data-e-type=\"widget\" data-widget_type=\"heading.default\">\n\t\t\t\t\t<h3 class=\"elementor-heading-title elementor-size-default\">TFG<\/h3>\t\t\t\t<\/div>\n\t\t\t\t<div class=\"elementor-element elementor-element-2a8a271 elementor-nav-menu__align-start elementor-nav-menu--dropdown-mobile elementor-nav-menu__text-align-aside elementor-nav-menu--toggle elementor-nav-menu--burger elementor-widget elementor-widget-nav-menu\" data-id=\"2a8a271\" data-element_type=\"widget\" data-e-type=\"widget\" data-settings=\"{&quot;layout&quot;:&quot;vertical&quot;,&quot;_animation&quot;:&quot;none&quot;,&quot;submenu_icon&quot;:{&quot;value&quot;:&quot;&lt;svg class=\\&quot;fa-svg-chevron-down e-font-icon-svg e-fas-chevron-down\\&quot; viewBox=\\&quot;0 0 448 512\\&quot; xmlns=\\&quot;http:\\\/\\\/www.w3.org\\\/2000\\\/svg\\&quot;&gt;&lt;path d=\\&quot;M207.029 381.476L12.686 187.132c-9.373-9.373-9.373-24.569 0-33.941l22.667-22.667c9.357-9.357 24.522-9.375 33.901-.04L224 284.505l154.745-154.021c9.379-9.335 24.544-9.317 33.901.04l22.667 22.667c9.373 9.373 9.373 24.569 0 33.941L240.971 381.476c-9.373 9.372-24.569 9.372-33.942 0z\\&quot;&gt;&lt;\\\/path&gt;&lt;\\\/svg&gt;&quot;,&quot;library&quot;:&quot;fa-solid&quot;},&quot;toggle&quot;:&quot;burger&quot;}\" data-widget_type=\"nav-menu.default\">\n\t\t\t\t\t\t\t\t<nav aria-label=\"Men\u00fa\" class=\"elementor-nav-menu--main elementor-nav-menu__container elementor-nav-menu--layout-vertical e--pointer-background e--animation-fade\">\n\t\t\t\t<ul id=\"menu-1-2a8a271\" class=\"elementor-nav-menu sm-vertical\"><li class=\"menu-item menu-item-type-post_type menu-item-object-page menu-item-42012 tc-menu-item tc-menu-depth-0 tc-menu-align-left tc-menu-layout-default\"><a href=\"https:\/\/www.ing.una.py\/FIUNA3\/?page_id=40678\" class=\"elementor-item\" class=\"tc-menu-inner\">Volver a Acad\u00e9mico<\/a><\/li>\n<li class=\"menu-item menu-item-type-post_type menu-item-object-page menu-item-44500 tc-menu-item tc-menu-depth-0 tc-menu-align-left tc-menu-layout-default\"><a href=\"https:\/\/www.ing.una.py\/FIUNA3\/?page_id=575\" class=\"elementor-item\" class=\"tc-menu-inner\">Trabajo Final de Grado<\/a><\/li>\n<li class=\"menu-item menu-item-type-post_type menu-item-object-page menu-item-38667 tc-menu-item tc-menu-depth-0 tc-menu-align-left tc-menu-layout-default\"><a href=\"https:\/\/www.ing.una.py\/FIUNA3\/?page_id=37688\" class=\"elementor-item\" class=\"tc-menu-inner\">Asesores de TFG y Pasant\u00edas<\/a><\/li>\n<li class=\"menu-item menu-item-type-post_type menu-item-object-page menu-item-38570 tc-menu-item tc-menu-depth-0 tc-menu-align-left tc-menu-layout-default\"><a href=\"https:\/\/www.ing.una.py\/FIUNA3\/?page_id=28747\" class=\"elementor-item\" class=\"tc-menu-inner\">Formularios TFG<\/a><\/li>\n<li class=\"menu-item menu-item-type-taxonomy menu-item-object-category menu-item-38476 tc-menu-item tc-menu-depth-0 tc-menu-align-left tc-menu-layout-default\"><a href=\"https:\/\/www.ing.una.py\/FIUNA3\/?cat=613\" class=\"elementor-item\" class=\"tc-menu-inner\">TFG a presentarse SL<\/a><\/li>\n<li class=\"menu-item menu-item-type-taxonomy menu-item-object-category menu-item-38474 tc-menu-item tc-menu-depth-0 tc-menu-align-left tc-menu-layout-default\"><a href=\"https:\/\/www.ing.una.py\/FIUNA3\/?cat=143\" class=\"elementor-item\" class=\"tc-menu-inner\">TFG presentados SL<span class=\"tc-menu-item-description\">Trabajo Final de Grado<\/span><\/a><\/li>\n<li class=\"menu-item menu-item-type-custom menu-item-object-custom menu-item-38618 tc-menu-item tc-menu-depth-0 tc-menu-align-left tc-menu-layout-default\"><a target=\"_blank\" href=\"https:\/\/www.cnc.una.py\/opac\/cliente_tesis.cgi\" class=\"elementor-item\" class=\"tc-menu-inner\">Cat\u00e1logo de TFG y Tesis de Postgrado UNA<\/a><\/li>\n<li class=\"menu-item menu-item-type-custom menu-item-object-custom menu-item-38475 tc-menu-item tc-menu-depth-0 tc-menu-align-left tc-menu-layout-default\"><a target=\"_blank\" href=\"http:\/\/www.cnc.una.py\/opac\/\" class=\"elementor-item\" class=\"tc-menu-inner\">Cat\u00e1logo bibliogr\u00e1fico UNA<\/a><\/li>\n<\/ul>\t\t\t<\/nav>\n\t\t\t\t\t<div class=\"elementor-menu-toggle\" role=\"button\" tabindex=\"0\" aria-label=\"Alternar men\u00fa\" aria-expanded=\"false\">\n\t\t\t<svg aria-hidden=\"true\" role=\"presentation\" class=\"elementor-menu-toggle__icon--open e-font-icon-svg e-eicon-menu-bar\" viewBox=\"0 0 1000 1000\" xmlns=\"http:\/\/www.w3.org\/2000\/svg\"><path d=\"M104 333H896C929 333 958 304 958 271S929 208 896 208H104C71 208 42 237 42 271S71 333 104 333ZM104 583H896C929 583 958 554 958 521S929 458 896 458H104C71 458 42 487 42 521S71 583 104 583ZM104 833H896C929 833 958 804 958 771S929 708 896 708H104C71 708 42 737 42 771S71 833 104 833Z\"><\/path><\/svg><svg aria-hidden=\"true\" role=\"presentation\" class=\"elementor-menu-toggle__icon--close e-font-icon-svg e-eicon-close\" viewBox=\"0 0 1000 1000\" xmlns=\"http:\/\/www.w3.org\/2000\/svg\"><path d=\"M742 167L500 408 258 167C246 154 233 150 217 150 196 150 179 158 167 167 154 179 150 196 150 212 150 229 154 242 171 254L408 500 167 742C138 771 138 800 167 829 196 858 225 858 254 829L496 587 738 829C750 842 767 846 783 846 800 846 817 842 829 829 842 817 846 804 846 783 846 767 842 750 829 737L588 500 833 258C863 229 863 200 833 171 804 137 775 137 742 167Z\"><\/path><\/svg>\t\t<\/div>\n\t\t\t\t\t<nav class=\"elementor-nav-menu--dropdown elementor-nav-menu__container\" aria-hidden=\"true\">\n\t\t\t\t<ul id=\"menu-2-2a8a271\" class=\"elementor-nav-menu sm-vertical\"><li class=\"menu-item menu-item-type-post_type menu-item-object-page menu-item-42012 tc-menu-item tc-menu-depth-0 tc-menu-align-left tc-menu-layout-default\"><a href=\"https:\/\/www.ing.una.py\/FIUNA3\/?page_id=40678\" class=\"elementor-item\" tabindex=\"-1\" class=\"tc-menu-inner\">Volver a Acad\u00e9mico<\/a><\/li>\n<li class=\"menu-item menu-item-type-post_type menu-item-object-page menu-item-44500 tc-menu-item tc-menu-depth-0 tc-menu-align-left tc-menu-layout-default\"><a href=\"https:\/\/www.ing.una.py\/FIUNA3\/?page_id=575\" class=\"elementor-item\" tabindex=\"-1\" class=\"tc-menu-inner\">Trabajo Final de Grado<\/a><\/li>\n<li class=\"menu-item menu-item-type-post_type menu-item-object-page menu-item-38667 tc-menu-item tc-menu-depth-0 tc-menu-align-left tc-menu-layout-default\"><a href=\"https:\/\/www.ing.una.py\/FIUNA3\/?page_id=37688\" class=\"elementor-item\" tabindex=\"-1\" class=\"tc-menu-inner\">Asesores de TFG y Pasant\u00edas<\/a><\/li>\n<li class=\"menu-item menu-item-type-post_type menu-item-object-page menu-item-38570 tc-menu-item tc-menu-depth-0 tc-menu-align-left tc-menu-layout-default\"><a href=\"https:\/\/www.ing.una.py\/FIUNA3\/?page_id=28747\" class=\"elementor-item\" tabindex=\"-1\" class=\"tc-menu-inner\">Formularios TFG<\/a><\/li>\n<li class=\"menu-item menu-item-type-taxonomy menu-item-object-category menu-item-38476 tc-menu-item tc-menu-depth-0 tc-menu-align-left tc-menu-layout-default\"><a href=\"https:\/\/www.ing.una.py\/FIUNA3\/?cat=613\" class=\"elementor-item\" tabindex=\"-1\" class=\"tc-menu-inner\">TFG a presentarse SL<\/a><\/li>\n<li class=\"menu-item menu-item-type-taxonomy menu-item-object-category menu-item-38474 tc-menu-item tc-menu-depth-0 tc-menu-align-left tc-menu-layout-default\"><a href=\"https:\/\/www.ing.una.py\/FIUNA3\/?cat=143\" class=\"elementor-item\" tabindex=\"-1\" class=\"tc-menu-inner\">TFG presentados SL<span class=\"tc-menu-item-description\">Trabajo Final de Grado<\/span><\/a><\/li>\n<li class=\"menu-item menu-item-type-custom menu-item-object-custom menu-item-38618 tc-menu-item tc-menu-depth-0 tc-menu-align-left tc-menu-layout-default\"><a target=\"_blank\" href=\"https:\/\/www.cnc.una.py\/opac\/cliente_tesis.cgi\" class=\"elementor-item\" tabindex=\"-1\" class=\"tc-menu-inner\">Cat\u00e1logo de TFG y Tesis de Postgrado UNA<\/a><\/li>\n<li class=\"menu-item menu-item-type-custom menu-item-object-custom menu-item-38475 tc-menu-item tc-menu-depth-0 tc-menu-align-left tc-menu-layout-default\"><a target=\"_blank\" href=\"http:\/\/www.cnc.una.py\/opac\/\" class=\"elementor-item\" tabindex=\"-1\" class=\"tc-menu-inner\">Cat\u00e1logo bibliogr\u00e1fico UNA<\/a><\/li>\n<\/ul>\t\t\t<\/nav>\n\t\t\t\t\t\t<\/div>\n\t\t\t\t\t<\/div>\n\t\t<\/div>\n\t\t\t\t\t<\/div>\n\t\t<\/section>\n\t\t\t\t<section class=\"elementor-section elementor-top-section elementor-element elementor-element-19b09db elementor-section-boxed elementor-section-height-default elementor-section-height-default\" data-id=\"19b09db\" data-element_type=\"section\" data-e-type=\"section\">\n\t\t\t\t\t\t<div class=\"elementor-container elementor-column-gap-default\">\n\t\t\t\t\t<div class=\"elementor-column elementor-col-50 elementor-top-column elementor-element elementor-element-b8fbcaa\" data-id=\"b8fbcaa\" data-element_type=\"column\" data-e-type=\"column\">\n\t\t\t<div class=\"elementor-widget-wrap elementor-element-populated\">\n\t\t\t\t\t\t<div class=\"elementor-element elementor-element-b9f9583 elementor-widget elementor-widget-heading\" data-id=\"b9f9583\" data-element_type=\"widget\" data-e-type=\"widget\" data-widget_type=\"heading.default\">\n\t\t\t\t\t<h2 class=\"elementor-heading-title elementor-size-default\">Responsables<\/h2>\t\t\t\t<\/div>\n\t\t\t\t\t<\/div>\n\t\t<\/div>\n\t\t\t\t<div class=\"elementor-column elementor-col-50 elementor-top-column elementor-element elementor-element-29afbc5\" data-id=\"29afbc5\" data-element_type=\"column\" data-e-type=\"column\">\n\t\t\t<div class=\"elementor-widget-wrap elementor-element-populated\">\n\t\t\t\t\t\t<div class=\"elementor-element elementor-element-b7e47a4 elementor-widget elementor-widget-heading\" data-id=\"b7e47a4\" data-element_type=\"widget\" data-e-type=\"widget\" data-widget_type=\"heading.default\">\n\t\t\t\t\t<h2 class=\"elementor-heading-title elementor-size-default\">Ubicaci\u00f3n<\/h2>\t\t\t\t<\/div>\n\t\t\t\t\t<\/div>\n\t\t<\/div>\n\t\t\t\t\t<\/div>\n\t\t<\/section>\n\t\t\t\t<section class=\"elementor-section elementor-top-section elementor-element elementor-element-8e2390f elementor-section-boxed elementor-section-height-default elementor-section-height-default\" data-id=\"8e2390f\" data-element_type=\"section\" data-e-type=\"section\">\n\t\t\t\t\t\t<div class=\"elementor-container elementor-column-gap-default\">\n\t\t\t\t\t<div class=\"elementor-column elementor-col-50 elementor-top-column elementor-element elementor-element-d106bc3\" data-id=\"d106bc3\" data-element_type=\"column\" data-e-type=\"column\">\n\t\t\t<div class=\"elementor-widget-wrap elementor-element-populated\">\n\t\t\t\t\t\t<div class=\"elementor-element elementor-element-1972948 elementor-widget elementor-widget-text-editor\" data-id=\"1972948\" data-element_type=\"widget\" data-e-type=\"widget\" data-widget_type=\"text-editor.default\">\n\t\t\t\t\t\t\t\t\t<h3>Ing. Dami\u00e1n Ayala | Ing. Walter Noldin<\/h3><h4><strong>Direcci\u00f3n\u00a0<\/strong><b>Acad\u00e9mica<br \/><\/b><\/h4><p><a href=\"mailto:dayala@ing.una.py\" target=\"_blank\" rel=\"noopener\">dayala@ing.una.py<\/a> | <a href=\"mailto:wnoldin@ing.una.py\" target=\"_blank\" rel=\"noopener\">wnoldin@ing.una.py<\/a><br \/>021 729 00 10<\/p><h4>Horario de atenci\u00f3n<\/h4><p>De lunes a viernes<br \/>De 8:00 a 16:00 hs y de 16:00 a 20:00 hs<\/p>\t\t\t\t\t\t\t\t<\/div>\n\t\t\t\t\t<\/div>\n\t\t<\/div>\n\t\t\t\t<div class=\"elementor-column elementor-col-50 elementor-top-column elementor-element elementor-element-c65fda1\" data-id=\"c65fda1\" data-element_type=\"column\" data-e-type=\"column\">\n\t\t\t<div class=\"elementor-widget-wrap elementor-element-populated\">\n\t\t\t\t\t\t<div class=\"elementor-element elementor-element-b176360 elementor-widget elementor-widget-text-editor\" data-id=\"b176360\" data-element_type=\"widget\" data-e-type=\"widget\" data-widget_type=\"text-editor.default\">\n\t\t\t\t\t\t\t\t\t<p>2do Piso del Edificio \u00abProf. Ing. Enzo Debernardi\u00bbde la FIUNA, Campus de la UNA | San Lorenzo<\/p>\t\t\t\t\t\t\t\t<\/div>\n\t\t\t\t<div class=\"elementor-element elementor-element-fee83cb elementor-widget elementor-widget-thim-google-map\" data-id=\"fee83cb\" data-element_type=\"widget\" data-e-type=\"widget\" data-widget_type=\"thim-google-map.default\">\n\t\t\t\t<div class=\"elementor-widget-container\">\n\t\t\t\t\t<div class=\"thim-map-iframe\" style =\"height: 300px\"><iframe frameborder=\"0\" scrolling=\"no\" marginheight=\"0\" marginwidth=\"0\" src=\"https:\/\/maps.google.com\/maps?q=FIUNA%2C%20San%20Lorenzo&amp;t=m&amp;z=12&amp;output=embed&amp;iwloc=near\" title=\"FIUNA, San Lorenzo\" aria-label=\"FIUNA, San Lorenzo\"><\/iframe><\/div>\t\t\t\t<\/div>\n\t\t\t\t<\/div>\n\t\t\t\t\t<\/div>\n\t\t<\/div>\n\t\t\t\t\t<\/div>\n\t\t<\/section>\n\t\t\t\t<\/div>\n\t\t","protected":false},"excerpt":{"rendered":"<p>Trabajo Final de Grado &lt;strong&gt;El Trabajo Final de Grado (TFG), &lt;\/strong&gt;es el requisito de egreso dentro del Plan Curricular de las carrera que debe cumplir en presentar y aprobar el estudiante de la &lt;strong&gt;Facultad de Ingenier\u00eda&lt;\/strong&gt;, para acceder al t\u00edtulo de &lt;b&gt;Ingeniero Civil, Ingeniero Industrial, Ingeniero Electromec\u00e1nico, Ingeniero\u00a0Electr\u00f3nico, Ingeniero Mec\u00e1nico, Ingeniero Mecatr\u00f3nico e Ingeniero Ge\u00f3grafo\u00a0y Ambiental,&lt;\/b&gt; conforme a la carrera cursada por el mismo. Tiene como objetivo integrar la aplicaci\u00f3n de los conocimientos adquiridos, como tambi\u00e9n promover la obtenci\u00f3n de nuevos\u00a0 conocimientos mediante la autogesti\u00f3n educativa. Reglamento TFG Periodo de Presentaci\u00f3n y Defensa Solicitud de Tema Reglamento TFG Resoluci\u00f3n CD &hellip; <\/p>\n","protected":false},"author":1,"featured_media":0,"parent":0,"menu_order":0,"comment_status":"closed","ping_status":"open","template":"","meta":{"_bbp_topic_count":0,"_bbp_reply_count":0,"_bbp_total_topic_count":0,"_bbp_total_reply_count":0,"_bbp_voice_count":0,"_bbp_anonymous_reply_count":0,"_bbp_topic_count_hidden":0,"_bbp_reply_count_hidden":0,"_bbp_forum_subforum_count":0,"footnotes":""},"class_list":["post-575","page","type-page","status-publish","hentry"],"_links":{"self":[{"href":"https:\/\/www.ing.una.py\/FIUNA3\/index.php?rest_route=\/wp\/v2\/pages\/575","targetHints":{"allow":["GET"]}}],"collection":[{"href":"https:\/\/www.ing.una.py\/FIUNA3\/index.php?rest_route=\/wp\/v2\/pages"}],"about":[{"href":"https:\/\/www.ing.una.py\/FIUNA3\/index.php?rest_route=\/wp\/v2\/types\/page"}],"author":[{"embeddable":true,"href":"https:\/\/www.ing.una.py\/FIUNA3\/index.php?rest_route=\/wp\/v2\/users\/1"}],"replies":[{"embeddable":true,"href":"https:\/\/www.ing.una.py\/FIUNA3\/index.php?rest_route=%2Fwp%2Fv2%2Fcomments&post=575"}],"version-history":[{"count":27,"href":"https:\/\/www.ing.una.py\/FIUNA3\/index.php?rest_route=\/wp\/v2\/pages\/575\/revisions"}],"predecessor-version":[{"id":82699,"href":"https:\/\/www.ing.una.py\/FIUNA3\/index.php?rest_route=\/wp\/v2\/pages\/575\/revisions\/82699"}],"wp:attachment":[{"href":"https:\/\/www.ing.una.py\/FIUNA3\/index.php?rest_route=%2Fwp%2Fv2%2Fmedia&parent=575"}],"curies":[{"name":"wp","href":"https:\/\/api.w.org\/{rel}","templated":true}]}}