{"id":5984,"date":"2013-08-21T13:57:14","date_gmt":"2013-08-21T13:57:14","guid":{"rendered":"http:\/\/www.ing.una.py\/?page_id=5984"},"modified":"2026-02-04T12:47:54","modified_gmt":"2026-02-04T15:47:54","slug":"especialidad-mecanica2","status":"publish","type":"page","link":"https:\/\/www.ing.una.py\/FIUNA3\/?page_id=5984","title":{"rendered":"Especialidad Mec\u00e1nica"},"content":{"rendered":"\t\t<div data-elementor-type=\"wp-page\" data-elementor-id=\"5984\" class=\"elementor elementor-5984\" data-elementor-post-type=\"page\">\n\t\t\t\t\t\t<section class=\"elementor-section elementor-top-section elementor-element elementor-element-f460d85 elementor-section-boxed elementor-section-height-default elementor-section-height-default\" data-id=\"f460d85\" data-element_type=\"section\" data-e-type=\"section\">\n\t\t\t\t\t\t<div class=\"elementor-container elementor-column-gap-default\">\n\t\t\t\t\t<div class=\"elementor-column elementor-col-66 elementor-top-column elementor-element elementor-element-0cf6fe8\" data-id=\"0cf6fe8\" data-element_type=\"column\" data-e-type=\"column\">\n\t\t\t<div class=\"elementor-widget-wrap elementor-element-populated\">\n\t\t\t\t\t\t<div class=\"elementor-element elementor-element-22b744f elementor-widget thim-ekits-heading elementor-widget-thim-heading\" data-id=\"22b744f\" data-element_type=\"widget\" data-e-type=\"widget\" data-widget_type=\"thim-heading.default\">\n\t\t\t\t<div class=\"elementor-widget-container\">\n\t\t\t\t\t<div class=\"sc_heading\"><h3 class=\"title\">T\u00e9cnicos Especialistas en Mec\u00e1nica <\/h3><div class=\"sub-heading\"><p>CETUNA<\/p>\n<\/div><span class=\"line\"><\/span><\/div>\t\t\t\t<\/div>\n\t\t\t\t<\/div>\n\t\t\t\t<div class=\"elementor-element elementor-element-5104a05c elementor-widget elementor-widget-text-editor\" data-id=\"5104a05c\" data-element_type=\"widget\" data-e-type=\"widget\" data-widget_type=\"text-editor.default\">\n\t\t\t\t\t\t\t\t\t<p><![CDATA[<img loading=\"lazy\" decoding=\"async\" data-attachment-id=\"6362\" data-permalink=\"https:\/\/www.ing.una.py\/FIUNA3\/?attachment_id=6362\" data-orig-file=\"https:\/\/www.ing.una.py\/FIUNA3\/wp-content\/uploads\/2012\/06\/logo-web.jpg\" data-orig-size=\"508,202\" data-comments-opened=\"1\" data-image-meta=\"{&quot;aperture&quot;:&quot;0&quot;,&quot;credit&quot;:&quot;&quot;,&quot;camera&quot;:&quot;&quot;,&quot;caption&quot;:&quot;&quot;,&quot;created_timestamp&quot;:&quot;0&quot;,&quot;copyright&quot;:&quot;&quot;,&quot;focal_length&quot;:&quot;0&quot;,&quot;iso&quot;:&quot;0&quot;,&quot;shutter_speed&quot;:&quot;0&quot;,&quot;title&quot;:&quot;&quot;,&quot;orientation&quot;:&quot;0&quot;}\" data-image-title=\"logo-web-CETUNA\" data-image-description=\"\" data-image-caption=\"\" data-large-file=\"https:\/\/www.ing.una.py\/FIUNA3\/wp-content\/uploads\/2012\/06\/logo-web-1024x1024.jpg\" class=\"aligncenter size-medium wp-image-6362\" src=\"http:\/\/www.ing.una.py\/wp-content\/uploads\/2012\/06\/logo-web-300x119.jpg\" alt=\"logo-web-CETUNA\" width=\"300\" height=\"119\" \/]] srcset=\"https:\/\/www.ing.una.py\/FIUNA3\/wp-content\/uploads\/2012\/06\/logo-web-300x119.jpg 300w, https:\/\/www.ing.una.py\/FIUNA3\/wp-content\/uploads\/2012\/06\/logo-web.jpg 508w\" sizes=\"auto, (max-width: 300px) 100vw, 300px\" \/> <strong>El\/ la T\u00e9cnico Especialista en Mec\u00e1nica<\/strong> podr\u00e1 desempe\u00f1arse en empresas de peque\u00f1a y mediana escala (PYMES) y tambi\u00e9n en empresas de gran porte, supliendo as\u00ed una marcada necesidad en empresas instaladas y pr\u00f3ximas a instalarse en el pa\u00eds. De igual forma podr\u00e1 aplicar las capacidades adquiridas como profesional independiente en el sector privado. Este curso tiene una duraci\u00f3n de 3 a\u00f1os; al final del segundo a\u00f1o se tiene un primer t\u00edtulo intermedio.<\/p><h4>Fundamentaci\u00f3n<\/h4><p>El trayecto constituido por la Formaci\u00f3n Profesional de Grado Superior, se presenta como una s\u00edntesis integradora entre la formaci\u00f3n general acad\u00e9mica, aportada por la Educaci\u00f3n Media, y una formaci\u00f3n pr\u00e1ctica, con una funci\u00f3n terminal de salida laboral. Con ello, no s\u00f3lo se proporcionar\u00e1n capacidades para aprender a aprender y aprender a hacer, sino tambi\u00e9n para aprender a ser, logrando el desarrollo pleno de las potencialidades, con autonom\u00eda, creatividad y perseverancia. De esta manera, los egresados podr\u00e1n situarse en diversos contextos sociales y productivos y continuar su trayectoria educativa en futuras situaciones de aprendizaje durante toda su vida.<\/p><h4>Modalidad<\/h4><p>El r\u00e9gimen de estudio de la Formaci\u00f3n Profesional de la especialidad de\u00a0Mec\u00e1nica\u00a0ser\u00e1 Semestral. Las clases estar\u00e1n distribuidas en Pr\u00e1cticas de Laboratorio, Clases Te\u00f3ricas, Clases Taller y Trabajos Pr\u00e1cticos.<\/p><h4>Perfil del Egresado<\/h4><p>El T\u00e9cnico Especialista en Mec\u00e1nica estar\u00e1 capacitado para manifestar conocimientos, habilidades, destrezas, valores y actitudes en situaciones reales de trabajo, conforme a criterios de profesionalidad propios de su \u00e1rea y de responsabilidad social.<\/p><h4>Duraci\u00f3n<\/h4><p>La especialidad de Mec\u00e1nica ofrece dos \u00e9nfasis: Metalmec\u00e1nica y Mec\u00e1nica de Rodados. La duraci\u00f3n de la misma ser\u00e1 de 6 semestres (3 a\u00f1os), con salida intermedia al final del cuarto semestre (2 a\u00f1os).<\/p><h4>T\u00edtulos que otorga<\/h4><ul><li><strong>T\u00e9cnico Especializado en Metalmec\u00e1nica<\/strong><\/li><li><strong>T\u00e9cnico Especializado en Mec\u00e1nica de Rodados<\/strong><\/li><\/ul>\t\t\t\t\t\t\t\t<\/div>\n\t\t\t\t\t<\/div>\n\t\t<\/div>\n\t\t\t\t<div class=\"elementor-column elementor-col-33 elementor-top-column elementor-element elementor-element-ba017b0\" data-id=\"ba017b0\" data-element_type=\"column\" data-e-type=\"column\">\n\t\t\t<div class=\"elementor-widget-wrap elementor-element-populated\">\n\t\t\t\t\t\t<div class=\"elementor-element elementor-element-f55d552 elementor-widget elementor-widget-heading\" data-id=\"f55d552\" data-element_type=\"widget\" data-e-type=\"widget\" data-widget_type=\"heading.default\">\n\t\t\t\t\t<h3 class=\"elementor-heading-title elementor-size-default\">CETUNA<\/h3>\t\t\t\t<\/div>\n\t\t\t\t<div class=\"elementor-element elementor-element-d310572 elementor-nav-menu__align-start elementor-nav-menu--dropdown-mobile elementor-nav-menu__text-align-aside elementor-nav-menu--toggle elementor-nav-menu--burger elementor-widget elementor-widget-nav-menu\" data-id=\"d310572\" data-element_type=\"widget\" data-e-type=\"widget\" data-settings=\"{&quot;layout&quot;:&quot;vertical&quot;,&quot;_animation&quot;:&quot;none&quot;,&quot;submenu_icon&quot;:{&quot;value&quot;:&quot;&lt;svg class=\\&quot;fa-svg-chevron-down e-font-icon-svg e-fas-chevron-down\\&quot; viewBox=\\&quot;0 0 448 512\\&quot; xmlns=\\&quot;http:\\\/\\\/www.w3.org\\\/2000\\\/svg\\&quot;&gt;&lt;path d=\\&quot;M207.029 381.476L12.686 187.132c-9.373-9.373-9.373-24.569 0-33.941l22.667-22.667c9.357-9.357 24.522-9.375 33.901-.04L224 284.505l154.745-154.021c9.379-9.335 24.544-9.317 33.901.04l22.667 22.667c9.373 9.373 9.373 24.569 0 33.941L240.971 381.476c-9.373 9.372-24.569 9.372-33.942 0z\\&quot;&gt;&lt;\\\/path&gt;&lt;\\\/svg&gt;&quot;,&quot;library&quot;:&quot;fa-solid&quot;},&quot;toggle&quot;:&quot;burger&quot;}\" data-widget_type=\"nav-menu.default\">\n\t\t\t\t\t\t\t\t<nav aria-label=\"Men\u00fa\" class=\"elementor-nav-menu--main elementor-nav-menu__container elementor-nav-menu--layout-vertical e--pointer-background e--animation-fade\">\n\t\t\t\t<ul id=\"menu-1-d310572\" class=\"elementor-nav-menu sm-vertical\"><li class=\"menu-item menu-item-type-post_type menu-item-object-page menu-item-38228 tc-menu-item tc-menu-depth-0 tc-menu-align-left tc-menu-layout-default\"><a href=\"https:\/\/www.ing.una.py\/FIUNA3\/?page_id=1813\" class=\"elementor-item\" class=\"tc-menu-inner\">Misi\u00f3n, Visi\u00f3n y Objetivos<\/a><\/li>\n<li class=\"menu-item menu-item-type-post_type menu-item-object-page menu-item-38274 tc-menu-item tc-menu-depth-0 tc-menu-align-left tc-menu-layout-default\"><a href=\"https:\/\/www.ing.una.py\/FIUNA3\/?page_id=5966\" class=\"elementor-item\" class=\"tc-menu-inner\">Curso Preparatorio de Admisi\u00f3n (CPA)<\/a><\/li>\n<li class=\"menu-item menu-item-type-post_type menu-item-object-page menu-item-38329 tc-menu-item tc-menu-depth-0 tc-menu-align-left tc-menu-layout-default\"><a href=\"https:\/\/www.ing.una.py\/FIUNA3\/?page_id=11865\" class=\"elementor-item\" class=\"tc-menu-inner\">Reglamentos CETUNA<\/a><\/li>\n<li class=\"menu-item menu-item-type-post_type menu-item-object-page menu-item-38276 tc-menu-item tc-menu-depth-0 tc-menu-align-left tc-menu-layout-default\"><a href=\"https:\/\/www.ing.una.py\/FIUNA3\/?page_id=5984\" class=\"elementor-item\" class=\"tc-menu-inner\">Especialidad Mec\u00e1nica<\/a><\/li>\n<li class=\"menu-item menu-item-type-post_type menu-item-object-page menu-item-38327 tc-menu-item tc-menu-depth-0 tc-menu-align-left tc-menu-layout-default\"><a href=\"https:\/\/www.ing.una.py\/FIUNA3\/?page_id=11277\" class=\"elementor-item\" class=\"tc-menu-inner\">Ejes tem\u00e1ticos de las materias (MEC)<\/a><\/li>\n<li class=\"menu-item menu-item-type-post_type menu-item-object-page menu-item-38275 tc-menu-item tc-menu-depth-0 tc-menu-align-left tc-menu-layout-default\"><a title=\"Ejes tem\u00e1ticos de la materia\" href=\"https:\/\/www.ing.una.py\/FIUNA3\/?page_id=5978\" class=\"elementor-item\" class=\"tc-menu-inner\">Carga Horaria (Mec)<\/a><\/li>\n<li class=\"menu-item menu-item-type-custom menu-item-object-custom menu-item-82908 tc-menu-item tc-menu-depth-0 tc-menu-align-left tc-menu-layout-default\"><a target=\"_blank\" href=\"https:\/\/www.ing.una.py\/Resoluciones2025\/ConsejoDirectivo\/1603\/1603_2025_016_Calendario_Acad_CETUNA_1C_2026.pdf\" class=\"elementor-item\" class=\"tc-menu-inner\">Calendario Acad. 1C 2026<\/a><\/li>\n<li class=\"menu-item menu-item-type-custom menu-item-object-custom menu-item-84545 tc-menu-item tc-menu-depth-0 tc-menu-align-left tc-menu-layout-default\"><a target=\"_blank\" href=\"https:\/\/www.ing.una.py\/Resoluciones2026\/ConsejoDirectivo\/1612\/1612_2026_009_Horario_Exams_Parciales_CETUNA_C1_2026.pdf\" class=\"elementor-item\" class=\"tc-menu-inner\">Horario de ex\u00e1menes parc. 1C 2026<\/a><\/li>\n<li class=\"menu-item menu-item-type-post_type menu-item-object-page menu-item-38344 tc-menu-item tc-menu-depth-0 tc-menu-align-left tc-menu-layout-default\"><a href=\"https:\/\/www.ing.una.py\/FIUNA3\/?page_id=12200\" class=\"elementor-item\" class=\"tc-menu-inner\">Laboratorios<\/a><\/li>\n<li class=\"menu-item menu-item-type-taxonomy menu-item-object-category menu-item-67258 tc-menu-item tc-menu-depth-0 tc-menu-align-left tc-menu-layout-default\"><a href=\"https:\/\/www.ing.una.py\/FIUNA3\/?cat=839\" class=\"elementor-item\" class=\"tc-menu-inner\">Proyectos integradores presentados<\/a><\/li>\n<li class=\"menu-item menu-item-type-taxonomy menu-item-object-category menu-item-38425 tc-menu-item tc-menu-depth-0 tc-menu-align-left tc-menu-layout-default\"><a href=\"https:\/\/www.ing.una.py\/FIUNA3\/?cat=319\" class=\"elementor-item\" class=\"tc-menu-inner\">Noticias relacionadas<\/a><\/li>\n<\/ul>\t\t\t<\/nav>\n\t\t\t\t\t<div class=\"elementor-menu-toggle\" role=\"button\" tabindex=\"0\" aria-label=\"Alternar men\u00fa\" aria-expanded=\"false\">\n\t\t\t<svg aria-hidden=\"true\" role=\"presentation\" class=\"elementor-menu-toggle__icon--open e-font-icon-svg e-eicon-menu-bar\" viewBox=\"0 0 1000 1000\" xmlns=\"http:\/\/www.w3.org\/2000\/svg\"><path d=\"M104 333H896C929 333 958 304 958 271S929 208 896 208H104C71 208 42 237 42 271S71 333 104 333ZM104 583H896C929 583 958 554 958 521S929 458 896 458H104C71 458 42 487 42 521S71 583 104 583ZM104 833H896C929 833 958 804 958 771S929 708 896 708H104C71 708 42 737 42 771S71 833 104 833Z\"><\/path><\/svg><svg aria-hidden=\"true\" role=\"presentation\" class=\"elementor-menu-toggle__icon--close e-font-icon-svg e-eicon-close\" viewBox=\"0 0 1000 1000\" xmlns=\"http:\/\/www.w3.org\/2000\/svg\"><path d=\"M742 167L500 408 258 167C246 154 233 150 217 150 196 150 179 158 167 167 154 179 150 196 150 212 150 229 154 242 171 254L408 500 167 742C138 771 138 800 167 829 196 858 225 858 254 829L496 587 738 829C750 842 767 846 783 846 800 846 817 842 829 829 842 817 846 804 846 783 846 767 842 750 829 737L588 500 833 258C863 229 863 200 833 171 804 137 775 137 742 167Z\"><\/path><\/svg>\t\t<\/div>\n\t\t\t\t\t<nav class=\"elementor-nav-menu--dropdown elementor-nav-menu__container\" aria-hidden=\"true\">\n\t\t\t\t<ul id=\"menu-2-d310572\" class=\"elementor-nav-menu sm-vertical\"><li class=\"menu-item menu-item-type-post_type menu-item-object-page menu-item-38228 tc-menu-item tc-menu-depth-0 tc-menu-align-left tc-menu-layout-default\"><a href=\"https:\/\/www.ing.una.py\/FIUNA3\/?page_id=1813\" class=\"elementor-item\" tabindex=\"-1\" class=\"tc-menu-inner\">Misi\u00f3n, Visi\u00f3n y Objetivos<\/a><\/li>\n<li class=\"menu-item menu-item-type-post_type menu-item-object-page menu-item-38274 tc-menu-item tc-menu-depth-0 tc-menu-align-left tc-menu-layout-default\"><a href=\"https:\/\/www.ing.una.py\/FIUNA3\/?page_id=5966\" class=\"elementor-item\" tabindex=\"-1\" class=\"tc-menu-inner\">Curso Preparatorio de Admisi\u00f3n (CPA)<\/a><\/li>\n<li class=\"menu-item menu-item-type-post_type menu-item-object-page menu-item-38329 tc-menu-item tc-menu-depth-0 tc-menu-align-left tc-menu-layout-default\"><a href=\"https:\/\/www.ing.una.py\/FIUNA3\/?page_id=11865\" class=\"elementor-item\" tabindex=\"-1\" class=\"tc-menu-inner\">Reglamentos CETUNA<\/a><\/li>\n<li class=\"menu-item menu-item-type-post_type menu-item-object-page menu-item-38276 tc-menu-item tc-menu-depth-0 tc-menu-align-left tc-menu-layout-default\"><a href=\"https:\/\/www.ing.una.py\/FIUNA3\/?page_id=5984\" class=\"elementor-item\" tabindex=\"-1\" class=\"tc-menu-inner\">Especialidad Mec\u00e1nica<\/a><\/li>\n<li class=\"menu-item menu-item-type-post_type menu-item-object-page menu-item-38327 tc-menu-item tc-menu-depth-0 tc-menu-align-left tc-menu-layout-default\"><a href=\"https:\/\/www.ing.una.py\/FIUNA3\/?page_id=11277\" class=\"elementor-item\" tabindex=\"-1\" class=\"tc-menu-inner\">Ejes tem\u00e1ticos de las materias (MEC)<\/a><\/li>\n<li class=\"menu-item menu-item-type-post_type menu-item-object-page menu-item-38275 tc-menu-item tc-menu-depth-0 tc-menu-align-left tc-menu-layout-default\"><a title=\"Ejes tem\u00e1ticos de la materia\" href=\"https:\/\/www.ing.una.py\/FIUNA3\/?page_id=5978\" class=\"elementor-item\" tabindex=\"-1\" class=\"tc-menu-inner\">Carga Horaria (Mec)<\/a><\/li>\n<li class=\"menu-item menu-item-type-custom menu-item-object-custom menu-item-82908 tc-menu-item tc-menu-depth-0 tc-menu-align-left tc-menu-layout-default\"><a target=\"_blank\" href=\"https:\/\/www.ing.una.py\/Resoluciones2025\/ConsejoDirectivo\/1603\/1603_2025_016_Calendario_Acad_CETUNA_1C_2026.pdf\" class=\"elementor-item\" tabindex=\"-1\" class=\"tc-menu-inner\">Calendario Acad. 1C 2026<\/a><\/li>\n<li class=\"menu-item menu-item-type-custom menu-item-object-custom menu-item-84545 tc-menu-item tc-menu-depth-0 tc-menu-align-left tc-menu-layout-default\"><a target=\"_blank\" href=\"https:\/\/www.ing.una.py\/Resoluciones2026\/ConsejoDirectivo\/1612\/1612_2026_009_Horario_Exams_Parciales_CETUNA_C1_2026.pdf\" class=\"elementor-item\" tabindex=\"-1\" class=\"tc-menu-inner\">Horario de ex\u00e1menes parc. 1C 2026<\/a><\/li>\n<li class=\"menu-item menu-item-type-post_type menu-item-object-page menu-item-38344 tc-menu-item tc-menu-depth-0 tc-menu-align-left tc-menu-layout-default\"><a href=\"https:\/\/www.ing.una.py\/FIUNA3\/?page_id=12200\" class=\"elementor-item\" tabindex=\"-1\" class=\"tc-menu-inner\">Laboratorios<\/a><\/li>\n<li class=\"menu-item menu-item-type-taxonomy menu-item-object-category menu-item-67258 tc-menu-item tc-menu-depth-0 tc-menu-align-left tc-menu-layout-default\"><a href=\"https:\/\/www.ing.una.py\/FIUNA3\/?cat=839\" class=\"elementor-item\" tabindex=\"-1\" class=\"tc-menu-inner\">Proyectos integradores presentados<\/a><\/li>\n<li class=\"menu-item menu-item-type-taxonomy menu-item-object-category menu-item-38425 tc-menu-item tc-menu-depth-0 tc-menu-align-left tc-menu-layout-default\"><a href=\"https:\/\/www.ing.una.py\/FIUNA3\/?cat=319\" class=\"elementor-item\" tabindex=\"-1\" class=\"tc-menu-inner\">Noticias relacionadas<\/a><\/li>\n<\/ul>\t\t\t<\/nav>\n\t\t\t\t\t\t<\/div>\n\t\t\t\t\t<\/div>\n\t\t<\/div>\n\t\t\t\t\t<\/div>\n\t\t<\/section>\n\t\t\t\t<\/div>\n\t\t","protected":false},"excerpt":{"rendered":"<p>T\u00e9cnicos Especialistas en Mec\u00e1nica CETUNA El\/ la T\u00e9cnico Especialista en Mec\u00e1nica podr\u00e1 desempe\u00f1arse en empresas de peque\u00f1a y mediana escala (PYMES) y tambi\u00e9n en empresas de gran porte, supliendo as\u00ed una marcada necesidad en empresas instaladas y pr\u00f3ximas a instalarse en el pa\u00eds. De igual forma podr\u00e1 aplicar las capacidades adquiridas como profesional independiente en el sector privado. Este curso tiene una duraci\u00f3n de 3 a\u00f1os; al final del segundo a\u00f1o se tiene un primer t\u00edtulo intermedio. Fundamentaci\u00f3n El trayecto constituido por la Formaci\u00f3n Profesional de Grado Superior, se presenta como una s\u00edntesis integradora entre la formaci\u00f3n general acad\u00e9mica, aportada &hellip; <\/p>\n","protected":false},"author":1,"featured_media":0,"parent":1813,"menu_order":0,"comment_status":"closed","ping_status":"open","template":"","meta":{"_bbp_topic_count":0,"_bbp_reply_count":0,"_bbp_total_topic_count":0,"_bbp_total_reply_count":0,"_bbp_voice_count":0,"_bbp_anonymous_reply_count":0,"_bbp_topic_count_hidden":0,"_bbp_reply_count_hidden":0,"_bbp_forum_subforum_count":0,"advanced_seo_description":"","jetpack_seo_html_title":"","jetpack_seo_noindex":false,"jetpack_post_was_ever_published":false,"footnotes":""},"class_list":["post-5984","page","type-page","status-publish","hentry"],"jetpack_shortlink":"https:\/\/wp.me\/Pc8Odv-1yw","jetpack_likes_enabled":true,"jetpack_sharing_enabled":true,"jetpack-related-posts":[],"_links":{"self":[{"href":"https:\/\/www.ing.una.py\/FIUNA3\/index.php?rest_route=\/wp\/v2\/pages\/5984","targetHints":{"allow":["GET"]}}],"collection":[{"href":"https:\/\/www.ing.una.py\/FIUNA3\/index.php?rest_route=\/wp\/v2\/pages"}],"about":[{"href":"https:\/\/www.ing.una.py\/FIUNA3\/index.php?rest_route=\/wp\/v2\/types\/page"}],"author":[{"embeddable":true,"href":"https:\/\/www.ing.una.py\/FIUNA3\/index.php?rest_route=\/wp\/v2\/users\/1"}],"replies":[{"embeddable":true,"href":"https:\/\/www.ing.una.py\/FIUNA3\/index.php?rest_route=%2Fwp%2Fv2%2Fcomments&post=5984"}],"version-history":[{"count":17,"href":"https:\/\/www.ing.una.py\/FIUNA3\/index.php?rest_route=\/wp\/v2\/pages\/5984\/revisions"}],"predecessor-version":[{"id":83969,"href":"https:\/\/www.ing.una.py\/FIUNA3\/index.php?rest_route=\/wp\/v2\/pages\/5984\/revisions\/83969"}],"up":[{"embeddable":true,"href":"https:\/\/www.ing.una.py\/FIUNA3\/index.php?rest_route=\/wp\/v2\/pages\/1813"}],"wp:attachment":[{"href":"https:\/\/www.ing.una.py\/FIUNA3\/index.php?rest_route=%2Fwp%2Fv2%2Fmedia&parent=5984"}],"curies":[{"name":"wp","href":"https:\/\/api.w.org\/{rel}","templated":true}]}}