{"id":61496,"date":"2024-03-18T15:05:46","date_gmt":"2024-03-18T18:05:46","guid":{"rendered":"https:\/\/www.ing.una.py\/FIUNA3\/?page_id=61496"},"modified":"2025-05-12T10:48:10","modified_gmt":"2025-05-12T13:48:10","slug":"tribunal-electoral-independiente-fiuna","status":"publish","type":"page","link":"https:\/\/www.ing.una.py\/FIUNA3\/?page_id=61496","title":{"rendered":"Tribunal Electoral Independiente FIUNA"},"content":{"rendered":"\t\t<div data-elementor-type=\"wp-page\" data-elementor-id=\"61496\" class=\"elementor elementor-61496\" data-elementor-post-type=\"page\">\n\t\t\t\t\t\t<section class=\"elementor-section elementor-top-section elementor-element elementor-element-8f9f25f elementor-section-boxed elementor-section-height-default elementor-section-height-default\" data-id=\"8f9f25f\" data-element_type=\"section\" data-e-type=\"section\">\n\t\t\t\t\t\t<div class=\"elementor-container elementor-column-gap-default\">\n\t\t\t\t\t<div class=\"elementor-column elementor-col-66 elementor-top-column elementor-element elementor-element-6005492\" data-id=\"6005492\" data-element_type=\"column\" data-e-type=\"column\">\n\t\t\t<div class=\"elementor-widget-wrap elementor-element-populated\">\n\t\t\t\t\t\t<div class=\"elementor-element elementor-element-e410f81 elementor-widget thim-ekits-heading elementor-widget-thim-heading\" data-id=\"e410f81\" data-element_type=\"widget\" data-e-type=\"widget\" data-widget_type=\"thim-heading.default\">\n\t\t\t\t<div class=\"elementor-widget-container\">\n\t\t\t\t\t<div class=\"sc_heading\"><h2 class=\"title\">Miembros del TEI <\/h2><div class=\"sub-heading\"><p>2024 - 2026<\/p>\n<\/div><span class=\"line\"><\/span><\/div>\t\t\t\t<\/div>\n\t\t\t\t<\/div>\n\t\t\t\t<div class=\"elementor-element elementor-element-0ba28f1 elementor-widget elementor-widget-text-editor\" data-id=\"0ba28f1\" data-element_type=\"widget\" data-e-type=\"widget\" data-widget_type=\"text-editor.default\">\n\t\t\t\t\t\t\t\t\t<ul><li><strong>Prof. Ing. Leandro Jos\u00e9 Delf\u00edn Britos Invernizzi<\/strong><br \/>Miembro Docente Titular \u2013 Presidente TEI<\/li><li><strong>Prof. Ing. Sergio David Cano Qui\u00f1onez<\/strong><br \/>Miembro Docente Titular<\/li><li><strong>Prof. Ing. Mar\u00eda Bel\u00e9n Mart\u00ednez Pavetti<\/strong><br \/>Miembro Docente Titular \u2013 Consejo Directivo<\/li><li><strong>Prof.\u00a0Ing. Adriana Monserrat Ru\u00edz D\u00edaz Cardoso\u00a0<\/strong><br \/>Miembro Docente Suplente<\/li><li><strong>Prof.\u00a0Ing. Christian Alexis Barboza Torales<\/strong><br \/>Miembro Docente Suplente<\/li><li><strong>Prof. Ing.\u00a0Felix Masao Kanazawa Makino<\/strong><br \/>Miembro Docente Suplente \u2013 Consejo Directivo<\/li><li><strong>Ing. Guillermo Isaac Molinas Romero\u00a0<\/strong><br \/>Miembro Graduado Titular<\/li><li><strong>Ing. Marcos Javier Sanabria Alfonso<\/strong><br \/>Miembro Graduado Suplente<\/li><li><strong>Est. Larissa Bel\u00e9n C\u00e1ceres Estigarribia\u00a0<\/strong><br \/>Miembro Estudiantil Titular\u00a0<\/li><li><strong>Est. Tamara Maria Acu\u00f1a Gutierrez\u00a0<\/strong><br \/>Miembro Estudiantil Suplente<\/li><li><strong>Lic. Sonia Emilce Le\u00f3n Ca\u00f1ete<\/strong><br \/>Secretaria del TEI<\/li><\/ul>\t\t\t\t\t\t\t\t<\/div>\n\t\t\t\t\t<\/div>\n\t\t<\/div>\n\t\t\t\t<div class=\"elementor-column elementor-col-33 elementor-top-column elementor-element elementor-element-86aa3ad\" data-id=\"86aa3ad\" data-element_type=\"column\" data-e-type=\"column\">\n\t\t\t<div class=\"elementor-widget-wrap elementor-element-populated\">\n\t\t\t\t\t\t<div class=\"elementor-element elementor-element-8be0a80 elementor-widget elementor-widget-heading\" data-id=\"8be0a80\" data-element_type=\"widget\" data-e-type=\"widget\" data-widget_type=\"heading.default\">\n\t\t\t\t\t<h3 class=\"elementor-heading-title elementor-size-default\">TEI FIUNA<\/h3>\t\t\t\t<\/div>\n\t\t\t\t<div class=\"elementor-element elementor-element-1999362 elementor-nav-menu__align-start elementor-nav-menu--dropdown-mobile elementor-nav-menu__text-align-aside elementor-nav-menu--toggle elementor-nav-menu--burger elementor-widget elementor-widget-nav-menu\" data-id=\"1999362\" data-element_type=\"widget\" data-e-type=\"widget\" data-settings=\"{&quot;layout&quot;:&quot;vertical&quot;,&quot;_animation&quot;:&quot;none&quot;,&quot;submenu_icon&quot;:{&quot;value&quot;:&quot;&lt;svg class=\\&quot;fa-svg-chevron-down e-font-icon-svg e-fas-chevron-down\\&quot; viewBox=\\&quot;0 0 448 512\\&quot; xmlns=\\&quot;http:\\\/\\\/www.w3.org\\\/2000\\\/svg\\&quot;&gt;&lt;path d=\\&quot;M207.029 381.476L12.686 187.132c-9.373-9.373-9.373-24.569 0-33.941l22.667-22.667c9.357-9.357 24.522-9.375 33.901-.04L224 284.505l154.745-154.021c9.379-9.335 24.544-9.317 33.901.04l22.667 22.667c9.373 9.373 9.373 24.569 0 33.941L240.971 381.476c-9.373 9.372-24.569 9.372-33.942 0z\\&quot;&gt;&lt;\\\/path&gt;&lt;\\\/svg&gt;&quot;,&quot;library&quot;:&quot;fa-solid&quot;},&quot;toggle&quot;:&quot;burger&quot;}\" data-widget_type=\"nav-menu.default\">\n\t\t\t\t\t\t\t\t<nav aria-label=\"Men\u00fa\" class=\"elementor-nav-menu--main elementor-nav-menu__container elementor-nav-menu--layout-vertical e--pointer-background e--animation-fade\">\n\t\t\t\t<ul id=\"menu-1-1999362\" class=\"elementor-nav-menu sm-vertical\"><li class=\"menu-item menu-item-type-post_type menu-item-object-page menu-item-61514 tc-menu-item tc-menu-depth-0 tc-menu-align-left tc-menu-layout-default\"><a href=\"https:\/\/www.ing.una.py\/FIUNA3\/?page_id=429\" class=\"elementor-item\" class=\"tc-menu-inner\">Volver a Institucional<\/a><\/li>\n<li class=\"menu-item menu-item-type-post_type menu-item-object-page menu-item-61502 tc-menu-item tc-menu-depth-0 tc-menu-align-left tc-menu-layout-default\"><a href=\"https:\/\/www.ing.una.py\/FIUNA3\/?page_id=61496\" class=\"elementor-item\" class=\"tc-menu-inner\">Miembros TEI<\/a><\/li>\n<li class=\"menu-item menu-item-type-custom menu-item-object-custom menu-item-61512 tc-menu-item tc-menu-depth-0 tc-menu-align-left tc-menu-layout-default\"><a target=\"_blank\" href=\"https:\/\/drive.google.com\/drive\/u\/1\/folders\/1Ezhk8VGu8HVP3Fur8CxSeqS-6OuuQxlV\" class=\"elementor-item\" class=\"tc-menu-inner\">Actas TEI<\/a><\/li>\n<li class=\"menu-item menu-item-type-custom menu-item-object-custom menu-item-61513 tc-menu-item tc-menu-depth-0 tc-menu-align-left tc-menu-layout-default\"><a target=\"_blank\" href=\"https:\/\/www.ing.una.py\/TEI\/2025\/TEI_002_2025_Calendario_electoral.pdf\" class=\"elementor-item\" class=\"tc-menu-inner\">Calendario electoral 2025<\/a><\/li>\n<li class=\"menu-item menu-item-type-post_type menu-item-object-page menu-item-67028 tc-menu-item tc-menu-depth-0 tc-menu-align-left tc-menu-layout-default\"><a href=\"https:\/\/www.ing.una.py\/FIUNA3\/?page_id=67022\" class=\"elementor-item\" class=\"tc-menu-inner\">Tachas y Reclamos<\/a><\/li>\n<li class=\"menu-item menu-item-type-post_type menu-item-object-page menu-item-61528 tc-menu-item tc-menu-depth-0 tc-menu-align-left tc-menu-layout-default\"><a href=\"https:\/\/www.ing.una.py\/FIUNA3\/?page_id=61522\" class=\"elementor-item\" class=\"tc-menu-inner\">Resoluciones TEI 2025<\/a><\/li>\n<li class=\"menu-item menu-item-type-custom menu-item-object-custom menu-item-61515 tc-menu-item tc-menu-depth-0 tc-menu-align-left tc-menu-layout-default\"><a target=\"_blank\" href=\"https:\/\/www.ing.una.py\/TEI\/2025\/PrePadron_Docentes2025.pdf\" class=\"elementor-item\" class=\"tc-menu-inner\">Pre padr\u00f3n docentes 2025<\/a><\/li>\n<li class=\"menu-item menu-item-type-custom menu-item-object-custom menu-item-61516 tc-menu-item tc-menu-depth-0 tc-menu-align-left tc-menu-layout-default\"><a target=\"_blank\" href=\"https:\/\/www.ing.una.py\/TEI\/2025\/PrePadron_Graduados2025.pdf\" class=\"elementor-item\" class=\"tc-menu-inner\">Pre padr\u00f3n graduados 2025<\/a><\/li>\n<li class=\"menu-item menu-item-type-custom menu-item-object-custom menu-item-61517 tc-menu-item tc-menu-depth-0 tc-menu-align-left tc-menu-layout-default\"><a target=\"_blank\" href=\"https:\/\/www.ing.una.py\/TEI\/2024\/Resoluciones\/TEI_005_2024_Padron_Estudiantil.pdf\" class=\"elementor-item\" class=\"tc-menu-inner\">Padr\u00f3n estudiantil<\/a><\/li>\n<li class=\"menu-item menu-item-type-post_type menu-item-object-page menu-item-61545 tc-menu-item tc-menu-depth-0 tc-menu-align-left tc-menu-layout-default\"><a href=\"https:\/\/www.ing.una.py\/FIUNA3\/?page_id=61539\" class=\"elementor-item\" class=\"tc-menu-inner\">Candidaturas TEI 2024<\/a><\/li>\n<li class=\"menu-item menu-item-type-post_type menu-item-object-page menu-item-61518 tc-menu-item tc-menu-depth-0 tc-menu-align-left tc-menu-layout-default\"><a href=\"https:\/\/www.ing.una.py\/FIUNA3\/?page_id=32971\" class=\"elementor-item\" class=\"tc-menu-inner\">Resoluciones TEI anteriores<\/a><\/li>\n<\/ul>\t\t\t<\/nav>\n\t\t\t\t\t<div class=\"elementor-menu-toggle\" role=\"button\" tabindex=\"0\" aria-label=\"Alternar men\u00fa\" aria-expanded=\"false\">\n\t\t\t<svg aria-hidden=\"true\" role=\"presentation\" class=\"elementor-menu-toggle__icon--open e-font-icon-svg e-eicon-menu-bar\" viewBox=\"0 0 1000 1000\" xmlns=\"http:\/\/www.w3.org\/2000\/svg\"><path d=\"M104 333H896C929 333 958 304 958 271S929 208 896 208H104C71 208 42 237 42 271S71 333 104 333ZM104 583H896C929 583 958 554 958 521S929 458 896 458H104C71 458 42 487 42 521S71 583 104 583ZM104 833H896C929 833 958 804 958 771S929 708 896 708H104C71 708 42 737 42 771S71 833 104 833Z\"><\/path><\/svg><svg aria-hidden=\"true\" role=\"presentation\" class=\"elementor-menu-toggle__icon--close e-font-icon-svg e-eicon-close\" viewBox=\"0 0 1000 1000\" xmlns=\"http:\/\/www.w3.org\/2000\/svg\"><path d=\"M742 167L500 408 258 167C246 154 233 150 217 150 196 150 179 158 167 167 154 179 150 196 150 212 150 229 154 242 171 254L408 500 167 742C138 771 138 800 167 829 196 858 225 858 254 829L496 587 738 829C750 842 767 846 783 846 800 846 817 842 829 829 842 817 846 804 846 783 846 767 842 750 829 737L588 500 833 258C863 229 863 200 833 171 804 137 775 137 742 167Z\"><\/path><\/svg>\t\t<\/div>\n\t\t\t\t\t<nav class=\"elementor-nav-menu--dropdown elementor-nav-menu__container\" aria-hidden=\"true\">\n\t\t\t\t<ul id=\"menu-2-1999362\" class=\"elementor-nav-menu sm-vertical\"><li class=\"menu-item menu-item-type-post_type menu-item-object-page menu-item-61514 tc-menu-item tc-menu-depth-0 tc-menu-align-left tc-menu-layout-default\"><a href=\"https:\/\/www.ing.una.py\/FIUNA3\/?page_id=429\" class=\"elementor-item\" tabindex=\"-1\" class=\"tc-menu-inner\">Volver a Institucional<\/a><\/li>\n<li class=\"menu-item menu-item-type-post_type menu-item-object-page menu-item-61502 tc-menu-item tc-menu-depth-0 tc-menu-align-left tc-menu-layout-default\"><a href=\"https:\/\/www.ing.una.py\/FIUNA3\/?page_id=61496\" class=\"elementor-item\" tabindex=\"-1\" class=\"tc-menu-inner\">Miembros TEI<\/a><\/li>\n<li class=\"menu-item menu-item-type-custom menu-item-object-custom menu-item-61512 tc-menu-item tc-menu-depth-0 tc-menu-align-left tc-menu-layout-default\"><a target=\"_blank\" href=\"https:\/\/drive.google.com\/drive\/u\/1\/folders\/1Ezhk8VGu8HVP3Fur8CxSeqS-6OuuQxlV\" class=\"elementor-item\" tabindex=\"-1\" class=\"tc-menu-inner\">Actas TEI<\/a><\/li>\n<li class=\"menu-item menu-item-type-custom menu-item-object-custom menu-item-61513 tc-menu-item tc-menu-depth-0 tc-menu-align-left tc-menu-layout-default\"><a target=\"_blank\" href=\"https:\/\/www.ing.una.py\/TEI\/2025\/TEI_002_2025_Calendario_electoral.pdf\" class=\"elementor-item\" tabindex=\"-1\" class=\"tc-menu-inner\">Calendario electoral 2025<\/a><\/li>\n<li class=\"menu-item menu-item-type-post_type menu-item-object-page menu-item-67028 tc-menu-item tc-menu-depth-0 tc-menu-align-left tc-menu-layout-default\"><a href=\"https:\/\/www.ing.una.py\/FIUNA3\/?page_id=67022\" class=\"elementor-item\" tabindex=\"-1\" class=\"tc-menu-inner\">Tachas y Reclamos<\/a><\/li>\n<li class=\"menu-item menu-item-type-post_type menu-item-object-page menu-item-61528 tc-menu-item tc-menu-depth-0 tc-menu-align-left tc-menu-layout-default\"><a href=\"https:\/\/www.ing.una.py\/FIUNA3\/?page_id=61522\" class=\"elementor-item\" tabindex=\"-1\" class=\"tc-menu-inner\">Resoluciones TEI 2025<\/a><\/li>\n<li class=\"menu-item menu-item-type-custom menu-item-object-custom menu-item-61515 tc-menu-item tc-menu-depth-0 tc-menu-align-left tc-menu-layout-default\"><a target=\"_blank\" href=\"https:\/\/www.ing.una.py\/TEI\/2025\/PrePadron_Docentes2025.pdf\" class=\"elementor-item\" tabindex=\"-1\" class=\"tc-menu-inner\">Pre padr\u00f3n docentes 2025<\/a><\/li>\n<li class=\"menu-item menu-item-type-custom menu-item-object-custom menu-item-61516 tc-menu-item tc-menu-depth-0 tc-menu-align-left tc-menu-layout-default\"><a target=\"_blank\" href=\"https:\/\/www.ing.una.py\/TEI\/2025\/PrePadron_Graduados2025.pdf\" class=\"elementor-item\" tabindex=\"-1\" class=\"tc-menu-inner\">Pre padr\u00f3n graduados 2025<\/a><\/li>\n<li class=\"menu-item menu-item-type-custom menu-item-object-custom menu-item-61517 tc-menu-item tc-menu-depth-0 tc-menu-align-left tc-menu-layout-default\"><a target=\"_blank\" href=\"https:\/\/www.ing.una.py\/TEI\/2024\/Resoluciones\/TEI_005_2024_Padron_Estudiantil.pdf\" class=\"elementor-item\" tabindex=\"-1\" class=\"tc-menu-inner\">Padr\u00f3n estudiantil<\/a><\/li>\n<li class=\"menu-item menu-item-type-post_type menu-item-object-page menu-item-61545 tc-menu-item tc-menu-depth-0 tc-menu-align-left tc-menu-layout-default\"><a href=\"https:\/\/www.ing.una.py\/FIUNA3\/?page_id=61539\" class=\"elementor-item\" tabindex=\"-1\" class=\"tc-menu-inner\">Candidaturas TEI 2024<\/a><\/li>\n<li class=\"menu-item menu-item-type-post_type menu-item-object-page menu-item-61518 tc-menu-item tc-menu-depth-0 tc-menu-align-left tc-menu-layout-default\"><a href=\"https:\/\/www.ing.una.py\/FIUNA3\/?page_id=32971\" class=\"elementor-item\" tabindex=\"-1\" class=\"tc-menu-inner\">Resoluciones TEI anteriores<\/a><\/li>\n<\/ul>\t\t\t<\/nav>\n\t\t\t\t\t\t<\/div>\n\t\t\t\t\t<\/div>\n\t\t<\/div>\n\t\t\t\t\t<\/div>\n\t\t<\/section>\n\t\t\t\t<section class=\"elementor-section elementor-top-section elementor-element elementor-element-8c23d91 elementor-section-boxed elementor-section-height-default elementor-section-height-default\" data-id=\"8c23d91\" data-element_type=\"section\" data-e-type=\"section\">\n\t\t\t\t\t\t<div class=\"elementor-container elementor-column-gap-default\">\n\t\t\t\t\t<div class=\"elementor-column elementor-col-100 elementor-top-column elementor-element elementor-element-4b07ac7\" data-id=\"4b07ac7\" data-element_type=\"column\" data-e-type=\"column\">\n\t\t\t<div class=\"elementor-widget-wrap elementor-element-populated\">\n\t\t\t\t\t\t<div class=\"elementor-element elementor-element-7b3d6b7 elementor-widget-divider--view-line elementor-invisible elementor-widget elementor-widget-divider\" data-id=\"7b3d6b7\" data-element_type=\"widget\" data-e-type=\"widget\" data-settings=\"{&quot;_animation&quot;:&quot;fadeIn&quot;}\" data-widget_type=\"divider.default\">\n\t\t\t\t\t\t\t<div class=\"elementor-divider\">\n\t\t\t<span class=\"elementor-divider-separator\">\n\t\t\t\t\t\t<\/span>\n\t\t<\/div>\n\t\t\t\t\t\t<\/div>\n\t\t\t\t\t<\/div>\n\t\t<\/div>\n\t\t\t\t\t<\/div>\n\t\t<\/section>\n\t\t<div class=\"elementor-element elementor-element-c44d4c8 e-flex e-con-boxed e-con e-parent\" data-id=\"c44d4c8\" data-element_type=\"container\" data-e-type=\"container\">\n\t\t\t\t\t<div class=\"e-con-inner\">\n\t\t<div class=\"elementor-element elementor-element-08c3fab e-con-full e-flex e-con e-child\" data-id=\"08c3fab\" data-element_type=\"container\" data-e-type=\"container\">\n\t\t\t\t<div class=\"elementor-element elementor-element-ee19b90 elementor-widget elementor-widget-heading\" data-id=\"ee19b90\" data-element_type=\"widget\" data-e-type=\"widget\" data-widget_type=\"heading.default\">\n\t\t\t\t\t<h2 class=\"elementor-heading-title elementor-size-default\">Contacto<\/h2>\t\t\t\t<\/div>\n\t\t\t\t<div class=\"elementor-element elementor-element-d896467 elementor-widget elementor-widget-text-editor\" data-id=\"d896467\" data-element_type=\"widget\" data-e-type=\"widget\" data-widget_type=\"text-editor.default\">\n\t\t\t\t\t\t\t\t\t<p><a href=\"mailto:tei@ing.una.py\" target=\"_blank\" rel=\"noopener\">tei@ing.una.py<\/a><\/p>\t\t\t\t\t\t\t\t<\/div>\n\t\t\t\t<\/div>\n\t\t\t\t\t<\/div>\n\t\t\t\t<\/div>\n\t\t\t\t<\/div>\n\t\t","protected":false},"excerpt":{"rendered":"<p>Miembros del TEI 2024 &#8211; 2026 Prof. Ing. Leandro Jos\u00e9 Delf\u00edn Britos InvernizziMiembro Docente Titular \u2013 Presidente TEI Prof. Ing. Sergio David Cano Qui\u00f1onezMiembro Docente Titular Prof. Ing. Mar\u00eda Bel\u00e9n Mart\u00ednez PavettiMiembro Docente Titular \u2013 Consejo Directivo Prof.\u00a0Ing. Adriana Monserrat Ru\u00edz D\u00edaz Cardoso\u00a0Miembro Docente Suplente Prof.\u00a0Ing. Christian Alexis Barboza ToralesMiembro Docente Suplente Prof. Ing.\u00a0Felix Masao Kanazawa MakinoMiembro Docente Suplente \u2013 Consejo Directivo Ing. Guillermo Isaac Molinas Romero\u00a0Miembro Graduado Titular Ing. Marcos Javier Sanabria AlfonsoMiembro Graduado Suplente Est. Larissa Bel\u00e9n C\u00e1ceres Estigarribia\u00a0Miembro Estudiantil Titular\u00a0 Est. Tamara Maria Acu\u00f1a Gutierrez\u00a0Miembro Estudiantil Suplente Lic. Sonia Emilce Le\u00f3n Ca\u00f1eteSecretaria del TEI &lt;h3&gt;TEI FIUNA&lt;\/h3&gt; &lt;h2&gt;Contacto&lt;\/h2&gt; &hellip; <\/p>\n","protected":false},"author":1,"featured_media":0,"parent":0,"menu_order":0,"comment_status":"closed","ping_status":"open","template":"","meta":{"_bbp_topic_count":0,"_bbp_reply_count":0,"_bbp_total_topic_count":0,"_bbp_total_reply_count":0,"_bbp_voice_count":0,"_bbp_anonymous_reply_count":0,"_bbp_topic_count_hidden":0,"_bbp_reply_count_hidden":0,"_bbp_forum_subforum_count":0,"advanced_seo_description":"","jetpack_seo_html_title":"","jetpack_seo_noindex":false,"jetpack_post_was_ever_published":false,"footnotes":""},"class_list":["post-61496","page","type-page","status-publish","hentry"],"jetpack_shortlink":"https:\/\/wp.me\/Pc8Odv-fZS","jetpack_likes_enabled":true,"jetpack_sharing_enabled":true,"jetpack-related-posts":[],"_links":{"self":[{"href":"https:\/\/www.ing.una.py\/FIUNA3\/index.php?rest_route=\/wp\/v2\/pages\/61496","targetHints":{"allow":["GET"]}}],"collection":[{"href":"https:\/\/www.ing.una.py\/FIUNA3\/index.php?rest_route=\/wp\/v2\/pages"}],"about":[{"href":"https:\/\/www.ing.una.py\/FIUNA3\/index.php?rest_route=\/wp\/v2\/types\/page"}],"author":[{"embeddable":true,"href":"https:\/\/www.ing.una.py\/FIUNA3\/index.php?rest_route=\/wp\/v2\/users\/1"}],"replies":[{"embeddable":true,"href":"https:\/\/www.ing.una.py\/FIUNA3\/index.php?rest_route=%2Fwp%2Fv2%2Fcomments&post=61496"}],"version-history":[{"count":41,"href":"https:\/\/www.ing.una.py\/FIUNA3\/index.php?rest_route=\/wp\/v2\/pages\/61496\/revisions"}],"predecessor-version":[{"id":78386,"href":"https:\/\/www.ing.una.py\/FIUNA3\/index.php?rest_route=\/wp\/v2\/pages\/61496\/revisions\/78386"}],"wp:attachment":[{"href":"https:\/\/www.ing.una.py\/FIUNA3\/index.php?rest_route=%2Fwp%2Fv2%2Fmedia&parent=61496"}],"curies":[{"name":"wp","href":"https:\/\/api.w.org\/{rel}","templated":true}]}}