{"id":61522,"date":"2024-03-18T15:36:05","date_gmt":"2024-03-18T18:36:05","guid":{"rendered":"https:\/\/www.ing.una.py\/FIUNA3\/?page_id=61522"},"modified":"2025-10-22T11:03:49","modified_gmt":"2025-10-22T14:03:49","slug":"resoluciones-del-tei-2022","status":"publish","type":"page","link":"https:\/\/www.ing.una.py\/FIUNA3\/?page_id=61522","title":{"rendered":"Resoluciones TEI"},"content":{"rendered":"\t\t<div data-elementor-type=\"wp-page\" data-elementor-id=\"61522\" class=\"elementor elementor-61522\" data-elementor-post-type=\"page\">\n\t\t\t\t\t\t<section class=\"elementor-section elementor-top-section elementor-element elementor-element-daab52b elementor-section-boxed elementor-section-height-default elementor-section-height-default\" data-id=\"daab52b\" data-element_type=\"section\" data-e-type=\"section\">\n\t\t\t\t\t\t<div class=\"elementor-container elementor-column-gap-default\">\n\t\t\t\t\t<div class=\"elementor-column elementor-col-66 elementor-top-column elementor-element elementor-element-f0a3859\" data-id=\"f0a3859\" data-element_type=\"column\" data-e-type=\"column\">\n\t\t\t<div class=\"elementor-widget-wrap elementor-element-populated\">\n\t\t\t\t\t\t<div class=\"elementor-element elementor-element-9b1f9b6 elementor-widget thim-ekits-heading elementor-widget-thim-heading\" data-id=\"9b1f9b6\" data-element_type=\"widget\" data-e-type=\"widget\" data-widget_type=\"thim-heading.default\">\n\t\t\t\t<div class=\"elementor-widget-container\">\n\t\t\t\t\t<div class=\"sc_heading\"><h3 class=\"title\">Resoluciones TEI  <span class=\"thim-color\">2025<\/span><\/h3><div class=\"sub-heading\"><p>Tribunal Electoral Independiente <\/p>\n<\/div><span class=\"line\"><\/span><\/div>\t\t\t\t<\/div>\n\t\t\t\t<\/div>\n\t\t\t\t<div class=\"elementor-element elementor-element-472ec25 elementor-cta--layout-image-above elementor-cta--skin-classic elementor-animated-content elementor-bg-transform elementor-bg-transform-zoom-in elementor-widget elementor-widget-call-to-action\" data-id=\"472ec25\" data-element_type=\"widget\" data-e-type=\"widget\" data-widget_type=\"call-to-action.default\">\n\t\t\t\t\t\t\t<div class=\"elementor-cta\">\n\t\t\t\t\t\t\t<div class=\"elementor-cta__content\">\n\t\t\t\t\n\t\t\t\t\n\t\t\t\t\t\t\t\t\t<div class=\"elementor-cta__description elementor-cta__content-item elementor-content-item\">\n\t\t\t\t\t\tEn cumplimiento a la Ley 5282 de Libre Acceso a la Informaci\u00f3n p\u00fablica,\u00a0se informa que las dem\u00e1s Resoluciones se encuentran disponibles \t\t\t\t\t<\/div>\n\t\t\t\t\n\t\t\t\t\t\t\t\t\t<div class=\"elementor-cta__button-wrapper elementor-cta__content-item elementor-content-item \">\n\t\t\t\t\t<a class=\"elementor-cta__button elementor-button elementor-size-xs\" href=\"https:\/\/drive.google.com\/drive\/folders\/1Ezhk8VGu8HVP3Fur8CxSeqS-6OuuQxlV?usp=sharing\">\n\t\t\t\t\t\tAQU\u00cd\t\t\t\t\t<\/a>\n\t\t\t\t\t<\/div>\n\t\t\t\t\t\t\t<\/div>\n\t\t\t\t\t\t<\/div>\n\t\t\t\t\t\t<\/div>\n\t\t\t\t<div class=\"elementor-element elementor-element-3daa13c elementor-widget elementor-widget-text-editor\" data-id=\"3daa13c\" data-element_type=\"widget\" data-e-type=\"widget\" data-widget_type=\"text-editor.default\">\n\t\t\t\t\t\t\t\t\t<p><a href=\"https:\/\/www.ing.una.py\/TEI\/2025\/TEI_011_2025_Designacion_Mesas_Receptoras_VotosyVeedores_Comicios_ED_EG.pdf\" target=\"_blank\" rel=\"noopener\">Resoluci\u00f3n TEI N\u00b0 011\/2025<\/a> Por la cual se<strong> designan Miembros de Mesas Receptoras de Votos y Veedores<\/strong> para los Comicios de los Estamentos Docentes y Graduados de la FIUNA.<\/p><p><a href=\"https:\/\/www.ing.una.py\/TEI\/2025\/TEI_009_2025_Aprobacion_modelos_Boletines_Votos_Docentes_Graduados_FIUNA.pdf\" target=\"_blank\" rel=\"noopener\">Resoluci\u00f3n TEI N\u00b0 009\/2025<\/a> Por la cual se aprueban los modelos de Boletines de Votos a ser utilizados en las<strong> elecciones de Representantes Titulares y Suplentes de los Estamentos Docentes y Graduados<\/strong> de la Instituci\u00f3n.<\/p><p><a href=\"https:\/\/www.ing.una.py\/TEI\/2025\/TEI_008_2025_Aprobacion_candidaturas_docygraduados.pdf\" target=\"_blank\" rel=\"noopener\">Resoluci\u00f3n TEI N\u00b0 008\/2025<\/a> Por la cual se <strong>aprueban las candidaturas para los comicios de los Estamentos de Docentes y Graduados, Periodo 2025-2028<\/strong> de la FIUNA, seg\u00fan lo dispuesto en el inc.r. del Calendario Electoral.<\/p><p><a href=\"https:\/\/www.ing.una.py\/TEI\/2025\/TEI_007_2025_Tacha_e_Impugnacion_candidatura_elecciones_graduados.pdf\" target=\"_blank\" rel=\"noopener\">Resoluci\u00f3n TEI N\u00b0 007\/2025<\/a> P<span style=\"font-weight: 400;\">or la cual <strong>se resuelve la Tacha e Impugnaci\u00f3n a la Candidatura<\/strong> para las Elecciones del Estamento de <strong>Graduados de la FIUNA.<\/strong><\/span><\/p><p><a href=\"https:\/\/www.ing.una.py\/TEI\/2025\/TEI_006_2025_Tacha_e_Impugnacion_candidatura_elecciones_docentes.pdf\" target=\"_blank\" rel=\"noopener\">Resoluci\u00f3n TEI N\u00b0 006\/2025<\/a> P<span style=\"font-weight: 400;\">or la cual <strong>se resuelve la Tacha e Impugnaci\u00f3n a la Candidatura<\/strong> para las Elecciones del Estamento de <strong>Docentes de la FIUNA.<\/strong><\/span><\/p><p><a href=\"https:\/\/www.ing.una.py\/TEI\/2025\/TEI_005_2025.pdf\" target=\"_blank\" rel=\"noopener\"><strong>Resoluci\u00f3n TEI N\u00b0 005\/2025<\/strong><\/a> Por la cual se <strong>aprueba la publicaci\u00f3n del Padr\u00f3n definitivo de Docentes y Graduados<\/strong> de la Facultad De Ingenier\u00eda De La Universidad Nacional De Asunci\u00f3n.<\/p><p><a href=\"https:\/\/www.ing.una.py\/TEI\/2025\/TEI_004_2025.pdf\" target=\"_blank\" rel=\"noopener\"><strong>Resoluci\u00f3n TEI N\u00b0 004\/2025<\/strong><\/a> Por la cual <strong>se resuelven las Tachas y Reclamos Al Pre padron de Docentes y Graduados<\/strong> para las elecciones 2025.<\/p><p><a href=\"https:\/\/www.ing.una.py\/TEI\/2025\/TEI_003_2025_Publicacion_prepadron_docentes_graduados.pdf\" target=\"_blank\" rel=\"noopener\"><strong>Resoluci\u00f3n TEI N\u00b0 003\/2025<\/strong><\/a> Por la cual se aprueba la <strong>publicaci\u00f3n del Pre Padr\u00f3n de Docentes y Graduados de la FIUNA.<\/strong><\/p><p><a href=\"https:\/\/www.ing.una.py\/TEI\/2025\/TEI_002_2025_Calendario_electoral.pdf\" target=\"_blank\" rel=\"noopener\"><strong>Resoluci\u00f3n TEI N\u00b0 002\/2025<\/strong><\/a>\u00a0Por la cual se convoca a\u00a0<strong>Comicios Universitarios<\/strong>\u00a0y se establece\u00a0<strong>Calendario Electoral para el Estamento de Docentes y de Graduados<\/strong> &#8211; Periodo 2025 &#8211; 2028 de la FIUNA.<\/p><p><a href=\"https:\/\/www.ing.una.py\/TEI\/2025\/TEI_001_2025_Designacion_secretaria.pdf\" target=\"_blank\" rel=\"noopener\"><strong>Resoluci\u00f3n TEI N\u00b0 001\/2025<\/strong><\/a>\u00a0Por la cual se\u00a0<strong>designa Secretaria del Presidente del TEI<\/strong>\u00a0<\/p>\t\t\t\t\t\t\t\t<\/div>\n\t\t\t\t\t<\/div>\n\t\t<\/div>\n\t\t\t\t<div class=\"elementor-column elementor-col-33 elementor-top-column elementor-element elementor-element-1ed796c\" data-id=\"1ed796c\" data-element_type=\"column\" data-e-type=\"column\">\n\t\t\t<div class=\"elementor-widget-wrap elementor-element-populated\">\n\t\t\t\t\t\t<div class=\"elementor-element elementor-element-3c02143 elementor-widget elementor-widget-heading\" data-id=\"3c02143\" data-element_type=\"widget\" data-e-type=\"widget\" data-widget_type=\"heading.default\">\n\t\t\t\t\t<h3 class=\"elementor-heading-title elementor-size-default\">Institucional<\/h3>\t\t\t\t<\/div>\n\t\t\t\t<div class=\"elementor-element elementor-element-9339cf6 elementor-nav-menu__align-start elementor-nav-menu--dropdown-mobile elementor-nav-menu__text-align-aside elementor-nav-menu--toggle elementor-nav-menu--burger elementor-widget elementor-widget-nav-menu\" data-id=\"9339cf6\" data-element_type=\"widget\" data-e-type=\"widget\" data-settings=\"{&quot;layout&quot;:&quot;vertical&quot;,&quot;_animation&quot;:&quot;none&quot;,&quot;submenu_icon&quot;:{&quot;value&quot;:&quot;&lt;svg class=\\&quot;fa-svg-chevron-down e-font-icon-svg e-fas-chevron-down\\&quot; viewBox=\\&quot;0 0 448 512\\&quot; xmlns=\\&quot;http:\\\/\\\/www.w3.org\\\/2000\\\/svg\\&quot;&gt;&lt;path d=\\&quot;M207.029 381.476L12.686 187.132c-9.373-9.373-9.373-24.569 0-33.941l22.667-22.667c9.357-9.357 24.522-9.375 33.901-.04L224 284.505l154.745-154.021c9.379-9.335 24.544-9.317 33.901.04l22.667 22.667c9.373 9.373 9.373 24.569 0 33.941L240.971 381.476c-9.373 9.372-24.569 9.372-33.942 0z\\&quot;&gt;&lt;\\\/path&gt;&lt;\\\/svg&gt;&quot;,&quot;library&quot;:&quot;fa-solid&quot;},&quot;toggle&quot;:&quot;burger&quot;}\" data-widget_type=\"nav-menu.default\">\n\t\t\t\t\t\t\t\t<nav aria-label=\"Men\u00fa\" class=\"elementor-nav-menu--main elementor-nav-menu__container elementor-nav-menu--layout-vertical e--pointer-background e--animation-fade\">\n\t\t\t\t<ul id=\"menu-1-9339cf6\" class=\"elementor-nav-menu sm-vertical\"><li class=\"menu-item menu-item-type-post_type menu-item-object-page menu-item-61514 tc-menu-item tc-menu-depth-0 tc-menu-align-left tc-menu-layout-default\"><a href=\"https:\/\/www.ing.una.py\/FIUNA3\/?page_id=429\" class=\"elementor-item\" class=\"tc-menu-inner\">Volver a Institucional<\/a><\/li>\n<li class=\"menu-item menu-item-type-post_type menu-item-object-page menu-item-61502 tc-menu-item tc-menu-depth-0 tc-menu-align-left tc-menu-layout-default\"><a href=\"https:\/\/www.ing.una.py\/FIUNA3\/?page_id=61496\" class=\"elementor-item\" class=\"tc-menu-inner\">Miembros TEI<\/a><\/li>\n<li class=\"menu-item menu-item-type-custom menu-item-object-custom menu-item-61512 tc-menu-item tc-menu-depth-0 tc-menu-align-left tc-menu-layout-default\"><a target=\"_blank\" href=\"https:\/\/drive.google.com\/drive\/u\/1\/folders\/1Ezhk8VGu8HVP3Fur8CxSeqS-6OuuQxlV\" class=\"elementor-item\" class=\"tc-menu-inner\">Actas TEI<\/a><\/li>\n<li class=\"menu-item menu-item-type-custom menu-item-object-custom menu-item-61513 tc-menu-item tc-menu-depth-0 tc-menu-align-left tc-menu-layout-default\"><a target=\"_blank\" href=\"https:\/\/www.ing.una.py\/TEI\/2025\/TEI_002_2025_Calendario_electoral.pdf\" class=\"elementor-item\" class=\"tc-menu-inner\">Calendario electoral 2025<\/a><\/li>\n<li class=\"menu-item menu-item-type-post_type menu-item-object-page menu-item-67028 tc-menu-item tc-menu-depth-0 tc-menu-align-left tc-menu-layout-default\"><a href=\"https:\/\/www.ing.una.py\/FIUNA3\/?page_id=67022\" class=\"elementor-item\" class=\"tc-menu-inner\">Tachas y Reclamos<\/a><\/li>\n<li class=\"menu-item menu-item-type-post_type menu-item-object-page menu-item-61528 tc-menu-item tc-menu-depth-0 tc-menu-align-left tc-menu-layout-default\"><a href=\"https:\/\/www.ing.una.py\/FIUNA3\/?page_id=61522\" class=\"elementor-item\" class=\"tc-menu-inner\">Resoluciones TEI 2025<\/a><\/li>\n<li class=\"menu-item menu-item-type-custom menu-item-object-custom menu-item-61515 tc-menu-item tc-menu-depth-0 tc-menu-align-left tc-menu-layout-default\"><a target=\"_blank\" href=\"https:\/\/www.ing.una.py\/TEI\/2025\/PrePadron_Docentes2025.pdf\" class=\"elementor-item\" class=\"tc-menu-inner\">Pre padr\u00f3n docentes 2025<\/a><\/li>\n<li class=\"menu-item menu-item-type-custom menu-item-object-custom menu-item-61516 tc-menu-item tc-menu-depth-0 tc-menu-align-left tc-menu-layout-default\"><a target=\"_blank\" href=\"https:\/\/www.ing.una.py\/TEI\/2025\/PrePadron_Graduados2025.pdf\" class=\"elementor-item\" class=\"tc-menu-inner\">Pre padr\u00f3n graduados 2025<\/a><\/li>\n<li class=\"menu-item menu-item-type-custom menu-item-object-custom menu-item-61517 tc-menu-item tc-menu-depth-0 tc-menu-align-left tc-menu-layout-default\"><a target=\"_blank\" href=\"https:\/\/www.ing.una.py\/TEI\/2024\/Resoluciones\/TEI_005_2024_Padron_Estudiantil.pdf\" class=\"elementor-item\" class=\"tc-menu-inner\">Padr\u00f3n estudiantil<\/a><\/li>\n<li class=\"menu-item menu-item-type-post_type menu-item-object-page menu-item-61545 tc-menu-item tc-menu-depth-0 tc-menu-align-left tc-menu-layout-default\"><a href=\"https:\/\/www.ing.una.py\/FIUNA3\/?page_id=61539\" class=\"elementor-item\" class=\"tc-menu-inner\">Candidaturas TEI 2024<\/a><\/li>\n<li class=\"menu-item menu-item-type-post_type menu-item-object-page menu-item-61518 tc-menu-item tc-menu-depth-0 tc-menu-align-left tc-menu-layout-default\"><a href=\"https:\/\/www.ing.una.py\/FIUNA3\/?page_id=32971\" class=\"elementor-item\" class=\"tc-menu-inner\">Resoluciones TEI anteriores<\/a><\/li>\n<\/ul>\t\t\t<\/nav>\n\t\t\t\t\t<div class=\"elementor-menu-toggle\" role=\"button\" tabindex=\"0\" aria-label=\"Alternar men\u00fa\" aria-expanded=\"false\">\n\t\t\t<svg aria-hidden=\"true\" role=\"presentation\" class=\"elementor-menu-toggle__icon--open e-font-icon-svg e-eicon-menu-bar\" viewBox=\"0 0 1000 1000\" xmlns=\"http:\/\/www.w3.org\/2000\/svg\"><path d=\"M104 333H896C929 333 958 304 958 271S929 208 896 208H104C71 208 42 237 42 271S71 333 104 333ZM104 583H896C929 583 958 554 958 521S929 458 896 458H104C71 458 42 487 42 521S71 583 104 583ZM104 833H896C929 833 958 804 958 771S929 708 896 708H104C71 708 42 737 42 771S71 833 104 833Z\"><\/path><\/svg><svg aria-hidden=\"true\" role=\"presentation\" class=\"elementor-menu-toggle__icon--close e-font-icon-svg e-eicon-close\" viewBox=\"0 0 1000 1000\" xmlns=\"http:\/\/www.w3.org\/2000\/svg\"><path d=\"M742 167L500 408 258 167C246 154 233 150 217 150 196 150 179 158 167 167 154 179 150 196 150 212 150 229 154 242 171 254L408 500 167 742C138 771 138 800 167 829 196 858 225 858 254 829L496 587 738 829C750 842 767 846 783 846 800 846 817 842 829 829 842 817 846 804 846 783 846 767 842 750 829 737L588 500 833 258C863 229 863 200 833 171 804 137 775 137 742 167Z\"><\/path><\/svg>\t\t<\/div>\n\t\t\t\t\t<nav class=\"elementor-nav-menu--dropdown elementor-nav-menu__container\" aria-hidden=\"true\">\n\t\t\t\t<ul id=\"menu-2-9339cf6\" class=\"elementor-nav-menu sm-vertical\"><li class=\"menu-item menu-item-type-post_type menu-item-object-page menu-item-61514 tc-menu-item tc-menu-depth-0 tc-menu-align-left tc-menu-layout-default\"><a href=\"https:\/\/www.ing.una.py\/FIUNA3\/?page_id=429\" class=\"elementor-item\" tabindex=\"-1\" class=\"tc-menu-inner\">Volver a Institucional<\/a><\/li>\n<li class=\"menu-item menu-item-type-post_type menu-item-object-page menu-item-61502 tc-menu-item tc-menu-depth-0 tc-menu-align-left tc-menu-layout-default\"><a href=\"https:\/\/www.ing.una.py\/FIUNA3\/?page_id=61496\" class=\"elementor-item\" tabindex=\"-1\" class=\"tc-menu-inner\">Miembros TEI<\/a><\/li>\n<li class=\"menu-item menu-item-type-custom menu-item-object-custom menu-item-61512 tc-menu-item tc-menu-depth-0 tc-menu-align-left tc-menu-layout-default\"><a target=\"_blank\" href=\"https:\/\/drive.google.com\/drive\/u\/1\/folders\/1Ezhk8VGu8HVP3Fur8CxSeqS-6OuuQxlV\" class=\"elementor-item\" tabindex=\"-1\" class=\"tc-menu-inner\">Actas TEI<\/a><\/li>\n<li class=\"menu-item menu-item-type-custom menu-item-object-custom menu-item-61513 tc-menu-item tc-menu-depth-0 tc-menu-align-left tc-menu-layout-default\"><a target=\"_blank\" href=\"https:\/\/www.ing.una.py\/TEI\/2025\/TEI_002_2025_Calendario_electoral.pdf\" class=\"elementor-item\" tabindex=\"-1\" class=\"tc-menu-inner\">Calendario electoral 2025<\/a><\/li>\n<li class=\"menu-item menu-item-type-post_type menu-item-object-page menu-item-67028 tc-menu-item tc-menu-depth-0 tc-menu-align-left tc-menu-layout-default\"><a href=\"https:\/\/www.ing.una.py\/FIUNA3\/?page_id=67022\" class=\"elementor-item\" tabindex=\"-1\" class=\"tc-menu-inner\">Tachas y Reclamos<\/a><\/li>\n<li class=\"menu-item menu-item-type-post_type menu-item-object-page menu-item-61528 tc-menu-item tc-menu-depth-0 tc-menu-align-left tc-menu-layout-default\"><a href=\"https:\/\/www.ing.una.py\/FIUNA3\/?page_id=61522\" class=\"elementor-item\" tabindex=\"-1\" class=\"tc-menu-inner\">Resoluciones TEI 2025<\/a><\/li>\n<li class=\"menu-item menu-item-type-custom menu-item-object-custom menu-item-61515 tc-menu-item tc-menu-depth-0 tc-menu-align-left tc-menu-layout-default\"><a target=\"_blank\" href=\"https:\/\/www.ing.una.py\/TEI\/2025\/PrePadron_Docentes2025.pdf\" class=\"elementor-item\" tabindex=\"-1\" class=\"tc-menu-inner\">Pre padr\u00f3n docentes 2025<\/a><\/li>\n<li class=\"menu-item menu-item-type-custom menu-item-object-custom menu-item-61516 tc-menu-item tc-menu-depth-0 tc-menu-align-left tc-menu-layout-default\"><a target=\"_blank\" href=\"https:\/\/www.ing.una.py\/TEI\/2025\/PrePadron_Graduados2025.pdf\" class=\"elementor-item\" tabindex=\"-1\" class=\"tc-menu-inner\">Pre padr\u00f3n graduados 2025<\/a><\/li>\n<li class=\"menu-item menu-item-type-custom menu-item-object-custom menu-item-61517 tc-menu-item tc-menu-depth-0 tc-menu-align-left tc-menu-layout-default\"><a target=\"_blank\" href=\"https:\/\/www.ing.una.py\/TEI\/2024\/Resoluciones\/TEI_005_2024_Padron_Estudiantil.pdf\" class=\"elementor-item\" tabindex=\"-1\" class=\"tc-menu-inner\">Padr\u00f3n estudiantil<\/a><\/li>\n<li class=\"menu-item menu-item-type-post_type menu-item-object-page menu-item-61545 tc-menu-item tc-menu-depth-0 tc-menu-align-left tc-menu-layout-default\"><a href=\"https:\/\/www.ing.una.py\/FIUNA3\/?page_id=61539\" class=\"elementor-item\" tabindex=\"-1\" class=\"tc-menu-inner\">Candidaturas TEI 2024<\/a><\/li>\n<li class=\"menu-item menu-item-type-post_type menu-item-object-page menu-item-61518 tc-menu-item tc-menu-depth-0 tc-menu-align-left tc-menu-layout-default\"><a href=\"https:\/\/www.ing.una.py\/FIUNA3\/?page_id=32971\" class=\"elementor-item\" tabindex=\"-1\" class=\"tc-menu-inner\">Resoluciones TEI anteriores<\/a><\/li>\n<\/ul>\t\t\t<\/nav>\n\t\t\t\t\t\t<\/div>\n\t\t\t\t\t<\/div>\n\t\t<\/div>\n\t\t\t\t\t<\/div>\n\t\t<\/section>\n\t\t\t\t<\/div>\n\t\t","protected":false},"excerpt":{"rendered":"<p>Resoluciones TEI 2025 Tribunal Electoral Independiente En cumplimiento a la Ley 5282 de Libre Acceso a la Informaci\u00f3n p\u00fablica,\u00a0se informa que las dem\u00e1s Resoluciones se encuentran disponibles AQU\u00cd Resoluci\u00f3n TEI N\u00b0 011\/2025 Por la cual se designan Miembros de Mesas Receptoras de Votos y Veedores para los Comicios de los Estamentos Docentes y Graduados de la FIUNA. Resoluci\u00f3n TEI N\u00b0 009\/2025 Por la cual se aprueban los modelos de Boletines de Votos a ser utilizados en las elecciones de Representantes Titulares y Suplentes de los Estamentos Docentes y Graduados de la Instituci\u00f3n. Resoluci\u00f3n TEI N\u00b0 008\/2025 Por la cual se &hellip; <\/p>\n","protected":false},"author":1,"featured_media":0,"parent":61496,"menu_order":0,"comment_status":"closed","ping_status":"open","template":"","meta":{"_bbp_topic_count":0,"_bbp_reply_count":0,"_bbp_total_topic_count":0,"_bbp_total_reply_count":0,"_bbp_voice_count":0,"_bbp_anonymous_reply_count":0,"_bbp_topic_count_hidden":0,"_bbp_reply_count_hidden":0,"_bbp_forum_subforum_count":0,"advanced_seo_description":"","jetpack_seo_html_title":"","jetpack_seo_noindex":false,"jetpack_post_was_ever_published":false,"footnotes":""},"class_list":["post-61522","page","type-page","status-publish","hentry"],"jetpack_shortlink":"https:\/\/wp.me\/Pc8Odv-g0i","jetpack_likes_enabled":true,"jetpack_sharing_enabled":true,"jetpack-related-posts":[],"_links":{"self":[{"href":"https:\/\/www.ing.una.py\/FIUNA3\/index.php?rest_route=\/wp\/v2\/pages\/61522","targetHints":{"allow":["GET"]}}],"collection":[{"href":"https:\/\/www.ing.una.py\/FIUNA3\/index.php?rest_route=\/wp\/v2\/pages"}],"about":[{"href":"https:\/\/www.ing.una.py\/FIUNA3\/index.php?rest_route=\/wp\/v2\/types\/page"}],"author":[{"embeddable":true,"href":"https:\/\/www.ing.una.py\/FIUNA3\/index.php?rest_route=\/wp\/v2\/users\/1"}],"replies":[{"embeddable":true,"href":"https:\/\/www.ing.una.py\/FIUNA3\/index.php?rest_route=%2Fwp%2Fv2%2Fcomments&post=61522"}],"version-history":[{"count":54,"href":"https:\/\/www.ing.una.py\/FIUNA3\/index.php?rest_route=\/wp\/v2\/pages\/61522\/revisions"}],"predecessor-version":[{"id":82023,"href":"https:\/\/www.ing.una.py\/FIUNA3\/index.php?rest_route=\/wp\/v2\/pages\/61522\/revisions\/82023"}],"up":[{"embeddable":true,"href":"https:\/\/www.ing.una.py\/FIUNA3\/index.php?rest_route=\/wp\/v2\/pages\/61496"}],"wp:attachment":[{"href":"https:\/\/www.ing.una.py\/FIUNA3\/index.php?rest_route=%2Fwp%2Fv2%2Fmedia&parent=61522"}],"curies":[{"name":"wp","href":"https:\/\/api.w.org\/{rel}","templated":true}]}}