{"id":61635,"date":"2024-03-19T12:36:25","date_gmt":"2024-03-19T15:36:25","guid":{"rendered":"https:\/\/www.ing.una.py\/FIUNA3\/?page_id=61635"},"modified":"2024-03-19T12:40:53","modified_gmt":"2024-03-19T15:40:53","slug":"resoluciones-tei-ad-hoc","status":"publish","type":"page","link":"https:\/\/www.ing.una.py\/FIUNA3\/?page_id=61635","title":{"rendered":"Resoluciones TEI ad hoc"},"content":{"rendered":"\t\t<div data-elementor-type=\"wp-page\" data-elementor-id=\"61635\" class=\"elementor elementor-61635\" data-elementor-post-type=\"page\">\n\t\t\t\t\t\t<section class=\"elementor-section elementor-top-section elementor-element elementor-element-1c50683 elementor-section-boxed elementor-section-height-default elementor-section-height-default\" data-id=\"1c50683\" data-element_type=\"section\" data-e-type=\"section\">\n\t\t\t\t\t\t<div class=\"elementor-container elementor-column-gap-default\">\n\t\t\t\t\t<div class=\"elementor-column elementor-col-66 elementor-top-column elementor-element elementor-element-b3ed9a9\" data-id=\"b3ed9a9\" data-element_type=\"column\" data-e-type=\"column\">\n\t\t\t<div class=\"elementor-widget-wrap elementor-element-populated\">\n\t\t\t\t\t\t<div class=\"elementor-element elementor-element-5dd2ffe elementor-widget thim-ekits-heading elementor-widget-thim-heading\" data-id=\"5dd2ffe\" data-element_type=\"widget\" data-e-type=\"widget\" data-widget_type=\"thim-heading.default\">\n\t\t\t\t<div class=\"elementor-widget-container\">\n\t\t\t\t\t<div class=\"sc_heading\"><h2 class=\"title\">Resoluciones  <\/h2><div class=\"sub-heading\"><p>TEI ad hoc<\/p>\n<\/div><span class=\"line\"><\/span><\/div>\t\t\t\t<\/div>\n\t\t\t\t<\/div>\n\t\t\t\t<div class=\"elementor-element elementor-element-5174b57 elementor-widget elementor-widget-text-editor\" data-id=\"5174b57\" data-element_type=\"widget\" data-e-type=\"widget\" data-widget_type=\"text-editor.default\">\n\t\t\t\t\t\t\t\t\t<ul><li><strong><a href=\"https:\/\/drive.google.com\/file\/d\/1PZb-JViqF92JHVoJv6bqT0rrnE11F_Mm\/view?usp=sharing\" target=\"_blank\" rel=\"noopener\">Acta 08 \u2013 Resoluci\u00f3n TEI ad hoc N\u00ba 08\/2021<\/a>\u00a0<\/strong>por la cual se\u00a0<strong>aprueba la metodolog\u00eda para la presentaci\u00f3n del Programa de Gobierno de Candidatos a Decano y Vicedecano\u00a0<\/strong>\u00a0ante el pleno del Consejo Directivo de la FIUNA, se aprueban la\u00a0<strong>publicaci\u00f3n del aviso de cese de propaganda electora<\/strong>l y la<strong>\u00a0diagramaci\u00f3n de los boletines de votos.<\/strong><\/li><li><a href=\"http:\/\/www.ing.una.py\/wp-content\/uploads\/2021\/08\/Acta_TEI_07_2021.pdf\" target=\"_blank\" rel=\"noopener\"><strong>Acta 07 \u2013 Resoluci\u00f3n TEI ad hoc N\u00b0 07\/2021,<\/strong><\/a>\u00a0por la cual\u00a0<strong>se aprueban las candidaturas que pugnar\u00e1n en las elecciones para Decano y Vicedecano<\/strong>\u00a0de la Facultad de Ingenier\u00eda de la Universidad Nacional de Asunci\u00f3n \u2013 Periodo 2021 \u2013 2026.<\/li><li><strong><a href=\"http:\/\/www.ing.una.py\/wp-content\/uploads\/2021\/08\/acta_06_resolucionTEIadhoc06_2021.pdf\" target=\"_blank\" rel=\"noopener\">Acta 06 \u2013 Resoluci\u00f3n TEI ad hoc N\u00b0 06\/2021<\/a>,<\/strong>\u00a0por la cual\u00a0<strong>se publican las candidaturas presentadas para la elecci\u00f3n de Decano y Vicedecano<\/strong> de la Facultad de Ingenier\u00eda de la Universidad Nacional de Asunci\u00f3n (FIUNA) \u2013<strong>\u00a0Periodo 2021 \u2013 2026.<\/strong><\/li><li><strong><a href=\"http:\/\/www.ing.una.py\/wp-content\/uploads\/2021\/07\/05_2021_TEIad_hoc.pdf\" target=\"_blank\" rel=\"noopener\">Acta 05 \u2013 Resoluci\u00f3n TEI ad hoc N\u00b0 05\/2021<\/a>\u00a0<\/strong>Por la cual\u00a0<strong>se rechaza In limine la tacha presentada<\/strong>\u00a0en<strong>\u00a0contra de los Ingenieros TANIA ANAHI VARGAS AG\u00dcERO, FAUSTO ARIEL ALFONSO DUARTE Y JOS- \u00c9 LUIS GONZ\u00c1LEZ OSORIO en calidad de miembros Titulares del Consejo Directivo<\/strong>\u00a0para la elecci\u00f3n de Decano y Vicedecano de la FIUNA, periodo 2021-2026..<\/li><li><a href=\"http:\/\/www.ing.una.py\/wp-content\/uploads\/2021\/07\/res04_2021_TEI_ad_hoc.pdf\" target=\"_blank\" rel=\"noopener\"><b>Acta 04 \u2013 Resoluci\u00f3n TEI ad hoc N\u00b0 04\/2021<\/b><\/a>\u00a0Por la cual\u00a0<strong>se aprueba el Padr\u00f3n Definitivo de Miembros del Consejo Directivo<\/strong>\u00a0para la elecci\u00f3n de\u00a0<strong>Decano y Vicedecano de la FIUNA<\/strong>, periodo 2021-2026.<\/li><li><strong><a href=\"http:\/\/www.ing.una.py\/wp-content\/uploads\/2021\/07\/res03_2021_TEI_ad_hoc.pdf\" target=\"_blank\" rel=\"noopener\">Acta 03 \u2013 Resoluci\u00f3n TEI ad hoc N\u00b0 03\/2021<\/a>\u00a0<\/strong>Por la cual\u00a0<strong>se rechaza IN LIMINE la tacha presentada en contra de<\/strong>\u00a0los Ingenieros T<strong>ANIA ANAHI VARGAS AG\u00dcERO, FAUSTO ARIEL ALFONSO DUARTE Y JOS\u00c9 LUIS GONZ\u00c1LEZ OSORIO<\/strong>\u00a0en calidad de miembros titulares del Consejo Directivo para la Elecci\u00f3n de de Decano y Vicedecano de la FIUNA, Periodo 2021 \u2013 2026\u201d.<\/li><li><strong><a href=\"http:\/\/www.ing.una.py\/wp-content\/uploads\/2021\/07\/Acta_02_Resolucion_02_TEI_ad_hoc-No-002_2021.pdf\" target=\"_blank\" rel=\"noopener\">Acta 02 \u2013 Resoluci\u00f3n TEI ad hoc N\u00b0 02\/2021<\/a>\u00a0<\/strong>Por la cual se aprueba la\u00a0<strong>publicaci\u00f3n del pre padr\u00f3n de Miembros del Consejo Directivo para la elecci\u00f3n de Decano y Vicedecano<\/strong>\u00a0de la FIUNA, Periodo 2021 \u2013 2026.<\/li><li><a href=\"http:\/\/www.ing.una.py\/wp-content\/uploads\/2021\/07\/Acta_01_Resolucion_01_TEI_ad_hoc.pdf\" target=\"_blank\" rel=\"noopener\"><strong>Acta 01 \u2013 Resoluci\u00f3n TEI ad hoc N\u00b0 01\/2021<\/strong><\/a>\u00a0Por la cual se aprueba el\u00a0<strong>calendario electoral para la elecci\u00f3n de Decano y Vicedecano<\/strong>\u00a0de la FIUNA, Periodo 2021 \u2013 2026.<\/li><\/ul>\t\t\t\t\t\t\t\t<\/div>\n\t\t\t\t\t<\/div>\n\t\t<\/div>\n\t\t\t\t<div class=\"elementor-column elementor-col-33 elementor-top-column elementor-element elementor-element-4d9f508\" data-id=\"4d9f508\" data-element_type=\"column\" data-e-type=\"column\">\n\t\t\t<div class=\"elementor-widget-wrap elementor-element-populated\">\n\t\t\t\t\t\t<div class=\"elementor-element elementor-element-3b4b9c4 elementor-widget elementor-widget-heading\" data-id=\"3b4b9c4\" data-element_type=\"widget\" data-e-type=\"widget\" data-widget_type=\"heading.default\">\n\t\t\t\t\t<h3 class=\"elementor-heading-title elementor-size-default\">TEI ad hoc<\/h3>\t\t\t\t<\/div>\n\t\t\t\t<div class=\"elementor-element elementor-element-90aa05c elementor-nav-menu__align-start elementor-nav-menu--dropdown-mobile elementor-nav-menu__text-align-aside elementor-nav-menu--toggle elementor-nav-menu--burger elementor-widget elementor-widget-nav-menu\" data-id=\"90aa05c\" data-element_type=\"widget\" data-e-type=\"widget\" data-settings=\"{&quot;layout&quot;:&quot;vertical&quot;,&quot;_animation&quot;:&quot;none&quot;,&quot;submenu_icon&quot;:{&quot;value&quot;:&quot;&lt;svg class=\\&quot;fa-svg-chevron-down e-font-icon-svg e-fas-chevron-down\\&quot; viewBox=\\&quot;0 0 448 512\\&quot; xmlns=\\&quot;http:\\\/\\\/www.w3.org\\\/2000\\\/svg\\&quot;&gt;&lt;path d=\\&quot;M207.029 381.476L12.686 187.132c-9.373-9.373-9.373-24.569 0-33.941l22.667-22.667c9.357-9.357 24.522-9.375 33.901-.04L224 284.505l154.745-154.021c9.379-9.335 24.544-9.317 33.901.04l22.667 22.667c9.373 9.373 9.373 24.569 0 33.941L240.971 381.476c-9.373 9.372-24.569 9.372-33.942 0z\\&quot;&gt;&lt;\\\/path&gt;&lt;\\\/svg&gt;&quot;,&quot;library&quot;:&quot;fa-solid&quot;},&quot;toggle&quot;:&quot;burger&quot;}\" data-widget_type=\"nav-menu.default\">\n\t\t\t\t\t\t\t\t<nav aria-label=\"Men\u00fa\" class=\"elementor-nav-menu--main elementor-nav-menu__container elementor-nav-menu--layout-vertical e--pointer-background e--animation-fade\">\n\t\t\t\t<ul id=\"menu-1-90aa05c\" class=\"elementor-nav-menu sm-vertical\"><li class=\"menu-item menu-item-type-post_type menu-item-object-page menu-item-61622 tc-menu-item tc-menu-depth-0 tc-menu-align-left tc-menu-layout-default\"><a href=\"https:\/\/www.ing.una.py\/FIUNA3\/?page_id=429\" class=\"elementor-item\" class=\"tc-menu-inner\">Volver a Institucional<\/a><\/li>\n<li class=\"menu-item menu-item-type-post_type menu-item-object-page menu-item-61608 tc-menu-item tc-menu-depth-0 tc-menu-align-left tc-menu-layout-default\"><a href=\"https:\/\/www.ing.una.py\/FIUNA3\/?page_id=61602\" class=\"elementor-item\" class=\"tc-menu-inner\">Tribunal Electoral Independiente ad hoc<\/a><\/li>\n<li class=\"menu-item menu-item-type-post_type menu-item-object-page menu-item-61634 tc-menu-item tc-menu-depth-0 tc-menu-align-left tc-menu-layout-default\"><a href=\"https:\/\/www.ing.una.py\/FIUNA3\/?page_id=61626\" class=\"elementor-item\" class=\"tc-menu-inner\">Convocatorias TEI ad hoc<\/a><\/li>\n<li class=\"menu-item menu-item-type-post_type menu-item-object-page menu-item-61647 tc-menu-item tc-menu-depth-0 tc-menu-align-left tc-menu-layout-default\"><a href=\"https:\/\/www.ing.una.py\/FIUNA3\/?page_id=61635\" class=\"elementor-item\" class=\"tc-menu-inner\">Resoluciones TEI ad hoc<\/a><\/li>\n<li class=\"menu-item menu-item-type-post_type menu-item-object-page menu-item-61653 tc-menu-item tc-menu-depth-0 tc-menu-align-left tc-menu-layout-default\"><a href=\"https:\/\/www.ing.una.py\/FIUNA3\/?page_id=61648\" class=\"elementor-item\" class=\"tc-menu-inner\">Tachas y reclamos TEI ad hoc<\/a><\/li>\n<li class=\"menu-item menu-item-type-post_type menu-item-object-page menu-item-61666 tc-menu-item tc-menu-depth-0 tc-menu-align-left tc-menu-layout-default\"><a href=\"https:\/\/www.ing.una.py\/FIUNA3\/?page_id=61654\" class=\"elementor-item\" class=\"tc-menu-inner\">Calendario Electoral<\/a><\/li>\n<li class=\"menu-item menu-item-type-post_type menu-item-object-page menu-item-61670 tc-menu-item tc-menu-depth-0 tc-menu-align-left tc-menu-layout-default\"><a href=\"https:\/\/www.ing.una.py\/FIUNA3\/?page_id=61667\" class=\"elementor-item\" class=\"tc-menu-inner\">Padrones de miembros del CD<\/a><\/li>\n<li class=\"menu-item menu-item-type-post_type menu-item-object-page menu-item-61713 tc-menu-item tc-menu-depth-0 tc-menu-align-left tc-menu-layout-default\"><a href=\"https:\/\/www.ing.una.py\/FIUNA3\/?page_id=61711\" class=\"elementor-item\" class=\"tc-menu-inner\">Candidaturas presentadas<\/a><\/li>\n<li class=\"menu-item menu-item-type-taxonomy menu-item-object-category menu-item-61732 tc-menu-item tc-menu-depth-0 tc-menu-align-left tc-menu-layout-default\"><a href=\"https:\/\/www.ing.una.py\/FIUNA3\/?cat=809\" class=\"elementor-item\" class=\"tc-menu-inner\"><span class='tc-icon fa fa-bullhorn'><\/span>Noticias relacionadas<\/a><\/li>\n<\/ul>\t\t\t<\/nav>\n\t\t\t\t\t<div class=\"elementor-menu-toggle\" role=\"button\" tabindex=\"0\" aria-label=\"Alternar men\u00fa\" aria-expanded=\"false\">\n\t\t\t<svg aria-hidden=\"true\" role=\"presentation\" class=\"elementor-menu-toggle__icon--open e-font-icon-svg e-eicon-menu-bar\" viewBox=\"0 0 1000 1000\" xmlns=\"http:\/\/www.w3.org\/2000\/svg\"><path d=\"M104 333H896C929 333 958 304 958 271S929 208 896 208H104C71 208 42 237 42 271S71 333 104 333ZM104 583H896C929 583 958 554 958 521S929 458 896 458H104C71 458 42 487 42 521S71 583 104 583ZM104 833H896C929 833 958 804 958 771S929 708 896 708H104C71 708 42 737 42 771S71 833 104 833Z\"><\/path><\/svg><svg aria-hidden=\"true\" role=\"presentation\" class=\"elementor-menu-toggle__icon--close e-font-icon-svg e-eicon-close\" viewBox=\"0 0 1000 1000\" xmlns=\"http:\/\/www.w3.org\/2000\/svg\"><path d=\"M742 167L500 408 258 167C246 154 233 150 217 150 196 150 179 158 167 167 154 179 150 196 150 212 150 229 154 242 171 254L408 500 167 742C138 771 138 800 167 829 196 858 225 858 254 829L496 587 738 829C750 842 767 846 783 846 800 846 817 842 829 829 842 817 846 804 846 783 846 767 842 750 829 737L588 500 833 258C863 229 863 200 833 171 804 137 775 137 742 167Z\"><\/path><\/svg>\t\t<\/div>\n\t\t\t\t\t<nav class=\"elementor-nav-menu--dropdown elementor-nav-menu__container\" aria-hidden=\"true\">\n\t\t\t\t<ul id=\"menu-2-90aa05c\" class=\"elementor-nav-menu sm-vertical\"><li class=\"menu-item menu-item-type-post_type menu-item-object-page menu-item-61622 tc-menu-item tc-menu-depth-0 tc-menu-align-left tc-menu-layout-default\"><a href=\"https:\/\/www.ing.una.py\/FIUNA3\/?page_id=429\" class=\"elementor-item\" tabindex=\"-1\" class=\"tc-menu-inner\">Volver a Institucional<\/a><\/li>\n<li class=\"menu-item menu-item-type-post_type menu-item-object-page menu-item-61608 tc-menu-item tc-menu-depth-0 tc-menu-align-left tc-menu-layout-default\"><a href=\"https:\/\/www.ing.una.py\/FIUNA3\/?page_id=61602\" class=\"elementor-item\" tabindex=\"-1\" class=\"tc-menu-inner\">Tribunal Electoral Independiente ad hoc<\/a><\/li>\n<li class=\"menu-item menu-item-type-post_type menu-item-object-page menu-item-61634 tc-menu-item tc-menu-depth-0 tc-menu-align-left tc-menu-layout-default\"><a href=\"https:\/\/www.ing.una.py\/FIUNA3\/?page_id=61626\" class=\"elementor-item\" tabindex=\"-1\" class=\"tc-menu-inner\">Convocatorias TEI ad hoc<\/a><\/li>\n<li class=\"menu-item menu-item-type-post_type menu-item-object-page menu-item-61647 tc-menu-item tc-menu-depth-0 tc-menu-align-left tc-menu-layout-default\"><a href=\"https:\/\/www.ing.una.py\/FIUNA3\/?page_id=61635\" class=\"elementor-item\" tabindex=\"-1\" class=\"tc-menu-inner\">Resoluciones TEI ad hoc<\/a><\/li>\n<li class=\"menu-item menu-item-type-post_type menu-item-object-page menu-item-61653 tc-menu-item tc-menu-depth-0 tc-menu-align-left tc-menu-layout-default\"><a href=\"https:\/\/www.ing.una.py\/FIUNA3\/?page_id=61648\" class=\"elementor-item\" tabindex=\"-1\" class=\"tc-menu-inner\">Tachas y reclamos TEI ad hoc<\/a><\/li>\n<li class=\"menu-item menu-item-type-post_type menu-item-object-page menu-item-61666 tc-menu-item tc-menu-depth-0 tc-menu-align-left tc-menu-layout-default\"><a href=\"https:\/\/www.ing.una.py\/FIUNA3\/?page_id=61654\" class=\"elementor-item\" tabindex=\"-1\" class=\"tc-menu-inner\">Calendario Electoral<\/a><\/li>\n<li class=\"menu-item menu-item-type-post_type menu-item-object-page menu-item-61670 tc-menu-item tc-menu-depth-0 tc-menu-align-left tc-menu-layout-default\"><a href=\"https:\/\/www.ing.una.py\/FIUNA3\/?page_id=61667\" class=\"elementor-item\" tabindex=\"-1\" class=\"tc-menu-inner\">Padrones de miembros del CD<\/a><\/li>\n<li class=\"menu-item menu-item-type-post_type menu-item-object-page menu-item-61713 tc-menu-item tc-menu-depth-0 tc-menu-align-left tc-menu-layout-default\"><a href=\"https:\/\/www.ing.una.py\/FIUNA3\/?page_id=61711\" class=\"elementor-item\" tabindex=\"-1\" class=\"tc-menu-inner\">Candidaturas presentadas<\/a><\/li>\n<li class=\"menu-item menu-item-type-taxonomy menu-item-object-category menu-item-61732 tc-menu-item tc-menu-depth-0 tc-menu-align-left tc-menu-layout-default\"><a href=\"https:\/\/www.ing.una.py\/FIUNA3\/?cat=809\" class=\"elementor-item\" tabindex=\"-1\" class=\"tc-menu-inner\"><span class='tc-icon fa fa-bullhorn'><\/span>Noticias relacionadas<\/a><\/li>\n<\/ul>\t\t\t<\/nav>\n\t\t\t\t\t\t<\/div>\n\t\t\t\t\t<\/div>\n\t\t<\/div>\n\t\t\t\t\t<\/div>\n\t\t<\/section>\n\t\t\t\t<section class=\"elementor-section elementor-top-section elementor-element elementor-element-75697be elementor-section-boxed elementor-section-height-default elementor-section-height-default\" data-id=\"75697be\" data-element_type=\"section\" data-e-type=\"section\">\n\t\t\t\t\t\t<div class=\"elementor-container elementor-column-gap-default\">\n\t\t\t\t\t<div class=\"elementor-column elementor-col-100 elementor-top-column elementor-element elementor-element-802f58a\" data-id=\"802f58a\" data-element_type=\"column\" data-e-type=\"column\">\n\t\t\t<div class=\"elementor-widget-wrap elementor-element-populated\">\n\t\t\t\t\t\t<div class=\"elementor-element elementor-element-5696f14 elementor-widget-divider--separator-type-pattern elementor-widget-divider--view-line elementor-invisible elementor-widget elementor-widget-divider\" data-id=\"5696f14\" data-element_type=\"widget\" data-e-type=\"widget\" data-settings=\"{&quot;_animation&quot;:&quot;fadeIn&quot;}\" data-widget_type=\"divider.default\">\n\t\t\t\t\t\t\t<div class=\"elementor-divider\" style=\"--divider-pattern-url: url(&quot;data:image\/svg+xml,%3Csvg xmlns=&#039;http:\/\/www.w3.org\/2000\/svg&#039; preserveAspectRatio=&#039;none&#039; overflow=&#039;visible&#039; height=&#039;100%&#039; viewBox=&#039;0 0 20 16&#039; fill=&#039;none&#039; stroke=&#039;black&#039; stroke-width=&#039;1&#039; stroke-linecap=&#039;square&#039; stroke-miterlimit=&#039;10&#039;%3E%3Cg transform=&#039;translate(-12.000000, 0)&#039;%3E%3Cpath d=&#039;M28,0L10,18&#039;\/%3E%3Cpath d=&#039;M18,0L0,18&#039;\/%3E%3Cpath d=&#039;M48,0L30,18&#039;\/%3E%3Cpath d=&#039;M38,0L20,18&#039;\/%3E%3C\/g%3E%3C\/svg%3E&quot;);\">\n\t\t\t<span class=\"elementor-divider-separator\">\n\t\t\t\t\t\t<\/span>\n\t\t<\/div>\n\t\t\t\t\t\t<\/div>\n\t\t\t\t\t<\/div>\n\t\t<\/div>\n\t\t\t\t\t<\/div>\n\t\t<\/section>\n\t\t<div class=\"elementor-element elementor-element-40d0747 e-flex e-con-boxed e-con e-parent\" data-id=\"40d0747\" data-element_type=\"container\" data-e-type=\"container\">\n\t\t\t\t\t<div class=\"e-con-inner\">\n\t\t<div class=\"elementor-element elementor-element-f3d0453 e-con-full e-flex e-con e-child\" data-id=\"f3d0453\" data-element_type=\"container\" data-e-type=\"container\">\n\t\t\t\t<div class=\"elementor-element elementor-element-f4fa628 elementor-widget elementor-widget-heading\" data-id=\"f4fa628\" data-element_type=\"widget\" data-e-type=\"widget\" data-widget_type=\"heading.default\">\n\t\t\t\t\t<h2 class=\"elementor-heading-title elementor-size-default\">Contacto<\/h2>\t\t\t\t<\/div>\n\t\t\t\t<div class=\"elementor-element elementor-element-4701608 elementor-widget elementor-widget-text-editor\" data-id=\"4701608\" data-element_type=\"widget\" data-e-type=\"widget\" data-widget_type=\"text-editor.default\">\n\t\t\t\t\t\t\t\t\t<p><a href=\"mailto:tei@ing.una.py\" target=\"_blank\" rel=\"noopener\">tei_ad_hoc@ing.una.py<\/a><\/p>\t\t\t\t\t\t\t\t<\/div>\n\t\t\t\t<\/div>\n\t\t\t\t\t<\/div>\n\t\t\t\t<\/div>\n\t\t\t\t<\/div>\n\t\t","protected":false},"excerpt":{"rendered":"<p>Resoluciones TEI ad hoc Acta 08 \u2013 Resoluci\u00f3n TEI ad hoc N\u00ba 08\/2021\u00a0por la cual se\u00a0aprueba la metodolog\u00eda para la presentaci\u00f3n del Programa de Gobierno de Candidatos a Decano y Vicedecano\u00a0\u00a0ante el pleno del Consejo Directivo de la FIUNA, se aprueban la\u00a0publicaci\u00f3n del aviso de cese de propaganda electoral y la\u00a0diagramaci\u00f3n de los boletines de votos. Acta 07 \u2013 Resoluci\u00f3n TEI ad hoc N\u00b0 07\/2021,\u00a0por la cual\u00a0se aprueban las candidaturas que pugnar\u00e1n en las elecciones para Decano y Vicedecano\u00a0de la Facultad de Ingenier\u00eda de la Universidad Nacional de Asunci\u00f3n \u2013 Periodo 2021 \u2013 2026. Acta 06 \u2013 Resoluci\u00f3n TEI ad &hellip; <\/p>\n","protected":false},"author":1,"featured_media":0,"parent":0,"menu_order":0,"comment_status":"closed","ping_status":"open","template":"","meta":{"_bbp_topic_count":0,"_bbp_reply_count":0,"_bbp_total_topic_count":0,"_bbp_total_reply_count":0,"_bbp_voice_count":0,"_bbp_anonymous_reply_count":0,"_bbp_topic_count_hidden":0,"_bbp_reply_count_hidden":0,"_bbp_forum_subforum_count":0,"advanced_seo_description":"","jetpack_seo_html_title":"","jetpack_seo_noindex":false,"jetpack_post_was_ever_published":false,"footnotes":""},"class_list":["post-61635","page","type-page","status-publish","hentry"],"jetpack_shortlink":"https:\/\/wp.me\/Pc8Odv-g27","jetpack_likes_enabled":true,"jetpack_sharing_enabled":true,"jetpack-related-posts":[],"_links":{"self":[{"href":"https:\/\/www.ing.una.py\/FIUNA3\/index.php?rest_route=\/wp\/v2\/pages\/61635","targetHints":{"allow":["GET"]}}],"collection":[{"href":"https:\/\/www.ing.una.py\/FIUNA3\/index.php?rest_route=\/wp\/v2\/pages"}],"about":[{"href":"https:\/\/www.ing.una.py\/FIUNA3\/index.php?rest_route=\/wp\/v2\/types\/page"}],"author":[{"embeddable":true,"href":"https:\/\/www.ing.una.py\/FIUNA3\/index.php?rest_route=\/wp\/v2\/users\/1"}],"replies":[{"embeddable":true,"href":"https:\/\/www.ing.una.py\/FIUNA3\/index.php?rest_route=%2Fwp%2Fv2%2Fcomments&post=61635"}],"version-history":[{"count":10,"href":"https:\/\/www.ing.una.py\/FIUNA3\/index.php?rest_route=\/wp\/v2\/pages\/61635\/revisions"}],"predecessor-version":[{"id":61646,"href":"https:\/\/www.ing.una.py\/FIUNA3\/index.php?rest_route=\/wp\/v2\/pages\/61635\/revisions\/61646"}],"wp:attachment":[{"href":"https:\/\/www.ing.una.py\/FIUNA3\/index.php?rest_route=%2Fwp%2Fv2%2Fmedia&parent=61635"}],"curies":[{"name":"wp","href":"https:\/\/api.w.org\/{rel}","templated":true}]}}