{"id":61711,"date":"2024-03-20T11:51:54","date_gmt":"2024-03-20T14:51:54","guid":{"rendered":"https:\/\/www.ing.una.py\/FIUNA3\/?page_id=61711"},"modified":"2024-03-20T12:51:24","modified_gmt":"2024-03-20T15:51:24","slug":"candidaturas-presentadas","status":"publish","type":"page","link":"https:\/\/www.ing.una.py\/FIUNA3\/?page_id=61711","title":{"rendered":"Candidaturas presentadas"},"content":{"rendered":"\t\t<div data-elementor-type=\"wp-page\" data-elementor-id=\"61711\" class=\"elementor elementor-61711\" data-elementor-post-type=\"page\">\n\t\t\t\t\t\t<section class=\"elementor-section elementor-top-section elementor-element elementor-element-88a6f3a elementor-section-boxed elementor-section-height-default elementor-section-height-default\" data-id=\"88a6f3a\" data-element_type=\"section\" data-e-type=\"section\">\n\t\t\t\t\t\t<div class=\"elementor-container elementor-column-gap-default\">\n\t\t\t\t\t<div class=\"elementor-column elementor-col-66 elementor-top-column elementor-element elementor-element-a21c676\" data-id=\"a21c676\" data-element_type=\"column\" data-e-type=\"column\">\n\t\t\t<div class=\"elementor-widget-wrap elementor-element-populated\">\n\t\t\t\t\t\t<div class=\"elementor-element elementor-element-bb57bf2 elementor-widget thim-ekits-heading elementor-widget-thim-heading\" data-id=\"bb57bf2\" data-element_type=\"widget\" data-e-type=\"widget\" data-widget_type=\"thim-heading.default\">\n\t\t\t\t<div class=\"elementor-widget-container\">\n\t\t\t\t\t<div class=\"sc_heading\"><h2 class=\"title\">Candidaturas presentadas  <span class=\"thim-color\">2021 \u2013 2026<\/span><\/h2><div class=\"sub-heading\"><p>TEI ad hoc<\/p>\n<\/div><span class=\"line\"><\/span><\/div>\t\t\t\t<\/div>\n\t\t\t\t<\/div>\n\t\t\t\t<div class=\"elementor-element elementor-element-f7936eb e-n-tabs-mobile elementor-widget elementor-widget-n-tabs\" data-id=\"f7936eb\" data-element_type=\"widget\" data-e-type=\"widget\" data-settings=\"{&quot;tabs_justify_horizontal&quot;:&quot;start&quot;,&quot;horizontal_scroll&quot;:&quot;enable&quot;}\" data-widget_type=\"nested-tabs.default\">\n\t\t\t\t\t\t\t<div class=\"e-n-tabs\" data-widget-number=\"259602155\" aria-label=\"Pesta\u00f1as. Abre elementos con Intro o Espacio, ci\u00e9rralos con Escape y navega con las fechas.\">\n\t\t\t<div class=\"e-n-tabs-heading\" role=\"tablist\">\n\t\t\t\t\t<button id=\"e-n-tab-title-2596021551\" data-tab-title-id=\"e-n-tab-title-2596021551\" class=\"e-n-tab-title\" aria-selected=\"true\" data-tab-index=\"1\" role=\"tab\" tabindex=\"0\" aria-controls=\"e-n-tab-content-2596021551\" style=\"--n-tabs-title-order: 1;\">\n\t\t\t\t\t\t<span class=\"e-n-tab-title-text\">\n\t\t\t\tDecano\t\t\t<\/span>\n\t\t<\/button>\n\t\t\t\t<button id=\"e-n-tab-title-2596021552\" data-tab-title-id=\"e-n-tab-title-2596021552\" class=\"e-n-tab-title\" aria-selected=\"false\" data-tab-index=\"2\" role=\"tab\" tabindex=\"-1\" aria-controls=\"e-n-tab-content-2596021552\" style=\"--n-tabs-title-order: 2;\">\n\t\t\t\t\t\t<span class=\"e-n-tab-title-text\">\n\t\t\t\tVicedecano\t\t\t<\/span>\n\t\t<\/button>\n\t\t\t\t\t<\/div>\n\t\t\t<div class=\"e-n-tabs-content\">\n\t\t\t\t<div id=\"e-n-tab-content-2596021551\" role=\"tabpanel\" aria-labelledby=\"e-n-tab-title-2596021551\" data-tab-index=\"1\" style=\"--n-tabs-title-order: 1;\" class=\"e-active elementor-element elementor-element-1dc2f0f e-con-full e-flex e-con e-child\" data-id=\"1dc2f0f\" data-element_type=\"container\" data-e-type=\"container\">\n\t\t<div class=\"elementor-element elementor-element-ff21ee9 e-con-full e-flex e-con e-child\" data-id=\"ff21ee9\" data-element_type=\"container\" data-e-type=\"container\">\n\t\t\t\t<div class=\"elementor-element elementor-element-f699502 elementor-widget elementor-widget-eael-testimonial\" data-id=\"f699502\" data-element_type=\"widget\" data-e-type=\"widget\" data-widget_type=\"eael-testimonial.default\">\n\t\t\t\t\t\n\t<div id=\"eael-testimonial-f699502\" class=\"eael-testimonial-item clearfix  icon-img-left-content\">\n\t\t\t\t\n\t\t\n\t\t\n\t\t\t\t\t\t\t\t<div class=\"eael-testimonial-image\">\n\t\t\t\t\t\t\t\t\t<figure><img decoding=\"async\" src=\"https:\/\/www.ing.una.py\/wp-content\/uploads\/2021\/08\/Ruben_Lopez-e1628795311126.jpeg\" title=\"\" alt=\"\" loading=\"lazy\" \/><\/figure>\n\t\t\t\t\t\t\t<\/div>\n\t\t\t\t\t\t<div class=\"eael-testimonial-content\">\n\t\t\t\t<div class=\"eael-testimonial-text\"><p><a href=\"http:\/\/www.ing.una.py\/wp-content\/uploads\/2021\/08\/programa_de_gobierno_Lopez.pdf\" target=\"_blank\" rel=\"noopener\">Programa de Gobierno<\/a><br \/><a href=\"http:\/\/www.ing.una.py\/wp-content\/uploads\/2021\/08\/CV_RUBEN_ALCIDES_LOPEZ_SANTACRUZ.pdf\" target=\"_blank\" rel=\"noopener\">Curriculum Vitae<\/a><\/p><\/div>\t\t\t\t<div class=\"bio-text clearfix\">\n\t\t\t\t\t<p class=\"eael-testimonial-user\" style=\"display: block; float: none;\">Prof. Dr. Ing. Rub\u00e9n Alcides L\u00f3pez Santacruz <\/p><p class=\"eael-testimonial-user-company\">CI.: 785.746<\/p>\t\t\t\t<\/div>\n\t\t\t<\/div>\n\t\t\n\t\t\n\t\t\n\t\t\n\t\t\n\t\t<span class=\"eael-testimonial-quote\"><\/span>\n\t<\/div>\n\n\t\t\t\t\t<\/div>\n\t\t\t\t<div class=\"elementor-element elementor-element-cb23ab4 elementor-widget elementor-widget-eael-testimonial\" data-id=\"cb23ab4\" data-element_type=\"widget\" data-e-type=\"widget\" data-widget_type=\"eael-testimonial.default\">\n\t\t\t\t\t\n\t<div id=\"eael-testimonial-cb23ab4\" class=\"eael-testimonial-item clearfix  icon-img-left-content\">\n\t\t\t\t\n\t\t\n\t\t\n\t\t\t\t\t\t\t\t<div class=\"eael-testimonial-image\">\n\t\t\t\t\t\t\t\t\t<figure><img decoding=\"async\" src=\"https:\/\/www.ing.una.py\/wp-content\/uploads\/2021\/08\/Jose_Colbes.jpg\" title=\"\" alt=\"\" loading=\"lazy\" \/><\/figure>\n\t\t\t\t\t\t\t<\/div>\n\t\t\t\t\t\t<div class=\"eael-testimonial-content\">\n\t\t\t\t<div class=\"eael-testimonial-text\"><p><a href=\"http:\/\/www.ing.una.py\/wp-content\/uploads\/2021\/08\/programa_de_gobierno_Colbes.pdf\" target=\"_blank\" rel=\"noopener\">Programa de Gobierno<\/a><br \/><a href=\"http:\/\/www.ing.una.py\/wp-content\/uploads\/2021\/08\/CV_JOSE_DOMINGO_COLBES_SANABRIA.pdf\" target=\"_blank\" rel=\"noopener\">Curriculum Vitae<\/a><\/p><\/div>\t\t\t\t<div class=\"bio-text clearfix\">\n\t\t\t\t\t<p class=\"eael-testimonial-user\" style=\"display: block; float: none;\">Prof. Dr. Ing. Jos\u00e9 Domingo Colbes Sanabria<\/p><p class=\"eael-testimonial-user-company\">CI.: 3.644.716<\/p>\t\t\t\t<\/div>\n\t\t\t<\/div>\n\t\t\n\t\t\n\t\t\n\t\t\n\t\t\n\t\t<span class=\"eael-testimonial-quote\"><\/span>\n\t<\/div>\n\n\t\t\t\t\t<\/div>\n\t\t\t\t<\/div>\n\t\t\t\t<\/div>\n\t\t<div id=\"e-n-tab-content-2596021552\" role=\"tabpanel\" aria-labelledby=\"e-n-tab-title-2596021552\" data-tab-index=\"2\" style=\"--n-tabs-title-order: 2;\" class=\" elementor-element elementor-element-2131fb9 e-con-full e-flex e-con e-child\" data-id=\"2131fb9\" data-element_type=\"container\" data-e-type=\"container\">\n\t\t<div class=\"elementor-element elementor-element-25cc0b1 e-flex e-con-boxed e-con e-child\" data-id=\"25cc0b1\" data-element_type=\"container\" data-e-type=\"container\">\n\t\t\t\t\t<div class=\"e-con-inner\">\n\t\t\t\t<div class=\"elementor-element elementor-element-a88f577 elementor-widget elementor-widget-eael-testimonial\" data-id=\"a88f577\" data-element_type=\"widget\" data-e-type=\"widget\" data-widget_type=\"eael-testimonial.default\">\n\t\t\t\t\t\n\t<div id=\"eael-testimonial-a88f577\" class=\"eael-testimonial-item clearfix  icon-img-left-content\">\n\t\t\t\t\n\t\t\n\t\t\n\t\t\t\t\t\t\t\t<div class=\"eael-testimonial-image\">\n\t\t\t\t\t\t\t\t\t<figure><img decoding=\"async\" src=\"https:\/\/www.ing.una.py\/wp-content\/uploads\/2021\/08\/Cirilo_Hernaez-scaled-e1628794917894-300x291.jpg\" title=\"\" alt=\"\" loading=\"lazy\" \/><\/figure>\n\t\t\t\t\t\t\t<\/div>\n\t\t\t\t\t\t<div class=\"eael-testimonial-content\">\n\t\t\t\t<div class=\"eael-testimonial-text\"><p><a href=\"http:\/\/www.ing.una.py\/wp-content\/uploads\/2021\/08\/programa_de_gobierno_Hernaez.pdf\" target=\"_blank\" rel=\"noopener\">Programa de Gobierno<\/a><br \/><a href=\"http:\/\/www.ing.una.py\/wp-content\/uploads\/2021\/08\/CV_CIRILO_JORGE_HERNAEZ_MEDINA.pdf\" target=\"_blank\" rel=\"noopener\">Curriculum Vitae<\/a><\/p><\/div>\t\t\t\t<div class=\"bio-text clearfix\">\n\t\t\t\t\t<p class=\"eael-testimonial-user\" style=\"display: block; float: none;\">Prof. MSc. Ing. Cirilo Jorge Hern\u00e1ez Medina<\/p><p class=\"eael-testimonial-user-company\">CI.: 644.333<\/p>\t\t\t\t<\/div>\n\t\t\t<\/div>\n\t\t\n\t\t\n\t\t\n\t\t\n\t\t\n\t\t<span class=\"eael-testimonial-quote\"><\/span>\n\t<\/div>\n\n\t\t\t\t\t<\/div>\n\t\t\t\t\t<\/div>\n\t\t\t\t<\/div>\n\t\t\t\t<\/div>\n\t\t\t\t\t<\/div>\n\t\t<\/div>\n\t\t\t\t\t\t<\/div>\n\t\t\t\t\t<\/div>\n\t\t<\/div>\n\t\t\t\t<div class=\"elementor-column elementor-col-33 elementor-top-column elementor-element elementor-element-ffa3d89\" data-id=\"ffa3d89\" data-element_type=\"column\" data-e-type=\"column\">\n\t\t\t<div class=\"elementor-widget-wrap elementor-element-populated\">\n\t\t\t\t\t\t<div class=\"elementor-element elementor-element-c243c3e elementor-widget elementor-widget-heading\" data-id=\"c243c3e\" data-element_type=\"widget\" data-e-type=\"widget\" data-widget_type=\"heading.default\">\n\t\t\t\t\t<h3 class=\"elementor-heading-title elementor-size-default\">TEI ad hoc<\/h3>\t\t\t\t<\/div>\n\t\t\t\t<div class=\"elementor-element elementor-element-e9d0aba elementor-nav-menu__align-start elementor-nav-menu--dropdown-mobile elementor-nav-menu__text-align-aside elementor-nav-menu--toggle elementor-nav-menu--burger elementor-widget elementor-widget-nav-menu\" data-id=\"e9d0aba\" data-element_type=\"widget\" data-e-type=\"widget\" data-settings=\"{&quot;layout&quot;:&quot;vertical&quot;,&quot;_animation&quot;:&quot;none&quot;,&quot;submenu_icon&quot;:{&quot;value&quot;:&quot;&lt;svg class=\\&quot;fa-svg-chevron-down e-font-icon-svg e-fas-chevron-down\\&quot; viewBox=\\&quot;0 0 448 512\\&quot; xmlns=\\&quot;http:\\\/\\\/www.w3.org\\\/2000\\\/svg\\&quot;&gt;&lt;path d=\\&quot;M207.029 381.476L12.686 187.132c-9.373-9.373-9.373-24.569 0-33.941l22.667-22.667c9.357-9.357 24.522-9.375 33.901-.04L224 284.505l154.745-154.021c9.379-9.335 24.544-9.317 33.901.04l22.667 22.667c9.373 9.373 9.373 24.569 0 33.941L240.971 381.476c-9.373 9.372-24.569 9.372-33.942 0z\\&quot;&gt;&lt;\\\/path&gt;&lt;\\\/svg&gt;&quot;,&quot;library&quot;:&quot;fa-solid&quot;},&quot;toggle&quot;:&quot;burger&quot;}\" data-widget_type=\"nav-menu.default\">\n\t\t\t\t\t\t\t\t<nav aria-label=\"Men\u00fa\" class=\"elementor-nav-menu--main elementor-nav-menu__container elementor-nav-menu--layout-vertical e--pointer-background e--animation-fade\">\n\t\t\t\t<ul id=\"menu-1-e9d0aba\" class=\"elementor-nav-menu sm-vertical\"><li class=\"menu-item menu-item-type-post_type menu-item-object-page menu-item-61622 tc-menu-item tc-menu-depth-0 tc-menu-align-left tc-menu-layout-default\"><a href=\"https:\/\/www.ing.una.py\/FIUNA3\/?page_id=429\" class=\"elementor-item\" class=\"tc-menu-inner\">Volver a Institucional<\/a><\/li>\n<li class=\"menu-item menu-item-type-post_type menu-item-object-page menu-item-61608 tc-menu-item tc-menu-depth-0 tc-menu-align-left tc-menu-layout-default\"><a href=\"https:\/\/www.ing.una.py\/FIUNA3\/?page_id=61602\" class=\"elementor-item\" class=\"tc-menu-inner\">Tribunal Electoral Independiente ad hoc<\/a><\/li>\n<li class=\"menu-item menu-item-type-post_type menu-item-object-page menu-item-61634 tc-menu-item tc-menu-depth-0 tc-menu-align-left tc-menu-layout-default\"><a href=\"https:\/\/www.ing.una.py\/FIUNA3\/?page_id=61626\" class=\"elementor-item\" class=\"tc-menu-inner\">Convocatorias TEI ad hoc<\/a><\/li>\n<li class=\"menu-item menu-item-type-post_type menu-item-object-page menu-item-61647 tc-menu-item tc-menu-depth-0 tc-menu-align-left tc-menu-layout-default\"><a href=\"https:\/\/www.ing.una.py\/FIUNA3\/?page_id=61635\" class=\"elementor-item\" class=\"tc-menu-inner\">Resoluciones TEI ad hoc<\/a><\/li>\n<li class=\"menu-item menu-item-type-post_type menu-item-object-page menu-item-61653 tc-menu-item tc-menu-depth-0 tc-menu-align-left tc-menu-layout-default\"><a href=\"https:\/\/www.ing.una.py\/FIUNA3\/?page_id=61648\" class=\"elementor-item\" class=\"tc-menu-inner\">Tachas y reclamos TEI ad hoc<\/a><\/li>\n<li class=\"menu-item menu-item-type-post_type menu-item-object-page menu-item-61666 tc-menu-item tc-menu-depth-0 tc-menu-align-left tc-menu-layout-default\"><a href=\"https:\/\/www.ing.una.py\/FIUNA3\/?page_id=61654\" class=\"elementor-item\" class=\"tc-menu-inner\">Calendario Electoral<\/a><\/li>\n<li class=\"menu-item menu-item-type-post_type menu-item-object-page menu-item-61670 tc-menu-item tc-menu-depth-0 tc-menu-align-left tc-menu-layout-default\"><a href=\"https:\/\/www.ing.una.py\/FIUNA3\/?page_id=61667\" class=\"elementor-item\" class=\"tc-menu-inner\">Padrones de miembros del CD<\/a><\/li>\n<li class=\"menu-item menu-item-type-post_type menu-item-object-page menu-item-61713 tc-menu-item tc-menu-depth-0 tc-menu-align-left tc-menu-layout-default\"><a href=\"https:\/\/www.ing.una.py\/FIUNA3\/?page_id=61711\" class=\"elementor-item\" class=\"tc-menu-inner\">Candidaturas presentadas<\/a><\/li>\n<li class=\"menu-item menu-item-type-taxonomy menu-item-object-category menu-item-61732 tc-menu-item tc-menu-depth-0 tc-menu-align-left tc-menu-layout-default\"><a href=\"https:\/\/www.ing.una.py\/FIUNA3\/?cat=809\" class=\"elementor-item\" class=\"tc-menu-inner\"><span class='tc-icon fa fa-bullhorn'><\/span>Noticias relacionadas<\/a><\/li>\n<\/ul>\t\t\t<\/nav>\n\t\t\t\t\t<div class=\"elementor-menu-toggle\" role=\"button\" tabindex=\"0\" aria-label=\"Alternar men\u00fa\" aria-expanded=\"false\">\n\t\t\t<svg aria-hidden=\"true\" role=\"presentation\" class=\"elementor-menu-toggle__icon--open e-font-icon-svg e-eicon-menu-bar\" viewBox=\"0 0 1000 1000\" xmlns=\"http:\/\/www.w3.org\/2000\/svg\"><path d=\"M104 333H896C929 333 958 304 958 271S929 208 896 208H104C71 208 42 237 42 271S71 333 104 333ZM104 583H896C929 583 958 554 958 521S929 458 896 458H104C71 458 42 487 42 521S71 583 104 583ZM104 833H896C929 833 958 804 958 771S929 708 896 708H104C71 708 42 737 42 771S71 833 104 833Z\"><\/path><\/svg><svg aria-hidden=\"true\" role=\"presentation\" class=\"elementor-menu-toggle__icon--close e-font-icon-svg e-eicon-close\" viewBox=\"0 0 1000 1000\" xmlns=\"http:\/\/www.w3.org\/2000\/svg\"><path d=\"M742 167L500 408 258 167C246 154 233 150 217 150 196 150 179 158 167 167 154 179 150 196 150 212 150 229 154 242 171 254L408 500 167 742C138 771 138 800 167 829 196 858 225 858 254 829L496 587 738 829C750 842 767 846 783 846 800 846 817 842 829 829 842 817 846 804 846 783 846 767 842 750 829 737L588 500 833 258C863 229 863 200 833 171 804 137 775 137 742 167Z\"><\/path><\/svg>\t\t<\/div>\n\t\t\t\t\t<nav class=\"elementor-nav-menu--dropdown elementor-nav-menu__container\" aria-hidden=\"true\">\n\t\t\t\t<ul id=\"menu-2-e9d0aba\" class=\"elementor-nav-menu sm-vertical\"><li class=\"menu-item menu-item-type-post_type menu-item-object-page menu-item-61622 tc-menu-item tc-menu-depth-0 tc-menu-align-left tc-menu-layout-default\"><a href=\"https:\/\/www.ing.una.py\/FIUNA3\/?page_id=429\" class=\"elementor-item\" tabindex=\"-1\" class=\"tc-menu-inner\">Volver a Institucional<\/a><\/li>\n<li class=\"menu-item menu-item-type-post_type menu-item-object-page menu-item-61608 tc-menu-item tc-menu-depth-0 tc-menu-align-left tc-menu-layout-default\"><a href=\"https:\/\/www.ing.una.py\/FIUNA3\/?page_id=61602\" class=\"elementor-item\" tabindex=\"-1\" class=\"tc-menu-inner\">Tribunal Electoral Independiente ad hoc<\/a><\/li>\n<li class=\"menu-item menu-item-type-post_type menu-item-object-page menu-item-61634 tc-menu-item tc-menu-depth-0 tc-menu-align-left tc-menu-layout-default\"><a href=\"https:\/\/www.ing.una.py\/FIUNA3\/?page_id=61626\" class=\"elementor-item\" tabindex=\"-1\" class=\"tc-menu-inner\">Convocatorias TEI ad hoc<\/a><\/li>\n<li class=\"menu-item menu-item-type-post_type menu-item-object-page menu-item-61647 tc-menu-item tc-menu-depth-0 tc-menu-align-left tc-menu-layout-default\"><a href=\"https:\/\/www.ing.una.py\/FIUNA3\/?page_id=61635\" class=\"elementor-item\" tabindex=\"-1\" class=\"tc-menu-inner\">Resoluciones TEI ad hoc<\/a><\/li>\n<li class=\"menu-item menu-item-type-post_type menu-item-object-page menu-item-61653 tc-menu-item tc-menu-depth-0 tc-menu-align-left tc-menu-layout-default\"><a href=\"https:\/\/www.ing.una.py\/FIUNA3\/?page_id=61648\" class=\"elementor-item\" tabindex=\"-1\" class=\"tc-menu-inner\">Tachas y reclamos TEI ad hoc<\/a><\/li>\n<li class=\"menu-item menu-item-type-post_type menu-item-object-page menu-item-61666 tc-menu-item tc-menu-depth-0 tc-menu-align-left tc-menu-layout-default\"><a href=\"https:\/\/www.ing.una.py\/FIUNA3\/?page_id=61654\" class=\"elementor-item\" tabindex=\"-1\" class=\"tc-menu-inner\">Calendario Electoral<\/a><\/li>\n<li class=\"menu-item menu-item-type-post_type menu-item-object-page menu-item-61670 tc-menu-item tc-menu-depth-0 tc-menu-align-left tc-menu-layout-default\"><a href=\"https:\/\/www.ing.una.py\/FIUNA3\/?page_id=61667\" class=\"elementor-item\" tabindex=\"-1\" class=\"tc-menu-inner\">Padrones de miembros del CD<\/a><\/li>\n<li class=\"menu-item menu-item-type-post_type menu-item-object-page menu-item-61713 tc-menu-item tc-menu-depth-0 tc-menu-align-left tc-menu-layout-default\"><a href=\"https:\/\/www.ing.una.py\/FIUNA3\/?page_id=61711\" class=\"elementor-item\" tabindex=\"-1\" class=\"tc-menu-inner\">Candidaturas presentadas<\/a><\/li>\n<li class=\"menu-item menu-item-type-taxonomy menu-item-object-category menu-item-61732 tc-menu-item tc-menu-depth-0 tc-menu-align-left tc-menu-layout-default\"><a href=\"https:\/\/www.ing.una.py\/FIUNA3\/?cat=809\" class=\"elementor-item\" tabindex=\"-1\" class=\"tc-menu-inner\"><span class='tc-icon fa fa-bullhorn'><\/span>Noticias relacionadas<\/a><\/li>\n<\/ul>\t\t\t<\/nav>\n\t\t\t\t\t\t<\/div>\n\t\t\t\t\t<\/div>\n\t\t<\/div>\n\t\t\t\t\t<\/div>\n\t\t<\/section>\n\t\t\t\t<\/div>\n\t\t","protected":false},"excerpt":{"rendered":"<p>Candidaturas presentadas 2021 \u2013 2026 TEI ad hoc Decano Vicedecano Programa de GobiernoCurriculum Vitae Prof. Dr. Ing. Rub\u00e9n Alcides L\u00f3pez Santacruz CI.: 785.746 Programa de GobiernoCurriculum Vitae Prof. Dr. Ing. Jos\u00e9 Domingo Colbes Sanabria CI.: 3.644.716 Programa de GobiernoCurriculum Vitae Prof. MSc. Ing. Cirilo Jorge Hern\u00e1ez Medina CI.: 644.333 Programa de GobiernoCurriculum Vitae Prof. Dr. Ing. Rub\u00e9n Alcides L\u00f3pez Santacruz CI.: 785.746 Programa de GobiernoCurriculum Vitae Prof. Dr. Ing. Jos\u00e9 Domingo Colbes Sanabria CI.: 3.644.716 Programa de GobiernoCurriculum Vitae Prof. MSc. Ing. Cirilo Jorge Hern\u00e1ez Medina CI.: 644.333 TEI ad hoc<\/p>\n","protected":false},"author":1,"featured_media":0,"parent":0,"menu_order":0,"comment_status":"closed","ping_status":"open","template":"","meta":{"_bbp_topic_count":0,"_bbp_reply_count":0,"_bbp_total_topic_count":0,"_bbp_total_reply_count":0,"_bbp_voice_count":0,"_bbp_anonymous_reply_count":0,"_bbp_topic_count_hidden":0,"_bbp_reply_count_hidden":0,"_bbp_forum_subforum_count":0,"advanced_seo_description":"","jetpack_seo_html_title":"","jetpack_seo_noindex":false,"jetpack_post_was_ever_published":false,"footnotes":""},"class_list":["post-61711","page","type-page","status-publish","hentry"],"jetpack_shortlink":"https:\/\/wp.me\/Pc8Odv-g3l","jetpack_likes_enabled":true,"jetpack_sharing_enabled":true,"jetpack-related-posts":[],"_links":{"self":[{"href":"https:\/\/www.ing.una.py\/FIUNA3\/index.php?rest_route=\/wp\/v2\/pages\/61711","targetHints":{"allow":["GET"]}}],"collection":[{"href":"https:\/\/www.ing.una.py\/FIUNA3\/index.php?rest_route=\/wp\/v2\/pages"}],"about":[{"href":"https:\/\/www.ing.una.py\/FIUNA3\/index.php?rest_route=\/wp\/v2\/types\/page"}],"author":[{"embeddable":true,"href":"https:\/\/www.ing.una.py\/FIUNA3\/index.php?rest_route=\/wp\/v2\/users\/1"}],"replies":[{"embeddable":true,"href":"https:\/\/www.ing.una.py\/FIUNA3\/index.php?rest_route=%2Fwp%2Fv2%2Fcomments&post=61711"}],"version-history":[{"count":16,"href":"https:\/\/www.ing.una.py\/FIUNA3\/index.php?rest_route=\/wp\/v2\/pages\/61711\/revisions"}],"predecessor-version":[{"id":61731,"href":"https:\/\/www.ing.una.py\/FIUNA3\/index.php?rest_route=\/wp\/v2\/pages\/61711\/revisions\/61731"}],"wp:attachment":[{"href":"https:\/\/www.ing.una.py\/FIUNA3\/index.php?rest_route=%2Fwp%2Fv2%2Fmedia&parent=61711"}],"curies":[{"name":"wp","href":"https:\/\/api.w.org\/{rel}","templated":true}]}}