{"id":62552,"date":"2024-04-04T14:01:28","date_gmt":"2024-04-04T18:01:28","guid":{"rendered":"https:\/\/www.ing.una.py\/FIUNA3\/?page_id=62552"},"modified":"2024-06-06T11:20:47","modified_gmt":"2024-06-06T15:20:47","slug":"consultorio-de-orientacion-y-prevencion-psicologica","status":"publish","type":"page","link":"https:\/\/www.ing.una.py\/FIUNA3\/?page_id=62552","title":{"rendered":"Consultorio de orientaci\u00f3n y prevenci\u00f3n psicol\u00f3gica"},"content":{"rendered":"\t\t<div data-elementor-type=\"wp-page\" data-elementor-id=\"62552\" class=\"elementor elementor-62552\" data-elementor-post-type=\"page\">\n\t\t\t\t\t\t<section class=\"elementor-section elementor-top-section elementor-element elementor-element-308f214 elementor-section-boxed elementor-section-height-default elementor-section-height-default\" data-id=\"308f214\" data-element_type=\"section\" data-e-type=\"section\">\n\t\t\t\t\t\t<div class=\"elementor-container elementor-column-gap-default\">\n\t\t\t\t\t<div class=\"elementor-column elementor-col-66 elementor-top-column elementor-element elementor-element-2054a58\" data-id=\"2054a58\" data-element_type=\"column\" data-e-type=\"column\">\n\t\t\t<div class=\"elementor-widget-wrap elementor-element-populated\">\n\t\t\t\t\t\t<div class=\"elementor-element elementor-element-e0ca4be elementor-widget thim-ekits-heading elementor-widget-thim-heading\" data-id=\"e0ca4be\" data-element_type=\"widget\" data-e-type=\"widget\" data-widget_type=\"thim-heading.default\">\n\t\t\t\t<div class=\"elementor-widget-container\">\n\t\t\t\t\t<div class=\"sc_heading\"><h2 class=\"title\">Consultorio de orientaci\u00f3n y prevenci\u00f3n psicol\u00f3gica <\/h2><div class=\"sub-heading\"><p>GTH<\/p>\n<\/div><span class=\"line\"><\/span><\/div>\t\t\t\t<\/div>\n\t\t\t\t<\/div>\n\t\t\t\t<div class=\"elementor-element elementor-element-3dbf9ff elementor-widget elementor-widget-text-editor\" data-id=\"3dbf9ff\" data-element_type=\"widget\" data-e-type=\"widget\" data-widget_type=\"text-editor.default\">\n\t\t\t\t\t\t\t\t\t<p>El\u00a0<strong>Departamento de Bienestar Social<\/strong>\u00a0dependiente de la\u00a0<b>Direcci\u00f3n de Gesti\u00f3n de Talento Humano de la Facultad de Ingenier\u00eda\u00a0de la Universidad Nacional de Asunci\u00f3n (FIUNA),<\/b>\u00a0a trav\u00e9s del convenio con la <strong>Fundaci\u00f3n Buen Gobierno<\/strong> pone a disposici\u00f3n exclusiva de los servidores p\u00fablicos y familiares el Consultorio de Orientaci\u00f3n y Prevenci\u00f3n psicol\u00f3gica consistente en brindar, un espacio de Orientaci\u00f3n y Apoyo personal, profesional y familiar, adem\u00e1s de acceder a un acompa\u00f1amiento guiado por un profesional Psic\u00f3logo o Consultor, experto en diferentes temas.<\/p><p>Este servicio se realiza en los Consultorios de la Fundaci\u00f3n como tambi\u00e9n de manera virtual, en d\u00edas y horarios agendados previamente. La atenci\u00f3n es personalizada y confidencial, para lo cual se cuenta con un espacio f\u00edsico privado, adecuado para las entrevistas personales de forma totalmente gratuita.<strong>Observaci\u00f3n:<\/strong>\u00a0Exclusivo para Docentes, funcionarios, empleados, hijos, padres y c\u00f3nyuges<\/p>\t\t\t\t\t\t\t\t<\/div>\n\t\t\t\t\t<\/div>\n\t\t<\/div>\n\t\t\t\t<div class=\"elementor-column elementor-col-33 elementor-top-column elementor-element elementor-element-dae7740\" data-id=\"dae7740\" data-element_type=\"column\" data-e-type=\"column\">\n\t\t\t<div class=\"elementor-widget-wrap elementor-element-populated\">\n\t\t\t\t\t\t<div class=\"elementor-element elementor-element-c7ee324 elementor-widget elementor-widget-heading\" data-id=\"c7ee324\" data-element_type=\"widget\" data-e-type=\"widget\" data-widget_type=\"heading.default\">\n\t\t\t\t\t<h3 class=\"elementor-heading-title elementor-size-default\">GTH<\/h3>\t\t\t\t<\/div>\n\t\t\t\t<div class=\"elementor-element elementor-element-6177d4f elementor-nav-menu__align-start elementor-nav-menu--dropdown-mobile elementor-nav-menu__text-align-aside elementor-nav-menu--toggle elementor-nav-menu--burger elementor-widget elementor-widget-nav-menu\" data-id=\"6177d4f\" data-element_type=\"widget\" data-e-type=\"widget\" data-settings=\"{&quot;layout&quot;:&quot;vertical&quot;,&quot;_animation&quot;:&quot;none&quot;,&quot;submenu_icon&quot;:{&quot;value&quot;:&quot;&lt;svg class=\\&quot;fa-svg-chevron-down e-font-icon-svg e-fas-chevron-down\\&quot; viewBox=\\&quot;0 0 448 512\\&quot; xmlns=\\&quot;http:\\\/\\\/www.w3.org\\\/2000\\\/svg\\&quot;&gt;&lt;path d=\\&quot;M207.029 381.476L12.686 187.132c-9.373-9.373-9.373-24.569 0-33.941l22.667-22.667c9.357-9.357 24.522-9.375 33.901-.04L224 284.505l154.745-154.021c9.379-9.335 24.544-9.317 33.901.04l22.667 22.667c9.373 9.373 9.373 24.569 0 33.941L240.971 381.476c-9.373 9.372-24.569 9.372-33.942 0z\\&quot;&gt;&lt;\\\/path&gt;&lt;\\\/svg&gt;&quot;,&quot;library&quot;:&quot;fa-solid&quot;},&quot;toggle&quot;:&quot;burger&quot;}\" data-widget_type=\"nav-menu.default\">\n\t\t\t\t\t\t\t\t<nav aria-label=\"Men\u00fa\" class=\"elementor-nav-menu--main elementor-nav-menu__container elementor-nav-menu--layout-vertical e--pointer-background e--animation-fade\">\n\t\t\t\t<ul id=\"menu-1-6177d4f\" class=\"elementor-nav-menu sm-vertical\"><li class=\"menu-item menu-item-type-post_type menu-item-object-page menu-item-49157 tc-menu-item tc-menu-depth-0 tc-menu-align-left tc-menu-layout-default\"><a href=\"https:\/\/www.ing.una.py\/FIUNA3\/?page_id=429\" class=\"elementor-item\" class=\"tc-menu-inner\">Volver a Institucional<\/a><\/li>\n<li class=\"menu-item menu-item-type-post_type menu-item-object-page menu-item-49148 tc-menu-item tc-menu-depth-0 tc-menu-align-left tc-menu-layout-default\"><a href=\"https:\/\/www.ing.una.py\/FIUNA3\/?page_id=49141\" class=\"elementor-item\" class=\"tc-menu-inner\">Direcci\u00f3n de Gesti\u00f3n del Talento Humano<\/a><\/li>\n<li class=\"menu-item menu-item-type-post_type menu-item-object-page menu-item-has-children menu-item-49184 tc-menu-item tc-menu-depth-0 tc-menu-align-left tc-menu-layout-default\"><a href=\"https:\/\/www.ing.una.py\/FIUNA3\/?page_id=49177\" class=\"elementor-item\" class=\"tc-menu-inner\">Dpto. De Bienestar Social<\/a>\n<ul class=\"sub-menu\">\n\t<li class=\"menu-item menu-item-type-post_type menu-item-object-page menu-item-49194 tc-menu-item tc-menu-depth-1 tc-menu-align-left\"><a href=\"https:\/\/www.ing.una.py\/FIUNA3\/?page_id=49188\" class=\"elementor-sub-item\" class=\"tc-menu-inner tc-megamenu-title\">Jubilaci\u00f3n Ordinaria<\/a><\/li>\n\t<li class=\"menu-item menu-item-type-post_type menu-item-object-page menu-item-62561 tc-menu-item tc-menu-depth-1 tc-menu-align-left\"><a href=\"https:\/\/www.ing.una.py\/FIUNA3\/?page_id=62552\" class=\"elementor-sub-item\" class=\"tc-menu-inner tc-megamenu-title\">Orientaci\u00f3n y Prevenci\u00f3n Psicol\u00f3gica<\/a><\/li>\n<\/ul><!-- End wrapper ul sub -->\n<\/li>\n<li class=\"menu-item menu-item-type-post_type menu-item-object-page menu-item-49170 tc-menu-item tc-menu-depth-0 tc-menu-align-left tc-menu-layout-default\"><a href=\"https:\/\/www.ing.una.py\/FIUNA3\/?page_id=2677\" class=\"elementor-item\" class=\"tc-menu-inner\">Dpto. de Desarrollo, Capacitaci\u00f3n y Evaluaci\u00f3n Administrativa<\/a><\/li>\n<li class=\"menu-item menu-item-type-post_type menu-item-object-page menu-item-49259 tc-menu-item tc-menu-depth-0 tc-menu-align-left tc-menu-layout-default\"><a href=\"https:\/\/www.ing.una.py\/FIUNA3\/?page_id=49254\" class=\"elementor-item\" class=\"tc-menu-inner\">Dpto. de Control del Personal Administrativo y Docente<\/a><\/li>\n<li class=\"menu-item menu-item-type-post_type menu-item-object-page menu-item-has-children menu-item-49232 tc-menu-item tc-menu-depth-0 tc-menu-align-left tc-menu-layout-default\"><a href=\"https:\/\/www.ing.una.py\/FIUNA3\/?page_id=49219\" class=\"elementor-item\" class=\"tc-menu-inner\">Dpto. de Incorporaci\u00f3n de Personal<\/a>\n<ul class=\"sub-menu\">\n\t<li class=\"menu-item menu-item-type-post_type menu-item-object-page menu-item-83861 tc-menu-item tc-menu-depth-1 tc-menu-align-left\"><a href=\"https:\/\/www.ing.una.py\/FIUNA3\/?page_id=83854\" class=\"elementor-sub-item\" class=\"tc-menu-inner tc-megamenu-title\">Concursos 2026<\/a><\/li>\n\t<li class=\"menu-item menu-item-type-post_type menu-item-object-page menu-item-77195 tc-menu-item tc-menu-depth-1 tc-menu-align-left\"><a href=\"https:\/\/www.ing.una.py\/FIUNA3\/?page_id=77185\" class=\"elementor-sub-item\" class=\"tc-menu-inner tc-megamenu-title\">Concursos 2025<\/a><\/li>\n\t<li class=\"menu-item menu-item-type-post_type menu-item-object-page menu-item-63310 tc-menu-item tc-menu-depth-1 tc-menu-align-left\"><a href=\"https:\/\/www.ing.una.py\/FIUNA3\/?page_id=63286\" class=\"elementor-sub-item\" class=\"tc-menu-inner tc-megamenu-title\">Concursos 2024<\/a><\/li>\n\t<li class=\"menu-item menu-item-type-post_type menu-item-object-page menu-item-63285 tc-menu-item tc-menu-depth-1 tc-menu-align-left\"><a href=\"https:\/\/www.ing.una.py\/FIUNA3\/?page_id=63189\" class=\"elementor-sub-item\" class=\"tc-menu-inner tc-megamenu-title\">Concursos 2023<\/a><\/li>\n\t<li class=\"menu-item menu-item-type-post_type menu-item-object-page menu-item-63140 tc-menu-item tc-menu-depth-1 tc-menu-align-left\"><a href=\"https:\/\/www.ing.una.py\/FIUNA3\/?page_id=63021\" class=\"elementor-sub-item\" class=\"tc-menu-inner tc-megamenu-title\">Concursos 2022<\/a><\/li>\n\t<li class=\"menu-item menu-item-type-post_type menu-item-object-page menu-item-49198 tc-menu-item tc-menu-depth-1 tc-menu-align-left\"><a href=\"https:\/\/www.ing.una.py\/FIUNA3\/?page_id=48689\" class=\"elementor-sub-item\" class=\"tc-menu-inner tc-megamenu-title\">Concursos 2021<\/a><\/li>\n\t<li class=\"menu-item menu-item-type-post_type menu-item-object-page menu-item-49214 tc-menu-item tc-menu-depth-1 tc-menu-align-left\"><a href=\"https:\/\/www.ing.una.py\/FIUNA3\/?page_id=44304\" class=\"elementor-sub-item\" class=\"tc-menu-inner tc-megamenu-title\">Concursos 2020<\/a><\/li>\n\t<li class=\"menu-item menu-item-type-post_type menu-item-object-page menu-item-49215 tc-menu-item tc-menu-depth-1 tc-menu-align-left\"><a href=\"https:\/\/www.ing.una.py\/FIUNA3\/?page_id=35028\" class=\"elementor-sub-item\" class=\"tc-menu-inner tc-megamenu-title\">Concursos 2019<\/a><\/li>\n\t<li class=\"menu-item menu-item-type-post_type menu-item-object-page menu-item-49216 tc-menu-item tc-menu-depth-1 tc-menu-align-left\"><a href=\"https:\/\/www.ing.una.py\/FIUNA3\/?page_id=29163\" class=\"elementor-sub-item\" class=\"tc-menu-inner tc-megamenu-title\">Concursos 2018<\/a><\/li>\n\t<li class=\"menu-item menu-item-type-post_type menu-item-object-page menu-item-49217 tc-menu-item tc-menu-depth-1 tc-menu-align-left\"><a href=\"https:\/\/www.ing.una.py\/FIUNA3\/?page_id=23264\" class=\"elementor-sub-item\" class=\"tc-menu-inner tc-megamenu-title\">Concursos 2017<\/a><\/li>\n\t<li class=\"menu-item menu-item-type-post_type menu-item-object-page menu-item-49218 tc-menu-item tc-menu-depth-1 tc-menu-align-left\"><a href=\"https:\/\/www.ing.una.py\/FIUNA3\/?page_id=19756\" class=\"elementor-sub-item\" class=\"tc-menu-inner tc-megamenu-title\">Concursos 2016<\/a><\/li>\n<\/ul><!-- End wrapper ul sub -->\n<\/li>\n<li class=\"menu-item menu-item-type-post_type menu-item-object-page menu-item-49266 tc-menu-item tc-menu-depth-0 tc-menu-align-left tc-menu-layout-default\"><a href=\"https:\/\/www.ing.una.py\/FIUNA3\/?page_id=49260\" class=\"elementor-item\" class=\"tc-menu-inner\">Coordinaci\u00f3n Operativa SICCA<\/a><\/li>\n<\/ul>\t\t\t<\/nav>\n\t\t\t\t\t<div class=\"elementor-menu-toggle\" role=\"button\" tabindex=\"0\" aria-label=\"Alternar men\u00fa\" aria-expanded=\"false\">\n\t\t\t<svg aria-hidden=\"true\" role=\"presentation\" class=\"elementor-menu-toggle__icon--open e-font-icon-svg e-eicon-menu-bar\" viewBox=\"0 0 1000 1000\" xmlns=\"http:\/\/www.w3.org\/2000\/svg\"><path d=\"M104 333H896C929 333 958 304 958 271S929 208 896 208H104C71 208 42 237 42 271S71 333 104 333ZM104 583H896C929 583 958 554 958 521S929 458 896 458H104C71 458 42 487 42 521S71 583 104 583ZM104 833H896C929 833 958 804 958 771S929 708 896 708H104C71 708 42 737 42 771S71 833 104 833Z\"><\/path><\/svg><svg aria-hidden=\"true\" role=\"presentation\" class=\"elementor-menu-toggle__icon--close e-font-icon-svg e-eicon-close\" viewBox=\"0 0 1000 1000\" xmlns=\"http:\/\/www.w3.org\/2000\/svg\"><path d=\"M742 167L500 408 258 167C246 154 233 150 217 150 196 150 179 158 167 167 154 179 150 196 150 212 150 229 154 242 171 254L408 500 167 742C138 771 138 800 167 829 196 858 225 858 254 829L496 587 738 829C750 842 767 846 783 846 800 846 817 842 829 829 842 817 846 804 846 783 846 767 842 750 829 737L588 500 833 258C863 229 863 200 833 171 804 137 775 137 742 167Z\"><\/path><\/svg>\t\t<\/div>\n\t\t\t\t\t<nav class=\"elementor-nav-menu--dropdown elementor-nav-menu__container\" aria-hidden=\"true\">\n\t\t\t\t<ul id=\"menu-2-6177d4f\" class=\"elementor-nav-menu sm-vertical\"><li class=\"menu-item menu-item-type-post_type menu-item-object-page menu-item-49157 tc-menu-item tc-menu-depth-0 tc-menu-align-left tc-menu-layout-default\"><a href=\"https:\/\/www.ing.una.py\/FIUNA3\/?page_id=429\" class=\"elementor-item\" tabindex=\"-1\" class=\"tc-menu-inner\">Volver a Institucional<\/a><\/li>\n<li class=\"menu-item menu-item-type-post_type menu-item-object-page menu-item-49148 tc-menu-item tc-menu-depth-0 tc-menu-align-left tc-menu-layout-default\"><a href=\"https:\/\/www.ing.una.py\/FIUNA3\/?page_id=49141\" class=\"elementor-item\" tabindex=\"-1\" class=\"tc-menu-inner\">Direcci\u00f3n de Gesti\u00f3n del Talento Humano<\/a><\/li>\n<li class=\"menu-item menu-item-type-post_type menu-item-object-page menu-item-has-children menu-item-49184 tc-menu-item tc-menu-depth-0 tc-menu-align-left tc-menu-layout-default\"><a href=\"https:\/\/www.ing.una.py\/FIUNA3\/?page_id=49177\" class=\"elementor-item\" tabindex=\"-1\" class=\"tc-menu-inner\">Dpto. De Bienestar Social<\/a>\n<ul class=\"sub-menu\">\n\t<li class=\"menu-item menu-item-type-post_type menu-item-object-page menu-item-49194 tc-menu-item tc-menu-depth-1 tc-menu-align-left\"><a href=\"https:\/\/www.ing.una.py\/FIUNA3\/?page_id=49188\" class=\"elementor-sub-item\" tabindex=\"-1\" class=\"tc-menu-inner tc-megamenu-title\">Jubilaci\u00f3n Ordinaria<\/a><\/li>\n\t<li class=\"menu-item menu-item-type-post_type menu-item-object-page menu-item-62561 tc-menu-item tc-menu-depth-1 tc-menu-align-left\"><a href=\"https:\/\/www.ing.una.py\/FIUNA3\/?page_id=62552\" class=\"elementor-sub-item\" tabindex=\"-1\" class=\"tc-menu-inner tc-megamenu-title\">Orientaci\u00f3n y Prevenci\u00f3n Psicol\u00f3gica<\/a><\/li>\n<\/ul><!-- End wrapper ul sub -->\n<\/li>\n<li class=\"menu-item menu-item-type-post_type menu-item-object-page menu-item-49170 tc-menu-item tc-menu-depth-0 tc-menu-align-left tc-menu-layout-default\"><a href=\"https:\/\/www.ing.una.py\/FIUNA3\/?page_id=2677\" class=\"elementor-item\" tabindex=\"-1\" class=\"tc-menu-inner\">Dpto. de Desarrollo, Capacitaci\u00f3n y Evaluaci\u00f3n Administrativa<\/a><\/li>\n<li class=\"menu-item menu-item-type-post_type menu-item-object-page menu-item-49259 tc-menu-item tc-menu-depth-0 tc-menu-align-left tc-menu-layout-default\"><a href=\"https:\/\/www.ing.una.py\/FIUNA3\/?page_id=49254\" class=\"elementor-item\" tabindex=\"-1\" class=\"tc-menu-inner\">Dpto. de Control del Personal Administrativo y Docente<\/a><\/li>\n<li class=\"menu-item menu-item-type-post_type menu-item-object-page menu-item-has-children menu-item-49232 tc-menu-item tc-menu-depth-0 tc-menu-align-left tc-menu-layout-default\"><a href=\"https:\/\/www.ing.una.py\/FIUNA3\/?page_id=49219\" class=\"elementor-item\" tabindex=\"-1\" class=\"tc-menu-inner\">Dpto. de Incorporaci\u00f3n de Personal<\/a>\n<ul class=\"sub-menu\">\n\t<li class=\"menu-item menu-item-type-post_type menu-item-object-page menu-item-83861 tc-menu-item tc-menu-depth-1 tc-menu-align-left\"><a href=\"https:\/\/www.ing.una.py\/FIUNA3\/?page_id=83854\" class=\"elementor-sub-item\" tabindex=\"-1\" class=\"tc-menu-inner tc-megamenu-title\">Concursos 2026<\/a><\/li>\n\t<li class=\"menu-item menu-item-type-post_type menu-item-object-page menu-item-77195 tc-menu-item tc-menu-depth-1 tc-menu-align-left\"><a href=\"https:\/\/www.ing.una.py\/FIUNA3\/?page_id=77185\" class=\"elementor-sub-item\" tabindex=\"-1\" class=\"tc-menu-inner tc-megamenu-title\">Concursos 2025<\/a><\/li>\n\t<li class=\"menu-item menu-item-type-post_type menu-item-object-page menu-item-63310 tc-menu-item tc-menu-depth-1 tc-menu-align-left\"><a href=\"https:\/\/www.ing.una.py\/FIUNA3\/?page_id=63286\" class=\"elementor-sub-item\" tabindex=\"-1\" class=\"tc-menu-inner tc-megamenu-title\">Concursos 2024<\/a><\/li>\n\t<li class=\"menu-item menu-item-type-post_type menu-item-object-page menu-item-63285 tc-menu-item tc-menu-depth-1 tc-menu-align-left\"><a href=\"https:\/\/www.ing.una.py\/FIUNA3\/?page_id=63189\" class=\"elementor-sub-item\" tabindex=\"-1\" class=\"tc-menu-inner tc-megamenu-title\">Concursos 2023<\/a><\/li>\n\t<li class=\"menu-item menu-item-type-post_type menu-item-object-page menu-item-63140 tc-menu-item tc-menu-depth-1 tc-menu-align-left\"><a href=\"https:\/\/www.ing.una.py\/FIUNA3\/?page_id=63021\" class=\"elementor-sub-item\" tabindex=\"-1\" class=\"tc-menu-inner tc-megamenu-title\">Concursos 2022<\/a><\/li>\n\t<li class=\"menu-item menu-item-type-post_type menu-item-object-page menu-item-49198 tc-menu-item tc-menu-depth-1 tc-menu-align-left\"><a href=\"https:\/\/www.ing.una.py\/FIUNA3\/?page_id=48689\" class=\"elementor-sub-item\" tabindex=\"-1\" class=\"tc-menu-inner tc-megamenu-title\">Concursos 2021<\/a><\/li>\n\t<li class=\"menu-item menu-item-type-post_type menu-item-object-page menu-item-49214 tc-menu-item tc-menu-depth-1 tc-menu-align-left\"><a href=\"https:\/\/www.ing.una.py\/FIUNA3\/?page_id=44304\" class=\"elementor-sub-item\" tabindex=\"-1\" class=\"tc-menu-inner tc-megamenu-title\">Concursos 2020<\/a><\/li>\n\t<li class=\"menu-item menu-item-type-post_type menu-item-object-page menu-item-49215 tc-menu-item tc-menu-depth-1 tc-menu-align-left\"><a href=\"https:\/\/www.ing.una.py\/FIUNA3\/?page_id=35028\" class=\"elementor-sub-item\" tabindex=\"-1\" class=\"tc-menu-inner tc-megamenu-title\">Concursos 2019<\/a><\/li>\n\t<li class=\"menu-item menu-item-type-post_type menu-item-object-page menu-item-49216 tc-menu-item tc-menu-depth-1 tc-menu-align-left\"><a href=\"https:\/\/www.ing.una.py\/FIUNA3\/?page_id=29163\" class=\"elementor-sub-item\" tabindex=\"-1\" class=\"tc-menu-inner tc-megamenu-title\">Concursos 2018<\/a><\/li>\n\t<li class=\"menu-item menu-item-type-post_type menu-item-object-page menu-item-49217 tc-menu-item tc-menu-depth-1 tc-menu-align-left\"><a href=\"https:\/\/www.ing.una.py\/FIUNA3\/?page_id=23264\" class=\"elementor-sub-item\" tabindex=\"-1\" class=\"tc-menu-inner tc-megamenu-title\">Concursos 2017<\/a><\/li>\n\t<li class=\"menu-item menu-item-type-post_type menu-item-object-page menu-item-49218 tc-menu-item tc-menu-depth-1 tc-menu-align-left\"><a href=\"https:\/\/www.ing.una.py\/FIUNA3\/?page_id=19756\" class=\"elementor-sub-item\" tabindex=\"-1\" class=\"tc-menu-inner tc-megamenu-title\">Concursos 2016<\/a><\/li>\n<\/ul><!-- End wrapper ul sub -->\n<\/li>\n<li class=\"menu-item menu-item-type-post_type menu-item-object-page menu-item-49266 tc-menu-item tc-menu-depth-0 tc-menu-align-left tc-menu-layout-default\"><a href=\"https:\/\/www.ing.una.py\/FIUNA3\/?page_id=49260\" class=\"elementor-item\" tabindex=\"-1\" class=\"tc-menu-inner\">Coordinaci\u00f3n Operativa SICCA<\/a><\/li>\n<\/ul>\t\t\t<\/nav>\n\t\t\t\t\t\t<\/div>\n\t\t\t\t\t<\/div>\n\t\t<\/div>\n\t\t\t\t\t<\/div>\n\t\t<\/section>\n\t\t\t\t<section class=\"elementor-section elementor-top-section elementor-element elementor-element-9421188 elementor-section-full_width elementor-section-height-default elementor-section-height-default\" data-id=\"9421188\" data-element_type=\"section\" data-e-type=\"section\">\n\t\t\t\t\t\t<div class=\"elementor-container elementor-column-gap-default\">\n\t\t\t\t\t<div class=\"elementor-column elementor-col-100 elementor-top-column elementor-element elementor-element-e1f521c\" data-id=\"e1f521c\" data-element_type=\"column\" data-e-type=\"column\">\n\t\t\t<div class=\"elementor-widget-wrap elementor-element-populated\">\n\t\t\t\t\t\t<div class=\"elementor-element elementor-element-3e27429 elementor-widget-divider--view-line elementor-invisible elementor-widget elementor-widget-divider\" data-id=\"3e27429\" data-element_type=\"widget\" data-e-type=\"widget\" data-settings=\"{&quot;_animation&quot;:&quot;fadeIn&quot;}\" data-widget_type=\"divider.default\">\n\t\t\t\t\t\t\t<div class=\"elementor-divider\">\n\t\t\t<span class=\"elementor-divider-separator\">\n\t\t\t\t\t\t<\/span>\n\t\t<\/div>\n\t\t\t\t\t\t<\/div>\n\t\t\t\t\t<\/div>\n\t\t<\/div>\n\t\t\t\t\t<\/div>\n\t\t<\/section>\n\t\t\t\t<section class=\"elementor-section elementor-top-section elementor-element elementor-element-cdc0400 elementor-section-boxed elementor-section-height-default elementor-section-height-default\" data-id=\"cdc0400\" data-element_type=\"section\" data-e-type=\"section\">\n\t\t\t\t\t\t<div class=\"elementor-container elementor-column-gap-default\">\n\t\t\t\t\t<div class=\"elementor-column elementor-col-50 elementor-top-column elementor-element elementor-element-74aa789\" data-id=\"74aa789\" data-element_type=\"column\" data-e-type=\"column\">\n\t\t\t<div class=\"elementor-widget-wrap elementor-element-populated\">\n\t\t\t\t\t\t<div class=\"elementor-element elementor-element-7057e79 elementor-widget elementor-widget-heading\" data-id=\"7057e79\" data-element_type=\"widget\" data-e-type=\"widget\" data-widget_type=\"heading.default\">\n\t\t\t\t\t<h2 class=\"elementor-heading-title elementor-size-default\">Reserva de Citas<\/h2>\t\t\t\t<\/div>\n\t\t\t\t<div class=\"elementor-element elementor-element-592c7cb elementor-widget elementor-widget-text-editor\" data-id=\"592c7cb\" data-element_type=\"widget\" data-e-type=\"widget\" data-widget_type=\"text-editor.default\">\n\t\t\t\t\t\t\t\t\t<h4>Sra. Sonia Fari\u00f1a<\/h4><p><strong>Horario de Atenci\u00f3n<br \/><\/strong>De 08:00 a 17:00 hs.<br \/><strong>Tel.:<\/strong> +595 985 875 908<\/p>\t\t\t\t\t\t\t\t<\/div>\n\t\t\t\t\t<\/div>\n\t\t<\/div>\n\t\t\t\t<div class=\"elementor-column elementor-col-50 elementor-top-column elementor-element elementor-element-501102f\" data-id=\"501102f\" data-element_type=\"column\" data-e-type=\"column\">\n\t\t\t<div class=\"elementor-widget-wrap elementor-element-populated\">\n\t\t\t\t\t\t<div class=\"elementor-element elementor-element-688d06c elementor-widget elementor-widget-heading\" data-id=\"688d06c\" data-element_type=\"widget\" data-e-type=\"widget\" data-widget_type=\"heading.default\">\n\t\t\t\t\t<h2 class=\"elementor-heading-title elementor-size-default\">Ubicaci\u00f3n<\/h2>\t\t\t\t<\/div>\n\t\t\t\t<div class=\"elementor-element elementor-element-6d2250a elementor-widget elementor-widget-text-editor\" data-id=\"6d2250a\" data-element_type=\"widget\" data-e-type=\"widget\" data-widget_type=\"text-editor.default\">\n\t\t\t\t\t\t\t\t\t<p><span style=\"color: var(--thim-font-body-color); font-size: var(--thim-font-body-font-size); font-weight: var(--thim-font-body-variant);\">Avda. Espa\u00f1a N\u00b0 184 e\/ EE.UU y Tacuary &#8211; Asunci\u00f3n\u00a0<\/span><\/p>\t\t\t\t\t\t\t\t<\/div>\n\t\t\t\t<div class=\"elementor-element elementor-element-a596834 elementor-widget elementor-widget-thim-google-map\" data-id=\"a596834\" data-element_type=\"widget\" data-e-type=\"widget\" data-widget_type=\"thim-google-map.default\">\n\t\t\t\t<div class=\"elementor-widget-container\">\n\t\t\t\t\t<div class=\"thim-map-iframe\" style =\"height: 300px\"><iframe frameborder=\"0\" scrolling=\"no\" marginheight=\"0\" marginwidth=\"0\" src=\"https:\/\/maps.google.com\/maps?q=Avda.%20Espa%C3%B1a%20N%7C%20184%2C%20Asunci%C3%B3n&amp;t=m&amp;z=12&amp;output=embed&amp;iwloc=near\" title=\"Avda. Espa\u00f1a N| 184, Asunci\u00f3n\" aria-label=\"Avda. Espa\u00f1a N| 184, Asunci\u00f3n\"><\/iframe><\/div>\t\t\t\t<\/div>\n\t\t\t\t<\/div>\n\t\t\t\t\t<\/div>\n\t\t<\/div>\n\t\t\t\t\t<\/div>\n\t\t<\/section>\n\t\t\t\t<\/div>\n\t\t","protected":false},"excerpt":{"rendered":"<p>Consultorio de orientaci\u00f3n y prevenci\u00f3n psicol\u00f3gica GTH El\u00a0Departamento de Bienestar Social\u00a0dependiente de la\u00a0Direcci\u00f3n de Gesti\u00f3n de Talento Humano de la Facultad de Ingenier\u00eda\u00a0de la Universidad Nacional de Asunci\u00f3n (FIUNA),\u00a0a trav\u00e9s del convenio con la Fundaci\u00f3n Buen Gobierno pone a disposici\u00f3n exclusiva de los servidores p\u00fablicos y familiares el Consultorio de Orientaci\u00f3n y Prevenci\u00f3n psicol\u00f3gica consistente en brindar, un espacio de Orientaci\u00f3n y Apoyo personal, profesional y familiar, adem\u00e1s de acceder a un acompa\u00f1amiento guiado por un profesional Psic\u00f3logo o Consultor, experto en diferentes temas. Este servicio se realiza en los Consultorios de la Fundaci\u00f3n como tambi\u00e9n de manera virtual, en &hellip; <\/p>\n","protected":false},"author":1,"featured_media":0,"parent":49141,"menu_order":0,"comment_status":"closed","ping_status":"open","template":"","meta":{"_bbp_topic_count":0,"_bbp_reply_count":0,"_bbp_total_topic_count":0,"_bbp_total_reply_count":0,"_bbp_voice_count":0,"_bbp_anonymous_reply_count":0,"_bbp_topic_count_hidden":0,"_bbp_reply_count_hidden":0,"_bbp_forum_subforum_count":0,"advanced_seo_description":"","jetpack_seo_html_title":"","jetpack_seo_noindex":false,"jetpack_post_was_ever_published":false,"footnotes":""},"class_list":["post-62552","page","type-page","status-publish","hentry"],"jetpack_shortlink":"https:\/\/wp.me\/Pc8Odv-ggU","jetpack_likes_enabled":true,"jetpack_sharing_enabled":true,"jetpack-related-posts":[],"_links":{"self":[{"href":"https:\/\/www.ing.una.py\/FIUNA3\/index.php?rest_route=\/wp\/v2\/pages\/62552","targetHints":{"allow":["GET"]}}],"collection":[{"href":"https:\/\/www.ing.una.py\/FIUNA3\/index.php?rest_route=\/wp\/v2\/pages"}],"about":[{"href":"https:\/\/www.ing.una.py\/FIUNA3\/index.php?rest_route=\/wp\/v2\/types\/page"}],"author":[{"embeddable":true,"href":"https:\/\/www.ing.una.py\/FIUNA3\/index.php?rest_route=\/wp\/v2\/users\/1"}],"replies":[{"embeddable":true,"href":"https:\/\/www.ing.una.py\/FIUNA3\/index.php?rest_route=%2Fwp%2Fv2%2Fcomments&post=62552"}],"version-history":[{"count":14,"href":"https:\/\/www.ing.una.py\/FIUNA3\/index.php?rest_route=\/wp\/v2\/pages\/62552\/revisions"}],"predecessor-version":[{"id":65590,"href":"https:\/\/www.ing.una.py\/FIUNA3\/index.php?rest_route=\/wp\/v2\/pages\/62552\/revisions\/65590"}],"up":[{"embeddable":true,"href":"https:\/\/www.ing.una.py\/FIUNA3\/index.php?rest_route=\/wp\/v2\/pages\/49141"}],"wp:attachment":[{"href":"https:\/\/www.ing.una.py\/FIUNA3\/index.php?rest_route=%2Fwp%2Fv2%2Fmedia&parent=62552"}],"curies":[{"name":"wp","href":"https:\/\/api.w.org\/{rel}","templated":true}]}}