{"id":66975,"date":"2024-07-08T14:27:02","date_gmt":"2024-07-08T18:27:02","guid":{"rendered":"https:\/\/www.ing.una.py\/FIUNA3\/?page_id=66975"},"modified":"2024-10-10T12:10:36","modified_gmt":"2024-10-10T15:10:36","slug":"ingenieria-civil-ayolas","status":"publish","type":"page","link":"https:\/\/www.ing.una.py\/FIUNA3\/?page_id=66975","title":{"rendered":"Ingenier\u00eda Civil | Filial Ayolas"},"content":{"rendered":"\t\t<div data-elementor-type=\"wp-page\" data-elementor-id=\"66975\" class=\"elementor elementor-66975\" data-elementor-post-type=\"page\">\n\t\t\t\t\t\t<section class=\"elementor-section elementor-top-section elementor-element elementor-element-030c266 elementor-section-boxed elementor-section-height-default elementor-section-height-default\" data-id=\"030c266\" data-element_type=\"section\" data-e-type=\"section\">\n\t\t\t\t\t\t<div class=\"elementor-container elementor-column-gap-default\">\n\t\t\t\t\t<div class=\"elementor-column elementor-col-66 elementor-top-column elementor-element elementor-element-c96a9ee\" data-id=\"c96a9ee\" data-element_type=\"column\" data-e-type=\"column\">\n\t\t\t<div class=\"elementor-widget-wrap elementor-element-populated\">\n\t\t\t\t\t\t<div class=\"elementor-element elementor-element-d6d7783 elementor-widget thim-ekits-heading elementor-widget-thim-heading\" data-id=\"d6d7783\" data-element_type=\"widget\" data-e-type=\"widget\" data-widget_type=\"thim-heading.default\">\n\t\t\t\t<div class=\"elementor-widget-container\">\n\t\t\t\t\t<div class=\"sc_heading clone_title\"><h3 class=\"title\">Ingenier\u00eda Civil <\/h3><div class=\"clone\">Ingenier\u00eda Civil<\/div><span class=\"line\"><\/span><\/div>\t\t\t\t<\/div>\n\t\t\t\t<\/div>\n\t\t\t\t<div class=\"elementor-element elementor-element-3898d84 elementor-widget elementor-widget-text-editor\" data-id=\"3898d84\" data-element_type=\"widget\" data-e-type=\"widget\" data-widget_type=\"text-editor.default\">\n\t\t\t\t\t\t\t\t\t<h4>Objetivo General<\/h4><p>Formar ingenieros civiles generalistas, competentes para desempe\u00f1arse en el mercado regional, con aptitud para la formaci\u00f3n continua, con capacidad y actitud para realizar procesos de an\u00e1lisis y s\u00edntesis, razonamiento inductivo y deductivo, con pensamiento l\u00f3gico, creativo y esp\u00edritu de auto cr\u00edtica, dentro del marco \u00e9tico y legal, tomando en consideraci\u00f3n el mejoramiento de la calidad de vida y la preservaci\u00f3n del medio.<\/p><h4>Objetivos Espec\u00edficos<\/h4><ul><li>Formar ingenieros civiles con profundos principios y m\u00e9todos cient\u00edficos que le permitan emplear adecuadamente las fuentes de energ\u00eda, principalmente la fuente h\u00eddrica y los materiales que existen en el medio.<\/li><li>Formar ingenieros con una formaci\u00f3n general que le permita tener una visi\u00f3n adecuada, a fin de lograr una mejor calidad de vida para las personas de los departamentos adyacentes de la filial.<\/li><li>Generar ingenieros con criterios que apliquen la m\u00e1xima econom\u00eda, \u00f3ptimo aprovechamiento de los medios humanos y materiales, m\u00e1xima eficiencia, seguridad y preservaci\u00f3n del ambiente enmarcados siempre en una conducta \u00e9tica y moral.<\/li><\/ul><h4>Perfil de Ingreso<\/h4><p><strong>La carrera de Ingenier\u00eda Civil est\u00e1 dirigido a estudiantes:<\/strong><\/p><ul><li>Egresados del ciclo de educaci\u00f3n media con t\u00edtulos de bachiller en Ciencias B\u00e1sicas, Bachiller T\u00e9cnico o equivalentes;<\/li><li>Interesados en desarrollar razonamiento anal\u00edtico y cr\u00edtico relacionado a disciplinas afines a las ciencias b\u00e1sicas como f\u00edsica, matem\u00e1tica, base del conocimiento para su preparaci\u00f3n profesional en ciencias de la ingenier\u00eda;<\/li><li>Capaces de trabajar en equipos multidisciplinarios buscando proyectar, construir, supervisar, operar y mantener obras hidr\u00e1ulicas, v\u00edas de comunicaci\u00f3n y transporte urbanas y rurales, edificaciones, estructuras de saneamiento y ambiente;<\/li><li>Interesados en investigar, adaptar y\/o crear nuevas tecnolog\u00edas acordes al entorno nacional.<\/li><\/ul><h4>Perfil de Egreso<\/h4><p><strong>El Ingeniero civil deber\u00e1 ser un profesional con competencias y capacidad para:<\/strong><\/p><ul><li>Proyectar, construir, supervisar, operar y mantener obras hidr\u00e1ulicas, de v\u00edas de comunicaciones y transporte, urbanas y edificaci\u00f3n, de saneamiento y del ambiente;<\/li><li>Realizar estudios de factibilidad t\u00e9cnico-econ\u00f3mica de proyectos de obras civiles;<\/li><li>Seleccionar alternativas de anteproyectos y proyectos de obras civiles;<\/li><li>Administrar y gerenciar empresas de construcciones civiles;<\/li><li>Investigar, adaptar y\/o crear nuevas tecnolog\u00edas acordes a nuestro medio;<\/li><li>Trabajar en equipo multidisciplinario.<\/li><\/ul><h4>Perfil del Ingeniero\/a de la Facultad de Ingenier\u00eda<\/h4><ul><li>Capacidad de an\u00e1lisis de problemas de ingenier\u00eda y toma de decisiones;<\/li><li>Capacidad de s\u00edntesis;<\/li><li>Capacidad de gesti\u00f3n;<\/li><li>H\u00e1bitos de estudio e indagaci\u00f3n de la realidad circundante, de la b\u00fasqueda de la informaci\u00f3n ordenada, del estudio de temas y materias que contribuyen a su actualizaci\u00f3n permanente y su elevaci\u00f3n cient\u00edfica y cultural;<\/li><li>Una cultura general y criterio interdisciplinario;<\/li><li>Aptitudes para la direcci\u00f3n del personal y capacidad de liderazgo;<\/li><li>H\u00e1bitos de disciplina, econom\u00eda y empleo racional de los medios;<\/li><li>Un amplio sentido de los valores morales y \u00e9ticos;<\/li><li>Habilidades especiales como el desarrollo de la creatividad, delegaci\u00f3n, la comunicaci\u00f3n y la motivaci\u00f3n.<\/li><\/ul><h4>Plan de Estudio<\/h4><p><a href=\"https:\/\/www.ing.una.py\/resoluciones2018\/0752-00-2018_Homologac_ProyectoAcad_IngCivil_Ayolas.pdf\" target=\"_blank\" rel=\"noopener\"><strong>Acta N\u00ba 30 del CSU \u2013 Resoluci\u00f3n N\u00ba 0752-00-2018<\/strong><\/a>\u00a0Por la cual se homologa el Proyecto Acad\u00e9mico 2018 de la carrera de Ingenier\u00eda Civil de la Facultad de Ingenier\u00eda \u2013 Filial Ayolas de la Universidad Nacional de Asunci\u00f3n<\/p><h4>Titulo que otorga<\/h4><ul><li>Ingeniero\/a civil<\/li><\/ul><h4>Requisitos para el egreso<\/h4><p><strong>Para obtener el t\u00edtulo de grado de la carrera, el estudiante deber\u00e1:<\/strong><\/p><ul><li>Aprobar todas las asignaturas troncales del ciclo b\u00e1sico y del ciclo profesional;<\/li><li>Completar el n\u00famero m\u00ednimo de cr\u00e9ditos requeridos en el plan de estudios de la carrera para las asignaturas optativas;<\/li><li>Cumplir con los requerimientos en idiomas, redacci\u00f3n, comunicaci\u00f3n oral y escrita en idioma espa\u00f1ol;<\/li><li>Cumplir con los requisitos de pasant\u00eda y extensi\u00f3n;<\/li><li>Presentar y tener aprobado el trabajo final de grado.<\/li><\/ul>\t\t\t\t\t\t\t\t<\/div>\n\t\t\t\t\t<\/div>\n\t\t<\/div>\n\t\t\t\t<div class=\"elementor-column elementor-col-33 elementor-top-column elementor-element elementor-element-7a4dcf2\" data-id=\"7a4dcf2\" data-element_type=\"column\" data-e-type=\"column\">\n\t\t\t<div class=\"elementor-widget-wrap elementor-element-populated\">\n\t\t\t\t\t\t<div class=\"elementor-element elementor-element-72b2a26 elementor-widget elementor-widget-heading\" data-id=\"72b2a26\" data-element_type=\"widget\" data-e-type=\"widget\" data-widget_type=\"heading.default\">\n\t\t\t\t\t<h3 class=\"elementor-heading-title elementor-size-default\">Filial Ayolas<\/h3>\t\t\t\t<\/div>\n\t\t\t\t<div class=\"elementor-element elementor-element-c34a7b9 elementor-nav-menu__align-start elementor-nav-menu--dropdown-mobile elementor-nav-menu__text-align-aside elementor-nav-menu--toggle elementor-nav-menu--burger elementor-widget elementor-widget-nav-menu\" data-id=\"c34a7b9\" data-element_type=\"widget\" data-e-type=\"widget\" data-settings=\"{&quot;layout&quot;:&quot;vertical&quot;,&quot;_animation&quot;:&quot;none&quot;,&quot;submenu_icon&quot;:{&quot;value&quot;:&quot;&lt;svg class=\\&quot;fa-svg-chevron-down e-font-icon-svg e-fas-chevron-down\\&quot; viewBox=\\&quot;0 0 448 512\\&quot; xmlns=\\&quot;http:\\\/\\\/www.w3.org\\\/2000\\\/svg\\&quot;&gt;&lt;path d=\\&quot;M207.029 381.476L12.686 187.132c-9.373-9.373-9.373-24.569 0-33.941l22.667-22.667c9.357-9.357 24.522-9.375 33.901-.04L224 284.505l154.745-154.021c9.379-9.335 24.544-9.317 33.901.04l22.667 22.667c9.373 9.373 9.373 24.569 0 33.941L240.971 381.476c-9.373 9.372-24.569 9.372-33.942 0z\\&quot;&gt;&lt;\\\/path&gt;&lt;\\\/svg&gt;&quot;,&quot;library&quot;:&quot;fa-solid&quot;},&quot;toggle&quot;:&quot;burger&quot;}\" data-widget_type=\"nav-menu.default\">\n\t\t\t\t\t\t\t\t<nav aria-label=\"Men\u00fa\" class=\"elementor-nav-menu--main elementor-nav-menu__container elementor-nav-menu--layout-vertical e--pointer-background e--animation-fade\">\n\t\t\t\t<ul id=\"menu-1-c34a7b9\" class=\"elementor-nav-menu sm-vertical\"><li class=\"menu-item menu-item-type-post_type menu-item-object-page menu-item-49351 tc-menu-item tc-menu-depth-0 tc-menu-align-left tc-menu-layout-default\"><a href=\"https:\/\/www.ing.una.py\/FIUNA3\/?page_id=49336\" class=\"elementor-item\" class=\"tc-menu-inner\">Inicio<\/a><\/li>\n<li class=\"menu-item menu-item-type-post_type menu-item-object-page menu-item-49390 tc-menu-item tc-menu-depth-0 tc-menu-align-left tc-menu-layout-default\"><a href=\"https:\/\/www.ing.una.py\/FIUNA3\/?page_id=49378\" class=\"elementor-item\" class=\"tc-menu-inner\">Plantel docente | Ciclo b\u00e1sico<\/a><\/li>\n<li class=\"menu-item menu-item-type-post_type menu-item-object-page menu-item-66990 tc-menu-item tc-menu-depth-0 tc-menu-align-left tc-menu-layout-default\"><a href=\"https:\/\/www.ing.una.py\/FIUNA3\/?page_id=66975\" class=\"elementor-item\" class=\"tc-menu-inner\">Ingenier\u00eda Civil<\/a><\/li>\n<li class=\"menu-item menu-item-type-post_type menu-item-object-page menu-item-49408 tc-menu-item tc-menu-depth-0 tc-menu-align-left tc-menu-layout-default\"><a href=\"https:\/\/www.ing.una.py\/FIUNA3\/?page_id=49391\" class=\"elementor-item\" class=\"tc-menu-inner\">Plantel docente | Ingenier\u00eda Civil<\/a><\/li>\n<li class=\"menu-item menu-item-type-post_type menu-item-object-page menu-item-67110 tc-menu-item tc-menu-depth-0 tc-menu-align-left tc-menu-layout-default\"><a href=\"https:\/\/www.ing.una.py\/FIUNA3\/?page_id=67103\" class=\"elementor-item\" class=\"tc-menu-inner\">Ingenier\u00eda Electromec\u00e1nica<\/a><\/li>\n<li class=\"menu-item menu-item-type-post_type menu-item-object-page menu-item-49407 tc-menu-item tc-menu-depth-0 tc-menu-align-left tc-menu-layout-default\"><a href=\"https:\/\/www.ing.una.py\/FIUNA3\/?page_id=49400\" class=\"elementor-item\" class=\"tc-menu-inner\">Plantel docente | Ingenier\u00eda Electromec\u00e1nica<\/a><\/li>\n<li class=\"menu-item menu-item-type-post_type menu-item-object-page menu-item-49361 tc-menu-item tc-menu-depth-0 tc-menu-align-left tc-menu-layout-default\"><a href=\"https:\/\/www.ing.una.py\/FIUNA3\/?page_id=25561\" class=\"elementor-item\" class=\"tc-menu-inner\">Horario de clases<\/a><\/li>\n<li class=\"menu-item menu-item-type-post_type menu-item-object-page menu-item-49362 tc-menu-item tc-menu-depth-0 tc-menu-align-left tc-menu-layout-default\"><a href=\"https:\/\/www.ing.una.py\/FIUNA3\/?page_id=26268\" class=\"elementor-item\" class=\"tc-menu-inner\">Horario de ex\u00e1menes<\/a><\/li>\n<li class=\"menu-item menu-item-type-taxonomy menu-item-object-category menu-item-67115 tc-menu-item tc-menu-depth-0 tc-menu-align-left tc-menu-layout-default\"><a href=\"https:\/\/www.ing.una.py\/FIUNA3\/?cat=855\" class=\"elementor-item\" class=\"tc-menu-inner\">TFG a presentarse Filial Ayolas<\/a><\/li>\n<li class=\"menu-item menu-item-type-taxonomy menu-item-object-category menu-item-67116 tc-menu-item tc-menu-depth-0 tc-menu-align-left tc-menu-layout-default\"><a href=\"https:\/\/www.ing.una.py\/FIUNA3\/?cat=856\" class=\"elementor-item\" class=\"tc-menu-inner\">TFG presentados Filial Ayolas<\/a><\/li>\n<li class=\"menu-item menu-item-type-taxonomy menu-item-object-category menu-item-49409 tc-menu-item tc-menu-depth-0 tc-menu-align-left tc-menu-layout-default\"><a href=\"https:\/\/www.ing.una.py\/FIUNA3\/?cat=491\" class=\"elementor-item\" class=\"tc-menu-inner\">Noticias relacionadas<\/a><\/li>\n<\/ul>\t\t\t<\/nav>\n\t\t\t\t\t<div class=\"elementor-menu-toggle\" role=\"button\" tabindex=\"0\" aria-label=\"Alternar men\u00fa\" aria-expanded=\"false\">\n\t\t\t<svg aria-hidden=\"true\" role=\"presentation\" class=\"elementor-menu-toggle__icon--open e-font-icon-svg e-eicon-menu-bar\" viewBox=\"0 0 1000 1000\" xmlns=\"http:\/\/www.w3.org\/2000\/svg\"><path d=\"M104 333H896C929 333 958 304 958 271S929 208 896 208H104C71 208 42 237 42 271S71 333 104 333ZM104 583H896C929 583 958 554 958 521S929 458 896 458H104C71 458 42 487 42 521S71 583 104 583ZM104 833H896C929 833 958 804 958 771S929 708 896 708H104C71 708 42 737 42 771S71 833 104 833Z\"><\/path><\/svg><svg aria-hidden=\"true\" role=\"presentation\" class=\"elementor-menu-toggle__icon--close e-font-icon-svg e-eicon-close\" viewBox=\"0 0 1000 1000\" xmlns=\"http:\/\/www.w3.org\/2000\/svg\"><path d=\"M742 167L500 408 258 167C246 154 233 150 217 150 196 150 179 158 167 167 154 179 150 196 150 212 150 229 154 242 171 254L408 500 167 742C138 771 138 800 167 829 196 858 225 858 254 829L496 587 738 829C750 842 767 846 783 846 800 846 817 842 829 829 842 817 846 804 846 783 846 767 842 750 829 737L588 500 833 258C863 229 863 200 833 171 804 137 775 137 742 167Z\"><\/path><\/svg>\t\t<\/div>\n\t\t\t\t\t<nav class=\"elementor-nav-menu--dropdown elementor-nav-menu__container\" aria-hidden=\"true\">\n\t\t\t\t<ul id=\"menu-2-c34a7b9\" class=\"elementor-nav-menu sm-vertical\"><li class=\"menu-item menu-item-type-post_type menu-item-object-page menu-item-49351 tc-menu-item tc-menu-depth-0 tc-menu-align-left tc-menu-layout-default\"><a href=\"https:\/\/www.ing.una.py\/FIUNA3\/?page_id=49336\" class=\"elementor-item\" tabindex=\"-1\" class=\"tc-menu-inner\">Inicio<\/a><\/li>\n<li class=\"menu-item menu-item-type-post_type menu-item-object-page menu-item-49390 tc-menu-item tc-menu-depth-0 tc-menu-align-left tc-menu-layout-default\"><a href=\"https:\/\/www.ing.una.py\/FIUNA3\/?page_id=49378\" class=\"elementor-item\" tabindex=\"-1\" class=\"tc-menu-inner\">Plantel docente | Ciclo b\u00e1sico<\/a><\/li>\n<li class=\"menu-item menu-item-type-post_type menu-item-object-page menu-item-66990 tc-menu-item tc-menu-depth-0 tc-menu-align-left tc-menu-layout-default\"><a href=\"https:\/\/www.ing.una.py\/FIUNA3\/?page_id=66975\" class=\"elementor-item\" tabindex=\"-1\" class=\"tc-menu-inner\">Ingenier\u00eda Civil<\/a><\/li>\n<li class=\"menu-item menu-item-type-post_type menu-item-object-page menu-item-49408 tc-menu-item tc-menu-depth-0 tc-menu-align-left tc-menu-layout-default\"><a href=\"https:\/\/www.ing.una.py\/FIUNA3\/?page_id=49391\" class=\"elementor-item\" tabindex=\"-1\" class=\"tc-menu-inner\">Plantel docente | Ingenier\u00eda Civil<\/a><\/li>\n<li class=\"menu-item menu-item-type-post_type menu-item-object-page menu-item-67110 tc-menu-item tc-menu-depth-0 tc-menu-align-left tc-menu-layout-default\"><a href=\"https:\/\/www.ing.una.py\/FIUNA3\/?page_id=67103\" class=\"elementor-item\" tabindex=\"-1\" class=\"tc-menu-inner\">Ingenier\u00eda Electromec\u00e1nica<\/a><\/li>\n<li class=\"menu-item menu-item-type-post_type menu-item-object-page menu-item-49407 tc-menu-item tc-menu-depth-0 tc-menu-align-left tc-menu-layout-default\"><a href=\"https:\/\/www.ing.una.py\/FIUNA3\/?page_id=49400\" class=\"elementor-item\" tabindex=\"-1\" class=\"tc-menu-inner\">Plantel docente | Ingenier\u00eda Electromec\u00e1nica<\/a><\/li>\n<li class=\"menu-item menu-item-type-post_type menu-item-object-page menu-item-49361 tc-menu-item tc-menu-depth-0 tc-menu-align-left tc-menu-layout-default\"><a href=\"https:\/\/www.ing.una.py\/FIUNA3\/?page_id=25561\" class=\"elementor-item\" tabindex=\"-1\" class=\"tc-menu-inner\">Horario de clases<\/a><\/li>\n<li class=\"menu-item menu-item-type-post_type menu-item-object-page menu-item-49362 tc-menu-item tc-menu-depth-0 tc-menu-align-left tc-menu-layout-default\"><a href=\"https:\/\/www.ing.una.py\/FIUNA3\/?page_id=26268\" class=\"elementor-item\" tabindex=\"-1\" class=\"tc-menu-inner\">Horario de ex\u00e1menes<\/a><\/li>\n<li class=\"menu-item menu-item-type-taxonomy menu-item-object-category menu-item-67115 tc-menu-item tc-menu-depth-0 tc-menu-align-left tc-menu-layout-default\"><a href=\"https:\/\/www.ing.una.py\/FIUNA3\/?cat=855\" class=\"elementor-item\" tabindex=\"-1\" class=\"tc-menu-inner\">TFG a presentarse Filial Ayolas<\/a><\/li>\n<li class=\"menu-item menu-item-type-taxonomy menu-item-object-category menu-item-67116 tc-menu-item tc-menu-depth-0 tc-menu-align-left tc-menu-layout-default\"><a href=\"https:\/\/www.ing.una.py\/FIUNA3\/?cat=856\" class=\"elementor-item\" tabindex=\"-1\" class=\"tc-menu-inner\">TFG presentados Filial Ayolas<\/a><\/li>\n<li class=\"menu-item menu-item-type-taxonomy menu-item-object-category menu-item-49409 tc-menu-item tc-menu-depth-0 tc-menu-align-left tc-menu-layout-default\"><a href=\"https:\/\/www.ing.una.py\/FIUNA3\/?cat=491\" class=\"elementor-item\" tabindex=\"-1\" class=\"tc-menu-inner\">Noticias relacionadas<\/a><\/li>\n<\/ul>\t\t\t<\/nav>\n\t\t\t\t\t\t<\/div>\n\t\t\t\t\t<\/div>\n\t\t<\/div>\n\t\t\t\t\t<\/div>\n\t\t<\/section>\n\t\t<div class=\"elementor-element elementor-element-949aabf e-flex e-con-boxed e-con e-parent\" data-id=\"949aabf\" data-element_type=\"container\" data-e-type=\"container\">\n\t\t\t\t\t<div class=\"e-con-inner\">\n\t\t\t\t<div class=\"elementor-element elementor-element-6f85755 elementor-widget-divider--view-line elementor-widget elementor-widget-divider\" data-id=\"6f85755\" data-element_type=\"widget\" data-e-type=\"widget\" data-widget_type=\"divider.default\">\n\t\t\t\t\t\t\t<div class=\"elementor-divider\">\n\t\t\t<span class=\"elementor-divider-separator\">\n\t\t\t\t\t\t<\/span>\n\t\t<\/div>\n\t\t\t\t\t\t<\/div>\n\t\t\t\t\t<\/div>\n\t\t\t\t<\/div>\n\t\t\t\t<section class=\"elementor-section elementor-top-section elementor-element elementor-element-62e714a elementor-section-boxed elementor-section-height-default elementor-section-height-default\" data-id=\"62e714a\" data-element_type=\"section\" data-e-type=\"section\">\n\t\t\t\t\t\t<div class=\"elementor-container elementor-column-gap-default\">\n\t\t\t\t\t<div class=\"elementor-column elementor-col-100 elementor-top-column elementor-element elementor-element-55839ad\" data-id=\"55839ad\" data-element_type=\"column\" data-e-type=\"column\">\n\t\t\t<div class=\"elementor-widget-wrap elementor-element-populated\">\n\t\t\t\t\t\t<div class=\"elementor-element elementor-element-8870bb7 elementor-widget elementor-widget-heading\" data-id=\"8870bb7\" data-element_type=\"widget\" data-e-type=\"widget\" data-widget_type=\"heading.default\">\n\t\t\t\t\t<h2 class=\"elementor-heading-title elementor-size-default\">Autoridades de la carrera<\/h2>\t\t\t\t<\/div>\n\t\t\t\t\t<\/div>\n\t\t<\/div>\n\t\t\t\t\t<\/div>\n\t\t<\/section>\n\t\t\t\t<section class=\"elementor-section elementor-top-section elementor-element elementor-element-8fb4118 elementor-section-boxed elementor-section-height-default elementor-section-height-default\" data-id=\"8fb4118\" data-element_type=\"section\" data-e-type=\"section\">\n\t\t\t\t\t\t<div class=\"elementor-container elementor-column-gap-default\">\n\t\t\t\t\t<div class=\"elementor-column elementor-col-100 elementor-top-column elementor-element elementor-element-1648bab\" data-id=\"1648bab\" data-element_type=\"column\" data-e-type=\"column\">\n\t\t\t<div class=\"elementor-widget-wrap elementor-element-populated\">\n\t\t\t\t\t\t<div class=\"elementor-element elementor-element-3be7c34 elementor-tabs-view-horizontal elementor-widget elementor-widget-tabs\" data-id=\"3be7c34\" data-element_type=\"widget\" data-e-type=\"widget\" data-widget_type=\"tabs.default\">\n\t\t\t\t\t\t\t<div class=\"elementor-tabs\">\n\t\t\t<div class=\"elementor-tabs-wrapper\" role=\"tablist\" >\n\t\t\t\t\t\t\t\t\t<div id=\"elementor-tab-title-6281\" class=\"elementor-tab-title elementor-tab-desktop-title\" aria-selected=\"true\" data-tab=\"1\" role=\"tab\" tabindex=\"0\" aria-controls=\"elementor-tab-content-6281\" aria-expanded=\"false\">Director acad\u00e9mico<\/div>\n\t\t\t\t\t\t\t\t\t<div id=\"elementor-tab-title-6282\" class=\"elementor-tab-title elementor-tab-desktop-title\" aria-selected=\"false\" data-tab=\"2\" role=\"tab\" tabindex=\"-1\" aria-controls=\"elementor-tab-content-6282\" aria-expanded=\"false\">Coordinadora de Grado<\/div>\n\t\t\t\t\t\t\t<\/div>\n\t\t\t<div class=\"elementor-tabs-content-wrapper\" role=\"tablist\" aria-orientation=\"vertical\">\n\t\t\t\t\t\t\t\t\t<div class=\"elementor-tab-title elementor-tab-mobile-title\" aria-selected=\"true\" data-tab=\"1\" role=\"tab\" tabindex=\"0\" aria-controls=\"elementor-tab-content-6281\" aria-expanded=\"false\">Director acad\u00e9mico<\/div>\n\t\t\t\t\t<div id=\"elementor-tab-content-6281\" class=\"elementor-tab-content elementor-clearfix\" data-tab=\"1\" role=\"tabpanel\" aria-labelledby=\"elementor-tab-title-6281\" tabindex=\"0\" hidden=\"false\"><h3><strong>Ing. Rub\u00e9n Orlando Ru\u00edz Morales<\/strong><\/h3><p><a href=\"mailto:rruiz@fiuna.edu.py\" target=\"_blank\" rel=\"noopener\">rruiz@fiuna.edu.py<\/a><\/p><\/div>\n\t\t\t\t\t\t\t\t\t<div class=\"elementor-tab-title elementor-tab-mobile-title\" aria-selected=\"false\" data-tab=\"2\" role=\"tab\" tabindex=\"-1\" aria-controls=\"elementor-tab-content-6282\" aria-expanded=\"false\">Coordinadora de Grado<\/div>\n\t\t\t\t\t<div id=\"elementor-tab-content-6282\" class=\"elementor-tab-content elementor-clearfix\" data-tab=\"2\" role=\"tabpanel\" aria-labelledby=\"elementor-tab-title-6282\" tabindex=\"0\" hidden=\"hidden\"><h3>Ing. Lucerito Araceli Arregui Estigarribia<\/h3><p><a href=\"mailto:lucearregui@fiuna.edu.py\" target=\"_blank\" rel=\"noopener\">lucearregui@fiuna.edu.py<\/a><\/p><p><strong>Coordinadora de Grado de la carrera de Ingenier\u00eda Civil \u2013 Filial Ayolas<\/strong><\/p><\/div>\n\t\t\t\t\t\t\t<\/div>\n\t\t<\/div>\n\t\t\t\t\t\t<\/div>\n\t\t\t\t\t<\/div>\n\t\t<\/div>\n\t\t\t\t\t<\/div>\n\t\t<\/section>\n\t\t\t\t<\/div>\n\t\t","protected":false},"excerpt":{"rendered":"<p>Ingenier\u00eda Civil Ingenier\u00eda Civil Objetivo General Formar ingenieros civiles generalistas, competentes para desempe\u00f1arse en el mercado regional, con aptitud para la formaci\u00f3n continua, con capacidad y actitud para realizar procesos de an\u00e1lisis y s\u00edntesis, razonamiento inductivo y deductivo, con pensamiento l\u00f3gico, creativo y esp\u00edritu de auto cr\u00edtica, dentro del marco \u00e9tico y legal, tomando en consideraci\u00f3n el mejoramiento de la calidad de vida y la preservaci\u00f3n del medio. Objetivos Espec\u00edficos Formar ingenieros civiles con profundos principios y m\u00e9todos cient\u00edficos que le permitan emplear adecuadamente las fuentes de energ\u00eda, principalmente la fuente h\u00eddrica y los materiales que existen en el medio. &hellip; <\/p>\n","protected":false},"author":1,"featured_media":0,"parent":49126,"menu_order":0,"comment_status":"closed","ping_status":"open","template":"","meta":{"_bbp_topic_count":0,"_bbp_reply_count":0,"_bbp_total_topic_count":0,"_bbp_total_reply_count":0,"_bbp_voice_count":0,"_bbp_anonymous_reply_count":0,"_bbp_topic_count_hidden":0,"_bbp_reply_count_hidden":0,"_bbp_forum_subforum_count":0,"advanced_seo_description":"","jetpack_seo_html_title":"","jetpack_seo_noindex":false,"jetpack_post_was_ever_published":false,"footnotes":""},"class_list":["post-66975","page","type-page","status-publish","hentry"],"jetpack_shortlink":"https:\/\/wp.me\/Pc8Odv-hqf","jetpack_likes_enabled":true,"jetpack_sharing_enabled":true,"jetpack-related-posts":[],"_links":{"self":[{"href":"https:\/\/www.ing.una.py\/FIUNA3\/index.php?rest_route=\/wp\/v2\/pages\/66975","targetHints":{"allow":["GET"]}}],"collection":[{"href":"https:\/\/www.ing.una.py\/FIUNA3\/index.php?rest_route=\/wp\/v2\/pages"}],"about":[{"href":"https:\/\/www.ing.una.py\/FIUNA3\/index.php?rest_route=\/wp\/v2\/types\/page"}],"author":[{"embeddable":true,"href":"https:\/\/www.ing.una.py\/FIUNA3\/index.php?rest_route=\/wp\/v2\/users\/1"}],"replies":[{"embeddable":true,"href":"https:\/\/www.ing.una.py\/FIUNA3\/index.php?rest_route=%2Fwp%2Fv2%2Fcomments&post=66975"}],"version-history":[{"count":29,"href":"https:\/\/www.ing.una.py\/FIUNA3\/index.php?rest_route=\/wp\/v2\/pages\/66975\/revisions"}],"predecessor-version":[{"id":72192,"href":"https:\/\/www.ing.una.py\/FIUNA3\/index.php?rest_route=\/wp\/v2\/pages\/66975\/revisions\/72192"}],"up":[{"embeddable":true,"href":"https:\/\/www.ing.una.py\/FIUNA3\/index.php?rest_route=\/wp\/v2\/pages\/49126"}],"wp:attachment":[{"href":"https:\/\/www.ing.una.py\/FIUNA3\/index.php?rest_route=%2Fwp%2Fv2%2Fmedia&parent=66975"}],"curies":[{"name":"wp","href":"https:\/\/api.w.org\/{rel}","templated":true}]}}