{"id":785,"date":"2012-02-07T12:45:33","date_gmt":"2012-02-07T12:45:33","guid":{"rendered":"http:\/\/200.10.231.240\/fiuna_wp\/?page_id=785"},"modified":"2024-11-13T10:22:37","modified_gmt":"2024-11-13T13:22:37","slug":"bachillerato-tecnico-industrial","status":"publish","type":"page","link":"https:\/\/www.ing.una.py\/FIUNA3\/?page_id=785","title":{"rendered":"Bachillerato T\u00e9cnico Industrial"},"content":{"rendered":"\t\t<div data-elementor-type=\"wp-page\" data-elementor-id=\"785\" class=\"elementor elementor-785\" data-elementor-post-type=\"page\">\n\t\t\t\t\t\t<section class=\"elementor-section elementor-top-section elementor-element elementor-element-cce83fa elementor-section-boxed elementor-section-height-default elementor-section-height-default\" data-id=\"cce83fa\" data-element_type=\"section\" data-e-type=\"section\">\n\t\t\t\t\t\t<div class=\"elementor-container elementor-column-gap-default\">\n\t\t\t\t\t<div class=\"elementor-column elementor-col-66 elementor-top-column elementor-element elementor-element-38ef482\" data-id=\"38ef482\" data-element_type=\"column\" data-e-type=\"column\">\n\t\t\t<div class=\"elementor-widget-wrap elementor-element-populated\">\n\t\t\t\t\t\t<div class=\"elementor-element elementor-element-c5c109a elementor-widget thim-ekits-heading elementor-widget-thim-heading\" data-id=\"c5c109a\" data-element_type=\"widget\" data-e-type=\"widget\" data-widget_type=\"thim-heading.default\">\n\t\t\t\t<div class=\"elementor-widget-container\">\n\t\t\t\t\t<div class=\"sc_heading\"><h3 class=\"title\">Instituto Paraguayo de Telecomunicaciones - IPT <\/h3><div class=\"sub-heading\"><p>Bachillerato T\u00e9cnico Industrial<\/p>\n<\/div><span class=\"line\"><\/span><\/div>\t\t\t\t<\/div>\n\t\t\t\t<\/div>\n\t\t\t\t<div class=\"elementor-element elementor-element-1bb9a4f3 elementor-widget elementor-widget-text-editor\" data-id=\"1bb9a4f3\" data-element_type=\"widget\" data-e-type=\"widget\" data-widget_type=\"text-editor.default\">\n\t\t\t\t\t\t\t\t\t<p><strong>El Instituto Paraguayo de Telecomunicaciones (IPT),<\/strong> es una Instituci\u00f3n de excelencia y tradici\u00f3n en la formaci\u00f3n de Bachilleres T\u00e9cnicos Industriales,\u00a0 dependiente de la <strong>Facultad de Ingenier\u00eda de la Universidad Nacional de Asunci\u00f3n (FIUNA)<\/strong><\/p><p>En el a\u00f1o 1972 fue autorizado por el Ministerio de Educaci\u00f3n y Cultura a impartir cursos de Nivel Medio, mediante el Bachillerato T\u00e9cnico Industrial en la Especialidad de Electr\u00f3nica.<\/p><p>Por <b>Resoluci\u00f3n N\u00ba 83 del 15\/03\/2010,<\/b> se autoriz\u00f3 la habilitaci\u00f3n del primer curso de la Educaci\u00f3n Media, del Bachillerato T\u00e9cnico Industrial en Construcciones Civiles.\u00a0<span style=\"color: var(--thim-font-body-color); font-weight: var(--thim-font-body-variant);\">Por <\/span><b style=\"color: var(--thim-font-body-color);\">Resoluci\u00f3n N\u00ba 151 del 14\/02\/2012<\/b><span style=\"color: var(--thim-font-body-color); font-weight: var(--thim-font-body-variant);\">, se autoriz\u00f3 la habilitaci\u00f3n del primer curso de la Educaci\u00f3n Media, del Bachillerato T\u00e9cnico Industrial en Mec\u00e1nica General.<\/span><\/p><p>Actualmente la Instituci\u00f3n cuenta con dos Secciones por curso en la especialidad de Electr\u00f3nica, una Secci\u00f3n por curso en las especialidades de Construcciones Civiles y Mec\u00e1nica General.<\/p><h3>Bachillerato T\u00e9cnico Industrial<\/h3><h4>Visi\u00f3n<\/h4><p>Ser una Instituci\u00f3n l\u00edder, reconocida por la formaci\u00f3n integral de personas, capaces de convivir solidariamente, sobresalir y afrontar con \u00e9xito las exigencias de estudios superiores y del campo laboral, caracterizados por los acelerados avances cient\u00edfico \u2013 tecnol\u00f3gicos en un mundo globalizado<\/p><h4>Misi\u00f3n<\/h4><p>Formar Bachilleres T\u00e9cnicos Industriales competentes para responder a las actuales condiciones laborales y afrontar con \u00e9xito las exigencias acad\u00e9micas de la Educaci\u00f3n Superior, especialmente aquellas vinculadas a la Ingenier\u00eda<\/p><h4>Finalidad<\/h4><p>El Instituto Paraguayo de Telecomunicaciones, busca la formaci\u00f3n de mujeres y varones, que en la construcci\u00f3n de su propia personalidad logren suficiente madurez humana, que les permita relacionarse comprensiva y solidariamente consigo mismo, con los dem\u00e1s, con la naturaleza y con Dios, en un di\u00e1logo transformador con el presente y el futuro de la sociedad a la que pertenecen, con los principios y valores en que esta se fundamenta.<\/p><h4>Valores<\/h4><ul><li>Responsabilidad<\/li><li>Servicio<\/li><li>Participaci\u00f3n<\/li><li>Respeto<\/li><li>Compromiso e Idoneidad<\/li><\/ul><h4>Cuenta con servicios de apoyo<\/h4><ul><li>Directora<\/li><li>Consejo de Padres \/ Consejo de Alumnos \/ Consejo de Profesores<\/li><li>Secretarias\/os<\/li><li>Coordinadora Pedag\u00f3gica<\/li><li>Psic\u00f3loga<\/li><li>Evaluadora<\/li><li>Profesores Gu\u00edas<\/li><li>Coordinadores de \u00c1reas<\/li><\/ul>\t\t\t\t\t\t\t\t<\/div>\n\t\t\t\t\t<\/div>\n\t\t<\/div>\n\t\t\t\t<div class=\"elementor-column elementor-col-33 elementor-top-column elementor-element elementor-element-e3205f6\" data-id=\"e3205f6\" data-element_type=\"column\" data-e-type=\"column\">\n\t\t\t<div class=\"elementor-widget-wrap elementor-element-populated\">\n\t\t\t\t\t\t<div class=\"elementor-element elementor-element-b54b777 elementor-widget elementor-widget-heading\" data-id=\"b54b777\" data-element_type=\"widget\" data-e-type=\"widget\" data-widget_type=\"heading.default\">\n\t\t\t\t\t<h3 class=\"elementor-heading-title elementor-size-default\">IPT<\/h3>\t\t\t\t<\/div>\n\t\t\t\t<div class=\"elementor-element elementor-element-b493dea elementor-nav-menu__align-start elementor-nav-menu--dropdown-mobile elementor-nav-menu__text-align-aside elementor-nav-menu--toggle elementor-nav-menu--burger elementor-widget elementor-widget-nav-menu\" data-id=\"b493dea\" data-element_type=\"widget\" data-e-type=\"widget\" data-settings=\"{&quot;layout&quot;:&quot;vertical&quot;,&quot;_animation&quot;:&quot;none&quot;,&quot;submenu_icon&quot;:{&quot;value&quot;:&quot;&lt;svg class=\\&quot;fa-svg-chevron-down e-font-icon-svg e-fas-chevron-down\\&quot; viewBox=\\&quot;0 0 448 512\\&quot; xmlns=\\&quot;http:\\\/\\\/www.w3.org\\\/2000\\\/svg\\&quot;&gt;&lt;path d=\\&quot;M207.029 381.476L12.686 187.132c-9.373-9.373-9.373-24.569 0-33.941l22.667-22.667c9.357-9.357 24.522-9.375 33.901-.04L224 284.505l154.745-154.021c9.379-9.335 24.544-9.317 33.901.04l22.667 22.667c9.373 9.373 9.373 24.569 0 33.941L240.971 381.476c-9.373 9.372-24.569 9.372-33.942 0z\\&quot;&gt;&lt;\\\/path&gt;&lt;\\\/svg&gt;&quot;,&quot;library&quot;:&quot;fa-solid&quot;},&quot;toggle&quot;:&quot;burger&quot;}\" data-widget_type=\"nav-menu.default\">\n\t\t\t\t\t\t\t\t<nav aria-label=\"Men\u00fa\" class=\"elementor-nav-menu--main elementor-nav-menu__container elementor-nav-menu--layout-vertical e--pointer-background e--animation-fade\">\n\t\t\t\t<ul id=\"menu-1-b493dea\" class=\"elementor-nav-menu sm-vertical\"><li class=\"menu-item menu-item-type-post_type menu-item-object-page menu-item-38291 tc-menu-item tc-menu-depth-0 tc-menu-align-left tc-menu-layout-default\"><a href=\"https:\/\/www.ing.una.py\/FIUNA3\/?page_id=4785\" class=\"elementor-item\" class=\"tc-menu-inner\">Admisi\u00f3n al IPT<\/a><\/li>\n<li class=\"menu-item menu-item-type-post_type menu-item-object-page menu-item-38292 tc-menu-item tc-menu-depth-0 tc-menu-align-left tc-menu-layout-default\"><a href=\"https:\/\/www.ing.una.py\/FIUNA3\/?page_id=785\" class=\"elementor-item\" class=\"tc-menu-inner\">Bachillerato T\u00e9cnico Industrial<\/a><\/li>\n<li class=\"menu-item menu-item-type-custom menu-item-object-custom menu-item-40985 tc-menu-item tc-menu-depth-0 tc-menu-align-left tc-menu-layout-default\"><a target=\"_blank\" href=\"http:\/\/www.ing.una.py\/pdf2016\/ipt-electronica.pdf\" class=\"elementor-item\" class=\"tc-menu-inner\">Dise\u00f1o Curricular | Electr\u00f3nica<\/a><\/li>\n<li class=\"menu-item menu-item-type-custom menu-item-object-custom menu-item-40986 tc-menu-item tc-menu-depth-0 tc-menu-align-left tc-menu-layout-default\"><a target=\"_blank\" href=\"http:\/\/www.ing.una.py\/pdf2016\/ipt-construcciones-civiles.pdf\" class=\"elementor-item\" class=\"tc-menu-inner\">Dise\u00f1o Curricular | Construcciones Civiles<\/a><\/li>\n<li class=\"menu-item menu-item-type-custom menu-item-object-custom menu-item-40987 tc-menu-item tc-menu-depth-0 tc-menu-align-left tc-menu-layout-default\"><a target=\"_blank\" href=\"http:\/\/www.ing.una.py\/pdf2016\/ipt-mecanica.pdf\" class=\"elementor-item\" class=\"tc-menu-inner\">Dise\u00f1o Curricular | Mec\u00e1nica Gral.<\/a><\/li>\n<li class=\"menu-item menu-item-type-post_type menu-item-object-page menu-item-38293 tc-menu-item tc-menu-depth-0 tc-menu-align-left tc-menu-layout-default\"><a href=\"https:\/\/www.ing.una.py\/FIUNA3\/?page_id=4789\" class=\"elementor-item\" class=\"tc-menu-inner\">Perfil global del Egresado<\/a><\/li>\n<li class=\"menu-item menu-item-type-post_type menu-item-object-page menu-item-38456 tc-menu-item tc-menu-depth-0 tc-menu-align-left tc-menu-layout-default\"><a href=\"https:\/\/www.ing.una.py\/FIUNA3\/?page_id=20041\" class=\"elementor-item\" class=\"tc-menu-inner\">Perfil del Bachiller T\u00e9c. en Electr\u00f3nica<\/a><\/li>\n<li class=\"menu-item menu-item-type-post_type menu-item-object-page menu-item-38457 tc-menu-item tc-menu-depth-0 tc-menu-align-left tc-menu-layout-default\"><a href=\"https:\/\/www.ing.una.py\/FIUNA3\/?page_id=20048\" class=\"elementor-item\" class=\"tc-menu-inner\">Perfil del Bachiller T\u00e9c. en Construcciones Civiles<\/a><\/li>\n<li class=\"menu-item menu-item-type-post_type menu-item-object-page menu-item-38458 tc-menu-item tc-menu-depth-0 tc-menu-align-left tc-menu-layout-default\"><a href=\"https:\/\/www.ing.una.py\/FIUNA3\/?page_id=20055\" class=\"elementor-item\" class=\"tc-menu-inner\">Perfil del Bachiller T\u00e9c. en Mec\u00e1nica General<\/a><\/li>\n<li class=\"menu-item menu-item-type-post_type menu-item-object-page menu-item-38454 tc-menu-item tc-menu-depth-0 tc-menu-align-left tc-menu-layout-default\"><a href=\"https:\/\/www.ing.una.py\/FIUNA3\/?page_id=20023\" class=\"elementor-item\" class=\"tc-menu-inner\">Acuerdos y compromisos \u00e9ticos<\/a><\/li>\n<li class=\"menu-item menu-item-type-post_type menu-item-object-page menu-item-38297 tc-menu-item tc-menu-depth-0 tc-menu-align-left tc-menu-layout-default\"><a href=\"https:\/\/www.ing.una.py\/FIUNA3\/?page_id=38144\" class=\"elementor-item\" class=\"tc-menu-inner\">Principios y fundamentos<\/a><\/li>\n<li class=\"menu-item menu-item-type-custom menu-item-object-custom menu-item-38616 tc-menu-item tc-menu-depth-0 tc-menu-align-left tc-menu-layout-default\"><a target=\"_blank\" href=\"http:\/\/www.ing.una.py\/resoluciones2018\/Res81-2018Normas-de-Convivencia2018.pdf\" class=\"elementor-item\" class=\"tc-menu-inner\">Reglamento de convivencia<\/a><\/li>\n<li class=\"menu-item menu-item-type-post_type menu-item-object-page menu-item-38298 tc-menu-item tc-menu-depth-0 tc-menu-align-left tc-menu-layout-default\"><a href=\"https:\/\/www.ing.una.py\/FIUNA3\/?page_id=38145\" class=\"elementor-item\" class=\"tc-menu-inner\">Objetivos Generales y Espec\u00edficos<\/a><\/li>\n<li class=\"menu-item menu-item-type-taxonomy menu-item-object-category menu-item-38511 tc-menu-item tc-menu-depth-0 tc-menu-align-left tc-menu-layout-default\"><a href=\"https:\/\/www.ing.una.py\/FIUNA3\/?cat=98\" class=\"elementor-item\" class=\"tc-menu-inner\">Noticias del IPT<\/a><\/li>\n<\/ul>\t\t\t<\/nav>\n\t\t\t\t\t<div class=\"elementor-menu-toggle\" role=\"button\" tabindex=\"0\" aria-label=\"Alternar men\u00fa\" aria-expanded=\"false\">\n\t\t\t<svg aria-hidden=\"true\" role=\"presentation\" class=\"elementor-menu-toggle__icon--open e-font-icon-svg e-eicon-menu-bar\" viewBox=\"0 0 1000 1000\" xmlns=\"http:\/\/www.w3.org\/2000\/svg\"><path d=\"M104 333H896C929 333 958 304 958 271S929 208 896 208H104C71 208 42 237 42 271S71 333 104 333ZM104 583H896C929 583 958 554 958 521S929 458 896 458H104C71 458 42 487 42 521S71 583 104 583ZM104 833H896C929 833 958 804 958 771S929 708 896 708H104C71 708 42 737 42 771S71 833 104 833Z\"><\/path><\/svg><svg aria-hidden=\"true\" role=\"presentation\" class=\"elementor-menu-toggle__icon--close e-font-icon-svg e-eicon-close\" viewBox=\"0 0 1000 1000\" xmlns=\"http:\/\/www.w3.org\/2000\/svg\"><path d=\"M742 167L500 408 258 167C246 154 233 150 217 150 196 150 179 158 167 167 154 179 150 196 150 212 150 229 154 242 171 254L408 500 167 742C138 771 138 800 167 829 196 858 225 858 254 829L496 587 738 829C750 842 767 846 783 846 800 846 817 842 829 829 842 817 846 804 846 783 846 767 842 750 829 737L588 500 833 258C863 229 863 200 833 171 804 137 775 137 742 167Z\"><\/path><\/svg>\t\t<\/div>\n\t\t\t\t\t<nav class=\"elementor-nav-menu--dropdown elementor-nav-menu__container\" aria-hidden=\"true\">\n\t\t\t\t<ul id=\"menu-2-b493dea\" class=\"elementor-nav-menu sm-vertical\"><li class=\"menu-item menu-item-type-post_type menu-item-object-page menu-item-38291 tc-menu-item tc-menu-depth-0 tc-menu-align-left tc-menu-layout-default\"><a href=\"https:\/\/www.ing.una.py\/FIUNA3\/?page_id=4785\" class=\"elementor-item\" tabindex=\"-1\" class=\"tc-menu-inner\">Admisi\u00f3n al IPT<\/a><\/li>\n<li class=\"menu-item menu-item-type-post_type menu-item-object-page menu-item-38292 tc-menu-item tc-menu-depth-0 tc-menu-align-left tc-menu-layout-default\"><a href=\"https:\/\/www.ing.una.py\/FIUNA3\/?page_id=785\" class=\"elementor-item\" tabindex=\"-1\" class=\"tc-menu-inner\">Bachillerato T\u00e9cnico Industrial<\/a><\/li>\n<li class=\"menu-item menu-item-type-custom menu-item-object-custom menu-item-40985 tc-menu-item tc-menu-depth-0 tc-menu-align-left tc-menu-layout-default\"><a target=\"_blank\" href=\"http:\/\/www.ing.una.py\/pdf2016\/ipt-electronica.pdf\" class=\"elementor-item\" tabindex=\"-1\" class=\"tc-menu-inner\">Dise\u00f1o Curricular | Electr\u00f3nica<\/a><\/li>\n<li class=\"menu-item menu-item-type-custom menu-item-object-custom menu-item-40986 tc-menu-item tc-menu-depth-0 tc-menu-align-left tc-menu-layout-default\"><a target=\"_blank\" href=\"http:\/\/www.ing.una.py\/pdf2016\/ipt-construcciones-civiles.pdf\" class=\"elementor-item\" tabindex=\"-1\" class=\"tc-menu-inner\">Dise\u00f1o Curricular | Construcciones Civiles<\/a><\/li>\n<li class=\"menu-item menu-item-type-custom menu-item-object-custom menu-item-40987 tc-menu-item tc-menu-depth-0 tc-menu-align-left tc-menu-layout-default\"><a target=\"_blank\" href=\"http:\/\/www.ing.una.py\/pdf2016\/ipt-mecanica.pdf\" class=\"elementor-item\" tabindex=\"-1\" class=\"tc-menu-inner\">Dise\u00f1o Curricular | Mec\u00e1nica Gral.<\/a><\/li>\n<li class=\"menu-item menu-item-type-post_type menu-item-object-page menu-item-38293 tc-menu-item tc-menu-depth-0 tc-menu-align-left tc-menu-layout-default\"><a href=\"https:\/\/www.ing.una.py\/FIUNA3\/?page_id=4789\" class=\"elementor-item\" tabindex=\"-1\" class=\"tc-menu-inner\">Perfil global del Egresado<\/a><\/li>\n<li class=\"menu-item menu-item-type-post_type menu-item-object-page menu-item-38456 tc-menu-item tc-menu-depth-0 tc-menu-align-left tc-menu-layout-default\"><a href=\"https:\/\/www.ing.una.py\/FIUNA3\/?page_id=20041\" class=\"elementor-item\" tabindex=\"-1\" class=\"tc-menu-inner\">Perfil del Bachiller T\u00e9c. en Electr\u00f3nica<\/a><\/li>\n<li class=\"menu-item menu-item-type-post_type menu-item-object-page menu-item-38457 tc-menu-item tc-menu-depth-0 tc-menu-align-left tc-menu-layout-default\"><a href=\"https:\/\/www.ing.una.py\/FIUNA3\/?page_id=20048\" class=\"elementor-item\" tabindex=\"-1\" class=\"tc-menu-inner\">Perfil del Bachiller T\u00e9c. en Construcciones Civiles<\/a><\/li>\n<li class=\"menu-item menu-item-type-post_type menu-item-object-page menu-item-38458 tc-menu-item tc-menu-depth-0 tc-menu-align-left tc-menu-layout-default\"><a href=\"https:\/\/www.ing.una.py\/FIUNA3\/?page_id=20055\" class=\"elementor-item\" tabindex=\"-1\" class=\"tc-menu-inner\">Perfil del Bachiller T\u00e9c. en Mec\u00e1nica General<\/a><\/li>\n<li class=\"menu-item menu-item-type-post_type menu-item-object-page menu-item-38454 tc-menu-item tc-menu-depth-0 tc-menu-align-left tc-menu-layout-default\"><a href=\"https:\/\/www.ing.una.py\/FIUNA3\/?page_id=20023\" class=\"elementor-item\" tabindex=\"-1\" class=\"tc-menu-inner\">Acuerdos y compromisos \u00e9ticos<\/a><\/li>\n<li class=\"menu-item menu-item-type-post_type menu-item-object-page menu-item-38297 tc-menu-item tc-menu-depth-0 tc-menu-align-left tc-menu-layout-default\"><a href=\"https:\/\/www.ing.una.py\/FIUNA3\/?page_id=38144\" class=\"elementor-item\" tabindex=\"-1\" class=\"tc-menu-inner\">Principios y fundamentos<\/a><\/li>\n<li class=\"menu-item menu-item-type-custom menu-item-object-custom menu-item-38616 tc-menu-item tc-menu-depth-0 tc-menu-align-left tc-menu-layout-default\"><a target=\"_blank\" href=\"http:\/\/www.ing.una.py\/resoluciones2018\/Res81-2018Normas-de-Convivencia2018.pdf\" class=\"elementor-item\" tabindex=\"-1\" class=\"tc-menu-inner\">Reglamento de convivencia<\/a><\/li>\n<li class=\"menu-item menu-item-type-post_type menu-item-object-page menu-item-38298 tc-menu-item tc-menu-depth-0 tc-menu-align-left tc-menu-layout-default\"><a href=\"https:\/\/www.ing.una.py\/FIUNA3\/?page_id=38145\" class=\"elementor-item\" tabindex=\"-1\" class=\"tc-menu-inner\">Objetivos Generales y Espec\u00edficos<\/a><\/li>\n<li class=\"menu-item menu-item-type-taxonomy menu-item-object-category menu-item-38511 tc-menu-item tc-menu-depth-0 tc-menu-align-left tc-menu-layout-default\"><a href=\"https:\/\/www.ing.una.py\/FIUNA3\/?cat=98\" class=\"elementor-item\" tabindex=\"-1\" class=\"tc-menu-inner\">Noticias del IPT<\/a><\/li>\n<\/ul>\t\t\t<\/nav>\n\t\t\t\t\t\t<\/div>\n\t\t\t\t<div class=\"elementor-element elementor-element-72efd7d elementor-widget elementor-widget-image\" data-id=\"72efd7d\" data-element_type=\"widget\" data-e-type=\"widget\" data-widget_type=\"image.default\">\n\t\t\t\t\t\t\t\t\t\t\t\t\t\t\t<img decoding=\"async\" src=\"http:\/\/www.ing.una.py\/FIUNA3\/wp-content\/uploads\/2020\/10\/Admision-IPT-2021.jpg\" title=\"\" alt=\"\" loading=\"lazy\" \/>\t\t\t\t\t\t\t\t\t\t\t\t\t\t\t<\/div>\n\t\t\t\t\t<\/div>\n\t\t<\/div>\n\t\t\t\t\t<\/div>\n\t\t<\/section>\n\t\t\t\t<section class=\"elementor-section elementor-top-section elementor-element elementor-element-72620a6 elementor-section-boxed elementor-section-height-default elementor-section-height-default\" data-id=\"72620a6\" data-element_type=\"section\" data-e-type=\"section\">\n\t\t\t\t\t\t<div class=\"elementor-container elementor-column-gap-default\">\n\t\t\t\t\t<div class=\"elementor-column elementor-col-50 elementor-top-column elementor-element elementor-element-6018a57\" data-id=\"6018a57\" data-element_type=\"column\" data-e-type=\"column\">\n\t\t\t<div class=\"elementor-widget-wrap elementor-element-populated\">\n\t\t\t\t\t\t<div class=\"elementor-element elementor-element-29ac58c elementor-widget elementor-widget-heading\" data-id=\"29ac58c\" data-element_type=\"widget\" data-e-type=\"widget\" data-widget_type=\"heading.default\">\n\t\t\t\t\t<h2 class=\"elementor-heading-title elementor-size-default\">Contacto<\/h2>\t\t\t\t<\/div>\n\t\t\t\t<div class=\"elementor-element elementor-element-a9c6677 elementor-widget elementor-widget-text-editor\" data-id=\"a9c6677\" data-element_type=\"widget\" data-e-type=\"widget\" data-widget_type=\"text-editor.default\">\n\t\t\t\t\t\t\t\t\t<p><a title=\"Email\" href=\"mailto:bt@ing.una.py\" target=\"_blank\" rel=\"noopener\">bt@ing.una.py<\/a><br \/>021 328 0485<\/p><div class=\"rnd_content-center\"><h4><strong>Horario de atenci\u00f3n<\/strong><\/h4><\/div><p>07:30 a 15:00 hs<\/p>\t\t\t\t\t\t\t\t<\/div>\n\t\t\t\t\t<\/div>\n\t\t<\/div>\n\t\t\t\t<div class=\"elementor-column elementor-col-50 elementor-top-column elementor-element elementor-element-514b613\" data-id=\"514b613\" data-element_type=\"column\" data-e-type=\"column\">\n\t\t\t<div class=\"elementor-widget-wrap elementor-element-populated\">\n\t\t\t\t\t\t<div class=\"elementor-element elementor-element-ec8430c elementor-widget elementor-widget-heading\" data-id=\"ec8430c\" data-element_type=\"widget\" data-e-type=\"widget\" data-widget_type=\"heading.default\">\n\t\t\t\t\t<h2 class=\"elementor-heading-title elementor-size-default\">Ubicaci\u00f3n<\/h2>\t\t\t\t<\/div>\n\t\t\t\t<div class=\"elementor-element elementor-element-6a97fd2 elementor-widget elementor-widget-text-editor\" data-id=\"6a97fd2\" data-element_type=\"widget\" data-e-type=\"widget\" data-widget_type=\"text-editor.default\">\n\t\t\t\t\t\t\t\t\t<p>Campo V\u00eda y Puerto Pinasco , Isla Bogado, Luque.<\/p>\t\t\t\t\t\t\t\t<\/div>\n\t\t\t\t<div class=\"elementor-element elementor-element-28c9d5a elementor-widget elementor-widget-google_maps\" data-id=\"28c9d5a\" data-element_type=\"widget\" data-e-type=\"widget\" data-widget_type=\"google_maps.default\">\n\t\t\t\t\t\t\t<div class=\"elementor-custom-embed\">\n\t\t\t<iframe loading=\"lazy\"\n\t\t\t\t\tsrc=\"https:\/\/maps.google.com\/maps?q=CITEC%2C%20Isla%20Bogado%2C%20Luque&#038;t=m&#038;z=10&#038;output=embed&#038;iwloc=near\"\n\t\t\t\t\ttitle=\"CITEC, Isla Bogado, Luque\"\n\t\t\t\t\taria-label=\"CITEC, Isla Bogado, Luque\"\n\t\t\t><\/iframe>\n\t\t<\/div>\n\t\t\t\t\t\t<\/div>\n\t\t\t\t\t<\/div>\n\t\t<\/div>\n\t\t\t\t\t<\/div>\n\t\t<\/section>\n\t\t\t\t<\/div>\n\t\t","protected":false},"excerpt":{"rendered":"<p>Instituto Paraguayo de Telecomunicaciones &#8211; IPT Bachillerato T\u00e9cnico Industrial El Instituto Paraguayo de Telecomunicaciones (IPT), es una Instituci\u00f3n de excelencia y tradici\u00f3n en la formaci\u00f3n de Bachilleres T\u00e9cnicos Industriales,\u00a0 dependiente de la Facultad de Ingenier\u00eda de la Universidad Nacional de Asunci\u00f3n (FIUNA) En el a\u00f1o 1972 fue autorizado por el Ministerio de Educaci\u00f3n y Cultura a impartir cursos de Nivel Medio, mediante el Bachillerato T\u00e9cnico Industrial en la Especialidad de Electr\u00f3nica. Por Resoluci\u00f3n N\u00ba 83 del 15\/03\/2010, se autoriz\u00f3 la habilitaci\u00f3n del primer curso de la Educaci\u00f3n Media, del Bachillerato T\u00e9cnico Industrial en Construcciones Civiles.\u00a0Por Resoluci\u00f3n N\u00ba 151 del 14\/02\/2012, &hellip; <\/p>\n","protected":false},"author":1,"featured_media":0,"parent":0,"menu_order":0,"comment_status":"closed","ping_status":"closed","template":"","meta":{"_bbp_topic_count":0,"_bbp_reply_count":0,"_bbp_total_topic_count":0,"_bbp_total_reply_count":0,"_bbp_voice_count":0,"_bbp_anonymous_reply_count":0,"_bbp_topic_count_hidden":0,"_bbp_reply_count_hidden":0,"_bbp_forum_subforum_count":0,"footnotes":""},"class_list":["post-785","page","type-page","status-publish","hentry"],"_links":{"self":[{"href":"https:\/\/www.ing.una.py\/FIUNA3\/index.php?rest_route=\/wp\/v2\/pages\/785","targetHints":{"allow":["GET"]}}],"collection":[{"href":"https:\/\/www.ing.una.py\/FIUNA3\/index.php?rest_route=\/wp\/v2\/pages"}],"about":[{"href":"https:\/\/www.ing.una.py\/FIUNA3\/index.php?rest_route=\/wp\/v2\/types\/page"}],"author":[{"embeddable":true,"href":"https:\/\/www.ing.una.py\/FIUNA3\/index.php?rest_route=\/wp\/v2\/users\/1"}],"replies":[{"embeddable":true,"href":"https:\/\/www.ing.una.py\/FIUNA3\/index.php?rest_route=%2Fwp%2Fv2%2Fcomments&post=785"}],"version-history":[{"count":9,"href":"https:\/\/www.ing.una.py\/FIUNA3\/index.php?rest_route=\/wp\/v2\/pages\/785\/revisions"}],"predecessor-version":[{"id":73015,"href":"https:\/\/www.ing.una.py\/FIUNA3\/index.php?rest_route=\/wp\/v2\/pages\/785\/revisions\/73015"}],"wp:attachment":[{"href":"https:\/\/www.ing.una.py\/FIUNA3\/index.php?rest_route=%2Fwp%2Fv2%2Fmedia&parent=785"}],"curies":[{"name":"wp","href":"https:\/\/api.w.org\/{rel}","templated":true}]}}